{"id":37097,"date":"2024-04-10T15:48:05","date_gmt":"2024-04-10T13:48:05","guid":{"rendered":"https:\/\/parm.com\/hosting\/"},"modified":"2026-03-02T16:18:39","modified_gmt":"2026-03-02T15:18:39","slug":"hosting","status":"publish","type":"page","link":"https:\/\/parm.com\/pl\/hosting\/","title":{"rendered":"Hosting"},"content":{"rendered":"\n<div class=\"et_pb_section_0 et_pb_section et_section_regular et_block_section et_animated\"><div class=\"et_pb_row_0 et_pb_row et_block_row\"><div class=\"et_pb_column_0 et_pb_column et_pb_column_4_4 et-last-child et_block_column et_pb_css_mix_blend_mode_passthrough\"><div class=\"et_pb_text_0 et_pb_text et_pb_bg_layout_light et_pb_module et_block_module preset--module--divi-text--default\"><div class=\"et_pb_text_inner\"><h1 style=\"text-align: left;\"><strong>Hosting<\/strong><strong><span style=\"color: #c01e2b;\"><\/span><\/strong><\/h1>\n<p><span style=\"font-size: large;\">Wszechstronny pakiet <\/span><\/p>\n<\/div><\/div><\/div><\/div><\/div><div class=\"et_pb_section_1 et_pb_section et_section_regular et_block_section\"><div class=\"et_pb_row_1 et_pb_row et_block_row\"><div class=\"et_pb_column_1 et_pb_column et_pb_column_1_2 et_block_column et_pb_css_mix_blend_mode_passthrough\"><div class=\"et_pb_text_1 et_pb_text et_pb_bg_layout_light et_pb_module et_block_module preset--module--divi-text--default\"><div class=\"et_pb_text_inner\"><h2>NASZA OFERTA<\/h2>\n<p>Je\u015bli chcesz zaoszcz\u0119dzi\u0107 cenny czas pracy i koszty inwestycji we w\u0142asn\u0105 infrastruktur\u0119 IT podczas korzystania z rozwi\u0105za\u0144 do zarz\u0105dzania projektami, z przyjemno\u015bci\u0105 oferujemy r\u00f3wnie\u017c nasze rozwi\u0105zania programowe hostowane w chmurze.<\/p>\n<p>Na przyk\u0142ad, mo\u017cesz wynaj\u0105\u0107 myPARM zgodnie z zasad\u0105 Software-as-a-Service (SaaS). Obejmuje to zapewnienie oprogramowania do zarz\u0105dzania projektami na serwerze, a tak\u017ce zadania administracyjne, takie jak regularne tworzenie kopii zapasowych danych, aktualizacje i monitorowanie wydajno\u015bci. Dane u\u017cytkownika znajduj\u0105 si\u0119 w prywatnym wirtualnym centrum danych (PVDC), co oznacza, \u017ce s\u0105 one przechowywane w zindywidualizowanym, prywatnym i bezpiecznym \u015brodowisku.<\/p>\n<\/div><\/div><\/div><div class=\"et_pb_column_2 et_pb_column et_pb_column_1_2 et-last-child et_block_column et_pb_css_mix_blend_mode_passthrough\"><div class=\"et_pb_text_2 et_pb_text et_pb_bg_layout_light et_pb_module et_block_module preset--module--divi-text--default\"><div class=\"et_pb_text_inner\"><h2>TWOJE ZALETY<\/h2>\n<ul>\n<li>Dane w \u015brodowisku prywatnym w Szwajcarii lub Niemczech<\/li>\n<li>Wysoce stabilne \u015brodowisko, maksymalna dost\u0119pno\u015b\u0107 dzi\u0119ki technologii chmury<\/li>\n<li>Mniej wymaganego personelu IT (oszcz\u0119dno\u015b\u0107 do 30%)<\/li>\n<li>Kopia zapasowa, bezpiecze\u0144stwo danych<\/li>\n<li>Brak wysokich koszt\u00f3w inwestycyjnych (nie jest wymagana droga infrastruktura serwerowa)<\/li>\n<li>Koncentrujesz si\u0119 na swoich kluczowych kompetencjach<\/li>\n<li>P\u0142a\u0107 tylko za to, czego naprawd\u0119 potrzebujesz<\/li>\n<li>Oprogramowanie jest zawsze aktualne<\/li>\n<li>Poprawiona wydajno\u015b\u0107<\/li>\n<li>Dost\u0119pno\u015b\u0107 serwera jest gwarantowana przez ca\u0142y czas<\/li>\n<li>Dynamiczne dostosowywanie zasob\u00f3w IT do rozwoju biznesu<\/li>\n<\/ul>\n<\/div><\/div><div class=\"et_pb_image_0 et_pb_image et_pb_module et_block_module\"><span class=\"et_pb_image_wrap\"><img decoding=\"async\" src=\"https:\/\/new-site.parm.com\/wp-content\/uploads\/2022\/03\/sms-sh-logo-2h-72dpi-rgb.png\" \/><\/span><\/div><\/div><\/div><div class=\"et_pb_row_2 et_pb_row et_block_row\"><div class=\"et_pb_column_3 et_pb_column et_pb_column_4_4 et-last-child et_block_column et_pb_css_mix_blend_mode_passthrough\"><div class=\"et_pb_text_3 et_pb_text et_pb_bg_layout_light et_pb_module et_block_module preset--module--divi-text--default\"><div class=\"et_pb_text_inner\"><p>Nasze oprogramowanie mo\u017ce by\u0107 obs\u0142ugiwane lokalnie (on-premise) lub hostowane.<\/p>\n<\/div><\/div><div class=\"et_pb_code_0 et_pb_code et_pb_module\"><div class=\"et_pb_code_inner\">\n<table id=\"tablepress-11\" class=\"tablepress tablepress-id-11\">\n<thead>\n<tr class=\"row-1\">\n\t<th class=\"column-1\">Us\u0142uga<\/th><th class=\"column-2\">On-Premise<\/th><th class=\"column-3\">Hosting (IaaS)<\/th><th class=\"column-4\">SaaS\/PaaS<\/th>\n<\/tr>\n<\/thead>\n<tbody class=\"row-striping row-hover\">\n<tr class=\"row-2\">\n\t<td class=\"column-1\">Opis <\/td><td class=\"column-2\">- Wszystko dostarczane przez klienta <br \/>\n- Odpowiedzialno\u015b\u0107 za sprz\u0119t i oprogramowanie po stronie klienta<\/td><td class=\"column-3\">- Outsourcing sprz\u0119tu <br \/>\n- Oprogramowanie na odpowiedzialno\u015b\u0107 klienta<\/td><td class=\"column-4\">Klient otrzymuje funkcje oprogramowania za po\u015brednictwem \"gniazda\"<\/td>\n<\/tr>\n<tr class=\"row-3\">\n\t<td class=\"column-1\">Cechy:<\/td><td class=\"column-2\"><\/td><td class=\"column-3\"><\/td><td class=\"column-4\"><\/td>\n<\/tr>\n<tr class=\"row-4\">\n\t<td class=\"column-1\">- Licencje SW<\/td><td class=\"column-2\">Jednorazowe lub wynajmowane<\/td><td class=\"column-3\">Jednorazowe lub wynajmowane<\/td><td class=\"column-4\">Wynajmowane<\/td>\n<\/tr>\n<tr class=\"row-5\">\n\t<td class=\"column-1\">- Sprz\u0119t<\/td><td class=\"column-2\">Klient\t<\/td><td class=\"column-3\">Hoster<\/td><td class=\"column-4\">Parm<\/td>\n<\/tr>\n<tr class=\"row-6\">\n\t<td class=\"column-1\">- Infrastruktura <\/td><td class=\"column-2\">Klient\t<\/td><td class=\"column-3\">Hoster<\/td><td class=\"column-4\">Parm<\/td>\n<\/tr>\n<tr class=\"row-7\">\n\t<td class=\"column-1\">- Utrzymanie oprogramowania<\/td><td class=\"column-2\">Klient\t<\/td><td class=\"column-3\">Klient\t<\/td><td class=\"column-4\">Parm<\/td>\n<\/tr>\n<tr class=\"row-8\">\n\t<td class=\"column-1\">Stabilno\u015b\u0107 i bezpiecze\u0144stwo<\/td><td class=\"column-2\">W zale\u017cno\u015bci od \u015brodowiska serwerowego klienta<\/td><td class=\"column-3\">W zale\u017cno\u015bci od wybranego hostera i umowy SLA (Service Level Agreement) <\/td><td class=\"column-4\">Profesjonalne\/nowoczesne centrum danych, mo\u017cliwo\u015b\u0107 zarz\u0105dzania i wsparcia w trybie 24h\/7 dni w tygodniu przez ca\u0142y rok, automatyczne systemy ga\u015bnicze, rygorystyczne wytyczne dotycz\u0105ce bezpiecze\u0144stwa, nieprzerwane zasilanie wspierane przez generatory diesla. System pami\u0119ci masowej jest redundantny, a kopie zapasowe s\u0105 wykonywane regularnie.<\/td>\n<\/tr>\n<tr class=\"row-9\">\n\t<td class=\"column-1\">Dost\u0119pno\u015b\u0107 <\/td><td class=\"column-2\">W zale\u017cno\u015bci od \u015brodowiska serwerowego i sieciowego klienta<\/td><td class=\"column-3\">W zale\u017cno\u015bci od wybranego hostera i umowy SLA<\/td><td class=\"column-4\">Wysoka dost\u0119pno\u015b\u0107 operacji, profesjonalne centrum danych warstwy 4, dost\u0119pno\u015b\u0107 funkcji oprogramowania jest gwarantowana przez ca\u0142y czas<\/td>\n<\/tr>\n<tr class=\"row-10\">\n\t<td class=\"column-1\">Wsparcie <\/td><td class=\"column-2\">W zale\u017cno\u015bci od klienta<\/td><td class=\"column-3\">W zale\u017cno\u015bci od wybranego hostera i SLA <\/td><td class=\"column-4\">Numer alarmowy w pilnych przypadkach, wsparcie desktopowe 24h\/7 dni w tygodniu przez ca\u0142y rok, system ticket\u00f3w, \u015bledzenie incydent\u00f3w, specjali\u015bci IT i oprogramowania dost\u0119pni w najkr\u00f3tszym mo\u017cliwym czasie<\/td>\n<\/tr>\n<tr class=\"row-11\">\n\t<td class=\"column-1\">Wewn\u0119trzny personel IT<\/td><td class=\"column-2\">Potrzebni specjali\u015bci z rozleg\u0142ym know-how <\/td><td class=\"column-3\">ewn\u0119trzny administrator systemu mo\u017ce by\u0107 przydatny<\/td><td class=\"column-4\">W Nie jest wymagany wewn\u0119trzny personel IT<\/td>\n<\/tr>\n<tr class=\"row-12\">\n\t<td class=\"column-1\">Skalowalno\u015b\u0107 <\/td><td class=\"column-2\">W zale\u017cno\u015bci od \u015brodowiska serwerowego klienta zasoby<\/td><td class=\"column-3\">Zasoby IT s\u0105 skalowalne pod k\u0105tem rozwoju biznesu<\/td><td class=\"column-4\">Zasoby IT s\u0105 automatycznie skalowane w trybie dynamicznym (gwarancja wydajno\u015bci)<\/td>\n<\/tr>\n<\/tbody>\n<\/table>\n<!-- #tablepress-11 from cache --><\/div><\/div><\/div><\/div><\/div>\n","protected":false},"excerpt":{"rendered":"<p>Chcesz odci\u0105\u017cy\u0107 sw\u00f3j wewn\u0119trzny dzia\u0142 IT i unikn\u0105\u0107 wysokich koszt\u00f3w inwestycji? Oferujemy hosting myPARM w chmurze.<\/p>\n","protected":false},"author":1,"featured_media":37098,"parent":0,"menu_order":0,"comment_status":"closed","ping_status":"closed","template":"","meta":{"footnotes":""},"class_list":["post-37097","page","type-page","status-publish","has-post-thumbnail","hentry"],"yoast_head":"<!-- This site is optimized with the Yoast SEO plugin v27.5 - https:\/\/yoast.com\/product\/yoast-seo-wordpress\/ -->\n<title>Hosting from myPARM | Parm AG<\/title>\n<meta name=\"description\" content=\"Chcesz odci\u0105\u017cy\u0107 sw\u00f3j wewn\u0119trzny dzia\u0142 IT i unikn\u0105\u0107 wysokich koszt\u00f3w inwestycji? Oferujemy hosting myPARM w chmurze.\" \/>\n<meta name=\"robots\" content=\"index, follow, max-snippet:-1, max-image-preview:large, max-video-preview:-1\" \/>\n<link rel=\"canonical\" href=\"https:\/\/parm.com\/pl\/hosting\/\" \/>\n<meta property=\"og:locale\" content=\"pl_PL\" \/>\n<meta property=\"og:type\" content=\"article\" \/>\n<meta property=\"og:title\" content=\"Oszcz\u0119dno\u015b\u0107 czasu pracy i koszt\u00f3w inwestycji dzi\u0119ki myPARM\" \/>\n<meta property=\"og:description\" content=\"Chcesz odci\u0105\u017cy\u0107 sw\u00f3j wewn\u0119trzny dzia\u0142 IT i unikn\u0105\u0107 wysokich koszt\u00f3w inwestycji? Oferujemy hosting myPARM w chmurze.\" \/>\n<meta property=\"og:url\" content=\"https:\/\/parm.com\/pl\/hosting\/\" \/>\n<meta property=\"og:site_name\" content=\"Parm AG\" \/>\n<meta property=\"article:publisher\" content=\"https:\/\/www.facebook.com\/myparm\" \/>\n<meta property=\"article:modified_time\" content=\"2026-03-02T15:18:39+00:00\" \/>\n<meta property=\"og:image\" content=\"https:\/\/parm.com\/wp-content\/uploads\/2022\/06\/Hosting.png\" \/>\n<meta name=\"twitter:card\" content=\"summary_large_image\" \/>\n<meta name=\"twitter:title\" content=\"Oszcz\u0119dno\u015b\u0107 czasu pracy i koszt\u00f3w inwestycji dzi\u0119ki myPARM\" \/>\n<meta name=\"twitter:description\" content=\"Chcesz odci\u0105\u017cy\u0107 sw\u00f3j wewn\u0119trzny dzia\u0142 IT i unikn\u0105\u0107 wysokich koszt\u00f3w inwestycji? Oferujemy hosting myPARM w chmurze.\" \/>\n<meta name=\"twitter:image\" content=\"https:\/\/parm.com\/wp-content\/uploads\/2022\/06\/Hosting.png\" \/>\n<script type=\"application\/ld+json\" class=\"yoast-schema-graph\">{\"@context\":\"https:\\\/\\\/schema.org\",\"@graph\":[{\"@type\":\"WebPage\",\"@id\":\"https:\\\/\\\/parm.com\\\/pl\\\/hosting\\\/\",\"url\":\"https:\\\/\\\/parm.com\\\/pl\\\/hosting\\\/\",\"name\":\"Hosting from myPARM | Parm AG\",\"isPartOf\":{\"@id\":\"https:\\\/\\\/parm.com\\\/pl\\\/#website\"},\"primaryImageOfPage\":{\"@id\":\"https:\\\/\\\/parm.com\\\/pl\\\/hosting\\\/#primaryimage\"},\"image\":{\"@id\":\"https:\\\/\\\/parm.com\\\/pl\\\/hosting\\\/#primaryimage\"},\"thumbnailUrl\":\"https:\\\/\\\/parm.com\\\/wp-content\\\/uploads\\\/2022\\\/06\\\/Hosting.png\",\"datePublished\":\"2024-04-10T13:48:05+00:00\",\"dateModified\":\"2026-03-02T15:18:39+00:00\",\"description\":\"Chcesz odci\u0105\u017cy\u0107 sw\u00f3j wewn\u0119trzny dzia\u0142 IT i unikn\u0105\u0107 wysokich koszt\u00f3w inwestycji? Oferujemy hosting myPARM w chmurze.\",\"breadcrumb\":{\"@id\":\"https:\\\/\\\/parm.com\\\/pl\\\/hosting\\\/#breadcrumb\"},\"inLanguage\":\"pl-PL\",\"potentialAction\":[{\"@type\":\"ReadAction\",\"target\":[\"https:\\\/\\\/parm.com\\\/pl\\\/hosting\\\/\"]}]},{\"@type\":\"ImageObject\",\"inLanguage\":\"pl-PL\",\"@id\":\"https:\\\/\\\/parm.com\\\/pl\\\/hosting\\\/#primaryimage\",\"url\":\"https:\\\/\\\/parm.com\\\/wp-content\\\/uploads\\\/2022\\\/06\\\/Hosting.png\",\"contentUrl\":\"https:\\\/\\\/parm.com\\\/wp-content\\\/uploads\\\/2022\\\/06\\\/Hosting.png\",\"width\":1080,\"height\":720,\"caption\":\"Hosting\"},{\"@type\":\"BreadcrumbList\",\"@id\":\"https:\\\/\\\/parm.com\\\/pl\\\/hosting\\\/#breadcrumb\",\"itemListElement\":[{\"@type\":\"ListItem\",\"position\":1,\"name\":\"Startseite\",\"item\":\"https:\\\/\\\/parm.com\\\/pl\\\/\"},{\"@type\":\"ListItem\",\"position\":2,\"name\":\"Hosting\"}]},{\"@type\":\"WebSite\",\"@id\":\"https:\\\/\\\/parm.com\\\/pl\\\/#website\",\"url\":\"https:\\\/\\\/parm.com\\\/pl\\\/\",\"name\":\"Parm AG\",\"description\":\"Successful projects. Swiss quality. Software f\u00fcr Projektmanagement\",\"publisher\":{\"@id\":\"https:\\\/\\\/parm.com\\\/pl\\\/#organization\"},\"alternateName\":\"Parm\",\"potentialAction\":[{\"@type\":\"SearchAction\",\"target\":{\"@type\":\"EntryPoint\",\"urlTemplate\":\"https:\\\/\\\/parm.com\\\/pl\\\/?s={search_term_string}\"},\"query-input\":{\"@type\":\"PropertyValueSpecification\",\"valueRequired\":true,\"valueName\":\"search_term_string\"}}],\"inLanguage\":\"pl-PL\"},{\"@type\":\"Organization\",\"@id\":\"https:\\\/\\\/parm.com\\\/pl\\\/#organization\",\"name\":\"Parm AG\",\"alternateName\":\"Parm\",\"url\":\"https:\\\/\\\/parm.com\\\/pl\\\/\",\"logo\":{\"@type\":\"ImageObject\",\"inLanguage\":\"pl-PL\",\"@id\":\"https:\\\/\\\/parm.com\\\/pl\\\/#\\\/schema\\\/logo\\\/image\\\/\",\"url\":\"https:\\\/\\\/parm.com\\\/wp-content\\\/uploads\\\/2021\\\/11\\\/Parm_Logo_blue_RGB.png\",\"contentUrl\":\"https:\\\/\\\/parm.com\\\/wp-content\\\/uploads\\\/2021\\\/11\\\/Parm_Logo_blue_RGB.png\",\"width\":908,\"height\":228,\"caption\":\"Parm AG\"},\"image\":{\"@id\":\"https:\\\/\\\/parm.com\\\/pl\\\/#\\\/schema\\\/logo\\\/image\\\/\"},\"sameAs\":[\"https:\\\/\\\/www.facebook.com\\\/myparm\",\"https:\\\/\\\/www.linkedin.com\\\/company\\\/parm-ag\",\"https:\\\/\\\/www.xing.com\\\/pages\\\/parmag\"]}]}<\/script>\n<!-- \/ Yoast SEO plugin. -->","yoast_head_json":{"title":"Hosting from myPARM | Parm AG","description":"Chcesz odci\u0105\u017cy\u0107 sw\u00f3j wewn\u0119trzny dzia\u0142 IT i unikn\u0105\u0107 wysokich koszt\u00f3w inwestycji? Oferujemy hosting myPARM w chmurze.","robots":{"index":"index","follow":"follow","max-snippet":"max-snippet:-1","max-image-preview":"max-image-preview:large","max-video-preview":"max-video-preview:-1"},"canonical":"https:\/\/parm.com\/pl\/hosting\/","og_locale":"pl_PL","og_type":"article","og_title":"Oszcz\u0119dno\u015b\u0107 czasu pracy i koszt\u00f3w inwestycji dzi\u0119ki myPARM","og_description":"Chcesz odci\u0105\u017cy\u0107 sw\u00f3j wewn\u0119trzny dzia\u0142 IT i unikn\u0105\u0107 wysokich koszt\u00f3w inwestycji? Oferujemy hosting myPARM w chmurze.","og_url":"https:\/\/parm.com\/pl\/hosting\/","og_site_name":"Parm AG","article_publisher":"https:\/\/www.facebook.com\/myparm","article_modified_time":"2026-03-02T15:18:39+00:00","og_image":[{"url":"https:\/\/parm.com\/wp-content\/uploads\/2022\/06\/Hosting.png","type":"","width":"","height":""}],"twitter_card":"summary_large_image","twitter_title":"Oszcz\u0119dno\u015b\u0107 czasu pracy i koszt\u00f3w inwestycji dzi\u0119ki myPARM","twitter_description":"Chcesz odci\u0105\u017cy\u0107 sw\u00f3j wewn\u0119trzny dzia\u0142 IT i unikn\u0105\u0107 wysokich koszt\u00f3w inwestycji? Oferujemy hosting myPARM w chmurze.","twitter_image":"https:\/\/parm.com\/wp-content\/uploads\/2022\/06\/Hosting.png","schema":{"@context":"https:\/\/schema.org","@graph":[{"@type":"WebPage","@id":"https:\/\/parm.com\/pl\/hosting\/","url":"https:\/\/parm.com\/pl\/hosting\/","name":"Hosting from myPARM | Parm AG","isPartOf":{"@id":"https:\/\/parm.com\/pl\/#website"},"primaryImageOfPage":{"@id":"https:\/\/parm.com\/pl\/hosting\/#primaryimage"},"image":{"@id":"https:\/\/parm.com\/pl\/hosting\/#primaryimage"},"thumbnailUrl":"https:\/\/parm.com\/wp-content\/uploads\/2022\/06\/Hosting.png","datePublished":"2024-04-10T13:48:05+00:00","dateModified":"2026-03-02T15:18:39+00:00","description":"Chcesz odci\u0105\u017cy\u0107 sw\u00f3j wewn\u0119trzny dzia\u0142 IT i unikn\u0105\u0107 wysokich koszt\u00f3w inwestycji? Oferujemy hosting myPARM w chmurze.","breadcrumb":{"@id":"https:\/\/parm.com\/pl\/hosting\/#breadcrumb"},"inLanguage":"pl-PL","potentialAction":[{"@type":"ReadAction","target":["https:\/\/parm.com\/pl\/hosting\/"]}]},{"@type":"ImageObject","inLanguage":"pl-PL","@id":"https:\/\/parm.com\/pl\/hosting\/#primaryimage","url":"https:\/\/parm.com\/wp-content\/uploads\/2022\/06\/Hosting.png","contentUrl":"https:\/\/parm.com\/wp-content\/uploads\/2022\/06\/Hosting.png","width":1080,"height":720,"caption":"Hosting"},{"@type":"BreadcrumbList","@id":"https:\/\/parm.com\/pl\/hosting\/#breadcrumb","itemListElement":[{"@type":"ListItem","position":1,"name":"Startseite","item":"https:\/\/parm.com\/pl\/"},{"@type":"ListItem","position":2,"name":"Hosting"}]},{"@type":"WebSite","@id":"https:\/\/parm.com\/pl\/#website","url":"https:\/\/parm.com\/pl\/","name":"Parm AG","description":"Successful projects. Swiss quality. Software f\u00fcr Projektmanagement","publisher":{"@id":"https:\/\/parm.com\/pl\/#organization"},"alternateName":"Parm","potentialAction":[{"@type":"SearchAction","target":{"@type":"EntryPoint","urlTemplate":"https:\/\/parm.com\/pl\/?s={search_term_string}"},"query-input":{"@type":"PropertyValueSpecification","valueRequired":true,"valueName":"search_term_string"}}],"inLanguage":"pl-PL"},{"@type":"Organization","@id":"https:\/\/parm.com\/pl\/#organization","name":"Parm AG","alternateName":"Parm","url":"https:\/\/parm.com\/pl\/","logo":{"@type":"ImageObject","inLanguage":"pl-PL","@id":"https:\/\/parm.com\/pl\/#\/schema\/logo\/image\/","url":"https:\/\/parm.com\/wp-content\/uploads\/2021\/11\/Parm_Logo_blue_RGB.png","contentUrl":"https:\/\/parm.com\/wp-content\/uploads\/2021\/11\/Parm_Logo_blue_RGB.png","width":908,"height":228,"caption":"Parm AG"},"image":{"@id":"https:\/\/parm.com\/pl\/#\/schema\/logo\/image\/"},"sameAs":["https:\/\/www.facebook.com\/myparm","https:\/\/www.linkedin.com\/company\/parm-ag","https:\/\/www.xing.com\/pages\/parmag"]}]}},"_links":{"self":[{"href":"https:\/\/parm.com\/pl\/wp-json\/wp\/v2\/pages\/37097","targetHints":{"allow":["GET"]}}],"collection":[{"href":"https:\/\/parm.com\/pl\/wp-json\/wp\/v2\/pages"}],"about":[{"href":"https:\/\/parm.com\/pl\/wp-json\/wp\/v2\/types\/page"}],"author":[{"embeddable":true,"href":"https:\/\/parm.com\/pl\/wp-json\/wp\/v2\/users\/1"}],"replies":[{"embeddable":true,"href":"https:\/\/parm.com\/pl\/wp-json\/wp\/v2\/comments?post=37097"}],"version-history":[{"count":4,"href":"https:\/\/parm.com\/pl\/wp-json\/wp\/v2\/pages\/37097\/revisions"}],"predecessor-version":[{"id":246188,"href":"https:\/\/parm.com\/pl\/wp-json\/wp\/v2\/pages\/37097\/revisions\/246188"}],"wp:featuredmedia":[{"embeddable":true,"href":"https:\/\/parm.com\/pl\/wp-json\/wp\/v2\/media\/37098"}],"wp:attachment":[{"href":"https:\/\/parm.com\/pl\/wp-json\/wp\/v2\/media?parent=37097"}],"curies":[{"name":"wp","href":"https:\/\/api.w.org\/{rel}","templated":true}]}}