{"id":37079,"date":"2024-04-10T15:47:41","date_gmt":"2024-04-10T13:47:41","guid":{"rendered":"https:\/\/parm.com\/nadruk\/"},"modified":"2026-03-02T16:18:35","modified_gmt":"2026-03-02T15:18:35","slug":"kontakt","status":"publish","type":"page","link":"https:\/\/parm.com\/pl\/kontakt\/","title":{"rendered":"Kontakt"},"content":{"rendered":"\n<div class=\"et_pb_section_0 et_pb_section et_section_regular et_block_section\"><div class=\"et_pb_row_0 et_pb_row et_block_row\"><div class=\"et_pb_column_0 et_pb_column et_pb_column_4_4 et-last-child et_block_column et_pb_css_mix_blend_mode_passthrough\"><div class=\"et_pb_text_0 et_pb_text et_pb_bg_layout_light et_pb_module et_block_module preset--module--divi-text--default\"><div class=\"et_pb_text_inner\"><h2>Adres kontaktowy<\/h2>\n<p>Parm AG<br \/>Bahnhofstrasse 31<br \/>8280 Kreuzlingen<br \/>Szwajcaria<\/p>\n<p>Osoby upowa\u017cnione do reprezentowania sp\u00f3\u0142ki<br \/>Jean-Luc Cornaz<br \/>Przewodnicz\u0105cy rady zarz\u0105du<\/p>\n<p>Martin Sommer<br \/>CEO<\/p>\n<h2>Wpis do rejestru handlowego<\/h2>\n<p>Zarejestrowana nazwa sp\u00f3\u0142ki: Parm AG<br \/>Numer: CH-320.3.041.123-4<br \/>Urz\u0105d Rejestru Handlowego: Thurgau<\/p>\n<h2>NUMER PODATKOWY<\/h2>\n<p>CHE-108.463.901<\/p>\n<h2>Zastrze\u017cenie<\/h2>\n<p>Autor nie ponosi \u017cadnej odpowiedzialno\u015bci za poprawno\u015b\u0107, dok\u0142adno\u015b\u0107, aktualno\u015b\u0107, wiarygodno\u015b\u0107 i kompletno\u015b\u0107 informacji.<br \/>Roszczenia z tytu\u0142u odpowiedzialno\u015bci wobec autora za szkody materialne lub niematerialne wynikaj\u0105ce z dost\u0119pu, wykorzystania lub niewykorzystania opublikowanych informacji, niew\u0142a\u015bciwego po\u0142\u0105czenia lub usterek technicznych s\u0105 wykluczone. Wszystkie oferty s\u0105 niewi\u0105\u017c\u0105ce. Autor wyra\u017anie zastrzega sobie prawo do zmiany, uzupe\u0142nienia lub usuni\u0119cia cz\u0119\u015bci stron lub ca\u0142ej oferty bez uprzedniego powiadomienia lub do zaprzestania publikacji tymczasowo lub na sta\u0142e.<\/p>\n<h2>Odpowiedzialno\u015b\u0107 za linki<\/h2>\n<p>Odniesienia i linki do stron internetowych os\u00f3b trzecich znajduj\u0105 si\u0119 poza zakresem naszej odpowiedzialno\u015bci. Nie ponosimy odpowiedzialno\u015bci za takie strony internetowe. U\u017cytkownik uzyskuje dost\u0119p do takich stron internetowych i korzysta z nich na w\u0142asne ryzyko.<\/p>\n<h2>Prawa autorskie<\/h2>\n<p>Prawa autorskie i wszelkie inne prawa do tre\u015bci, obraz\u00f3w, zdj\u0119\u0107 lub innych plik\u00f3w na stronie internetowej nale\u017c\u0105 wy\u0142\u0105cznie do Parm AG lub konkretnych w\u0142a\u015bcicieli praw. Powielanie jakichkolwiek element\u00f3w wymaga uprzedniej pisemnej zgody w\u0142a\u015bciciela praw autorskich.<\/p>\n<\/div><\/div><\/div><\/div><\/div>\n","protected":false},"excerpt":{"rendered":"","protected":false},"author":1,"featured_media":0,"parent":0,"menu_order":0,"comment_status":"closed","ping_status":"closed","template":"","meta":{"footnotes":""},"class_list":["post-37079","page","type-page","status-publish","hentry"],"yoast_head":"<!-- This site is optimized with the Yoast SEO plugin v27.5 - https:\/\/yoast.com\/product\/yoast-seo-wordpress\/ -->\n<title>Kontakt | Parm AG<\/title>\n<meta name=\"robots\" content=\"noindex, nofollow\" \/>\n<meta property=\"og:locale\" content=\"pl_PL\" \/>\n<meta property=\"og:type\" content=\"article\" \/>\n<meta property=\"og:title\" content=\"Kontakt | Parm AG\" \/>\n<meta property=\"og:url\" content=\"https:\/\/parm.com\/pl\/kontakt\/\" \/>\n<meta property=\"og:site_name\" content=\"Parm AG\" \/>\n<meta property=\"article:publisher\" content=\"https:\/\/www.facebook.com\/myparm\" \/>\n<meta property=\"article:modified_time\" content=\"2026-03-02T15:18:35+00:00\" \/>\n<meta name=\"twitter:card\" content=\"summary_large_image\" \/>\n<script type=\"application\/ld+json\" class=\"yoast-schema-graph\">{\"@context\":\"https:\\\/\\\/schema.org\",\"@graph\":[{\"@type\":\"WebPage\",\"@id\":\"https:\\\/\\\/parm.com\\\/pl\\\/kontakt\\\/\",\"url\":\"https:\\\/\\\/parm.com\\\/pl\\\/kontakt\\\/\",\"name\":\"Kontakt | Parm AG\",\"isPartOf\":{\"@id\":\"https:\\\/\\\/parm.com\\\/pl\\\/#website\"},\"datePublished\":\"2024-04-10T13:47:41+00:00\",\"dateModified\":\"2026-03-02T15:18:35+00:00\",\"breadcrumb\":{\"@id\":\"https:\\\/\\\/parm.com\\\/pl\\\/kontakt\\\/#breadcrumb\"},\"inLanguage\":\"pl-PL\",\"potentialAction\":[{\"@type\":\"ReadAction\",\"target\":[\"https:\\\/\\\/parm.com\\\/pl\\\/kontakt\\\/\"]}]},{\"@type\":\"BreadcrumbList\",\"@id\":\"https:\\\/\\\/parm.com\\\/pl\\\/kontakt\\\/#breadcrumb\",\"itemListElement\":[{\"@type\":\"ListItem\",\"position\":1,\"name\":\"Startseite\",\"item\":\"https:\\\/\\\/parm.com\\\/pl\\\/\"},{\"@type\":\"ListItem\",\"position\":2,\"name\":\"Kontakt\"}]},{\"@type\":\"WebSite\",\"@id\":\"https:\\\/\\\/parm.com\\\/pl\\\/#website\",\"url\":\"https:\\\/\\\/parm.com\\\/pl\\\/\",\"name\":\"Parm AG\",\"description\":\"Successful projects. Swiss quality. Software f\u00fcr Projektmanagement\",\"publisher\":{\"@id\":\"https:\\\/\\\/parm.com\\\/pl\\\/#organization\"},\"alternateName\":\"Parm\",\"potentialAction\":[{\"@type\":\"SearchAction\",\"target\":{\"@type\":\"EntryPoint\",\"urlTemplate\":\"https:\\\/\\\/parm.com\\\/pl\\\/?s={search_term_string}\"},\"query-input\":{\"@type\":\"PropertyValueSpecification\",\"valueRequired\":true,\"valueName\":\"search_term_string\"}}],\"inLanguage\":\"pl-PL\"},{\"@type\":\"Organization\",\"@id\":\"https:\\\/\\\/parm.com\\\/pl\\\/#organization\",\"name\":\"Parm AG\",\"alternateName\":\"Parm\",\"url\":\"https:\\\/\\\/parm.com\\\/pl\\\/\",\"logo\":{\"@type\":\"ImageObject\",\"inLanguage\":\"pl-PL\",\"@id\":\"https:\\\/\\\/parm.com\\\/pl\\\/#\\\/schema\\\/logo\\\/image\\\/\",\"url\":\"https:\\\/\\\/parm.com\\\/wp-content\\\/uploads\\\/2021\\\/11\\\/Parm_Logo_blue_RGB.png\",\"contentUrl\":\"https:\\\/\\\/parm.com\\\/wp-content\\\/uploads\\\/2021\\\/11\\\/Parm_Logo_blue_RGB.png\",\"width\":908,\"height\":228,\"caption\":\"Parm AG\"},\"image\":{\"@id\":\"https:\\\/\\\/parm.com\\\/pl\\\/#\\\/schema\\\/logo\\\/image\\\/\"},\"sameAs\":[\"https:\\\/\\\/www.facebook.com\\\/myparm\",\"https:\\\/\\\/www.linkedin.com\\\/company\\\/parm-ag\",\"https:\\\/\\\/www.xing.com\\\/pages\\\/parmag\"]}]}<\/script>\n<!-- \/ Yoast SEO plugin. -->","yoast_head_json":{"title":"Kontakt | Parm AG","robots":{"index":"noindex","follow":"nofollow"},"og_locale":"pl_PL","og_type":"article","og_title":"Kontakt | Parm AG","og_url":"https:\/\/parm.com\/pl\/kontakt\/","og_site_name":"Parm AG","article_publisher":"https:\/\/www.facebook.com\/myparm","article_modified_time":"2026-03-02T15:18:35+00:00","twitter_card":"summary_large_image","schema":{"@context":"https:\/\/schema.org","@graph":[{"@type":"WebPage","@id":"https:\/\/parm.com\/pl\/kontakt\/","url":"https:\/\/parm.com\/pl\/kontakt\/","name":"Kontakt | Parm AG","isPartOf":{"@id":"https:\/\/parm.com\/pl\/#website"},"datePublished":"2024-04-10T13:47:41+00:00","dateModified":"2026-03-02T15:18:35+00:00","breadcrumb":{"@id":"https:\/\/parm.com\/pl\/kontakt\/#breadcrumb"},"inLanguage":"pl-PL","potentialAction":[{"@type":"ReadAction","target":["https:\/\/parm.com\/pl\/kontakt\/"]}]},{"@type":"BreadcrumbList","@id":"https:\/\/parm.com\/pl\/kontakt\/#breadcrumb","itemListElement":[{"@type":"ListItem","position":1,"name":"Startseite","item":"https:\/\/parm.com\/pl\/"},{"@type":"ListItem","position":2,"name":"Kontakt"}]},{"@type":"WebSite","@id":"https:\/\/parm.com\/pl\/#website","url":"https:\/\/parm.com\/pl\/","name":"Parm AG","description":"Successful projects. Swiss quality. Software f\u00fcr Projektmanagement","publisher":{"@id":"https:\/\/parm.com\/pl\/#organization"},"alternateName":"Parm","potentialAction":[{"@type":"SearchAction","target":{"@type":"EntryPoint","urlTemplate":"https:\/\/parm.com\/pl\/?s={search_term_string}"},"query-input":{"@type":"PropertyValueSpecification","valueRequired":true,"valueName":"search_term_string"}}],"inLanguage":"pl-PL"},{"@type":"Organization","@id":"https:\/\/parm.com\/pl\/#organization","name":"Parm AG","alternateName":"Parm","url":"https:\/\/parm.com\/pl\/","logo":{"@type":"ImageObject","inLanguage":"pl-PL","@id":"https:\/\/parm.com\/pl\/#\/schema\/logo\/image\/","url":"https:\/\/parm.com\/wp-content\/uploads\/2021\/11\/Parm_Logo_blue_RGB.png","contentUrl":"https:\/\/parm.com\/wp-content\/uploads\/2021\/11\/Parm_Logo_blue_RGB.png","width":908,"height":228,"caption":"Parm AG"},"image":{"@id":"https:\/\/parm.com\/pl\/#\/schema\/logo\/image\/"},"sameAs":["https:\/\/www.facebook.com\/myparm","https:\/\/www.linkedin.com\/company\/parm-ag","https:\/\/www.xing.com\/pages\/parmag"]}]}},"_links":{"self":[{"href":"https:\/\/parm.com\/pl\/wp-json\/wp\/v2\/pages\/37079","targetHints":{"allow":["GET"]}}],"collection":[{"href":"https:\/\/parm.com\/pl\/wp-json\/wp\/v2\/pages"}],"about":[{"href":"https:\/\/parm.com\/pl\/wp-json\/wp\/v2\/types\/page"}],"author":[{"embeddable":true,"href":"https:\/\/parm.com\/pl\/wp-json\/wp\/v2\/users\/1"}],"replies":[{"embeddable":true,"href":"https:\/\/parm.com\/pl\/wp-json\/wp\/v2\/comments?post=37079"}],"version-history":[{"count":4,"href":"https:\/\/parm.com\/pl\/wp-json\/wp\/v2\/pages\/37079\/revisions"}],"predecessor-version":[{"id":246186,"href":"https:\/\/parm.com\/pl\/wp-json\/wp\/v2\/pages\/37079\/revisions\/246186"}],"wp:attachment":[{"href":"https:\/\/parm.com\/pl\/wp-json\/wp\/v2\/media?parent=37079"}],"curies":[{"name":"wp","href":"https:\/\/api.w.org\/{rel}","templated":true}]}}