{"id":37061,"date":"2024-04-10T15:47:00","date_gmt":"2024-04-10T13:47:00","guid":{"rendered":"https:\/\/parm.com\/integracja-i-przygotowanie-danych\/"},"modified":"2026-03-23T14:58:30","modified_gmt":"2026-03-23T13:58:30","slug":"integracja-i-przygotowanie-danych","status":"publish","type":"page","link":"https:\/\/parm.com\/pl\/business-intelligence\/integracja-i-przygotowanie-danych\/","title":{"rendered":"Integracja i przygotowanie danych"},"content":{"rendered":"\n<div class=\"et_pb_section_0 et_pb_section et_section_regular et_block_section et_animated\"><div class=\"et_pb_row_0 et_pb_row et_block_row\"><div class=\"et_pb_column_0 et_pb_column et_pb_column_4_4 et-last-child et_block_column et_pb_css_mix_blend_mode_passthrough\"><div class=\"et_pb_text_0 et_pb_text et_pb_bg_layout_light et_pb_module et_block_module preset--module--divi-text--default\"><div class=\"et_pb_text_inner\" data-et-mv-hidden-tablet=\"true\" data-et-mv-hidden-phone=\"true\"><h1 style=\"text-align: left;\"><strong>Integracja i przygotowanie danych<br \/><span style=\"color: #c01e2b;\">zgodnie z indywidualnymi wymaganiami<\/span>.<span style=\"color: #c01e2b;\"><br \/><\/span><\/strong><\/h1>\n<\/div><\/div><\/div><\/div><div class=\"et_pb_row_1 et_pb_row et_block_row\"><div class=\"et_pb_column_1 et_pb_column et_pb_column_3_5 et_block_column et_pb_css_mix_blend_mode_passthrough\"><div class=\"et_pb_text_1 et_pb_text et_pb_bg_layout_light et_pb_module et_block_module preset--module--divi-text--default\"><div class=\"et_pb_text_inner\"><h2>Dostarczanie i uzupe\u0142nianie danych<\/h2>\n<\/div><\/div><div class=\"et_pb_blurb_0 et_pb_blurb et_pb_bg_layout_light et_pb_blurb_position_left et_pb_module et_block_module\"><div class=\"et_pb_blurb_content\"><div class=\"et_pb_main_blurb_image\"><span class=\"et_pb_image_wrap\"><span class=\"et-pb-icon\">R<\/span><\/span><\/div><div class=\"et_pb_blurb_container\"><div class=\"et_pb_blurb_description\"><p><strong>Prosty import danych istotnych dla decyzji<\/strong><\/p>\n<\/div><\/div><\/div><\/div><div class=\"et_pb_blurb_1 et_pb_blurb et_pb_bg_layout_light et_pb_blurb_position_left et_pb_module et_block_module\"><div class=\"et_pb_blurb_content\"><div class=\"et_pb_main_blurb_image\"><span class=\"et_pb_image_wrap\"><span class=\"et-pb-icon\">R<\/span><\/span><\/div><div class=\"et_pb_blurb_container\"><div class=\"et_pb_blurb_description\"><p><strong>Proste raporty i analizy dzi\u0119ki samoobs\u0142ugowemu BI<\/strong><\/p>\n<\/div><\/div><\/div><\/div><div class=\"et_pb_blurb_2 et_pb_blurb et_pb_bg_layout_light et_pb_blurb_position_left et_pb_module et_block_module\"><div class=\"et_pb_blurb_content\"><div class=\"et_pb_main_blurb_image\"><span class=\"et_pb_image_wrap\"><span class=\"et-pb-icon\">R<\/span><\/span><\/div><div class=\"et_pb_blurb_container\"><div class=\"et_pb_blurb_description\"><p><strong>Elastyczne przechowywanie i obs\u0142uga danych<\/strong><\/p>\n<\/div><\/div><\/div><\/div><\/div><div class=\"et_pb_column_2 et_pb_column et_pb_column_2_5 et-last-child et_block_column et_pb_column_empty et_pb_css_mix_blend_mode_passthrough\"><\/div><\/div><\/div><div class=\"et_pb_section_1 et_pb_section et_section_regular et_block_section\"><div class=\"et_pb_row_2 et_pb_row et_block_row\"><div class=\"et_pb_column_3 et_pb_column et_pb_column_4_4 et-last-child et_block_column et_pb_css_mix_blend_mode_passthrough\"><div class=\"et_pb_text_2 et_pb_text et_pb_bg_layout_light et_pb_module et_block_module et_pb_text_align_center preset--module--divi-text--default\"><div class=\"et_pb_text_inner\"><h2 style=\"text-align: left;\"><span style=\"color: #1b3e90;\">Elastyczna integracja danych<\/span><br \/><span style=\"color: #1b3e90;\">Proste przygotowanie danych<\/span><\/h2>\n<p style=\"text-align: left;\">Skorzystaj z licznych interfejs\u00f3w, aby zaimportowa\u0107 istotne dla decyzji dane i uzupe\u0142ni\u0107 je r\u0119cznie wprowadzonymi informacjami, takimi jak dane planowane, rzeczywiste lub inne, kt\u00f3re nie s\u0105 jeszcze dost\u0119pne w \u017cadnych systemach peryferyjnych. Skoncentruj si\u0119 na tym, co dla Ciebie najwa\u017cniejsze - na Twoich danych. myPARM BI<span style=\"font-size: x-small;\"><sup>act<\/sup><\/span> zosta\u0142 zaprojektowany tak, aby\u015b nie musia\u0142 po\u015bwi\u0119ca\u0107 cennego czasu na dostosowywanie. Wystarczy raz pod\u0142\u0105czy\u0107 \u017ar\u00f3d\u0142a danych za pomoc\u0105 wbudowanego kreatora DataSource Wizard i po prostu przeci\u0105gn\u0105\u0107 wymagane pola danych z FieldBrowser do odpowiednich wizualizacji.   <\/p>\n<p style=\"text-align: left;\">Samoobs\u0142ugowa analityka biznesowa umo\u017cliwia szybkie i \u0142atwe tworzenie raport\u00f3w i analiz bez konieczno\u015bci korzystania z zasob\u00f3w dzia\u0142u IT. Daje to wszystkim pracownikom \u0142atwy i niezawodny dost\u0119p do potrzebnych danych w czasie rzeczywistym. <\/p>\n<p style=\"text-align: left;\">\n<\/div><\/div><\/div><\/div><div class=\"et_pb_row_3 et_pb_row et_block_row\"><div class=\"et_pb_column_4 et_pb_column et_pb_column_1_3 et_block_column et_pb_css_mix_blend_mode_passthrough\"><div class=\"et_pb_blurb_3 et_pb_blurb et_pb_bg_layout_light et_pb_text_align_center et_pb_blurb_position_top et_pb_module et_block_module\"><div class=\"et_pb_blurb_content\"><div class=\"et_pb_main_blurb_image\"><span class=\"et_pb_image_wrap et_pb_only_image_mode_wrap\"><img decoding=\"async\" src=\"https:\/\/new-site.parm.com\/wp-content\/uploads\/2022\/03\/Icon_Datenintegration.png\" alt=\"Icon Datenintegration\" \/><\/span><\/div><div class=\"et_pb_blurb_container\"><h4 class=\"et_pb_module_header\">INTEGRACJA DANYCH<\/h4><div class=\"et_pb_blurb_description\"><p>Zapewnij analizowalne, u\u017cyteczne dane w czasie rzeczywistym w dowolnym momencie dzi\u0119ki nowoczesnej integracji danych.<\/p>\n<ul>\n<li>Zintegrowana hurtownia danych<\/li>\n<li>Liczne interfejsy<\/li>\n<li>R\u0119czne dodawanie danych<\/li>\n<\/ul>\n<\/div><\/div><\/div><\/div><\/div><div class=\"et_pb_column_5 et_pb_column et_pb_column_1_3 et_block_column et_pb_css_mix_blend_mode_passthrough\"><div class=\"et_pb_blurb_4 et_pb_blurb et_pb_bg_layout_light et_pb_text_align_center et_pb_blurb_position_top et_pb_module et_block_module\"><div class=\"et_pb_blurb_content\"><div class=\"et_pb_main_blurb_image\"><span class=\"et_pb_image_wrap et_pb_only_image_mode_wrap\"><img decoding=\"async\" src=\"https:\/\/new-site.parm.com\/wp-content\/uploads\/2022\/03\/Icon_Datenbearbeitung.png\" alt=\"Icon Datenbearbeitung\" \/><\/span><\/div><div class=\"et_pb_blurb_container\"><h4 class=\"et_pb_module_header\">PRZYGOTOWANIE DANYCH<\/h4><div class=\"et_pb_blurb_description\"><p>Umo\u017cliw swoim pracownikom tworzenie analiz w dowolnym miejscu w organizacji zgodnie z wytycznymi dotycz\u0105cymi zarz\u0105dzania danymi.<\/p>\n<ul>\n<li>Bezp\u0142atne przygotowanie modeli danych<\/li>\n<li>Samoobs\u0142ugowy BI<\/li>\n<\/ul>\n<\/div><\/div><\/div><\/div><\/div><div class=\"et_pb_column_6 et_pb_column et_pb_column_1_3 et-last-child et_block_column et_pb_css_mix_blend_mode_passthrough\"><div class=\"et_pb_blurb_5 et_pb_blurb et_pb_bg_layout_light et_pb_text_align_center et_pb_blurb_position_top et_pb_module et_block_module\"><div class=\"et_pb_blurb_content\"><div class=\"et_pb_main_blurb_image\"><span class=\"et_pb_image_wrap et_pb_only_image_mode_wrap\"><img decoding=\"async\" src=\"https:\/\/new-site.parm.com\/wp-content\/uploads\/2022\/03\/Icon_Datenhaltung.png\" alt=\"Icon Datenhaltung\" \/><\/span><\/div><div class=\"et_pb_blurb_container\"><h4 class=\"et_pb_module_header\">PRZECHOWYWANIE I OBS\u0141UGA DANYCH<\/h4><div class=\"et_pb_blurb_description\"><p>Bez wzgl\u0119du na spos\u00f3b korzystania z myPARM BI<span style=\"font-size: x-small;\"><br \/>\n  <sup>act<\/sup><br \/>\n<\/span> i gdzie chcesz przechowywa\u0107 dane, oprogramowanie dostosowuje si\u0119 do Twoich indywidualnych potrzeb.<\/p>\n<ul>\n<li>lokalnie<\/li>\n<li>chmura prywatna<\/li>\n<li>chmura publiczna<\/li>\n<\/ul>\n<\/div><\/div><\/div><\/div><\/div><\/div><div class=\"et_pb_row_4 et_pb_row et_block_row\"><div class=\"et_pb_column_7 et_pb_column et_pb_column_4_4 et-last-child et_block_column et_pb_css_mix_blend_mode_passthrough\"><div class=\"et_pb_text_3 et_pb_text et_pb_bg_layout_light et_pb_module et_block_module preset--module--divi-text--default\"><div class=\"et_pb_text_inner\"><p>Obs\u0142ugiwane s\u0105 nast\u0119puj\u0105ce \u017ar\u00f3d\u0142a danych: SQL, OLAP, Microsoft Excel workbooks\/CSV, Entity Framework, Object Data Sources, Extract Data Sources, XPO, JSON, Federated Data Sources, MongoDB.<\/p>\n<p>myPARM BI<span style=\"font-size: x-small;\"><br \/>\n  <sup>act<\/sup><br \/>\n<\/span>obs\u0142uguje nast\u0119puj\u0105ce standardowe interfejsy do znanych \u017ar\u00f3de\u0142 danych \/ produkt\u00f3w: Microsoft SQL Server \/ CE \/ Analysis Services, Microsoft Access, Oracle Database, Amazon Redshift, Google BigQuery, Teradata, SAP Hana \/ Sybase Advantage \/ Sybase ASE \/ SQL Anywhere, IBM DB2, Firebird, MySQL, Pervasive PSQL, VistaDB, SQLite, plik XML<\/p>\n<\/div><\/div><\/div><\/div><\/div><div class=\"et_pb_section_2 et_pb_section et_section_regular et_block_section\"><div class=\"et_pb_row_5 et_pb_row et_block_row\"><div class=\"et_pb_column_8 et_pb_column et_pb_column_4_4 et-last-child et_block_column et_pb_css_mix_blend_mode_passthrough\"><div class=\"et_pb_code_0 et_pb_code et_pb_module\"><div class=\"et_pb_code_inner\"><!-- Calendly Badge-Widget Beginn -->\n<link href=\"https:\/\/assets.calendly.com\/assets\/external\/widget.css\" rel=\"stylesheet\">\n<script src=\"https:\/\/assets.calendly.com\/assets\/external\/widget.js\" type=\"text\/javascript\"><\/script>\n<script type=\"text\/javascript\">Calendly.initBadgeWidget({ url: 'https:\/\/calendly.com\/d\/ymv-ffv-cqx', text: 'Termin vereinbaren', color: '#00a2ff', textColor: '#ffffff', branding: false });<\/script>\n<!-- Calendly Badge-Widget Ende -->\n<\/div><\/div><\/div><\/div><\/div>\n","protected":false},"excerpt":{"rendered":"<p>Pod\u0142\u0105cz system do wielu interfejs\u00f3w i importuj rzeczywiste, planowane lub inne dane. Przygotuj, oczy\u015b\u0107 i po\u0142\u0105cz dane w myPARM. Wa\u017cne dane i komentarze mo\u017cna r\u00f3wnie\u017c dodawa\u0107 r\u0119cznie.  <\/p>\n","protected":false},"author":1,"featured_media":37062,"parent":37068,"menu_order":0,"comment_status":"closed","ping_status":"closed","template":"","meta":{"footnotes":""},"class_list":["post-37061","page","type-page","status-publish","has-post-thumbnail","hentry"],"yoast_head":"<!-- This site is optimized with the Yoast SEO plugin v27.5 - https:\/\/yoast.com\/product\/yoast-seo-wordpress\/ -->\n<title>Integracja i przygotowanie danych z myPARM BIact | Parm AG<\/title>\n<meta name=\"description\" content=\"Po\u0142\u0105cz myPARM BIact z wieloma interfejsami i zaimportuj rzeczywiste, planowane lub inne dane.\" \/>\n<meta name=\"robots\" content=\"index, follow, max-snippet:-1, max-image-preview:large, max-video-preview:-1\" \/>\n<link rel=\"canonical\" href=\"https:\/\/parm.com\/pl\/business-intelligence\/integracja-i-przygotowanie-danych\/\" \/>\n<meta property=\"og:locale\" content=\"pl_PL\" \/>\n<meta property=\"og:type\" content=\"article\" \/>\n<meta property=\"og:title\" content=\"Integracja i przygotowanie danych zgodnie z indywidualnymi wymaganiami\" \/>\n<meta property=\"og:description\" content=\"Pod\u0142\u0105cz system do wielu interfejs\u00f3w i importuj rzeczywiste, planowane lub inne dane. Przygotuj, oczy\u015b\u0107 i po\u0142\u0105cz dane w myPARM. Wa\u017cne dane i komentarze mo\u017cna r\u00f3wnie\u017c dodawa\u0107 r\u0119cznie.\" \/>\n<meta property=\"og:url\" content=\"https:\/\/parm.com\/pl\/business-intelligence\/integracja-i-przygotowanie-danych\/\" \/>\n<meta property=\"og:site_name\" content=\"Parm AG\" \/>\n<meta property=\"article:publisher\" content=\"https:\/\/www.facebook.com\/myparm\" \/>\n<meta property=\"article:modified_time\" content=\"2026-03-23T13:58:30+00:00\" \/>\n<meta property=\"og:image\" content=\"https:\/\/parm.com\/wp-content\/uploads\/2022\/03\/Wanderausruestung_klein_AdobeStock_207297850-1024x535.jpg\" \/>\n<meta name=\"twitter:card\" content=\"summary_large_image\" \/>\n<meta name=\"twitter:title\" content=\"Integracja i przygotowanie danych zgodnie z indywidualnymi wymaganiami\" \/>\n<meta name=\"twitter:description\" content=\"Pod\u0142\u0105cz system do wielu interfejs\u00f3w i importuj rzeczywiste, planowane lub inne dane. Przygotuj, oczy\u015b\u0107 i po\u0142\u0105cz dane w myPARM. Wa\u017cne dane i komentarze mo\u017cna r\u00f3wnie\u017c dodawa\u0107 r\u0119cznie.\" \/>\n<meta name=\"twitter:image\" content=\"https:\/\/parm.com\/wp-content\/uploads\/2022\/03\/Wanderausruestung_klein_AdobeStock_207297850-1024x535.jpg\" \/>\n<script type=\"application\/ld+json\" class=\"yoast-schema-graph\">{\"@context\":\"https:\\\/\\\/schema.org\",\"@graph\":[{\"@type\":\"WebPage\",\"@id\":\"https:\\\/\\\/parm.com\\\/pl\\\/business-intelligence\\\/integracja-i-przygotowanie-danych\\\/\",\"url\":\"https:\\\/\\\/parm.com\\\/pl\\\/business-intelligence\\\/integracja-i-przygotowanie-danych\\\/\",\"name\":\"Integracja i przygotowanie danych z myPARM BIact | Parm AG\",\"isPartOf\":{\"@id\":\"https:\\\/\\\/parm.com\\\/pl\\\/#website\"},\"primaryImageOfPage\":{\"@id\":\"https:\\\/\\\/parm.com\\\/pl\\\/business-intelligence\\\/integracja-i-przygotowanie-danych\\\/#primaryimage\"},\"image\":{\"@id\":\"https:\\\/\\\/parm.com\\\/pl\\\/business-intelligence\\\/integracja-i-przygotowanie-danych\\\/#primaryimage\"},\"thumbnailUrl\":\"https:\\\/\\\/parm.com\\\/wp-content\\\/uploads\\\/2022\\\/03\\\/Wanderausruestung_klein_AdobeStock_207297850-scaled.jpg\",\"datePublished\":\"2024-04-10T13:47:00+00:00\",\"dateModified\":\"2026-03-23T13:58:30+00:00\",\"description\":\"Po\u0142\u0105cz myPARM BIact z wieloma interfejsami i zaimportuj rzeczywiste, planowane lub inne dane.\",\"breadcrumb\":{\"@id\":\"https:\\\/\\\/parm.com\\\/pl\\\/business-intelligence\\\/integracja-i-przygotowanie-danych\\\/#breadcrumb\"},\"inLanguage\":\"pl-PL\",\"potentialAction\":[{\"@type\":\"ReadAction\",\"target\":[\"https:\\\/\\\/parm.com\\\/pl\\\/business-intelligence\\\/integracja-i-przygotowanie-danych\\\/\"]}]},{\"@type\":\"ImageObject\",\"inLanguage\":\"pl-PL\",\"@id\":\"https:\\\/\\\/parm.com\\\/pl\\\/business-intelligence\\\/integracja-i-przygotowanie-danych\\\/#primaryimage\",\"url\":\"https:\\\/\\\/parm.com\\\/wp-content\\\/uploads\\\/2022\\\/03\\\/Wanderausruestung_klein_AdobeStock_207297850-scaled.jpg\",\"contentUrl\":\"https:\\\/\\\/parm.com\\\/wp-content\\\/uploads\\\/2022\\\/03\\\/Wanderausruestung_klein_AdobeStock_207297850-scaled.jpg\",\"width\":2560,\"height\":1338,\"caption\":\"Integracja danych nag\u0142\u00f3wka - Sprz\u0119t turystyczny w g\u00f3rach\"},{\"@type\":\"BreadcrumbList\",\"@id\":\"https:\\\/\\\/parm.com\\\/pl\\\/business-intelligence\\\/integracja-i-przygotowanie-danych\\\/#breadcrumb\",\"itemListElement\":[{\"@type\":\"ListItem\",\"position\":1,\"name\":\"Startseite\",\"item\":\"https:\\\/\\\/parm.com\\\/pl\\\/\"},{\"@type\":\"ListItem\",\"position\":2,\"name\":\"Business Intelligence\",\"item\":\"https:\\\/\\\/parm.com\\\/pl\\\/business-intelligence\\\/\"},{\"@type\":\"ListItem\",\"position\":3,\"name\":\"Integracja i przygotowanie danych\"}]},{\"@type\":\"WebSite\",\"@id\":\"https:\\\/\\\/parm.com\\\/pl\\\/#website\",\"url\":\"https:\\\/\\\/parm.com\\\/pl\\\/\",\"name\":\"Parm AG\",\"description\":\"Successful projects. Swiss quality. Software f\u00fcr Projektmanagement\",\"publisher\":{\"@id\":\"https:\\\/\\\/parm.com\\\/pl\\\/#organization\"},\"alternateName\":\"Parm\",\"potentialAction\":[{\"@type\":\"SearchAction\",\"target\":{\"@type\":\"EntryPoint\",\"urlTemplate\":\"https:\\\/\\\/parm.com\\\/pl\\\/?s={search_term_string}\"},\"query-input\":{\"@type\":\"PropertyValueSpecification\",\"valueRequired\":true,\"valueName\":\"search_term_string\"}}],\"inLanguage\":\"pl-PL\"},{\"@type\":\"Organization\",\"@id\":\"https:\\\/\\\/parm.com\\\/pl\\\/#organization\",\"name\":\"Parm AG\",\"alternateName\":\"Parm\",\"url\":\"https:\\\/\\\/parm.com\\\/pl\\\/\",\"logo\":{\"@type\":\"ImageObject\",\"inLanguage\":\"pl-PL\",\"@id\":\"https:\\\/\\\/parm.com\\\/pl\\\/#\\\/schema\\\/logo\\\/image\\\/\",\"url\":\"https:\\\/\\\/parm.com\\\/wp-content\\\/uploads\\\/2021\\\/11\\\/Parm_Logo_blue_RGB.png\",\"contentUrl\":\"https:\\\/\\\/parm.com\\\/wp-content\\\/uploads\\\/2021\\\/11\\\/Parm_Logo_blue_RGB.png\",\"width\":908,\"height\":228,\"caption\":\"Parm AG\"},\"image\":{\"@id\":\"https:\\\/\\\/parm.com\\\/pl\\\/#\\\/schema\\\/logo\\\/image\\\/\"},\"sameAs\":[\"https:\\\/\\\/www.facebook.com\\\/myparm\",\"https:\\\/\\\/www.linkedin.com\\\/company\\\/parm-ag\",\"https:\\\/\\\/www.xing.com\\\/pages\\\/parmag\"]}]}<\/script>\n<!-- \/ Yoast SEO plugin. -->","yoast_head_json":{"title":"Integracja i przygotowanie danych z myPARM BIact | Parm AG","description":"Po\u0142\u0105cz myPARM BIact z wieloma interfejsami i zaimportuj rzeczywiste, planowane lub inne dane.","robots":{"index":"index","follow":"follow","max-snippet":"max-snippet:-1","max-image-preview":"max-image-preview:large","max-video-preview":"max-video-preview:-1"},"canonical":"https:\/\/parm.com\/pl\/business-intelligence\/integracja-i-przygotowanie-danych\/","og_locale":"pl_PL","og_type":"article","og_title":"Integracja i przygotowanie danych zgodnie z indywidualnymi wymaganiami","og_description":"Pod\u0142\u0105cz system do wielu interfejs\u00f3w i importuj rzeczywiste, planowane lub inne dane. Przygotuj, oczy\u015b\u0107 i po\u0142\u0105cz dane w myPARM. Wa\u017cne dane i komentarze mo\u017cna r\u00f3wnie\u017c dodawa\u0107 r\u0119cznie.","og_url":"https:\/\/parm.com\/pl\/business-intelligence\/integracja-i-przygotowanie-danych\/","og_site_name":"Parm AG","article_publisher":"https:\/\/www.facebook.com\/myparm","article_modified_time":"2026-03-23T13:58:30+00:00","og_image":[{"url":"https:\/\/parm.com\/wp-content\/uploads\/2022\/03\/Wanderausruestung_klein_AdobeStock_207297850-1024x535.jpg","type":"","width":"","height":""}],"twitter_card":"summary_large_image","twitter_title":"Integracja i przygotowanie danych zgodnie z indywidualnymi wymaganiami","twitter_description":"Pod\u0142\u0105cz system do wielu interfejs\u00f3w i importuj rzeczywiste, planowane lub inne dane. Przygotuj, oczy\u015b\u0107 i po\u0142\u0105cz dane w myPARM. Wa\u017cne dane i komentarze mo\u017cna r\u00f3wnie\u017c dodawa\u0107 r\u0119cznie.","twitter_image":"https:\/\/parm.com\/wp-content\/uploads\/2022\/03\/Wanderausruestung_klein_AdobeStock_207297850-1024x535.jpg","schema":{"@context":"https:\/\/schema.org","@graph":[{"@type":"WebPage","@id":"https:\/\/parm.com\/pl\/business-intelligence\/integracja-i-przygotowanie-danych\/","url":"https:\/\/parm.com\/pl\/business-intelligence\/integracja-i-przygotowanie-danych\/","name":"Integracja i przygotowanie danych z myPARM BIact | Parm AG","isPartOf":{"@id":"https:\/\/parm.com\/pl\/#website"},"primaryImageOfPage":{"@id":"https:\/\/parm.com\/pl\/business-intelligence\/integracja-i-przygotowanie-danych\/#primaryimage"},"image":{"@id":"https:\/\/parm.com\/pl\/business-intelligence\/integracja-i-przygotowanie-danych\/#primaryimage"},"thumbnailUrl":"https:\/\/parm.com\/wp-content\/uploads\/2022\/03\/Wanderausruestung_klein_AdobeStock_207297850-scaled.jpg","datePublished":"2024-04-10T13:47:00+00:00","dateModified":"2026-03-23T13:58:30+00:00","description":"Po\u0142\u0105cz myPARM BIact z wieloma interfejsami i zaimportuj rzeczywiste, planowane lub inne dane.","breadcrumb":{"@id":"https:\/\/parm.com\/pl\/business-intelligence\/integracja-i-przygotowanie-danych\/#breadcrumb"},"inLanguage":"pl-PL","potentialAction":[{"@type":"ReadAction","target":["https:\/\/parm.com\/pl\/business-intelligence\/integracja-i-przygotowanie-danych\/"]}]},{"@type":"ImageObject","inLanguage":"pl-PL","@id":"https:\/\/parm.com\/pl\/business-intelligence\/integracja-i-przygotowanie-danych\/#primaryimage","url":"https:\/\/parm.com\/wp-content\/uploads\/2022\/03\/Wanderausruestung_klein_AdobeStock_207297850-scaled.jpg","contentUrl":"https:\/\/parm.com\/wp-content\/uploads\/2022\/03\/Wanderausruestung_klein_AdobeStock_207297850-scaled.jpg","width":2560,"height":1338,"caption":"Integracja danych nag\u0142\u00f3wka - Sprz\u0119t turystyczny w g\u00f3rach"},{"@type":"BreadcrumbList","@id":"https:\/\/parm.com\/pl\/business-intelligence\/integracja-i-przygotowanie-danych\/#breadcrumb","itemListElement":[{"@type":"ListItem","position":1,"name":"Startseite","item":"https:\/\/parm.com\/pl\/"},{"@type":"ListItem","position":2,"name":"Business Intelligence","item":"https:\/\/parm.com\/pl\/business-intelligence\/"},{"@type":"ListItem","position":3,"name":"Integracja i przygotowanie danych"}]},{"@type":"WebSite","@id":"https:\/\/parm.com\/pl\/#website","url":"https:\/\/parm.com\/pl\/","name":"Parm AG","description":"Successful projects. Swiss quality. Software f\u00fcr Projektmanagement","publisher":{"@id":"https:\/\/parm.com\/pl\/#organization"},"alternateName":"Parm","potentialAction":[{"@type":"SearchAction","target":{"@type":"EntryPoint","urlTemplate":"https:\/\/parm.com\/pl\/?s={search_term_string}"},"query-input":{"@type":"PropertyValueSpecification","valueRequired":true,"valueName":"search_term_string"}}],"inLanguage":"pl-PL"},{"@type":"Organization","@id":"https:\/\/parm.com\/pl\/#organization","name":"Parm AG","alternateName":"Parm","url":"https:\/\/parm.com\/pl\/","logo":{"@type":"ImageObject","inLanguage":"pl-PL","@id":"https:\/\/parm.com\/pl\/#\/schema\/logo\/image\/","url":"https:\/\/parm.com\/wp-content\/uploads\/2021\/11\/Parm_Logo_blue_RGB.png","contentUrl":"https:\/\/parm.com\/wp-content\/uploads\/2021\/11\/Parm_Logo_blue_RGB.png","width":908,"height":228,"caption":"Parm AG"},"image":{"@id":"https:\/\/parm.com\/pl\/#\/schema\/logo\/image\/"},"sameAs":["https:\/\/www.facebook.com\/myparm","https:\/\/www.linkedin.com\/company\/parm-ag","https:\/\/www.xing.com\/pages\/parmag"]}]}},"_links":{"self":[{"href":"https:\/\/parm.com\/pl\/wp-json\/wp\/v2\/pages\/37061","targetHints":{"allow":["GET"]}}],"collection":[{"href":"https:\/\/parm.com\/pl\/wp-json\/wp\/v2\/pages"}],"about":[{"href":"https:\/\/parm.com\/pl\/wp-json\/wp\/v2\/types\/page"}],"author":[{"embeddable":true,"href":"https:\/\/parm.com\/pl\/wp-json\/wp\/v2\/users\/1"}],"replies":[{"embeddable":true,"href":"https:\/\/parm.com\/pl\/wp-json\/wp\/v2\/comments?post=37061"}],"version-history":[{"count":4,"href":"https:\/\/parm.com\/pl\/wp-json\/wp\/v2\/pages\/37061\/revisions"}],"predecessor-version":[{"id":247317,"href":"https:\/\/parm.com\/pl\/wp-json\/wp\/v2\/pages\/37061\/revisions\/247317"}],"up":[{"embeddable":true,"href":"https:\/\/parm.com\/pl\/wp-json\/wp\/v2\/pages\/37068"}],"wp:featuredmedia":[{"embeddable":true,"href":"https:\/\/parm.com\/pl\/wp-json\/wp\/v2\/media\/37062"}],"wp:attachment":[{"href":"https:\/\/parm.com\/pl\/wp-json\/wp\/v2\/media?parent=37061"}],"curies":[{"name":"wp","href":"https:\/\/api.w.org\/{rel}","templated":true}]}}