{"id":37044,"date":"2024-04-10T15:46:44","date_gmt":"2024-04-10T13:46:44","guid":{"rendered":"https:\/\/parm.com\/system-sterowania\/"},"modified":"2026-03-02T16:18:32","modified_gmt":"2026-03-02T15:18:32","slug":"system-sterowania","status":"publish","type":"page","link":"https:\/\/parm.com\/pl\/business-intelligence\/system-sterowania\/","title":{"rendered":"System sterowania"},"content":{"rendered":"\n<div class=\"et_pb_section_0 et_pb_section et_section_regular et_block_section et_animated\"><div class=\"et_pb_row_0 et_pb_row et_block_row\"><div class=\"et_pb_column_0 et_pb_column et_pb_column_4_4 et-last-child et_block_column et_pb_css_mix_blend_mode_passthrough\"><div class=\"et_pb_text_0 et_pb_text et_pb_bg_layout_light et_pb_module et_block_module preset--module--divi-text--default\"><div class=\"et_pb_text_inner\" data-et-mv-hidden-tablet=\"true\"><h1 style=\"text-align: left;\"><strong>System sterowania<br \/><span style=\"color: #c01e2b;\">Zarz\u0105dzanie zadaniami i wsp\u00f3\u0142praca<\/span><\/strong><\/h1>\n<\/div><\/div><\/div><\/div><div class=\"et_pb_row_1 et_pb_row et_block_row\"><div class=\"et_pb_column_1 et_pb_column et_pb_column_3_5 et_block_column et_pb_css_mix_blend_mode_passthrough\"><div class=\"et_pb_text_1 et_pb_text et_pb_bg_layout_light et_pb_module et_block_module preset--module--divi-text--default\"><div class=\"et_pb_text_inner\"><h2>Prze\u0142o\u017cenie analiz na dzia\u0142ania<\/h2>\n<\/div><\/div><div class=\"et_pb_blurb_0 et_pb_blurb et_pb_bg_layout_light et_pb_blurb_position_left et_pb_module et_block_module\"><div class=\"et_pb_blurb_content\"><div class=\"et_pb_main_blurb_image\"><span class=\"et_pb_image_wrap\"><span class=\"et-pb-icon\">R<\/span><\/span><\/div><div class=\"et_pb_blurb_container\"><div class=\"et_pb_blurb_description\"><p><strong>Proste zarz\u0105dzanie zadaniami bezpo\u015brednio w tym samym systemie<br \/><\/strong><\/p>\n<\/div><\/div><\/div><\/div><div class=\"et_pb_blurb_1 et_pb_blurb et_pb_bg_layout_light et_pb_blurb_position_left et_pb_module et_block_module\"><div class=\"et_pb_blurb_content\"><div class=\"et_pb_main_blurb_image\"><span class=\"et_pb_image_wrap\"><span class=\"et-pb-icon\">R<\/span><\/span><\/div><div class=\"et_pb_blurb_container\"><div class=\"et_pb_blurb_description\"><p><strong>Wygodna funkcja komunikacji<br \/><\/strong><\/p>\n<\/div><\/div><\/div><\/div><div class=\"et_pb_blurb_2 et_pb_blurb et_pb_bg_layout_light et_pb_blurb_position_left et_pb_module et_block_module\"><div class=\"et_pb_blurb_content\"><div class=\"et_pb_main_blurb_image\"><span class=\"et_pb_image_wrap\"><span class=\"et-pb-icon\">R<\/span><\/span><\/div><div class=\"et_pb_blurb_container\"><div class=\"et_pb_blurb_description\"><p><strong>System alarmowy i wczesnego ostrzegania<br \/><\/strong><\/p>\n<\/div><\/div><\/div><\/div><\/div><div class=\"et_pb_column_2 et_pb_column et_pb_column_2_5 et-last-child et_block_column et_pb_column_empty et_pb_css_mix_blend_mode_passthrough\"><\/div><\/div><\/div><div class=\"et_pb_section_1 et_pb_section et_section_regular et_block_section\"><div class=\"et_pb_row_2 et_pb_row et_block_row\"><div class=\"et_pb_column_3 et_pb_column et_pb_column_1_2 et_block_column et_pb_css_mix_blend_mode_passthrough\"><div class=\"et_pb_image_0 et_pb_image et_pb_module et_block_module\"><span class=\"et_pb_image_wrap\"><img decoding=\"async\" src=\"https:\/\/new-site.parm.com\/wp-content\/uploads\/2022\/03\/Aufgabenmanagement-PC-mit-Eingabemaske.jpg\" title=\"Zarz\u0105dzanie zadaniami w myPARM\" alt=\"Zarz\u0105dzanie zadaniami w myPARM\" \/><\/span><\/div><\/div><div class=\"et_pb_column_4 et_pb_column et_pb_column_1_2 et-last-child et_block_column et_pb_css_mix_blend_mode_passthrough\"><div class=\"et_pb_text_2 et_pb_text et_pb_bg_layout_light et_pb_module et_block_module preset--module--divi-text--default\"><div class=\"et_pb_text_inner\"><h2>Konwertowanie wynik\u00f3w na zadania,<br \/>Optymalna kontrola wdro\u017cenia<\/h2>\n<p>Zoptymalizuj przep\u0142yw informacji i zada\u0144 mi\u0119dzy zarz\u0105dem, kierownictwem wy\u017cszego szczebla i pracownikami w codziennej dzia\u0142alno\u015bci, a tym samym zwi\u0119ksz zrozumienie i wydajno\u015b\u0107 swoich pracownik\u00f3w.<br \/>Zintegrowane zarz\u0105dzanie zadaniami umo\u017cliwia natychmiastowe przekszta\u0142cenie wynik\u00f3w w dzia\u0142ania. Elastycznie przydzielaj zadania i otrzymuj informacje zwrotne od swoich pracownik\u00f3w w dowolnym momencie za po\u015brednictwem myPARM na temat bie\u017c\u0105cego statusu, odchyle\u0144 od planu lub realizacji zada\u0144.  <\/p>\n<\/div><\/div><\/div><\/div><div class=\"et_pb_row_3 et_pb_row et_block_row\"><div class=\"et_pb_column_5 et_pb_column et_pb_column_3_5 et_block_column et_pb_css_mix_blend_mode_passthrough\"><div class=\"et_pb_text_3 et_pb_text et_pb_bg_layout_light et_pb_module et_block_module preset--module--divi-text--default\"><div class=\"et_pb_text_inner\"><h2>Zarz\u0105dzanie zadaniami<\/h2>\n<ul>\n<li><strong>Planowanie<\/strong>, rejestrowanie i harmonogramowanie zada\u0144.<\/li>\n<li><strong>\u0141\u0105czenie <\/strong> zadania z procesami, ryzykiem, mo\u017cliwo\u015bciami i nie tylko.<\/li>\n<li><strong>Kontrola<\/strong>: ustalanie priorytet\u00f3w, monitorowanie i przydzielanie zada\u0144.<\/li>\n<li><strong>\u015aledzenie<\/strong>: Przez ca\u0142y czas kontroluj status w przejrzy\u015bcie zorganizowanych tablicach Kanban, raportach i kokpitach.<\/li>\n<\/ul>\n<\/div><\/div><\/div><div class=\"et_pb_column_6 et_pb_column et_pb_column_2_5 et-last-child et_block_column et_pb_css_mix_blend_mode_passthrough\"><div class=\"et_pb_image_1 et_pb_image et_pb_module et_block_module\"><span class=\"et_pb_image_wrap\"><img decoding=\"async\" src=\"https:\/\/new-site.parm.com\/wp-content\/uploads\/2022\/03\/myPARM_BI_Tablet_Aufgabenverwaltung.png\" title=\"Zarz\u0105dzanie zadaniami myPARM BI\" alt=\"Zarz\u0105dzanie zadaniami myPARM BI\" \/><\/span><\/div><\/div><\/div><div class=\"et_pb_row_4 et_pb_row et_block_row custom_row\"><div class=\"et_pb_column_7 et_pb_column et_pb_column_2_5 et_block_column et_pb_css_mix_blend_mode_passthrough second-on-mobile\"><div class=\"et_pb_image_2 et_pb_image et_pb_module et_block_module\"><span class=\"et_pb_image_wrap\"><img decoding=\"async\" src=\"https:\/\/new-site.parm.com\/wp-content\/uploads\/2022\/03\/myPARM_BI_Tablet_Kommentarfunktion.png\" title=\"Funkcja komentarza myPARM BI\" alt=\"Funkcja komentarza myPARM BI\" \/><\/span><\/div><\/div><div class=\"et_pb_column_8 et_pb_column et_pb_column_3_5 et-last-child et_block_column et_pb_css_mix_blend_mode_passthrough first-on-mobile\"><div class=\"et_pb_text_4 et_pb_text et_pb_bg_layout_light et_pb_module et_block_module preset--module--divi-text--default\"><div class=\"et_pb_text_inner\"><h2>Wsp\u00f3\u0142praca<\/h2>\n<p>Przeka\u017c swoim wsp\u00f3\u0142pracownikom i pracownikom wa\u017cne informacje, korzystaj\u0105c ze zintegrowanej funkcji komentarzy. Dodaj przydatne komentarze na temat zada\u0144, analiz, zagro\u017ce\u0144 i mo\u017cliwo\u015bci itp. lub popro\u015b o dalsze informacje.<\/p>\n<p>&nbsp;<\/p>\n<\/div><\/div><\/div><\/div><div class=\"et_pb_row_5 et_pb_row et_block_row\"><div class=\"et_pb_column_9 et_pb_column et_pb_column_3_5 et_block_column et_pb_css_mix_blend_mode_passthrough\"><div class=\"et_pb_text_5 et_pb_text et_pb_bg_layout_light et_pb_module et_block_module preset--module--divi-text--default\"><div class=\"et_pb_text_inner\"><h2>System alarmowy i wczesnego ostrzegania<\/h2>\n<p>System alarmowy i wczesnego ostrzegania automatycznie informuje o wyst\u0105pieniu nieprzewidzianych zdarze\u0144 lub przekroczeniu warto\u015bci granicznych. Pozwala to na szybkie i elastyczne reagowanie w dowolnym momencie na podstawie aktualnych danych i analiz.<\/p>\n<p>&nbsp;<\/p>\n<\/div><\/div><\/div><div class=\"et_pb_column_10 et_pb_column et_pb_column_2_5 et-last-child et_block_column et_pb_css_mix_blend_mode_passthrough\"><div class=\"et_pb_image_3 et_pb_image et_pb_module et_block_module\"><span class=\"et_pb_image_wrap\"><img decoding=\"async\" src=\"https:\/\/new-site.parm.com\/wp-content\/uploads\/2022\/03\/myPARM_BI_Tablet_Fruehwarnsystem.png\" title=\"System wczesnego ostrzegania myPARM BI\" alt=\"System wczesnego ostrzegania myPARM BI\" \/><\/span><\/div><\/div><\/div><\/div><div class=\"et_pb_section_2 et_pb_section et_section_regular et_block_section\"><div class=\"et_pb_row_6 et_pb_row et_block_row\"><div class=\"et_pb_column_11 et_pb_column et_pb_column_4_4 et-last-child et_block_column et_pb_css_mix_blend_mode_passthrough\"><div class=\"et_pb_code_0 et_pb_code et_pb_module\"><div class=\"et_pb_code_inner\"><!-- Calendly Badge-Widget Beginn -->\n<link href=\"https:\/\/assets.calendly.com\/assets\/external\/widget.css\" rel=\"stylesheet\">\n<script src=\"https:\/\/assets.calendly.com\/assets\/external\/widget.js\" type=\"text\/javascript\"><\/script>\n<script type=\"text\/javascript\">Calendly.initBadgeWidget({ url: 'https:\/\/calendly.com\/d\/ymv-ffv-cqx', text: 'Termin vereinbaren', color: '#00a2ff', textColor: '#ffffff', branding: false });<\/script>\n<!-- Calendly Badge-Widget Ende -->\n<\/div><\/div><\/div><\/div><\/div>\n","protected":false},"excerpt":{"rendered":"<p>Natychmiast przekszta\u0142\u0107 wyniki swoich analiz w dzia\u0142ania. Zdefiniuj zadania i przydziel je swoim pracownikom. Po\u0142\u0105cz te zadania na przyk\u0142ad z projektami, ryzykiem lub mo\u017cliwo\u015bciami. Zdefiniowanie priorytet\u00f3w i monitorowanie ich realizacji.<\/p>\n","protected":false},"author":1,"featured_media":37045,"parent":37068,"menu_order":0,"comment_status":"closed","ping_status":"closed","template":"","meta":{"footnotes":""},"class_list":["post-37044","page","type-page","status-publish","has-post-thumbnail","hentry"],"yoast_head":"<!-- This site is optimized with the Yoast SEO plugin v27.5 - https:\/\/yoast.com\/product\/yoast-seo-wordpress\/ -->\n<title>System sterowania z myPARM BIact | Parm AG<\/title>\n<meta name=\"description\" content=\"Natychmiast przekszta\u0142\u0107 wyniki swoich analiz w dzia\u0142ania. Zdefiniuj zadania i przydziel je swoim pracownikom.\" \/>\n<meta name=\"robots\" content=\"index, follow, max-snippet:-1, max-image-preview:large, max-video-preview:-1\" \/>\n<link rel=\"canonical\" href=\"https:\/\/parm.com\/pl\/business-intelligence\/system-sterowania\/\" \/>\n<meta property=\"og:locale\" content=\"pl_PL\" \/>\n<meta property=\"og:type\" content=\"article\" \/>\n<meta property=\"og:title\" content=\"Konwersja wynik\u00f3w na zadania, optymalizacja kontroli wdro\u017cenia\" \/>\n<meta property=\"og:description\" content=\"Natychmiast przekszta\u0142\u0107 wyniki swoich analiz w dzia\u0142ania. Zdefiniuj zadania i przydziel je swoim pracownikom. Po\u0142\u0105cz te zadania na przyk\u0142ad z projektami, ryzykiem lub mo\u017cliwo\u015bciami. Zdefiniowanie priorytet\u00f3w i monitorowanie ich realizacji.\" \/>\n<meta property=\"og:url\" content=\"https:\/\/parm.com\/pl\/business-intelligence\/system-sterowania\/\" \/>\n<meta property=\"og:site_name\" content=\"Parm AG\" \/>\n<meta property=\"article:publisher\" content=\"https:\/\/www.facebook.com\/myparm\" \/>\n<meta property=\"article:modified_time\" content=\"2026-03-02T15:18:32+00:00\" \/>\n<meta property=\"og:image\" content=\"https:\/\/parm.com\/wp-content\/uploads\/2022\/03\/myPARM_BI_Tablet_Aufgabenverwaltung-207x300.png\" \/>\n<meta name=\"twitter:card\" content=\"summary_large_image\" \/>\n<meta name=\"twitter:title\" content=\"Konwersja wynik\u00f3w na zadania, optymalizacja kontroli wdro\u017cenia\" \/>\n<meta name=\"twitter:description\" content=\"Natychmiast przekszta\u0142\u0107 wyniki swoich analiz w dzia\u0142ania. Zdefiniuj zadania i przydziel je swoim pracownikom. Po\u0142\u0105cz te zadania na przyk\u0142ad z projektami, ryzykiem lub mo\u017cliwo\u015bciami. Zdefiniowanie priorytet\u00f3w i monitorowanie ich realizacji.\" \/>\n<meta name=\"twitter:image\" content=\"https:\/\/parm.com\/wp-content\/uploads\/2022\/03\/myPARM_BI_Tablet_Aufgabenverwaltung-705x1024.png\" \/>\n<script type=\"application\/ld+json\" class=\"yoast-schema-graph\">{\"@context\":\"https:\\\/\\\/schema.org\",\"@graph\":[{\"@type\":\"WebPage\",\"@id\":\"https:\\\/\\\/parm.com\\\/pl\\\/business-intelligence\\\/system-sterowania\\\/\",\"url\":\"https:\\\/\\\/parm.com\\\/pl\\\/business-intelligence\\\/system-sterowania\\\/\",\"name\":\"System sterowania z myPARM BIact | Parm AG\",\"isPartOf\":{\"@id\":\"https:\\\/\\\/parm.com\\\/pl\\\/#website\"},\"primaryImageOfPage\":{\"@id\":\"https:\\\/\\\/parm.com\\\/pl\\\/business-intelligence\\\/system-sterowania\\\/#primaryimage\"},\"image\":{\"@id\":\"https:\\\/\\\/parm.com\\\/pl\\\/business-intelligence\\\/system-sterowania\\\/#primaryimage\"},\"thumbnailUrl\":\"https:\\\/\\\/parm.com\\\/wp-content\\\/uploads\\\/2022\\\/03\\\/myPARM_BI_Tablet_Aufgabenverwaltung.png\",\"datePublished\":\"2024-04-10T13:46:44+00:00\",\"dateModified\":\"2026-03-02T15:18:32+00:00\",\"description\":\"Natychmiast przekszta\u0142\u0107 wyniki swoich analiz w dzia\u0142ania. Zdefiniuj zadania i przydziel je swoim pracownikom.\",\"breadcrumb\":{\"@id\":\"https:\\\/\\\/parm.com\\\/pl\\\/business-intelligence\\\/system-sterowania\\\/#breadcrumb\"},\"inLanguage\":\"pl-PL\",\"potentialAction\":[{\"@type\":\"ReadAction\",\"target\":[\"https:\\\/\\\/parm.com\\\/pl\\\/business-intelligence\\\/system-sterowania\\\/\"]}]},{\"@type\":\"ImageObject\",\"inLanguage\":\"pl-PL\",\"@id\":\"https:\\\/\\\/parm.com\\\/pl\\\/business-intelligence\\\/system-sterowania\\\/#primaryimage\",\"url\":\"https:\\\/\\\/parm.com\\\/wp-content\\\/uploads\\\/2022\\\/03\\\/myPARM_BI_Tablet_Aufgabenverwaltung.png\",\"contentUrl\":\"https:\\\/\\\/parm.com\\\/wp-content\\\/uploads\\\/2022\\\/03\\\/myPARM_BI_Tablet_Aufgabenverwaltung.png\",\"width\":1552,\"height\":2253,\"caption\":\"Zarz\u0105dzanie zadaniami w myPARM\"},{\"@type\":\"BreadcrumbList\",\"@id\":\"https:\\\/\\\/parm.com\\\/pl\\\/business-intelligence\\\/system-sterowania\\\/#breadcrumb\",\"itemListElement\":[{\"@type\":\"ListItem\",\"position\":1,\"name\":\"Startseite\",\"item\":\"https:\\\/\\\/parm.com\\\/pl\\\/\"},{\"@type\":\"ListItem\",\"position\":2,\"name\":\"Business Intelligence\",\"item\":\"https:\\\/\\\/parm.com\\\/pl\\\/business-intelligence\\\/\"},{\"@type\":\"ListItem\",\"position\":3,\"name\":\"System sterowania\"}]},{\"@type\":\"WebSite\",\"@id\":\"https:\\\/\\\/parm.com\\\/pl\\\/#website\",\"url\":\"https:\\\/\\\/parm.com\\\/pl\\\/\",\"name\":\"Parm AG\",\"description\":\"Successful projects. Swiss quality. Software f\u00fcr Projektmanagement\",\"publisher\":{\"@id\":\"https:\\\/\\\/parm.com\\\/pl\\\/#organization\"},\"alternateName\":\"Parm\",\"potentialAction\":[{\"@type\":\"SearchAction\",\"target\":{\"@type\":\"EntryPoint\",\"urlTemplate\":\"https:\\\/\\\/parm.com\\\/pl\\\/?s={search_term_string}\"},\"query-input\":{\"@type\":\"PropertyValueSpecification\",\"valueRequired\":true,\"valueName\":\"search_term_string\"}}],\"inLanguage\":\"pl-PL\"},{\"@type\":\"Organization\",\"@id\":\"https:\\\/\\\/parm.com\\\/pl\\\/#organization\",\"name\":\"Parm AG\",\"alternateName\":\"Parm\",\"url\":\"https:\\\/\\\/parm.com\\\/pl\\\/\",\"logo\":{\"@type\":\"ImageObject\",\"inLanguage\":\"pl-PL\",\"@id\":\"https:\\\/\\\/parm.com\\\/pl\\\/#\\\/schema\\\/logo\\\/image\\\/\",\"url\":\"https:\\\/\\\/parm.com\\\/wp-content\\\/uploads\\\/2021\\\/11\\\/Parm_Logo_blue_RGB.png\",\"contentUrl\":\"https:\\\/\\\/parm.com\\\/wp-content\\\/uploads\\\/2021\\\/11\\\/Parm_Logo_blue_RGB.png\",\"width\":908,\"height\":228,\"caption\":\"Parm AG\"},\"image\":{\"@id\":\"https:\\\/\\\/parm.com\\\/pl\\\/#\\\/schema\\\/logo\\\/image\\\/\"},\"sameAs\":[\"https:\\\/\\\/www.facebook.com\\\/myparm\",\"https:\\\/\\\/www.linkedin.com\\\/company\\\/parm-ag\",\"https:\\\/\\\/www.xing.com\\\/pages\\\/parmag\"]}]}<\/script>\n<!-- \/ Yoast SEO plugin. -->","yoast_head_json":{"title":"System sterowania z myPARM BIact | Parm AG","description":"Natychmiast przekszta\u0142\u0107 wyniki swoich analiz w dzia\u0142ania. Zdefiniuj zadania i przydziel je swoim pracownikom.","robots":{"index":"index","follow":"follow","max-snippet":"max-snippet:-1","max-image-preview":"max-image-preview:large","max-video-preview":"max-video-preview:-1"},"canonical":"https:\/\/parm.com\/pl\/business-intelligence\/system-sterowania\/","og_locale":"pl_PL","og_type":"article","og_title":"Konwersja wynik\u00f3w na zadania, optymalizacja kontroli wdro\u017cenia","og_description":"Natychmiast przekszta\u0142\u0107 wyniki swoich analiz w dzia\u0142ania. Zdefiniuj zadania i przydziel je swoim pracownikom. Po\u0142\u0105cz te zadania na przyk\u0142ad z projektami, ryzykiem lub mo\u017cliwo\u015bciami. Zdefiniowanie priorytet\u00f3w i monitorowanie ich realizacji.","og_url":"https:\/\/parm.com\/pl\/business-intelligence\/system-sterowania\/","og_site_name":"Parm AG","article_publisher":"https:\/\/www.facebook.com\/myparm","article_modified_time":"2026-03-02T15:18:32+00:00","og_image":[{"url":"https:\/\/parm.com\/wp-content\/uploads\/2022\/03\/myPARM_BI_Tablet_Aufgabenverwaltung-207x300.png","type":"","width":"","height":""}],"twitter_card":"summary_large_image","twitter_title":"Konwersja wynik\u00f3w na zadania, optymalizacja kontroli wdro\u017cenia","twitter_description":"Natychmiast przekszta\u0142\u0107 wyniki swoich analiz w dzia\u0142ania. Zdefiniuj zadania i przydziel je swoim pracownikom. Po\u0142\u0105cz te zadania na przyk\u0142ad z projektami, ryzykiem lub mo\u017cliwo\u015bciami. Zdefiniowanie priorytet\u00f3w i monitorowanie ich realizacji.","twitter_image":"https:\/\/parm.com\/wp-content\/uploads\/2022\/03\/myPARM_BI_Tablet_Aufgabenverwaltung-705x1024.png","schema":{"@context":"https:\/\/schema.org","@graph":[{"@type":"WebPage","@id":"https:\/\/parm.com\/pl\/business-intelligence\/system-sterowania\/","url":"https:\/\/parm.com\/pl\/business-intelligence\/system-sterowania\/","name":"System sterowania z myPARM BIact | Parm AG","isPartOf":{"@id":"https:\/\/parm.com\/pl\/#website"},"primaryImageOfPage":{"@id":"https:\/\/parm.com\/pl\/business-intelligence\/system-sterowania\/#primaryimage"},"image":{"@id":"https:\/\/parm.com\/pl\/business-intelligence\/system-sterowania\/#primaryimage"},"thumbnailUrl":"https:\/\/parm.com\/wp-content\/uploads\/2022\/03\/myPARM_BI_Tablet_Aufgabenverwaltung.png","datePublished":"2024-04-10T13:46:44+00:00","dateModified":"2026-03-02T15:18:32+00:00","description":"Natychmiast przekszta\u0142\u0107 wyniki swoich analiz w dzia\u0142ania. Zdefiniuj zadania i przydziel je swoim pracownikom.","breadcrumb":{"@id":"https:\/\/parm.com\/pl\/business-intelligence\/system-sterowania\/#breadcrumb"},"inLanguage":"pl-PL","potentialAction":[{"@type":"ReadAction","target":["https:\/\/parm.com\/pl\/business-intelligence\/system-sterowania\/"]}]},{"@type":"ImageObject","inLanguage":"pl-PL","@id":"https:\/\/parm.com\/pl\/business-intelligence\/system-sterowania\/#primaryimage","url":"https:\/\/parm.com\/wp-content\/uploads\/2022\/03\/myPARM_BI_Tablet_Aufgabenverwaltung.png","contentUrl":"https:\/\/parm.com\/wp-content\/uploads\/2022\/03\/myPARM_BI_Tablet_Aufgabenverwaltung.png","width":1552,"height":2253,"caption":"Zarz\u0105dzanie zadaniami w myPARM"},{"@type":"BreadcrumbList","@id":"https:\/\/parm.com\/pl\/business-intelligence\/system-sterowania\/#breadcrumb","itemListElement":[{"@type":"ListItem","position":1,"name":"Startseite","item":"https:\/\/parm.com\/pl\/"},{"@type":"ListItem","position":2,"name":"Business Intelligence","item":"https:\/\/parm.com\/pl\/business-intelligence\/"},{"@type":"ListItem","position":3,"name":"System sterowania"}]},{"@type":"WebSite","@id":"https:\/\/parm.com\/pl\/#website","url":"https:\/\/parm.com\/pl\/","name":"Parm AG","description":"Successful projects. Swiss quality. Software f\u00fcr Projektmanagement","publisher":{"@id":"https:\/\/parm.com\/pl\/#organization"},"alternateName":"Parm","potentialAction":[{"@type":"SearchAction","target":{"@type":"EntryPoint","urlTemplate":"https:\/\/parm.com\/pl\/?s={search_term_string}"},"query-input":{"@type":"PropertyValueSpecification","valueRequired":true,"valueName":"search_term_string"}}],"inLanguage":"pl-PL"},{"@type":"Organization","@id":"https:\/\/parm.com\/pl\/#organization","name":"Parm AG","alternateName":"Parm","url":"https:\/\/parm.com\/pl\/","logo":{"@type":"ImageObject","inLanguage":"pl-PL","@id":"https:\/\/parm.com\/pl\/#\/schema\/logo\/image\/","url":"https:\/\/parm.com\/wp-content\/uploads\/2021\/11\/Parm_Logo_blue_RGB.png","contentUrl":"https:\/\/parm.com\/wp-content\/uploads\/2021\/11\/Parm_Logo_blue_RGB.png","width":908,"height":228,"caption":"Parm AG"},"image":{"@id":"https:\/\/parm.com\/pl\/#\/schema\/logo\/image\/"},"sameAs":["https:\/\/www.facebook.com\/myparm","https:\/\/www.linkedin.com\/company\/parm-ag","https:\/\/www.xing.com\/pages\/parmag"]}]}},"_links":{"self":[{"href":"https:\/\/parm.com\/pl\/wp-json\/wp\/v2\/pages\/37044","targetHints":{"allow":["GET"]}}],"collection":[{"href":"https:\/\/parm.com\/pl\/wp-json\/wp\/v2\/pages"}],"about":[{"href":"https:\/\/parm.com\/pl\/wp-json\/wp\/v2\/types\/page"}],"author":[{"embeddable":true,"href":"https:\/\/parm.com\/pl\/wp-json\/wp\/v2\/users\/1"}],"replies":[{"embeddable":true,"href":"https:\/\/parm.com\/pl\/wp-json\/wp\/v2\/comments?post=37044"}],"version-history":[{"count":3,"href":"https:\/\/parm.com\/pl\/wp-json\/wp\/v2\/pages\/37044\/revisions"}],"predecessor-version":[{"id":246180,"href":"https:\/\/parm.com\/pl\/wp-json\/wp\/v2\/pages\/37044\/revisions\/246180"}],"up":[{"embeddable":true,"href":"https:\/\/parm.com\/pl\/wp-json\/wp\/v2\/pages\/37068"}],"wp:featuredmedia":[{"embeddable":true,"href":"https:\/\/parm.com\/pl\/wp-json\/wp\/v2\/media\/37045"}],"wp:attachment":[{"href":"https:\/\/parm.com\/pl\/wp-json\/wp\/v2\/media?parent=37044"}],"curies":[{"name":"wp","href":"https:\/\/api.w.org\/{rel}","templated":true}]}}