{"id":36996,"date":"2024-04-10T15:39:28","date_gmt":"2024-04-10T13:39:28","guid":{"rendered":"https:\/\/parm.com\/zarzadzanie-portfelem\/"},"modified":"2026-03-02T16:18:27","modified_gmt":"2026-03-02T15:18:27","slug":"zarzadzanie-portfelem","status":"publish","type":"page","link":"https:\/\/parm.com\/pl\/myparm\/zarzadzanie-portfelem\/","title":{"rendered":"Zarz\u0105dzanie portfelem"},"content":{"rendered":"\n<div class=\"et_pb_section_0 et_pb_section et_section_regular et_block_section et_animated\"><div class=\"et_pb_row_0 et_pb_row et_block_row\"><div class=\"et_pb_column_0 et_pb_column et_pb_column_4_4 et-last-child et_block_column et_pb_css_mix_blend_mode_passthrough\"><div class=\"et_pb_text_0 et_pb_text et_pb_bg_layout_light et_pb_module et_block_module preset--module--divi-text--default\"><div class=\"et_pb_text_inner\" data-et-mv-hidden-phone=\"true\"><h1 style=\"text-align: left;\"><strong>Nadz\u00f3r nad strategi\u0105 biznesow\u0105<br \/><span style=\"color: #c01e2b;\">Zapewnienie wdro\u017cenia i wydajno\u015bci<\/span><\/strong><\/h1>\n<\/div><\/div><\/div><\/div><div class=\"et_pb_row_1 et_pb_row et_block_row\"><div class=\"et_pb_column_1 et_pb_column et_pb_column_3_5 et_block_column et_pb_css_mix_blend_mode_passthrough\"><div class=\"et_pb_text_1 et_pb_text et_pb_bg_layout_light et_pb_module et_block_module preset--module--divi-text--default\"><div class=\"et_pb_text_inner\"><h2>Strategiczne zarz\u0105dzanie portfelem<\/h2>\n<\/div><\/div><div class=\"et_pb_blurb_0 et_pb_blurb et_pb_bg_layout_light et_pb_blurb_position_left et_pb_module et_block_module\"><div class=\"et_pb_blurb_content\"><div class=\"et_pb_main_blurb_image\"><span class=\"et_pb_image_wrap\"><span class=\"et-pb-icon\">R<\/span><\/span><\/div><div class=\"et_pb_blurb_container\"><div class=\"et_pb_blurb_description\"><p><strong>Dla projekt\u00f3w lub produkt\u00f3w<\/strong><\/p>\n<\/div><\/div><\/div><\/div><div class=\"et_pb_blurb_1 et_pb_blurb et_pb_bg_layout_light et_pb_blurb_position_left et_pb_module et_block_module\"><div class=\"et_pb_blurb_content\"><div class=\"et_pb_main_blurb_image\"><span class=\"et_pb_image_wrap\"><span class=\"et-pb-icon\">R<\/span><\/span><\/div><div class=\"et_pb_blurb_container\"><div class=\"et_pb_blurb_description\"><p><strong>Zastosowanie we wszystkich bran\u017cach<\/strong><\/p>\n<\/div><\/div><\/div><\/div><div class=\"et_pb_blurb_2 et_pb_blurb et_pb_bg_layout_light et_pb_blurb_position_left et_pb_module et_block_module\"><div class=\"et_pb_blurb_content\"><div class=\"et_pb_main_blurb_image\"><span class=\"et_pb_image_wrap\"><span class=\"et-pb-icon\">R<\/span><\/span><\/div><div class=\"et_pb_blurb_container\"><div class=\"et_pb_blurb_description\"><p><strong>Por\u00f3wnanie program\u00f3w i portfeli<\/strong><\/p>\n<\/div><\/div><\/div><\/div><\/div><div class=\"et_pb_column_2 et_pb_column et_pb_column_2_5 et-last-child et_block_column et_pb_column_empty et_pb_css_mix_blend_mode_passthrough\"><\/div><\/div><\/div><div class=\"et_pb_section_1 et_pb_section et_section_specialty et_pb_gutters3 et_block_section\"><div class=\"et_pb_row et_block_row\"><div class=\"et_pb_column_3 et_pb_column et_pb_specialty_column et_pb_column_1_2 et_block_column et_pb_css_mix_blend_mode_passthrough\"><div class=\"et_pb_row_inner_0 et_pb_row_inner et_block_row\"><div class=\"et_pb_column_inner_0 et_pb_column_inner et_pb_column et_pb_column_4_4 et-last-child et_block_column et_pb_css_mix_blend_mode_passthrough\"><div class=\"et_pb_text_2 et_pb_text et_pb_bg_layout_light et_animated et_pb_module et_block_module preset--module--divi-text--default\"><div class=\"et_pb_text_inner\"><h2 style=\"text-align: left;\">PLANOWANIE<\/h2>\n<\/div><\/div><div class=\"et_pb_text_3 et_pb_text et_pb_bg_layout_light et_animated et_pb_module et_block_module et_pb_text_align_center preset--module--divi-text--default\"><div class=\"et_pb_text_inner\"><p style=\"text-align: left;\">Planowanie wszystkich projekt\u00f3w i program\u00f3w w organizacji. Ocena szans i zagro\u017ce\u0144 zwi\u0105zanych z nowymi pomys\u0142ami, inicjatywami i projektami w celu podejmowania w\u0142a\u015bciwych decyzji. Przeprowadzenie symulacji przy u\u017cyciu kryteri\u00f3w ilo\u015bciowych i jako\u015bciowych oraz okre\u015blenie priorytet\u00f3w.<\/p>\n<\/div><\/div><div class=\"et_pb_blurb_3 et_pb_blurb et_pb_bg_layout_light et_pb_text_align_center et_pb_blurb_position_left et_animated et_pb_module et_block_module\"><div class=\"et_pb_blurb_content\"><div class=\"et_pb_main_blurb_image\"><span class=\"et_pb_image_wrap\"><span class=\"et-pb-icon\">R<\/span><\/span><\/div><div class=\"et_pb_blurb_container\"><h4 class=\"et_pb_module_header\">Dowolnie definiowalne mapy wynik\u00f3w<\/h4><div class=\"et_pb_blurb_description\"><p style=\"text-align: left;\">dla oceny strategicznej<\/p>\n<\/div><\/div><\/div><\/div><div class=\"et_pb_blurb_4 et_pb_blurb et_pb_bg_layout_light et_pb_text_align_center et_pb_blurb_position_left et_animated et_pb_module et_block_module\"><div class=\"et_pb_blurb_content\"><div class=\"et_pb_main_blurb_image\"><span class=\"et_pb_image_wrap\"><span class=\"et-pb-icon\">R<\/span><\/span><\/div><div class=\"et_pb_blurb_container\"><h4 class=\"et_pb_module_header\">Funkcja analizy<\/h4><\/div><\/div><\/div><div class=\"et_pb_blurb_5 et_pb_blurb et_pb_bg_layout_light et_pb_text_align_center et_pb_blurb_position_left et_animated et_pb_module et_block_module\"><div class=\"et_pb_blurb_content\"><div class=\"et_pb_main_blurb_image\"><span class=\"et_pb_image_wrap\"><span class=\"et-pb-icon\">R<\/span><\/span><\/div><div class=\"et_pb_blurb_container\"><h4 class=\"et_pb_module_header\">Funkcja symulacji<\/h4><\/div><\/div><\/div><div class=\"et_pb_blurb_6 et_pb_blurb et_pb_bg_layout_light et_pb_text_align_center et_pb_blurb_position_left et_animated et_pb_module et_block_module\"><div class=\"et_pb_blurb_content\"><div class=\"et_pb_main_blurb_image\"><span class=\"et_pb_image_wrap\"><span class=\"et-pb-icon\">R<\/span><\/span><\/div><div class=\"et_pb_blurb_container\"><h4 class=\"et_pb_module_header\">Funkcja ustalania priorytet\u00f3w<\/h4><\/div><\/div><\/div><\/div><\/div><\/div><div class=\"et_pb_column_4 et_pb_column et_pb_column_single et_pb_column_1_2 et-last-child et_block_column et_pb_css_mix_blend_mode_passthrough\"><div class=\"et_pb_image_0 et_pb_image et_animated et_pb_module et_block_module\"><a href=\"https:\/\/new-site.parm.com\/wp-content\/uploads\/2023\/01\/Portfolio_Management.jpg\" class=\"et_pb_lightbox_image\" alt=\"Zarz\u0105dzanie portfelem\"><span class=\"et_pb_image_wrap\"><img decoding=\"async\" src=\"https:\/\/new-site.parm.com\/wp-content\/uploads\/2023\/01\/Portfolio_Management.jpg\" title=\"Zarz\u0105dzanie portfelem\" alt=\"Zarz\u0105dzanie portfelem\" \/><\/span><\/a><\/div><\/div><\/div><\/div><div class=\"et_pb_section_2 et_pb_section et_section_specialty et_pb_gutters3 et_block_section\"><div class=\"et_pb_row et_block_row\"><div class=\"et_pb_column_5 et_pb_column et_pb_specialty_column et_pb_column_1_2 et_block_column et_pb_css_mix_blend_mode_passthrough\"><div class=\"et_pb_row_inner_1 et_pb_row_inner et_block_row\"><div class=\"et_pb_column_inner_1 et_pb_column_inner et_pb_column et_pb_column_4_4 et-last-child et_block_column et_pb_css_mix_blend_mode_passthrough\"><div class=\"et_pb_text_4 et_pb_text et_pb_bg_layout_light et_animated et_pb_module et_block_module preset--module--divi-text--default\"><div class=\"et_pb_text_inner\"><h2 style=\"text-align: left;\">WDRO\u017bENIE + KONTROLA<\/h2>\n<\/div><\/div><div class=\"et_pb_text_5 et_pb_text et_pb_bg_layout_light et_animated et_pb_module et_block_module et_pb_text_align_center preset--module--divi-text--default\"><div class=\"et_pb_text_inner\"><p style=\"text-align: left;\">Zarz\u0105dzaj swoim portfolio w oparciu o aktualny status projekt\u00f3w i program\u00f3w.<\/p>\n<\/div><\/div><div class=\"et_pb_blurb_7 et_pb_blurb et_pb_bg_layout_light et_pb_text_align_center et_pb_blurb_position_left et_animated et_pb_module et_block_module\"><div class=\"et_pb_blurb_content\"><div class=\"et_pb_main_blurb_image\"><span class=\"et_pb_image_wrap\"><span class=\"et-pb-icon\">R<\/span><\/span><\/div><div class=\"et_pb_blurb_container\"><h4 class=\"et_pb_module_header\">Bezpo\u015brednio podejmuj dzia\u0142ania i inicjatywy<\/h4><\/div><\/div><\/div><div class=\"et_pb_blurb_8 et_pb_blurb et_pb_bg_layout_light et_pb_text_align_center et_pb_blurb_position_left et_animated et_pb_module et_block_module\"><div class=\"et_pb_blurb_content\"><div class=\"et_pb_main_blurb_image\"><span class=\"et_pb_image_wrap\"><span class=\"et-pb-icon\">R<\/span><\/span><\/div><div class=\"et_pb_blurb_container\"><h4 class=\"et_pb_module_header\">Pulpity nawigacyjne portfela i programu<\/h4><div class=\"et_pb_blurb_description\"><p style=\"text-align: left;\">z przegl\u0105dem projekt\u00f3w i obiekt\u00f3w<\/p>\n<\/div><\/div><\/div><\/div><\/div><\/div><\/div><div class=\"et_pb_column_6 et_pb_column et_pb_column_single et_pb_column_1_2 et-last-child et_block_column et_pb_css_mix_blend_mode_passthrough\"><div class=\"et_pb_image_1 et_pb_image et_pb_module et_block_module\"><a href=\"https:\/\/new-site.parm.com\/wp-content\/uploads\/2023\/01\/Portfolio_Management_-_Timeline.jpg\" class=\"et_pb_lightbox_image\" alt=\"Zarz\u0105dzanie portfelem - o\u015b czasu\"><span class=\"et_pb_image_wrap\"><img decoding=\"async\" src=\"https:\/\/new-site.parm.com\/wp-content\/uploads\/2023\/01\/Portfolio_Management_-_Timeline.jpg\" title=\"Zarz\u0105dzanie portfelem - o\u015b czasu\" alt=\"Zarz\u0105dzanie portfelem - o\u015b czasu\" \/><\/span><\/a><\/div><\/div><\/div><\/div><div class=\"et_pb_section_3 et_pb_section et_section_specialty et_pb_gutters3 et_block_section\"><div class=\"et_pb_row et_block_row\"><div class=\"et_pb_column_7 et_pb_column et_pb_specialty_column et_pb_column_1_2 et_block_column et_pb_css_mix_blend_mode_passthrough\"><div class=\"et_pb_row_inner_2 et_pb_row_inner et_block_row\"><div class=\"et_pb_column_inner_2 et_pb_column_inner et_pb_column et_pb_column_4_4 et-last-child et_block_column et_pb_css_mix_blend_mode_passthrough\"><div class=\"et_pb_text_6 et_pb_text et_pb_bg_layout_light et_animated et_pb_module et_block_module preset--module--divi-text--default\"><div class=\"et_pb_text_inner\"><h2 style=\"text-align: left;\">OCENA<\/h2>\n<\/div><\/div><div class=\"et_pb_text_7 et_pb_text et_pb_bg_layout_light et_animated et_pb_module et_block_module et_pb_text_align_center preset--module--divi-text--default\"><div class=\"et_pb_text_inner\"><p style=\"text-align: left;\">Sprawd\u017a swoje portfele pod k\u0105tem wynik\u00f3w i realizacji cel\u00f3w. Por\u00f3wnanie kluczowych danych operacyjnych i strategicznych w kilku wymiarach.<\/p>\n<\/div><\/div><div class=\"et_pb_blurb_9 et_pb_blurb et_pb_bg_layout_light et_pb_text_align_center et_pb_blurb_position_left et_animated et_pb_module et_block_module\"><div class=\"et_pb_blurb_content\"><div class=\"et_pb_main_blurb_image\"><span class=\"et_pb_image_wrap\"><span class=\"et-pb-icon\">R<\/span><\/span><\/div><div class=\"et_pb_blurb_container\"><h4 class=\"et_pb_module_header\">Wizualizacja wynik\u00f3w<\/h4><div class=\"et_pb_blurb_description\"><p style=\"text-align: left;\">jako\u015bciowych i ilo\u015bciowych<\/p>\n<\/div><\/div><\/div><\/div><div class=\"et_pb_blurb_10 et_pb_blurb et_pb_bg_layout_light et_pb_text_align_center et_pb_blurb_position_left et_animated et_pb_module et_block_module\"><div class=\"et_pb_blurb_content\"><div class=\"et_pb_main_blurb_image\"><span class=\"et_pb_image_wrap\"><span class=\"et-pb-icon\">R<\/span><\/span><\/div><div class=\"et_pb_blurb_container\"><h4 class=\"et_pb_module_header\">Odwzorowanie wynik\u00f3w<\/h4><div class=\"et_pb_blurb_description\"><p style=\"text-align: left;\">prezentowane w oparciu o macierz BCG<\/p>\n<\/div><\/div><\/div><\/div><div class=\"et_pb_blurb_11 et_pb_blurb et_pb_bg_layout_light et_pb_blurb_position_left et_animated et_pb_module et_block_module\"><div class=\"et_pb_blurb_content\"><div class=\"et_pb_main_blurb_image\"><span class=\"et_pb_image_wrap\"><span class=\"et-pb-icon\">R<\/span><\/span><\/div><div class=\"et_pb_blurb_container\"><h4 class=\"et_pb_module_header\">Raportowanie<\/h4><\/div><\/div><\/div><div class=\"et_pb_blurb_12 et_pb_blurb et_pb_bg_layout_light et_pb_text_align_center et_pb_blurb_position_left et_animated et_pb_module et_block_module\"><div class=\"et_pb_blurb_content\"><div class=\"et_pb_main_blurb_image\"><span class=\"et_pb_image_wrap\"><span class=\"et-pb-icon\">R<\/span><\/span><\/div><div class=\"et_pb_blurb_container\"><h4 class=\"et_pb_module_header\">Eksport danych<\/h4><div class=\"et_pb_blurb_description\"><p style=\"text-align: left;\">do popularnych format\u00f3w, takich jak Excel, PPT, Word, PDF, XML itp.<\/p>\n<\/div><\/div><\/div><\/div><div class=\"et_pb_blurb_13 et_pb_blurb et_pb_bg_layout_light et_pb_blurb_position_left et_animated et_pb_module et_block_module\"><div class=\"et_pb_blurb_content\"><div class=\"et_pb_main_blurb_image\"><span class=\"et_pb_image_wrap\"><span class=\"et-pb-icon\">R<\/span><\/span><\/div><div class=\"et_pb_blurb_container\"><h4 class=\"et_pb_module_header\">Standardowe interfejsy<\/h4><div class=\"et_pb_blurb_description\"><p>do importu danych, np. z MS Project, Primavera, Excel, CSV<\/p>\n<\/div><\/div><\/div><\/div><\/div><\/div><\/div><div class=\"et_pb_column_8 et_pb_column et_pb_column_single et_pb_column_1_2 et-last-child et_block_column et_pb_css_mix_blend_mode_passthrough\"><div class=\"et_pb_image_2 et_pb_image et_animated et_pb_module et_block_module\"><a href=\"https:\/\/new-site.parm.com\/wp-content\/uploads\/2023\/01\/Portfolio_Management_-_Financial_Control.jpg\" class=\"et_pb_lightbox_image\" alt=\"Zarz\u0105dzanie portfelem - Kontrola finansowa\"><span class=\"et_pb_image_wrap\"><img decoding=\"async\" src=\"https:\/\/new-site.parm.com\/wp-content\/uploads\/2023\/01\/Portfolio_Management_-_Financial_Control.jpg\" title=\"Zarz\u0105dzanie portfelem - Kontrola finansowa\" alt=\"Zarz\u0105dzanie portfelem - Kontrola finansowa\" \/><\/span><\/a><\/div><\/div><\/div><\/div><div class=\"et_pb_section_4 et_pb_section et_section_regular et_block_section\"><div class=\"et_pb_row_2 et_pb_row et_block_row\"><div class=\"et_pb_column_9 et_pb_column et_pb_column_4_4 et-last-child et_block_column et_pb_css_mix_blend_mode_passthrough\"><div class=\"et_pb_code_0 et_pb_code et_pb_module\"><div class=\"et_pb_code_inner\"><!-- Calendly Badge-Widget Beginn -->\n<link href=\"https:\/\/assets.calendly.com\/assets\/external\/widget.css\" rel=\"stylesheet\">\n<script src=\"https:\/\/assets.calendly.com\/assets\/external\/widget.js\" type=\"text\/javascript\"><\/script>\n<script type=\"text\/javascript\">Calendly.initBadgeWidget({ url: 'https:\/\/calendly.com\/d\/ymv-ffv-cqx', text: 'Termin vereinbaren', color: '#00a2ff', textColor: '#ffffff', branding: false });<\/script>\n<!-- Calendly Badge-Widget Ende -->\n<\/div><\/div><\/div><\/div><\/div>\n","protected":false},"excerpt":{"rendered":"<p>Wspieraj planowanie wszystkich projekt\u00f3w i program\u00f3w w swojej organizacji dzi\u0119ki funkcjom analizy, symulacji i ustalania priorytet\u00f3w. Zarz\u0105dzaj i monitoruj swoje portfolio w oparciu o aktualny stan przez ca\u0142y czas.<\/p>\n","protected":false},"author":1,"featured_media":36997,"parent":37040,"menu_order":0,"comment_status":"closed","ping_status":"closed","template":"","meta":{"footnotes":""},"class_list":["post-36996","page","type-page","status-publish","has-post-thumbnail","hentry"],"yoast_head":"<!-- This site is optimized with the Yoast SEO plugin v27.5 - https:\/\/yoast.com\/product\/yoast-seo-wordpress\/ -->\n<title>Zarz\u0105dzanie portfelem z oprogramowaniem do zarz\u0105dzania projektami myPARM<\/title>\n<meta name=\"description\" content=\"Planowanie i kontrola wszystkich projekt\u00f3w i program\u00f3w z funkcjami analizy, symulacji i ustalania priorytet\u00f3w.\" \/>\n<meta name=\"robots\" content=\"index, follow, max-snippet:-1, max-image-preview:large, max-video-preview:-1\" \/>\n<link rel=\"canonical\" href=\"https:\/\/parm.com\/pl\/myparm\/zarzadzanie-portfelem\/\" \/>\n<meta property=\"og:locale\" content=\"pl_PL\" \/>\n<meta property=\"og:type\" content=\"article\" \/>\n<meta property=\"og:title\" content=\"Zarz\u0105dzanie portfelem za pomoc\u0105 oprogramowania do zarz\u0105dzania projektami myPARM\" \/>\n<meta property=\"og:description\" content=\"Wspieraj planowanie wszystkich projekt\u00f3w i program\u00f3w w swojej organizacji dzi\u0119ki funkcjom analizy, symulacji i ustalania priorytet\u00f3w. Zarz\u0105dzaj i monitoruj swoje portfolio w oparciu o aktualny stan przez ca\u0142y czas.\" \/>\n<meta property=\"og:url\" content=\"https:\/\/parm.com\/pl\/myparm\/zarzadzanie-portfelem\/\" \/>\n<meta property=\"og:site_name\" content=\"Parm AG\" \/>\n<meta property=\"article:publisher\" content=\"https:\/\/www.facebook.com\/myparm\" \/>\n<meta property=\"article:modified_time\" content=\"2026-03-02T15:18:27+00:00\" \/>\n<meta property=\"og:image\" content=\"https:\/\/parm.com\/wp-content\/uploads\/2022\/08\/Header_Portfoliomanagement-1024x474.png\" \/>\n<meta name=\"twitter:card\" content=\"summary_large_image\" \/>\n<meta name=\"twitter:title\" content=\"Zarz\u0105dzanie portfelem za pomoc\u0105 oprogramowania do zarz\u0105dzania projektami myPARM\" \/>\n<meta name=\"twitter:description\" content=\"Wspieraj planowanie wszystkich projekt\u00f3w i program\u00f3w w swojej organizacji dzi\u0119ki funkcjom analizy, symulacji i ustalania priorytet\u00f3w. Zarz\u0105dzaj i monitoruj swoje portfolio w oparciu o aktualny stan przez ca\u0142y czas.\" \/>\n<meta name=\"twitter:image\" content=\"https:\/\/parm.com\/wp-content\/uploads\/2022\/08\/Header_Portfoliomanagement-1024x474.png\" \/>\n<script type=\"application\/ld+json\" class=\"yoast-schema-graph\">{\"@context\":\"https:\\\/\\\/schema.org\",\"@graph\":[{\"@type\":\"WebPage\",\"@id\":\"https:\\\/\\\/parm.com\\\/pl\\\/myparm\\\/zarzadzanie-portfelem\\\/\",\"url\":\"https:\\\/\\\/parm.com\\\/pl\\\/myparm\\\/zarzadzanie-portfelem\\\/\",\"name\":\"Zarz\u0105dzanie portfelem z oprogramowaniem do zarz\u0105dzania projektami myPARM\",\"isPartOf\":{\"@id\":\"https:\\\/\\\/parm.com\\\/pl\\\/#website\"},\"primaryImageOfPage\":{\"@id\":\"https:\\\/\\\/parm.com\\\/pl\\\/myparm\\\/zarzadzanie-portfelem\\\/#primaryimage\"},\"image\":{\"@id\":\"https:\\\/\\\/parm.com\\\/pl\\\/myparm\\\/zarzadzanie-portfelem\\\/#primaryimage\"},\"thumbnailUrl\":\"https:\\\/\\\/parm.com\\\/wp-content\\\/uploads\\\/2022\\\/08\\\/Header_Portfoliomanagement.png\",\"datePublished\":\"2024-04-10T13:39:28+00:00\",\"dateModified\":\"2026-03-02T15:18:27+00:00\",\"description\":\"Planowanie i kontrola wszystkich projekt\u00f3w i program\u00f3w z funkcjami analizy, symulacji i ustalania priorytet\u00f3w.\",\"breadcrumb\":{\"@id\":\"https:\\\/\\\/parm.com\\\/pl\\\/myparm\\\/zarzadzanie-portfelem\\\/#breadcrumb\"},\"inLanguage\":\"pl-PL\",\"potentialAction\":[{\"@type\":\"ReadAction\",\"target\":[\"https:\\\/\\\/parm.com\\\/pl\\\/myparm\\\/zarzadzanie-portfelem\\\/\"]}]},{\"@type\":\"ImageObject\",\"inLanguage\":\"pl-PL\",\"@id\":\"https:\\\/\\\/parm.com\\\/pl\\\/myparm\\\/zarzadzanie-portfelem\\\/#primaryimage\",\"url\":\"https:\\\/\\\/parm.com\\\/wp-content\\\/uploads\\\/2022\\\/08\\\/Header_Portfoliomanagement.png\",\"contentUrl\":\"https:\\\/\\\/parm.com\\\/wp-content\\\/uploads\\\/2022\\\/08\\\/Header_Portfoliomanagement.png\",\"width\":1080,\"height\":500,\"caption\":\"Nag\u0142\u00f3wek zarz\u0105dzania portfelem\"},{\"@type\":\"BreadcrumbList\",\"@id\":\"https:\\\/\\\/parm.com\\\/pl\\\/myparm\\\/zarzadzanie-portfelem\\\/#breadcrumb\",\"itemListElement\":[{\"@type\":\"ListItem\",\"position\":1,\"name\":\"Startseite\",\"item\":\"https:\\\/\\\/parm.com\\\/pl\\\/\"},{\"@type\":\"ListItem\",\"position\":2,\"name\":\"Zarz\u0105dzanie projektami\",\"item\":\"https:\\\/\\\/parm.com\\\/pl\\\/myparm\\\/\"},{\"@type\":\"ListItem\",\"position\":3,\"name\":\"Zarz\u0105dzanie portfelem\"}]},{\"@type\":\"WebSite\",\"@id\":\"https:\\\/\\\/parm.com\\\/pl\\\/#website\",\"url\":\"https:\\\/\\\/parm.com\\\/pl\\\/\",\"name\":\"Parm AG\",\"description\":\"Successful projects. Swiss quality. Software f\u00fcr Projektmanagement\",\"publisher\":{\"@id\":\"https:\\\/\\\/parm.com\\\/pl\\\/#organization\"},\"alternateName\":\"Parm\",\"potentialAction\":[{\"@type\":\"SearchAction\",\"target\":{\"@type\":\"EntryPoint\",\"urlTemplate\":\"https:\\\/\\\/parm.com\\\/pl\\\/?s={search_term_string}\"},\"query-input\":{\"@type\":\"PropertyValueSpecification\",\"valueRequired\":true,\"valueName\":\"search_term_string\"}}],\"inLanguage\":\"pl-PL\"},{\"@type\":\"Organization\",\"@id\":\"https:\\\/\\\/parm.com\\\/pl\\\/#organization\",\"name\":\"Parm AG\",\"alternateName\":\"Parm\",\"url\":\"https:\\\/\\\/parm.com\\\/pl\\\/\",\"logo\":{\"@type\":\"ImageObject\",\"inLanguage\":\"pl-PL\",\"@id\":\"https:\\\/\\\/parm.com\\\/pl\\\/#\\\/schema\\\/logo\\\/image\\\/\",\"url\":\"https:\\\/\\\/parm.com\\\/wp-content\\\/uploads\\\/2021\\\/11\\\/Parm_Logo_blue_RGB.png\",\"contentUrl\":\"https:\\\/\\\/parm.com\\\/wp-content\\\/uploads\\\/2021\\\/11\\\/Parm_Logo_blue_RGB.png\",\"width\":908,\"height\":228,\"caption\":\"Parm AG\"},\"image\":{\"@id\":\"https:\\\/\\\/parm.com\\\/pl\\\/#\\\/schema\\\/logo\\\/image\\\/\"},\"sameAs\":[\"https:\\\/\\\/www.facebook.com\\\/myparm\",\"https:\\\/\\\/www.linkedin.com\\\/company\\\/parm-ag\",\"https:\\\/\\\/www.xing.com\\\/pages\\\/parmag\"]}]}<\/script>\n<!-- \/ Yoast SEO plugin. -->","yoast_head_json":{"title":"Zarz\u0105dzanie portfelem z oprogramowaniem do zarz\u0105dzania projektami myPARM","description":"Planowanie i kontrola wszystkich projekt\u00f3w i program\u00f3w z funkcjami analizy, symulacji i ustalania priorytet\u00f3w.","robots":{"index":"index","follow":"follow","max-snippet":"max-snippet:-1","max-image-preview":"max-image-preview:large","max-video-preview":"max-video-preview:-1"},"canonical":"https:\/\/parm.com\/pl\/myparm\/zarzadzanie-portfelem\/","og_locale":"pl_PL","og_type":"article","og_title":"Zarz\u0105dzanie portfelem za pomoc\u0105 oprogramowania do zarz\u0105dzania projektami myPARM","og_description":"Wspieraj planowanie wszystkich projekt\u00f3w i program\u00f3w w swojej organizacji dzi\u0119ki funkcjom analizy, symulacji i ustalania priorytet\u00f3w. Zarz\u0105dzaj i monitoruj swoje portfolio w oparciu o aktualny stan przez ca\u0142y czas.","og_url":"https:\/\/parm.com\/pl\/myparm\/zarzadzanie-portfelem\/","og_site_name":"Parm AG","article_publisher":"https:\/\/www.facebook.com\/myparm","article_modified_time":"2026-03-02T15:18:27+00:00","og_image":[{"url":"https:\/\/parm.com\/wp-content\/uploads\/2022\/08\/Header_Portfoliomanagement-1024x474.png","type":"","width":"","height":""}],"twitter_card":"summary_large_image","twitter_title":"Zarz\u0105dzanie portfelem za pomoc\u0105 oprogramowania do zarz\u0105dzania projektami myPARM","twitter_description":"Wspieraj planowanie wszystkich projekt\u00f3w i program\u00f3w w swojej organizacji dzi\u0119ki funkcjom analizy, symulacji i ustalania priorytet\u00f3w. Zarz\u0105dzaj i monitoruj swoje portfolio w oparciu o aktualny stan przez ca\u0142y czas.","twitter_image":"https:\/\/parm.com\/wp-content\/uploads\/2022\/08\/Header_Portfoliomanagement-1024x474.png","schema":{"@context":"https:\/\/schema.org","@graph":[{"@type":"WebPage","@id":"https:\/\/parm.com\/pl\/myparm\/zarzadzanie-portfelem\/","url":"https:\/\/parm.com\/pl\/myparm\/zarzadzanie-portfelem\/","name":"Zarz\u0105dzanie portfelem z oprogramowaniem do zarz\u0105dzania projektami myPARM","isPartOf":{"@id":"https:\/\/parm.com\/pl\/#website"},"primaryImageOfPage":{"@id":"https:\/\/parm.com\/pl\/myparm\/zarzadzanie-portfelem\/#primaryimage"},"image":{"@id":"https:\/\/parm.com\/pl\/myparm\/zarzadzanie-portfelem\/#primaryimage"},"thumbnailUrl":"https:\/\/parm.com\/wp-content\/uploads\/2022\/08\/Header_Portfoliomanagement.png","datePublished":"2024-04-10T13:39:28+00:00","dateModified":"2026-03-02T15:18:27+00:00","description":"Planowanie i kontrola wszystkich projekt\u00f3w i program\u00f3w z funkcjami analizy, symulacji i ustalania priorytet\u00f3w.","breadcrumb":{"@id":"https:\/\/parm.com\/pl\/myparm\/zarzadzanie-portfelem\/#breadcrumb"},"inLanguage":"pl-PL","potentialAction":[{"@type":"ReadAction","target":["https:\/\/parm.com\/pl\/myparm\/zarzadzanie-portfelem\/"]}]},{"@type":"ImageObject","inLanguage":"pl-PL","@id":"https:\/\/parm.com\/pl\/myparm\/zarzadzanie-portfelem\/#primaryimage","url":"https:\/\/parm.com\/wp-content\/uploads\/2022\/08\/Header_Portfoliomanagement.png","contentUrl":"https:\/\/parm.com\/wp-content\/uploads\/2022\/08\/Header_Portfoliomanagement.png","width":1080,"height":500,"caption":"Nag\u0142\u00f3wek zarz\u0105dzania portfelem"},{"@type":"BreadcrumbList","@id":"https:\/\/parm.com\/pl\/myparm\/zarzadzanie-portfelem\/#breadcrumb","itemListElement":[{"@type":"ListItem","position":1,"name":"Startseite","item":"https:\/\/parm.com\/pl\/"},{"@type":"ListItem","position":2,"name":"Zarz\u0105dzanie projektami","item":"https:\/\/parm.com\/pl\/myparm\/"},{"@type":"ListItem","position":3,"name":"Zarz\u0105dzanie portfelem"}]},{"@type":"WebSite","@id":"https:\/\/parm.com\/pl\/#website","url":"https:\/\/parm.com\/pl\/","name":"Parm AG","description":"Successful projects. Swiss quality. Software f\u00fcr Projektmanagement","publisher":{"@id":"https:\/\/parm.com\/pl\/#organization"},"alternateName":"Parm","potentialAction":[{"@type":"SearchAction","target":{"@type":"EntryPoint","urlTemplate":"https:\/\/parm.com\/pl\/?s={search_term_string}"},"query-input":{"@type":"PropertyValueSpecification","valueRequired":true,"valueName":"search_term_string"}}],"inLanguage":"pl-PL"},{"@type":"Organization","@id":"https:\/\/parm.com\/pl\/#organization","name":"Parm AG","alternateName":"Parm","url":"https:\/\/parm.com\/pl\/","logo":{"@type":"ImageObject","inLanguage":"pl-PL","@id":"https:\/\/parm.com\/pl\/#\/schema\/logo\/image\/","url":"https:\/\/parm.com\/wp-content\/uploads\/2021\/11\/Parm_Logo_blue_RGB.png","contentUrl":"https:\/\/parm.com\/wp-content\/uploads\/2021\/11\/Parm_Logo_blue_RGB.png","width":908,"height":228,"caption":"Parm AG"},"image":{"@id":"https:\/\/parm.com\/pl\/#\/schema\/logo\/image\/"},"sameAs":["https:\/\/www.facebook.com\/myparm","https:\/\/www.linkedin.com\/company\/parm-ag","https:\/\/www.xing.com\/pages\/parmag"]}]}},"_links":{"self":[{"href":"https:\/\/parm.com\/pl\/wp-json\/wp\/v2\/pages\/36996","targetHints":{"allow":["GET"]}}],"collection":[{"href":"https:\/\/parm.com\/pl\/wp-json\/wp\/v2\/pages"}],"about":[{"href":"https:\/\/parm.com\/pl\/wp-json\/wp\/v2\/types\/page"}],"author":[{"embeddable":true,"href":"https:\/\/parm.com\/pl\/wp-json\/wp\/v2\/users\/1"}],"replies":[{"embeddable":true,"href":"https:\/\/parm.com\/pl\/wp-json\/wp\/v2\/comments?post=36996"}],"version-history":[{"count":3,"href":"https:\/\/parm.com\/pl\/wp-json\/wp\/v2\/pages\/36996\/revisions"}],"predecessor-version":[{"id":246172,"href":"https:\/\/parm.com\/pl\/wp-json\/wp\/v2\/pages\/36996\/revisions\/246172"}],"up":[{"embeddable":true,"href":"https:\/\/parm.com\/pl\/wp-json\/wp\/v2\/pages\/37040"}],"wp:featuredmedia":[{"embeddable":true,"href":"https:\/\/parm.com\/pl\/wp-json\/wp\/v2\/media\/36997"}],"wp:attachment":[{"href":"https:\/\/parm.com\/pl\/wp-json\/wp\/v2\/media?parent=36996"}],"curies":[{"name":"wp","href":"https:\/\/api.w.org\/{rel}","templated":true}]}}