{"id":36974,"date":"2024-04-10T15:39:14","date_gmt":"2024-04-10T13:39:14","guid":{"rendered":"https:\/\/parm.com\/rejestracja-w-tescie\/"},"modified":"2026-03-02T16:18:25","modified_gmt":"2026-03-02T15:18:25","slug":"rejestracja-w-tescie","status":"publish","type":"page","link":"https:\/\/parm.com\/pl\/rejestracja-w-tescie\/","title":{"rendered":"Rejestracja w te\u015bcie"},"content":{"rendered":"\n<div class=\"et_pb_section_0 et_pb_section et_section_regular et_block_section et_animated\"><div class=\"et_pb_row_0 et_pb_row et_block_row\"><div class=\"et_pb_column_0 et_pb_column et_pb_column_4_4 et-last-child et_block_column et_pb_css_mix_blend_mode_passthrough\"><div class=\"et_pb_text_0 et_pb_text et_pb_bg_layout_light et_pb_module et_block_module preset--module--divi-text--default\"><div class=\"et_pb_text_inner\"><h1 style=\"text-align: left;\"><strong>Test myPARM<br \/><span style=\"color: #c01e2b;\">30-dniowy bezp\u0142atny okres pr\u00f3bny<br \/><\/span><\/strong><\/h1>\n<\/div><\/div><\/div><\/div><div class=\"et_pb_row_1 et_pb_row et-vb-row--no-module et_block_row\"><div class=\"et_pb_column_1 et_pb_column et_pb_column_3_5 et_block_column et_pb_column_empty et_pb_css_mix_blend_mode_passthrough\"><\/div><div class=\"et_pb_column_2 et_pb_column et_pb_column_2_5 et-last-child et_block_column et_pb_column_empty et_pb_css_mix_blend_mode_passthrough\"><\/div><\/div><\/div><div class=\"et_pb_section_1 et_pb_section et_section_regular et_block_section\"><div class=\"et_pb_row_2 et_pb_row et_block_row\"><div class=\"et_pb_column_3 et_pb_column et_pb_column_4_4 et-last-child et_block_column et_pb_css_mix_blend_mode_passthrough\"><div class=\"et_pb_text_1 et_pb_text et_pb_bg_layout_light et_pb_module et_block_module preset--module--divi-text--default\"><div class=\"et_pb_text_inner\"><h2>Poznaj oprogramowanie do zarz\u0105dzania projektami myPARM!<\/h2>\n<p>Chcesz pozna\u0107 nasze rozwi\u0105zanie do zarz\u0105dzania projektami i portfelem? Przetestuj nasze narz\u0119dzie do zarz\u0105dzania projektami i portfelami za pomoc\u0105 bezp\u0142atnej osobistej wersji demo.<\/p>\n<p>Prosimy o wype\u0142nienie poni\u017cszego formularza. W ci\u0105gu najbli\u017cszych dw\u00f3ch dni roboczych otrzymasz dost\u0119p do <a href=\"https:\/\/new-site.parm.com\/pl\/myparm\/ceny\/\" target=\"_blank\" rel=\"noopener\" title=\"Por\u00f3wnanie Standard \/ Enterprise\"><strong>standardowej wersji<\/strong> <\/a>myPARM wraz z danymi demonstracyjnymi i b\u0119dziesz m\u00f3g\u0142 korzysta\u0107 z oprogramowania przez 30 dni.<\/p>\n<\/div><\/div><\/div><\/div><div class=\"et_pb_row_3 et_pb_row et_pb_row_3-4_1-4 et_block_row et_block_row_3-4_1-4\"><div class=\"et_pb_column_4 et_pb_column et_pb_column_3_4 et_block_column et_pb_css_mix_blend_mode_passthrough\"><div class=\"et_pb_text_2 et_pb_text et_pb_bg_layout_light et_pb_module et_block_module preset--module--divi-text--default\"><div class=\"et_pb_text_inner\"><p>Wolisz przetestowa\u0107 rozwi\u0105zanie dostosowane do Twoich potrzeb? W takim przypadku <strong>projekt pilota\u017cowy<\/strong> jest idealnym rozwi\u0105zaniem. Zapewniamy zar\u00f3wno wymagane licencje na oprogramowanie, jak i infrastruktur\u0119 w chmurze na potrzeby testu. Umo\u017cliwia to przetestowanie systemu w optymalnych warunkach.<\/p>\n<\/div><\/div><\/div><div class=\"et_pb_column_5 et_pb_column et_pb_column_1_4 et-last-child et_block_column et_pb_css_mix_blend_mode_passthrough\"><div class=\"et_pb_module et_pb_button_module_wrapper et_pb_button_0_wrapper preset--module--divi-button--default_wrapper\"><a class=\"et_pb_button_0 et_pb_button et_pb_bg_layout_light et_pb_module et_block_module preset--module--divi-button--default\" href=\"https:\/\/parm.com\/pilotprojekt\/\">Informacje o projekcie pilota\u017cowym<\/a><\/div><\/div><\/div><div class=\"et_pb_row_4 et_pb_row et_block_row\"><div class=\"et_pb_column_6 et_pb_column et_pb_column_4_4 et-last-child et_block_column et_pb_css_mix_blend_mode_passthrough\"><div class=\"et_pb_code_0 et_pb_code et_pb_module\"><div class=\"et_pb_code_inner\"><!-- START - We recommend to place the below code where you want the form in your website html -->\n<div class=\"sib-form\" style=\"text-align: center;WPML_COMMENT_2844_1|         background-color: transparent;                                 \">\n  <div id=\"sib-form-container\" class=\"sib-form-container\">\n    <div id=\"error-message\" class=\"sib-form-message-panel\" style=\"font-size:16px; text-align:left; font-family:\" helvetica=\"\" sans-serif=\"\" color:=\"\" background-color:=\"\" border-radius:3px=\"\" border-color:=\"\">\n      <div class=\"sib-form-message-panel__text sib-form-message-panel__text--center\">\n        <svg viewbox=\"0 0 512 512\" class=\"sib-icon sib-notification__icon\">\n          <path d=\"M256 40c118.621 0 216 96.075 216 216 0 119.291-96.61 216-216 216-119.244 0-216-96.562-216-216 0-119.203 96.602-216 216-216m0-32C119.043 8 8 119.083 8 256c0 136.997 111.043 248 248 248s248-111.003 248-248C504 119.083 392.957 8 256 8zm-11.49 120h22.979c6.823 0 12.274 5.682 11.99 12.5l-7 168c-.268 6.428-5.556 11.5-11.99 11.5h-8.979c-6.433 0-11.722-5.073-11.99-11.5l-7-168c-.283-6.818 5.167-12.5 11.99-12.5zM256 340c-15.464 0-28 12.536-28 28s12.536 28 28 28 28-12.536 28-28-12.536-28-28-28z\" \/>\n        <\/svg>\n        <span class=\"sib-form-message-panel__inner-text\">\n  Rejestracja nie mog\u0142a zosta\u0107 zapisana. Spr\u00f3buj ponownie.\n                      <\/span>\n      <\/div>\n    <\/div>\n    <div><\/div>\n    <div id=\"success-message\" class=\"sib-form-message-panel\" style=\"font-size:16px; text-align:left; font-family:\" helvetica=\"\" sans-serif=\"\" color:=\"\" background-color:=\"\" border-radius:3px=\"\" border-color:=\"\">\n      <div class=\"sib-form-message-panel__text sib-form-message-panel__text--center\">\n        <svg viewbox=\"0 0 512 512\" class=\"sib-icon sib-notification__icon\">\n          <path d=\"M256 8C119.033 8 8 119.033 8 256s111.033 248 248 248 248-111.033 248-248S392.967 8 256 8zm0 464c-118.664 0-216-96.055-216-216 0-118.663 96.055-216 216-216 118.664 0 216 96.055 216 216 0 118.663-96.055 216-216 216zm141.63-274.961L217.15 376.071c-4.705 4.667-12.303 4.637-16.97-.068l-85.878-86.572c-4.667-4.705-4.637-12.303.068-16.97l8.52-8.451c4.705-4.667 12.303-4.637 16.97.068l68.976 69.533 163.441-162.13c4.705-4.667 12.303-4.637 16.97.068l8.451 8.52c4.668 4.705 4.637 12.303-.068 16.97z\" \/>\n        <\/svg>\n        <span class=\"sib-form-message-panel__inner-text\">\n  Rejestracja przebieg\u0142a pomy\u015blnie. Prosimy o sprawdzenie skrzynki pocztowej i potwierdzenie rejestracji.\n                      <\/span>\n      <\/div>\n    <\/div>\n    <div><\/div>\n    <div id=\"sib-container\" class=\"sib-container--large sib-container--vertical\" style=\"text-align:center; background-color:rgba(27,62,144,1); max-width:1080px; border-radius:3px; border-width:0px; border-color:#C0CCD9; border-style:solid; direction:ltr\">\n       <form id=\"sib-form\" method=\"POST\" action=\"https:\/\/272a17fd.sibforms.com\/serve\/MUIFAAFRgGhoeTyKitZUxDRCoDaE4VUKXWawd0bVDN38IfMued7sKhE_BiqBy-4L2GkLLguElB_gHbGYez0q_beDEaQhNzbHr9DAiasSf1We8Cood6d53kBzrg6eZNg6G0eiHArFghnj5N6QHbsCxjCP7z3QhLPPEezl19P6SSRGIIF9D32bHQ8Ce4TULW3lhBrXXsP94EdACbJb\" data-type=\"subscription\">\n        <div style=\"padding: 8px 0;\">\n          <div class=\"sib-form-block\" style=\"font-size:32px; text-align:left; font-weight:700; font-family:\" helvetica=\"\" sans-serif=\"\" color:=\"\" background-color:transparent=\"\" text-align:left=\"\">\n            <p>Zarejestruj si\u0119 teraz na okres pr\u00f3bny!<\/p>\n          <\/div>\n        <\/div>\n        <div style=\"padding: 8px 0;\">\n          <div class=\"sib-form-block\" style=\"font-size:16px; text-align:left; font-family:\" helvetica=\"\" sans-serif=\"\" color:=\"\" background-color:transparent=\"\" text-align:left=\"\">\n            <div class=\"sib-text-form-block\">\n          <\/div>\n        <\/div>\n<div style=\"padding: 8px 0;\">\n          <div class=\"sib-radiobutton-group sib-form-block\" data-required=\"true\">\n            <div class=\"form__entry entry_mcq\">\n              <div class=\"form__label-row \">\n                \n                <div>\n                  <div class=\"entry__choice\" style=\"\">\n                    <label>\n                      <input \/type=\"radio\" name=\"SALUTATION\" class=\"input_replaced\" value=\"1\" required>\n                      <span class=\"radio-button\" style=\"margin-left: \"><\/span><span style=\"font-size:16px; text-align:left; font-family:\"Helvetica\", sans-serif; color:#ffffff; background-color:transparent;\">Pan<\/span> <\/label>\n                  <\/div>\n                  <div class=\"entry__choice\" style=\"\">\n                    <label>\n                      <input \/type=\"radio\" name=\"SALUTATION\" class=\"input_replaced\" value=\"2\" required>\n                      <span class=\"radio-button\" style=\"margin-left: \"><\/span><span style=\"font-size:16px; text-align:left; font-family:\"Helvetica\", sans-serif; color:#ffffff; background-color:transparent;\">Pani<\/span> <\/label>\n                  <\/div>\n                <\/div>\n              <\/div>\n              <label class=\"entry__error entry__error--primary\" style=\"font-size:16px; text-align:left; font-family:\"Helvetica\", sans-serif; color:#661d1d; background-color:#ffeded; border-radius:3px; border-color:#ff4949;\">\n              <\/label>\n            <\/div>\n          <\/div>\n        <\/div>\n\n        <div style=\"padding: 8px 0;\">\n          <div class=\"sib-input sib-form-block\">\n            <div class=\"form__entry entry_block\">\n              <div class=\"form__label-row \">\n\n                <div class=\"entry__field\">\n                  <input class=\"input \" maxlength=\"200\" type=\"text\" id=\"VORNAME\" name=\"VORNAME\" autocomplete=\"off\" placeholder=\"IMI\u0118\" data-required=\"true\" required=\"\">\n                <\/div>\n              <\/div>\n\n              <label class=\"entry__error entry__error--primary\" style=\"font-size:16px; text-align:left; font-family:\" helvetica=\"\" sans-serif=\"\" color:=\"\" background-color:=\"\" border-radius:3px=\"\" border-color:=\"\">\n              <\/label>\n            <\/div>\n          <\/div>\n        <\/div>\n        <div style=\"padding: 8px 0;\">\n          <div class=\"sib-input sib-form-block\">\n            <div class=\"form__entry entry_block\">\n              <div class=\"form__label-row \">\n\n                <div class=\"entry__field\">\n                  <input class=\"input \" maxlength=\"200\" type=\"text\" id=\"NACHNAME\" name=\"NACHNAME\" autocomplete=\"off\" placeholder=\"NAZWISKO\" data-required=\"true\" required=\"\">\n                <\/div>\n              <\/div>\n\n              <label class=\"entry__error entry__error--primary\" style=\"font-size:16px; text-align:left; font-family:\" helvetica=\"\" sans-serif=\"\" color:=\"\" background-color:=\"\" border-radius:3px=\"\" border-color:=\"\">\n              <\/label>\n            <\/div>\n          <\/div>\n        <\/div>\n        <div style=\"padding: 8px 0;\">\n          <div class=\"sib-input sib-form-block\">\n            <div class=\"form__entry entry_block\">\n              <div class=\"form__label-row \">\n\n                <div class=\"entry__field\">\n                  <input class=\"input \" maxlength=\"200\" type=\"text\" id=\"FIRMA\" name=\"FIRMA\" autocomplete=\"off\" placeholder=\"FIRMA\" data-required=\"true\" required=\"\">\n                <\/div>\n              <\/div>\n\n              <label class=\"entry__error entry__error--primary\" style=\"font-size:16px; text-align:left; font-family:\" helvetica=\"\" sans-serif=\"\" color:=\"\" background-color:=\"\" border-radius:3px=\"\" border-color:=\"\">\n              <\/label>\n            <\/div>\n          <\/div>\n        <\/div>\n        <div style=\"padding: 8px 0;\">\n          <div class=\"sib-input sib-form-block\">\n            <div class=\"form__entry entry_block\">\n              <div class=\"form__label-row \">\n                <div class=\"entry__field\">\n                  <input maxlength=\"200\" type=\"text\" data-numeric=\"true\" class=\"input \" id=\"TELEFONNUMMER\" name=\"TELEFONNUMMER\" autocomplete=\"off\" placeholder=\"NUMER TELEFONU\" data-required=\"true\" required=\"\">\n                <\/div>\n              <\/div>\n              <label class=\"entry__error entry__error--primary\" style=\"font-size:16px; text-align:left; font-family:\" helvetica=\"\" sans-serif=\"\" color:=\"\" background-color:=\"\" border-radius:3px=\"\" border-color:=\"\">\n              <\/label>\n            <\/div>\n          <\/div>\n        <\/div>\n        <div style=\"padding: 8px 0;\">\n          <div class=\"sib-radiobutton-group sib-form-block\" data-required=\"true\">\n            <div class=\"form__entry entry_mcq\">\n              <div class=\"form__label-row \">\n                <label class=\"entry__label\" style=\"font-weight: 700; text-align:left; font-size:16px; text-align:left; font-weight:700; font-family:\" helvetica=\"\" sans-serif=\"\" color:=\"\" for=\"IMPLEMENTATIONTIME\" data-required=\"*\">Kiedy planowane jest wprowadzenie oprogramowania do zarz\u0105dzania projektami?<\/label>\n                                <div>\n                  <div class=\"entry__choice\" style=\"\">\n                    <label>\n                      <input type=\"radio\" name=\"IMPLEMENTATIONTIME\" class=\"input_replaced\" value=\"1\" required>\n                      <span class=\"radio-button\" style=\"margin-left: \"><\/span><span style=\"font-size:16px; text-align:left; font-family:\"Helvetica\", sans-serif; color:#ffffff; background-color:transparent;\">< 3 miesi\u0105ce<\/span> <\/label>\n                  <\/div>\n                  <div class=\"entry__choice\" style=\"\">\n                    <label>\n                      <input type=\"radio\" name=\"IMPLEMENTATIONTIME\" class=\"input_replaced\" value=\"2\" required>\n\n                      <span class=\"radio-button\" style=\"margin-left: \"><\/span><span style=\"font-size:16px; text-align:left; font-family:\"Helvetica\", sans-serif; color:#ffffff; background-color:transparent;\">3 - 6 miesi\u0119cy<\/span> <\/label>\n                  <\/div>\n                  <div class=\"entry__choice\" style=\"\">\n                    <label>\n                      <input type=\"radio\" name=\"IMPLEMENTATIONTIME\" class=\"input_replaced\" value=\"3\" required>\n\n                      <span class=\"radio-button\" style=\"margin-left: \"><\/span><span style=\"font-size:16px; text-align:left; font-family:\"Helvetica\", sans-serif; color:#ffffff; background-color:transparent;\">> 6 miesi\u0119cy<\/span> <\/label>\n                  <\/div>\n                <\/div>\n              <\/div>\n              <label class=\"entry__error entry__error--primary\" style=\"font-size:16px; text-align:left; font-family:\"Helvetica\", sans-serif; color:#661d1d; background-color:#ffeded; border-radius:3px; border-color:#ff4949;\">\n              <\/label>\n            <\/div>\n          <\/div>\n        <\/div>\n        <div style=\"padding: 8px 0;\">\n          <div class=\"sib-input sib-form-block\">\n            <div class=\"form__entry entry_block\">\n              <div class=\"form__label-row \">\n\n                <div class=\"entry__field\">\n                  <input class=\"input \" type=\"text\" id=\"EMAIL\" name=\"EMAIL\" autocomplete=\"off\" placeholder=\"EMAIL\" data-required=\"true\" required=\"\">\n                <\/div>\n              <\/div>\n\n              <label class=\"entry__error entry__error--primary\" style=\"font-size:16px; text-align:left; font-family:\" helvetica=\"\" sans-serif=\"\" color:=\"\" background-color:=\"\" border-radius:3px=\"\" border-color:=\"\">\n              <\/label>\n            <\/div>\n          <\/div>\n        <\/div>\n        <div style=\"padding: 8px 0;\">\n          <div class=\"sib-optin sib-form-block\" data-required=\"true\">\n            <div class=\"form__entry entry_mcq\">\n              <div class=\"form__label-row \">\n                <div class=\"entry__choice\" style=\"\">\n                  <label>\n                    <input type=\"checkbox\" class=\"input_replaced\" value=\"1\" id=\"PERSONALISIERTES_TRACKING\" name=\"PERSONALISIERTES_TRACKING\" required=\"\">\n                    <span class=\"checkbox checkbox_tick_positive\" style=\"margin-left:\"><\/span><span style=\"font-size:14px; text-align:left; font-family:\" helvetica=\"\" sans-serif=\"\" color:=\"\" background-color:transparent=\"\">\n<p>Wyra\u017cam zgod\u0119 na gromadzenie moich danych przez Parm AG i kontaktowanie si\u0119 ze mn\u0105 w celu zapewnienia mi pr\u00f3bnego dost\u0119pu do oprogramowania do zarz\u0105dzania projektami myPARM.<\/p><span data-required=\"*\" style=\"display: inline;\" class=\"entry__label entry__label_optin\"><\/span><\/span> <\/label>\n                <\/div>\n              <\/div>\n              <label class=\"entry__error entry__error--primary\" style=\"font-size:16px; text-align:left; font-family:\" helvetica=\"\" sans-serif=\"\" color:=\"\" background-color:=\"\" border-radius:3px=\"\" border-color:=\"\">\n              <\/label>\n            <\/div>\n          <\/div>\n        <\/div>\n        <div style=\"padding: 8px 0;\">\n          <div class=\"sib-optin sib-form-block\" data-required=\"true\">\n            <div class=\"form__entry entry_mcq\">\n              <div class=\"form__label-row \">\n                <div class=\"entry__choice\" style=\"\">\n                  <label>\n                    <input type=\"checkbox\" class=\"input_replaced\" value=\"1\" id=\"OPT_IN\" name=\"OPT_IN\" required=\"\">\n                    <span class=\"checkbox checkbox_tick_positive\" style=\"margin-left:\"><\/span><span style=\"font-size:14px; text-align:left; font-family:\" helvetica=\"\" sans-serif=\"\" color:=\"\" background-color:transparent=\"\">\n<p>Wyra\u017cam zgod\u0119 na otrzymywanie w przysz\u0142o\u015bci comiesi\u0119cznego newslettera od Parm AG, kt\u00f3ry b\u0119dzie dostosowany do moich zainteresowa\u0144. Zapozna\u0142em si\u0119 z <a href=\"https:\/\/new-site.parm.com\/pl\/ochrona-danych\/\" target=\"_blank\" rel=\"noopener\">polityk\u0105 <\/a>prywatno\u015bci i akceptuj\u0119 j\u0105. U\u017cytkownik mo\u017ce w dowolnym momencie zrezygnowa\u0107 z subskrypcji biuletynu.<\/p><span data-required=\"*\" style=\"display: inline;\" class=\"entry__label entry__label_optin\"><\/span><\/span> <\/label>\n                <\/div>\n              <\/div>\n              <label class=\"entry__error entry__error--primary\" style=\"font-size:16px; text-align:left; font-family:\" helvetica=\"\" sans-serif=\"\" color:=\"\" background-color:=\"\" border-radius:3px=\"\" border-color:=\"\">\n              <\/label>\n            <\/div>\n          <\/div>\n        <\/div>\n        <div style=\"padding: 8px 0;\">\n          <div class=\"sib-form-block\" style=\"text-align: left\">\n            <button class=\"sib-form-block__button sib-form-block__button-with-loader\" style=\"font-size:16px; text-align:left; font-weight:700; font-family:\" helvetica=\"\" sans-serif=\"\" color:=\"\" background-color:=\"\" border-radius:3px=\"\" border-width:0px=\"\" form=\"sib-form\" type=\"submit\">\n              <svg class=\"icon clickable__icon progress-indicator__icon sib-hide-loader-icon\" viewbox=\"0 0 512 512\">\n                <path d=\"M460.116 373.846l-20.823-12.022c-5.541-3.199-7.54-10.159-4.663-15.874 30.137-59.886 28.343-131.652-5.386-189.946-33.641-58.394-94.896-95.833-161.827-99.676C261.028 55.961 256 50.751 256 44.352V20.309c0-6.904 5.808-12.337 12.703-11.982 83.556 4.306 160.163 50.864 202.11 123.677 42.063 72.696 44.079 162.316 6.031 236.832-3.14 6.148-10.75 8.461-16.728 5.01z\" \/>\n              <\/svg>\n  REJESTRACJA\n            <\/button>\n<\/span>\n          <\/div>\n        <\/div>\n\n        <input type=\"text\" name=\"email_address_check\" value=\"\" class=\"input--hidden\">\n        <input type=\"hidden\" name=\"locale\" value=\"pl\">\n      <\/form>\n    <\/div>\n  <\/div>\n<\/div>\n<!-- END - We recommend to place the below code where you want the form in your website html -->\n<\/div><\/div><\/div><\/div><\/div>\n","protected":false},"excerpt":{"rendered":"","protected":false},"author":1,"featured_media":0,"parent":0,"menu_order":0,"comment_status":"closed","ping_status":"closed","template":"","meta":{"footnotes":""},"class_list":["post-36974","page","type-page","status-publish","hentry"],"yoast_head":"<!-- This site is optimized with the Yoast SEO plugin v27.5 - https:\/\/yoast.com\/product\/yoast-seo-wordpress\/ -->\n<title>Rejestracja w te\u015bcie | Parm AG<\/title>\n<meta name=\"robots\" content=\"index, follow, max-snippet:-1, max-image-preview:large, max-video-preview:-1\" \/>\n<link rel=\"canonical\" href=\"https:\/\/parm.com\/pl\/rejestracja-w-tescie\/\" \/>\n<meta property=\"og:locale\" content=\"pl_PL\" \/>\n<meta property=\"og:type\" content=\"article\" \/>\n<meta property=\"og:title\" content=\"Rejestracja w te\u015bcie | Parm AG\" \/>\n<meta property=\"og:url\" content=\"https:\/\/parm.com\/pl\/rejestracja-w-tescie\/\" \/>\n<meta property=\"og:site_name\" content=\"Parm AG\" \/>\n<meta property=\"article:publisher\" content=\"https:\/\/www.facebook.com\/myparm\" \/>\n<meta property=\"article:modified_time\" content=\"2026-03-02T15:18:25+00:00\" \/>\n<meta name=\"twitter:card\" content=\"summary_large_image\" \/>\n<script type=\"application\/ld+json\" class=\"yoast-schema-graph\">{\"@context\":\"https:\\\/\\\/schema.org\",\"@graph\":[{\"@type\":\"WebPage\",\"@id\":\"https:\\\/\\\/parm.com\\\/pl\\\/rejestracja-w-tescie\\\/\",\"url\":\"https:\\\/\\\/parm.com\\\/pl\\\/rejestracja-w-tescie\\\/\",\"name\":\"Rejestracja w te\u015bcie | Parm AG\",\"isPartOf\":{\"@id\":\"https:\\\/\\\/parm.com\\\/pl\\\/#website\"},\"datePublished\":\"2024-04-10T13:39:14+00:00\",\"dateModified\":\"2026-03-02T15:18:25+00:00\",\"breadcrumb\":{\"@id\":\"https:\\\/\\\/parm.com\\\/pl\\\/rejestracja-w-tescie\\\/#breadcrumb\"},\"inLanguage\":\"pl-PL\",\"potentialAction\":[{\"@type\":\"ReadAction\",\"target\":[\"https:\\\/\\\/parm.com\\\/pl\\\/rejestracja-w-tescie\\\/\"]}]},{\"@type\":\"BreadcrumbList\",\"@id\":\"https:\\\/\\\/parm.com\\\/pl\\\/rejestracja-w-tescie\\\/#breadcrumb\",\"itemListElement\":[{\"@type\":\"ListItem\",\"position\":1,\"name\":\"Startseite\",\"item\":\"https:\\\/\\\/parm.com\\\/pl\\\/\"},{\"@type\":\"ListItem\",\"position\":2,\"name\":\"Rejestracja w te\u015bcie\"}]},{\"@type\":\"WebSite\",\"@id\":\"https:\\\/\\\/parm.com\\\/pl\\\/#website\",\"url\":\"https:\\\/\\\/parm.com\\\/pl\\\/\",\"name\":\"Parm AG\",\"description\":\"Successful projects. Swiss quality. Software f\u00fcr Projektmanagement\",\"publisher\":{\"@id\":\"https:\\\/\\\/parm.com\\\/pl\\\/#organization\"},\"alternateName\":\"Parm\",\"potentialAction\":[{\"@type\":\"SearchAction\",\"target\":{\"@type\":\"EntryPoint\",\"urlTemplate\":\"https:\\\/\\\/parm.com\\\/pl\\\/?s={search_term_string}\"},\"query-input\":{\"@type\":\"PropertyValueSpecification\",\"valueRequired\":true,\"valueName\":\"search_term_string\"}}],\"inLanguage\":\"pl-PL\"},{\"@type\":\"Organization\",\"@id\":\"https:\\\/\\\/parm.com\\\/pl\\\/#organization\",\"name\":\"Parm AG\",\"alternateName\":\"Parm\",\"url\":\"https:\\\/\\\/parm.com\\\/pl\\\/\",\"logo\":{\"@type\":\"ImageObject\",\"inLanguage\":\"pl-PL\",\"@id\":\"https:\\\/\\\/parm.com\\\/pl\\\/#\\\/schema\\\/logo\\\/image\\\/\",\"url\":\"https:\\\/\\\/parm.com\\\/wp-content\\\/uploads\\\/2021\\\/11\\\/Parm_Logo_blue_RGB.png\",\"contentUrl\":\"https:\\\/\\\/parm.com\\\/wp-content\\\/uploads\\\/2021\\\/11\\\/Parm_Logo_blue_RGB.png\",\"width\":908,\"height\":228,\"caption\":\"Parm AG\"},\"image\":{\"@id\":\"https:\\\/\\\/parm.com\\\/pl\\\/#\\\/schema\\\/logo\\\/image\\\/\"},\"sameAs\":[\"https:\\\/\\\/www.facebook.com\\\/myparm\",\"https:\\\/\\\/www.linkedin.com\\\/company\\\/parm-ag\",\"https:\\\/\\\/www.xing.com\\\/pages\\\/parmag\"]}]}<\/script>\n<!-- \/ Yoast SEO plugin. -->","yoast_head_json":{"title":"Rejestracja w te\u015bcie | Parm AG","robots":{"index":"index","follow":"follow","max-snippet":"max-snippet:-1","max-image-preview":"max-image-preview:large","max-video-preview":"max-video-preview:-1"},"canonical":"https:\/\/parm.com\/pl\/rejestracja-w-tescie\/","og_locale":"pl_PL","og_type":"article","og_title":"Rejestracja w te\u015bcie | Parm AG","og_url":"https:\/\/parm.com\/pl\/rejestracja-w-tescie\/","og_site_name":"Parm AG","article_publisher":"https:\/\/www.facebook.com\/myparm","article_modified_time":"2026-03-02T15:18:25+00:00","twitter_card":"summary_large_image","schema":{"@context":"https:\/\/schema.org","@graph":[{"@type":"WebPage","@id":"https:\/\/parm.com\/pl\/rejestracja-w-tescie\/","url":"https:\/\/parm.com\/pl\/rejestracja-w-tescie\/","name":"Rejestracja w te\u015bcie | Parm AG","isPartOf":{"@id":"https:\/\/parm.com\/pl\/#website"},"datePublished":"2024-04-10T13:39:14+00:00","dateModified":"2026-03-02T15:18:25+00:00","breadcrumb":{"@id":"https:\/\/parm.com\/pl\/rejestracja-w-tescie\/#breadcrumb"},"inLanguage":"pl-PL","potentialAction":[{"@type":"ReadAction","target":["https:\/\/parm.com\/pl\/rejestracja-w-tescie\/"]}]},{"@type":"BreadcrumbList","@id":"https:\/\/parm.com\/pl\/rejestracja-w-tescie\/#breadcrumb","itemListElement":[{"@type":"ListItem","position":1,"name":"Startseite","item":"https:\/\/parm.com\/pl\/"},{"@type":"ListItem","position":2,"name":"Rejestracja w te\u015bcie"}]},{"@type":"WebSite","@id":"https:\/\/parm.com\/pl\/#website","url":"https:\/\/parm.com\/pl\/","name":"Parm AG","description":"Successful projects. Swiss quality. Software f\u00fcr Projektmanagement","publisher":{"@id":"https:\/\/parm.com\/pl\/#organization"},"alternateName":"Parm","potentialAction":[{"@type":"SearchAction","target":{"@type":"EntryPoint","urlTemplate":"https:\/\/parm.com\/pl\/?s={search_term_string}"},"query-input":{"@type":"PropertyValueSpecification","valueRequired":true,"valueName":"search_term_string"}}],"inLanguage":"pl-PL"},{"@type":"Organization","@id":"https:\/\/parm.com\/pl\/#organization","name":"Parm AG","alternateName":"Parm","url":"https:\/\/parm.com\/pl\/","logo":{"@type":"ImageObject","inLanguage":"pl-PL","@id":"https:\/\/parm.com\/pl\/#\/schema\/logo\/image\/","url":"https:\/\/parm.com\/wp-content\/uploads\/2021\/11\/Parm_Logo_blue_RGB.png","contentUrl":"https:\/\/parm.com\/wp-content\/uploads\/2021\/11\/Parm_Logo_blue_RGB.png","width":908,"height":228,"caption":"Parm AG"},"image":{"@id":"https:\/\/parm.com\/pl\/#\/schema\/logo\/image\/"},"sameAs":["https:\/\/www.facebook.com\/myparm","https:\/\/www.linkedin.com\/company\/parm-ag","https:\/\/www.xing.com\/pages\/parmag"]}]}},"_links":{"self":[{"href":"https:\/\/parm.com\/pl\/wp-json\/wp\/v2\/pages\/36974","targetHints":{"allow":["GET"]}}],"collection":[{"href":"https:\/\/parm.com\/pl\/wp-json\/wp\/v2\/pages"}],"about":[{"href":"https:\/\/parm.com\/pl\/wp-json\/wp\/v2\/types\/page"}],"author":[{"embeddable":true,"href":"https:\/\/parm.com\/pl\/wp-json\/wp\/v2\/users\/1"}],"replies":[{"embeddable":true,"href":"https:\/\/parm.com\/pl\/wp-json\/wp\/v2\/comments?post=36974"}],"version-history":[{"count":3,"href":"https:\/\/parm.com\/pl\/wp-json\/wp\/v2\/pages\/36974\/revisions"}],"predecessor-version":[{"id":246168,"href":"https:\/\/parm.com\/pl\/wp-json\/wp\/v2\/pages\/36974\/revisions\/246168"}],"wp:attachment":[{"href":"https:\/\/parm.com\/pl\/wp-json\/wp\/v2\/media?parent=36974"}],"curies":[{"name":"wp","href":"https:\/\/api.w.org\/{rel}","templated":true}]}}