{"id":249457,"date":"2026-05-07T06:54:50","date_gmt":"2026-05-07T04:54:50","guid":{"rendered":"https:\/\/parm.com\/kariera\/"},"modified":"2026-05-07T06:54:51","modified_gmt":"2026-05-07T04:54:51","slug":"kariera","status":"publish","type":"page","link":"https:\/\/parm.com\/pl\/kariera\/","title":{"rendered":"Kariera"},"content":{"rendered":"<div class=\"et_pb_section_0 et_pb_section et_section_regular et_block_section et_animated\">\n<div class=\"et_pb_row_0 et_pb_row et_block_row\">\n<div class=\"et_pb_column_0 et_pb_column et_pb_column_4_4 et-last-child et_block_column et_pb_css_mix_blend_mode_passthrough\">\n<div class=\"et_pb_text_0 et_pb_text et_pb_bg_layout_light et_pb_module et_block_module preset--module--divi-text--default\"><div class=\"et_pb_text_inner\" data-et-mv-hidden-tablet=\"true\" data-et-mv-hidden-phone=\"true\"><h1 style=\"text-align: left;\"><strong>Czy chcesz co\u015b zmieni\u0107?<br \/><span style=\"color: #c01e2b;\">Sta\u0144 si\u0119 cz\u0119\u015bci\u0105 naszego zespo\u0142u!<br \/><\/span><\/strong><\/h1>\n<\/div><\/div>\n<\/div>\n<\/div>\n<\/div>\n\n<div class=\"et_pb_section_1 et_pb_section et_section_regular et_block_section\">\n<div class=\"et_pb_row_1 et_pb_row et_pb_row_4col et_block_row et_block_row_4col\">\n<div class=\"et_pb_column_1 et_pb_column et_pb_column_1_4 et_block_column et_pb_css_mix_blend_mode_passthrough\">\n<div class=\"et_pb_module et_pb_button_module_wrapper et_pb_button_0_wrapper preset--module--divi-button--default_wrapper\"><a class=\"et_pb_button_0 et_pb_button et_pb_bg_layout_light et_pb_module et_block_module preset--module--divi-button--default\" href=\"https:\/\/parm.com\/karriere\/#sw-en\">In\u017cynier ds. rozwi\u0105za\u0144 \/ kierownik ds. wdro\u017ce\u0144 (m\/k\/d)<\/a><\/div>\n<\/div>\n\n<div class=\"et_pb_column_2 et_pb_column et_pb_column_1_4 et_block_column et_pb_css_mix_blend_mode_passthrough\">\n<div class=\"et_pb_module et_pb_button_module_wrapper et_pb_button_1_wrapper preset--module--divi-button--default_wrapper\"><a class=\"et_pb_button_1 et_pb_button et_pb_bg_layout_light et_pb_module et_block_module preset--module--divi-button--default\" href=\"https:\/\/parm.com\/karriere\/#sr-benelux\">Kierownik sprzeda\u017cy oprogramowania - Beneluks (m\/k\/d)<\/a><\/div>\n<\/div>\n\n<div class=\"et_pb_column_3 et_pb_column et_pb_column_1_4 et_block_column et_pb_column_empty et_pb_css_mix_blend_mode_passthrough\"><\/div>\n\n<div class=\"et_pb_column_4 et_pb_column et_pb_column_1_4 et-last-child et_block_column et_pb_column_empty et_pb_css_mix_blend_mode_passthrough\"><\/div>\n<\/div>\n<\/div>\n\n<div class=\"et_pb_section_2 et_pb_section et_section_regular et_block_section\">\n<div class=\"et_pb_row_2 et_pb_row et_block_row\" id=\"sw-en\">\n<div class=\"et_pb_column_5 et_pb_column et_pb_column_4_4 et-last-child et_block_column et_pb_css_mix_blend_mode_passthrough\">\n<div class=\"et_pb_text_1 et_pb_text et_pb_bg_layout_light et_pb_module et_block_module preset--module--divi-text--default\"><div class=\"et_pb_text_inner\"><h2>In\u017cynier ds. rozwi\u0105za\u0144 \/ kierownik ds. wdra\u017cania oprogramowania - DACH + Francja (m\/k\/d)<\/h2>\n<p>Jako kierownik ds. wdra\u017cania oprogramowania (m\/k\/d) b\u0119dziesz wspiera\u0107 naszych klient\u00f3w w regionie DACH i francuskoj\u0119zycznym w pomy\u015blnym wdra\u017caniu naszego oprogramowania do zarz\u0105dzania projektami i portfelem - od analizy wymaga\u0144 po uruchomienie.<\/p>\n<h3>Twoje zadania<\/h3>\n<p>Twoje zadania b\u0119d\u0105 obejmowa\u0107<\/p>\n<ul>\n<li>Prowadzenie skutecznych prezentacji, demonstracji specyficznych dla klienta, dyskusji technicznych i interaktywnych warsztat\u00f3w w celu optymalizacji rozwi\u0105za\u0144.<\/li>\n<li>Opracowanie strategii technicznej i dostosowanego planu zaanga\u017cowania we wsp\u00f3\u0142pracy z zespo\u0142em sprzeda\u017cy, w tym identyfikacja kluczowych rynk\u00f3w, przypadk\u00f3w u\u017cycia i priorytetowych rozwi\u0105za\u0144.<\/li>\n<li>Planowanie, zarz\u0105dzanie i realizacja projekt\u00f3w wdra\u017cania oprogramowania dla naszych klient\u00f3w<\/li>\n<li>Analizowanie wymaga\u0144 klient\u00f3w i opracowywanie niestandardowych rozwi\u0105za\u0144<\/li>\n<li>Zarz\u0105dzanie warsztatami dotycz\u0105cymi mapowania proces\u00f3w, definiowania wymaga\u0144 i konfiguracji systemu<\/li>\n<li>Wsparcie przy migracji danych, integracji system\u00f3w i pod\u0142\u0105czaniu interfejs\u00f3w<\/li>\n<li>Szkolenie u\u017cytkownik\u00f3w i kluczowych u\u017cytkownik\u00f3w, a tak\u017ce bie\u017c\u0105ce wsparcie po uruchomieniu.<\/li>\n<li>Koordynacja pomi\u0119dzy wewn\u0119trznymi zespo\u0142ami (rozw\u00f3j, wsparcie, sprzeda\u017c) i zewn\u0119trznymi interesariuszami.<\/li>\n<li>Wspieranie zespo\u0142u sprzeda\u017cy poprzez demonstracje oprogramowania<\/li>\n<li>Wspieranie zespo\u0142u sprzeda\u017cy w udzielaniu odpowiedzi na pytania techniczne i funkcjonalne w kontek\u015bcie przetarg\u00f3w (RFI, RFQ, RFP) w celu przygotowania konkurencyjnych ofert.<\/li>\n<li>Zapewnienie wysokiego poziomu satysfakcji klienta i ci\u0105g\u0142a optymalizacja proces\u00f3w wdro\u017ceniowych (efektywno\u015b\u0107, jako\u015b\u0107 i wydajno\u015b\u0107).<\/li>\n<\/ul>\n<h3><\/h3>\n<h3>Co zabra\u0107 ze sob\u0105<\/h3>\n<ul>\n<li>Uko\u0144czone studia w zakresie informatyki (biznesowej), in\u017cynierii, administracji biznesowej lub por\u00f3wnywalne kwalifikacje<\/li>\n<li>Kilkuletnie do\u015bwiadczenie we wdra\u017caniu oprogramowania biznesowego, najlepiej w obszarach oprogramowania do zarz\u0105dzania projektami, ERP, CRM lub podobnych z\u0142o\u017conych rozwi\u0105za\u0144 biznesowych.<\/li>\n<li>Solidna znajomo\u015b\u0107 proces\u00f3w biznesowych, zw\u0142aszcza w \u015brodowisku zarz\u0105dzania projektami<\/li>\n<li>Idealne certyfikaty w \u015brodowisku zarz\u0105dzania projektami (zarz\u0105dzanie, procesy)<\/li>\n<li>Techniczne zrozumienie architektury oprogramowania, migracji danych i interfejs\u00f3w API<\/li>\n<li>Silne umiej\u0119tno\u015bci komunikacyjne i analityczne pozwalaj\u0105ce prze\u0142o\u017cy\u0107 wymagania klienta na rozwi\u0105zania techniczne<\/li>\n<li>Do\u015bwiadczenie w zarz\u0105dzaniu zmian\u0105 oraz w szkoleniu i doradzaniu klientom<\/li>\n<li>Bardzo dobra znajomo\u015b\u0107 j\u0119zyka niemieckiego i francuskiego w mowie i pi\u015bmie<\/li>\n<li>Dobra znajomo\u015b\u0107 j\u0119zyka angielskiego w mowie i pi\u015bmie<\/li>\n<li>Gotowo\u015b\u0107 do podr\u00f3\u017cowania na spotkania z klientami (w zale\u017cno\u015bci od wymaga\u0144 projektu)<\/li>\n<\/ul>\n<ul><\/ul>\n<h3><\/h3>\n<h3>Co oferujemy<\/h3>\n<ul>\n<li>Ponadprzeci\u0119tne wynagrodzenie<\/li>\n<li>Ekscytuj\u0105ca i zr\u00f3\u017cnicowana praca z odpowiedzialno\u015bci\u0105<\/li>\n<li>Bezpo\u015bredni wp\u0142yw na sukces projekt\u00f3w naszych klient\u00f3w<\/li>\n<li>Zmotywowany zesp\u00f3\u0142 z otwart\u0105 kultur\u0105 korporacyjn\u0105<\/li>\n<li>Mo\u017cliwo\u015b\u0107 podj\u0119cia wymagaj\u0105cej i zr\u00f3\u017cnicowanej roli w rozwijaj\u0105cej si\u0119 i innowacyjnej firmie<\/li>\n<li>Elastyczno\u015b\u0107 oraz mo\u017cliwo\u015b\u0107 wykazania si\u0119 i rozwijania przedsi\u0119biorczego my\u015blenia<\/li>\n<li>Wysoki stopie\u0144 swobody i osobistej odpowiedzialno\u015bci z wieloma opcjami projektowania<\/li>\n<li>P\u0142aska struktura zespo\u0142u z szerok\u0105 wsp\u00f3\u0142prac\u0105 z partnerami i naszym zespo\u0142em ds. rozwoju oprogramowania.<\/li>\n<li>Elastyczne godziny pracy i praca cz\u0119\u015bciowo niezale\u017cna od lokalizacji<\/li>\n<li>Kr\u00f3tkie procesy decyzyjne, kt\u00f3re umo\u017cliwiaj\u0105 wysoki stopie\u0144 elastyczno\u015bci i szybko\u015bci reakcji.<\/li>\n<\/ul>\n<h3><\/h3>\n<h3>Miejsce pracy<\/h3>\n<p>Biuro znajduje si\u0119 w Kreuzlingen w Szwajcarii (bezpo\u015brednio przy granicy z Niemcami). Praca zdalna jest cz\u0119\u015bciowo mo\u017cliwa. <\/p>\n<p>Czy to do Ciebie przemawia i chcesz rozwija\u0107 swoj\u0105 karier\u0119? W takim razie nie wahaj si\u0119 i wy\u015blij swoje kompletne dokumenty aplikacyjne na adres: martin.sommer@parm.com<br \/>Czekamy na wiadomo\u015b\u0107 od Ciebie! <\/p>\n<\/div><\/div>\n\n<div class=\"et_pb_module et_pb_button_module_wrapper et_pb_button_2_wrapper preset--module--divi-button--default_wrapper\"><a class=\"et_pb_button_2 et_pb_button et_pb_bg_layout_light et_pb_module et_block_module preset--module--divi-button--default\" href=\"mailto:martin.sommer@parm.com\">Wy\u015blij aplikacj\u0119<\/a><\/div>\n<\/div>\n<\/div>\n\n<div class=\"et_pb_row_3 et_pb_row et_block_row\" id=\"sr-benelux\">\n<div class=\"et_pb_column_6 et_pb_column et_pb_column_4_4 et-last-child et_block_column et_pb_css_mix_blend_mode_passthrough\">\n<div class=\"et_pb_text_2 et_pb_text et_pb_bg_layout_light et_pb_module et_block_module preset--module--divi-text--default\"><div class=\"et_pb_text_inner\"><h2>Przedstawiciel handlowy ds. oprogramowania - Beneluks (m\/k\/d)<\/h2>\n<p>Lubisz podchodzi\u0107 do nieznajomych? Czy jeste\u015b komunikatywny, otwarty i ciekawy? Czy potrafisz przekona\u0107 innych do swoich zalet? Czy nie zra\u017caj\u0105 ci\u0119 niepowodzenia i nie bierzesz odrzucenia do siebie? Czy posiadasz r\u00f3wnie\u017c wytrwa\u0142o\u015b\u0107, cechy \"\u0142owcy\" i \"bli\u017cej\"? W takim razie jeste\u015b w\u0142a\u015bciwym kandydatem na to stanowisko!     <\/p>\n<p>Poszukujemy utalentowanych os\u00f3b o silnych osobowo\u015bciach, kt\u00f3re s\u0105 zaanga\u017cowane i pe\u0142ne pasji do wsp\u00f3\u0142pracy z nami w celu rozwoju naszej firmy, oprogramowania i ca\u0142ego zespo\u0142u. W zamian b\u0119dziesz mie\u0107 udzia\u0142 w naszym wsp\u00f3lnym sukcesie i interesuj\u0105ce perspektywy rozwoju. <\/p>\n<h3><\/h3>\n<h3>Twoje zadania<\/h3>\n<p>Zasadniczo jeste\u015b odpowiedzialny za wszystkie niezb\u0119dne dzia\u0142ania sprzeda\u017cowe w celu sprzeda\u017cy naszego oprogramowania i powi\u0105zanych us\u0142ug, takich jak doradztwo, szkolenia i dostosowywanie w krajach Beneluksu.<\/p>\n<p>Twoje zadania b\u0119d\u0105 obejmowa\u0107<\/p>\n<ul>\n<li>Sprzeda\u017c naszego oprogramowania (wychodz\u0105ca + przychodz\u0105ca)<\/li>\n<li>Rozw\u00f3j nowych lead\u00f3w na rynkach docelowych w Belgii, Holandii i Luksemburgu.<\/li>\n<li>Przetwarzanie potencjalnych klient\u00f3w przez e-mail i telefon<\/li>\n<li>Przeprowadzanie demonstracji oprogramowania za po\u015brednictwem wideokonferencji lub na miejscu w siedzibie klienta.<\/li>\n<li>Porady dotycz\u0105ce produkt\u00f3w i\/lub us\u0142ug<\/li>\n<li>Utrzymanie danych w CRM<\/li>\n<li>Przygotowanie oferty<\/li>\n<li>Przetwarzanie ofert<\/li>\n<li>Raportowanie us\u0142ug \u015bwiadczonych na rzecz pracodawcy<\/li>\n<li>Wsparcie klienta po zako\u0144czeniu procesu sprzeda\u017cy (zarz\u0105dzanie kluczowymi klientami)<\/li>\n<li>Wsparcie w dzia\u0142aniach marketingowych, takich jak t\u0142umaczenia <\/li>\n<\/ul>\n<h3><\/h3>\n<h3>Co ze sob\u0105 zabra\u0107<\/h3>\n<ul>\n<li>Bieg\u0142a znajomo\u015b\u0107 j\u0119zyka niderlandzkiego w biznesie<\/li>\n<li>Znajomo\u015b\u0107 j\u0119zyka niemieckiego i\/lub bardzo dobra znajomo\u015b\u0107 j\u0119zyka angielskiego<\/li>\n<li>Udokumentowane do\u015bwiadczenie. Niezale\u017cna odpowiedzialno\u015b\u0107 w sprzeda\u017cy oprogramowania lub z\u0142o\u017conych produkt\u00f3w wymagaj\u0105cych wyja\u015bnienia w poprzednich dzia\u0142aniach <\/li>\n<li>Dobre umiej\u0119tno\u015bci negocjacyjne i prezentacyjne<\/li>\n<li>Wysoki poziom motywacji i determinacji<\/li>\n<li>Silna orientacja na klienta i umiej\u0119tno\u015b\u0107 zrozumienia jego potrzeb oraz oferowania odpowiednich rozwi\u0105za\u0144 (sprzeda\u017c rozwi\u0105za\u0144).<\/li>\n<\/ul>\n<h3><\/h3>\n<h3>Po\u017c\u0105dane jest<\/h3>\n<ul>\n<li>Uko\u0144czone studia w zakresie administracji biznesowej, in\u017cynierii przemys\u0142owej, informatyki (biznesowej) lub pokrewnej dziedziny<\/li>\n<li>Solidna znajomo\u015b\u0107 proceduralnych proces\u00f3w biznesowych i zarz\u0105dzania projektami<\/li>\n<li>Znajomo\u015b\u0107 IT, w szczeg\u00f3lno\u015bci oprogramowania - najlepiej do zarz\u0105dzania projektami, rozwi\u0105za\u0144 BI lub ERP<\/li>\n<\/ul>\n<h3><\/h3>\n<h3>Co oferujemy<\/h3>\n<ul>\n<li>Ponadprzeci\u0119tne wynagrodzenie i udzia\u0142 w obrotach (nieograniczona prowizja)<\/li>\n<li>Przej\u0119cie odpowiedzialno\u015bci za sprzeda\u017c na w\u0142asnym rynku<\/li>\n<li>Mo\u017cliwo\u015b\u0107 podj\u0119cia wymagaj\u0105cej i zr\u00f3\u017cnicowanej roli w rozwijaj\u0105cej si\u0119 i innowacyjnej firmie<\/li>\n<li>Elastyczno\u015b\u0107 oraz mo\u017cliwo\u015b\u0107 wykazania si\u0119 i rozwijania przedsi\u0119biorczego my\u015blenia<\/li>\n<li>Wysoki stopie\u0144 swobody i osobistej odpowiedzialno\u015bci z wieloma opcjami projektowania<\/li>\n<li>P\u0142aska struktura zespo\u0142u z szerok\u0105 wsp\u00f3\u0142prac\u0105 z partnerami oraz naszym zespo\u0142em ds. marketingu i rozwoju oprogramowania.<\/li>\n<li>Elastyczne godziny pracy i praca cz\u0119\u015bciowo niezale\u017cna od lokalizacji<\/li>\n<li>Kr\u00f3tkie procesy decyzyjne<\/li>\n<\/ul>\n<h3><\/h3>\n<h3>Miejsce pracy<\/h3>\n<p>Biuro znajduje si\u0119 w Kreuzlingen w Szwajcarii (bezpo\u015brednio przy granicy z Niemcami). Praca zdalna jest cz\u0119\u015bciowo mo\u017cliwa. <\/p>\n<p>Czy to do Ciebie przemawia i chcesz rozwija\u0107 swoj\u0105 karier\u0119? W takim razie nie wahaj si\u0119 i wy\u015blij swoje kompletne dokumenty aplikacyjne na adres: martin.sommer@parm.com<br \/>Czekamy na wiadomo\u015b\u0107 od Ciebie! <\/p>\n<\/div><\/div>\n\n<div class=\"et_pb_module et_pb_button_module_wrapper et_pb_button_3_wrapper preset--module--divi-button--default_wrapper\"><a class=\"et_pb_button_3 et_pb_button et_pb_bg_layout_light et_pb_module et_block_module preset--module--divi-button--default\" href=\"mailto:martin.sommer@parm.com\">Wy\u015blij aplikacj\u0119<\/a><\/div>\n<\/div>\n<\/div>\n<\/div>\n\n<div class=\"et_pb_section_3 et_pb_section et_section_regular et_block_section\">\n<div class=\"et_pb_row_4 et_pb_row et_block_row\">\n<div class=\"et_pb_column_7 et_pb_column et_pb_column_1_2 et_block_column et_pb_css_mix_blend_mode_passthrough\">\n<div class=\"et_pb_text_3 et_pb_text et_pb_bg_layout_light et_pb_module et_block_module preset--module--divi-text--default\"><div class=\"et_pb_text_inner\"><h2>Niezam\u00f3wiony wniosek<\/h2>\n<p>Zawsze szukamy nowych wsp\u00f3\u0142pracownik\u00f3w z pasj\u0105 i entuzjazmem do zarz\u0105dzania projektami!<br \/>Czy nadal nie og\u0142oszono odpowiedniego stanowiska? W takim razie czekamy na Twoje zg\u0142oszenie. <\/p>\n<\/div><\/div>\n\n<div class=\"et_pb_module et_pb_button_module_wrapper et_pb_button_4_wrapper preset--module--divi-button--default_wrapper\"><a class=\"et_pb_button_4 et_pb_button et_pb_bg_layout_light et_pb_module et_block_module preset--module--divi-button--default\" href=\"mailto:info@parm.com\">WY\u015aLIJ SWOJ\u0104 APLIKACJ\u0118<\/a><\/div>\n<\/div>\n\n<div class=\"et_pb_column_8 et_pb_column et_pb_column_1_2 et-last-child et_block_column et_pb_css_mix_blend_mode_passthrough\">\n<div class=\"et_pb_image_0 et_pb_image et_animated et_pb_module et_block_module\"><span class=\"et_pb_image_wrap\"><img decoding=\"async\" src=\"https:\/\/new-site.parm.com\/wp-content\/uploads\/2022\/04\/Karriere_Post.png\" title=\"Career_Post\" alt=\"Kariera - R\u00f3\u017cni ludzie z napisami &quot;Praca&quot;\" \/><\/span><\/div>\n<\/div>\n<\/div>\n<\/div>","protected":false},"excerpt":{"rendered":"<p>Zawsze szukamy nowych wsp\u00f3\u0142pracownik\u00f3w z pasj\u0105 i entuzjazmem do zarz\u0105dzania projektami! Oto og\u0142oszone stanowiska.<\/p>\n","protected":false},"author":1,"featured_media":249446,"parent":0,"menu_order":0,"comment_status":"closed","ping_status":"closed","template":"","meta":{"footnotes":""},"class_list":["post-249457","page","type-page","status-publish","has-post-thumbnail","hentry"],"yoast_head":"<!-- This site is optimized with the Yoast SEO plugin v27.5 - https:\/\/yoast.com\/product\/yoast-seo-wordpress\/ -->\n<title>Kariera | Parm AG<\/title>\n<meta name=\"description\" content=\"Zawsze szukamy nowych wsp\u00f3\u0142pracownik\u00f3w z pasj\u0105 i entuzjazmem do zarz\u0105dzania projektami! Oto og\u0142oszone stanowiska.\" \/>\n<meta name=\"robots\" content=\"index, follow, max-snippet:-1, max-image-preview:large, max-video-preview:-1\" \/>\n<link rel=\"canonical\" href=\"https:\/\/parm.com\/pl\/kariera\/\" \/>\n<meta property=\"og:locale\" content=\"pl_PL\" \/>\n<meta property=\"og:type\" content=\"article\" \/>\n<meta property=\"og:title\" content=\"Kariera w Parm AG\" \/>\n<meta property=\"og:description\" content=\"Zawsze szukamy nowych wsp\u00f3\u0142pracownik\u00f3w z pasj\u0105 i entuzjazmem do zarz\u0105dzania projektami! Oto og\u0142oszone stanowiska.\" \/>\n<meta property=\"og:url\" content=\"https:\/\/parm.com\/pl\/kariera\/\" \/>\n<meta property=\"og:site_name\" content=\"Parm AG\" \/>\n<meta property=\"article:publisher\" content=\"https:\/\/www.facebook.com\/myparm\" \/>\n<meta property=\"article:modified_time\" content=\"2026-05-07T04:54:51+00:00\" \/>\n<meta property=\"og:image\" content=\"https:\/\/parm.com\/wp-content\/uploads\/2022\/04\/Karriere_Post-1024x683.png\" \/>\n<meta name=\"twitter:card\" content=\"summary_large_image\" \/>\n<meta name=\"twitter:title\" content=\"Kariera w Parm AG\" \/>\n<meta name=\"twitter:description\" content=\"Zawsze szukamy nowych wsp\u00f3\u0142pracownik\u00f3w z pasj\u0105 i entuzjazmem do zarz\u0105dzania projektami! Oto og\u0142oszone stanowiska.\" \/>\n<meta name=\"twitter:image\" content=\"https:\/\/parm.com\/wp-content\/uploads\/2022\/04\/Karriere_Post-1024x683.png\" \/>\n<script type=\"application\/ld+json\" class=\"yoast-schema-graph\">{\"@context\":\"https:\\\/\\\/schema.org\",\"@graph\":[{\"@type\":\"WebPage\",\"@id\":\"https:\\\/\\\/parm.com\\\/pl\\\/kariera\\\/\",\"url\":\"https:\\\/\\\/parm.com\\\/pl\\\/kariera\\\/\",\"name\":\"Kariera | Parm AG\",\"isPartOf\":{\"@id\":\"https:\\\/\\\/parm.com\\\/pl\\\/#website\"},\"primaryImageOfPage\":{\"@id\":\"https:\\\/\\\/parm.com\\\/pl\\\/kariera\\\/#primaryimage\"},\"image\":{\"@id\":\"https:\\\/\\\/parm.com\\\/pl\\\/kariera\\\/#primaryimage\"},\"thumbnailUrl\":\"https:\\\/\\\/parm.com\\\/wp-content\\\/uploads\\\/2022\\\/04\\\/Karriere_Post.png\",\"datePublished\":\"2026-05-07T04:54:50+00:00\",\"dateModified\":\"2026-05-07T04:54:51+00:00\",\"description\":\"Zawsze szukamy nowych wsp\u00f3\u0142pracownik\u00f3w z pasj\u0105 i entuzjazmem do zarz\u0105dzania projektami! Oto og\u0142oszone stanowiska.\",\"breadcrumb\":{\"@id\":\"https:\\\/\\\/parm.com\\\/pl\\\/kariera\\\/#breadcrumb\"},\"inLanguage\":\"pl-PL\",\"potentialAction\":[{\"@type\":\"ReadAction\",\"target\":[\"https:\\\/\\\/parm.com\\\/pl\\\/kariera\\\/\"]}]},{\"@type\":\"ImageObject\",\"inLanguage\":\"pl-PL\",\"@id\":\"https:\\\/\\\/parm.com\\\/pl\\\/kariera\\\/#primaryimage\",\"url\":\"https:\\\/\\\/parm.com\\\/wp-content\\\/uploads\\\/2022\\\/04\\\/Karriere_Post.png\",\"contentUrl\":\"https:\\\/\\\/parm.com\\\/wp-content\\\/uploads\\\/2022\\\/04\\\/Karriere_Post.png\",\"width\":1500,\"height\":1000,\"caption\":\"Kariera - R\u00f3\u017cni ludzie z napisami \\\"Praca\\\"\"},{\"@type\":\"BreadcrumbList\",\"@id\":\"https:\\\/\\\/parm.com\\\/pl\\\/kariera\\\/#breadcrumb\",\"itemListElement\":[{\"@type\":\"ListItem\",\"position\":1,\"name\":\"Startseite\",\"item\":\"https:\\\/\\\/parm.com\\\/pl\\\/\"},{\"@type\":\"ListItem\",\"position\":2,\"name\":\"Kariera\"}]},{\"@type\":\"WebSite\",\"@id\":\"https:\\\/\\\/parm.com\\\/pl\\\/#website\",\"url\":\"https:\\\/\\\/parm.com\\\/pl\\\/\",\"name\":\"Parm AG\",\"description\":\"Successful projects. Swiss quality. Software f\u00fcr Projektmanagement\",\"publisher\":{\"@id\":\"https:\\\/\\\/parm.com\\\/pl\\\/#organization\"},\"alternateName\":\"Parm\",\"potentialAction\":[{\"@type\":\"SearchAction\",\"target\":{\"@type\":\"EntryPoint\",\"urlTemplate\":\"https:\\\/\\\/parm.com\\\/pl\\\/?s={search_term_string}\"},\"query-input\":{\"@type\":\"PropertyValueSpecification\",\"valueRequired\":true,\"valueName\":\"search_term_string\"}}],\"inLanguage\":\"pl-PL\"},{\"@type\":\"Organization\",\"@id\":\"https:\\\/\\\/parm.com\\\/pl\\\/#organization\",\"name\":\"Parm AG\",\"alternateName\":\"Parm\",\"url\":\"https:\\\/\\\/parm.com\\\/pl\\\/\",\"logo\":{\"@type\":\"ImageObject\",\"inLanguage\":\"pl-PL\",\"@id\":\"https:\\\/\\\/parm.com\\\/pl\\\/#\\\/schema\\\/logo\\\/image\\\/\",\"url\":\"https:\\\/\\\/parm.com\\\/wp-content\\\/uploads\\\/2021\\\/11\\\/Parm_Logo_blue_RGB.png\",\"contentUrl\":\"https:\\\/\\\/parm.com\\\/wp-content\\\/uploads\\\/2021\\\/11\\\/Parm_Logo_blue_RGB.png\",\"width\":908,\"height\":228,\"caption\":\"Parm AG\"},\"image\":{\"@id\":\"https:\\\/\\\/parm.com\\\/pl\\\/#\\\/schema\\\/logo\\\/image\\\/\"},\"sameAs\":[\"https:\\\/\\\/www.facebook.com\\\/myparm\",\"https:\\\/\\\/www.linkedin.com\\\/company\\\/parm-ag\",\"https:\\\/\\\/www.xing.com\\\/pages\\\/parmag\"]}]}<\/script>\n<!-- \/ Yoast SEO plugin. -->","yoast_head_json":{"title":"Kariera | Parm AG","description":"Zawsze szukamy nowych wsp\u00f3\u0142pracownik\u00f3w z pasj\u0105 i entuzjazmem do zarz\u0105dzania projektami! Oto og\u0142oszone stanowiska.","robots":{"index":"index","follow":"follow","max-snippet":"max-snippet:-1","max-image-preview":"max-image-preview:large","max-video-preview":"max-video-preview:-1"},"canonical":"https:\/\/parm.com\/pl\/kariera\/","og_locale":"pl_PL","og_type":"article","og_title":"Kariera w Parm AG","og_description":"Zawsze szukamy nowych wsp\u00f3\u0142pracownik\u00f3w z pasj\u0105 i entuzjazmem do zarz\u0105dzania projektami! Oto og\u0142oszone stanowiska.","og_url":"https:\/\/parm.com\/pl\/kariera\/","og_site_name":"Parm AG","article_publisher":"https:\/\/www.facebook.com\/myparm","article_modified_time":"2026-05-07T04:54:51+00:00","og_image":[{"url":"https:\/\/parm.com\/wp-content\/uploads\/2022\/04\/Karriere_Post-1024x683.png","type":"","width":"","height":""}],"twitter_card":"summary_large_image","twitter_title":"Kariera w Parm AG","twitter_description":"Zawsze szukamy nowych wsp\u00f3\u0142pracownik\u00f3w z pasj\u0105 i entuzjazmem do zarz\u0105dzania projektami! Oto og\u0142oszone stanowiska.","twitter_image":"https:\/\/parm.com\/wp-content\/uploads\/2022\/04\/Karriere_Post-1024x683.png","schema":{"@context":"https:\/\/schema.org","@graph":[{"@type":"WebPage","@id":"https:\/\/parm.com\/pl\/kariera\/","url":"https:\/\/parm.com\/pl\/kariera\/","name":"Kariera | Parm AG","isPartOf":{"@id":"https:\/\/parm.com\/pl\/#website"},"primaryImageOfPage":{"@id":"https:\/\/parm.com\/pl\/kariera\/#primaryimage"},"image":{"@id":"https:\/\/parm.com\/pl\/kariera\/#primaryimage"},"thumbnailUrl":"https:\/\/parm.com\/wp-content\/uploads\/2022\/04\/Karriere_Post.png","datePublished":"2026-05-07T04:54:50+00:00","dateModified":"2026-05-07T04:54:51+00:00","description":"Zawsze szukamy nowych wsp\u00f3\u0142pracownik\u00f3w z pasj\u0105 i entuzjazmem do zarz\u0105dzania projektami! Oto og\u0142oszone stanowiska.","breadcrumb":{"@id":"https:\/\/parm.com\/pl\/kariera\/#breadcrumb"},"inLanguage":"pl-PL","potentialAction":[{"@type":"ReadAction","target":["https:\/\/parm.com\/pl\/kariera\/"]}]},{"@type":"ImageObject","inLanguage":"pl-PL","@id":"https:\/\/parm.com\/pl\/kariera\/#primaryimage","url":"https:\/\/parm.com\/wp-content\/uploads\/2022\/04\/Karriere_Post.png","contentUrl":"https:\/\/parm.com\/wp-content\/uploads\/2022\/04\/Karriere_Post.png","width":1500,"height":1000,"caption":"Kariera - R\u00f3\u017cni ludzie z napisami \"Praca\""},{"@type":"BreadcrumbList","@id":"https:\/\/parm.com\/pl\/kariera\/#breadcrumb","itemListElement":[{"@type":"ListItem","position":1,"name":"Startseite","item":"https:\/\/parm.com\/pl\/"},{"@type":"ListItem","position":2,"name":"Kariera"}]},{"@type":"WebSite","@id":"https:\/\/parm.com\/pl\/#website","url":"https:\/\/parm.com\/pl\/","name":"Parm AG","description":"Successful projects. Swiss quality. Software f\u00fcr Projektmanagement","publisher":{"@id":"https:\/\/parm.com\/pl\/#organization"},"alternateName":"Parm","potentialAction":[{"@type":"SearchAction","target":{"@type":"EntryPoint","urlTemplate":"https:\/\/parm.com\/pl\/?s={search_term_string}"},"query-input":{"@type":"PropertyValueSpecification","valueRequired":true,"valueName":"search_term_string"}}],"inLanguage":"pl-PL"},{"@type":"Organization","@id":"https:\/\/parm.com\/pl\/#organization","name":"Parm AG","alternateName":"Parm","url":"https:\/\/parm.com\/pl\/","logo":{"@type":"ImageObject","inLanguage":"pl-PL","@id":"https:\/\/parm.com\/pl\/#\/schema\/logo\/image\/","url":"https:\/\/parm.com\/wp-content\/uploads\/2021\/11\/Parm_Logo_blue_RGB.png","contentUrl":"https:\/\/parm.com\/wp-content\/uploads\/2021\/11\/Parm_Logo_blue_RGB.png","width":908,"height":228,"caption":"Parm AG"},"image":{"@id":"https:\/\/parm.com\/pl\/#\/schema\/logo\/image\/"},"sameAs":["https:\/\/www.facebook.com\/myparm","https:\/\/www.linkedin.com\/company\/parm-ag","https:\/\/www.xing.com\/pages\/parmag"]}]}},"_links":{"self":[{"href":"https:\/\/parm.com\/pl\/wp-json\/wp\/v2\/pages\/249457","targetHints":{"allow":["GET"]}}],"collection":[{"href":"https:\/\/parm.com\/pl\/wp-json\/wp\/v2\/pages"}],"about":[{"href":"https:\/\/parm.com\/pl\/wp-json\/wp\/v2\/types\/page"}],"author":[{"embeddable":true,"href":"https:\/\/parm.com\/pl\/wp-json\/wp\/v2\/users\/1"}],"replies":[{"embeddable":true,"href":"https:\/\/parm.com\/pl\/wp-json\/wp\/v2\/comments?post=249457"}],"version-history":[{"count":1,"href":"https:\/\/parm.com\/pl\/wp-json\/wp\/v2\/pages\/249457\/revisions"}],"predecessor-version":[{"id":249458,"href":"https:\/\/parm.com\/pl\/wp-json\/wp\/v2\/pages\/249457\/revisions\/249458"}],"wp:featuredmedia":[{"embeddable":true,"href":"https:\/\/parm.com\/pl\/wp-json\/wp\/v2\/media\/249446"}],"wp:attachment":[{"href":"https:\/\/parm.com\/pl\/wp-json\/wp\/v2\/media?parent=249457"}],"curies":[{"name":"wp","href":"https:\/\/api.w.org\/{rel}","templated":true}]}}