{"id":4537,"date":"2022-05-05T08:43:42","date_gmt":"2022-05-05T06:43:42","guid":{"rendered":"https:\/\/parm.com\/?page_id=4537"},"modified":"2026-03-02T16:16:31","modified_gmt":"2026-03-02T15:16:31","slug":"controllo","status":"publish","type":"page","link":"https:\/\/parm.com\/it\/business-intelligence-3\/controllo\/","title":{"rendered":"Controllo"},"content":{"rendered":"\n<div class=\"et_pb_section_0 et_pb_section et_section_regular et_block_section et_animated\"><div class=\"et_pb_row_0 et_pb_row et_block_row\"><div class=\"et_pb_column_0 et_pb_column et_pb_column_4_4 et-last-child et_block_column et_pb_css_mix_blend_mode_passthrough\"><div class=\"et_pb_text_0 et_pb_text et_pb_bg_layout_light et_pb_module et_block_module preset--module--divi-text--default\"><div class=\"et_pb_text_inner\" data-et-mv-hidden-tablet=\"true\"><h1 style=\"text-align: left;\"><strong>Controllo<br \/><span style=\"color: #c01e2b;\">Gestione per incarichi e collaborazione<\/span><\/strong><\/h1>\n<\/div><\/div><\/div><\/div><div class=\"et_pb_row_1 et_pb_row et_block_row\"><div class=\"et_pb_column_1 et_pb_column et_pb_column_3_5 et_block_column et_pb_css_mix_blend_mode_passthrough\"><div class=\"et_pb_text_1 et_pb_text et_pb_bg_layout_light et_pb_module et_block_module preset--module--divi-text--default\"><div class=\"et_pb_text_inner\"><h2>Convertite analisi in azioni.<\/h2>\n<\/div><\/div><div class=\"et_pb_blurb_0 et_pb_blurb et_pb_bg_layout_light et_pb_blurb_position_left et_pb_module et_block_module\"><div class=\"et_pb_blurb_content\"><div class=\"et_pb_main_blurb_image\"><span class=\"et_pb_image_wrap\"><span class=\"et-pb-icon\">R<\/span><\/span><\/div><div class=\"et_pb_blurb_container\"><div class=\"et_pb_blurb_description\"><p><strong>Semplice gestione per incarichi direttamente nello stesso sistema<br \/><\/strong><\/p>\n<\/div><\/div><\/div><\/div><div class=\"et_pb_blurb_1 et_pb_blurb et_pb_bg_layout_light et_pb_blurb_position_left et_pb_module et_block_module\"><div class=\"et_pb_blurb_content\"><div class=\"et_pb_main_blurb_image\"><span class=\"et_pb_image_wrap\"><span class=\"et-pb-icon\">R<\/span><\/span><\/div><div class=\"et_pb_blurb_container\"><div class=\"et_pb_blurb_description\"><p><strong>Comoda funzione di comunicazione<br \/><\/strong><\/p>\n<\/div><\/div><\/div><\/div><div class=\"et_pb_blurb_2 et_pb_blurb et_pb_bg_layout_light et_pb_blurb_position_left et_pb_module et_block_module\"><div class=\"et_pb_blurb_content\"><div class=\"et_pb_main_blurb_image\"><span class=\"et_pb_image_wrap\"><span class=\"et-pb-icon\">R<\/span><\/span><\/div><div class=\"et_pb_blurb_container\"><div class=\"et_pb_blurb_description\"><p><strong>Sistema di allarme e preavviso<br \/><\/strong><\/p>\n<\/div><\/div><\/div><\/div><\/div><div class=\"et_pb_column_2 et_pb_column et_pb_column_2_5 et-last-child et_block_column et_pb_column_empty et_pb_css_mix_blend_mode_passthrough\"><\/div><\/div><\/div><div class=\"et_pb_section_1 et_pb_section et_section_regular et_block_section\"><div class=\"et_pb_row_2 et_pb_row et_block_row\"><div class=\"et_pb_column_3 et_pb_column et_pb_column_1_2 et_block_column et_pb_css_mix_blend_mode_passthrough\"><div class=\"et_pb_image_0 et_pb_image et_pb_module et_block_module\"><span class=\"et_pb_image_wrap\"><img decoding=\"async\" src=\"https:\/\/new-site.parm.com\/wp-content\/uploads\/2022\/03\/Aufgabenmanagement-PC-mit-Eingabemaske.jpg\" title=\"PC di gestione per incarichi con maschera di input\" alt=\"Gestione per incarichi in myPARM\" \/><\/span><\/div><\/div><div class=\"et_pb_column_4 et_pb_column et_pb_column_1_2 et-last-child et_block_column et_pb_css_mix_blend_mode_passthrough\"><div class=\"et_pb_text_2 et_pb_text et_pb_bg_layout_light et_pb_module et_block_module preset--module--divi-text--default\"><div class=\"et_pb_text_inner\"><h2>Convertite i risultati in attivit\u00e0,<br \/>controllatene l'implementazione in modo ottimale.<\/h2>\n<p>Migliorate i flussi informativi fra livello manageriale ed esecutivo, ottimizzate l'esecuzione delle attivit\u00e0.<br \/>La gestione integrata per incarichi vi consente di trasformare le conclusioni che traete in azioni. Create e assegnate incarichi ai vostri colleghi in modo flessibile e ricevete in ogni momento riscontri sullo stato corrente, sulle deviazioni dal piano o sul loro completamento. <\/p>\n<\/div><\/div><\/div><\/div><div class=\"et_pb_row_3 et_pb_row et_block_row\"><div class=\"et_pb_column_5 et_pb_column et_pb_column_3_5 et_block_column et_pb_css_mix_blend_mode_passthrough\"><div class=\"et_pb_text_3 et_pb_text et_pb_bg_layout_light et_pb_module et_block_module preset--module--divi-text--default\"><div class=\"et_pb_text_inner\"><h2>Gestione incarichi<\/h2>\n<ul>\n<li><strong>Pianificate<\/strong>, registrate e schedulate le attivit\u00e0.<\/li>\n<li><strong>Collegate <\/strong> gli incarichi ad attivit\u00e0, rischi, opportunit\u00e0, ecc.<\/li>\n<li><strong>Controllate<\/strong>: assegna priorit\u00e0, monitora e assegna compiti.<\/li>\n<li><strong>Tracciate<\/strong>: mantenete lo stato delle vostre iniziative sempre sotto controllo mediante in Kanban board chiare, report e cruscotti.<\/li>\n<\/ul>\n<\/div><\/div><\/div><div class=\"et_pb_column_6 et_pb_column et_pb_column_2_5 et-last-child et_block_column et_pb_css_mix_blend_mode_passthrough\"><div class=\"et_pb_image_1 et_pb_image et_pb_module et_block_module\"><span class=\"et_pb_image_wrap\"><img decoding=\"async\" src=\"https:\/\/new-site.parm.com\/wp-content\/uploads\/2022\/03\/myPARM_BI_Tablet_Aufgabenverwaltung.png\" title=\"myPARM_BI_Tablet_Gestione_incarichi\" alt=\"myPARM BI Gestione incarichi\" \/><\/span><\/div><\/div><\/div><div class=\"et_pb_row_4 et_pb_row et_block_row custom_row\"><div class=\"et_pb_column_7 et_pb_column et_pb_column_2_5 et_block_column et_pb_css_mix_blend_mode_passthrough second-on-mobile\"><div class=\"et_pb_image_2 et_pb_image et_pb_module et_block_module\"><span class=\"et_pb_image_wrap\"><img decoding=\"async\" src=\"https:\/\/new-site.parm.com\/wp-content\/uploads\/2022\/03\/myPARM_BI_Tablet_Kommentarfunktion.png\" title=\"myPARM_BI_Tablet_funzione_commento\" alt=\"myPARM BI funzione commento\" \/><\/span><\/div><\/div><div class=\"et_pb_column_8 et_pb_column et_pb_column_3_5 et-last-child et_block_column et_pb_css_mix_blend_mode_passthrough first-on-mobile\"><div class=\"et_pb_text_4 et_pb_text et_pb_bg_layout_light et_pb_module et_block_module preset--module--divi-text--default\"><div class=\"et_pb_text_inner\"><h2>collaborazione<\/h2>\n<p>Fornite informazioni importanti a colleghi e dipendenti in modo rapido e semplice utilizzando la funzione di commento integrata. Aggiungete commenti utili o chiedete ulteriori informazioni su incarichi, analisi, rischi e opportunit\u00e0, ecc.<\/p>\n<p>&nbsp;<\/p>\n<\/div><\/div><\/div><\/div><div class=\"et_pb_row_5 et_pb_row et_block_row\"><div class=\"et_pb_column_9 et_pb_column et_pb_column_3_5 et_block_column et_pb_css_mix_blend_mode_passthrough\"><div class=\"et_pb_text_5 et_pb_text et_pb_bg_layout_light et_pb_module et_block_module preset--module--divi-text--default\"><div class=\"et_pb_text_inner\"><h2>Sistema di allarme e preavviso<\/h2>\n<p>Il sistema di allarme e preavviso vi informa automaticamente quando si verificano eventi imprevisti o vengono superate soglie limite. In questo modo potete reagire in qualsiasi momento in modo rapido e flessibile sulla base dei dati e delle valutazioni attuali.<\/p>\n<p>&nbsp;<\/p>\n<\/div><\/div><\/div><div class=\"et_pb_column_10 et_pb_column et_pb_column_2_5 et-last-child et_block_column et_pb_css_mix_blend_mode_passthrough\"><div class=\"et_pb_image_3 et_pb_image et_pb_module et_block_module\"><span class=\"et_pb_image_wrap\"><img decoding=\"async\" src=\"https:\/\/new-site.parm.com\/wp-content\/uploads\/2022\/03\/myPARM_BI_Tablet_Fruehwarnsystem.png\" title=\"myPARM_BI_Tablet_sistema_allarme\" alt=\"myPARM BI sistema di allarme\" \/><\/span><\/div><\/div><\/div><\/div><div class=\"et_pb_section_2 et_pb_section et_section_regular et_block_section\"><div class=\"et_pb_row_6 et_pb_row et_block_row\"><div class=\"et_pb_column_11 et_pb_column et_pb_column_4_4 et-last-child et_block_column et_pb_css_mix_blend_mode_passthrough\"><div class=\"et_pb_code_0 et_pb_code et_pb_module\"><div class=\"et_pb_code_inner\"><!-- Calendly Badge-Widget Beginn -->\n<link href=\"https:\/\/assets.calendly.com\/assets\/external\/widget.css\" rel=\"stylesheet\">\n<script src=\"https:\/\/assets.calendly.com\/assets\/external\/widget.js\" type=\"text\/javascript\"><\/script>\n<script type=\"text\/javascript\">Calendly.initBadgeWidget({ url: 'https:\/\/calendly.com\/d\/yk7-bgt-g7x', text: 'Organizzate un appuntamento', color: '#00a2ff', textColor: '#ffffff', branding: false });<\/script>\n<!-- Calendly Badge-Widget Ende -->\n<\/div><\/div><\/div><\/div><\/div>\n","protected":false},"excerpt":{"rendered":"<p>Convertite in modo immediato risultati delle analisi in azioni. Definite le attivit\u00e0 e assegnatele ai vostri dipendenti. Collegate queste attivit\u00e0 a progetti, rischi o opportunit\u00e0, impostatene le priorit\u00e0 e tenete sotto controllo la loro esecuzione.<\/p>\n","protected":false},"author":1,"featured_media":4917,"parent":4126,"menu_order":0,"comment_status":"closed","ping_status":"closed","template":"","meta":{"footnotes":""},"class_list":["post-4537","page","type-page","status-publish","has-post-thumbnail","hentry"],"yoast_head":"<!-- This site is optimized with the Yoast SEO plugin v27.5 - https:\/\/yoast.com\/product\/yoast-seo-wordpress\/ -->\n<title>Controllo mit myPARM BIact | Parm AG<\/title>\n<meta name=\"description\" content=\"Convertite in modo immediato risultati delle analisi in azioni. Definite le attivit\u00e0 e assegnatele ai vostri dipendenti.\" \/>\n<meta name=\"robots\" content=\"index, follow, max-snippet:-1, max-image-preview:large, max-video-preview:-1\" \/>\n<link rel=\"canonical\" href=\"https:\/\/parm.com\/it\/business-intelligence-3\/controllo\/\" \/>\n<meta property=\"og:locale\" content=\"it_IT\" \/>\n<meta property=\"og:type\" content=\"article\" \/>\n<meta property=\"og:title\" content=\"Convertite i risultati in attivit\u00e0, controllatene l&#039;implementazione in modo ottimale.\" \/>\n<meta property=\"og:description\" content=\"Convertite in modo immediato risultati delle analisi in azioni. Definite le attivit\u00e0 e assegnatele ai vostri dipendenti. Collegate queste attivit\u00e0 a progetti, rischi o opportunit\u00e0, impostatene le priorit\u00e0 e tenete sotto controllo la loro esecuzione.\" \/>\n<meta property=\"og:url\" content=\"https:\/\/parm.com\/it\/business-intelligence-3\/controllo\/\" \/>\n<meta property=\"og:site_name\" content=\"Parm AG\" \/>\n<meta property=\"article:publisher\" content=\"https:\/\/www.facebook.com\/myparm\" \/>\n<meta property=\"article:modified_time\" content=\"2026-03-02T15:16:31+00:00\" \/>\n<meta property=\"og:image\" content=\"https:\/\/parm.com\/wp-content\/uploads\/2021\/11\/MIS.png\" \/>\n<meta name=\"twitter:card\" content=\"summary_large_image\" \/>\n<meta name=\"twitter:title\" content=\"Convertite i risultati in attivit\u00e0, controllatene l&#039;implementazione in modo ottimale.\" \/>\n<meta name=\"twitter:description\" content=\"Convertite in modo immediato risultati delle analisi in azioni. Definite le attivit\u00e0 e assegnatele ai vostri dipendenti. Collegate queste attivit\u00e0 a progetti, rischi o opportunit\u00e0, impostatene le priorit\u00e0 e tenete sotto controllo la loro esecuzione.\" \/>\n<meta name=\"twitter:image\" content=\"https:\/\/parm.com\/wp-content\/uploads\/2021\/11\/MIS.png\" \/>\n<script type=\"application\/ld+json\" class=\"yoast-schema-graph\">{\"@context\":\"https:\\\/\\\/schema.org\",\"@graph\":[{\"@type\":\"WebPage\",\"@id\":\"https:\\\/\\\/parm.com\\\/it\\\/business-intelligence-3\\\/controllo\\\/\",\"url\":\"https:\\\/\\\/parm.com\\\/it\\\/business-intelligence-3\\\/controllo\\\/\",\"name\":\"Controllo mit myPARM BIact | Parm AG\",\"isPartOf\":{\"@id\":\"https:\\\/\\\/parm.com\\\/it\\\/#website\"},\"primaryImageOfPage\":{\"@id\":\"https:\\\/\\\/parm.com\\\/it\\\/business-intelligence-3\\\/controllo\\\/#primaryimage\"},\"image\":{\"@id\":\"https:\\\/\\\/parm.com\\\/it\\\/business-intelligence-3\\\/controllo\\\/#primaryimage\"},\"thumbnailUrl\":\"https:\\\/\\\/parm.com\\\/wp-content\\\/uploads\\\/2022\\\/03\\\/myPARM_BI_Tablet_Aufgabenverwaltung.png\",\"datePublished\":\"2022-05-05T06:43:42+00:00\",\"dateModified\":\"2026-03-02T15:16:31+00:00\",\"description\":\"Convertite in modo immediato risultati delle analisi in azioni. Definite le attivit\u00e0 e assegnatele ai vostri dipendenti.\",\"breadcrumb\":{\"@id\":\"https:\\\/\\\/parm.com\\\/it\\\/business-intelligence-3\\\/controllo\\\/#breadcrumb\"},\"inLanguage\":\"it-IT\",\"potentialAction\":[{\"@type\":\"ReadAction\",\"target\":[\"https:\\\/\\\/parm.com\\\/it\\\/business-intelligence-3\\\/controllo\\\/\"]}]},{\"@type\":\"ImageObject\",\"inLanguage\":\"it-IT\",\"@id\":\"https:\\\/\\\/parm.com\\\/it\\\/business-intelligence-3\\\/controllo\\\/#primaryimage\",\"url\":\"https:\\\/\\\/parm.com\\\/wp-content\\\/uploads\\\/2022\\\/03\\\/myPARM_BI_Tablet_Aufgabenverwaltung.png\",\"contentUrl\":\"https:\\\/\\\/parm.com\\\/wp-content\\\/uploads\\\/2022\\\/03\\\/myPARM_BI_Tablet_Aufgabenverwaltung.png\",\"width\":1552,\"height\":2253,\"caption\":\"myPARM BI Gestione incarichi\"},{\"@type\":\"BreadcrumbList\",\"@id\":\"https:\\\/\\\/parm.com\\\/it\\\/business-intelligence-3\\\/controllo\\\/#breadcrumb\",\"itemListElement\":[{\"@type\":\"ListItem\",\"position\":1,\"name\":\"Startseite\",\"item\":\"https:\\\/\\\/parm.com\\\/it\\\/\"},{\"@type\":\"ListItem\",\"position\":2,\"name\":\"Business Intelligence\",\"item\":\"https:\\\/\\\/parm.com\\\/it\\\/business-intelligence-3\\\/\"},{\"@type\":\"ListItem\",\"position\":3,\"name\":\"Controllo\"}]},{\"@type\":\"WebSite\",\"@id\":\"https:\\\/\\\/parm.com\\\/it\\\/#website\",\"url\":\"https:\\\/\\\/parm.com\\\/it\\\/\",\"name\":\"Parm AG\",\"description\":\"Successful projects\",\"publisher\":{\"@id\":\"https:\\\/\\\/parm.com\\\/it\\\/#organization\"},\"alternateName\":\"Parm\",\"potentialAction\":[{\"@type\":\"SearchAction\",\"target\":{\"@type\":\"EntryPoint\",\"urlTemplate\":\"https:\\\/\\\/parm.com\\\/it\\\/?s={search_term_string}\"},\"query-input\":{\"@type\":\"PropertyValueSpecification\",\"valueRequired\":true,\"valueName\":\"search_term_string\"}}],\"inLanguage\":\"it-IT\"},{\"@type\":\"Organization\",\"@id\":\"https:\\\/\\\/parm.com\\\/it\\\/#organization\",\"name\":\"Parm AG\",\"alternateName\":\"Parm\",\"url\":\"https:\\\/\\\/parm.com\\\/it\\\/\",\"logo\":{\"@type\":\"ImageObject\",\"inLanguage\":\"it-IT\",\"@id\":\"https:\\\/\\\/parm.com\\\/it\\\/#\\\/schema\\\/logo\\\/image\\\/\",\"url\":\"https:\\\/\\\/parm.com\\\/wp-content\\\/uploads\\\/2021\\\/11\\\/Parm_Logo_blue_RGB.png\",\"contentUrl\":\"https:\\\/\\\/parm.com\\\/wp-content\\\/uploads\\\/2021\\\/11\\\/Parm_Logo_blue_RGB.png\",\"width\":908,\"height\":228,\"caption\":\"Parm AG\"},\"image\":{\"@id\":\"https:\\\/\\\/parm.com\\\/it\\\/#\\\/schema\\\/logo\\\/image\\\/\"},\"sameAs\":[\"https:\\\/\\\/www.facebook.com\\\/myparm\",\"https:\\\/\\\/www.linkedin.com\\\/company\\\/parm-ag\",\"https:\\\/\\\/www.xing.com\\\/pages\\\/parmag\"]}]}<\/script>\n<!-- \/ Yoast SEO plugin. -->","yoast_head_json":{"title":"Controllo mit myPARM BIact | Parm AG","description":"Convertite in modo immediato risultati delle analisi in azioni. Definite le attivit\u00e0 e assegnatele ai vostri dipendenti.","robots":{"index":"index","follow":"follow","max-snippet":"max-snippet:-1","max-image-preview":"max-image-preview:large","max-video-preview":"max-video-preview:-1"},"canonical":"https:\/\/parm.com\/it\/business-intelligence-3\/controllo\/","og_locale":"it_IT","og_type":"article","og_title":"Convertite i risultati in attivit\u00e0, controllatene l'implementazione in modo ottimale.","og_description":"Convertite in modo immediato risultati delle analisi in azioni. Definite le attivit\u00e0 e assegnatele ai vostri dipendenti. Collegate queste attivit\u00e0 a progetti, rischi o opportunit\u00e0, impostatene le priorit\u00e0 e tenete sotto controllo la loro esecuzione.","og_url":"https:\/\/parm.com\/it\/business-intelligence-3\/controllo\/","og_site_name":"Parm AG","article_publisher":"https:\/\/www.facebook.com\/myparm","article_modified_time":"2026-03-02T15:16:31+00:00","og_image":[{"url":"https:\/\/parm.com\/wp-content\/uploads\/2021\/11\/MIS.png","type":"","width":"","height":""}],"twitter_card":"summary_large_image","twitter_title":"Convertite i risultati in attivit\u00e0, controllatene l'implementazione in modo ottimale.","twitter_description":"Convertite in modo immediato risultati delle analisi in azioni. Definite le attivit\u00e0 e assegnatele ai vostri dipendenti. Collegate queste attivit\u00e0 a progetti, rischi o opportunit\u00e0, impostatene le priorit\u00e0 e tenete sotto controllo la loro esecuzione.","twitter_image":"https:\/\/parm.com\/wp-content\/uploads\/2021\/11\/MIS.png","schema":{"@context":"https:\/\/schema.org","@graph":[{"@type":"WebPage","@id":"https:\/\/parm.com\/it\/business-intelligence-3\/controllo\/","url":"https:\/\/parm.com\/it\/business-intelligence-3\/controllo\/","name":"Controllo mit myPARM BIact | Parm AG","isPartOf":{"@id":"https:\/\/parm.com\/it\/#website"},"primaryImageOfPage":{"@id":"https:\/\/parm.com\/it\/business-intelligence-3\/controllo\/#primaryimage"},"image":{"@id":"https:\/\/parm.com\/it\/business-intelligence-3\/controllo\/#primaryimage"},"thumbnailUrl":"https:\/\/parm.com\/wp-content\/uploads\/2022\/03\/myPARM_BI_Tablet_Aufgabenverwaltung.png","datePublished":"2022-05-05T06:43:42+00:00","dateModified":"2026-03-02T15:16:31+00:00","description":"Convertite in modo immediato risultati delle analisi in azioni. Definite le attivit\u00e0 e assegnatele ai vostri dipendenti.","breadcrumb":{"@id":"https:\/\/parm.com\/it\/business-intelligence-3\/controllo\/#breadcrumb"},"inLanguage":"it-IT","potentialAction":[{"@type":"ReadAction","target":["https:\/\/parm.com\/it\/business-intelligence-3\/controllo\/"]}]},{"@type":"ImageObject","inLanguage":"it-IT","@id":"https:\/\/parm.com\/it\/business-intelligence-3\/controllo\/#primaryimage","url":"https:\/\/parm.com\/wp-content\/uploads\/2022\/03\/myPARM_BI_Tablet_Aufgabenverwaltung.png","contentUrl":"https:\/\/parm.com\/wp-content\/uploads\/2022\/03\/myPARM_BI_Tablet_Aufgabenverwaltung.png","width":1552,"height":2253,"caption":"myPARM BI Gestione incarichi"},{"@type":"BreadcrumbList","@id":"https:\/\/parm.com\/it\/business-intelligence-3\/controllo\/#breadcrumb","itemListElement":[{"@type":"ListItem","position":1,"name":"Startseite","item":"https:\/\/parm.com\/it\/"},{"@type":"ListItem","position":2,"name":"Business Intelligence","item":"https:\/\/parm.com\/it\/business-intelligence-3\/"},{"@type":"ListItem","position":3,"name":"Controllo"}]},{"@type":"WebSite","@id":"https:\/\/parm.com\/it\/#website","url":"https:\/\/parm.com\/it\/","name":"Parm AG","description":"Successful projects","publisher":{"@id":"https:\/\/parm.com\/it\/#organization"},"alternateName":"Parm","potentialAction":[{"@type":"SearchAction","target":{"@type":"EntryPoint","urlTemplate":"https:\/\/parm.com\/it\/?s={search_term_string}"},"query-input":{"@type":"PropertyValueSpecification","valueRequired":true,"valueName":"search_term_string"}}],"inLanguage":"it-IT"},{"@type":"Organization","@id":"https:\/\/parm.com\/it\/#organization","name":"Parm AG","alternateName":"Parm","url":"https:\/\/parm.com\/it\/","logo":{"@type":"ImageObject","inLanguage":"it-IT","@id":"https:\/\/parm.com\/it\/#\/schema\/logo\/image\/","url":"https:\/\/parm.com\/wp-content\/uploads\/2021\/11\/Parm_Logo_blue_RGB.png","contentUrl":"https:\/\/parm.com\/wp-content\/uploads\/2021\/11\/Parm_Logo_blue_RGB.png","width":908,"height":228,"caption":"Parm AG"},"image":{"@id":"https:\/\/parm.com\/it\/#\/schema\/logo\/image\/"},"sameAs":["https:\/\/www.facebook.com\/myparm","https:\/\/www.linkedin.com\/company\/parm-ag","https:\/\/www.xing.com\/pages\/parmag"]}]}},"_links":{"self":[{"href":"https:\/\/parm.com\/it\/wp-json\/wp\/v2\/pages\/4537","targetHints":{"allow":["GET"]}}],"collection":[{"href":"https:\/\/parm.com\/it\/wp-json\/wp\/v2\/pages"}],"about":[{"href":"https:\/\/parm.com\/it\/wp-json\/wp\/v2\/types\/page"}],"author":[{"embeddable":true,"href":"https:\/\/parm.com\/it\/wp-json\/wp\/v2\/users\/1"}],"replies":[{"embeddable":true,"href":"https:\/\/parm.com\/it\/wp-json\/wp\/v2\/comments?post=4537"}],"version-history":[{"count":1,"href":"https:\/\/parm.com\/it\/wp-json\/wp\/v2\/pages\/4537\/revisions"}],"predecessor-version":[{"id":246018,"href":"https:\/\/parm.com\/it\/wp-json\/wp\/v2\/pages\/4537\/revisions\/246018"}],"up":[{"embeddable":true,"href":"https:\/\/parm.com\/it\/wp-json\/wp\/v2\/pages\/4126"}],"wp:featuredmedia":[{"embeddable":true,"href":"https:\/\/parm.com\/it\/wp-json\/wp\/v2\/media\/4917"}],"wp:attachment":[{"href":"https:\/\/parm.com\/it\/wp-json\/wp\/v2\/media?parent=4537"}],"curies":[{"name":"wp","href":"https:\/\/api.w.org\/{rel}","templated":true}]}}