{"id":4472,"date":"2022-05-05T08:08:34","date_gmt":"2022-05-05T06:08:34","guid":{"rendered":"https:\/\/parm.com\/?page_id=4472"},"modified":"2026-03-23T14:58:30","modified_gmt":"2026-03-23T13:58:30","slug":"integrazione-e-preparazione-dei-dati","status":"publish","type":"page","link":"https:\/\/parm.com\/it\/business-intelligence-3\/integrazione-e-preparazione-dei-dati\/","title":{"rendered":"Datenintegration und -aufbereitung"},"content":{"rendered":"\n<div class=\"et_pb_section_0 et_pb_section et_section_regular et_block_section et_animated\"><div class=\"et_pb_row_0 et_pb_row et_block_row\"><div class=\"et_pb_column_0 et_pb_column et_pb_column_4_4 et-last-child et_block_column et_pb_css_mix_blend_mode_passthrough\"><div class=\"et_pb_text_0 et_pb_text et_pb_bg_layout_light et_pb_module et_block_module preset--module--divi-text--default\"><div class=\"et_pb_text_inner\" data-et-mv-hidden-tablet=\"true\" data-et-mv-hidden-phone=\"true\"><h1 style=\"text-align: left;\"><strong>Integrazione e preparazione dei dati<br \/><span style=\"color: #c01e2b;\">in base alle tue esigenze individuali<br \/><\/span><\/strong><\/h1>\n<\/div><\/div><\/div><\/div><div class=\"et_pb_row_1 et_pb_row et_block_row\"><div class=\"et_pb_column_1 et_pb_column et_pb_column_3_5 et_block_column et_pb_css_mix_blend_mode_passthrough\"><div class=\"et_pb_text_1 et_pb_text et_pb_bg_layout_light et_pb_module et_block_module preset--module--divi-text--default\"><div class=\"et_pb_text_inner\"><h2>Fornire e completare i dati<\/h2>\n<\/div><\/div><div class=\"et_pb_blurb_0 et_pb_blurb et_pb_bg_layout_light et_pb_blurb_position_left et_pb_module et_block_module\"><div class=\"et_pb_blurb_content\"><div class=\"et_pb_main_blurb_image\"><span class=\"et_pb_image_wrap\"><span class=\"et-pb-icon\">R<\/span><\/span><\/div><div class=\"et_pb_blurb_container\"><div class=\"et_pb_blurb_description\"><p><strong>Semplice importazione di dati rilevanti per la decisione<\/strong><\/p>\n<\/div><\/div><\/div><\/div><div class=\"et_pb_blurb_1 et_pb_blurb et_pb_bg_layout_light et_pb_blurb_position_left et_pb_module et_block_module\"><div class=\"et_pb_blurb_content\"><div class=\"et_pb_main_blurb_image\"><span class=\"et_pb_image_wrap\"><span class=\"et-pb-icon\">R<\/span><\/span><\/div><div class=\"et_pb_blurb_container\"><div class=\"et_pb_blurb_description\"><p><strong>Rapporti e analisi semplici grazie alla BI self-service<\/strong><\/p>\n<\/div><\/div><\/div><\/div><div class=\"et_pb_blurb_2 et_pb_blurb et_pb_bg_layout_light et_pb_blurb_position_left et_pb_module et_block_module\"><div class=\"et_pb_blurb_content\"><div class=\"et_pb_main_blurb_image\"><span class=\"et_pb_image_wrap\"><span class=\"et-pb-icon\">R<\/span><\/span><\/div><div class=\"et_pb_blurb_container\"><div class=\"et_pb_blurb_description\"><p><strong>Archiviazione e funzionamento flessibile dei dati<\/strong><\/p>\n<\/div><\/div><\/div><\/div><\/div><div class=\"et_pb_column_2 et_pb_column et_pb_column_2_5 et-last-child et_block_column et_pb_column_empty et_pb_css_mix_blend_mode_passthrough\"><\/div><\/div><\/div><div class=\"et_pb_section_1 et_pb_section et_section_regular et_block_section\"><div class=\"et_pb_row_2 et_pb_row et_block_row\"><div class=\"et_pb_column_3 et_pb_column et_pb_column_4_4 et-last-child et_block_column et_pb_css_mix_blend_mode_passthrough\"><div class=\"et_pb_text_2 et_pb_text et_pb_bg_layout_light et_pb_module et_block_module et_pb_text_align_center preset--module--divi-text--default\"><div class=\"et_pb_text_inner\" data-et-mv-hidden-phone=\"true\"><h2 style=\"text-align: left;\"><span style=\"color: #1b3e90;\">Integrazione flessibile dei dati<\/span><br \/><span style=\"color: #1b3e90;\">Preparazione dei dati semplice<\/span><\/h2>\n<p style=\"text-align: left;\">Utilizza le numerose interfacce per importare i dati rilevanti per le decisioni e integrarli con informazioni inserite manualmente, come i dati pianificati, effettivi o altri dati che non sono ancora disponibili in nessun sistema periferico. Concentrati su ci\u00f2 che \u00e8 pi\u00f9 importante per te: i tuoi dati. myPARM BI<span style=\"font-size: x-small;\"><sup>act<\/sup><\/span> \u00e8 stato progettato in modo che tu non debba dedicare tempo prezioso alla personalizzazione. Collega le tue fonti di dati una volta sola con il DataSource Wizard integrato e trascina semplicemente i campi dati richiesti dal FieldBrowser nelle visualizzazioni corrispondenti.   <\/p>\n<p style=\"text-align: left;\">La funziolnalit\u00e0 di Self-Service Business Intelligence vi consente di comporre report e analisi in modo autonomo, rapido e semplice senza dover ricorrere alle risorse del vostro reparto IT. myPARM offre a tutti gli utenti un accesso facile e affidabile, in tempo reale, ai dati di cui hanno necessit\u00e0. <\/p>\n<p style=\"text-align: left;\">\n<\/div><\/div><\/div><\/div><div class=\"et_pb_row_3 et_pb_row et_block_row\"><div class=\"et_pb_column_4 et_pb_column et_pb_column_1_3 et_block_column et_pb_css_mix_blend_mode_passthrough\"><div class=\"et_pb_blurb_3 et_pb_blurb et_pb_bg_layout_light et_pb_text_align_center et_pb_blurb_position_top et_pb_module et_block_module\"><div class=\"et_pb_blurb_content\"><div class=\"et_pb_main_blurb_image\"><span class=\"et_pb_image_wrap et_pb_only_image_mode_wrap\"><img decoding=\"async\" src=\"https:\/\/new-site.parm.com\/wp-content\/uploads\/2022\/03\/Icon_Datenintegration.png\" alt=\"Icon Datenintegration\" \/><\/span><\/div><div class=\"et_pb_blurb_container\"><h4 class=\"et_pb_module_header\">INTEGRAZIONE DEI DATI<\/h4><div class=\"et_pb_blurb_description\"><p>Fornite dati aggiornati e utilizzabili per l'analisi in qualsiasi momento con l'aiuto di moderni strumenti di integrazione.<\/p>\n<ul>\n<li>Data Warehouse integrato<\/li>\n<li>numerose interfacce standard<\/li>\n<li>inserimento manuale dei dati<\/li>\n<\/ul>\n<\/div><\/div><\/div><\/div><\/div><div class=\"et_pb_column_5 et_pb_column et_pb_column_1_3 et_block_column et_pb_css_mix_blend_mode_passthrough\"><div class=\"et_pb_blurb_4 et_pb_blurb et_pb_bg_layout_light et_pb_text_align_center et_pb_blurb_position_top et_pb_module et_block_module\"><div class=\"et_pb_blurb_content\"><div class=\"et_pb_main_blurb_image\"><span class=\"et_pb_image_wrap et_pb_only_image_mode_wrap\"><img decoding=\"async\" src=\"https:\/\/new-site.parm.com\/wp-content\/uploads\/2022\/03\/Icon_Datenbearbeitung.png\" alt=\"Icon Datenbearbeitung\" \/><\/span><\/div><div class=\"et_pb_blurb_container\"><h4 class=\"et_pb_module_header\">PREPARAZIONE DEI DATI<\/h4><div class=\"et_pb_blurb_description\"><p>Consentite ai vostri dipendenti in qualsiasi parte dell'organizzazione di creare analisi in conformit\u00e0 con le linee guida sulla governance dei dati.<\/p>\n<ul>\n<li>preparazione gratuita di modelli di dati<\/li>\n<li>BI self-service<\/li>\n<\/ul>\n<\/div><\/div><\/div><\/div><\/div><div class=\"et_pb_column_6 et_pb_column et_pb_column_1_3 et-last-child et_block_column et_pb_css_mix_blend_mode_passthrough\"><div class=\"et_pb_blurb_5 et_pb_blurb et_pb_bg_layout_light et_pb_text_align_center et_pb_blurb_position_top et_pb_module et_block_module\"><div class=\"et_pb_blurb_content\"><div class=\"et_pb_main_blurb_image\"><span class=\"et_pb_image_wrap et_pb_only_image_mode_wrap\"><img decoding=\"async\" src=\"https:\/\/new-site.parm.com\/wp-content\/uploads\/2022\/03\/Icon_Datenhaltung.png\" alt=\"Icon Datenhaltung\" \/><\/span><\/div><div class=\"et_pb_blurb_container\"><h4 class=\"et_pb_module_header\">ARCHIVIAZIONE\/OPERATIVIT\u00c0 SUI DATI<\/h4><div class=\"et_pb_blurb_description\"><p>Indipendentemente da come desiderate utilizzare myPARM BI<span style=\"font-size: x-small;\"><sup>act<\/sup><\/span> e dove desiderate archiviare i dati, il software si adatta alle vostre esigenze specifiche.<\/p>\n<ul>\n<li>on-premise<\/li>\n<li>cloud proprietario<\/li>\n<li>cloud pubblico<\/li>\n<\/ul>\n<\/div><\/div><\/div><\/div><\/div><\/div><div class=\"et_pb_row_4 et_pb_row et_block_row\"><div class=\"et_pb_column_7 et_pb_column et_pb_column_4_4 et-last-child et_block_column et_pb_css_mix_blend_mode_passthrough\"><div class=\"et_pb_text_3 et_pb_text et_pb_bg_layout_light et_pb_module et_block_module preset--module--divi-text--default\"><div class=\"et_pb_text_inner\"><p>Sono supportate le seguenti fonti di dati: SQL, OLAP, cartelle di lavoro\/CSV di Microsoft Excel, Entity Framework, sorgenti di dati a oggetti, sorgenti di dati estratti, XPO, JSON, sorgenti di dati federate, MongoDB.<\/p>\n<p>myPARM BI<span style=\"font-size: x-small;\"><sup>act<\/sup><\/span>supporta le seguenti interfacce standard verso fonti di dati\/prodotti noti: Microsoft SQL Server \/ CE \/ Analysis Services, Microsoft Access, Oracle Database, Amazon Redshift, Google BigQuery, Teradata, SAP Hana \/ Sybase Advantage \/ Sybase ASE \/ SQL Anywhere, IBM DB2, Firebird, MySQL, Pervasive PSQL, VistaDB, SQLite, XML file<\/p>\n<\/div><\/div><\/div><\/div><\/div><div class=\"et_pb_section_2 et_pb_section et_section_regular et_block_section\"><div class=\"et_pb_row_5 et_pb_row et_block_row\"><div class=\"et_pb_column_8 et_pb_column et_pb_column_4_4 et-last-child et_block_column et_pb_css_mix_blend_mode_passthrough\"><div class=\"et_pb_code_0 et_pb_code et_pb_module\"><div class=\"et_pb_code_inner\"><!-- Calendly Badge-Widget Beginn -->\n<link href=\"https:\/\/assets.calendly.com\/assets\/external\/widget.css\" rel=\"stylesheet\">\n<script src=\"https:\/\/assets.calendly.com\/assets\/external\/widget.js\" type=\"text\/javascript\"><\/script>\n<script type=\"text\/javascript\">Calendly.initBadgeWidget({ url: 'https:\/\/calendly.com\/d\/ymv-ffv-cqx', text: 'Termin vereinbaren', color: '#00a2ff', textColor: '#ffffff', branding: false });<\/script>\n<!-- Calendly Badge-Widget Ende -->\n<\/div><\/div><\/div><\/div><\/div>\n","protected":false},"excerpt":{"rendered":"<p>Collegate il sistema con numerose interfacce e importate i vostri dati reali, di piano o altri. Prepararate, rifinite e combinate i dati in myPARM. Potete anche aggiungere manualmente dati e commenti importanti.  <\/p>\n","protected":false},"author":1,"featured_media":4660,"parent":4126,"menu_order":0,"comment_status":"closed","ping_status":"closed","template":"","meta":{"footnotes":""},"class_list":["post-4472","page","type-page","status-publish","has-post-thumbnail","hentry"],"yoast_head":"<!-- This site is optimized with the Yoast SEO plugin v27.5 - https:\/\/yoast.com\/product\/yoast-seo-wordpress\/ -->\n<title>Datenintegration und -aufbereitung mit myPARM BIact | Parm AG<\/title>\n<meta name=\"description\" content=\"Collegate myPARM BIact con numerose interfacce e importate i vostri dati reali, di piano o altri.\" \/>\n<meta name=\"robots\" content=\"index, follow, max-snippet:-1, max-image-preview:large, max-video-preview:-1\" \/>\n<link rel=\"canonical\" href=\"https:\/\/parm.com\/it\/business-intelligence-3\/integrazione-e-preparazione-dei-dati\/\" \/>\n<meta property=\"og:locale\" content=\"it_IT\" \/>\n<meta property=\"og:type\" content=\"article\" \/>\n<meta property=\"og:title\" content=\"Integrazione e preparazione dei dati secondo le vostre esigenze individuali\" \/>\n<meta property=\"og:description\" content=\"Collegate il sistema con numerose interfacce e importate i vostri dati reali, di piano o altri. Prepararate, rifinite e combinate i dati in myPARM. Potete anche aggiungere manualmente dati e commenti importanti.\" \/>\n<meta property=\"og:url\" content=\"https:\/\/parm.com\/it\/business-intelligence-3\/integrazione-e-preparazione-dei-dati\/\" \/>\n<meta property=\"og:site_name\" content=\"Parm AG\" \/>\n<meta property=\"article:publisher\" content=\"https:\/\/www.facebook.com\/myparm\" \/>\n<meta property=\"article:modified_time\" content=\"2026-03-23T13:58:30+00:00\" \/>\n<meta property=\"og:image\" content=\"https:\/\/parm.com\/wp-content\/uploads\/2021\/11\/MIS.png\" \/>\n<meta name=\"twitter:card\" content=\"summary_large_image\" \/>\n<meta name=\"twitter:title\" content=\"Integrazione e preparazione dei dati secondo le vostre esigenze individuali\" \/>\n<meta name=\"twitter:description\" content=\"Collegate il sistema con numerose interfacce e importate i vostri dati reali, di piano o altri. Prepararate, rifinite e combinate i dati in myPARM. Potete anche aggiungere manualmente dati e commenti importanti.\" \/>\n<meta name=\"twitter:image\" content=\"https:\/\/parm.com\/wp-content\/uploads\/2021\/11\/MIS.png\" \/>\n<script type=\"application\/ld+json\" class=\"yoast-schema-graph\">{\"@context\":\"https:\\\/\\\/schema.org\",\"@graph\":[{\"@type\":\"WebPage\",\"@id\":\"https:\\\/\\\/parm.com\\\/it\\\/business-intelligence-3\\\/integrazione-e-preparazione-dei-dati\\\/\",\"url\":\"https:\\\/\\\/parm.com\\\/it\\\/business-intelligence-3\\\/integrazione-e-preparazione-dei-dati\\\/\",\"name\":\"Datenintegration und -aufbereitung mit myPARM BIact | Parm AG\",\"isPartOf\":{\"@id\":\"https:\\\/\\\/parm.com\\\/it\\\/#website\"},\"primaryImageOfPage\":{\"@id\":\"https:\\\/\\\/parm.com\\\/it\\\/business-intelligence-3\\\/integrazione-e-preparazione-dei-dati\\\/#primaryimage\"},\"image\":{\"@id\":\"https:\\\/\\\/parm.com\\\/it\\\/business-intelligence-3\\\/integrazione-e-preparazione-dei-dati\\\/#primaryimage\"},\"thumbnailUrl\":\"https:\\\/\\\/parm.com\\\/wp-content\\\/uploads\\\/2022\\\/03\\\/Wanderausruestung_klein_AdobeStock_207297850-scaled.jpg\",\"datePublished\":\"2022-05-05T06:08:34+00:00\",\"dateModified\":\"2026-03-23T13:58:30+00:00\",\"description\":\"Collegate myPARM BIact con numerose interfacce e importate i vostri dati reali, di piano o altri.\",\"breadcrumb\":{\"@id\":\"https:\\\/\\\/parm.com\\\/it\\\/business-intelligence-3\\\/integrazione-e-preparazione-dei-dati\\\/#breadcrumb\"},\"inLanguage\":\"it-IT\",\"potentialAction\":[{\"@type\":\"ReadAction\",\"target\":[\"https:\\\/\\\/parm.com\\\/it\\\/business-intelligence-3\\\/integrazione-e-preparazione-dei-dati\\\/\"]}]},{\"@type\":\"ImageObject\",\"inLanguage\":\"it-IT\",\"@id\":\"https:\\\/\\\/parm.com\\\/it\\\/business-intelligence-3\\\/integrazione-e-preparazione-dei-dati\\\/#primaryimage\",\"url\":\"https:\\\/\\\/parm.com\\\/wp-content\\\/uploads\\\/2022\\\/03\\\/Wanderausruestung_klein_AdobeStock_207297850-scaled.jpg\",\"contentUrl\":\"https:\\\/\\\/parm.com\\\/wp-content\\\/uploads\\\/2022\\\/03\\\/Wanderausruestung_klein_AdobeStock_207297850-scaled.jpg\",\"width\":2560,\"height\":1338,\"caption\":\"Integrazione dei dati di intestazione - attrezzatura per l'escursionismo in montagna\"},{\"@type\":\"BreadcrumbList\",\"@id\":\"https:\\\/\\\/parm.com\\\/it\\\/business-intelligence-3\\\/integrazione-e-preparazione-dei-dati\\\/#breadcrumb\",\"itemListElement\":[{\"@type\":\"ListItem\",\"position\":1,\"name\":\"Startseite\",\"item\":\"https:\\\/\\\/parm.com\\\/it\\\/\"},{\"@type\":\"ListItem\",\"position\":2,\"name\":\"Business Intelligence\",\"item\":\"https:\\\/\\\/parm.com\\\/it\\\/business-intelligence-3\\\/\"},{\"@type\":\"ListItem\",\"position\":3,\"name\":\"Datenintegration und -aufbereitung\"}]},{\"@type\":\"WebSite\",\"@id\":\"https:\\\/\\\/parm.com\\\/it\\\/#website\",\"url\":\"https:\\\/\\\/parm.com\\\/it\\\/\",\"name\":\"Parm AG\",\"description\":\"Successful projects\",\"publisher\":{\"@id\":\"https:\\\/\\\/parm.com\\\/it\\\/#organization\"},\"alternateName\":\"Parm\",\"potentialAction\":[{\"@type\":\"SearchAction\",\"target\":{\"@type\":\"EntryPoint\",\"urlTemplate\":\"https:\\\/\\\/parm.com\\\/it\\\/?s={search_term_string}\"},\"query-input\":{\"@type\":\"PropertyValueSpecification\",\"valueRequired\":true,\"valueName\":\"search_term_string\"}}],\"inLanguage\":\"it-IT\"},{\"@type\":\"Organization\",\"@id\":\"https:\\\/\\\/parm.com\\\/it\\\/#organization\",\"name\":\"Parm AG\",\"alternateName\":\"Parm\",\"url\":\"https:\\\/\\\/parm.com\\\/it\\\/\",\"logo\":{\"@type\":\"ImageObject\",\"inLanguage\":\"it-IT\",\"@id\":\"https:\\\/\\\/parm.com\\\/it\\\/#\\\/schema\\\/logo\\\/image\\\/\",\"url\":\"https:\\\/\\\/parm.com\\\/wp-content\\\/uploads\\\/2021\\\/11\\\/Parm_Logo_blue_RGB.png\",\"contentUrl\":\"https:\\\/\\\/parm.com\\\/wp-content\\\/uploads\\\/2021\\\/11\\\/Parm_Logo_blue_RGB.png\",\"width\":908,\"height\":228,\"caption\":\"Parm AG\"},\"image\":{\"@id\":\"https:\\\/\\\/parm.com\\\/it\\\/#\\\/schema\\\/logo\\\/image\\\/\"},\"sameAs\":[\"https:\\\/\\\/www.facebook.com\\\/myparm\",\"https:\\\/\\\/www.linkedin.com\\\/company\\\/parm-ag\",\"https:\\\/\\\/www.xing.com\\\/pages\\\/parmag\"]}]}<\/script>\n<!-- \/ Yoast SEO plugin. -->","yoast_head_json":{"title":"Datenintegration und -aufbereitung mit myPARM BIact | Parm AG","description":"Collegate myPARM BIact con numerose interfacce e importate i vostri dati reali, di piano o altri.","robots":{"index":"index","follow":"follow","max-snippet":"max-snippet:-1","max-image-preview":"max-image-preview:large","max-video-preview":"max-video-preview:-1"},"canonical":"https:\/\/parm.com\/it\/business-intelligence-3\/integrazione-e-preparazione-dei-dati\/","og_locale":"it_IT","og_type":"article","og_title":"Integrazione e preparazione dei dati secondo le vostre esigenze individuali","og_description":"Collegate il sistema con numerose interfacce e importate i vostri dati reali, di piano o altri. Prepararate, rifinite e combinate i dati in myPARM. Potete anche aggiungere manualmente dati e commenti importanti.","og_url":"https:\/\/parm.com\/it\/business-intelligence-3\/integrazione-e-preparazione-dei-dati\/","og_site_name":"Parm AG","article_publisher":"https:\/\/www.facebook.com\/myparm","article_modified_time":"2026-03-23T13:58:30+00:00","og_image":[{"url":"https:\/\/parm.com\/wp-content\/uploads\/2021\/11\/MIS.png","type":"","width":"","height":""}],"twitter_card":"summary_large_image","twitter_title":"Integrazione e preparazione dei dati secondo le vostre esigenze individuali","twitter_description":"Collegate il sistema con numerose interfacce e importate i vostri dati reali, di piano o altri. Prepararate, rifinite e combinate i dati in myPARM. Potete anche aggiungere manualmente dati e commenti importanti.","twitter_image":"https:\/\/parm.com\/wp-content\/uploads\/2021\/11\/MIS.png","schema":{"@context":"https:\/\/schema.org","@graph":[{"@type":"WebPage","@id":"https:\/\/parm.com\/it\/business-intelligence-3\/integrazione-e-preparazione-dei-dati\/","url":"https:\/\/parm.com\/it\/business-intelligence-3\/integrazione-e-preparazione-dei-dati\/","name":"Datenintegration und -aufbereitung mit myPARM BIact | Parm AG","isPartOf":{"@id":"https:\/\/parm.com\/it\/#website"},"primaryImageOfPage":{"@id":"https:\/\/parm.com\/it\/business-intelligence-3\/integrazione-e-preparazione-dei-dati\/#primaryimage"},"image":{"@id":"https:\/\/parm.com\/it\/business-intelligence-3\/integrazione-e-preparazione-dei-dati\/#primaryimage"},"thumbnailUrl":"https:\/\/parm.com\/wp-content\/uploads\/2022\/03\/Wanderausruestung_klein_AdobeStock_207297850-scaled.jpg","datePublished":"2022-05-05T06:08:34+00:00","dateModified":"2026-03-23T13:58:30+00:00","description":"Collegate myPARM BIact con numerose interfacce e importate i vostri dati reali, di piano o altri.","breadcrumb":{"@id":"https:\/\/parm.com\/it\/business-intelligence-3\/integrazione-e-preparazione-dei-dati\/#breadcrumb"},"inLanguage":"it-IT","potentialAction":[{"@type":"ReadAction","target":["https:\/\/parm.com\/it\/business-intelligence-3\/integrazione-e-preparazione-dei-dati\/"]}]},{"@type":"ImageObject","inLanguage":"it-IT","@id":"https:\/\/parm.com\/it\/business-intelligence-3\/integrazione-e-preparazione-dei-dati\/#primaryimage","url":"https:\/\/parm.com\/wp-content\/uploads\/2022\/03\/Wanderausruestung_klein_AdobeStock_207297850-scaled.jpg","contentUrl":"https:\/\/parm.com\/wp-content\/uploads\/2022\/03\/Wanderausruestung_klein_AdobeStock_207297850-scaled.jpg","width":2560,"height":1338,"caption":"Integrazione dei dati di intestazione - attrezzatura per l'escursionismo in montagna"},{"@type":"BreadcrumbList","@id":"https:\/\/parm.com\/it\/business-intelligence-3\/integrazione-e-preparazione-dei-dati\/#breadcrumb","itemListElement":[{"@type":"ListItem","position":1,"name":"Startseite","item":"https:\/\/parm.com\/it\/"},{"@type":"ListItem","position":2,"name":"Business Intelligence","item":"https:\/\/parm.com\/it\/business-intelligence-3\/"},{"@type":"ListItem","position":3,"name":"Datenintegration und -aufbereitung"}]},{"@type":"WebSite","@id":"https:\/\/parm.com\/it\/#website","url":"https:\/\/parm.com\/it\/","name":"Parm AG","description":"Successful projects","publisher":{"@id":"https:\/\/parm.com\/it\/#organization"},"alternateName":"Parm","potentialAction":[{"@type":"SearchAction","target":{"@type":"EntryPoint","urlTemplate":"https:\/\/parm.com\/it\/?s={search_term_string}"},"query-input":{"@type":"PropertyValueSpecification","valueRequired":true,"valueName":"search_term_string"}}],"inLanguage":"it-IT"},{"@type":"Organization","@id":"https:\/\/parm.com\/it\/#organization","name":"Parm AG","alternateName":"Parm","url":"https:\/\/parm.com\/it\/","logo":{"@type":"ImageObject","inLanguage":"it-IT","@id":"https:\/\/parm.com\/it\/#\/schema\/logo\/image\/","url":"https:\/\/parm.com\/wp-content\/uploads\/2021\/11\/Parm_Logo_blue_RGB.png","contentUrl":"https:\/\/parm.com\/wp-content\/uploads\/2021\/11\/Parm_Logo_blue_RGB.png","width":908,"height":228,"caption":"Parm AG"},"image":{"@id":"https:\/\/parm.com\/it\/#\/schema\/logo\/image\/"},"sameAs":["https:\/\/www.facebook.com\/myparm","https:\/\/www.linkedin.com\/company\/parm-ag","https:\/\/www.xing.com\/pages\/parmag"]}]}},"_links":{"self":[{"href":"https:\/\/parm.com\/it\/wp-json\/wp\/v2\/pages\/4472","targetHints":{"allow":["GET"]}}],"collection":[{"href":"https:\/\/parm.com\/it\/wp-json\/wp\/v2\/pages"}],"about":[{"href":"https:\/\/parm.com\/it\/wp-json\/wp\/v2\/types\/page"}],"author":[{"embeddable":true,"href":"https:\/\/parm.com\/it\/wp-json\/wp\/v2\/users\/1"}],"replies":[{"embeddable":true,"href":"https:\/\/parm.com\/it\/wp-json\/wp\/v2\/comments?post=4472"}],"version-history":[{"count":3,"href":"https:\/\/parm.com\/it\/wp-json\/wp\/v2\/pages\/4472\/revisions"}],"predecessor-version":[{"id":247319,"href":"https:\/\/parm.com\/it\/wp-json\/wp\/v2\/pages\/4472\/revisions\/247319"}],"up":[{"embeddable":true,"href":"https:\/\/parm.com\/it\/wp-json\/wp\/v2\/pages\/4126"}],"wp:featuredmedia":[{"embeddable":true,"href":"https:\/\/parm.com\/it\/wp-json\/wp\/v2\/media\/4660"}],"wp:attachment":[{"href":"https:\/\/parm.com\/it\/wp-json\/wp\/v2\/media?parent=4472"}],"curies":[{"name":"wp","href":"https:\/\/api.w.org\/{rel}","templated":true}]}}