{"id":3141,"date":"2021-11-26T10:48:19","date_gmt":"2021-11-26T09:48:19","guid":{"rendered":"http:\/\/localhost\/wordpress\/hosting\/"},"modified":"2026-03-02T16:16:15","modified_gmt":"2026-03-02T15:16:15","slug":"hosting-4","status":"publish","type":"page","link":"https:\/\/parm.com\/it\/hosting-4\/","title":{"rendered":"Hosting"},"content":{"rendered":"\n<div class=\"et_pb_section_0 et_pb_section et_section_regular et_block_section et_animated\"><div class=\"et_pb_row_0 et_pb_row et_block_row\"><div class=\"et_pb_column_0 et_pb_column et_pb_column_4_4 et-last-child et_block_column et_pb_css_mix_blend_mode_passthrough\"><div class=\"et_pb_text_0 et_pb_text et_pb_bg_layout_light et_pb_module et_block_module preset--module--divi-text--default\"><div class=\"et_pb_text_inner\"><h1 style=\"text-align: left;\"><strong>Hosting<\/strong><strong><span style=\"color: #c01e2b;\"><\/span><\/strong><\/h1>\n<p><span style=\"font-size: large;\">Il pacchetto completo e senza pensieri per i vostri dati<\/span><\/p>\n<\/div><\/div><\/div><\/div><\/div><div class=\"et_pb_section_1 et_pb_section et_section_regular et_block_section\"><div class=\"et_pb_row_1 et_pb_row et_block_row\"><div class=\"et_pb_column_1 et_pb_column et_pb_column_1_2 et_block_column et_pb_css_mix_blend_mode_passthrough\"><div class=\"et_pb_text_1 et_pb_text et_pb_bg_layout_light et_pb_module et_block_module preset--module--divi-text--default\"><div class=\"et_pb_text_inner\"><h2>La nostra offerta<\/h2>\n<p>Se volete risparmiare ore di lavoro e costi di investimento per la vostra infrastruttura IT, saremo lieti di fornirvi la piattaforma cloud su cui ospitare le nostre soluzioni software.<\/p>\n<p>In questo modo potrete utilizzare myParm, con un canone di affitto, in modalit\u00e0 Software-as-a-Service (SaaS). Sono inclusi la fornitura del software di gestione del progetto su un server e i compiti amministrativi come i backup regolari dei dati, gli aggiornamenti e il monitoraggio delle prestazioni. I vostri dati risiederanno su un Virtual Data Center, vale a dire un ambiente specifico, a Voi dedicato.<\/p>\n<\/div><\/div><\/div><div class=\"et_pb_column_2 et_pb_column et_pb_column_1_2 et-last-child et_block_column et_pb_css_mix_blend_mode_passthrough\"><div class=\"et_pb_text_2 et_pb_text et_pb_bg_layout_light et_pb_module et_block_module preset--module--divi-text--default\"><div class=\"et_pb_text_inner\"><h2>I vostri benefici<\/h2>\n<ul>\n<li>Dati in un ambiente privato in Svizzera o in Germania<\/li>\n<li>Ambiente stabile, elevata disponibilit\u00e0 mediante la tecnologia Cloud<\/li>\n<li>Riduzione del carico di lavoro dele risorse IT (fino al 30%)<\/li>\n<li>Backup, sicurezza del dato<\/li>\n<li>Bassi costi di investimento (nessun server, incluse costose licenze di sistema operativo)<\/li>\n<li>Possibiit\u00e0 di concentrarvi sulle vostre competenze strategiche<\/li>\n<li>Pagamento in base all'utilizzo effettivo<\/li>\n<li>Costante aggiornamento della soluzione<\/li>\n<li>Miglioramento della Performance IT<\/li>\n<li>La disponibiit\u00e0 del server \u00e8 garantita in ogni momento<\/li>\n<li>Risorse IT disponibili per le vostre attivit\u00e0 strategiche<\/li>\n<\/ul>\n<\/div><\/div><div class=\"et_pb_image_0 et_pb_image et_pb_module et_block_module\"><span class=\"et_pb_image_wrap\"><img decoding=\"async\" src=\"https:\/\/new-site.parm.com\/wp-content\/uploads\/2022\/03\/sms-sh-logo-2h-72dpi-rgb.png\" title=\"Logo swiss made software + swiss hosting\" alt=\"Logo swiss made software + swiss hosting\" \/><\/span><\/div><\/div><\/div><div class=\"et_pb_row_2 et_pb_row et_block_row\"><div class=\"et_pb_column_3 et_pb_column et_pb_column_4_4 et-last-child et_block_column et_pb_css_mix_blend_mode_passthrough\"><div class=\"et_pb_text_3 et_pb_text et_pb_bg_layout_light et_pb_module et_block_module preset--module--divi-text--default\"><div class=\"et_pb_text_inner\"><p>Il nostro software pu\u00f2 essere installato localmente o reso disponibile su cloud.<\/p>\n<\/div><\/div><div class=\"et_pb_code_0 et_pb_code et_pb_module\"><div class=\"et_pb_code_inner\">\n<table id=\"tablepress-3\" class=\"tablepress tablepress-id-3\">\n<thead>\n<tr class=\"row-1\">\n\t<th class=\"column-1\">Servizio<\/th><th class=\"column-2\">On-Premise<\/th><th class=\"column-3\">Hosting (IaaS)<\/th><th class=\"column-4\">SaaS\/PaaS<\/th>\n<\/tr>\n<\/thead>\n<tbody class=\"row-striping row-hover\">\n<tr class=\"row-2\">\n\t<td class=\"column-1\">Descrizione<\/td><td class=\"column-2\">- Ambiente fornito dal cliente <br \/>\n- Responsabilit\u00e0 di manutenzione hardware e software sul cliente<\/td><td class=\"column-3\">- Outsourcing dell'hardware <br \/>\n- Software a carico del cliente<\/td><td class=\"column-4\">Il cliente riceve le funzioni software via \"socket\"<\/td>\n<\/tr>\n<tr class=\"row-3\">\n\t<td class=\"column-1\">Caratteristiche:<\/td><td class=\"column-2\"><\/td><td class=\"column-3\"><\/td><td class=\"column-4\"><\/td>\n<\/tr>\n<tr class=\"row-4\">\n\t<td class=\"column-1\">Licenze SW<\/td><td class=\"column-2\">Singolo acquisto o affitto<\/td><td class=\"column-3\">Singolo acquisto o affitto<\/td><td class=\"column-4\">Affitto<\/td>\n<\/tr>\n<tr class=\"row-5\">\n\t<td class=\"column-1\">- Hardware<\/td><td class=\"column-2\">Cliente<\/td><td class=\"column-3\">Hoster<\/td><td class=\"column-4\">Parm<\/td>\n<\/tr>\n<tr class=\"row-6\">\n\t<td class=\"column-1\">- Infrastruttura<\/td><td class=\"column-2\">Cliente<\/td><td class=\"column-3\">Hoster<\/td><td class=\"column-4\">Parm<\/td>\n<\/tr>\n<tr class=\"row-7\">\n\t<td class=\"column-1\">- Manutenzione del software<\/td><td class=\"column-2\">Cliente<\/td><td class=\"column-3\">Cliente<\/td><td class=\"column-4\">Parm<\/td>\n<\/tr>\n<tr class=\"row-8\">\n\t<td class=\"column-1\">Stabilit\u00e0 e sicurezza<\/td><td class=\"column-2\">A seconda dell'ambiente server del cliente<\/td><td class=\"column-3\">A seconda dell'hoster selezionato e dello SLA (Service Level Agreement)<\/td><td class=\"column-4\">Data center professionale\/moderno, gestione e supporto possibili fino a 24x7x365, sistemi di estinzione automatica, severe linee guida di sicurezza, gruppo di continuit\u00e0 supportato da generatori diesel. Il sistema di archiviazione \u00e8 ridondante e i backup sono fatti regolarmente.<\/td>\n<\/tr>\n<tr class=\"row-9\">\n\t<td class=\"column-1\">Disponibilit\u00e0<\/td><td class=\"column-2\">A seconda del server e dell'ambiente di rete del cliente <\/td><td class=\"column-3\">A seconda dell'hoster selezionato e dello SLA<\/td><td class=\"column-4\">Alta disponibilit\u00e0 delle operazioni, data center professionale Tier 4, la disponibilit\u00e0 delle funzionalit\u00e0 del software \u00e8 garantita in ogni momento<\/td>\n<\/tr>\n<tr class=\"row-10\">\n\t<td class=\"column-1\">Supporto<\/td><td class=\"column-2\">A seconda del cliente<\/td><td class=\"column-3\">A seconda dell'hoster selezionato e dello SLA<\/td><td class=\"column-4\">Numero di emergenza in casi urgenti, supporto desktop 24x7x365, sistema di ticketing, tracciamento degli incidenti, specialisti IT e software sono disponibili nel pi\u00f9 breve tempo possibile.<\/td>\n<\/tr>\n<tr class=\"row-11\">\n\t<td class=\"column-1\">Personale IT interno<\/td><td class=\"column-2\">Servono specialisti con un adeguato know-how<\/td><td class=\"column-3\">Potrebbe essere necessario un amministratore di sistema interno <\/td><td class=\"column-4\">Non c'\u00e8 necessit\u00e0 di personale IT interno<\/td>\n<\/tr>\n<tr class=\"row-12\">\n\t<td class=\"column-1\">Scalabilit\u00e0<\/td><td class=\"column-2\">A seconda dell'ambiente server del cliente<\/td><td class=\"column-3\">Le risorse IT sono scalabili in termini di sviluppo del business<\/td><td class=\"column-4\">Le risorse IT sono automaticamente scalate in modalit\u00e0 dinamica (garanzia di performance)<\/td>\n<\/tr>\n<\/tbody>\n<\/table>\n<!-- #tablepress-3 from cache --><\/div><\/div><\/div><\/div><\/div>\n","protected":false},"excerpt":{"rendered":"<p>Volete alleggerire il vostro dipartimento IT interno ed evitare alti costi di investimento? Offriamo l&#8217;hosting di myPARM nel cloud.<\/p>\n","protected":false},"author":1,"featured_media":3046,"parent":0,"menu_order":0,"comment_status":"closed","ping_status":"closed","template":"","meta":{"footnotes":""},"class_list":["post-3141","page","type-page","status-publish","has-post-thumbnail","hentry"],"yoast_head":"<!-- This site is optimized with the Yoast SEO plugin v27.5 - https:\/\/yoast.com\/product\/yoast-seo-wordpress\/ -->\n<title>Hosting di myPARM | Parm AG<\/title>\n<meta name=\"description\" content=\"Volete alleggerire il vostro dipartimento IT interno ed evitare alti costi di investimento? Offriamo l&#039;hosting di myPARM nel cloud.\" \/>\n<meta name=\"robots\" content=\"index, follow, max-snippet:-1, max-image-preview:large, max-video-preview:-1\" \/>\n<link rel=\"canonical\" href=\"https:\/\/parm.com\/it\/hosting-4\/\" \/>\n<meta property=\"og:locale\" content=\"it_IT\" \/>\n<meta property=\"og:type\" content=\"article\" \/>\n<meta property=\"og:title\" content=\"Risparmiate tempo di lavoro e costi di investimento con myPARM\" \/>\n<meta property=\"og:description\" content=\"Volete alleggerire il vostro dipartimento IT interno ed evitare alti costi di investimento? Offriamo l&#039;hosting di myPARM nel cloud.\" \/>\n<meta property=\"og:url\" content=\"https:\/\/parm.com\/it\/hosting-4\/\" \/>\n<meta property=\"og:site_name\" content=\"Parm AG\" \/>\n<meta property=\"article:publisher\" content=\"https:\/\/www.facebook.com\/myparm\" \/>\n<meta property=\"article:modified_time\" content=\"2026-03-02T15:16:15+00:00\" \/>\n<meta property=\"og:image\" content=\"https:\/\/parm.com\/wp-content\/uploads\/2022\/06\/Hosting.png\" \/>\n<meta name=\"twitter:card\" content=\"summary_large_image\" \/>\n<meta name=\"twitter:title\" content=\"Risparmiate tempo di lavoro e costi di investimento con myPARM\" \/>\n<meta name=\"twitter:description\" content=\"Volete alleggerire il vostro dipartimento IT interno ed evitare alti costi di investimento? Offriamo l&#039;hosting di myPARM nel cloud.\" \/>\n<meta name=\"twitter:image\" content=\"https:\/\/parm.com\/wp-content\/uploads\/2022\/06\/Hosting.png\" \/>\n<script type=\"application\/ld+json\" class=\"yoast-schema-graph\">{\"@context\":\"https:\\\/\\\/schema.org\",\"@graph\":[{\"@type\":\"WebPage\",\"@id\":\"https:\\\/\\\/parm.com\\\/it\\\/hosting-4\\\/\",\"url\":\"https:\\\/\\\/parm.com\\\/it\\\/hosting-4\\\/\",\"name\":\"Hosting di myPARM | Parm AG\",\"isPartOf\":{\"@id\":\"https:\\\/\\\/parm.com\\\/it\\\/#website\"},\"primaryImageOfPage\":{\"@id\":\"https:\\\/\\\/parm.com\\\/it\\\/hosting-4\\\/#primaryimage\"},\"image\":{\"@id\":\"https:\\\/\\\/parm.com\\\/it\\\/hosting-4\\\/#primaryimage\"},\"thumbnailUrl\":\"https:\\\/\\\/parm.com\\\/wp-content\\\/uploads\\\/2022\\\/06\\\/Hosting.png\",\"datePublished\":\"2021-11-26T09:48:19+00:00\",\"dateModified\":\"2026-03-02T15:16:15+00:00\",\"description\":\"Volete alleggerire il vostro dipartimento IT interno ed evitare alti costi di investimento? Offriamo l'hosting di myPARM nel cloud.\",\"breadcrumb\":{\"@id\":\"https:\\\/\\\/parm.com\\\/it\\\/hosting-4\\\/#breadcrumb\"},\"inLanguage\":\"it-IT\",\"potentialAction\":[{\"@type\":\"ReadAction\",\"target\":[\"https:\\\/\\\/parm.com\\\/it\\\/hosting-4\\\/\"]}]},{\"@type\":\"ImageObject\",\"inLanguage\":\"it-IT\",\"@id\":\"https:\\\/\\\/parm.com\\\/it\\\/hosting-4\\\/#primaryimage\",\"url\":\"https:\\\/\\\/parm.com\\\/wp-content\\\/uploads\\\/2022\\\/06\\\/Hosting.png\",\"contentUrl\":\"https:\\\/\\\/parm.com\\\/wp-content\\\/uploads\\\/2022\\\/06\\\/Hosting.png\",\"width\":1080,\"height\":720,\"caption\":\"Hosting\"},{\"@type\":\"BreadcrumbList\",\"@id\":\"https:\\\/\\\/parm.com\\\/it\\\/hosting-4\\\/#breadcrumb\",\"itemListElement\":[{\"@type\":\"ListItem\",\"position\":1,\"name\":\"Startseite\",\"item\":\"https:\\\/\\\/parm.com\\\/it\\\/\"},{\"@type\":\"ListItem\",\"position\":2,\"name\":\"Hosting\"}]},{\"@type\":\"WebSite\",\"@id\":\"https:\\\/\\\/parm.com\\\/it\\\/#website\",\"url\":\"https:\\\/\\\/parm.com\\\/it\\\/\",\"name\":\"Parm AG\",\"description\":\"Successful projects\",\"publisher\":{\"@id\":\"https:\\\/\\\/parm.com\\\/it\\\/#organization\"},\"alternateName\":\"Parm\",\"potentialAction\":[{\"@type\":\"SearchAction\",\"target\":{\"@type\":\"EntryPoint\",\"urlTemplate\":\"https:\\\/\\\/parm.com\\\/it\\\/?s={search_term_string}\"},\"query-input\":{\"@type\":\"PropertyValueSpecification\",\"valueRequired\":true,\"valueName\":\"search_term_string\"}}],\"inLanguage\":\"it-IT\"},{\"@type\":\"Organization\",\"@id\":\"https:\\\/\\\/parm.com\\\/it\\\/#organization\",\"name\":\"Parm AG\",\"alternateName\":\"Parm\",\"url\":\"https:\\\/\\\/parm.com\\\/it\\\/\",\"logo\":{\"@type\":\"ImageObject\",\"inLanguage\":\"it-IT\",\"@id\":\"https:\\\/\\\/parm.com\\\/it\\\/#\\\/schema\\\/logo\\\/image\\\/\",\"url\":\"https:\\\/\\\/parm.com\\\/wp-content\\\/uploads\\\/2021\\\/11\\\/Parm_Logo_blue_RGB.png\",\"contentUrl\":\"https:\\\/\\\/parm.com\\\/wp-content\\\/uploads\\\/2021\\\/11\\\/Parm_Logo_blue_RGB.png\",\"width\":908,\"height\":228,\"caption\":\"Parm AG\"},\"image\":{\"@id\":\"https:\\\/\\\/parm.com\\\/it\\\/#\\\/schema\\\/logo\\\/image\\\/\"},\"sameAs\":[\"https:\\\/\\\/www.facebook.com\\\/myparm\",\"https:\\\/\\\/www.linkedin.com\\\/company\\\/parm-ag\",\"https:\\\/\\\/www.xing.com\\\/pages\\\/parmag\"]}]}<\/script>\n<!-- \/ Yoast SEO plugin. -->","yoast_head_json":{"title":"Hosting di myPARM | Parm AG","description":"Volete alleggerire il vostro dipartimento IT interno ed evitare alti costi di investimento? Offriamo l'hosting di myPARM nel cloud.","robots":{"index":"index","follow":"follow","max-snippet":"max-snippet:-1","max-image-preview":"max-image-preview:large","max-video-preview":"max-video-preview:-1"},"canonical":"https:\/\/parm.com\/it\/hosting-4\/","og_locale":"it_IT","og_type":"article","og_title":"Risparmiate tempo di lavoro e costi di investimento con myPARM","og_description":"Volete alleggerire il vostro dipartimento IT interno ed evitare alti costi di investimento? Offriamo l'hosting di myPARM nel cloud.","og_url":"https:\/\/parm.com\/it\/hosting-4\/","og_site_name":"Parm AG","article_publisher":"https:\/\/www.facebook.com\/myparm","article_modified_time":"2026-03-02T15:16:15+00:00","og_image":[{"url":"https:\/\/parm.com\/wp-content\/uploads\/2022\/06\/Hosting.png","type":"","width":"","height":""}],"twitter_card":"summary_large_image","twitter_title":"Risparmiate tempo di lavoro e costi di investimento con myPARM","twitter_description":"Volete alleggerire il vostro dipartimento IT interno ed evitare alti costi di investimento? Offriamo l'hosting di myPARM nel cloud.","twitter_image":"https:\/\/parm.com\/wp-content\/uploads\/2022\/06\/Hosting.png","schema":{"@context":"https:\/\/schema.org","@graph":[{"@type":"WebPage","@id":"https:\/\/parm.com\/it\/hosting-4\/","url":"https:\/\/parm.com\/it\/hosting-4\/","name":"Hosting di myPARM | Parm AG","isPartOf":{"@id":"https:\/\/parm.com\/it\/#website"},"primaryImageOfPage":{"@id":"https:\/\/parm.com\/it\/hosting-4\/#primaryimage"},"image":{"@id":"https:\/\/parm.com\/it\/hosting-4\/#primaryimage"},"thumbnailUrl":"https:\/\/parm.com\/wp-content\/uploads\/2022\/06\/Hosting.png","datePublished":"2021-11-26T09:48:19+00:00","dateModified":"2026-03-02T15:16:15+00:00","description":"Volete alleggerire il vostro dipartimento IT interno ed evitare alti costi di investimento? Offriamo l'hosting di myPARM nel cloud.","breadcrumb":{"@id":"https:\/\/parm.com\/it\/hosting-4\/#breadcrumb"},"inLanguage":"it-IT","potentialAction":[{"@type":"ReadAction","target":["https:\/\/parm.com\/it\/hosting-4\/"]}]},{"@type":"ImageObject","inLanguage":"it-IT","@id":"https:\/\/parm.com\/it\/hosting-4\/#primaryimage","url":"https:\/\/parm.com\/wp-content\/uploads\/2022\/06\/Hosting.png","contentUrl":"https:\/\/parm.com\/wp-content\/uploads\/2022\/06\/Hosting.png","width":1080,"height":720,"caption":"Hosting"},{"@type":"BreadcrumbList","@id":"https:\/\/parm.com\/it\/hosting-4\/#breadcrumb","itemListElement":[{"@type":"ListItem","position":1,"name":"Startseite","item":"https:\/\/parm.com\/it\/"},{"@type":"ListItem","position":2,"name":"Hosting"}]},{"@type":"WebSite","@id":"https:\/\/parm.com\/it\/#website","url":"https:\/\/parm.com\/it\/","name":"Parm AG","description":"Successful projects","publisher":{"@id":"https:\/\/parm.com\/it\/#organization"},"alternateName":"Parm","potentialAction":[{"@type":"SearchAction","target":{"@type":"EntryPoint","urlTemplate":"https:\/\/parm.com\/it\/?s={search_term_string}"},"query-input":{"@type":"PropertyValueSpecification","valueRequired":true,"valueName":"search_term_string"}}],"inLanguage":"it-IT"},{"@type":"Organization","@id":"https:\/\/parm.com\/it\/#organization","name":"Parm AG","alternateName":"Parm","url":"https:\/\/parm.com\/it\/","logo":{"@type":"ImageObject","inLanguage":"it-IT","@id":"https:\/\/parm.com\/it\/#\/schema\/logo\/image\/","url":"https:\/\/parm.com\/wp-content\/uploads\/2021\/11\/Parm_Logo_blue_RGB.png","contentUrl":"https:\/\/parm.com\/wp-content\/uploads\/2021\/11\/Parm_Logo_blue_RGB.png","width":908,"height":228,"caption":"Parm AG"},"image":{"@id":"https:\/\/parm.com\/it\/#\/schema\/logo\/image\/"},"sameAs":["https:\/\/www.facebook.com\/myparm","https:\/\/www.linkedin.com\/company\/parm-ag","https:\/\/www.xing.com\/pages\/parmag"]}]}},"_links":{"self":[{"href":"https:\/\/parm.com\/it\/wp-json\/wp\/v2\/pages\/3141","targetHints":{"allow":["GET"]}}],"collection":[{"href":"https:\/\/parm.com\/it\/wp-json\/wp\/v2\/pages"}],"about":[{"href":"https:\/\/parm.com\/it\/wp-json\/wp\/v2\/types\/page"}],"author":[{"embeddable":true,"href":"https:\/\/parm.com\/it\/wp-json\/wp\/v2\/users\/1"}],"replies":[{"embeddable":true,"href":"https:\/\/parm.com\/it\/wp-json\/wp\/v2\/comments?post=3141"}],"version-history":[{"count":2,"href":"https:\/\/parm.com\/it\/wp-json\/wp\/v2\/pages\/3141\/revisions"}],"predecessor-version":[{"id":246003,"href":"https:\/\/parm.com\/it\/wp-json\/wp\/v2\/pages\/3141\/revisions\/246003"}],"wp:featuredmedia":[{"embeddable":true,"href":"https:\/\/parm.com\/it\/wp-json\/wp\/v2\/media\/3046"}],"wp:attachment":[{"href":"https:\/\/parm.com\/it\/wp-json\/wp\/v2\/media?parent=3141"}],"curies":[{"name":"wp","href":"https:\/\/api.w.org\/{rel}","templated":true}]}}