{"id":18398,"date":"2023-04-12T08:08:41","date_gmt":"2023-04-12T06:08:41","guid":{"rendered":"https:\/\/parm.com\/business-intelligence\/reporting\/"},"modified":"2026-03-02T16:17:42","modified_gmt":"2026-03-02T15:17:42","slug":"reporting","status":"publish","type":"page","link":"https:\/\/parm.com\/fr\/business-intelligence\/reporting\/","title":{"rendered":"Reporting"},"content":{"rendered":"\n<div class=\"et_pb_section_0 et_pb_section et_section_regular et_block_section et_animated\"><div class=\"et_pb_row_0 et_pb_row et_block_row\"><div class=\"et_pb_column_0 et_pb_column et_pb_column_4_4 et-last-child et_block_column et_pb_css_mix_blend_mode_passthrough\"><div class=\"et_pb_text_0 et_pb_text et_pb_bg_layout_light et_pb_module et_block_module preset--module--divi-text--default\"><div class=\"et_pb_text_inner\"><h1 style=\"text-align: left;\"><strong>Rapports<br \/><\/strong><span style=\"color: #c01e2b;\">intuitif et rapide<\/span><strong><span style=\"color: #c01e2b;\"><\/span><\/strong><\/h1>\n<\/div><\/div><\/div><\/div><div class=\"et_pb_row_1 et_pb_row et_block_row\"><div class=\"et_pb_column_1 et_pb_column et_pb_column_3_5 et_block_column et_pb_css_mix_blend_mode_passthrough\"><div class=\"et_pb_text_1 et_pb_text et_pb_bg_layout_light et_pb_module et_block_module preset--module--divi-text--default\"><div class=\"et_pb_text_inner\"><h2>Syst\u00e8me de rapport actif pour vos indicateurs cl\u00e9s<\/h2>\n<\/div><\/div><div class=\"et_pb_blurb_0 et_pb_blurb et_pb_bg_layout_light et_pb_blurb_position_left et_pb_module et_block_module\"><div class=\"et_pb_blurb_content\"><div class=\"et_pb_main_blurb_image\"><span class=\"et_pb_image_wrap\"><span class=\"et-pb-icon\">R<\/span><\/span><\/div><div class=\"et_pb_blurb_container\"><div class=\"et_pb_blurb_description\"><p><strong>Cr\u00e9ation intuitive de rapports dans des tableaux de bord interactifs<br \/><\/strong><\/p>\n<\/div><\/div><\/div><\/div><div class=\"et_pb_blurb_1 et_pb_blurb et_pb_bg_layout_light et_pb_blurb_position_left et_pb_module et_block_module\"><div class=\"et_pb_blurb_content\"><div class=\"et_pb_main_blurb_image\"><span class=\"et_pb_image_wrap\"><span class=\"et-pb-icon\">R<\/span><\/span><\/div><div class=\"et_pb_blurb_container\"><div class=\"et_pb_blurb_description\"><p><strong>Adaptation \u00e0 votre design corporate dans le concepteur de rapports<br \/><\/strong><\/p>\n<\/div><\/div><\/div><\/div><div class=\"et_pb_blurb_2 et_pb_blurb et_pb_bg_layout_light et_pb_blurb_position_left et_pb_module et_block_module\"><div class=\"et_pb_blurb_content\"><div class=\"et_pb_main_blurb_image\"><span class=\"et_pb_image_wrap\"><span class=\"et-pb-icon\">R<\/span><\/span><\/div><div class=\"et_pb_blurb_container\"><div class=\"et_pb_blurb_description\"><p><strong>Fonction d'exportation pratique<br \/><\/strong><\/p>\n<\/div><\/div><\/div><\/div><\/div><div class=\"et_pb_column_2 et_pb_column et_pb_column_2_5 et-last-child et_block_column et_pb_column_empty et_pb_css_mix_blend_mode_passthrough\"><\/div><\/div><\/div><div class=\"et_pb_section_1 et_pb_section et_section_regular et_block_section\"><div class=\"et_pb_row_2 et_pb_row et_block_row\"><div class=\"et_pb_column_3 et_pb_column et_pb_column_1_2 et_block_column et_pb_css_mix_blend_mode_passthrough\"><div class=\"et_pb_image_0 et_pb_image et_pb_module et_block_module\"><span class=\"et_pb_image_wrap\"><img decoding=\"async\" src=\"https:\/\/new-site.parm.com\/wp-content\/uploads\/2022\/03\/Reports_BI.png\" title=\"Reports_BI\" alt=\"Reports BI\" \/><\/span><\/div><\/div><div class=\"et_pb_column_4 et_pb_column et_pb_column_1_2 et-last-child et_block_column et_pb_css_mix_blend_mode_passthrough\"><div class=\"et_pb_text_2 et_pb_text et_pb_bg_layout_light et_pb_module et_block_module preset--module--divi-text--default\"><div class=\"et_pb_text_inner\"><h2>Des rapports et des tableaux de bord clairs<\/h2>\n<p>Cr\u00e9ez rapidement et intuitivement diverses \u00e9valuations dans des rapports et des tableaux de bord bas\u00e9s sur les indicateurs et les donn\u00e9es que vous avez d\u00e9finis, dans le format de votre choix.<\/p>\n<p>Le syst\u00e8me de reporting actif cr\u00e9e des rapports automatiques \u00e0 intervalles r\u00e9guliers d\u00e9finis par vous ou lorsque des valeurs seuils sont d\u00e9pass\u00e9es.<\/p>\n<p>&nbsp;<\/p>\n<\/div><\/div><\/div><\/div><div class=\"et_pb_row_3 et_pb_row et_block_row\"><div class=\"et_pb_column_5 et_pb_column et_pb_column_1_2 et_block_column et_pb_css_mix_blend_mode_passthrough\"><div class=\"et_pb_text_3 et_pb_text et_pb_bg_layout_light et_pb_module et_block_module preset--module--divi-text--default\"><div class=\"et_pb_text_inner\"><h2>fonctions intelligentes<br \/>rapports personnalis\u00e9s<\/h2>\n<p>Utilisez les rapports pr\u00e9configur\u00e9s avec des rapports standard ou concevez vos propres rapports et tableaux de bord. Vous pouvez \u00e9galement importer des donn\u00e9es de diff\u00e9rentes sources via des interfaces standard ou par saisie manuelle.<br \/>Obtenez \u00e0 tout moment des analyses actualis\u00e9es, enrichissez-les avec des \u00e9valuations qualitatives suppl\u00e9mentaires pour obtenir une vue d'ensemble compl\u00e8te et exportez vos analyses dans diff\u00e9rents formats.<\/p>\n<\/div><\/div><\/div><div class=\"et_pb_column_6 et_pb_column et_pb_column_1_2 et-last-child et_block_column et_pb_css_mix_blend_mode_passthrough\"><div class=\"et_pb_accordion_0 et_pb_accordion et_pb_module et_block_module preset--module--divi-accordion--1db42e89-42fb-4ded-96a2-a25dea7661d6\"><div class=\"et_pb_accordion_item_0 et_pb_accordion_item et_pb_toggle et_pb_module et_pb_toggle_open et_block_module\"><h5 class=\"et_pb_toggle_title\">syst\u00e8me d'information de gestion<\/h5><div class=\"et_pb_toggle_content\"><p>Toutes les donn\u00e9es d\u00e9cisionnelles relatives \u00e0 votre domaine de responsabilit\u00e9 en un coup d'\u0153il - pour des d\u00e9cisions strat\u00e9giques, tactiques et op\u00e9rationnelles bien inform\u00e9es.<\/p>\n<\/div><\/div><div class=\"et_pb_accordion_item_1 et_pb_accordion_item et_pb_toggle et_pb_module et_pb_toggle_close et_block_module\"><h5 class=\"et_pb_toggle_title\">Concepteur de rapports<\/h5><div class=\"et_pb_toggle_content\"><p>Cr\u00e9ez vos propres rapports selon vos crit\u00e8res. Adaptez le design \u00e0 votre identit\u00e9 corporate et choisissez les indicateurs cl\u00e9s et les visualisations que vous souhaitez afficher.<\/p>\n<\/div><\/div><div class=\"et_pb_accordion_item_2 et_pb_accordion_item et_pb_toggle et_pb_module et_pb_toggle_close et_block_module\"><h5 class=\"et_pb_toggle_title\">Gestion des documents<\/h5><div class=\"et_pb_toggle_content\"><p>Gestion int\u00e9gr\u00e9e des documents pour l'enregistrement d'informations suppl\u00e9mentaires sur vos processus, par exemple des documents texte, des images, des tableaux, des e-mails, etc.<\/p>\n<\/div><\/div><div class=\"et_pb_accordion_item_3 et_pb_accordion_item et_pb_toggle et_pb_module et_pb_toggle_close et_block_module\"><h5 class=\"et_pb_toggle_title\">optimis\u00e9 pour les dispositifs mobiles<\/h5><div class=\"et_pb_toggle_content\"><p>Mise \u00e0 disposition automatique des diff\u00e9rents tableaux de bord pour les appareils mobiles (smartphones, tablettes) dans un format optimis\u00e9.<\/p>\n<\/div><\/div><div class=\"et_pb_accordion_item_4 et_pb_accordion_item et_pb_toggle et_pb_module et_pb_toggle_close et_block_module\"><h5 class=\"et_pb_toggle_title\">Exportation de donn\u00e9es<\/h5><div class=\"et_pb_toggle_content\"><p>dans des formats courants tels que Excel, PPT, Word, PDF, XML, etc.<\/p>\n<\/div><\/div><\/div><\/div><\/div><\/div><div class=\"et_pb_section_2 et_pb_section et_section_regular et_block_section\"><div class=\"et_pb_row_4 et_pb_row et_block_row\"><div class=\"et_pb_column_7 et_pb_column et_pb_column_4_4 et-last-child et_block_column et_pb_css_mix_blend_mode_passthrough\"><div class=\"et_pb_code_0 et_pb_code et_pb_module\"><div class=\"et_pb_code_inner\"><!-- Calendly Badge-Widget Beginn -->\n<link href=\"https:\/\/assets.calendly.com\/assets\/external\/widget.css\" rel=\"stylesheet\">\n<script src=\"https:\/\/assets.calendly.com\/assets\/external\/widget.js\" type=\"text\/javascript\"><\/script>\n<script type=\"text\/javascript\">Calendly.initBadgeWidget({ url: 'https:\/\/calendly.com\/parmag\/myparm-biact-webdemo-fr', text: 'Prendre un rendez-vous', color: '#00a2ff', textColor: '#ffffff', branding: false });<\/script>\n<!-- Calendly Badge-Widget Ende -->\n<\/div><\/div><\/div><\/div><\/div>\n","protected":false},"excerpt":{"rendered":"<p>Cr\u00e9ez des rapports rapidement et intuitivement dans des tableaux de bord interactifs avec une grande vari\u00e9t\u00e9 de graphiques et d&rsquo;instruments.<br \/>\nLe Concepteur de rapport vous permet de concevoir des rapports selon votre propre design et de les pr\u00e9parer pour l&rsquo;impression ou l&rsquo;exportation dans diff\u00e9rents formats.<\/p>\n","protected":false},"author":1,"featured_media":14350,"parent":18373,"menu_order":0,"comment_status":"closed","ping_status":"closed","template":"","meta":{"footnotes":""},"class_list":["post-18398","page","type-page","status-publish","has-post-thumbnail","hentry"],"yoast_head":"<!-- This site is optimized with the Yoast SEO plugin v27.5 - https:\/\/yoast.com\/product\/yoast-seo-wordpress\/ -->\n<title>Reporting avec myPARM BIact | Parm AG<\/title>\n<meta name=\"description\" content=\"Cr\u00e9ez rapidement et intuitivement des rapports dans des tableaux de bord interactifs avec une grande vari\u00e9t\u00e9 de graphiques et d&#039;instruments.\" \/>\n<meta name=\"robots\" content=\"index, follow, max-snippet:-1, max-image-preview:large, max-video-preview:-1\" \/>\n<link rel=\"canonical\" href=\"https:\/\/parm.com\/fr\/business-intelligence\/reporting\/\" \/>\n<meta property=\"og:locale\" content=\"fr_FR\" \/>\n<meta property=\"og:type\" content=\"article\" \/>\n<meta property=\"og:title\" content=\"Rapports et tableaux de bord faciles \u00e0 interpr\u00e9ter et \u00e0 concevoir\" \/>\n<meta property=\"og:description\" content=\"Cr\u00e9ez rapidement et intuitivement des rapports dans des tableaux de bord interactifs avec une grande vari\u00e9t\u00e9 de graphiques et d&#039;instruments. Le Concepteur de rapport vous permet de concevoir des rapports selon votre propre design et de les pr\u00e9parer pour l&#039;impression ou l&#039;exportation dans diff\u00e9rents formats.\" \/>\n<meta property=\"og:url\" content=\"https:\/\/parm.com\/fr\/business-intelligence\/reporting\/\" \/>\n<meta property=\"og:site_name\" content=\"Parm AG\" \/>\n<meta property=\"article:publisher\" content=\"https:\/\/www.facebook.com\/myparm\" \/>\n<meta property=\"article:modified_time\" content=\"2026-03-02T15:17:42+00:00\" \/>\n<meta property=\"og:image\" content=\"https:\/\/parm.com\/wp-content\/uploads\/2021\/11\/MIS.png\" \/>\n<meta name=\"twitter:card\" content=\"summary_large_image\" \/>\n<meta name=\"twitter:title\" content=\"Rapports et tableaux de bord faciles \u00e0 interpr\u00e9ter et \u00e0 concevoir\" \/>\n<meta name=\"twitter:description\" content=\"Cr\u00e9ez rapidement et intuitivement des rapports dans des tableaux de bord interactifs avec une grande vari\u00e9t\u00e9 de graphiques et d&#039;instruments. Le Concepteur de rapport vous permet de concevoir des rapports selon votre propre design et de les pr\u00e9parer pour l&#039;impression ou l&#039;exportation dans diff\u00e9rents formats.\" \/>\n<meta name=\"twitter:image\" content=\"https:\/\/parm.com\/wp-content\/uploads\/2021\/11\/MIS.png\" \/>\n<script type=\"application\/ld+json\" class=\"yoast-schema-graph\">{\"@context\":\"https:\\\/\\\/schema.org\",\"@graph\":[{\"@type\":\"WebPage\",\"@id\":\"https:\\\/\\\/parm.com\\\/fr\\\/business-intelligence\\\/reporting\\\/\",\"url\":\"https:\\\/\\\/parm.com\\\/fr\\\/business-intelligence\\\/reporting\\\/\",\"name\":\"Reporting avec myPARM BIact | Parm AG\",\"isPartOf\":{\"@id\":\"https:\\\/\\\/parm.com\\\/fr\\\/#website\"},\"primaryImageOfPage\":{\"@id\":\"https:\\\/\\\/parm.com\\\/fr\\\/business-intelligence\\\/reporting\\\/#primaryimage\"},\"image\":{\"@id\":\"https:\\\/\\\/parm.com\\\/fr\\\/business-intelligence\\\/reporting\\\/#primaryimage\"},\"thumbnailUrl\":\"https:\\\/\\\/parm.com\\\/wp-content\\\/uploads\\\/2022\\\/03\\\/Reports_BI.jpg\",\"datePublished\":\"2023-04-12T06:08:41+00:00\",\"dateModified\":\"2026-03-02T15:17:42+00:00\",\"description\":\"Cr\u00e9ez rapidement et intuitivement des rapports dans des tableaux de bord interactifs avec une grande vari\u00e9t\u00e9 de graphiques et d'instruments.\",\"breadcrumb\":{\"@id\":\"https:\\\/\\\/parm.com\\\/fr\\\/business-intelligence\\\/reporting\\\/#breadcrumb\"},\"inLanguage\":\"fr-FR\",\"potentialAction\":[{\"@type\":\"ReadAction\",\"target\":[\"https:\\\/\\\/parm.com\\\/fr\\\/business-intelligence\\\/reporting\\\/\"]}]},{\"@type\":\"ImageObject\",\"inLanguage\":\"fr-FR\",\"@id\":\"https:\\\/\\\/parm.com\\\/fr\\\/business-intelligence\\\/reporting\\\/#primaryimage\",\"url\":\"https:\\\/\\\/parm.com\\\/wp-content\\\/uploads\\\/2022\\\/03\\\/Reports_BI.jpg\",\"contentUrl\":\"https:\\\/\\\/parm.com\\\/wp-content\\\/uploads\\\/2022\\\/03\\\/Reports_BI.jpg\",\"width\":1727,\"height\":926,\"caption\":\"Analyses BI sur ordinateur portable, tablette et smartphone\"},{\"@type\":\"BreadcrumbList\",\"@id\":\"https:\\\/\\\/parm.com\\\/fr\\\/business-intelligence\\\/reporting\\\/#breadcrumb\",\"itemListElement\":[{\"@type\":\"ListItem\",\"position\":1,\"name\":\"Startseite\",\"item\":\"https:\\\/\\\/parm.com\\\/fr\\\/\"},{\"@type\":\"ListItem\",\"position\":2,\"name\":\"Business Intelligence\",\"item\":\"https:\\\/\\\/parm.com\\\/fr\\\/business-intelligence\\\/\"},{\"@type\":\"ListItem\",\"position\":3,\"name\":\"Reporting\"}]},{\"@type\":\"WebSite\",\"@id\":\"https:\\\/\\\/parm.com\\\/fr\\\/#website\",\"url\":\"https:\\\/\\\/parm.com\\\/fr\\\/\",\"name\":\"Parm AG\",\"description\":\"Successful projects. Swiss quality. Software f\u00fcr Projektmanagement\",\"publisher\":{\"@id\":\"https:\\\/\\\/parm.com\\\/fr\\\/#organization\"},\"alternateName\":\"Parm\",\"potentialAction\":[{\"@type\":\"SearchAction\",\"target\":{\"@type\":\"EntryPoint\",\"urlTemplate\":\"https:\\\/\\\/parm.com\\\/fr\\\/?s={search_term_string}\"},\"query-input\":{\"@type\":\"PropertyValueSpecification\",\"valueRequired\":true,\"valueName\":\"search_term_string\"}}],\"inLanguage\":\"fr-FR\"},{\"@type\":\"Organization\",\"@id\":\"https:\\\/\\\/parm.com\\\/fr\\\/#organization\",\"name\":\"Parm AG\",\"alternateName\":\"Parm\",\"url\":\"https:\\\/\\\/parm.com\\\/fr\\\/\",\"logo\":{\"@type\":\"ImageObject\",\"inLanguage\":\"fr-FR\",\"@id\":\"https:\\\/\\\/parm.com\\\/fr\\\/#\\\/schema\\\/logo\\\/image\\\/\",\"url\":\"https:\\\/\\\/parm.com\\\/wp-content\\\/uploads\\\/2021\\\/11\\\/Parm_Logo_blue_RGB.png\",\"contentUrl\":\"https:\\\/\\\/parm.com\\\/wp-content\\\/uploads\\\/2021\\\/11\\\/Parm_Logo_blue_RGB.png\",\"width\":908,\"height\":228,\"caption\":\"Parm AG\"},\"image\":{\"@id\":\"https:\\\/\\\/parm.com\\\/fr\\\/#\\\/schema\\\/logo\\\/image\\\/\"},\"sameAs\":[\"https:\\\/\\\/www.facebook.com\\\/myparm\",\"https:\\\/\\\/www.linkedin.com\\\/company\\\/parm-ag\",\"https:\\\/\\\/www.xing.com\\\/pages\\\/parmag\"]}]}<\/script>\n<!-- \/ Yoast SEO plugin. -->","yoast_head_json":{"title":"Reporting avec myPARM BIact | Parm AG","description":"Cr\u00e9ez rapidement et intuitivement des rapports dans des tableaux de bord interactifs avec une grande vari\u00e9t\u00e9 de graphiques et d'instruments.","robots":{"index":"index","follow":"follow","max-snippet":"max-snippet:-1","max-image-preview":"max-image-preview:large","max-video-preview":"max-video-preview:-1"},"canonical":"https:\/\/parm.com\/fr\/business-intelligence\/reporting\/","og_locale":"fr_FR","og_type":"article","og_title":"Rapports et tableaux de bord faciles \u00e0 interpr\u00e9ter et \u00e0 concevoir","og_description":"Cr\u00e9ez rapidement et intuitivement des rapports dans des tableaux de bord interactifs avec une grande vari\u00e9t\u00e9 de graphiques et d'instruments. Le Concepteur de rapport vous permet de concevoir des rapports selon votre propre design et de les pr\u00e9parer pour l'impression ou l'exportation dans diff\u00e9rents formats.","og_url":"https:\/\/parm.com\/fr\/business-intelligence\/reporting\/","og_site_name":"Parm AG","article_publisher":"https:\/\/www.facebook.com\/myparm","article_modified_time":"2026-03-02T15:17:42+00:00","og_image":[{"url":"https:\/\/parm.com\/wp-content\/uploads\/2021\/11\/MIS.png","type":"","width":"","height":""}],"twitter_card":"summary_large_image","twitter_title":"Rapports et tableaux de bord faciles \u00e0 interpr\u00e9ter et \u00e0 concevoir","twitter_description":"Cr\u00e9ez rapidement et intuitivement des rapports dans des tableaux de bord interactifs avec une grande vari\u00e9t\u00e9 de graphiques et d'instruments. Le Concepteur de rapport vous permet de concevoir des rapports selon votre propre design et de les pr\u00e9parer pour l'impression ou l'exportation dans diff\u00e9rents formats.","twitter_image":"https:\/\/parm.com\/wp-content\/uploads\/2021\/11\/MIS.png","schema":{"@context":"https:\/\/schema.org","@graph":[{"@type":"WebPage","@id":"https:\/\/parm.com\/fr\/business-intelligence\/reporting\/","url":"https:\/\/parm.com\/fr\/business-intelligence\/reporting\/","name":"Reporting avec myPARM BIact | Parm AG","isPartOf":{"@id":"https:\/\/parm.com\/fr\/#website"},"primaryImageOfPage":{"@id":"https:\/\/parm.com\/fr\/business-intelligence\/reporting\/#primaryimage"},"image":{"@id":"https:\/\/parm.com\/fr\/business-intelligence\/reporting\/#primaryimage"},"thumbnailUrl":"https:\/\/parm.com\/wp-content\/uploads\/2022\/03\/Reports_BI.jpg","datePublished":"2023-04-12T06:08:41+00:00","dateModified":"2026-03-02T15:17:42+00:00","description":"Cr\u00e9ez rapidement et intuitivement des rapports dans des tableaux de bord interactifs avec une grande vari\u00e9t\u00e9 de graphiques et d'instruments.","breadcrumb":{"@id":"https:\/\/parm.com\/fr\/business-intelligence\/reporting\/#breadcrumb"},"inLanguage":"fr-FR","potentialAction":[{"@type":"ReadAction","target":["https:\/\/parm.com\/fr\/business-intelligence\/reporting\/"]}]},{"@type":"ImageObject","inLanguage":"fr-FR","@id":"https:\/\/parm.com\/fr\/business-intelligence\/reporting\/#primaryimage","url":"https:\/\/parm.com\/wp-content\/uploads\/2022\/03\/Reports_BI.jpg","contentUrl":"https:\/\/parm.com\/wp-content\/uploads\/2022\/03\/Reports_BI.jpg","width":1727,"height":926,"caption":"Analyses BI sur ordinateur portable, tablette et smartphone"},{"@type":"BreadcrumbList","@id":"https:\/\/parm.com\/fr\/business-intelligence\/reporting\/#breadcrumb","itemListElement":[{"@type":"ListItem","position":1,"name":"Startseite","item":"https:\/\/parm.com\/fr\/"},{"@type":"ListItem","position":2,"name":"Business Intelligence","item":"https:\/\/parm.com\/fr\/business-intelligence\/"},{"@type":"ListItem","position":3,"name":"Reporting"}]},{"@type":"WebSite","@id":"https:\/\/parm.com\/fr\/#website","url":"https:\/\/parm.com\/fr\/","name":"Parm AG","description":"Successful projects. Swiss quality. Software f\u00fcr Projektmanagement","publisher":{"@id":"https:\/\/parm.com\/fr\/#organization"},"alternateName":"Parm","potentialAction":[{"@type":"SearchAction","target":{"@type":"EntryPoint","urlTemplate":"https:\/\/parm.com\/fr\/?s={search_term_string}"},"query-input":{"@type":"PropertyValueSpecification","valueRequired":true,"valueName":"search_term_string"}}],"inLanguage":"fr-FR"},{"@type":"Organization","@id":"https:\/\/parm.com\/fr\/#organization","name":"Parm AG","alternateName":"Parm","url":"https:\/\/parm.com\/fr\/","logo":{"@type":"ImageObject","inLanguage":"fr-FR","@id":"https:\/\/parm.com\/fr\/#\/schema\/logo\/image\/","url":"https:\/\/parm.com\/wp-content\/uploads\/2021\/11\/Parm_Logo_blue_RGB.png","contentUrl":"https:\/\/parm.com\/wp-content\/uploads\/2021\/11\/Parm_Logo_blue_RGB.png","width":908,"height":228,"caption":"Parm AG"},"image":{"@id":"https:\/\/parm.com\/fr\/#\/schema\/logo\/image\/"},"sameAs":["https:\/\/www.facebook.com\/myparm","https:\/\/www.linkedin.com\/company\/parm-ag","https:\/\/www.xing.com\/pages\/parmag"]}]}},"_links":{"self":[{"href":"https:\/\/parm.com\/fr\/wp-json\/wp\/v2\/pages\/18398","targetHints":{"allow":["GET"]}}],"collection":[{"href":"https:\/\/parm.com\/fr\/wp-json\/wp\/v2\/pages"}],"about":[{"href":"https:\/\/parm.com\/fr\/wp-json\/wp\/v2\/types\/page"}],"author":[{"embeddable":true,"href":"https:\/\/parm.com\/fr\/wp-json\/wp\/v2\/users\/1"}],"replies":[{"embeddable":true,"href":"https:\/\/parm.com\/fr\/wp-json\/wp\/v2\/comments?post=18398"}],"version-history":[{"count":1,"href":"https:\/\/parm.com\/fr\/wp-json\/wp\/v2\/pages\/18398\/revisions"}],"predecessor-version":[{"id":246103,"href":"https:\/\/parm.com\/fr\/wp-json\/wp\/v2\/pages\/18398\/revisions\/246103"}],"up":[{"embeddable":true,"href":"https:\/\/parm.com\/fr\/wp-json\/wp\/v2\/pages\/18373"}],"wp:featuredmedia":[{"embeddable":true,"href":"https:\/\/parm.com\/fr\/wp-json\/wp\/v2\/media\/14350"}],"wp:attachment":[{"href":"https:\/\/parm.com\/fr\/wp-json\/wp\/v2\/media?parent=18398"}],"curies":[{"name":"wp","href":"https:\/\/api.w.org\/{rel}","templated":true}]}}