{"id":18392,"date":"2023-04-11T15:46:26","date_gmt":"2023-04-11T13:46:26","guid":{"rendered":"https:\/\/parm.com\/business-intelligence\/analyse-et-visualisation\/"},"modified":"2026-03-02T16:17:42","modified_gmt":"2026-03-02T15:17:42","slug":"analyse-et-visualisation","status":"publish","type":"page","link":"https:\/\/parm.com\/fr\/business-intelligence\/analyse-et-visualisation\/","title":{"rendered":"Analyse et visualisation"},"content":{"rendered":"","protected":false},"excerpt":{"rendered":"<p>Cr\u00e9ez des \u00e9valuations, des analyses et des pr\u00e9visions pour vos questions dans des tableaux de bord interactifs. Obtenez une vue d&rsquo;ensemble des risques et des opportunit\u00e9s. Visualisez vos \u00e9valuations de mani\u00e8re attrayante.<\/p>\n","protected":false},"author":1,"featured_media":14376,"parent":18373,"menu_order":0,"comment_status":"closed","ping_status":"closed","template":"","meta":{"footnotes":""},"class_list":["post-18392","page","type-page","status-publish","has-post-thumbnail","hentry"],"yoast_head":"<!-- This site is optimized with the Yoast SEO plugin v27.5 - https:\/\/yoast.com\/product\/yoast-seo-wordpress\/ -->\n<title>Analyse et visualisation avec myPARM BIact | Parm AG<\/title>\n<meta name=\"description\" content=\"Cr\u00e9ez des \u00e9valuations, des analyses et des pr\u00e9visions pour vos questions dans des tableaux de bord interactifs. Obtenez une vue d&#039;ensemble des risques et des opportunit\u00e9s.\" \/>\n<meta name=\"robots\" content=\"index, follow, max-snippet:-1, max-image-preview:large, max-video-preview:-1\" \/>\n<link rel=\"canonical\" href=\"https:\/\/parm.com\/fr\/business-intelligence\/analyse-et-visualisation\/\" \/>\n<meta property=\"og:locale\" content=\"fr_FR\" \/>\n<meta property=\"og:type\" content=\"article\" \/>\n<meta property=\"og:title\" content=\"Analyses polyvalentes, pr\u00e9visions intelligentes\" \/>\n<meta property=\"og:description\" content=\"Cr\u00e9ez des \u00e9valuations, des analyses et des pr\u00e9visions pour vos questions dans des tableaux de bord interactifs. Obtenez une vue d&#039;ensemble des risques et des opportunit\u00e9s. Visualisez vos \u00e9valuations de mani\u00e8re attrayante.\" \/>\n<meta property=\"og:url\" content=\"https:\/\/parm.com\/fr\/business-intelligence\/analyse-et-visualisation\/\" \/>\n<meta property=\"og:site_name\" content=\"Parm AG\" \/>\n<meta property=\"article:publisher\" content=\"https:\/\/www.facebook.com\/myparm\" \/>\n<meta property=\"article:modified_time\" content=\"2026-03-02T15:17:42+00:00\" \/>\n<meta property=\"og:image\" content=\"https:\/\/parm.com\/wp-content\/uploads\/2022\/03\/products-overview.jpg\" \/>\n\t<meta property=\"og:image:width\" content=\"1581\" \/>\n\t<meta property=\"og:image:height\" content=\"950\" \/>\n\t<meta property=\"og:image:type\" content=\"image\/jpeg\" \/>\n<meta name=\"twitter:card\" content=\"summary_large_image\" \/>\n<meta name=\"twitter:title\" content=\"Analyses polyvalentes, pr\u00e9visions intelligentes\" \/>\n<meta name=\"twitter:description\" content=\"Cr\u00e9ez des \u00e9valuations, des analyses et des pr\u00e9visions pour vos questions dans des tableaux de bord interactifs. Obtenez une vue d&#039;ensemble des risques et des opportunit\u00e9s. Visualisez vos \u00e9valuations de mani\u00e8re attrayante.\" \/>\n<meta name=\"twitter:image\" content=\"https:\/\/parm.com\/wp-content\/uploads\/2022\/03\/products-overview.jpg\" \/>\n<meta name=\"twitter:label1\" content=\"Dur\u00e9e de lecture estim\u00e9e\" \/>\n\t<meta name=\"twitter:data1\" content=\"6 minutes\" \/>\n<script type=\"application\/ld+json\" class=\"yoast-schema-graph\">{\"@context\":\"https:\\\/\\\/schema.org\",\"@graph\":[{\"@type\":\"WebPage\",\"@id\":\"https:\\\/\\\/parm.com\\\/fr\\\/business-intelligence\\\/analyse-et-visualisation\\\/\",\"url\":\"https:\\\/\\\/parm.com\\\/fr\\\/business-intelligence\\\/analyse-et-visualisation\\\/\",\"name\":\"Analyse et visualisation avec myPARM BIact | Parm AG\",\"isPartOf\":{\"@id\":\"https:\\\/\\\/parm.com\\\/fr\\\/#website\"},\"primaryImageOfPage\":{\"@id\":\"https:\\\/\\\/parm.com\\\/fr\\\/business-intelligence\\\/analyse-et-visualisation\\\/#primaryimage\"},\"image\":{\"@id\":\"https:\\\/\\\/parm.com\\\/fr\\\/business-intelligence\\\/analyse-et-visualisation\\\/#primaryimage\"},\"thumbnailUrl\":\"https:\\\/\\\/parm.com\\\/wp-content\\\/uploads\\\/2022\\\/03\\\/Overview-Revenue-Alerts-filter-applied.jpg\",\"datePublished\":\"2023-04-11T13:46:26+00:00\",\"dateModified\":\"2026-03-02T15:17:42+00:00\",\"description\":\"Cr\u00e9ez des \u00e9valuations, des analyses et des pr\u00e9visions pour vos questions dans des tableaux de bord interactifs. Obtenez une vue d'ensemble des risques et des opportunit\u00e9s.\",\"breadcrumb\":{\"@id\":\"https:\\\/\\\/parm.com\\\/fr\\\/business-intelligence\\\/analyse-et-visualisation\\\/#breadcrumb\"},\"inLanguage\":\"fr-FR\",\"potentialAction\":[{\"@type\":\"ReadAction\",\"target\":[\"https:\\\/\\\/parm.com\\\/fr\\\/business-intelligence\\\/analyse-et-visualisation\\\/\"]}]},{\"@type\":\"ImageObject\",\"inLanguage\":\"fr-FR\",\"@id\":\"https:\\\/\\\/parm.com\\\/fr\\\/business-intelligence\\\/analyse-et-visualisation\\\/#primaryimage\",\"url\":\"https:\\\/\\\/parm.com\\\/wp-content\\\/uploads\\\/2022\\\/03\\\/Overview-Revenue-Alerts-filter-applied.jpg\",\"contentUrl\":\"https:\\\/\\\/parm.com\\\/wp-content\\\/uploads\\\/2022\\\/03\\\/Overview-Revenue-Alerts-filter-applied.jpg\",\"width\":1584,\"height\":951,\"caption\":\"Aper\u00e7u des ventes Alertes dans myPARM BIact\"},{\"@type\":\"BreadcrumbList\",\"@id\":\"https:\\\/\\\/parm.com\\\/fr\\\/business-intelligence\\\/analyse-et-visualisation\\\/#breadcrumb\",\"itemListElement\":[{\"@type\":\"ListItem\",\"position\":1,\"name\":\"Startseite\",\"item\":\"https:\\\/\\\/parm.com\\\/fr\\\/\"},{\"@type\":\"ListItem\",\"position\":2,\"name\":\"Business Intelligence\",\"item\":\"https:\\\/\\\/parm.com\\\/fr\\\/business-intelligence\\\/\"},{\"@type\":\"ListItem\",\"position\":3,\"name\":\"Analyse et visualisation\"}]},{\"@type\":\"WebSite\",\"@id\":\"https:\\\/\\\/parm.com\\\/fr\\\/#website\",\"url\":\"https:\\\/\\\/parm.com\\\/fr\\\/\",\"name\":\"Parm AG\",\"description\":\"Successful projects. Swiss quality. Software f\u00fcr Projektmanagement\",\"publisher\":{\"@id\":\"https:\\\/\\\/parm.com\\\/fr\\\/#organization\"},\"alternateName\":\"Parm\",\"potentialAction\":[{\"@type\":\"SearchAction\",\"target\":{\"@type\":\"EntryPoint\",\"urlTemplate\":\"https:\\\/\\\/parm.com\\\/fr\\\/?s={search_term_string}\"},\"query-input\":{\"@type\":\"PropertyValueSpecification\",\"valueRequired\":true,\"valueName\":\"search_term_string\"}}],\"inLanguage\":\"fr-FR\"},{\"@type\":\"Organization\",\"@id\":\"https:\\\/\\\/parm.com\\\/fr\\\/#organization\",\"name\":\"Parm AG\",\"alternateName\":\"Parm\",\"url\":\"https:\\\/\\\/parm.com\\\/fr\\\/\",\"logo\":{\"@type\":\"ImageObject\",\"inLanguage\":\"fr-FR\",\"@id\":\"https:\\\/\\\/parm.com\\\/fr\\\/#\\\/schema\\\/logo\\\/image\\\/\",\"url\":\"https:\\\/\\\/parm.com\\\/wp-content\\\/uploads\\\/2021\\\/11\\\/Parm_Logo_blue_RGB.png\",\"contentUrl\":\"https:\\\/\\\/parm.com\\\/wp-content\\\/uploads\\\/2021\\\/11\\\/Parm_Logo_blue_RGB.png\",\"width\":908,\"height\":228,\"caption\":\"Parm AG\"},\"image\":{\"@id\":\"https:\\\/\\\/parm.com\\\/fr\\\/#\\\/schema\\\/logo\\\/image\\\/\"},\"sameAs\":[\"https:\\\/\\\/www.facebook.com\\\/myparm\",\"https:\\\/\\\/www.linkedin.com\\\/company\\\/parm-ag\",\"https:\\\/\\\/www.xing.com\\\/pages\\\/parmag\"]}]}<\/script>\n<!-- \/ Yoast SEO plugin. -->","yoast_head_json":{"title":"Analyse et visualisation avec myPARM BIact | Parm AG","description":"Cr\u00e9ez des \u00e9valuations, des analyses et des pr\u00e9visions pour vos questions dans des tableaux de bord interactifs. Obtenez une vue d'ensemble des risques et des opportunit\u00e9s.","robots":{"index":"index","follow":"follow","max-snippet":"max-snippet:-1","max-image-preview":"max-image-preview:large","max-video-preview":"max-video-preview:-1"},"canonical":"https:\/\/parm.com\/fr\/business-intelligence\/analyse-et-visualisation\/","og_locale":"fr_FR","og_type":"article","og_title":"Analyses polyvalentes, pr\u00e9visions intelligentes","og_description":"Cr\u00e9ez des \u00e9valuations, des analyses et des pr\u00e9visions pour vos questions dans des tableaux de bord interactifs. Obtenez une vue d'ensemble des risques et des opportunit\u00e9s. Visualisez vos \u00e9valuations de mani\u00e8re attrayante.","og_url":"https:\/\/parm.com\/fr\/business-intelligence\/analyse-et-visualisation\/","og_site_name":"Parm AG","article_publisher":"https:\/\/www.facebook.com\/myparm","article_modified_time":"2026-03-02T15:17:42+00:00","og_image":[{"width":1581,"height":950,"url":"https:\/\/parm.com\/wp-content\/uploads\/2022\/03\/products-overview.jpg","type":"image\/jpeg"}],"twitter_card":"summary_large_image","twitter_title":"Analyses polyvalentes, pr\u00e9visions intelligentes","twitter_description":"Cr\u00e9ez des \u00e9valuations, des analyses et des pr\u00e9visions pour vos questions dans des tableaux de bord interactifs. Obtenez une vue d'ensemble des risques et des opportunit\u00e9s. Visualisez vos \u00e9valuations de mani\u00e8re attrayante.","twitter_image":"https:\/\/parm.com\/wp-content\/uploads\/2022\/03\/products-overview.jpg","twitter_misc":{"Dur\u00e9e de lecture estim\u00e9e":"6 minutes"},"schema":{"@context":"https:\/\/schema.org","@graph":[{"@type":"WebPage","@id":"https:\/\/parm.com\/fr\/business-intelligence\/analyse-et-visualisation\/","url":"https:\/\/parm.com\/fr\/business-intelligence\/analyse-et-visualisation\/","name":"Analyse et visualisation avec myPARM BIact | Parm AG","isPartOf":{"@id":"https:\/\/parm.com\/fr\/#website"},"primaryImageOfPage":{"@id":"https:\/\/parm.com\/fr\/business-intelligence\/analyse-et-visualisation\/#primaryimage"},"image":{"@id":"https:\/\/parm.com\/fr\/business-intelligence\/analyse-et-visualisation\/#primaryimage"},"thumbnailUrl":"https:\/\/parm.com\/wp-content\/uploads\/2022\/03\/Overview-Revenue-Alerts-filter-applied.jpg","datePublished":"2023-04-11T13:46:26+00:00","dateModified":"2026-03-02T15:17:42+00:00","description":"Cr\u00e9ez des \u00e9valuations, des analyses et des pr\u00e9visions pour vos questions dans des tableaux de bord interactifs. Obtenez une vue d'ensemble des risques et des opportunit\u00e9s.","breadcrumb":{"@id":"https:\/\/parm.com\/fr\/business-intelligence\/analyse-et-visualisation\/#breadcrumb"},"inLanguage":"fr-FR","potentialAction":[{"@type":"ReadAction","target":["https:\/\/parm.com\/fr\/business-intelligence\/analyse-et-visualisation\/"]}]},{"@type":"ImageObject","inLanguage":"fr-FR","@id":"https:\/\/parm.com\/fr\/business-intelligence\/analyse-et-visualisation\/#primaryimage","url":"https:\/\/parm.com\/wp-content\/uploads\/2022\/03\/Overview-Revenue-Alerts-filter-applied.jpg","contentUrl":"https:\/\/parm.com\/wp-content\/uploads\/2022\/03\/Overview-Revenue-Alerts-filter-applied.jpg","width":1584,"height":951,"caption":"Aper\u00e7u des ventes Alertes dans myPARM BIact"},{"@type":"BreadcrumbList","@id":"https:\/\/parm.com\/fr\/business-intelligence\/analyse-et-visualisation\/#breadcrumb","itemListElement":[{"@type":"ListItem","position":1,"name":"Startseite","item":"https:\/\/parm.com\/fr\/"},{"@type":"ListItem","position":2,"name":"Business Intelligence","item":"https:\/\/parm.com\/fr\/business-intelligence\/"},{"@type":"ListItem","position":3,"name":"Analyse et visualisation"}]},{"@type":"WebSite","@id":"https:\/\/parm.com\/fr\/#website","url":"https:\/\/parm.com\/fr\/","name":"Parm AG","description":"Successful projects. Swiss quality. Software f\u00fcr Projektmanagement","publisher":{"@id":"https:\/\/parm.com\/fr\/#organization"},"alternateName":"Parm","potentialAction":[{"@type":"SearchAction","target":{"@type":"EntryPoint","urlTemplate":"https:\/\/parm.com\/fr\/?s={search_term_string}"},"query-input":{"@type":"PropertyValueSpecification","valueRequired":true,"valueName":"search_term_string"}}],"inLanguage":"fr-FR"},{"@type":"Organization","@id":"https:\/\/parm.com\/fr\/#organization","name":"Parm AG","alternateName":"Parm","url":"https:\/\/parm.com\/fr\/","logo":{"@type":"ImageObject","inLanguage":"fr-FR","@id":"https:\/\/parm.com\/fr\/#\/schema\/logo\/image\/","url":"https:\/\/parm.com\/wp-content\/uploads\/2021\/11\/Parm_Logo_blue_RGB.png","contentUrl":"https:\/\/parm.com\/wp-content\/uploads\/2021\/11\/Parm_Logo_blue_RGB.png","width":908,"height":228,"caption":"Parm AG"},"image":{"@id":"https:\/\/parm.com\/fr\/#\/schema\/logo\/image\/"},"sameAs":["https:\/\/www.facebook.com\/myparm","https:\/\/www.linkedin.com\/company\/parm-ag","https:\/\/www.xing.com\/pages\/parmag"]}]}},"_links":{"self":[{"href":"https:\/\/parm.com\/fr\/wp-json\/wp\/v2\/pages\/18392","targetHints":{"allow":["GET"]}}],"collection":[{"href":"https:\/\/parm.com\/fr\/wp-json\/wp\/v2\/pages"}],"about":[{"href":"https:\/\/parm.com\/fr\/wp-json\/wp\/v2\/types\/page"}],"author":[{"embeddable":true,"href":"https:\/\/parm.com\/fr\/wp-json\/wp\/v2\/users\/1"}],"replies":[{"embeddable":true,"href":"https:\/\/parm.com\/fr\/wp-json\/wp\/v2\/comments?post=18392"}],"version-history":[{"count":1,"href":"https:\/\/parm.com\/fr\/wp-json\/wp\/v2\/pages\/18392\/revisions"}],"predecessor-version":[{"id":246102,"href":"https:\/\/parm.com\/fr\/wp-json\/wp\/v2\/pages\/18392\/revisions\/246102"}],"up":[{"embeddable":true,"href":"https:\/\/parm.com\/fr\/wp-json\/wp\/v2\/pages\/18373"}],"wp:featuredmedia":[{"embeddable":true,"href":"https:\/\/parm.com\/fr\/wp-json\/wp\/v2\/media\/14376"}],"wp:attachment":[{"href":"https:\/\/parm.com\/fr\/wp-json\/wp\/v2\/media?parent=18392"}],"curies":[{"name":"wp","href":"https:\/\/api.w.org\/{rel}","templated":true}]}}