{"id":18384,"date":"2023-04-11T11:37:55","date_gmt":"2023-04-11T09:37:55","guid":{"rendered":"https:\/\/parm.com\/business-intelligence\/datenintegration-und-aufbereitung\/"},"modified":"2026-03-02T16:17:42","modified_gmt":"2026-03-02T15:17:42","slug":"integration-et-preparation-des-donnees","status":"publish","type":"page","link":"https:\/\/parm.com\/fr\/business-intelligence\/integration-et-preparation-des-donnees\/","title":{"rendered":"Int\u00e9gration et pr\u00e9paration des donn\u00e9es"},"content":{"rendered":"\n<div class=\"et_pb_section_0 et_pb_section et_section_regular et_block_section et_animated\"><div class=\"et_pb_row_0 et_pb_row et_block_row\"><div class=\"et_pb_column_0 et_pb_column et_pb_column_4_4 et-last-child et_block_column et_pb_css_mix_blend_mode_passthrough\"><div class=\"et_pb_text_0 et_pb_text et_pb_bg_layout_light et_pb_module et_block_module preset--module--divi-text--default\"><div class=\"et_pb_text_inner\" data-et-mv-hidden-tablet=\"true\" data-et-mv-hidden-phone=\"true\"><h1 style=\"text-align: left;\"><strong>Int\u00e9gration et pr\u00e9paration des donn\u00e9es<br \/><span style=\"color: #c01e2b;\">selon vos besoins individuels<br \/><\/span><\/strong><\/h1>\n<\/div><\/div><\/div><\/div><div class=\"et_pb_row_1 et_pb_row et_block_row\"><div class=\"et_pb_column_1 et_pb_column et_pb_column_3_5 et_block_column et_pb_css_mix_blend_mode_passthrough\"><div class=\"et_pb_text_1 et_pb_text et_pb_bg_layout_light et_pb_module et_block_module preset--module--divi-text--default\"><div class=\"et_pb_text_inner\"><h2>Fournir et enrichir les donn\u00e9es<\/h2>\n<\/div><\/div><div class=\"et_pb_blurb_0 et_pb_blurb et_pb_bg_layout_light et_pb_blurb_position_left et_pb_module et_block_module\"><div class=\"et_pb_blurb_content\"><div class=\"et_pb_main_blurb_image\"><span class=\"et_pb_image_wrap\"><span class=\"et-pb-icon\">R<\/span><\/span><\/div><div class=\"et_pb_blurb_container\"><div class=\"et_pb_blurb_description\"><p><strong>Facilit\u00e9 d'importation de donn\u00e9es d\u00e9cisionnelles<\/strong><\/p>\n<\/div><\/div><\/div><\/div><div class=\"et_pb_blurb_1 et_pb_blurb et_pb_bg_layout_light et_pb_blurb_position_left et_pb_module et_block_module\"><div class=\"et_pb_blurb_content\"><div class=\"et_pb_main_blurb_image\"><span class=\"et_pb_image_wrap\"><span class=\"et-pb-icon\">R<\/span><\/span><\/div><div class=\"et_pb_blurb_container\"><div class=\"et_pb_blurb_description\"><p><strong>La BI en self-service rend le reporting et l'analyse plus simples.<\/strong><\/p>\n<\/div><\/div><\/div><\/div><div class=\"et_pb_blurb_2 et_pb_blurb et_pb_bg_layout_light et_pb_blurb_position_left et_pb_module et_block_module\"><div class=\"et_pb_blurb_content\"><div class=\"et_pb_main_blurb_image\"><span class=\"et_pb_image_wrap\"><span class=\"et-pb-icon\">R<\/span><\/span><\/div><div class=\"et_pb_blurb_container\"><div class=\"et_pb_blurb_description\"><p><strong>Stockage et exploitation flexibles des donn\u00e9es<\/strong><\/p>\n<\/div><\/div><\/div><\/div><\/div><div class=\"et_pb_column_2 et_pb_column et_pb_column_2_5 et-last-child et_block_column et_pb_column_empty et_pb_css_mix_blend_mode_passthrough\"><\/div><\/div><\/div><div class=\"et_pb_section_1 et_pb_section et_section_regular et_block_section\"><div class=\"et_pb_row_2 et_pb_row et_block_row\"><div class=\"et_pb_column_3 et_pb_column et_pb_column_4_4 et-last-child et_block_column et_pb_css_mix_blend_mode_passthrough\"><div class=\"et_pb_text_2 et_pb_text et_pb_bg_layout_light et_pb_module et_block_module et_pb_text_align_center preset--module--divi-text--default\"><div class=\"et_pb_text_inner\"><h2 style=\"text-align: left;\"><span style=\"color: #1b3e90;\">Int\u00e9gration flexible des donn\u00e9es<\/span><br \/><span style=\"color: #1b3e90;\">pr\u00e9paration facile des donn\u00e9es<\/span><\/h2>\n<p style=\"text-align: left;\">Les diff\u00e9rentes interfaces permettent d'importer des donn\u00e9es d\u00e9cisionnelles et de les compl\u00e9ter par des informations saisies manuellement, telles que des donn\u00e9es pr\u00e9vues, r\u00e9elles ou autres, qui ne sont pas encore disponibles dans les syst\u00e8mes environnants. Concentrez-vous sur ce qui est le plus important pour vous - vos donn\u00e9es. myPARM BI<span style=\"font-size: x-small;\"><sup>act<\/sup><\/span> est con\u00e7u de mani\u00e8re \u00e0 ce que vous ne deviez pas perdre un temps pr\u00e9cieux en personnalisation. Connectez vos sources de donn\u00e9es avec l'assistant int\u00e9gr\u00e9 DataSource Wizard et faites simplement glisser les champs de donn\u00e9es dont vous avez besoin depuis le FieldBrowser dans les visualisations appropri\u00e9es.<\/p>\n<p style=\"text-align: left;\">La Business Intelligence en self-service vous permet de cr\u00e9er des rapports et des analyses rapidement et facilement sans avoir \u00e0 faire appel aux ressources de votre d\u00e9partement informatique. Tous les collaborateurs disposent ainsi d'un acc\u00e8s facile et fiable aux donn\u00e9es en temps r\u00e9el dont ils ont besoin.<\/p>\n<p style=\"text-align: left;\">\n<\/div><\/div><\/div><\/div><div class=\"et_pb_row_3 et_pb_row et_block_row\"><div class=\"et_pb_column_4 et_pb_column et_pb_column_1_3 et_block_column et_pb_css_mix_blend_mode_passthrough\"><div class=\"et_pb_blurb_3 et_pb_blurb et_pb_bg_layout_light et_pb_text_align_center et_pb_blurb_position_top et_pb_module et_block_module\"><div class=\"et_pb_blurb_content\"><div class=\"et_pb_main_blurb_image\"><span class=\"et_pb_image_wrap et_pb_only_image_mode_wrap\"><img decoding=\"async\" src=\"https:\/\/new-site.parm.com\/wp-content\/uploads\/2022\/03\/Icon_Datenintegration.png\" alt=\"Ic\u00f4ne int\u00e9gration de donn\u00e9es\" \/><\/span><\/div><div class=\"et_pb_blurb_container\"><h4 class=\"et_pb_module_header\">INT\u00c9GRATION DES DONN\u00c9ES<\/h4><div class=\"et_pb_blurb_description\"><p>Fournir \u00e0 tout moment des donn\u00e9es en temps r\u00e9el pr\u00eates \u00e0 l'analyse et exploitables gr\u00e2ce \u00e0 l'int\u00e9gration moderne des donn\u00e9es.<\/p>\n<ul>\n<li>entrep\u00f4t de donn\u00e9es int\u00e9gr\u00e9<\/li>\n<li>diverses interfaces<\/li>\n<li>Saisie manuelle de donn\u00e9es<\/li>\n<\/ul>\n<\/div><\/div><\/div><\/div><\/div><div class=\"et_pb_column_5 et_pb_column et_pb_column_1_3 et_block_column et_pb_css_mix_blend_mode_passthrough\"><div class=\"et_pb_blurb_4 et_pb_blurb et_pb_bg_layout_light et_pb_text_align_center et_pb_blurb_position_top et_pb_module et_block_module\"><div class=\"et_pb_blurb_content\"><div class=\"et_pb_main_blurb_image\"><span class=\"et_pb_image_wrap et_pb_only_image_mode_wrap\"><img decoding=\"async\" src=\"https:\/\/new-site.parm.com\/wp-content\/uploads\/2022\/03\/Icon_Datenbearbeitung.png\" alt=\"Ic\u00f4ne Pr\u00e9paration des donn\u00e9es\" \/><\/span><\/div><div class=\"et_pb_blurb_container\"><h4 class=\"et_pb_module_header\">PR\u00c9PARATION DES DONN\u00c9ES<\/h4><div class=\"et_pb_blurb_description\"><p>Permettez \u00e0 vos collaborateurs, o\u00f9 qu'ils se trouvent dans votre organisation, de cr\u00e9er des analyses conform\u00e9ment \u00e0 vos directives en mati\u00e8re de gouvernance des donn\u00e9es.<\/p>\n<ul>\n<li>pr\u00e9paration gratuite de mod\u00e8les de donn\u00e9es<\/li>\n<li>BI en self-service<\/li>\n<\/ul>\n<\/div><\/div><\/div><\/div><\/div><div class=\"et_pb_column_6 et_pb_column et_pb_column_1_3 et-last-child et_block_column et_pb_css_mix_blend_mode_passthrough\"><div class=\"et_pb_blurb_5 et_pb_blurb et_pb_bg_layout_light et_pb_text_align_center et_pb_blurb_position_top et_pb_module et_block_module\"><div class=\"et_pb_blurb_content\"><div class=\"et_pb_main_blurb_image\"><span class=\"et_pb_image_wrap et_pb_only_image_mode_wrap\"><img decoding=\"async\" src=\"https:\/\/new-site.parm.com\/wp-content\/uploads\/2022\/03\/Icon_Datenhaltung.png\" alt=\"Ic\u00f4ne Stockage et exploitation des donn\u00e9es\" \/><\/span><\/div><div class=\"et_pb_blurb_container\"><h4 class=\"et_pb_module_header\">STOCKAGE et EXPLOITATION DES DONN\u00c9ES<\/h4><div class=\"et_pb_blurb_description\"><p>Peu importe comment vous souhaitez utiliser myPARM BI<span style=\"font-size: x-small;\"><sup>act<\/sup><\/span> et o\u00f9 vous souhaitez stocker les donn\u00e9es, le logiciel s'adapte \u00e0 vos besoins individuels.<\/p>\n<ul>\n<li>sur site<\/li>\n<li>Cloud priv\u00e9<\/li>\n<li>Cloud public<\/li>\n<\/ul>\n<\/div><\/div><\/div><\/div><\/div><\/div><div class=\"et_pb_row_4 et_pb_row et_block_row\"><div class=\"et_pb_column_7 et_pb_column et_pb_column_4_4 et-last-child et_block_column et_pb_css_mix_blend_mode_passthrough\"><div class=\"et_pb_text_3 et_pb_text et_pb_bg_layout_light et_pb_module et_block_module preset--module--divi-text--default\"><div class=\"et_pb_text_inner\"><p>Les sources de donn\u00e9es suivantes sont prises en charge : SQL, OLAP, Microsoft Excel workbooks\/CSV, Entity Framework, Object Data Source, Extract Data Source, XPO, JSON, Federated Data Source, MongoDB.<\/p>\n<p>myPARM BI<span style=\"font-size: x-small;\"><sup>act<\/sup><\/span> est compatible avec les interfaces standard suivantes, permettant la connexion \u00e0 des sources de donn\u00e9es \/ produits reconnus: Microsoft SQL Server \/ CE \/ Analysis Services, Microsoft Access, Oracle Database, Amazon Redshift, Google BigQuery, Teradata, SAP Hana \/ Sybase Advantage \/ Sybase ASE \/ SQL Anywhere, IBM DB2, Firebird, MySQL, Pervasive PSQL, VistaDB, SQLite, fichier XML.<\/p>\n<\/div><\/div><\/div><\/div><\/div><div class=\"et_pb_section_2 et_pb_section et_section_regular et_block_section\"><div class=\"et_pb_row_5 et_pb_row et_block_row\"><div class=\"et_pb_column_8 et_pb_column et_pb_column_4_4 et-last-child et_block_column et_pb_css_mix_blend_mode_passthrough\"><div class=\"et_pb_code_0 et_pb_code et_pb_module\"><div class=\"et_pb_code_inner\"><!-- Calendly Badge-Widget Beginn -->\n<link href=\"https:\/\/assets.calendly.com\/assets\/external\/widget.css\" rel=\"stylesheet\">\n<script src=\"https:\/\/assets.calendly.com\/assets\/external\/widget.js\" type=\"text\/javascript\"><\/script>\n<script type=\"text\/javascript\">Calendly.initBadgeWidget({ url: 'https:\/\/calendly.com\/parmag\/myparm-biact-webdemo-fr', text: 'Prendre un rendez-vous', color: '#00a2ff', textColor: '#ffffff', branding: false });<\/script>\n<!-- Calendly Badge-Widget Ende -->\n<\/div><\/div><\/div><\/div><\/div>\n","protected":false},"excerpt":{"rendered":"<p>Connectez myPARM BIact avec de nombreuses interfaces et importez vos donn\u00e9es r\u00e9elles, planifi\u00e9es ou autres. Pr\u00e9parez, nettoyez et combinez les donn\u00e9es dans myPARM. Vous pouvez \u00e9galement ajouter manuellement des donn\u00e9es pertinentes et des commentaires.<\/p>\n","protected":false},"author":1,"featured_media":14368,"parent":18373,"menu_order":0,"comment_status":"closed","ping_status":"closed","template":"","meta":{"footnotes":""},"class_list":["post-18384","page","type-page","status-publish","has-post-thumbnail","hentry"],"yoast_head":"<!-- This site is optimized with the Yoast SEO plugin v27.5 - https:\/\/yoast.com\/product\/yoast-seo-wordpress\/ -->\n<title>Int\u00e9gration et pr\u00e9paration des donn\u00e9es avec myPARM BIact | Parm AG<\/title>\n<meta name=\"description\" content=\"Connectez myPARM BIact avec de nombreuses interfaces et importez vos donn\u00e9es r\u00e9elles, planifi\u00e9es ou autres.\" \/>\n<meta name=\"robots\" content=\"index, follow, max-snippet:-1, max-image-preview:large, max-video-preview:-1\" \/>\n<link rel=\"canonical\" href=\"https:\/\/parm.com\/fr\/business-intelligence\/integration-et-preparation-des-donnees\/\" \/>\n<meta property=\"og:locale\" content=\"fr_FR\" \/>\n<meta property=\"og:type\" content=\"article\" \/>\n<meta property=\"og:title\" content=\"Int\u00e9gration et pr\u00e9paration des donn\u00e9es selon vos besoins individuels\" \/>\n<meta property=\"og:description\" content=\"Connectez myPARM BIact avec de nombreuses interfaces et importez vos donn\u00e9es r\u00e9elles, planifi\u00e9es ou autres. Pr\u00e9parez, nettoyez et combinez les donn\u00e9es dans myPARM. Vous pouvez \u00e9galement ajouter manuellement des donn\u00e9es pertinentes et des commentaires.\" \/>\n<meta property=\"og:url\" content=\"https:\/\/parm.com\/fr\/business-intelligence\/integration-et-preparation-des-donnees\/\" \/>\n<meta property=\"og:site_name\" content=\"Parm AG\" \/>\n<meta property=\"article:publisher\" content=\"https:\/\/www.facebook.com\/myparm\" \/>\n<meta property=\"article:modified_time\" content=\"2026-03-02T15:17:42+00:00\" \/>\n<meta property=\"og:image\" content=\"https:\/\/parm.com\/wp-content\/uploads\/2022\/03\/Wanderausruestung_klein_AdobeStock_207297850-scaled.jpg\" \/>\n\t<meta property=\"og:image:width\" content=\"2560\" \/>\n\t<meta property=\"og:image:height\" content=\"1338\" \/>\n\t<meta property=\"og:image:type\" content=\"image\/jpeg\" \/>\n<meta name=\"twitter:card\" content=\"summary_large_image\" \/>\n<meta name=\"twitter:title\" content=\"Int\u00e9gration et pr\u00e9paration des donn\u00e9es selon vos besoins individuels\" \/>\n<meta name=\"twitter:description\" content=\"Connectez myPARM BIact avec de nombreuses interfaces et importez vos donn\u00e9es r\u00e9elles, planifi\u00e9es ou autres. Pr\u00e9parez, nettoyez et combinez les donn\u00e9es dans myPARM. Vous pouvez \u00e9galement ajouter manuellement des donn\u00e9es pertinentes et des commentaires.\" \/>\n<meta name=\"twitter:image\" content=\"https:\/\/parm.com\/wp-content\/uploads\/2022\/03\/Wanderausruestung_klein_AdobeStock_207297850-scaled.jpg\" \/>\n<meta name=\"twitter:label1\" content=\"Dur\u00e9e de lecture estim\u00e9e\" \/>\n\t<meta name=\"twitter:data1\" content=\"6 minutes\" \/>\n<script type=\"application\/ld+json\" class=\"yoast-schema-graph\">{\"@context\":\"https:\\\/\\\/schema.org\",\"@graph\":[{\"@type\":\"WebPage\",\"@id\":\"https:\\\/\\\/parm.com\\\/fr\\\/business-intelligence\\\/integration-et-preparation-des-donnees\\\/\",\"url\":\"https:\\\/\\\/parm.com\\\/fr\\\/business-intelligence\\\/integration-et-preparation-des-donnees\\\/\",\"name\":\"Int\u00e9gration et pr\u00e9paration des donn\u00e9es avec myPARM BIact | Parm AG\",\"isPartOf\":{\"@id\":\"https:\\\/\\\/parm.com\\\/fr\\\/#website\"},\"primaryImageOfPage\":{\"@id\":\"https:\\\/\\\/parm.com\\\/fr\\\/business-intelligence\\\/integration-et-preparation-des-donnees\\\/#primaryimage\"},\"image\":{\"@id\":\"https:\\\/\\\/parm.com\\\/fr\\\/business-intelligence\\\/integration-et-preparation-des-donnees\\\/#primaryimage\"},\"thumbnailUrl\":\"https:\\\/\\\/parm.com\\\/wp-content\\\/uploads\\\/2022\\\/03\\\/Wanderausruestung_klein_AdobeStock_207297850-scaled.jpg\",\"datePublished\":\"2023-04-11T09:37:55+00:00\",\"dateModified\":\"2026-03-02T15:17:42+00:00\",\"description\":\"Connectez myPARM BIact avec de nombreuses interfaces et importez vos donn\u00e9es r\u00e9elles, planifi\u00e9es ou autres.\",\"breadcrumb\":{\"@id\":\"https:\\\/\\\/parm.com\\\/fr\\\/business-intelligence\\\/integration-et-preparation-des-donnees\\\/#breadcrumb\"},\"inLanguage\":\"fr-FR\",\"potentialAction\":[{\"@type\":\"ReadAction\",\"target\":[\"https:\\\/\\\/parm.com\\\/fr\\\/business-intelligence\\\/integration-et-preparation-des-donnees\\\/\"]}]},{\"@type\":\"ImageObject\",\"inLanguage\":\"fr-FR\",\"@id\":\"https:\\\/\\\/parm.com\\\/fr\\\/business-intelligence\\\/integration-et-preparation-des-donnees\\\/#primaryimage\",\"url\":\"https:\\\/\\\/parm.com\\\/wp-content\\\/uploads\\\/2022\\\/03\\\/Wanderausruestung_klein_AdobeStock_207297850-scaled.jpg\",\"contentUrl\":\"https:\\\/\\\/parm.com\\\/wp-content\\\/uploads\\\/2022\\\/03\\\/Wanderausruestung_klein_AdobeStock_207297850-scaled.jpg\",\"width\":2560,\"height\":1338,\"caption\":\"Header Datenintegration - Wanderausr\u00fcstung in den Bergen\"},{\"@type\":\"BreadcrumbList\",\"@id\":\"https:\\\/\\\/parm.com\\\/fr\\\/business-intelligence\\\/integration-et-preparation-des-donnees\\\/#breadcrumb\",\"itemListElement\":[{\"@type\":\"ListItem\",\"position\":1,\"name\":\"Startseite\",\"item\":\"https:\\\/\\\/parm.com\\\/fr\\\/\"},{\"@type\":\"ListItem\",\"position\":2,\"name\":\"Business Intelligence\",\"item\":\"https:\\\/\\\/parm.com\\\/fr\\\/business-intelligence\\\/\"},{\"@type\":\"ListItem\",\"position\":3,\"name\":\"Int\u00e9gration et pr\u00e9paration des donn\u00e9es\"}]},{\"@type\":\"WebSite\",\"@id\":\"https:\\\/\\\/parm.com\\\/fr\\\/#website\",\"url\":\"https:\\\/\\\/parm.com\\\/fr\\\/\",\"name\":\"Parm AG\",\"description\":\"Successful projects. Swiss quality. Software f\u00fcr Projektmanagement\",\"publisher\":{\"@id\":\"https:\\\/\\\/parm.com\\\/fr\\\/#organization\"},\"alternateName\":\"Parm\",\"potentialAction\":[{\"@type\":\"SearchAction\",\"target\":{\"@type\":\"EntryPoint\",\"urlTemplate\":\"https:\\\/\\\/parm.com\\\/fr\\\/?s={search_term_string}\"},\"query-input\":{\"@type\":\"PropertyValueSpecification\",\"valueRequired\":true,\"valueName\":\"search_term_string\"}}],\"inLanguage\":\"fr-FR\"},{\"@type\":\"Organization\",\"@id\":\"https:\\\/\\\/parm.com\\\/fr\\\/#organization\",\"name\":\"Parm AG\",\"alternateName\":\"Parm\",\"url\":\"https:\\\/\\\/parm.com\\\/fr\\\/\",\"logo\":{\"@type\":\"ImageObject\",\"inLanguage\":\"fr-FR\",\"@id\":\"https:\\\/\\\/parm.com\\\/fr\\\/#\\\/schema\\\/logo\\\/image\\\/\",\"url\":\"https:\\\/\\\/parm.com\\\/wp-content\\\/uploads\\\/2021\\\/11\\\/Parm_Logo_blue_RGB.png\",\"contentUrl\":\"https:\\\/\\\/parm.com\\\/wp-content\\\/uploads\\\/2021\\\/11\\\/Parm_Logo_blue_RGB.png\",\"width\":908,\"height\":228,\"caption\":\"Parm AG\"},\"image\":{\"@id\":\"https:\\\/\\\/parm.com\\\/fr\\\/#\\\/schema\\\/logo\\\/image\\\/\"},\"sameAs\":[\"https:\\\/\\\/www.facebook.com\\\/myparm\",\"https:\\\/\\\/www.linkedin.com\\\/company\\\/parm-ag\",\"https:\\\/\\\/www.xing.com\\\/pages\\\/parmag\"]}]}<\/script>\n<!-- \/ Yoast SEO plugin. -->","yoast_head_json":{"title":"Int\u00e9gration et pr\u00e9paration des donn\u00e9es avec myPARM BIact | Parm AG","description":"Connectez myPARM BIact avec de nombreuses interfaces et importez vos donn\u00e9es r\u00e9elles, planifi\u00e9es ou autres.","robots":{"index":"index","follow":"follow","max-snippet":"max-snippet:-1","max-image-preview":"max-image-preview:large","max-video-preview":"max-video-preview:-1"},"canonical":"https:\/\/parm.com\/fr\/business-intelligence\/integration-et-preparation-des-donnees\/","og_locale":"fr_FR","og_type":"article","og_title":"Int\u00e9gration et pr\u00e9paration des donn\u00e9es selon vos besoins individuels","og_description":"Connectez myPARM BIact avec de nombreuses interfaces et importez vos donn\u00e9es r\u00e9elles, planifi\u00e9es ou autres. Pr\u00e9parez, nettoyez et combinez les donn\u00e9es dans myPARM. Vous pouvez \u00e9galement ajouter manuellement des donn\u00e9es pertinentes et des commentaires.","og_url":"https:\/\/parm.com\/fr\/business-intelligence\/integration-et-preparation-des-donnees\/","og_site_name":"Parm AG","article_publisher":"https:\/\/www.facebook.com\/myparm","article_modified_time":"2026-03-02T15:17:42+00:00","og_image":[{"width":2560,"height":1338,"url":"https:\/\/parm.com\/wp-content\/uploads\/2022\/03\/Wanderausruestung_klein_AdobeStock_207297850-scaled.jpg","type":"image\/jpeg"}],"twitter_card":"summary_large_image","twitter_title":"Int\u00e9gration et pr\u00e9paration des donn\u00e9es selon vos besoins individuels","twitter_description":"Connectez myPARM BIact avec de nombreuses interfaces et importez vos donn\u00e9es r\u00e9elles, planifi\u00e9es ou autres. Pr\u00e9parez, nettoyez et combinez les donn\u00e9es dans myPARM. Vous pouvez \u00e9galement ajouter manuellement des donn\u00e9es pertinentes et des commentaires.","twitter_image":"https:\/\/parm.com\/wp-content\/uploads\/2022\/03\/Wanderausruestung_klein_AdobeStock_207297850-scaled.jpg","twitter_misc":{"Dur\u00e9e de lecture estim\u00e9e":"6 minutes"},"schema":{"@context":"https:\/\/schema.org","@graph":[{"@type":"WebPage","@id":"https:\/\/parm.com\/fr\/business-intelligence\/integration-et-preparation-des-donnees\/","url":"https:\/\/parm.com\/fr\/business-intelligence\/integration-et-preparation-des-donnees\/","name":"Int\u00e9gration et pr\u00e9paration des donn\u00e9es avec myPARM BIact | Parm AG","isPartOf":{"@id":"https:\/\/parm.com\/fr\/#website"},"primaryImageOfPage":{"@id":"https:\/\/parm.com\/fr\/business-intelligence\/integration-et-preparation-des-donnees\/#primaryimage"},"image":{"@id":"https:\/\/parm.com\/fr\/business-intelligence\/integration-et-preparation-des-donnees\/#primaryimage"},"thumbnailUrl":"https:\/\/parm.com\/wp-content\/uploads\/2022\/03\/Wanderausruestung_klein_AdobeStock_207297850-scaled.jpg","datePublished":"2023-04-11T09:37:55+00:00","dateModified":"2026-03-02T15:17:42+00:00","description":"Connectez myPARM BIact avec de nombreuses interfaces et importez vos donn\u00e9es r\u00e9elles, planifi\u00e9es ou autres.","breadcrumb":{"@id":"https:\/\/parm.com\/fr\/business-intelligence\/integration-et-preparation-des-donnees\/#breadcrumb"},"inLanguage":"fr-FR","potentialAction":[{"@type":"ReadAction","target":["https:\/\/parm.com\/fr\/business-intelligence\/integration-et-preparation-des-donnees\/"]}]},{"@type":"ImageObject","inLanguage":"fr-FR","@id":"https:\/\/parm.com\/fr\/business-intelligence\/integration-et-preparation-des-donnees\/#primaryimage","url":"https:\/\/parm.com\/wp-content\/uploads\/2022\/03\/Wanderausruestung_klein_AdobeStock_207297850-scaled.jpg","contentUrl":"https:\/\/parm.com\/wp-content\/uploads\/2022\/03\/Wanderausruestung_klein_AdobeStock_207297850-scaled.jpg","width":2560,"height":1338,"caption":"Header Datenintegration - Wanderausr\u00fcstung in den Bergen"},{"@type":"BreadcrumbList","@id":"https:\/\/parm.com\/fr\/business-intelligence\/integration-et-preparation-des-donnees\/#breadcrumb","itemListElement":[{"@type":"ListItem","position":1,"name":"Startseite","item":"https:\/\/parm.com\/fr\/"},{"@type":"ListItem","position":2,"name":"Business Intelligence","item":"https:\/\/parm.com\/fr\/business-intelligence\/"},{"@type":"ListItem","position":3,"name":"Int\u00e9gration et pr\u00e9paration des donn\u00e9es"}]},{"@type":"WebSite","@id":"https:\/\/parm.com\/fr\/#website","url":"https:\/\/parm.com\/fr\/","name":"Parm AG","description":"Successful projects. Swiss quality. Software f\u00fcr Projektmanagement","publisher":{"@id":"https:\/\/parm.com\/fr\/#organization"},"alternateName":"Parm","potentialAction":[{"@type":"SearchAction","target":{"@type":"EntryPoint","urlTemplate":"https:\/\/parm.com\/fr\/?s={search_term_string}"},"query-input":{"@type":"PropertyValueSpecification","valueRequired":true,"valueName":"search_term_string"}}],"inLanguage":"fr-FR"},{"@type":"Organization","@id":"https:\/\/parm.com\/fr\/#organization","name":"Parm AG","alternateName":"Parm","url":"https:\/\/parm.com\/fr\/","logo":{"@type":"ImageObject","inLanguage":"fr-FR","@id":"https:\/\/parm.com\/fr\/#\/schema\/logo\/image\/","url":"https:\/\/parm.com\/wp-content\/uploads\/2021\/11\/Parm_Logo_blue_RGB.png","contentUrl":"https:\/\/parm.com\/wp-content\/uploads\/2021\/11\/Parm_Logo_blue_RGB.png","width":908,"height":228,"caption":"Parm AG"},"image":{"@id":"https:\/\/parm.com\/fr\/#\/schema\/logo\/image\/"},"sameAs":["https:\/\/www.facebook.com\/myparm","https:\/\/www.linkedin.com\/company\/parm-ag","https:\/\/www.xing.com\/pages\/parmag"]}]}},"_links":{"self":[{"href":"https:\/\/parm.com\/fr\/wp-json\/wp\/v2\/pages\/18384","targetHints":{"allow":["GET"]}}],"collection":[{"href":"https:\/\/parm.com\/fr\/wp-json\/wp\/v2\/pages"}],"about":[{"href":"https:\/\/parm.com\/fr\/wp-json\/wp\/v2\/types\/page"}],"author":[{"embeddable":true,"href":"https:\/\/parm.com\/fr\/wp-json\/wp\/v2\/users\/1"}],"replies":[{"embeddable":true,"href":"https:\/\/parm.com\/fr\/wp-json\/wp\/v2\/comments?post=18384"}],"version-history":[{"count":1,"href":"https:\/\/parm.com\/fr\/wp-json\/wp\/v2\/pages\/18384\/revisions"}],"predecessor-version":[{"id":246101,"href":"https:\/\/parm.com\/fr\/wp-json\/wp\/v2\/pages\/18384\/revisions\/246101"}],"up":[{"embeddable":true,"href":"https:\/\/parm.com\/fr\/wp-json\/wp\/v2\/pages\/18373"}],"wp:featuredmedia":[{"embeddable":true,"href":"https:\/\/parm.com\/fr\/wp-json\/wp\/v2\/media\/14368"}],"wp:attachment":[{"href":"https:\/\/parm.com\/fr\/wp-json\/wp\/v2\/media?parent=18384"}],"curies":[{"name":"wp","href":"https:\/\/api.w.org\/{rel}","templated":true}]}}