{"id":16486,"date":"2023-03-02T14:56:54","date_gmt":"2023-03-02T13:56:54","guid":{"rendered":"https:\/\/parm.com\/gestion-de-projet-2\/reporting\/"},"modified":"2026-03-02T16:17:33","modified_gmt":"2026-03-02T15:17:33","slug":"reporting","status":"publish","type":"page","link":"https:\/\/parm.com\/fr\/myparm\/reporting\/","title":{"rendered":"Reporting"},"content":{"rendered":"\n<div class=\"et_pb_section_0 et_pb_section et_section_regular et_block_section et_animated\"><div class=\"et_pb_row_0 et_pb_row et_block_row\"><div class=\"et_pb_column_0 et_pb_column et_pb_column_4_4 et-last-child et_block_column et_pb_css_mix_blend_mode_passthrough\"><div class=\"et_pb_text_0 et_pb_text et_pb_bg_layout_light et_pb_module et_block_module preset--module--divi-text--default\"><div class=\"et_pb_text_inner\" data-et-mv-hidden-phone=\"true\"><h1 style=\"text-align: left;\"><strong>Rapports selon vos besoins<br \/><span style=\"color: #c01e2b;\">D\u00e9finissez vos propres tableaux de bord et vues<\/span><\/strong><\/h1>\n<\/div><\/div><\/div><\/div><div class=\"et_pb_row_1 et_pb_row et_block_row\"><div class=\"et_pb_column_1 et_pb_column et_pb_column_3_5 et_block_column et_pb_css_mix_blend_mode_passthrough\"><div class=\"et_pb_text_1 et_pb_text et_pb_bg_layout_light et_pb_module et_block_module preset--module--divi-text--default\"><div class=\"et_pb_text_inner\"><h2>Reporting<\/h2>\n<\/div><\/div><div class=\"et_pb_blurb_0 et_pb_blurb et_pb_bg_layout_light et_pb_blurb_position_left et_pb_module et_block_module\"><div class=\"et_pb_blurb_content\"><div class=\"et_pb_main_blurb_image\"><span class=\"et_pb_image_wrap\"><span class=\"et-pb-icon\">R<\/span><\/span><\/div><div class=\"et_pb_blurb_container\"><div class=\"et_pb_blurb_description\"><p><strong>Cr\u00e9ation de rapports intuitive<\/strong><\/p>\n<\/div><\/div><\/div><\/div><div class=\"et_pb_blurb_1 et_pb_blurb et_pb_bg_layout_light et_pb_blurb_position_left et_pb_module et_block_module\"><div class=\"et_pb_blurb_content\"><div class=\"et_pb_main_blurb_image\"><span class=\"et_pb_image_wrap\"><span class=\"et-pb-icon\">R<\/span><\/span><\/div><div class=\"et_pb_blurb_container\"><div class=\"et_pb_blurb_description\"><p><strong>Saisie manuelle de donn\u00e9es suppl\u00e9mentaires<\/strong><\/p>\n<\/div><\/div><\/div><\/div><div class=\"et_pb_blurb_2 et_pb_blurb et_pb_bg_layout_light et_pb_blurb_position_left et_pb_module et_block_module\"><div class=\"et_pb_blurb_content\"><div class=\"et_pb_main_blurb_image\"><span class=\"et_pb_image_wrap\"><span class=\"et-pb-icon\">R<\/span><\/span><\/div><div class=\"et_pb_blurb_container\"><div class=\"et_pb_blurb_description\"><p><strong>Exportation et importation de donn\u00e9es standard<\/strong><\/p>\n<\/div><\/div><\/div><\/div><\/div><div class=\"et_pb_column_2 et_pb_column et_pb_column_2_5 et-last-child et_block_column et_pb_column_empty et_pb_css_mix_blend_mode_passthrough\"><\/div><\/div><\/div><div class=\"et_pb_section_1 et_pb_section et_section_specialty et_pb_gutters3 et_block_section\"><div class=\"et_pb_row et_block_row\"><div class=\"et_pb_column_3 et_pb_column et_pb_specialty_column et_pb_column_1_2 et_block_column et_pb_css_mix_blend_mode_passthrough\"><div class=\"et_pb_row_inner_0 et_pb_row_inner et_block_row\"><div class=\"et_pb_column_inner_0 et_pb_column_inner et_pb_column et_pb_column_4_4 et-last-child et_block_column et_pb_css_mix_blend_mode_passthrough\"><div class=\"et_pb_text_2 et_pb_text et_pb_bg_layout_light et_animated et_pb_module et_block_module preset--module--divi-text--default\"><div class=\"et_pb_text_inner\"><h2 style=\"text-align: left;\">CONFIGURATION<\/h2>\n<\/div><\/div><div class=\"et_pb_text_3 et_pb_text et_pb_bg_layout_light et_animated et_pb_module et_block_module et_pb_text_align_center preset--module--divi-text--default\"><div class=\"et_pb_text_inner\"><p style=\"text-align: left;\">Utilisez le reporting pr\u00e9configur\u00e9 en suivant les bonnes pratiques ou cr\u00e9ez vos propres rapports et tableaux de bord personnalis\u00e9s. Importez \u00e9ventuellement des donn\u00e9es \u00e0 partir de diverses sources via des interfaces standards ou par saisie manuelle de donn\u00e9es. <\/p>\n<\/div><\/div><div class=\"et_pb_blurb_3 et_pb_blurb et_pb_bg_layout_light et_pb_text_align_center et_pb_blurb_position_left et_animated et_pb_module et_block_module\"><div class=\"et_pb_blurb_content\"><div class=\"et_pb_main_blurb_image\"><span class=\"et_pb_image_wrap\"><span class=\"et-pb-icon\">R<\/span><\/span><\/div><div class=\"et_pb_blurb_container\"><h4 class=\"et_pb_module_header\">Rapports standards<\/h4><div class=\"et_pb_blurb_description\"><p style=\"text-align: left;\">tels que le rapport d'\u00e9tat de projet, utilisation, rapports financiers<\/p>\n<\/div><\/div><\/div><\/div><div class=\"et_pb_blurb_4 et_pb_blurb et_pb_bg_layout_light et_pb_text_align_center et_pb_blurb_position_left et_animated et_pb_module et_block_module\"><div class=\"et_pb_blurb_content\"><div class=\"et_pb_main_blurb_image\"><span class=\"et_pb_image_wrap\"><span class=\"et-pb-icon\">R<\/span><\/span><\/div><div class=\"et_pb_blurb_container\"><h4 class=\"et_pb_module_header\">Concepteur de rapports<\/h4><div class=\"et_pb_blurb_description\"><p style=\"text-align: left;\">pour cr\u00e9er vos propres rapports<\/p>\n<\/div><\/div><\/div><\/div><div class=\"et_pb_blurb_5 et_pb_blurb et_pb_bg_layout_light et_pb_blurb_position_left et_animated et_pb_module et_block_module\"><div class=\"et_pb_blurb_content\"><div class=\"et_pb_main_blurb_image\"><span class=\"et_pb_image_wrap\"><span class=\"et-pb-icon\">R<\/span><\/span><\/div><div class=\"et_pb_blurb_container\"><h4 class=\"et_pb_module_header\" data-et-mv-hidden-tablet=\"true\">Configurateur de tableaux de bord<\/h4><div class=\"et_pb_blurb_description\"><p>pour cr\u00e9er vos propres tableaux de bord et vues<\/p>\n<\/div><\/div><\/div><\/div><div class=\"et_pb_blurb_6 et_pb_blurb et_pb_bg_layout_light et_pb_text_align_center et_pb_blurb_position_left et_animated et_pb_module et_block_module\"><div class=\"et_pb_blurb_content\"><div class=\"et_pb_main_blurb_image\"><span class=\"et_pb_image_wrap\"><span class=\"et-pb-icon\">R<\/span><\/span><\/div><div class=\"et_pb_blurb_container\"><h4 class=\"et_pb_module_header\">Importation de donn\u00e9es via des interfaces standards<\/h4><div class=\"et_pb_blurb_description\"><p style=\"text-align: left;\">pour des produits tiers, par exemple Microsoft, SAP, Oracle, Sage, Abacus, etc.<\/p>\n<\/div><\/div><\/div><\/div><\/div><\/div><\/div><div class=\"et_pb_column_4 et_pb_column et_pb_column_single et_pb_column_1_2 et-last-child et_block_column et_pb_css_mix_blend_mode_passthrough\"><div class=\"et_pb_image_0 et_pb_image et_animated et_pb_module et_block_module\"><a href=\"https:\/\/new-site.parm.com\/wp-content\/uploads\/2022\/08\/Report-Designer.png\" class=\"et_pb_lightbox_image\" alt=\"Concepteur de rapports\"><span class=\"et_pb_image_wrap\"><img decoding=\"async\" src=\"https:\/\/new-site.parm.com\/wp-content\/uploads\/2022\/08\/Report-Designer.png\" title=\"Concepteur de rapports\" alt=\"Concepteur de rapports\" \/><\/span><\/a><\/div><\/div><\/div><\/div><div class=\"et_pb_section_2 et_pb_section et_section_specialty et_pb_gutters3 et_block_section\"><div class=\"et_pb_row et_block_row\"><div class=\"et_pb_column_5 et_pb_column et_pb_specialty_column et_pb_column_1_2 et_block_column et_pb_css_mix_blend_mode_passthrough\"><div class=\"et_pb_row_inner_1 et_pb_row_inner et_block_row\"><div class=\"et_pb_column_inner_1 et_pb_column_inner et_pb_column et_pb_column_4_4 et-last-child et_block_column et_pb_css_mix_blend_mode_passthrough\"><div class=\"et_pb_text_4 et_pb_text et_pb_bg_layout_light et_animated et_pb_module et_block_module preset--module--divi-text--default\"><div class=\"et_pb_text_inner\"><h2 style=\"text-align: left;\">\u00c9VALUER<\/h2>\n<\/div><\/div><div class=\"et_pb_text_5 et_pb_text et_pb_bg_layout_light et_animated et_pb_module et_block_module et_pb_text_align_center preset--module--divi-text--default\"><div class=\"et_pb_text_inner\"><p style=\"text-align: left;\">Obtenez \u00e0 tout moment des analyses actualis\u00e9es et enrichissez-les avec des \u00e9valuations qualitatives suppl\u00e9mentaires pour obtenir une vue d'ensemble compl\u00e8te.<\/p>\n<\/div><\/div><div class=\"et_pb_blurb_7 et_pb_blurb et_pb_bg_layout_light et_pb_text_align_center et_pb_blurb_position_left et_animated et_pb_module et_block_module\"><div class=\"et_pb_blurb_content\"><div class=\"et_pb_main_blurb_image\"><span class=\"et_pb_image_wrap\"><span class=\"et-pb-icon\">R<\/span><\/span><\/div><div class=\"et_pb_blurb_container\"><h4 class=\"et_pb_module_header\">Rapports standards ou bien vos propres rapports<\/h4><\/div><\/div><\/div><div class=\"et_pb_blurb_8 et_pb_blurb et_pb_bg_layout_light et_pb_text_align_center et_pb_blurb_position_left et_animated et_pb_module et_block_module\"><div class=\"et_pb_blurb_content\"><div class=\"et_pb_main_blurb_image\"><span class=\"et_pb_image_wrap\"><span class=\"et-pb-icon\">R<\/span><\/span><\/div><div class=\"et_pb_blurb_container\"><h4 class=\"et_pb_module_header\">Analyses en temps r\u00e9el<\/h4><\/div><\/div><\/div><div class=\"et_pb_blurb_9 et_pb_blurb et_pb_bg_layout_light et_pb_text_align_center et_pb_blurb_position_left et_animated et_pb_module et_block_module\"><div class=\"et_pb_blurb_content\"><div class=\"et_pb_main_blurb_image\"><span class=\"et_pb_image_wrap\"><span class=\"et-pb-icon\">R<\/span><\/span><\/div><div class=\"et_pb_blurb_container\"><h4 class=\"et_pb_module_header\">Enrichir le reporting<\/h4><div class=\"et_pb_blurb_description\"><p style=\"text-align: left;\">avec des \u00e9valuations qualitatives<\/p>\n<\/div><\/div><\/div><\/div><div class=\"et_pb_blurb_10 et_pb_blurb et_pb_bg_layout_light et_pb_text_align_center et_pb_blurb_position_left et_animated et_pb_module et_block_module\"><div class=\"et_pb_blurb_content\"><div class=\"et_pb_main_blurb_image\"><span class=\"et_pb_image_wrap\"><span class=\"et-pb-icon\">R<\/span><\/span><\/div><div class=\"et_pb_blurb_container\"><h4 class=\"et_pb_module_header\">Saisie manuelle de donn\u00e9es<\/h4><\/div><\/div><\/div><div class=\"et_pb_blurb_11 et_pb_blurb et_pb_bg_layout_light et_pb_text_align_center et_pb_blurb_position_left et_animated et_pb_module et_block_module\"><div class=\"et_pb_blurb_content\"><div class=\"et_pb_main_blurb_image\"><span class=\"et_pb_image_wrap\"><span class=\"et-pb-icon\">R<\/span><\/span><\/div><div class=\"et_pb_blurb_container\"><h4 class=\"et_pb_module_header\">Connexion de syst\u00e8mes tiers<\/h4><div class=\"et_pb_blurb_description\"><p style=\"text-align: left;\">via des interfaces standard, un entrep\u00f4t de donn\u00e9es existant ou une plate-forme d'\u00e9change quelconque<\/p>\n<\/div><\/div><\/div><\/div><div class=\"et_pb_blurb_12 et_pb_blurb et_pb_bg_layout_light et_pb_text_align_center et_pb_blurb_position_left et_animated et_pb_module et_block_module\"><div class=\"et_pb_blurb_content\"><div class=\"et_pb_main_blurb_image\"><span class=\"et_pb_image_wrap\"><span class=\"et-pb-icon\">R<\/span><\/span><\/div><div class=\"et_pb_blurb_container\"><h4 class=\"et_pb_module_header\">Exportation de donn\u00e9es dans des formats courants<\/h4><div class=\"et_pb_blurb_description\"><p style=\"text-align: left;\">tels que Excel, PowerPoint, Word, PDF, XML, etc.<\/p>\n<\/div><\/div><\/div><\/div><\/div><\/div><\/div><div class=\"et_pb_column_6 et_pb_column et_pb_column_single et_pb_column_1_2 et-last-child et_block_column et_pb_css_mix_blend_mode_passthrough\"><div class=\"et_pb_image_1 et_pb_image et_animated et_pb_module et_block_module\"><a href=\"https:\/\/new-site.parm.com\/wp-content\/uploads\/2022\/08\/Report.jpg\" class=\"et_pb_lightbox_image\" alt=\"Reporting pour les projets de mani\u00e8re rapide et intuitive\"><span class=\"et_pb_image_wrap\"><img decoding=\"async\" src=\"https:\/\/new-site.parm.com\/wp-content\/uploads\/2022\/08\/Report.jpg\" title=\"Rapport\" alt=\"Reporting pour les projets de mani\u00e8re rapide et intuitive\" \/><\/span><\/a><\/div><\/div><\/div><\/div><div class=\"et_pb_section_3 et_pb_section et_section_regular et_block_section\"><div class=\"et_pb_row_2 et_pb_row et_block_row\"><div class=\"et_pb_column_7 et_pb_column et_pb_column_4_4 et-last-child et_block_column et_pb_css_mix_blend_mode_passthrough\"><div class=\"et_pb_code_0 et_pb_code et_pb_module\"><div class=\"et_pb_code_inner\"><!-- Calendly Badge-Widget Beginn -->\n<link href=\"https:\/\/assets.calendly.com\/assets\/external\/widget.css\" rel=\"stylesheet\">\n<script src=\"https:\/\/assets.calendly.com\/assets\/external\/widget.js\" type=\"text\/javascript\"><\/script>\n<script type=\"text\/javascript\">Calendly.initBadgeWidget({ url: 'https:\/\/calendly.com\/d\/yzb-zym-xg9', text: 'Prenez rendez-vous', color: '#00a2ff', textColor: '#ffffff', branding: false });<\/script>\n<!-- Calendly Badge-Widget Ende -->\n<\/div><\/div><\/div><\/div><\/div>\n","protected":false},"excerpt":{"rendered":"<p>Cr\u00e9ez rapidement et intuitivement de diverses \u00e9valuations dans des rapports et des tableaux de bord en fonction de vos indicateurs cl\u00e9s d\u00e9finis et dans le format de votre choix.<\/p>\n","protected":false},"author":1,"featured_media":14463,"parent":16459,"menu_order":0,"comment_status":"closed","ping_status":"closed","template":"","meta":{"footnotes":""},"class_list":["post-16486","page","type-page","status-publish","has-post-thumbnail","hentry"],"yoast_head":"<!-- This site is optimized with the Yoast SEO plugin v27.5 - https:\/\/yoast.com\/product\/yoast-seo-wordpress\/ -->\n<title>Reporting avec le logiciel de gestion de projet myPARM<\/title>\n<meta name=\"description\" content=\"Cr\u00e9ez rapidement et intuitivement de diverses \u00e9valuations dans des rapports et des tableaux de bord en fonction de vos indicateurs cl\u00e9s d\u00e9finis et dans le format de votre choix.\" \/>\n<meta name=\"robots\" content=\"index, follow, max-snippet:-1, max-image-preview:large, max-video-preview:-1\" \/>\n<link rel=\"canonical\" href=\"https:\/\/parm.com\/fr\/myparm\/reporting\/\" \/>\n<meta property=\"og:locale\" content=\"fr_FR\" \/>\n<meta property=\"og:type\" content=\"article\" \/>\n<meta property=\"og:title\" content=\"Reporting pour les projets de mani\u00e8re rapide et intuitive\" \/>\n<meta property=\"og:description\" content=\"Cr\u00e9ez rapidement et intuitivement de diverses \u00e9valuations dans des rapports et des tableaux de bord en fonction de vos indicateurs cl\u00e9s d\u00e9finis et dans le format de votre choix.\" \/>\n<meta property=\"og:url\" content=\"https:\/\/parm.com\/fr\/myparm\/reporting\/\" \/>\n<meta property=\"og:site_name\" content=\"Parm AG\" \/>\n<meta property=\"article:publisher\" content=\"https:\/\/www.facebook.com\/myparm\" \/>\n<meta property=\"article:modified_time\" content=\"2026-03-02T15:17:33+00:00\" \/>\n<meta property=\"og:image\" content=\"https:\/\/parm.com\/wp-content\/uploads\/2022\/08\/Header_Reporting-1024x474.png\" \/>\n<meta name=\"twitter:card\" content=\"summary_large_image\" \/>\n<meta name=\"twitter:title\" content=\"Reporting pour les projets de mani\u00e8re rapide et intuitive\" \/>\n<meta name=\"twitter:description\" content=\"Cr\u00e9ez rapidement et intuitivement de diverses \u00e9valuations dans des rapports et des tableaux de bord en fonction de vos indicateurs cl\u00e9s d\u00e9finis et dans le format de votre choix.\" \/>\n<meta name=\"twitter:image\" content=\"https:\/\/parm.com\/wp-content\/uploads\/2022\/08\/Header_Reporting-1024x474.png\" \/>\n<script type=\"application\/ld+json\" class=\"yoast-schema-graph\">{\"@context\":\"https:\\\/\\\/schema.org\",\"@graph\":[{\"@type\":\"WebPage\",\"@id\":\"https:\\\/\\\/parm.com\\\/fr\\\/myparm\\\/reporting\\\/\",\"url\":\"https:\\\/\\\/parm.com\\\/fr\\\/myparm\\\/reporting\\\/\",\"name\":\"Reporting avec le logiciel de gestion de projet myPARM\",\"isPartOf\":{\"@id\":\"https:\\\/\\\/parm.com\\\/fr\\\/#website\"},\"primaryImageOfPage\":{\"@id\":\"https:\\\/\\\/parm.com\\\/fr\\\/myparm\\\/reporting\\\/#primaryimage\"},\"image\":{\"@id\":\"https:\\\/\\\/parm.com\\\/fr\\\/myparm\\\/reporting\\\/#primaryimage\"},\"thumbnailUrl\":\"https:\\\/\\\/parm.com\\\/wp-content\\\/uploads\\\/2022\\\/08\\\/Header_Reporting.png\",\"datePublished\":\"2023-03-02T13:56:54+00:00\",\"dateModified\":\"2026-03-02T15:17:33+00:00\",\"description\":\"Cr\u00e9ez rapidement et intuitivement de diverses \u00e9valuations dans des rapports et des tableaux de bord en fonction de vos indicateurs cl\u00e9s d\u00e9finis et dans le format de votre choix.\",\"breadcrumb\":{\"@id\":\"https:\\\/\\\/parm.com\\\/fr\\\/myparm\\\/reporting\\\/#breadcrumb\"},\"inLanguage\":\"fr-FR\",\"potentialAction\":[{\"@type\":\"ReadAction\",\"target\":[\"https:\\\/\\\/parm.com\\\/fr\\\/myparm\\\/reporting\\\/\"]}]},{\"@type\":\"ImageObject\",\"inLanguage\":\"fr-FR\",\"@id\":\"https:\\\/\\\/parm.com\\\/fr\\\/myparm\\\/reporting\\\/#primaryimage\",\"url\":\"https:\\\/\\\/parm.com\\\/wp-content\\\/uploads\\\/2022\\\/08\\\/Header_Reporting.png\",\"contentUrl\":\"https:\\\/\\\/parm.com\\\/wp-content\\\/uploads\\\/2022\\\/08\\\/Header_Reporting.png\",\"width\":1080,\"height\":500,\"caption\":\"Header Rapport\"},{\"@type\":\"BreadcrumbList\",\"@id\":\"https:\\\/\\\/parm.com\\\/fr\\\/myparm\\\/reporting\\\/#breadcrumb\",\"itemListElement\":[{\"@type\":\"ListItem\",\"position\":1,\"name\":\"Startseite\",\"item\":\"https:\\\/\\\/parm.com\\\/fr\\\/\"},{\"@type\":\"ListItem\",\"position\":2,\"name\":\"Gestion de projet\",\"item\":\"https:\\\/\\\/parm.com\\\/fr\\\/myparm\\\/\"},{\"@type\":\"ListItem\",\"position\":3,\"name\":\"Reporting\"}]},{\"@type\":\"WebSite\",\"@id\":\"https:\\\/\\\/parm.com\\\/fr\\\/#website\",\"url\":\"https:\\\/\\\/parm.com\\\/fr\\\/\",\"name\":\"Parm AG\",\"description\":\"Successful projects. Swiss quality. Software f\u00fcr Projektmanagement\",\"publisher\":{\"@id\":\"https:\\\/\\\/parm.com\\\/fr\\\/#organization\"},\"alternateName\":\"Parm\",\"potentialAction\":[{\"@type\":\"SearchAction\",\"target\":{\"@type\":\"EntryPoint\",\"urlTemplate\":\"https:\\\/\\\/parm.com\\\/fr\\\/?s={search_term_string}\"},\"query-input\":{\"@type\":\"PropertyValueSpecification\",\"valueRequired\":true,\"valueName\":\"search_term_string\"}}],\"inLanguage\":\"fr-FR\"},{\"@type\":\"Organization\",\"@id\":\"https:\\\/\\\/parm.com\\\/fr\\\/#organization\",\"name\":\"Parm AG\",\"alternateName\":\"Parm\",\"url\":\"https:\\\/\\\/parm.com\\\/fr\\\/\",\"logo\":{\"@type\":\"ImageObject\",\"inLanguage\":\"fr-FR\",\"@id\":\"https:\\\/\\\/parm.com\\\/fr\\\/#\\\/schema\\\/logo\\\/image\\\/\",\"url\":\"https:\\\/\\\/parm.com\\\/wp-content\\\/uploads\\\/2021\\\/11\\\/Parm_Logo_blue_RGB.png\",\"contentUrl\":\"https:\\\/\\\/parm.com\\\/wp-content\\\/uploads\\\/2021\\\/11\\\/Parm_Logo_blue_RGB.png\",\"width\":908,\"height\":228,\"caption\":\"Parm AG\"},\"image\":{\"@id\":\"https:\\\/\\\/parm.com\\\/fr\\\/#\\\/schema\\\/logo\\\/image\\\/\"},\"sameAs\":[\"https:\\\/\\\/www.facebook.com\\\/myparm\",\"https:\\\/\\\/www.linkedin.com\\\/company\\\/parm-ag\",\"https:\\\/\\\/www.xing.com\\\/pages\\\/parmag\"]}]}<\/script>\n<!-- \/ Yoast SEO plugin. -->","yoast_head_json":{"title":"Reporting avec le logiciel de gestion de projet myPARM","description":"Cr\u00e9ez rapidement et intuitivement de diverses \u00e9valuations dans des rapports et des tableaux de bord en fonction de vos indicateurs cl\u00e9s d\u00e9finis et dans le format de votre choix.","robots":{"index":"index","follow":"follow","max-snippet":"max-snippet:-1","max-image-preview":"max-image-preview:large","max-video-preview":"max-video-preview:-1"},"canonical":"https:\/\/parm.com\/fr\/myparm\/reporting\/","og_locale":"fr_FR","og_type":"article","og_title":"Reporting pour les projets de mani\u00e8re rapide et intuitive","og_description":"Cr\u00e9ez rapidement et intuitivement de diverses \u00e9valuations dans des rapports et des tableaux de bord en fonction de vos indicateurs cl\u00e9s d\u00e9finis et dans le format de votre choix.","og_url":"https:\/\/parm.com\/fr\/myparm\/reporting\/","og_site_name":"Parm AG","article_publisher":"https:\/\/www.facebook.com\/myparm","article_modified_time":"2026-03-02T15:17:33+00:00","og_image":[{"url":"https:\/\/parm.com\/wp-content\/uploads\/2022\/08\/Header_Reporting-1024x474.png","type":"","width":"","height":""}],"twitter_card":"summary_large_image","twitter_title":"Reporting pour les projets de mani\u00e8re rapide et intuitive","twitter_description":"Cr\u00e9ez rapidement et intuitivement de diverses \u00e9valuations dans des rapports et des tableaux de bord en fonction de vos indicateurs cl\u00e9s d\u00e9finis et dans le format de votre choix.","twitter_image":"https:\/\/parm.com\/wp-content\/uploads\/2022\/08\/Header_Reporting-1024x474.png","schema":{"@context":"https:\/\/schema.org","@graph":[{"@type":"WebPage","@id":"https:\/\/parm.com\/fr\/myparm\/reporting\/","url":"https:\/\/parm.com\/fr\/myparm\/reporting\/","name":"Reporting avec le logiciel de gestion de projet myPARM","isPartOf":{"@id":"https:\/\/parm.com\/fr\/#website"},"primaryImageOfPage":{"@id":"https:\/\/parm.com\/fr\/myparm\/reporting\/#primaryimage"},"image":{"@id":"https:\/\/parm.com\/fr\/myparm\/reporting\/#primaryimage"},"thumbnailUrl":"https:\/\/parm.com\/wp-content\/uploads\/2022\/08\/Header_Reporting.png","datePublished":"2023-03-02T13:56:54+00:00","dateModified":"2026-03-02T15:17:33+00:00","description":"Cr\u00e9ez rapidement et intuitivement de diverses \u00e9valuations dans des rapports et des tableaux de bord en fonction de vos indicateurs cl\u00e9s d\u00e9finis et dans le format de votre choix.","breadcrumb":{"@id":"https:\/\/parm.com\/fr\/myparm\/reporting\/#breadcrumb"},"inLanguage":"fr-FR","potentialAction":[{"@type":"ReadAction","target":["https:\/\/parm.com\/fr\/myparm\/reporting\/"]}]},{"@type":"ImageObject","inLanguage":"fr-FR","@id":"https:\/\/parm.com\/fr\/myparm\/reporting\/#primaryimage","url":"https:\/\/parm.com\/wp-content\/uploads\/2022\/08\/Header_Reporting.png","contentUrl":"https:\/\/parm.com\/wp-content\/uploads\/2022\/08\/Header_Reporting.png","width":1080,"height":500,"caption":"Header Rapport"},{"@type":"BreadcrumbList","@id":"https:\/\/parm.com\/fr\/myparm\/reporting\/#breadcrumb","itemListElement":[{"@type":"ListItem","position":1,"name":"Startseite","item":"https:\/\/parm.com\/fr\/"},{"@type":"ListItem","position":2,"name":"Gestion de projet","item":"https:\/\/parm.com\/fr\/myparm\/"},{"@type":"ListItem","position":3,"name":"Reporting"}]},{"@type":"WebSite","@id":"https:\/\/parm.com\/fr\/#website","url":"https:\/\/parm.com\/fr\/","name":"Parm AG","description":"Successful projects. Swiss quality. Software f\u00fcr Projektmanagement","publisher":{"@id":"https:\/\/parm.com\/fr\/#organization"},"alternateName":"Parm","potentialAction":[{"@type":"SearchAction","target":{"@type":"EntryPoint","urlTemplate":"https:\/\/parm.com\/fr\/?s={search_term_string}"},"query-input":{"@type":"PropertyValueSpecification","valueRequired":true,"valueName":"search_term_string"}}],"inLanguage":"fr-FR"},{"@type":"Organization","@id":"https:\/\/parm.com\/fr\/#organization","name":"Parm AG","alternateName":"Parm","url":"https:\/\/parm.com\/fr\/","logo":{"@type":"ImageObject","inLanguage":"fr-FR","@id":"https:\/\/parm.com\/fr\/#\/schema\/logo\/image\/","url":"https:\/\/parm.com\/wp-content\/uploads\/2021\/11\/Parm_Logo_blue_RGB.png","contentUrl":"https:\/\/parm.com\/wp-content\/uploads\/2021\/11\/Parm_Logo_blue_RGB.png","width":908,"height":228,"caption":"Parm AG"},"image":{"@id":"https:\/\/parm.com\/fr\/#\/schema\/logo\/image\/"},"sameAs":["https:\/\/www.facebook.com\/myparm","https:\/\/www.linkedin.com\/company\/parm-ag","https:\/\/www.xing.com\/pages\/parmag"]}]}},"_links":{"self":[{"href":"https:\/\/parm.com\/fr\/wp-json\/wp\/v2\/pages\/16486","targetHints":{"allow":["GET"]}}],"collection":[{"href":"https:\/\/parm.com\/fr\/wp-json\/wp\/v2\/pages"}],"about":[{"href":"https:\/\/parm.com\/fr\/wp-json\/wp\/v2\/types\/page"}],"author":[{"embeddable":true,"href":"https:\/\/parm.com\/fr\/wp-json\/wp\/v2\/users\/1"}],"replies":[{"embeddable":true,"href":"https:\/\/parm.com\/fr\/wp-json\/wp\/v2\/comments?post=16486"}],"version-history":[{"count":1,"href":"https:\/\/parm.com\/fr\/wp-json\/wp\/v2\/pages\/16486\/revisions"}],"predecessor-version":[{"id":246095,"href":"https:\/\/parm.com\/fr\/wp-json\/wp\/v2\/pages\/16486\/revisions\/246095"}],"up":[{"embeddable":true,"href":"https:\/\/parm.com\/fr\/wp-json\/wp\/v2\/pages\/16459"}],"wp:featuredmedia":[{"embeddable":true,"href":"https:\/\/parm.com\/fr\/wp-json\/wp\/v2\/media\/14463"}],"wp:attachment":[{"href":"https:\/\/parm.com\/fr\/wp-json\/wp\/v2\/media?parent=16486"}],"curies":[{"name":"wp","href":"https:\/\/api.w.org\/{rel}","templated":true}]}}