{"id":16103,"date":"2023-02-24T13:16:35","date_gmt":"2023-02-24T12:16:35","guid":{"rendered":"https:\/\/parm.com\/gestion-de-portefeuille\/"},"modified":"2026-03-02T16:17:15","modified_gmt":"2026-03-02T15:17:15","slug":"gestion-de-portefeuille","status":"publish","type":"page","link":"https:\/\/parm.com\/fr\/myparm\/gestion-de-portefeuille\/","title":{"rendered":"Gestion de portefeuille"},"content":{"rendered":"\n<div class=\"et_pb_section_0 et_pb_section et_section_regular et_block_section et_animated\"><div class=\"et_pb_row_0 et_pb_row et_block_row\"><div class=\"et_pb_column_0 et_pb_column et_pb_column_4_4 et-last-child et_block_column et_pb_css_mix_blend_mode_passthrough\"><div class=\"et_pb_text_0 et_pb_text et_pb_bg_layout_light et_pb_module et_block_module preset--module--divi-text--default\"><div class=\"et_pb_text_inner\" data-et-mv-hidden-phone=\"true\"><h1 style=\"text-align: left;\"><strong>Strat\u00e9gies \u00e0 mettre en place<br \/><span style=\"color: #c01e2b;\">Garantir la mise en \u0153uvre et la durabilit\u00e9<\/span><\/strong><\/h1>\n<\/div><\/div><\/div><\/div><div class=\"et_pb_row_1 et_pb_row et_block_row\"><div class=\"et_pb_column_1 et_pb_column et_pb_column_3_5 et_block_column et_pb_css_mix_blend_mode_passthrough\"><div class=\"et_pb_text_1 et_pb_text et_pb_bg_layout_light et_pb_module et_block_module preset--module--divi-text--default\"><div class=\"et_pb_text_inner\"><h2>Gestion strat\u00e9gique du portefeuille<\/h2>\n<\/div><\/div><div class=\"et_pb_blurb_0 et_pb_blurb et_pb_bg_layout_light et_pb_blurb_position_left et_pb_module et_block_module\"><div class=\"et_pb_blurb_content\"><div class=\"et_pb_main_blurb_image\"><span class=\"et_pb_image_wrap\"><span class=\"et-pb-icon\">R<\/span><\/span><\/div><div class=\"et_pb_blurb_container\"><div class=\"et_pb_blurb_description\"><p><strong>Des projets ou des produits<\/strong><\/p>\n<\/div><\/div><\/div><\/div><div class=\"et_pb_blurb_1 et_pb_blurb et_pb_bg_layout_light et_pb_blurb_position_left et_pb_module et_block_module\"><div class=\"et_pb_blurb_content\"><div class=\"et_pb_main_blurb_image\"><span class=\"et_pb_image_wrap\"><span class=\"et-pb-icon\">R<\/span><\/span><\/div><div class=\"et_pb_blurb_container\"><div class=\"et_pb_blurb_description\"><p><strong>Application <span><span class=\"ui-provider wf b c d e f g h i j k l m n o p q r s t u v w x y z ab ac ae af ag ah ai aj ak\" dir=\"ltr\">ind\u00e9pendamment du secteur d'activit\u00e9<\/span><\/span><br \/><\/strong><\/p>\n<\/div><\/div><\/div><\/div><div class=\"et_pb_blurb_2 et_pb_blurb et_pb_bg_layout_light et_pb_blurb_position_left et_pb_module et_block_module\"><div class=\"et_pb_blurb_content\"><div class=\"et_pb_main_blurb_image\"><span class=\"et_pb_image_wrap\"><span class=\"et-pb-icon\">R<\/span><\/span><\/div><div class=\"et_pb_blurb_container\"><div class=\"et_pb_blurb_description\"><p><strong>Comparaison de programmes et de portefeuilles<\/strong><\/p>\n<\/div><\/div><\/div><\/div><\/div><div class=\"et_pb_column_2 et_pb_column et_pb_column_2_5 et-last-child et_block_column et_pb_column_empty et_pb_css_mix_blend_mode_passthrough\"><\/div><\/div><\/div><div class=\"et_pb_section_1 et_pb_section et_section_specialty et_pb_gutters3 et_block_section\"><div class=\"et_pb_row et_block_row\"><div class=\"et_pb_column_3 et_pb_column et_pb_specialty_column et_pb_column_1_2 et_block_column et_pb_css_mix_blend_mode_passthrough\"><div class=\"et_pb_row_inner_0 et_pb_row_inner et_block_row\"><div class=\"et_pb_column_inner_0 et_pb_column_inner et_pb_column et_pb_column_4_4 et-last-child et_block_column et_pb_css_mix_blend_mode_passthrough\"><div class=\"et_pb_text_2 et_pb_text et_pb_bg_layout_light et_animated et_pb_module et_block_module preset--module--divi-text--default\"><div class=\"et_pb_text_inner\"><h2 style=\"text-align: left;\">PLANIFICATION<\/h2>\n<\/div><\/div><div class=\"et_pb_text_3 et_pb_text et_pb_bg_layout_light et_animated et_pb_module et_block_module et_pb_text_align_center preset--module--divi-text--default\"><div class=\"et_pb_text_inner\"><p style=\"text-align: left;\">Planifiez tous les projets et programmes de votre organisation. Evaluez les opportunit\u00e9s et les risques des nouvelles id\u00e9es, les initiatives, et les projets pour prendre les bonnes d\u00e9cisions. Simulez et hi\u00e9rarchisez les priorit\u00e9s en fonction de crit\u00e8res quantitatifs et qualitatifs.<\/p>\n<\/div><\/div><div class=\"et_pb_blurb_3 et_pb_blurb et_pb_bg_layout_light et_pb_text_align_center et_pb_blurb_position_left et_animated et_pb_module et_block_module\"><div class=\"et_pb_blurb_content\"><div class=\"et_pb_main_blurb_image\"><span class=\"et_pb_image_wrap\"><span class=\"et-pb-icon\">R<\/span><\/span><\/div><div class=\"et_pb_blurb_container\"><h4 class=\"et_pb_module_header\">Scoremaps d\u00e9finies par l'utilisateur<\/h4><div class=\"et_pb_blurb_description\"><p style=\"text-align: left;\">pour l'\u00e9valuation strat\u00e9gique<\/p>\n<\/div><\/div><\/div><\/div><div class=\"et_pb_blurb_4 et_pb_blurb et_pb_bg_layout_light et_pb_text_align_center et_pb_blurb_position_left et_animated et_pb_module et_block_module\"><div class=\"et_pb_blurb_content\"><div class=\"et_pb_main_blurb_image\"><span class=\"et_pb_image_wrap\"><span class=\"et-pb-icon\">R<\/span><\/span><\/div><div class=\"et_pb_blurb_container\"><h4 class=\"et_pb_module_header\">Fonction d'analyse<\/h4><\/div><\/div><\/div><div class=\"et_pb_blurb_5 et_pb_blurb et_pb_bg_layout_light et_pb_text_align_center et_pb_blurb_position_left et_animated et_pb_module et_block_module\"><div class=\"et_pb_blurb_content\"><div class=\"et_pb_main_blurb_image\"><span class=\"et_pb_image_wrap\"><span class=\"et-pb-icon\">R<\/span><\/span><\/div><div class=\"et_pb_blurb_container\"><h4 class=\"et_pb_module_header\">Fonction de simulation<\/h4><\/div><\/div><\/div><div class=\"et_pb_blurb_6 et_pb_blurb et_pb_bg_layout_light et_pb_text_align_center et_pb_blurb_position_left et_animated et_pb_module et_block_module\"><div class=\"et_pb_blurb_content\"><div class=\"et_pb_main_blurb_image\"><span class=\"et_pb_image_wrap\"><span class=\"et-pb-icon\">R<\/span><\/span><\/div><div class=\"et_pb_blurb_container\"><h4 class=\"et_pb_module_header\">Fonction de priorisation<\/h4><\/div><\/div><\/div><\/div><\/div><\/div><div class=\"et_pb_column_4 et_pb_column et_pb_column_single et_pb_column_1_2 et-last-child et_block_column et_pb_css_mix_blend_mode_passthrough\"><div class=\"et_pb_image_0 et_pb_image et_animated et_pb_module et_block_module\"><a href=\"https:\/\/new-site.parm.com\/wp-content\/uploads\/2023\/01\/Portfolio_Management.jpg\" class=\"et_pb_lightbox_image\" alt=\"Gestion de portefeuille\"><span class=\"et_pb_image_wrap\"><img decoding=\"async\" src=\"https:\/\/new-site.parm.com\/wp-content\/uploads\/2023\/01\/Portfolio_Management.jpg\" title=\"Gestion de portefeuille\" alt=\"Gestion de portefeuille\" \/><\/span><\/a><\/div><\/div><\/div><\/div><div class=\"et_pb_section_2 et_pb_section et_section_specialty et_pb_gutters3 et_block_section\"><div class=\"et_pb_row et_block_row\"><div class=\"et_pb_column_5 et_pb_column et_pb_specialty_column et_pb_column_1_2 et_block_column et_pb_css_mix_blend_mode_passthrough\"><div class=\"et_pb_row_inner_1 et_pb_row_inner et_block_row\"><div class=\"et_pb_column_inner_1 et_pb_column_inner et_pb_column et_pb_column_4_4 et-last-child et_block_column et_pb_css_mix_blend_mode_passthrough\"><div class=\"et_pb_text_4 et_pb_text et_pb_bg_layout_light et_animated et_pb_module et_block_module preset--module--divi-text--default\"><div class=\"et_pb_text_inner\"><h2 style=\"text-align: left;\">EX\u00c9CUTER + CONTR\u00d4LER<\/h2>\n<\/div><\/div><div class=\"et_pb_text_5 et_pb_text et_pb_bg_layout_light et_animated et_pb_module et_block_module et_pb_text_align_center preset--module--divi-text--default\"><div class=\"et_pb_text_inner\"><p style=\"text-align: left;\">Contr\u00f4lez votre portefeuille en se basant sure l'\u00e9tat actuel de vos projets et programmes.<\/p>\n<\/div><\/div><div class=\"et_pb_blurb_7 et_pb_blurb et_pb_bg_layout_light et_pb_text_align_center et_pb_blurb_position_left et_animated et_pb_module et_block_module\"><div class=\"et_pb_blurb_content\"><div class=\"et_pb_main_blurb_image\"><span class=\"et_pb_image_wrap\"><span class=\"et-pb-icon\">R<\/span><\/span><\/div><div class=\"et_pb_blurb_container\"><h4 class=\"et_pb_module_header\">Lancez directement des mesures et des initiatives<\/h4><\/div><\/div><\/div><div class=\"et_pb_blurb_8 et_pb_blurb et_pb_bg_layout_light et_pb_text_align_center et_pb_blurb_position_left et_animated et_pb_module et_block_module\"><div class=\"et_pb_blurb_content\"><div class=\"et_pb_main_blurb_image\"><span class=\"et_pb_image_wrap\"><span class=\"et-pb-icon\">R<\/span><\/span><\/div><div class=\"et_pb_blurb_container\"><h4 class=\"et_pb_module_header\">Tableaux de bord du portefeuille et des programmes<\/h4><div class=\"et_pb_blurb_description\"><p style=\"text-align: left;\">avec une vue d'ensemble des projets ou des objets<\/p>\n<\/div><\/div><\/div><\/div><\/div><\/div><\/div><div class=\"et_pb_column_6 et_pb_column et_pb_column_single et_pb_column_1_2 et-last-child et_block_column et_pb_css_mix_blend_mode_passthrough\"><div class=\"et_pb_image_1 et_pb_image et_pb_module et_block_module\"><a href=\"https:\/\/new-site.parm.com\/wp-content\/uploads\/2023\/01\/Portfolio_Management_-_Timeline.jpg\" class=\"et_pb_lightbox_image\" alt=\"Gestion de portefeuille - Chronologie\"><span class=\"et_pb_image_wrap\"><img decoding=\"async\" src=\"https:\/\/new-site.parm.com\/wp-content\/uploads\/2023\/01\/Portfolio_Management_-_Timeline.jpg\" title=\"Gestion_de_portefeuille_-Chronologie\" alt=\"Gestion de portefeuille - Chronologie\" \/><\/span><\/a><\/div><\/div><\/div><\/div><div class=\"et_pb_section_3 et_pb_section et_section_specialty et_pb_gutters3 et_block_section\"><div class=\"et_pb_row et_block_row\"><div class=\"et_pb_column_7 et_pb_column et_pb_specialty_column et_pb_column_1_2 et_block_column et_pb_css_mix_blend_mode_passthrough\"><div class=\"et_pb_row_inner_2 et_pb_row_inner et_block_row\"><div class=\"et_pb_column_inner_2 et_pb_column_inner et_pb_column et_pb_column_4_4 et-last-child et_block_column et_pb_css_mix_blend_mode_passthrough\"><div class=\"et_pb_text_6 et_pb_text et_pb_bg_layout_light et_animated et_pb_module et_block_module preset--module--divi-text--default\"><div class=\"et_pb_text_inner\"><h2 style=\"text-align: left;\">\u00c9VALUER<\/h2>\n<\/div><\/div><div class=\"et_pb_text_7 et_pb_text et_pb_bg_layout_light et_animated et_pb_module et_block_module et_pb_text_align_center preset--module--divi-text--default\"><div class=\"et_pb_text_inner\"><p style=\"text-align: left;\">V\u00e9rifiez vos portefeuilles en termes de performance et de r\u00e9alisation des objectifs. Comparez les indicateurs op\u00e9rationnels et strat\u00e9giques dans de multiples dimensions.<\/p>\n<\/div><\/div><div class=\"et_pb_blurb_9 et_pb_blurb et_pb_bg_layout_light et_pb_text_align_center et_pb_blurb_position_left et_animated et_pb_module et_block_module\"><div class=\"et_pb_blurb_content\"><div class=\"et_pb_main_blurb_image\"><span class=\"et_pb_image_wrap\"><span class=\"et-pb-icon\">R<\/span><\/span><\/div><div class=\"et_pb_blurb_container\"><h4 class=\"et_pb_module_header\">Scoremaps d\u00e9finies par l'utilisateur<\/h4><div class=\"et_pb_blurb_description\"><p style=\"text-align: left;\">qualitative et quantitative<\/p>\n<\/div><\/div><\/div><\/div><div class=\"et_pb_blurb_10 et_pb_blurb et_pb_bg_layout_light et_pb_text_align_center et_pb_blurb_position_left et_animated et_pb_module et_block_module\"><div class=\"et_pb_blurb_content\"><div class=\"et_pb_main_blurb_image\"><span class=\"et_pb_image_wrap\"><span class=\"et-pb-icon\">R<\/span><\/span><\/div><div class=\"et_pb_blurb_container\"><h4 class=\"et_pb_module_header\">Affichage<\/h4><div class=\"et_pb_blurb_description\"><p style=\"text-align: left;\">librement configurable sur la base de la matrice BCG<\/p>\n<\/div><\/div><\/div><\/div><div class=\"et_pb_blurb_11 et_pb_blurb et_pb_bg_layout_light et_pb_blurb_position_left et_animated et_pb_module et_block_module\"><div class=\"et_pb_blurb_content\"><div class=\"et_pb_main_blurb_image\"><span class=\"et_pb_image_wrap\"><span class=\"et-pb-icon\">R<\/span><\/span><\/div><div class=\"et_pb_blurb_container\"><h4 class=\"et_pb_module_header\">Reporting<\/h4><\/div><\/div><\/div><div class=\"et_pb_blurb_12 et_pb_blurb et_pb_bg_layout_light et_pb_text_align_center et_pb_blurb_position_left et_animated et_pb_module et_block_module\"><div class=\"et_pb_blurb_content\"><div class=\"et_pb_main_blurb_image\"><span class=\"et_pb_image_wrap\"><span class=\"et-pb-icon\">R<\/span><\/span><\/div><div class=\"et_pb_blurb_container\"><h4 class=\"et_pb_module_header\">Exportation de donn\u00e9es<\/h4><div class=\"et_pb_blurb_description\"><p style=\"text-align: left;\">dans des formats courants tels que Excel, PPT, Word, PDF, XML, etc.<\/p>\n<\/div><\/div><\/div><\/div><div class=\"et_pb_blurb_13 et_pb_blurb et_pb_bg_layout_light et_pb_blurb_position_left et_animated et_pb_module et_block_module\"><div class=\"et_pb_blurb_content\"><div class=\"et_pb_main_blurb_image\"><span class=\"et_pb_image_wrap\"><span class=\"et-pb-icon\">R<\/span><\/span><\/div><div class=\"et_pb_blurb_container\"><h4 class=\"et_pb_module_header\">Interfaces standards<\/h4><div class=\"et_pb_blurb_description\"><p>pour l'importation de donn\u00e9es, par exemple \u00e0 partir de MS Project, Primavera, Excel, CSV, etc.<\/p>\n<\/div><\/div><\/div><\/div><\/div><\/div><\/div><div class=\"et_pb_column_8 et_pb_column et_pb_column_single et_pb_column_1_2 et-last-child et_block_column et_pb_css_mix_blend_mode_passthrough\"><div class=\"et_pb_image_2 et_pb_image et_animated et_pb_module et_block_module\"><a href=\"https:\/\/new-site.parm.com\/wp-content\/uploads\/2023\/01\/Portfolio_Management_-_Financial_Control.jpg\" class=\"et_pb_lightbox_image\" alt=\"Gestion de portefeuille - Contr\u00f4le financier\"><span class=\"et_pb_image_wrap\"><img decoding=\"async\" src=\"https:\/\/new-site.parm.com\/wp-content\/uploads\/2023\/01\/Portfolio_Management_-_Financial_Control.jpg\" title=\"Gestion_de_portefeuille_-_Contr\u00f4le_financier\" alt=\"Gestion de portefeuille - Contr\u00f4le financier\" \/><\/span><\/a><\/div><\/div><\/div><\/div><div class=\"et_pb_section_4 et_pb_section et_section_regular et_block_section\"><div class=\"et_pb_row_2 et_pb_row et_block_row\"><div class=\"et_pb_column_9 et_pb_column et_pb_column_4_4 et-last-child et_block_column et_pb_css_mix_blend_mode_passthrough\"><div class=\"et_pb_code_0 et_pb_code et_pb_module\"><div class=\"et_pb_code_inner\"><!-- Calendly Badge-Widget Beginn -->\n<link href=\"https:\/\/assets.calendly.com\/assets\/external\/widget.css\" rel=\"stylesheet\">\n<script src=\"https:\/\/assets.calendly.com\/assets\/external\/widget.js\" type=\"text\/javascript\"><\/script>\n<script type=\"text\/javascript\">Calendly.initBadgeWidget({ url: 'https:\/\/calendly.com\/d\/yzb-zym-xg9', text: 'Prenez rendez-vous', color: '#00a2ff', textColor: '#ffffff', branding: false });<\/script>\n<!-- Calendly Badge-Widget Ende -->\n<\/div><\/div><\/div><\/div><\/div>\n","protected":false},"excerpt":{"rendered":"<p>Assistez dans la planification de tous les projets et programmes de votre organisation gr\u00e2ce \u00e0 des fonctions d&rsquo;analyse, de simulation et de priorisation. Contr\u00f4lez et suivez votre portefeuille en se basant sur l&rsquo;\u00e9tat actuel.<\/p>\n","protected":false},"author":1,"featured_media":14458,"parent":16459,"menu_order":0,"comment_status":"closed","ping_status":"closed","template":"","meta":{"footnotes":""},"class_list":["post-16103","page","type-page","status-publish","has-post-thumbnail","hentry"],"yoast_head":"<!-- This site is optimized with the Yoast SEO plugin v27.5 - https:\/\/yoast.com\/product\/yoast-seo-wordpress\/ -->\n<title>Gestion de portefeuille avec le logiciel de gestion de projet myPARM<\/title>\n<meta name=\"description\" content=\"Planification et contr\u00f4le de tous les projets et programmes avec des fonctions d&#039;analyse, de simulation et de priorisation.\" \/>\n<meta name=\"robots\" content=\"index, follow, max-snippet:-1, max-image-preview:large, max-video-preview:-1\" \/>\n<link rel=\"canonical\" href=\"https:\/\/parm.com\/fr\/myparm\/gestion-de-portefeuille\/\" \/>\n<meta property=\"og:locale\" content=\"fr_FR\" \/>\n<meta property=\"og:type\" content=\"article\" \/>\n<meta property=\"og:title\" content=\"Gestion de portefeuille avec le logiciel de gestion de projet myPARM\" \/>\n<meta property=\"og:description\" content=\"Assistez dans la planification de tous les projets et programmes de votre organisation gr\u00e2ce \u00e0 des fonctions d&#039;analyse, de simulation et de priorisation. Contr\u00f4lez et suivez votre portefeuille en se basant sur l&#039;\u00e9tat actuel.\" \/>\n<meta property=\"og:url\" content=\"https:\/\/parm.com\/fr\/myparm\/gestion-de-portefeuille\/\" \/>\n<meta property=\"og:site_name\" content=\"Parm AG\" \/>\n<meta property=\"article:publisher\" content=\"https:\/\/www.facebook.com\/myparm\" \/>\n<meta property=\"article:modified_time\" content=\"2026-03-02T15:17:15+00:00\" \/>\n<meta property=\"og:image\" content=\"https:\/\/parm.com\/wp-content\/uploads\/2022\/08\/Header_Controlling-1024x474.png\" \/>\n<meta name=\"twitter:card\" content=\"summary_large_image\" \/>\n<meta name=\"twitter:title\" content=\"Gestion de portefeuille avec le logiciel de gestion de projet myPARM\" \/>\n<meta name=\"twitter:description\" content=\"Assistez dans la planification de tous les projets et programmes de votre organisation gr\u00e2ce \u00e0 des fonctions d&#039;analyse, de simulation et de priorisation. Contr\u00f4lez et suivez votre portefeuille en se basant sur l&#039;\u00e9tat actuel.\" \/>\n<meta name=\"twitter:image\" content=\"https:\/\/parm.com\/wp-content\/uploads\/2022\/08\/Header_Controlling-1024x474.png\" \/>\n<script type=\"application\/ld+json\" class=\"yoast-schema-graph\">{\"@context\":\"https:\\\/\\\/schema.org\",\"@graph\":[{\"@type\":\"WebPage\",\"@id\":\"https:\\\/\\\/parm.com\\\/fr\\\/myparm\\\/gestion-de-portefeuille\\\/\",\"url\":\"https:\\\/\\\/parm.com\\\/fr\\\/myparm\\\/gestion-de-portefeuille\\\/\",\"name\":\"Gestion de portefeuille avec le logiciel de gestion de projet myPARM\",\"isPartOf\":{\"@id\":\"https:\\\/\\\/parm.com\\\/fr\\\/#website\"},\"primaryImageOfPage\":{\"@id\":\"https:\\\/\\\/parm.com\\\/fr\\\/myparm\\\/gestion-de-portefeuille\\\/#primaryimage\"},\"image\":{\"@id\":\"https:\\\/\\\/parm.com\\\/fr\\\/myparm\\\/gestion-de-portefeuille\\\/#primaryimage\"},\"thumbnailUrl\":\"https:\\\/\\\/parm.com\\\/wp-content\\\/uploads\\\/2022\\\/08\\\/Header_Portfoliomanagement.png\",\"datePublished\":\"2023-02-24T12:16:35+00:00\",\"dateModified\":\"2026-03-02T15:17:15+00:00\",\"description\":\"Planification et contr\u00f4le de tous les projets et programmes avec des fonctions d'analyse, de simulation et de priorisation.\",\"breadcrumb\":{\"@id\":\"https:\\\/\\\/parm.com\\\/fr\\\/myparm\\\/gestion-de-portefeuille\\\/#breadcrumb\"},\"inLanguage\":\"fr-FR\",\"potentialAction\":[{\"@type\":\"ReadAction\",\"target\":[\"https:\\\/\\\/parm.com\\\/fr\\\/myparm\\\/gestion-de-portefeuille\\\/\"]}]},{\"@type\":\"ImageObject\",\"inLanguage\":\"fr-FR\",\"@id\":\"https:\\\/\\\/parm.com\\\/fr\\\/myparm\\\/gestion-de-portefeuille\\\/#primaryimage\",\"url\":\"https:\\\/\\\/parm.com\\\/wp-content\\\/uploads\\\/2022\\\/08\\\/Header_Portfoliomanagement.png\",\"contentUrl\":\"https:\\\/\\\/parm.com\\\/wp-content\\\/uploads\\\/2022\\\/08\\\/Header_Portfoliomanagement.png\",\"width\":1080,\"height\":500,\"caption\":\"Header Gestion de portefeuille\"},{\"@type\":\"BreadcrumbList\",\"@id\":\"https:\\\/\\\/parm.com\\\/fr\\\/myparm\\\/gestion-de-portefeuille\\\/#breadcrumb\",\"itemListElement\":[{\"@type\":\"ListItem\",\"position\":1,\"name\":\"Startseite\",\"item\":\"https:\\\/\\\/parm.com\\\/fr\\\/\"},{\"@type\":\"ListItem\",\"position\":2,\"name\":\"Gestion de projet\",\"item\":\"https:\\\/\\\/parm.com\\\/fr\\\/myparm\\\/\"},{\"@type\":\"ListItem\",\"position\":3,\"name\":\"Gestion de portefeuille\"}]},{\"@type\":\"WebSite\",\"@id\":\"https:\\\/\\\/parm.com\\\/fr\\\/#website\",\"url\":\"https:\\\/\\\/parm.com\\\/fr\\\/\",\"name\":\"Parm AG\",\"description\":\"Successful projects. Swiss quality. Software f\u00fcr Projektmanagement\",\"publisher\":{\"@id\":\"https:\\\/\\\/parm.com\\\/fr\\\/#organization\"},\"alternateName\":\"Parm\",\"potentialAction\":[{\"@type\":\"SearchAction\",\"target\":{\"@type\":\"EntryPoint\",\"urlTemplate\":\"https:\\\/\\\/parm.com\\\/fr\\\/?s={search_term_string}\"},\"query-input\":{\"@type\":\"PropertyValueSpecification\",\"valueRequired\":true,\"valueName\":\"search_term_string\"}}],\"inLanguage\":\"fr-FR\"},{\"@type\":\"Organization\",\"@id\":\"https:\\\/\\\/parm.com\\\/fr\\\/#organization\",\"name\":\"Parm AG\",\"alternateName\":\"Parm\",\"url\":\"https:\\\/\\\/parm.com\\\/fr\\\/\",\"logo\":{\"@type\":\"ImageObject\",\"inLanguage\":\"fr-FR\",\"@id\":\"https:\\\/\\\/parm.com\\\/fr\\\/#\\\/schema\\\/logo\\\/image\\\/\",\"url\":\"https:\\\/\\\/parm.com\\\/wp-content\\\/uploads\\\/2021\\\/11\\\/Parm_Logo_blue_RGB.png\",\"contentUrl\":\"https:\\\/\\\/parm.com\\\/wp-content\\\/uploads\\\/2021\\\/11\\\/Parm_Logo_blue_RGB.png\",\"width\":908,\"height\":228,\"caption\":\"Parm AG\"},\"image\":{\"@id\":\"https:\\\/\\\/parm.com\\\/fr\\\/#\\\/schema\\\/logo\\\/image\\\/\"},\"sameAs\":[\"https:\\\/\\\/www.facebook.com\\\/myparm\",\"https:\\\/\\\/www.linkedin.com\\\/company\\\/parm-ag\",\"https:\\\/\\\/www.xing.com\\\/pages\\\/parmag\"]}]}<\/script>\n<!-- \/ Yoast SEO plugin. -->","yoast_head_json":{"title":"Gestion de portefeuille avec le logiciel de gestion de projet myPARM","description":"Planification et contr\u00f4le de tous les projets et programmes avec des fonctions d'analyse, de simulation et de priorisation.","robots":{"index":"index","follow":"follow","max-snippet":"max-snippet:-1","max-image-preview":"max-image-preview:large","max-video-preview":"max-video-preview:-1"},"canonical":"https:\/\/parm.com\/fr\/myparm\/gestion-de-portefeuille\/","og_locale":"fr_FR","og_type":"article","og_title":"Gestion de portefeuille avec le logiciel de gestion de projet myPARM","og_description":"Assistez dans la planification de tous les projets et programmes de votre organisation gr\u00e2ce \u00e0 des fonctions d'analyse, de simulation et de priorisation. Contr\u00f4lez et suivez votre portefeuille en se basant sur l'\u00e9tat actuel.","og_url":"https:\/\/parm.com\/fr\/myparm\/gestion-de-portefeuille\/","og_site_name":"Parm AG","article_publisher":"https:\/\/www.facebook.com\/myparm","article_modified_time":"2026-03-02T15:17:15+00:00","og_image":[{"url":"https:\/\/parm.com\/wp-content\/uploads\/2022\/08\/Header_Controlling-1024x474.png","type":"","width":"","height":""}],"twitter_card":"summary_large_image","twitter_title":"Gestion de portefeuille avec le logiciel de gestion de projet myPARM","twitter_description":"Assistez dans la planification de tous les projets et programmes de votre organisation gr\u00e2ce \u00e0 des fonctions d'analyse, de simulation et de priorisation. Contr\u00f4lez et suivez votre portefeuille en se basant sur l'\u00e9tat actuel.","twitter_image":"https:\/\/parm.com\/wp-content\/uploads\/2022\/08\/Header_Controlling-1024x474.png","schema":{"@context":"https:\/\/schema.org","@graph":[{"@type":"WebPage","@id":"https:\/\/parm.com\/fr\/myparm\/gestion-de-portefeuille\/","url":"https:\/\/parm.com\/fr\/myparm\/gestion-de-portefeuille\/","name":"Gestion de portefeuille avec le logiciel de gestion de projet myPARM","isPartOf":{"@id":"https:\/\/parm.com\/fr\/#website"},"primaryImageOfPage":{"@id":"https:\/\/parm.com\/fr\/myparm\/gestion-de-portefeuille\/#primaryimage"},"image":{"@id":"https:\/\/parm.com\/fr\/myparm\/gestion-de-portefeuille\/#primaryimage"},"thumbnailUrl":"https:\/\/parm.com\/wp-content\/uploads\/2022\/08\/Header_Portfoliomanagement.png","datePublished":"2023-02-24T12:16:35+00:00","dateModified":"2026-03-02T15:17:15+00:00","description":"Planification et contr\u00f4le de tous les projets et programmes avec des fonctions d'analyse, de simulation et de priorisation.","breadcrumb":{"@id":"https:\/\/parm.com\/fr\/myparm\/gestion-de-portefeuille\/#breadcrumb"},"inLanguage":"fr-FR","potentialAction":[{"@type":"ReadAction","target":["https:\/\/parm.com\/fr\/myparm\/gestion-de-portefeuille\/"]}]},{"@type":"ImageObject","inLanguage":"fr-FR","@id":"https:\/\/parm.com\/fr\/myparm\/gestion-de-portefeuille\/#primaryimage","url":"https:\/\/parm.com\/wp-content\/uploads\/2022\/08\/Header_Portfoliomanagement.png","contentUrl":"https:\/\/parm.com\/wp-content\/uploads\/2022\/08\/Header_Portfoliomanagement.png","width":1080,"height":500,"caption":"Header Gestion de portefeuille"},{"@type":"BreadcrumbList","@id":"https:\/\/parm.com\/fr\/myparm\/gestion-de-portefeuille\/#breadcrumb","itemListElement":[{"@type":"ListItem","position":1,"name":"Startseite","item":"https:\/\/parm.com\/fr\/"},{"@type":"ListItem","position":2,"name":"Gestion de projet","item":"https:\/\/parm.com\/fr\/myparm\/"},{"@type":"ListItem","position":3,"name":"Gestion de portefeuille"}]},{"@type":"WebSite","@id":"https:\/\/parm.com\/fr\/#website","url":"https:\/\/parm.com\/fr\/","name":"Parm AG","description":"Successful projects. Swiss quality. Software f\u00fcr Projektmanagement","publisher":{"@id":"https:\/\/parm.com\/fr\/#organization"},"alternateName":"Parm","potentialAction":[{"@type":"SearchAction","target":{"@type":"EntryPoint","urlTemplate":"https:\/\/parm.com\/fr\/?s={search_term_string}"},"query-input":{"@type":"PropertyValueSpecification","valueRequired":true,"valueName":"search_term_string"}}],"inLanguage":"fr-FR"},{"@type":"Organization","@id":"https:\/\/parm.com\/fr\/#organization","name":"Parm AG","alternateName":"Parm","url":"https:\/\/parm.com\/fr\/","logo":{"@type":"ImageObject","inLanguage":"fr-FR","@id":"https:\/\/parm.com\/fr\/#\/schema\/logo\/image\/","url":"https:\/\/parm.com\/wp-content\/uploads\/2021\/11\/Parm_Logo_blue_RGB.png","contentUrl":"https:\/\/parm.com\/wp-content\/uploads\/2021\/11\/Parm_Logo_blue_RGB.png","width":908,"height":228,"caption":"Parm AG"},"image":{"@id":"https:\/\/parm.com\/fr\/#\/schema\/logo\/image\/"},"sameAs":["https:\/\/www.facebook.com\/myparm","https:\/\/www.linkedin.com\/company\/parm-ag","https:\/\/www.xing.com\/pages\/parmag"]}]}},"_links":{"self":[{"href":"https:\/\/parm.com\/fr\/wp-json\/wp\/v2\/pages\/16103","targetHints":{"allow":["GET"]}}],"collection":[{"href":"https:\/\/parm.com\/fr\/wp-json\/wp\/v2\/pages"}],"about":[{"href":"https:\/\/parm.com\/fr\/wp-json\/wp\/v2\/types\/page"}],"author":[{"embeddable":true,"href":"https:\/\/parm.com\/fr\/wp-json\/wp\/v2\/users\/1"}],"replies":[{"embeddable":true,"href":"https:\/\/parm.com\/fr\/wp-json\/wp\/v2\/comments?post=16103"}],"version-history":[{"count":1,"href":"https:\/\/parm.com\/fr\/wp-json\/wp\/v2\/pages\/16103\/revisions"}],"predecessor-version":[{"id":246086,"href":"https:\/\/parm.com\/fr\/wp-json\/wp\/v2\/pages\/16103\/revisions\/246086"}],"up":[{"embeddable":true,"href":"https:\/\/parm.com\/fr\/wp-json\/wp\/v2\/pages\/16459"}],"wp:featuredmedia":[{"embeddable":true,"href":"https:\/\/parm.com\/fr\/wp-json\/wp\/v2\/media\/14458"}],"wp:attachment":[{"href":"https:\/\/parm.com\/fr\/wp-json\/wp\/v2\/media?parent=16103"}],"curies":[{"name":"wp","href":"https:\/\/api.w.org\/{rel}","templated":true}]}}