{"id":9729,"date":"2022-08-19T10:05:25","date_gmt":"2022-08-19T08:05:25","guid":{"rendered":"https:\/\/parm.com\/?page_id=9729"},"modified":"2026-03-02T16:16:57","modified_gmt":"2026-03-02T15:16:57","slug":"tehtavien-hallinta","status":"publish","type":"page","link":"https:\/\/parm.com\/fi\/myparm\/tehtavien-hallinta\/","title":{"rendered":"Teht\u00e4vien hallinta"},"content":{"rendered":"\n<div class=\"et_pb_section_0 et_pb_section et_section_regular et_block_section et_animated\"><div class=\"et_pb_row_0 et_pb_row et_block_row\"><div class=\"et_pb_column_0 et_pb_column et_pb_column_4_4 et-last-child et_block_column et_pb_css_mix_blend_mode_passthrough\"><div class=\"et_pb_text_0 et_pb_text et_pb_bg_layout_light et_pb_module et_block_module preset--module--divi-text--default\"><div class=\"et_pb_text_inner\" data-et-mv-hidden-tablet=\"true\"><h1 style=\"text-align: left;\"><strong>Suunnittele ja suorita teht\u00e4v\u00e4t tehokkaasti<br \/><span style=\"color: #c01e2b;\">Hallitse tiedonkulkua<\/span><\/strong><\/h1>\n<\/div><\/div><\/div><\/div><div class=\"et_pb_row_1 et_pb_row et_block_row\"><div class=\"et_pb_column_1 et_pb_column et_pb_column_3_5 et_block_column et_pb_css_mix_blend_mode_passthrough\"><div class=\"et_pb_text_1 et_pb_text et_pb_bg_layout_light et_pb_module et_block_module preset--module--divi-text--default\"><div class=\"et_pb_text_inner\"><h2>Teht\u00e4vien hallinta<\/h2>\n<\/div><\/div><div class=\"et_pb_blurb_0 et_pb_blurb et_pb_bg_layout_light et_pb_blurb_position_left et_pb_module et_block_module\"><div class=\"et_pb_blurb_content\"><div class=\"et_pb_main_blurb_image\"><span class=\"et_pb_image_wrap\"><span class=\"et-pb-icon\">R<\/span><\/span><\/div><div class=\"et_pb_blurb_container\"><div class=\"et_pb_blurb_description\"><p><strong>Optimoi tiedon ja teht\u00e4vien kulku<\/strong><\/p>\n<\/div><\/div><\/div><\/div><div class=\"et_pb_blurb_1 et_pb_blurb et_pb_bg_layout_light et_pb_blurb_position_left et_pb_module et_block_module\"><div class=\"et_pb_blurb_content\"><div class=\"et_pb_main_blurb_image\"><span class=\"et_pb_image_wrap\"><span class=\"et-pb-icon\">R<\/span><\/span><\/div><div class=\"et_pb_blurb_container\"><div class=\"et_pb_blurb_description\"><p><strong>Suunnittele, tarkkaile, priorisoi, seuraa teht\u00e4vi\u00e4<\/strong><\/p>\n<\/div><\/div><\/div><\/div><div class=\"et_pb_blurb_2 et_pb_blurb et_pb_bg_layout_light et_pb_blurb_position_left et_pb_module et_block_module\"><div class=\"et_pb_blurb_content\"><div class=\"et_pb_main_blurb_image\"><span class=\"et_pb_image_wrap\"><span class=\"et-pb-icon\">R<\/span><\/span><\/div><div class=\"et_pb_blurb_container\"><div class=\"et_pb_blurb_description\"><p><strong>M\u00e4\u00e4rit\u00e4 vastuualueet<br \/><\/strong><\/p>\n<\/div><\/div><\/div><\/div><\/div><div class=\"et_pb_column_2 et_pb_column et_pb_column_2_5 et-last-child et_block_column et_pb_column_empty et_pb_css_mix_blend_mode_passthrough\"><\/div><\/div><\/div><div class=\"et_pb_section_1 et_pb_section et_section_specialty et_pb_gutters3 et_block_section\"><div class=\"et_pb_row et_block_row\"><div class=\"et_pb_column_3 et_pb_column et_pb_specialty_column et_pb_column_1_2 et_block_column et_pb_css_mix_blend_mode_passthrough\"><div class=\"et_pb_row_inner_0 et_pb_row_inner et_block_row\"><div class=\"et_pb_column_inner_0 et_pb_column_inner et_pb_column et_pb_column_4_4 et-last-child et_block_column et_pb_css_mix_blend_mode_passthrough\"><div class=\"et_pb_text_2 et_pb_text et_pb_bg_layout_light et_animated et_pb_module et_block_module preset--module--divi-text--default\"><div class=\"et_pb_text_inner\"><h2 style=\"text-align: left;\">SUUNNITTELE<\/h2>\n<\/div><\/div><div class=\"et_pb_text_3 et_pb_text et_pb_bg_layout_light et_animated et_pb_module et_block_module et_pb_text_align_center preset--module--divi-text--default\"><div class=\"et_pb_text_inner\"><p style=\"text-align: left;\">Suunnittele teht\u00e4v\u00e4t tehokkaasti, selke\u00e4sti ja ymm\u00e4rrett\u00e4v\u00e4sti \u2013 ja t\u00e4ll\u00e4 tavalla optimoi tiedonkulku johdon, johtajien ja ty\u00f6ntekij\u00f6iden v\u00e4lill\u00e4 p\u00e4ivitt\u00e4isess\u00e4 liiketoiminnassa.<\/p>\n<\/div><\/div><div class=\"et_pb_blurb_3 et_pb_blurb et_pb_bg_layout_light et_pb_blurb_position_left et_animated et_pb_module et_block_module\"><div class=\"et_pb_blurb_content\"><div class=\"et_pb_main_blurb_image\"><span class=\"et_pb_image_wrap\"><span class=\"et-pb-icon\">R<\/span><\/span><\/div><div class=\"et_pb_blurb_container\"><h4 class=\"et_pb_module_header\">Tallenna, kuvaile ja ajoita teht\u00e4vi\u00e4<\/h4><\/div><\/div><\/div><div class=\"et_pb_blurb_4 et_pb_blurb et_pb_bg_layout_light et_pb_text_align_center et_pb_blurb_position_left et_animated et_pb_module et_block_module\"><div class=\"et_pb_blurb_content\"><div class=\"et_pb_main_blurb_image\"><span class=\"et_pb_image_wrap\"><span class=\"et-pb-icon\">R<\/span><\/span><\/div><div class=\"et_pb_blurb_container\"><h4 class=\"et_pb_module_header\">Yhdist\u00e4 teht\u00e4vi\u00e4<\/h4><div class=\"et_pb_blurb_description\"><p style=\"text-align: left;\">projektien tai muiden esineiden kanssa, esim. prosessit, ohjelmat, riskit, mahdollisuudet<\/p>\n<\/div><\/div><\/div><\/div><div class=\"et_pb_blurb_5 et_pb_blurb et_pb_bg_layout_light et_pb_text_align_center et_pb_blurb_position_left et_animated et_pb_module et_block_module\"><div class=\"et_pb_blurb_content\"><div class=\"et_pb_main_blurb_image\"><span class=\"et_pb_image_wrap\"><span class=\"et-pb-icon\">R<\/span><\/span><\/div><div class=\"et_pb_blurb_container\"><h4 class=\"et_pb_module_header\">M\u00e4\u00e4rit\u00e4 teht\u00e4v\u00e4paketit<\/h4><\/div><\/div><\/div><\/div><\/div><\/div><div class=\"et_pb_column_4 et_pb_column et_pb_column_single et_pb_column_1_2 et-last-child et_block_column et_pb_css_mix_blend_mode_passthrough\"><div class=\"et_pb_image_0 et_pb_image et_animated et_pb_module et_block_module\"><a href=\"https:\/\/new-site.parm.com\/wp-content\/uploads\/2022\/03\/Aufgabenmanagement-PC-mit-Eingabemaske.jpg\" class=\"et_pb_lightbox_image\" alt=\"Teht\u00e4vien hallinta myPARMissa\"><span class=\"et_pb_image_wrap\"><img decoding=\"async\" src=\"https:\/\/new-site.parm.com\/wp-content\/uploads\/2022\/03\/Aufgabenmanagement-PC-mit-Eingabemaske.jpg\" title=\"Teht\u00e4vien hallinta PC, jossa on sy\u00f6tt\u00f6maski\" alt=\"Teht\u00e4vien hallinta myPARMissa\" \/><\/span><\/a><\/div><\/div><\/div><\/div><div class=\"et_pb_section_2 et_pb_section et_section_specialty et_pb_gutters3 et_block_section\"><div class=\"et_pb_row et_block_row\"><div class=\"et_pb_column_5 et_pb_column et_pb_specialty_column et_pb_column_1_2 et_block_column et_pb_css_mix_blend_mode_passthrough\"><div class=\"et_pb_row_inner_1 et_pb_row_inner et_block_row\"><div class=\"et_pb_column_inner_1 et_pb_column_inner et_pb_column et_pb_column_4_4 et-last-child et_block_column et_pb_css_mix_blend_mode_passthrough\"><div class=\"et_pb_text_4 et_pb_text et_pb_bg_layout_light et_animated et_pb_module et_block_module preset--module--divi-text--default\"><div class=\"et_pb_text_inner\"><h2 style=\"text-align: left;\">SUORITA + OHJAA<\/h2>\n<\/div><\/div><div class=\"et_pb_text_5 et_pb_text et_pb_bg_layout_light et_animated et_pb_module et_block_module et_pb_text_align_center preset--module--divi-text--default\"><div class=\"et_pb_text_inner\"><p style=\"text-align: left;\">Esimiehen\u00e4 seuraat teht\u00e4vien tilaa ja reagoit muuttuviin tilanteisiin. Ty\u00f6ntekij\u00e4n\u00e4 raportoit teht\u00e4v\u00e4n edistymisest\u00e4 tai valmistumisesta.<\/p>\n<\/div><\/div><div class=\"et_pb_blurb_6 et_pb_blurb et_pb_bg_layout_light et_pb_text_align_center et_pb_blurb_position_left et_animated et_pb_module et_block_module\"><div class=\"et_pb_blurb_content\"><div class=\"et_pb_main_blurb_image\"><span class=\"et_pb_image_wrap\"><span class=\"et-pb-icon\">R<\/span><\/span><\/div><div class=\"et_pb_blurb_container\"><h4 class=\"et_pb_module_header\">Priorisoit teht\u00e4v\u00e4t<\/h4><\/div><\/div><\/div><div class=\"et_pb_blurb_7 et_pb_blurb et_pb_bg_layout_light et_pb_text_align_center et_pb_blurb_position_left et_animated et_pb_module et_block_module\"><div class=\"et_pb_blurb_content\"><div class=\"et_pb_main_blurb_image\"><span class=\"et_pb_image_wrap\"><span class=\"et-pb-icon\">R<\/span><\/span><\/div><div class=\"et_pb_blurb_container\"><h4 class=\"et_pb_module_header\">M\u00e4\u00e4rit\u00e4 vastuita<\/h4><\/div><\/div><\/div><div class=\"et_pb_blurb_8 et_pb_blurb et_pb_bg_layout_light et_pb_text_align_center et_pb_blurb_position_left et_animated et_pb_module et_block_module\"><div class=\"et_pb_blurb_content\"><div class=\"et_pb_main_blurb_image\"><span class=\"et_pb_image_wrap\"><span class=\"et-pb-icon\">R<\/span><\/span><\/div><div class=\"et_pb_blurb_container\"><h4 class=\"et_pb_module_header\">Luo to-do \u2011listoja<\/h4><\/div><\/div><\/div><div class=\"et_pb_blurb_9 et_pb_blurb et_pb_bg_layout_light et_pb_text_align_center et_pb_blurb_position_left et_animated et_pb_module et_block_module\"><div class=\"et_pb_blurb_content\"><div class=\"et_pb_main_blurb_image\"><span class=\"et_pb_image_wrap\"><span class=\"et-pb-icon\">R<\/span><\/span><\/div><div class=\"et_pb_blurb_container\"><h4 class=\"et_pb_module_header\">Raportoi edistymisest\u00e4<\/h4><\/div><\/div><\/div><div class=\"et_pb_blurb_10 et_pb_blurb et_pb_bg_layout_light et_pb_text_align_center et_pb_blurb_position_left et_animated et_pb_module et_block_module\"><div class=\"et_pb_blurb_content\"><div class=\"et_pb_main_blurb_image\"><span class=\"et_pb_image_wrap\"><span class=\"et-pb-icon\">R<\/span><\/span><\/div><div class=\"et_pb_blurb_container\"><h4 class=\"et_pb_module_header\">S\u00e4ilyt\u00e4 asiakirjoja<\/h4><\/div><\/div><\/div><\/div><\/div><\/div><div class=\"et_pb_column_6 et_pb_column et_pb_column_single et_pb_column_1_2 et-last-child et_block_column et_pb_css_mix_blend_mode_passthrough\"><div class=\"et_pb_image_1 et_pb_image et_animated et_pb_module et_block_module\"><a href=\"https:\/\/new-site.parm.com\/wp-content\/uploads\/2023\/01\/Aufgabenuebersicht_Dashboard.png\" class=\"et_pb_lightbox_image\" alt=\"Dashboard Aufgaben\u00fcbersicht\"><span class=\"et_pb_image_wrap\"><img decoding=\"async\" src=\"https:\/\/new-site.parm.com\/wp-content\/uploads\/2023\/01\/Aufgabenuebersicht_Dashboard.png\" title=\"Aufgaben\u00fcbersicht_Dashboard\" alt=\"Dashboard Aufgaben\u00fcbersicht\" \/><\/span><\/a><\/div><\/div><\/div><\/div><div class=\"et_pb_section_3 et_pb_section et_section_specialty et_pb_gutters3 et_block_section\"><div class=\"et_pb_row et_block_row\"><div class=\"et_pb_column_7 et_pb_column et_pb_specialty_column et_pb_column_1_2 et_block_column et_pb_css_mix_blend_mode_passthrough\"><div class=\"et_pb_row_inner_2 et_pb_row_inner et_block_row\"><div class=\"et_pb_column_inner_2 et_pb_column_inner et_pb_column et_pb_column_4_4 et-last-child et_block_column et_pb_css_mix_blend_mode_passthrough\"><div class=\"et_pb_text_6 et_pb_text et_pb_bg_layout_light et_animated et_pb_module et_block_module preset--module--divi-text--default\"><div class=\"et_pb_text_inner\"><h2 style=\"text-align: left;\">ARVIOI<\/h2>\n<\/div><\/div><div class=\"et_pb_text_7 et_pb_text et_pb_bg_layout_light et_animated et_pb_module et_block_module et_pb_text_align_center preset--module--divi-text--default\"><div class=\"et_pb_text_inner\"><p style=\"text-align: left;\">Pid\u00e4 aina silm\u00e4ll\u00e4 teht\u00e4viesi nykyist\u00e4 tilaa. Tunnista poikkeamat suunnitelmasta ja reagoi niihin v\u00e4litt\u00f6m\u00e4sti. Saat yleiskatsauksen kaikista teht\u00e4vist\u00e4 selkeill\u00e4 Kanban-tauluilla, raporteilla ja ohjaamoilla.<\/p>\n<\/div><\/div><div class=\"et_pb_blurb_11 et_pb_blurb et_pb_bg_layout_light et_pb_text_align_center et_pb_blurb_position_left et_animated et_pb_module et_block_module\"><div class=\"et_pb_blurb_content\"><div class=\"et_pb_main_blurb_image\"><span class=\"et_pb_image_wrap\"><span class=\"et-pb-icon\">R<\/span><\/span><\/div><div class=\"et_pb_blurb_container\"><h4 class=\"et_pb_module_header\">Arvioinnit<\/h4><div class=\"et_pb_blurb_description\"><p style=\"text-align: left;\">Kanbanin tauluissa, raporteissa ja ohjaamoissa<\/p>\n<\/div><\/div><\/div><\/div><\/div><\/div><\/div><div class=\"et_pb_column_8 et_pb_column et_pb_column_single et_pb_column_1_2 et-last-child et_block_column et_pb_css_mix_blend_mode_passthrough\"><div class=\"et_pb_image_2 et_pb_image et_animated et_pb_module et_block_module\"><a href=\"https:\/\/new-site.parm.com\/wp-content\/uploads\/2022\/08\/Kanban-EN-1.jpg\" class=\"et_pb_lightbox_image\" alt=\"Teht\u00e4vien yleiskatsaus myPARM-hankkeenhallintaohjelmistossa\"><span class=\"et_pb_image_wrap\"><img decoding=\"async\" src=\"https:\/\/new-site.parm.com\/wp-content\/uploads\/2022\/08\/Kanban-EN-1.jpg\" title=\"Kanban DE\" alt=\"Teht\u00e4vien yleiskatsaus myPARM-hankkeenhallintaohjelmistossa\" \/><\/span><\/a><\/div><\/div><\/div><\/div><div class=\"et_pb_section_4 et_pb_section et_section_regular et_block_section\"><div class=\"et_pb_row_2 et_pb_row et_block_row\"><div class=\"et_pb_column_9 et_pb_column et_pb_column_4_4 et-last-child et_block_column et_pb_css_mix_blend_mode_passthrough\"><div class=\"et_pb_code_0 et_pb_code et_pb_module\"><div class=\"et_pb_code_inner\"><!-- Calendly Badge-Widget Beginn -->\n<link href=\"https:\/\/assets.calendly.com\/assets\/external\/widget.css\" rel=\"stylesheet\">\n<script src=\"https:\/\/assets.calendly.com\/assets\/external\/widget.js\" type=\"text\/javascript\"><\/script>\n<script type=\"text\/javascript\">Calendly.initBadgeWidget({ url: 'https:\/\/calendly.com\/d\/ymv-ffv-cqx', text: 'Termin vereinbaren', color: '#00a2ff', textColor: '#ffffff', branding: false });<\/script>\n<!-- Calendly Badge-Widget Ende -->\n<\/div><\/div><\/div><\/div><\/div>\n","protected":false},"excerpt":{"rendered":"<p>Optimoi tiedon ja teht\u00e4vien kulkua johdon, johtajien ja ty\u00f6ntekij\u00f6iden v\u00e4lill\u00e4 p\u00e4ivitt\u00e4isess\u00e4 liiketoiminnassa.<\/p>\n","protected":false},"author":1,"featured_media":9481,"parent":9450,"menu_order":0,"comment_status":"closed","ping_status":"closed","template":"","meta":{"footnotes":""},"class_list":["post-9729","page","type-page","status-publish","has-post-thumbnail","hentry"],"yoast_head":"<!-- This site is optimized with the Yoast SEO plugin v27.5 - https:\/\/yoast.com\/product\/yoast-seo-wordpress\/ -->\n<title>Teht\u00e4vien hallinta projektinhallintaohjelmistolla myPARM<\/title>\n<meta name=\"description\" content=\"Optimoi tiedon ja teht\u00e4vien kulkua johdon, johtajien ja ty\u00f6ntekij\u00f6iden v\u00e4lill\u00e4 p\u00e4ivitt\u00e4isess\u00e4 liiketoiminnassa.\" \/>\n<meta name=\"robots\" content=\"index, follow, max-snippet:-1, max-image-preview:large, max-video-preview:-1\" \/>\n<link rel=\"canonical\" href=\"https:\/\/parm.com\/fi\/myparm\/tehtavien-hallinta\/\" \/>\n<meta property=\"og:locale\" content=\"fi_FI\" \/>\n<meta property=\"og:type\" content=\"article\" \/>\n<meta property=\"og:title\" content=\"Teht\u00e4vien hallinta projektinhallintaohjelmistolla myPARM\" \/>\n<meta property=\"og:description\" content=\"Optimoi tiedon ja teht\u00e4vien kulkua johdon, johtajien ja ty\u00f6ntekij\u00f6iden v\u00e4lill\u00e4 p\u00e4ivitt\u00e4isess\u00e4 liiketoiminnassa.\" \/>\n<meta property=\"og:url\" content=\"https:\/\/parm.com\/fi\/myparm\/tehtavien-hallinta\/\" \/>\n<meta property=\"og:site_name\" content=\"Parm AG\" \/>\n<meta property=\"article:publisher\" content=\"https:\/\/www.facebook.com\/myparm\" \/>\n<meta property=\"article:modified_time\" content=\"2026-03-02T15:16:57+00:00\" \/>\n<meta property=\"og:image\" content=\"https:\/\/parm.com\/wp-content\/uploads\/2022\/08\/Header_Aufgabenmanagement.png\" \/>\n\t<meta property=\"og:image:width\" content=\"1080\" \/>\n\t<meta property=\"og:image:height\" content=\"500\" \/>\n\t<meta property=\"og:image:type\" content=\"image\/png\" \/>\n<meta name=\"twitter:card\" content=\"summary_large_image\" \/>\n<meta name=\"twitter:title\" content=\"Teht\u00e4vien hallinta projektinhallintaohjelmistolla myPARM\" \/>\n<meta name=\"twitter:description\" content=\"Optimoi tiedon ja teht\u00e4vien kulkua johdon, johtajien ja ty\u00f6ntekij\u00f6iden v\u00e4lill\u00e4 p\u00e4ivitt\u00e4isess\u00e4 liiketoiminnassa.\" \/>\n<meta name=\"twitter:image\" content=\"https:\/\/parm.com\/wp-content\/uploads\/2022\/08\/Header_Aufgabenmanagement.png\" \/>\n<script type=\"application\/ld+json\" class=\"yoast-schema-graph\">{\"@context\":\"https:\\\/\\\/schema.org\",\"@graph\":[{\"@type\":\"WebPage\",\"@id\":\"https:\\\/\\\/parm.com\\\/fi\\\/myparm\\\/tehtavien-hallinta\\\/\",\"url\":\"https:\\\/\\\/parm.com\\\/fi\\\/myparm\\\/tehtavien-hallinta\\\/\",\"name\":\"Teht\u00e4vien hallinta projektinhallintaohjelmistolla myPARM\",\"isPartOf\":{\"@id\":\"https:\\\/\\\/parm.com\\\/fi\\\/#website\"},\"primaryImageOfPage\":{\"@id\":\"https:\\\/\\\/parm.com\\\/fi\\\/myparm\\\/tehtavien-hallinta\\\/#primaryimage\"},\"image\":{\"@id\":\"https:\\\/\\\/parm.com\\\/fi\\\/myparm\\\/tehtavien-hallinta\\\/#primaryimage\"},\"thumbnailUrl\":\"https:\\\/\\\/parm.com\\\/wp-content\\\/uploads\\\/2022\\\/08\\\/Header_Aufgabenmanagement.png\",\"datePublished\":\"2022-08-19T08:05:25+00:00\",\"dateModified\":\"2026-03-02T15:16:57+00:00\",\"description\":\"Optimoi tiedon ja teht\u00e4vien kulkua johdon, johtajien ja ty\u00f6ntekij\u00f6iden v\u00e4lill\u00e4 p\u00e4ivitt\u00e4isess\u00e4 liiketoiminnassa.\",\"breadcrumb\":{\"@id\":\"https:\\\/\\\/parm.com\\\/fi\\\/myparm\\\/tehtavien-hallinta\\\/#breadcrumb\"},\"inLanguage\":\"fi\",\"potentialAction\":[{\"@type\":\"ReadAction\",\"target\":[\"https:\\\/\\\/parm.com\\\/fi\\\/myparm\\\/tehtavien-hallinta\\\/\"]}]},{\"@type\":\"ImageObject\",\"inLanguage\":\"fi\",\"@id\":\"https:\\\/\\\/parm.com\\\/fi\\\/myparm\\\/tehtavien-hallinta\\\/#primaryimage\",\"url\":\"https:\\\/\\\/parm.com\\\/wp-content\\\/uploads\\\/2022\\\/08\\\/Header_Aufgabenmanagement.png\",\"contentUrl\":\"https:\\\/\\\/parm.com\\\/wp-content\\\/uploads\\\/2022\\\/08\\\/Header_Aufgabenmanagement.png\",\"width\":1080,\"height\":500,\"caption\":\"Header task management\"},{\"@type\":\"BreadcrumbList\",\"@id\":\"https:\\\/\\\/parm.com\\\/fi\\\/myparm\\\/tehtavien-hallinta\\\/#breadcrumb\",\"itemListElement\":[{\"@type\":\"ListItem\",\"position\":1,\"name\":\"Startseite\",\"item\":\"https:\\\/\\\/parm.com\\\/fi\\\/\"},{\"@type\":\"ListItem\",\"position\":2,\"name\":\"Projektinhallinta\",\"item\":\"https:\\\/\\\/parm.com\\\/fi\\\/myparm\\\/\"},{\"@type\":\"ListItem\",\"position\":3,\"name\":\"Teht\u00e4vien hallinta\"}]},{\"@type\":\"WebSite\",\"@id\":\"https:\\\/\\\/parm.com\\\/fi\\\/#website\",\"url\":\"https:\\\/\\\/parm.com\\\/fi\\\/\",\"name\":\"Parm AG\",\"description\":\"Successful projects. Swiss quality. Software f\u00fcr Projektmanagement\",\"publisher\":{\"@id\":\"https:\\\/\\\/parm.com\\\/fi\\\/#organization\"},\"alternateName\":\"Parm\",\"potentialAction\":[{\"@type\":\"SearchAction\",\"target\":{\"@type\":\"EntryPoint\",\"urlTemplate\":\"https:\\\/\\\/parm.com\\\/fi\\\/?s={search_term_string}\"},\"query-input\":{\"@type\":\"PropertyValueSpecification\",\"valueRequired\":true,\"valueName\":\"search_term_string\"}}],\"inLanguage\":\"fi\"},{\"@type\":\"Organization\",\"@id\":\"https:\\\/\\\/parm.com\\\/fi\\\/#organization\",\"name\":\"Parm AG\",\"alternateName\":\"Parm\",\"url\":\"https:\\\/\\\/parm.com\\\/fi\\\/\",\"logo\":{\"@type\":\"ImageObject\",\"inLanguage\":\"fi\",\"@id\":\"https:\\\/\\\/parm.com\\\/fi\\\/#\\\/schema\\\/logo\\\/image\\\/\",\"url\":\"https:\\\/\\\/parm.com\\\/wp-content\\\/uploads\\\/2021\\\/11\\\/Parm_Logo_blue_RGB.png\",\"contentUrl\":\"https:\\\/\\\/parm.com\\\/wp-content\\\/uploads\\\/2021\\\/11\\\/Parm_Logo_blue_RGB.png\",\"width\":908,\"height\":228,\"caption\":\"Parm AG\"},\"image\":{\"@id\":\"https:\\\/\\\/parm.com\\\/fi\\\/#\\\/schema\\\/logo\\\/image\\\/\"},\"sameAs\":[\"https:\\\/\\\/www.facebook.com\\\/myparm\",\"https:\\\/\\\/www.linkedin.com\\\/company\\\/parm-ag\",\"https:\\\/\\\/www.xing.com\\\/pages\\\/parmag\"]}]}<\/script>\n<!-- \/ Yoast SEO plugin. -->","yoast_head_json":{"title":"Teht\u00e4vien hallinta projektinhallintaohjelmistolla myPARM","description":"Optimoi tiedon ja teht\u00e4vien kulkua johdon, johtajien ja ty\u00f6ntekij\u00f6iden v\u00e4lill\u00e4 p\u00e4ivitt\u00e4isess\u00e4 liiketoiminnassa.","robots":{"index":"index","follow":"follow","max-snippet":"max-snippet:-1","max-image-preview":"max-image-preview:large","max-video-preview":"max-video-preview:-1"},"canonical":"https:\/\/parm.com\/fi\/myparm\/tehtavien-hallinta\/","og_locale":"fi_FI","og_type":"article","og_title":"Teht\u00e4vien hallinta projektinhallintaohjelmistolla myPARM","og_description":"Optimoi tiedon ja teht\u00e4vien kulkua johdon, johtajien ja ty\u00f6ntekij\u00f6iden v\u00e4lill\u00e4 p\u00e4ivitt\u00e4isess\u00e4 liiketoiminnassa.","og_url":"https:\/\/parm.com\/fi\/myparm\/tehtavien-hallinta\/","og_site_name":"Parm AG","article_publisher":"https:\/\/www.facebook.com\/myparm","article_modified_time":"2026-03-02T15:16:57+00:00","og_image":[{"width":1080,"height":500,"url":"https:\/\/parm.com\/wp-content\/uploads\/2022\/08\/Header_Aufgabenmanagement.png","type":"image\/png"}],"twitter_card":"summary_large_image","twitter_title":"Teht\u00e4vien hallinta projektinhallintaohjelmistolla myPARM","twitter_description":"Optimoi tiedon ja teht\u00e4vien kulkua johdon, johtajien ja ty\u00f6ntekij\u00f6iden v\u00e4lill\u00e4 p\u00e4ivitt\u00e4isess\u00e4 liiketoiminnassa.","twitter_image":"https:\/\/parm.com\/wp-content\/uploads\/2022\/08\/Header_Aufgabenmanagement.png","schema":{"@context":"https:\/\/schema.org","@graph":[{"@type":"WebPage","@id":"https:\/\/parm.com\/fi\/myparm\/tehtavien-hallinta\/","url":"https:\/\/parm.com\/fi\/myparm\/tehtavien-hallinta\/","name":"Teht\u00e4vien hallinta projektinhallintaohjelmistolla myPARM","isPartOf":{"@id":"https:\/\/parm.com\/fi\/#website"},"primaryImageOfPage":{"@id":"https:\/\/parm.com\/fi\/myparm\/tehtavien-hallinta\/#primaryimage"},"image":{"@id":"https:\/\/parm.com\/fi\/myparm\/tehtavien-hallinta\/#primaryimage"},"thumbnailUrl":"https:\/\/parm.com\/wp-content\/uploads\/2022\/08\/Header_Aufgabenmanagement.png","datePublished":"2022-08-19T08:05:25+00:00","dateModified":"2026-03-02T15:16:57+00:00","description":"Optimoi tiedon ja teht\u00e4vien kulkua johdon, johtajien ja ty\u00f6ntekij\u00f6iden v\u00e4lill\u00e4 p\u00e4ivitt\u00e4isess\u00e4 liiketoiminnassa.","breadcrumb":{"@id":"https:\/\/parm.com\/fi\/myparm\/tehtavien-hallinta\/#breadcrumb"},"inLanguage":"fi","potentialAction":[{"@type":"ReadAction","target":["https:\/\/parm.com\/fi\/myparm\/tehtavien-hallinta\/"]}]},{"@type":"ImageObject","inLanguage":"fi","@id":"https:\/\/parm.com\/fi\/myparm\/tehtavien-hallinta\/#primaryimage","url":"https:\/\/parm.com\/wp-content\/uploads\/2022\/08\/Header_Aufgabenmanagement.png","contentUrl":"https:\/\/parm.com\/wp-content\/uploads\/2022\/08\/Header_Aufgabenmanagement.png","width":1080,"height":500,"caption":"Header task management"},{"@type":"BreadcrumbList","@id":"https:\/\/parm.com\/fi\/myparm\/tehtavien-hallinta\/#breadcrumb","itemListElement":[{"@type":"ListItem","position":1,"name":"Startseite","item":"https:\/\/parm.com\/fi\/"},{"@type":"ListItem","position":2,"name":"Projektinhallinta","item":"https:\/\/parm.com\/fi\/myparm\/"},{"@type":"ListItem","position":3,"name":"Teht\u00e4vien hallinta"}]},{"@type":"WebSite","@id":"https:\/\/parm.com\/fi\/#website","url":"https:\/\/parm.com\/fi\/","name":"Parm AG","description":"Successful projects. Swiss quality. Software f\u00fcr Projektmanagement","publisher":{"@id":"https:\/\/parm.com\/fi\/#organization"},"alternateName":"Parm","potentialAction":[{"@type":"SearchAction","target":{"@type":"EntryPoint","urlTemplate":"https:\/\/parm.com\/fi\/?s={search_term_string}"},"query-input":{"@type":"PropertyValueSpecification","valueRequired":true,"valueName":"search_term_string"}}],"inLanguage":"fi"},{"@type":"Organization","@id":"https:\/\/parm.com\/fi\/#organization","name":"Parm AG","alternateName":"Parm","url":"https:\/\/parm.com\/fi\/","logo":{"@type":"ImageObject","inLanguage":"fi","@id":"https:\/\/parm.com\/fi\/#\/schema\/logo\/image\/","url":"https:\/\/parm.com\/wp-content\/uploads\/2021\/11\/Parm_Logo_blue_RGB.png","contentUrl":"https:\/\/parm.com\/wp-content\/uploads\/2021\/11\/Parm_Logo_blue_RGB.png","width":908,"height":228,"caption":"Parm AG"},"image":{"@id":"https:\/\/parm.com\/fi\/#\/schema\/logo\/image\/"},"sameAs":["https:\/\/www.facebook.com\/myparm","https:\/\/www.linkedin.com\/company\/parm-ag","https:\/\/www.xing.com\/pages\/parmag"]}]}},"_links":{"self":[{"href":"https:\/\/parm.com\/fi\/wp-json\/wp\/v2\/pages\/9729","targetHints":{"allow":["GET"]}}],"collection":[{"href":"https:\/\/parm.com\/fi\/wp-json\/wp\/v2\/pages"}],"about":[{"href":"https:\/\/parm.com\/fi\/wp-json\/wp\/v2\/types\/page"}],"author":[{"embeddable":true,"href":"https:\/\/parm.com\/fi\/wp-json\/wp\/v2\/users\/1"}],"replies":[{"embeddable":true,"href":"https:\/\/parm.com\/fi\/wp-json\/wp\/v2\/comments?post=9729"}],"version-history":[{"count":3,"href":"https:\/\/parm.com\/fi\/wp-json\/wp\/v2\/pages\/9729\/revisions"}],"predecessor-version":[{"id":246063,"href":"https:\/\/parm.com\/fi\/wp-json\/wp\/v2\/pages\/9729\/revisions\/246063"}],"up":[{"embeddable":true,"href":"https:\/\/parm.com\/fi\/wp-json\/wp\/v2\/pages\/9450"}],"wp:featuredmedia":[{"embeddable":true,"href":"https:\/\/parm.com\/fi\/wp-json\/wp\/v2\/media\/9481"}],"wp:attachment":[{"href":"https:\/\/parm.com\/fi\/wp-json\/wp\/v2\/media?parent=9729"}],"curies":[{"name":"wp","href":"https:\/\/api.w.org\/{rel}","templated":true}]}}