{"id":9703,"date":"2022-08-18T15:25:39","date_gmt":"2022-08-18T13:25:39","guid":{"rendered":"https:\/\/parm.com\/testaa\/"},"modified":"2026-03-02T16:16:56","modified_gmt":"2026-03-02T15:16:56","slug":"testaa","status":"publish","type":"page","link":"https:\/\/parm.com\/fi\/testaa\/","title":{"rendered":"Testaa"},"content":{"rendered":"<div class=\"et_pb_section_0 et_pb_section et_section_regular et_block_section et_animated\"><div class=\"et_pb_row_0 et_pb_row et_block_row\"><div class=\"et_pb_column_0 et_pb_column et_pb_column_4_4 et-last-child et_block_column et_pb_css_mix_blend_mode_passthrough\"><div class=\"et_pb_text_0 et_pb_text et_pb_bg_layout_light et_pb_module et_block_module preset--module--divi-text--default\"><div class=\"et_pb_text_inner\"><h1 style=\"text-align: left;\"><strong>TESTAA myPARMia<span style=\"color: #c01e2b;\"><br \/><\/span><\/strong><\/h1>\n<\/div><\/div><\/div><\/div><div class=\"et_pb_row_1 et_pb_row et_block_row\"><div class=\"et_pb_column_1 et_pb_column et_pb_column_1_2 et_block_column et_pb_css_mix_blend_mode_passthrough\"><div class=\"et_pb_blurb_0 et_pb_blurb et_pb_bg_layout_light et_pb_blurb_position_left et_pb_module et_block_module\"><div class=\"et_pb_blurb_content\"><div class=\"et_pb_blurb_container\"><h2 class=\"et_pb_module_header\">Pilottiprojektina realistisissa olosuhteissa<\/h2><\/div><\/div><\/div><\/div><div class=\"et_pb_column_2 et_pb_column et_pb_column_1_2 et-last-child et_block_column et_pb_css_mix_blend_mode_passthrough\"><div class=\"et_pb_module et_pb_button_module_wrapper et_pb_button_0_wrapper preset--module--divi-button--default_wrapper\"><a class=\"et_pb_button_0 et_pb_button et_pb_bg_layout_light et_pb_module et_block_module preset--module--divi-button--default\" href=\"https:\/\/calendly.com\/d\/z2b-x3c-zxg\" target=\"_blank\">VARAA TAPAAMINEN<\/a><\/div><\/div><\/div><\/div><div class=\"et_pb_section_1 et_pb_section et_section_regular et_block_section\"><div class=\"et_pb_row_2 et_pb_row et_block_row custom_row\"><div class=\"et_pb_column_3 et_pb_column et_pb_column_1_3 et_block_column et_pb_css_mix_blend_mode_passthrough second-on-mobile\"><div class=\"et_pb_blurb_1 et_pb_blurb et_pb_bg_layout_light et_pb_text_align_center et_pb_blurb_position_top et_pb_module et_block_module\"><div class=\"et_pb_blurb_content\"><div class=\"et_pb_main_blurb_image\"><span class=\"et_pb_image_wrap\"><span class=\"et-pb-icon\">\ue03c<\/span><\/span><\/div><div class=\"et_pb_blurb_container\"><h4 class=\"et_pb_module_header\">1. Ota meihin yhteytt\u00e4<\/h4><div class=\"et_pb_blurb_description\"><p>Varaa aika konsultaatiotapaamiseen kanssamme.<\/p>\n<\/div><\/div><\/div><\/div><div class=\"et_pb_blurb_2 et_pb_blurb et_pb_bg_layout_light et_pb_text_align_center et_pb_blurb_position_top et_pb_module et_block_module\"><div class=\"et_pb_blurb_content\"><div class=\"et_pb_main_blurb_image\"><span class=\"et_pb_image_wrap\"><span class=\"et-pb-icon\">\ue037<\/span><\/span><\/div><div class=\"et_pb_blurb_container\"><h4 class=\"et_pb_module_header\">3. Konfigurointi<\/h4><div class=\"et_pb_blurb_description\"><p>myPARM on pohjimmiltaan mukautettu tarpeisiisi, jotta voit testata sen perusteellisesti.<\/p>\n<\/div><\/div><\/div><\/div><div class=\"et_pb_blurb_3 et_pb_blurb et_pb_bg_layout_light et_pb_text_align_center et_pb_blurb_position_top et_pb_module et_block_module\"><div class=\"et_pb_blurb_content\"><div class=\"et_pb_main_blurb_image\"><span class=\"et_pb_image_wrap\"><span class=\"et-pb-icon\">\ue03c<\/span><\/span><\/div><div class=\"et_pb_blurb_container\"><h4 class=\"et_pb_module_header\">Ota meihin yhteytt\u00e4<\/h4><div class=\"et_pb_blurb_description\"><p>Varaa aika konsultaatiotapaamiseen kanssamme.<\/p>\n<\/div><\/div><\/div><\/div><div class=\"et_pb_blurb_4 et_pb_blurb et_pb_bg_layout_light et_pb_text_align_center et_pb_blurb_position_top et_pb_module et_block_module\"><div class=\"et_pb_blurb_content\"><div class=\"et_pb_main_blurb_image\"><span class=\"et_pb_image_wrap\"><span class=\"et-pb-icon\">\ue05a<\/span><\/span><\/div><div class=\"et_pb_blurb_container\"><h4 class=\"et_pb_module_header\">M\u00e4\u00e4rittele perusasiat<\/h4><div class=\"et_pb_blurb_description\"><p>Selvit\u00e4mme yhdess\u00e4, mit\u00e4 toimintoja tarvitset.<\/p>\n<\/div><\/div><\/div><\/div><\/div><div class=\"et_pb_column_4 et_pb_column et_pb_column_1_3 et_block_column et_pb_css_mix_blend_mode_passthrough third-on-mobile\"><div class=\"et_pb_blurb_5 et_pb_blurb et_pb_bg_layout_light et_pb_text_align_center et_pb_blurb_position_top et_pb_module et_block_module\"><div class=\"et_pb_blurb_content\"><div class=\"et_pb_main_blurb_image\"><span class=\"et_pb_image_wrap\"><span class=\"et-pb-icon\">\ue05a<\/span><\/span><\/div><div class=\"et_pb_blurb_container\"><h4 class=\"et_pb_module_header\">2. M\u00e4\u00e4rittele perusasiat<\/h4><div class=\"et_pb_blurb_description\"><p>Selvit\u00e4mme yhdess\u00e4, mit\u00e4 toimintoja tarvitset.<\/p>\n<\/div><\/div><\/div><\/div><div class=\"et_pb_blurb_6 et_pb_blurb et_pb_bg_layout_light et_pb_text_align_center et_pb_blurb_position_top et_pb_module et_block_module\"><div class=\"et_pb_blurb_content\"><div class=\"et_pb_main_blurb_image\"><span class=\"et_pb_image_wrap\"><span class=\"et-pb-icon\">\ue0b8<\/span><\/span><\/div><div class=\"et_pb_blurb_container\"><h4 class=\"et_pb_module_header\">4. Testivaihe<\/h4><div class=\"et_pb_blurb_description\"><p>K\u00e4ytt\u00e4j\u00e4si testaavat myPARM-ohjelmistoa realistisissa olosuhteissa.<\/p>\n<\/div><\/div><\/div><\/div><div class=\"et_pb_blurb_7 et_pb_blurb et_pb_bg_layout_light et_pb_text_align_center et_pb_blurb_position_top et_pb_module et_block_module\"><div class=\"et_pb_blurb_content\"><div class=\"et_pb_main_blurb_image\"><span class=\"et_pb_image_wrap\"><span class=\"et-pb-icon\">\ue037<\/span><\/span><\/div><div class=\"et_pb_blurb_container\"><h4 class=\"et_pb_module_header\">Konfigurointi<\/h4><div class=\"et_pb_blurb_description\"><p>myPARM on pohjimmiltaan mukautettu tarpeisiisi, jotta voit testata sen perusteellisesti.<\/p>\n<\/div><\/div><\/div><\/div><div class=\"et_pb_blurb_8 et_pb_blurb et_pb_bg_layout_light et_pb_text_align_center et_pb_blurb_position_top et_pb_module et_block_module\"><div class=\"et_pb_blurb_content\"><div class=\"et_pb_main_blurb_image\"><span class=\"et_pb_image_wrap\"><span class=\"et-pb-icon\">\ue0b8<\/span><\/span><\/div><div class=\"et_pb_blurb_container\"><h4 class=\"et_pb_module_header\">Testivaihe<\/h4><div class=\"et_pb_blurb_description\"><p>K\u00e4ytt\u00e4j\u00e4si testaavat myPARM-ohjelmistoa realistisissa olosuhteissa.<\/p>\n<\/div><\/div><\/div><\/div><\/div><div class=\"et_pb_column_5 et_pb_column et_pb_column_1_3 et-last-child et_block_column et_pb_css_mix_blend_mode_passthrough first-on-mobile\"><div class=\"et_pb_text_1 et_pb_text et_pb_bg_layout_light et_pb_module et_block_module preset--module--divi-text--default\"><div class=\"et_pb_text_inner\"><h2>Testaa ilman riski\u00e4<\/h2>\n<\/div><\/div><div class=\"et_pb_text_2 et_pb_text et_pb_bg_layout_light et_pb_module et_block_module preset--module--divi-text--default\"><div class=\"et_pb_text_inner\"><p>Ensimm\u00e4isess\u00e4 tapaamisessa m\u00e4\u00e4rittelemme perustoiminnot, jotka projektinhallintaohjelmiston on kyett\u00e4v\u00e4 suorittamaan. N\u00e4in voimme mukauttaa j\u00e4rjestelm\u00e4n tarpeisiisi, jotta voit testata sit\u00e4 optimaalisissa olosuhteissa. Tarjoamme sinulle tarvittavat ohjelmistolisenssit sek\u00e4 pilvess\u00e4 olevan infrastruktuurin testi\u00e4 varten. Maksat vain tekemist\u00e4mme muutoksista k\u00e4ytt\u00e4m\u00e4mme ajan perusteella \u2013 t\u00e4m\u00e4 maksu v\u00e4hennet\u00e4\u00e4n kokonaiskustannuksista, jos teet tilauksen my\u00f6hemmin.<\/p>\n<\/div><\/div><div class=\"et_pb_module et_pb_button_module_wrapper et_pb_button_1_wrapper preset--module--divi-button--default_wrapper\"><a class=\"et_pb_button_1 et_pb_button et_pb_bg_layout_light et_pb_module et_block_module preset--module--divi-button--default\" href=\"https:\/\/calendly.com\/d\/z2b-x3c-zxg\" target=\"_blank\">Sovi tapaaminen nyt<\/a><\/div><\/div><\/div><\/div><div class=\"et_pb_section_2 et_pb_section et_section_regular et_block_section\"><div class=\"et_pb_row_3 et_pb_row et_block_row\"><div class=\"et_pb_column_6 et_pb_column et_pb_column_1_2 et_block_column et_pb_css_mix_blend_mode_passthrough\"><div class=\"et_pb_text_3 et_pb_text et_pb_bg_layout_light et_pb_module et_block_module preset--module--divi-text--default\"><div class=\"et_pb_text_inner\"><h2>T\u00e4m\u00e4n saat testivaiheessa<\/h2>\n<\/div><\/div><div class=\"et_pb_text_4 et_pb_text et_pb_bg_layout_light et_pb_module et_block_module preset--module--divi-text--default\"><div class=\"et_pb_text_inner\"><p>2\u20133 kuukauden testijakson ajaksi tarjoamme sinulle kaiken, mit\u00e4 tarvitset ohjelmiston testaamiseen. maa IT-osastoa ei tarvita, joten p\u00e4\u00e4set alkuun pienell\u00e4 vaivalla.<\/p>\n<\/div><\/div><div class=\"et_pb_text_5 et_pb_text et_pb_bg_layout_light et_pb_module et_block_module preset--module--divi-text--default\"><div class=\"et_pb_text_inner\"><ul>\n<li>t\u00e4ydellinen infrastruktuuri pilvess\u00e4 ilmaiseksi<\/li>\n<li>peruskokoonpano ja ensimm\u00e4iset yksitt\u00e4iset s\u00e4\u00e4d\u00f6t<\/li>\n<li>ilmaiset lisenssit kaikille k\u00e4ytt\u00e4jille<\/li>\n<\/ul>\n<\/div><\/div><\/div><div class=\"et_pb_column_7 et_pb_column et_pb_column_1_2 et-last-child et_block_column et_pb_css_mix_blend_mode_passthrough\"><div class=\"et_pb_image_0 et_pb_image et_pb_module et_block_module\"><a href=\"https:\/\/new-site.parm.com\/wp-content\/uploads\/2022\/08\/Implementierungsplan-Pilot.jpg\" class=\"et_pb_lightbox_image\" alt=\"Pilottitoteutussuunnitelma\"><span class=\"et_pb_image_wrap\"><img decoding=\"async\" src=\"https:\/\/new-site.parm.com\/wp-content\/uploads\/2022\/08\/Implementierungsplan-Pilot.jpg\" title=\"Pilottitoteutussuunnitelma\" alt=\"Pilottitoteutussuunnitelma\" \/><\/span><\/a><\/div><\/div><\/div><\/div><div class=\"et_pb_section_3 et_pb_section et_section_regular et_block_section\"><div class=\"et_pb_row_4 et_pb_row et_block_row\"><div class=\"et_pb_column_8 et_pb_column et_pb_column_4_4 et-last-child et_block_column et_pb_css_mix_blend_mode_passthrough\"><div class=\"et_pb_text_6 et_pb_text et_pb_bg_layout_light et_pb_module et_block_module preset--module--divi-text--default\"><div class=\"et_pb_text_inner\"><h2>Pyyd\u00e4 tapaaminen nyt!<\/h2>\n<\/div><\/div><div class=\"et_pb_module et_pb_button_module_wrapper et_pb_button_2_wrapper preset--module--divi-button--default_wrapper\"><a class=\"et_pb_button_2 et_pb_button et_pb_bg_layout_light et_pb_module et_block_module preset--module--divi-button--default\" href=\"https:\/\/calendly.com\/d\/z2b-x3c-zxg\" target=\"_blank\">Kalenteriin<\/a><\/div><\/div><\/div><\/div>","protected":false},"excerpt":{"rendered":"","protected":false},"author":1,"featured_media":9716,"parent":0,"menu_order":0,"comment_status":"closed","ping_status":"closed","template":"","meta":{"footnotes":""},"class_list":["post-9703","page","type-page","status-publish","has-post-thumbnail","hentry"],"yoast_head":"<!-- This site is optimized with the Yoast SEO plugin v27.5 - https:\/\/yoast.com\/product\/yoast-seo-wordpress\/ -->\n<title>Testaa myPARMia pilottihankkeessa<\/title>\n<meta name=\"description\" content=\"Ennen kuin teet lopullisen p\u00e4\u00e4t\u00f6ksen, testaa ilman suurta riski\u00e4, onko myPARM oikea projektinhallintaohjelmisto sinulle.\" \/>\n<meta name=\"robots\" content=\"index, follow, max-snippet:-1, max-image-preview:large, max-video-preview:-1\" \/>\n<link rel=\"canonical\" href=\"https:\/\/parm.com\/fi\/testaa\/\" \/>\n<meta property=\"og:locale\" content=\"fi_FI\" \/>\n<meta property=\"og:type\" content=\"article\" \/>\n<meta property=\"og:title\" content=\"Testaa myPARMia pilottihankkeessa\" \/>\n<meta property=\"og:description\" content=\"Ennen kuin teet lopullisen p\u00e4\u00e4t\u00f6ksen, testaa ilman suurta riski\u00e4, onko myPARM oikea projektinhallintaohjelmisto sinulle.\" \/>\n<meta property=\"og:url\" content=\"https:\/\/parm.com\/fi\/testaa\/\" \/>\n<meta property=\"og:site_name\" content=\"Parm AG\" \/>\n<meta property=\"article:publisher\" content=\"https:\/\/www.facebook.com\/myparm\" \/>\n<meta property=\"article:modified_time\" content=\"2026-03-02T15:16:56+00:00\" \/>\n<meta property=\"og:image\" content=\"https:\/\/software.parm.com\/wp-content\/uploads\/2021\/09\/Header_Testing.png\" \/>\n<meta name=\"twitter:card\" content=\"summary_large_image\" \/>\n<meta name=\"twitter:title\" content=\"Testaa myPARMia pilottihankkeessa\" \/>\n<meta name=\"twitter:description\" content=\"Ennen kuin teet lopullisen p\u00e4\u00e4t\u00f6ksen, testaa ilman suurta riski\u00e4, onko myPARM oikea projektinhallintaohjelmisto sinulle.\" \/>\n<meta name=\"twitter:image\" content=\"https:\/\/software.parm.com\/wp-content\/uploads\/2021\/09\/Header_Testing.png\" \/>\n<script type=\"application\/ld+json\" class=\"yoast-schema-graph\">{\"@context\":\"https:\\\/\\\/schema.org\",\"@graph\":[{\"@type\":\"WebPage\",\"@id\":\"https:\\\/\\\/parm.com\\\/fi\\\/testaa\\\/\",\"url\":\"https:\\\/\\\/parm.com\\\/fi\\\/testaa\\\/\",\"name\":\"Testaa myPARMia pilottihankkeessa\",\"isPartOf\":{\"@id\":\"https:\\\/\\\/parm.com\\\/fi\\\/#website\"},\"primaryImageOfPage\":{\"@id\":\"https:\\\/\\\/parm.com\\\/fi\\\/testaa\\\/#primaryimage\"},\"image\":{\"@id\":\"https:\\\/\\\/parm.com\\\/fi\\\/testaa\\\/#primaryimage\"},\"thumbnailUrl\":\"https:\\\/\\\/parm.com\\\/wp-content\\\/uploads\\\/2022\\\/08\\\/Header_Testing.png\",\"datePublished\":\"2022-08-18T13:25:39+00:00\",\"dateModified\":\"2026-03-02T15:16:56+00:00\",\"description\":\"Ennen kuin teet lopullisen p\u00e4\u00e4t\u00f6ksen, testaa ilman suurta riski\u00e4, onko myPARM oikea projektinhallintaohjelmisto sinulle.\",\"breadcrumb\":{\"@id\":\"https:\\\/\\\/parm.com\\\/fi\\\/testaa\\\/#breadcrumb\"},\"inLanguage\":\"fi\",\"potentialAction\":[{\"@type\":\"ReadAction\",\"target\":[\"https:\\\/\\\/parm.com\\\/fi\\\/testaa\\\/\"]}]},{\"@type\":\"ImageObject\",\"inLanguage\":\"fi\",\"@id\":\"https:\\\/\\\/parm.com\\\/fi\\\/testaa\\\/#primaryimage\",\"url\":\"https:\\\/\\\/parm.com\\\/wp-content\\\/uploads\\\/2022\\\/08\\\/Header_Testing.png\",\"contentUrl\":\"https:\\\/\\\/parm.com\\\/wp-content\\\/uploads\\\/2022\\\/08\\\/Header_Testing.png\",\"width\":1080,\"height\":500,\"caption\":\"Header Testing\"},{\"@type\":\"BreadcrumbList\",\"@id\":\"https:\\\/\\\/parm.com\\\/fi\\\/testaa\\\/#breadcrumb\",\"itemListElement\":[{\"@type\":\"ListItem\",\"position\":1,\"name\":\"Startseite\",\"item\":\"https:\\\/\\\/parm.com\\\/fi\\\/\"},{\"@type\":\"ListItem\",\"position\":2,\"name\":\"Testaa\"}]},{\"@type\":\"WebSite\",\"@id\":\"https:\\\/\\\/parm.com\\\/fi\\\/#website\",\"url\":\"https:\\\/\\\/parm.com\\\/fi\\\/\",\"name\":\"Parm AG\",\"description\":\"Successful projects. Swiss quality. Software f\u00fcr Projektmanagement\",\"publisher\":{\"@id\":\"https:\\\/\\\/parm.com\\\/fi\\\/#organization\"},\"alternateName\":\"Parm\",\"potentialAction\":[{\"@type\":\"SearchAction\",\"target\":{\"@type\":\"EntryPoint\",\"urlTemplate\":\"https:\\\/\\\/parm.com\\\/fi\\\/?s={search_term_string}\"},\"query-input\":{\"@type\":\"PropertyValueSpecification\",\"valueRequired\":true,\"valueName\":\"search_term_string\"}}],\"inLanguage\":\"fi\"},{\"@type\":\"Organization\",\"@id\":\"https:\\\/\\\/parm.com\\\/fi\\\/#organization\",\"name\":\"Parm AG\",\"alternateName\":\"Parm\",\"url\":\"https:\\\/\\\/parm.com\\\/fi\\\/\",\"logo\":{\"@type\":\"ImageObject\",\"inLanguage\":\"fi\",\"@id\":\"https:\\\/\\\/parm.com\\\/fi\\\/#\\\/schema\\\/logo\\\/image\\\/\",\"url\":\"https:\\\/\\\/parm.com\\\/wp-content\\\/uploads\\\/2021\\\/11\\\/Parm_Logo_blue_RGB.png\",\"contentUrl\":\"https:\\\/\\\/parm.com\\\/wp-content\\\/uploads\\\/2021\\\/11\\\/Parm_Logo_blue_RGB.png\",\"width\":908,\"height\":228,\"caption\":\"Parm AG\"},\"image\":{\"@id\":\"https:\\\/\\\/parm.com\\\/fi\\\/#\\\/schema\\\/logo\\\/image\\\/\"},\"sameAs\":[\"https:\\\/\\\/www.facebook.com\\\/myparm\",\"https:\\\/\\\/www.linkedin.com\\\/company\\\/parm-ag\",\"https:\\\/\\\/www.xing.com\\\/pages\\\/parmag\"]}]}<\/script>\n<!-- \/ Yoast SEO plugin. -->","yoast_head_json":{"title":"Testaa myPARMia pilottihankkeessa","description":"Ennen kuin teet lopullisen p\u00e4\u00e4t\u00f6ksen, testaa ilman suurta riski\u00e4, onko myPARM oikea projektinhallintaohjelmisto sinulle.","robots":{"index":"index","follow":"follow","max-snippet":"max-snippet:-1","max-image-preview":"max-image-preview:large","max-video-preview":"max-video-preview:-1"},"canonical":"https:\/\/parm.com\/fi\/testaa\/","og_locale":"fi_FI","og_type":"article","og_title":"Testaa myPARMia pilottihankkeessa","og_description":"Ennen kuin teet lopullisen p\u00e4\u00e4t\u00f6ksen, testaa ilman suurta riski\u00e4, onko myPARM oikea projektinhallintaohjelmisto sinulle.","og_url":"https:\/\/parm.com\/fi\/testaa\/","og_site_name":"Parm AG","article_publisher":"https:\/\/www.facebook.com\/myparm","article_modified_time":"2026-03-02T15:16:56+00:00","og_image":[{"url":"https:\/\/software.parm.com\/wp-content\/uploads\/2021\/09\/Header_Testing.png","type":"","width":"","height":""}],"twitter_card":"summary_large_image","twitter_title":"Testaa myPARMia pilottihankkeessa","twitter_description":"Ennen kuin teet lopullisen p\u00e4\u00e4t\u00f6ksen, testaa ilman suurta riski\u00e4, onko myPARM oikea projektinhallintaohjelmisto sinulle.","twitter_image":"https:\/\/software.parm.com\/wp-content\/uploads\/2021\/09\/Header_Testing.png","schema":{"@context":"https:\/\/schema.org","@graph":[{"@type":"WebPage","@id":"https:\/\/parm.com\/fi\/testaa\/","url":"https:\/\/parm.com\/fi\/testaa\/","name":"Testaa myPARMia pilottihankkeessa","isPartOf":{"@id":"https:\/\/parm.com\/fi\/#website"},"primaryImageOfPage":{"@id":"https:\/\/parm.com\/fi\/testaa\/#primaryimage"},"image":{"@id":"https:\/\/parm.com\/fi\/testaa\/#primaryimage"},"thumbnailUrl":"https:\/\/parm.com\/wp-content\/uploads\/2022\/08\/Header_Testing.png","datePublished":"2022-08-18T13:25:39+00:00","dateModified":"2026-03-02T15:16:56+00:00","description":"Ennen kuin teet lopullisen p\u00e4\u00e4t\u00f6ksen, testaa ilman suurta riski\u00e4, onko myPARM oikea projektinhallintaohjelmisto sinulle.","breadcrumb":{"@id":"https:\/\/parm.com\/fi\/testaa\/#breadcrumb"},"inLanguage":"fi","potentialAction":[{"@type":"ReadAction","target":["https:\/\/parm.com\/fi\/testaa\/"]}]},{"@type":"ImageObject","inLanguage":"fi","@id":"https:\/\/parm.com\/fi\/testaa\/#primaryimage","url":"https:\/\/parm.com\/wp-content\/uploads\/2022\/08\/Header_Testing.png","contentUrl":"https:\/\/parm.com\/wp-content\/uploads\/2022\/08\/Header_Testing.png","width":1080,"height":500,"caption":"Header Testing"},{"@type":"BreadcrumbList","@id":"https:\/\/parm.com\/fi\/testaa\/#breadcrumb","itemListElement":[{"@type":"ListItem","position":1,"name":"Startseite","item":"https:\/\/parm.com\/fi\/"},{"@type":"ListItem","position":2,"name":"Testaa"}]},{"@type":"WebSite","@id":"https:\/\/parm.com\/fi\/#website","url":"https:\/\/parm.com\/fi\/","name":"Parm AG","description":"Successful projects. Swiss quality. Software f\u00fcr Projektmanagement","publisher":{"@id":"https:\/\/parm.com\/fi\/#organization"},"alternateName":"Parm","potentialAction":[{"@type":"SearchAction","target":{"@type":"EntryPoint","urlTemplate":"https:\/\/parm.com\/fi\/?s={search_term_string}"},"query-input":{"@type":"PropertyValueSpecification","valueRequired":true,"valueName":"search_term_string"}}],"inLanguage":"fi"},{"@type":"Organization","@id":"https:\/\/parm.com\/fi\/#organization","name":"Parm AG","alternateName":"Parm","url":"https:\/\/parm.com\/fi\/","logo":{"@type":"ImageObject","inLanguage":"fi","@id":"https:\/\/parm.com\/fi\/#\/schema\/logo\/image\/","url":"https:\/\/parm.com\/wp-content\/uploads\/2021\/11\/Parm_Logo_blue_RGB.png","contentUrl":"https:\/\/parm.com\/wp-content\/uploads\/2021\/11\/Parm_Logo_blue_RGB.png","width":908,"height":228,"caption":"Parm AG"},"image":{"@id":"https:\/\/parm.com\/fi\/#\/schema\/logo\/image\/"},"sameAs":["https:\/\/www.facebook.com\/myparm","https:\/\/www.linkedin.com\/company\/parm-ag","https:\/\/www.xing.com\/pages\/parmag"]}]}},"_links":{"self":[{"href":"https:\/\/parm.com\/fi\/wp-json\/wp\/v2\/pages\/9703","targetHints":{"allow":["GET"]}}],"collection":[{"href":"https:\/\/parm.com\/fi\/wp-json\/wp\/v2\/pages"}],"about":[{"href":"https:\/\/parm.com\/fi\/wp-json\/wp\/v2\/types\/page"}],"author":[{"embeddable":true,"href":"https:\/\/parm.com\/fi\/wp-json\/wp\/v2\/users\/1"}],"replies":[{"embeddable":true,"href":"https:\/\/parm.com\/fi\/wp-json\/wp\/v2\/comments?post=9703"}],"version-history":[{"count":1,"href":"https:\/\/parm.com\/fi\/wp-json\/wp\/v2\/pages\/9703\/revisions"}],"predecessor-version":[{"id":246059,"href":"https:\/\/parm.com\/fi\/wp-json\/wp\/v2\/pages\/9703\/revisions\/246059"}],"wp:featuredmedia":[{"embeddable":true,"href":"https:\/\/parm.com\/fi\/wp-json\/wp\/v2\/media\/9716"}],"wp:attachment":[{"href":"https:\/\/parm.com\/fi\/wp-json\/wp\/v2\/media?parent=9703"}],"curies":[{"name":"wp","href":"https:\/\/api.w.org\/{rel}","templated":true}]}}