{"id":9644,"date":"2022-08-18T12:31:17","date_gmt":"2022-08-18T10:31:17","guid":{"rendered":"https:\/\/parm.com\/?page_id=9644"},"modified":"2026-03-02T16:16:54","modified_gmt":"2026-03-02T15:16:54","slug":"raportointi","status":"publish","type":"page","link":"https:\/\/parm.com\/fi\/myparm\/raportointi\/","title":{"rendered":"Raportointi"},"content":{"rendered":"\n<div class=\"et_pb_section_0 et_pb_section et_section_regular et_block_section et_animated\"><div class=\"et_pb_row_0 et_pb_row et_block_row\"><div class=\"et_pb_column_0 et_pb_column et_pb_column_4_4 et-last-child et_block_column et_pb_css_mix_blend_mode_passthrough\"><div class=\"et_pb_text_0 et_pb_text et_pb_bg_layout_light et_pb_module et_block_module preset--module--divi-text--default\"><div class=\"et_pb_text_inner\" data-et-mv-hidden-phone=\"true\"><h1 style=\"text-align: left;\"><strong>Raportit tarpeidesi mukaan<br \/><span style=\"color: #c01e2b;\">M\u00e4\u00e4rit\u00e4 omat kojelautasi ja n\u00e4kym\u00e4si<\/span><\/strong><\/h1>\n<\/div><\/div><\/div><\/div><div class=\"et_pb_row_1 et_pb_row et_block_row\"><div class=\"et_pb_column_1 et_pb_column et_pb_column_3_5 et_block_column et_pb_css_mix_blend_mode_passthrough\"><div class=\"et_pb_text_1 et_pb_text et_pb_bg_layout_light et_pb_module et_block_module preset--module--divi-text--default\"><div class=\"et_pb_text_inner\"><h2>Raportointi<\/h2>\n<\/div><\/div><div class=\"et_pb_blurb_0 et_pb_blurb et_pb_bg_layout_light et_pb_blurb_position_left et_pb_module et_block_module\"><div class=\"et_pb_blurb_content\"><div class=\"et_pb_main_blurb_image\"><span class=\"et_pb_image_wrap\"><span class=\"et-pb-icon\">R<\/span><\/span><\/div><div class=\"et_pb_blurb_container\"><div class=\"et_pb_blurb_description\"><p><strong>Intuitiivinen raportin luominen<\/strong><\/p>\n<\/div><\/div><\/div><\/div><div class=\"et_pb_blurb_1 et_pb_blurb et_pb_bg_layout_light et_pb_blurb_position_left et_pb_module et_block_module\"><div class=\"et_pb_blurb_content\"><div class=\"et_pb_main_blurb_image\"><span class=\"et_pb_image_wrap\"><span class=\"et-pb-icon\">R<\/span><\/span><\/div><div class=\"et_pb_blurb_container\"><div class=\"et_pb_blurb_description\"><p><strong>Sy\u00f6t\u00e4 lis\u00e4tiedot manuaalisesti<\/strong><\/p>\n<\/div><\/div><\/div><\/div><div class=\"et_pb_blurb_2 et_pb_blurb et_pb_bg_layout_light et_pb_blurb_position_left et_pb_module et_block_module\"><div class=\"et_pb_blurb_content\"><div class=\"et_pb_main_blurb_image\"><span class=\"et_pb_image_wrap\"><span class=\"et-pb-icon\">R<\/span><\/span><\/div><div class=\"et_pb_blurb_container\"><div class=\"et_pb_blurb_description\"><p><strong>Standardm\u00e4ssige Datenexporte und -importe<\/strong><\/p>\n<\/div><\/div><\/div><\/div><\/div><div class=\"et_pb_column_2 et_pb_column et_pb_column_2_5 et-last-child et_block_column et_pb_column_empty et_pb_css_mix_blend_mode_passthrough\"><\/div><\/div><\/div><div class=\"et_pb_section_1 et_pb_section et_section_specialty et_pb_gutters3 et_block_section\"><div class=\"et_pb_row et_block_row\"><div class=\"et_pb_column_3 et_pb_column et_pb_specialty_column et_pb_column_1_2 et_block_column et_pb_css_mix_blend_mode_passthrough\"><div class=\"et_pb_row_inner_0 et_pb_row_inner et_block_row\"><div class=\"et_pb_column_inner_0 et_pb_column_inner et_pb_column et_pb_column_4_4 et-last-child et_block_column et_pb_css_mix_blend_mode_passthrough\"><div class=\"et_pb_text_2 et_pb_text et_pb_bg_layout_light et_animated et_pb_module et_block_module preset--module--divi-text--default\"><div class=\"et_pb_text_inner\"><h2 style=\"text-align: left;\">SUUNNITTELU<\/h2>\n<\/div><\/div><div class=\"et_pb_text_3 et_pb_text et_pb_bg_layout_light et_animated et_pb_module et_block_module et_pb_text_align_center preset--module--divi-text--default\"><div class=\"et_pb_text_inner\"><p style=\"text-align: left;\">K\u00e4yt\u00e4 esikonfiguroitua raportointia parhaiden k\u00e4yt\u00e4nt\u00f6jen mukaisesti tai suunnittele omia mukautettuja raportteja ja kojetauluja. Vaihtoehtoisesti voit tuoda tietoja eri l\u00e4hteist\u00e4 vakioliit\u00e4nt\u00f6jen kautta tai sy\u00f6tt\u00e4m\u00e4ll\u00e4 tietoja manuaalisesti. <\/p>\n<\/div><\/div><div class=\"et_pb_blurb_3 et_pb_blurb et_pb_bg_layout_light et_pb_text_align_center et_pb_blurb_position_left et_animated et_pb_module et_block_module\"><div class=\"et_pb_blurb_content\"><div class=\"et_pb_main_blurb_image\"><span class=\"et_pb_image_wrap\"><span class=\"et-pb-icon\">R<\/span><\/span><\/div><div class=\"et_pb_blurb_container\"><h4 class=\"et_pb_module_header\">Vakioraportit<\/h4><div class=\"et_pb_blurb_description\"><p style=\"text-align: left;\">esim. projektin tilaraportti, k\u00e4ytt\u00f6, talousraportit<\/p>\n<\/div><\/div><\/div><\/div><div class=\"et_pb_blurb_4 et_pb_blurb et_pb_bg_layout_light et_pb_text_align_center et_pb_blurb_position_left et_animated et_pb_module et_block_module\"><div class=\"et_pb_blurb_content\"><div class=\"et_pb_main_blurb_image\"><span class=\"et_pb_image_wrap\"><span class=\"et-pb-icon\">R<\/span><\/span><\/div><div class=\"et_pb_blurb_container\"><h4 class=\"et_pb_module_header\">Raporttien suunnittelija<\/h4><div class=\"et_pb_blurb_description\"><p style=\"text-align: left;\">omien raporttien luomiseen<\/p>\n<\/div><\/div><\/div><\/div><div class=\"et_pb_blurb_5 et_pb_blurb et_pb_bg_layout_light et_pb_blurb_position_left et_animated et_pb_module et_block_module\"><div class=\"et_pb_blurb_content\"><div class=\"et_pb_main_blurb_image\"><span class=\"et_pb_image_wrap\"><span class=\"et-pb-icon\">R<\/span><\/span><\/div><div class=\"et_pb_blurb_container\"><h4 class=\"et_pb_module_header\" data-et-mv-hidden-tablet=\"true\">Kojelaudan konfiguraattori<\/h4><div class=\"et_pb_blurb_description\"><p>omien kojelautojen ja n\u00e4kymien luomiseen<\/p>\n<\/div><\/div><\/div><\/div><div class=\"et_pb_blurb_6 et_pb_blurb et_pb_bg_layout_light et_pb_text_align_center et_pb_blurb_position_left et_animated et_pb_module et_block_module\"><div class=\"et_pb_blurb_content\"><div class=\"et_pb_main_blurb_image\"><span class=\"et_pb_image_wrap\"><span class=\"et-pb-icon\">R<\/span><\/span><\/div><div class=\"et_pb_blurb_container\"><h4 class=\"et_pb_module_header\">Tietojen tuonti standardiliit\u00e4nt\u00f6jen kautta<\/h4><div class=\"et_pb_blurb_description\"><p style=\"text-align: left;\">kolmansien osapuolien tuotteisiin ja kolmansien osapuolien tuotteista, esim. Microsoft, SAP, Sage, Abacus<\/p>\n<\/div><\/div><\/div><\/div><\/div><\/div><\/div><div class=\"et_pb_column_4 et_pb_column et_pb_column_single et_pb_column_1_2 et-last-child et_block_column et_pb_css_mix_blend_mode_passthrough\"><div class=\"et_pb_image_0 et_pb_image et_animated et_pb_module et_block_module\"><a href=\"https:\/\/new-site.parm.com\/wp-content\/uploads\/2022\/08\/Report-Designer.png\" class=\"et_pb_lightbox_image\" alt=\"Raporttien suunnittelija\"><span class=\"et_pb_image_wrap\"><img decoding=\"async\" src=\"https:\/\/new-site.parm.com\/wp-content\/uploads\/2022\/08\/Report-Designer.png\" title=\"Raporttien suunnittelija\" alt=\"Raporttien suunnittelija\" \/><\/span><\/a><\/div><\/div><\/div><\/div><div class=\"et_pb_section_2 et_pb_section et_section_specialty et_pb_gutters3 et_block_section\"><div class=\"et_pb_row et_block_row\"><div class=\"et_pb_column_5 et_pb_column et_pb_specialty_column et_pb_column_1_2 et_block_column et_pb_css_mix_blend_mode_passthrough\"><div class=\"et_pb_row_inner_1 et_pb_row_inner et_block_row\"><div class=\"et_pb_column_inner_1 et_pb_column_inner et_pb_column et_pb_column_4_4 et-last-child et_block_column et_pb_css_mix_blend_mode_passthrough\"><div class=\"et_pb_text_4 et_pb_text et_pb_bg_layout_light et_animated et_pb_module et_block_module preset--module--divi-text--default\"><div class=\"et_pb_text_inner\"><h2 style=\"text-align: left;\">ARVIOI<\/h2>\n<\/div><\/div><div class=\"et_pb_text_5 et_pb_text et_pb_bg_layout_light et_animated et_pb_module et_block_module et_pb_text_align_center preset--module--divi-text--default\"><div class=\"et_pb_text_inner\"><p style=\"text-align: left;\">Hanki ajantasaiset analyysit milloin tahansa ja rikasta niit\u00e4 laadullisilla lis\u00e4arvioinneilla saadaksesi kattavan kokonaiskuvan.<\/p>\n<\/div><\/div><div class=\"et_pb_blurb_7 et_pb_blurb et_pb_bg_layout_light et_pb_text_align_center et_pb_blurb_position_left et_animated et_pb_module et_block_module\"><div class=\"et_pb_blurb_content\"><div class=\"et_pb_main_blurb_image\"><span class=\"et_pb_image_wrap\"><span class=\"et-pb-icon\">R<\/span><\/span><\/div><div class=\"et_pb_blurb_container\"><h4 class=\"et_pb_module_header\">Vakioraportit tai omat raportit<\/h4><\/div><\/div><\/div><div class=\"et_pb_blurb_8 et_pb_blurb et_pb_bg_layout_light et_pb_text_align_center et_pb_blurb_position_left et_animated et_pb_module et_block_module\"><div class=\"et_pb_blurb_content\"><div class=\"et_pb_main_blurb_image\"><span class=\"et_pb_image_wrap\"><span class=\"et-pb-icon\">R<\/span><\/span><\/div><div class=\"et_pb_blurb_container\"><h4 class=\"et_pb_module_header\">Reaaliaikaiset analyysit<\/h4><\/div><\/div><\/div><div class=\"et_pb_blurb_9 et_pb_blurb et_pb_bg_layout_light et_pb_text_align_center et_pb_blurb_position_left et_animated et_pb_module et_block_module\"><div class=\"et_pb_blurb_content\"><div class=\"et_pb_main_blurb_image\"><span class=\"et_pb_image_wrap\"><span class=\"et-pb-icon\">R<\/span><\/span><\/div><div class=\"et_pb_blurb_container\"><h4 class=\"et_pb_module_header\">Rikasta raportointia<\/h4><div class=\"et_pb_blurb_description\"><p style=\"text-align: left;\">laadullisilla arvioinneilla<\/p>\n<\/div><\/div><\/div><\/div><div class=\"et_pb_blurb_10 et_pb_blurb et_pb_bg_layout_light et_pb_text_align_center et_pb_blurb_position_left et_animated et_pb_module et_block_module\"><div class=\"et_pb_blurb_content\"><div class=\"et_pb_main_blurb_image\"><span class=\"et_pb_image_wrap\"><span class=\"et-pb-icon\">R<\/span><\/span><\/div><div class=\"et_pb_blurb_container\"><h4 class=\"et_pb_module_header\">Manuaalinen tietojen sy\u00f6tt\u00f6<\/h4><\/div><\/div><\/div><div class=\"et_pb_blurb_11 et_pb_blurb et_pb_bg_layout_light et_pb_text_align_center et_pb_blurb_position_left et_animated et_pb_module et_block_module\"><div class=\"et_pb_blurb_content\"><div class=\"et_pb_main_blurb_image\"><span class=\"et_pb_image_wrap\"><span class=\"et-pb-icon\">R<\/span><\/span><\/div><div class=\"et_pb_blurb_container\"><h4 class=\"et_pb_module_header\">Yhteys kolmansien osapuolien j\u00e4rjestelmiin<\/h4><div class=\"et_pb_blurb_description\"><p style=\"text-align: left;\">standardiliit\u00e4nt\u00f6jen, olemassa olevan tietovaraston tai mink\u00e4 tahansa vaihtoalustan kautta<\/p>\n<\/div><\/div><\/div><\/div><div class=\"et_pb_blurb_12 et_pb_blurb et_pb_bg_layout_light et_pb_text_align_center et_pb_blurb_position_left et_animated et_pb_module et_block_module\"><div class=\"et_pb_blurb_content\"><div class=\"et_pb_main_blurb_image\"><span class=\"et_pb_image_wrap\"><span class=\"et-pb-icon\">R<\/span><\/span><\/div><div class=\"et_pb_blurb_container\"><h4 class=\"et_pb_module_header\">Tietojen vienti yleisiss\u00e4 muodoissa<\/h4><div class=\"et_pb_blurb_description\"><p style=\"text-align: left;\">esim Excel, PowerPoint, Word, PDF, XML jne.<\/p>\n<\/div><\/div><\/div><\/div><\/div><\/div><\/div><div class=\"et_pb_column_6 et_pb_column et_pb_column_single et_pb_column_1_2 et-last-child et_block_column et_pb_css_mix_blend_mode_passthrough\"><div class=\"et_pb_image_1 et_pb_image et_animated et_pb_module et_block_module\"><a href=\"https:\/\/new-site.parm.com\/wp-content\/uploads\/2022\/08\/Report.jpg\" class=\"et_pb_lightbox_image\" alt=\"Raportointi myPARM-hankkeenhallintaohjelmistossa\"><span class=\"et_pb_image_wrap\"><img decoding=\"async\" src=\"https:\/\/new-site.parm.com\/wp-content\/uploads\/2022\/08\/Report.jpg\" title=\"Report\" alt=\"Raportointi myPARM-hankkeenhallintaohjelmistossa\" \/><\/span><\/a><\/div><\/div><\/div><\/div><div class=\"et_pb_section_3 et_pb_section et_section_regular et_block_section\"><div class=\"et_pb_row_2 et_pb_row et_block_row\"><div class=\"et_pb_column_7 et_pb_column et_pb_column_4_4 et-last-child et_block_column et_pb_css_mix_blend_mode_passthrough\"><div class=\"et_pb_code_0 et_pb_code et_pb_module\"><div class=\"et_pb_code_inner\"><!-- Calendly Badge-Widget Beginn -->\n<link href=\"https:\/\/assets.calendly.com\/assets\/external\/widget.css\" rel=\"stylesheet\">\n<script src=\"https:\/\/assets.calendly.com\/assets\/external\/widget.js\" type=\"text\/javascript\"><\/script>\n<script type=\"text\/javascript\">Calendly.initBadgeWidget({ url: 'https:\/\/calendly.com\/d\/z2b-x3c-zxg', text: 'J\u00e4rjest\u00e4 tapaaminen', color: '#00a2ff', textColor: '#ffffff', branding: false });<\/script>\n<!-- Calendly Badge-Widget Ende -->\n <\/div><\/div><\/div><\/div><\/div>\n","protected":false},"excerpt":{"rendered":"<p>Luo nopeasti ja intuitiivisesti erilaisia arvioita raporteissa ja kojelaudoissa m\u00e4\u00e4ritt\u00e4m\u00e4si tunnuslukujen perusteella ja valitsemassasi muodossa.<\/p>\n","protected":false},"author":1,"featured_media":9561,"parent":9450,"menu_order":0,"comment_status":"closed","ping_status":"closed","template":"","meta":{"footnotes":""},"class_list":["post-9644","page","type-page","status-publish","has-post-thumbnail","hentry"],"yoast_head":"<!-- This site is optimized with the Yoast SEO plugin v27.5 - https:\/\/yoast.com\/product\/yoast-seo-wordpress\/ -->\n<title>Projektien raportointi nopeasti ja intuitiivisesti<\/title>\n<meta name=\"description\" content=\"Luo nopeasti ja intuitiivisesti erilaisia arvioita raporteissa ja kojelaudoissa m\u00e4\u00e4ritt\u00e4m\u00e4si tunnuslukujen perusteella ja valitsemassasi muodossa.\" \/>\n<meta name=\"robots\" content=\"index, follow, max-snippet:-1, max-image-preview:large, max-video-preview:-1\" \/>\n<link rel=\"canonical\" href=\"https:\/\/parm.com\/fi\/myparm\/raportointi\/\" \/>\n<meta property=\"og:locale\" content=\"fi_FI\" \/>\n<meta property=\"og:type\" content=\"article\" \/>\n<meta property=\"og:title\" content=\"Projektien raportointi nopeasti ja intuitiivisesti\" \/>\n<meta property=\"og:description\" content=\"Luo nopeasti ja intuitiivisesti erilaisia arvioita raporteissa ja kojelaudoissa m\u00e4\u00e4ritt\u00e4m\u00e4si tunnuslukujen perusteella ja valitsemassasi muodossa.\" \/>\n<meta property=\"og:url\" content=\"https:\/\/parm.com\/fi\/myparm\/raportointi\/\" \/>\n<meta property=\"og:site_name\" content=\"Parm AG\" \/>\n<meta property=\"article:publisher\" content=\"https:\/\/www.facebook.com\/myparm\" \/>\n<meta property=\"article:modified_time\" content=\"2026-03-02T15:16:54+00:00\" \/>\n<meta property=\"og:image\" content=\"https:\/\/parm.com\/wp-content\/uploads\/2022\/08\/Header_Reporting.png\" \/>\n\t<meta property=\"og:image:width\" content=\"1080\" \/>\n\t<meta property=\"og:image:height\" content=\"500\" \/>\n\t<meta property=\"og:image:type\" content=\"image\/png\" \/>\n<meta name=\"twitter:card\" content=\"summary_large_image\" \/>\n<meta name=\"twitter:title\" content=\"Projektien raportointi nopeasti ja intuitiivisesti\" \/>\n<meta name=\"twitter:description\" content=\"Luo nopeasti ja intuitiivisesti erilaisia arvioita raporteissa ja kojelaudoissa m\u00e4\u00e4ritt\u00e4m\u00e4si tunnuslukujen perusteella ja valitsemassasi muodossa.\" \/>\n<meta name=\"twitter:image\" content=\"https:\/\/parm.com\/wp-content\/uploads\/2022\/08\/Header_Reporting.png\" \/>\n<meta name=\"twitter:label1\" content=\"Arvioitu lukuaika\" \/>\n\t<meta name=\"twitter:data1\" content=\"2 minuuttia\" \/>\n<script type=\"application\/ld+json\" class=\"yoast-schema-graph\">{\"@context\":\"https:\\\/\\\/schema.org\",\"@graph\":[{\"@type\":\"WebPage\",\"@id\":\"https:\\\/\\\/parm.com\\\/fi\\\/myparm\\\/raportointi\\\/\",\"url\":\"https:\\\/\\\/parm.com\\\/fi\\\/myparm\\\/raportointi\\\/\",\"name\":\"Projektien raportointi nopeasti ja intuitiivisesti\",\"isPartOf\":{\"@id\":\"https:\\\/\\\/parm.com\\\/fi\\\/#website\"},\"primaryImageOfPage\":{\"@id\":\"https:\\\/\\\/parm.com\\\/fi\\\/myparm\\\/raportointi\\\/#primaryimage\"},\"image\":{\"@id\":\"https:\\\/\\\/parm.com\\\/fi\\\/myparm\\\/raportointi\\\/#primaryimage\"},\"thumbnailUrl\":\"https:\\\/\\\/parm.com\\\/wp-content\\\/uploads\\\/2022\\\/08\\\/Header_Reporting.png\",\"datePublished\":\"2022-08-18T10:31:17+00:00\",\"dateModified\":\"2026-03-02T15:16:54+00:00\",\"description\":\"Luo nopeasti ja intuitiivisesti erilaisia arvioita raporteissa ja kojelaudoissa m\u00e4\u00e4ritt\u00e4m\u00e4si tunnuslukujen perusteella ja valitsemassasi muodossa.\",\"breadcrumb\":{\"@id\":\"https:\\\/\\\/parm.com\\\/fi\\\/myparm\\\/raportointi\\\/#breadcrumb\"},\"inLanguage\":\"fi\",\"potentialAction\":[{\"@type\":\"ReadAction\",\"target\":[\"https:\\\/\\\/parm.com\\\/fi\\\/myparm\\\/raportointi\\\/\"]}]},{\"@type\":\"ImageObject\",\"inLanguage\":\"fi\",\"@id\":\"https:\\\/\\\/parm.com\\\/fi\\\/myparm\\\/raportointi\\\/#primaryimage\",\"url\":\"https:\\\/\\\/parm.com\\\/wp-content\\\/uploads\\\/2022\\\/08\\\/Header_Reporting.png\",\"contentUrl\":\"https:\\\/\\\/parm.com\\\/wp-content\\\/uploads\\\/2022\\\/08\\\/Header_Reporting.png\",\"width\":1080,\"height\":500,\"caption\":\"Header Reporting\"},{\"@type\":\"BreadcrumbList\",\"@id\":\"https:\\\/\\\/parm.com\\\/fi\\\/myparm\\\/raportointi\\\/#breadcrumb\",\"itemListElement\":[{\"@type\":\"ListItem\",\"position\":1,\"name\":\"Startseite\",\"item\":\"https:\\\/\\\/parm.com\\\/fi\\\/\"},{\"@type\":\"ListItem\",\"position\":2,\"name\":\"Projektinhallinta\",\"item\":\"https:\\\/\\\/parm.com\\\/fi\\\/myparm\\\/\"},{\"@type\":\"ListItem\",\"position\":3,\"name\":\"Raportointi\"}]},{\"@type\":\"WebSite\",\"@id\":\"https:\\\/\\\/parm.com\\\/fi\\\/#website\",\"url\":\"https:\\\/\\\/parm.com\\\/fi\\\/\",\"name\":\"Parm AG\",\"description\":\"Successful projects. Swiss quality. Software f\u00fcr Projektmanagement\",\"publisher\":{\"@id\":\"https:\\\/\\\/parm.com\\\/fi\\\/#organization\"},\"alternateName\":\"Parm\",\"potentialAction\":[{\"@type\":\"SearchAction\",\"target\":{\"@type\":\"EntryPoint\",\"urlTemplate\":\"https:\\\/\\\/parm.com\\\/fi\\\/?s={search_term_string}\"},\"query-input\":{\"@type\":\"PropertyValueSpecification\",\"valueRequired\":true,\"valueName\":\"search_term_string\"}}],\"inLanguage\":\"fi\"},{\"@type\":\"Organization\",\"@id\":\"https:\\\/\\\/parm.com\\\/fi\\\/#organization\",\"name\":\"Parm AG\",\"alternateName\":\"Parm\",\"url\":\"https:\\\/\\\/parm.com\\\/fi\\\/\",\"logo\":{\"@type\":\"ImageObject\",\"inLanguage\":\"fi\",\"@id\":\"https:\\\/\\\/parm.com\\\/fi\\\/#\\\/schema\\\/logo\\\/image\\\/\",\"url\":\"https:\\\/\\\/parm.com\\\/wp-content\\\/uploads\\\/2021\\\/11\\\/Parm_Logo_blue_RGB.png\",\"contentUrl\":\"https:\\\/\\\/parm.com\\\/wp-content\\\/uploads\\\/2021\\\/11\\\/Parm_Logo_blue_RGB.png\",\"width\":908,\"height\":228,\"caption\":\"Parm AG\"},\"image\":{\"@id\":\"https:\\\/\\\/parm.com\\\/fi\\\/#\\\/schema\\\/logo\\\/image\\\/\"},\"sameAs\":[\"https:\\\/\\\/www.facebook.com\\\/myparm\",\"https:\\\/\\\/www.linkedin.com\\\/company\\\/parm-ag\",\"https:\\\/\\\/www.xing.com\\\/pages\\\/parmag\"]}]}<\/script>\n<!-- \/ Yoast SEO plugin. -->","yoast_head_json":{"title":"Projektien raportointi nopeasti ja intuitiivisesti","description":"Luo nopeasti ja intuitiivisesti erilaisia arvioita raporteissa ja kojelaudoissa m\u00e4\u00e4ritt\u00e4m\u00e4si tunnuslukujen perusteella ja valitsemassasi muodossa.","robots":{"index":"index","follow":"follow","max-snippet":"max-snippet:-1","max-image-preview":"max-image-preview:large","max-video-preview":"max-video-preview:-1"},"canonical":"https:\/\/parm.com\/fi\/myparm\/raportointi\/","og_locale":"fi_FI","og_type":"article","og_title":"Projektien raportointi nopeasti ja intuitiivisesti","og_description":"Luo nopeasti ja intuitiivisesti erilaisia arvioita raporteissa ja kojelaudoissa m\u00e4\u00e4ritt\u00e4m\u00e4si tunnuslukujen perusteella ja valitsemassasi muodossa.","og_url":"https:\/\/parm.com\/fi\/myparm\/raportointi\/","og_site_name":"Parm AG","article_publisher":"https:\/\/www.facebook.com\/myparm","article_modified_time":"2026-03-02T15:16:54+00:00","og_image":[{"width":1080,"height":500,"url":"https:\/\/parm.com\/wp-content\/uploads\/2022\/08\/Header_Reporting.png","type":"image\/png"}],"twitter_card":"summary_large_image","twitter_title":"Projektien raportointi nopeasti ja intuitiivisesti","twitter_description":"Luo nopeasti ja intuitiivisesti erilaisia arvioita raporteissa ja kojelaudoissa m\u00e4\u00e4ritt\u00e4m\u00e4si tunnuslukujen perusteella ja valitsemassasi muodossa.","twitter_image":"https:\/\/parm.com\/wp-content\/uploads\/2022\/08\/Header_Reporting.png","twitter_misc":{"Arvioitu lukuaika":"2 minuuttia"},"schema":{"@context":"https:\/\/schema.org","@graph":[{"@type":"WebPage","@id":"https:\/\/parm.com\/fi\/myparm\/raportointi\/","url":"https:\/\/parm.com\/fi\/myparm\/raportointi\/","name":"Projektien raportointi nopeasti ja intuitiivisesti","isPartOf":{"@id":"https:\/\/parm.com\/fi\/#website"},"primaryImageOfPage":{"@id":"https:\/\/parm.com\/fi\/myparm\/raportointi\/#primaryimage"},"image":{"@id":"https:\/\/parm.com\/fi\/myparm\/raportointi\/#primaryimage"},"thumbnailUrl":"https:\/\/parm.com\/wp-content\/uploads\/2022\/08\/Header_Reporting.png","datePublished":"2022-08-18T10:31:17+00:00","dateModified":"2026-03-02T15:16:54+00:00","description":"Luo nopeasti ja intuitiivisesti erilaisia arvioita raporteissa ja kojelaudoissa m\u00e4\u00e4ritt\u00e4m\u00e4si tunnuslukujen perusteella ja valitsemassasi muodossa.","breadcrumb":{"@id":"https:\/\/parm.com\/fi\/myparm\/raportointi\/#breadcrumb"},"inLanguage":"fi","potentialAction":[{"@type":"ReadAction","target":["https:\/\/parm.com\/fi\/myparm\/raportointi\/"]}]},{"@type":"ImageObject","inLanguage":"fi","@id":"https:\/\/parm.com\/fi\/myparm\/raportointi\/#primaryimage","url":"https:\/\/parm.com\/wp-content\/uploads\/2022\/08\/Header_Reporting.png","contentUrl":"https:\/\/parm.com\/wp-content\/uploads\/2022\/08\/Header_Reporting.png","width":1080,"height":500,"caption":"Header Reporting"},{"@type":"BreadcrumbList","@id":"https:\/\/parm.com\/fi\/myparm\/raportointi\/#breadcrumb","itemListElement":[{"@type":"ListItem","position":1,"name":"Startseite","item":"https:\/\/parm.com\/fi\/"},{"@type":"ListItem","position":2,"name":"Projektinhallinta","item":"https:\/\/parm.com\/fi\/myparm\/"},{"@type":"ListItem","position":3,"name":"Raportointi"}]},{"@type":"WebSite","@id":"https:\/\/parm.com\/fi\/#website","url":"https:\/\/parm.com\/fi\/","name":"Parm AG","description":"Successful projects. Swiss quality. Software f\u00fcr Projektmanagement","publisher":{"@id":"https:\/\/parm.com\/fi\/#organization"},"alternateName":"Parm","potentialAction":[{"@type":"SearchAction","target":{"@type":"EntryPoint","urlTemplate":"https:\/\/parm.com\/fi\/?s={search_term_string}"},"query-input":{"@type":"PropertyValueSpecification","valueRequired":true,"valueName":"search_term_string"}}],"inLanguage":"fi"},{"@type":"Organization","@id":"https:\/\/parm.com\/fi\/#organization","name":"Parm AG","alternateName":"Parm","url":"https:\/\/parm.com\/fi\/","logo":{"@type":"ImageObject","inLanguage":"fi","@id":"https:\/\/parm.com\/fi\/#\/schema\/logo\/image\/","url":"https:\/\/parm.com\/wp-content\/uploads\/2021\/11\/Parm_Logo_blue_RGB.png","contentUrl":"https:\/\/parm.com\/wp-content\/uploads\/2021\/11\/Parm_Logo_blue_RGB.png","width":908,"height":228,"caption":"Parm AG"},"image":{"@id":"https:\/\/parm.com\/fi\/#\/schema\/logo\/image\/"},"sameAs":["https:\/\/www.facebook.com\/myparm","https:\/\/www.linkedin.com\/company\/parm-ag","https:\/\/www.xing.com\/pages\/parmag"]}]}},"_links":{"self":[{"href":"https:\/\/parm.com\/fi\/wp-json\/wp\/v2\/pages\/9644","targetHints":{"allow":["GET"]}}],"collection":[{"href":"https:\/\/parm.com\/fi\/wp-json\/wp\/v2\/pages"}],"about":[{"href":"https:\/\/parm.com\/fi\/wp-json\/wp\/v2\/types\/page"}],"author":[{"embeddable":true,"href":"https:\/\/parm.com\/fi\/wp-json\/wp\/v2\/users\/1"}],"replies":[{"embeddable":true,"href":"https:\/\/parm.com\/fi\/wp-json\/wp\/v2\/comments?post=9644"}],"version-history":[{"count":2,"href":"https:\/\/parm.com\/fi\/wp-json\/wp\/v2\/pages\/9644\/revisions"}],"predecessor-version":[{"id":246053,"href":"https:\/\/parm.com\/fi\/wp-json\/wp\/v2\/pages\/9644\/revisions\/246053"}],"up":[{"embeddable":true,"href":"https:\/\/parm.com\/fi\/wp-json\/wp\/v2\/pages\/9450"}],"wp:featuredmedia":[{"embeddable":true,"href":"https:\/\/parm.com\/fi\/wp-json\/wp\/v2\/media\/9561"}],"wp:attachment":[{"href":"https:\/\/parm.com\/fi\/wp-json\/wp\/v2\/media?parent=9644"}],"curies":[{"name":"wp","href":"https:\/\/api.w.org\/{rel}","templated":true}]}}