{"id":9620,"date":"2022-08-18T08:51:59","date_gmt":"2022-08-18T06:51:59","guid":{"rendered":"https:\/\/parm.com\/?page_id=9620"},"modified":"2026-03-02T16:16:53","modified_gmt":"2026-03-02T15:16:53","slug":"resurssienhallinta","status":"publish","type":"page","link":"https:\/\/parm.com\/fi\/myparm\/resurssienhallinta\/","title":{"rendered":"Resurssienhallinta"},"content":{"rendered":"\n<div class=\"et_pb_section_0 et_pb_section et_section_regular et_block_section et_animated\"><div class=\"et_pb_row_0 et_pb_row et_block_row\"><div class=\"et_pb_column_0 et_pb_column et_pb_column_4_4 et-last-child et_block_column et_pb_css_mix_blend_mode_passthrough\"><div class=\"et_pb_text_0 et_pb_text et_pb_bg_layout_light et_pb_module et_block_module preset--module--divi-text--default\"><div class=\"et_pb_text_inner\" data-et-mv-hidden-tablet=\"true\"><h1 style=\"text-align: left;\"><strong>Suunnittele resurssit ja<br \/><span style=\"color: #c01e2b;\">optimoi niiden kapasiteetin kohdentaminen<\/span><\/strong><\/h1>\n<\/div><\/div><\/div><\/div><div class=\"et_pb_row_1 et_pb_row et_block_row\"><div class=\"et_pb_column_1 et_pb_column et_pb_column_3_5 et_block_column et_pb_css_mix_blend_mode_passthrough\"><div class=\"et_pb_text_1 et_pb_text et_pb_bg_layout_light et_pb_module et_block_module preset--module--divi-text--default\"><div class=\"et_pb_text_inner\"><h2>Resurssienhallinta<\/h2>\n<\/div><\/div><div class=\"et_pb_blurb_0 et_pb_blurb et_pb_bg_layout_light et_pb_blurb_position_left et_pb_module et_block_module\"><div class=\"et_pb_blurb_content\"><div class=\"et_pb_main_blurb_image\"><span class=\"et_pb_image_wrap\"><span class=\"et-pb-icon\">R<\/span><\/span><\/div><div class=\"et_pb_blurb_container\"><div class=\"et_pb_blurb_description\"><p><strong>Resurssien suunnittelu ja kohdentaminen<\/strong><\/p>\n<\/div><\/div><\/div><\/div><div class=\"et_pb_blurb_1 et_pb_blurb et_pb_bg_layout_light et_pb_blurb_position_left et_pb_module et_block_module\"><div class=\"et_pb_blurb_content\"><div class=\"et_pb_main_blurb_image\"><span class=\"et_pb_image_wrap\"><span class=\"et-pb-icon\">R<\/span><\/span><\/div><div class=\"et_pb_blurb_container\"><div class=\"et_pb_blurb_description\"><p><strong>Pullonkaulojen ja ristiriitojen tunnistaminen<\/strong><\/p>\n<\/div><\/div><\/div><\/div><div class=\"et_pb_blurb_2 et_pb_blurb et_pb_bg_layout_light et_pb_blurb_position_left et_pb_module et_block_module\"><div class=\"et_pb_blurb_content\"><div class=\"et_pb_main_blurb_image\"><span class=\"et_pb_image_wrap\"><span class=\"et-pb-icon\">R<\/span><\/span><\/div><div class=\"et_pb_blurb_container\"><div class=\"et_pb_blurb_description\"><p><strong>Arviointi yksitt\u00e4isiss\u00e4 kojelaudoissa<\/strong><\/p>\n<\/div><\/div><\/div><\/div><\/div><div class=\"et_pb_column_2 et_pb_column et_pb_column_2_5 et-last-child et_block_column et_pb_column_empty et_pb_css_mix_blend_mode_passthrough\"><\/div><\/div><\/div><div class=\"et_pb_section_1 et_pb_section et_section_specialty et_pb_gutters3 et_block_section\"><div class=\"et_pb_row et_block_row\"><div class=\"et_pb_column_3 et_pb_column et_pb_specialty_column et_pb_column_1_2 et_block_column et_pb_css_mix_blend_mode_passthrough\"><div class=\"et_pb_row_inner_0 et_pb_row_inner et_block_row\"><div class=\"et_pb_column_inner_0 et_pb_column_inner et_pb_column et_pb_column_4_4 et-last-child et_block_column et_pb_css_mix_blend_mode_passthrough\"><div class=\"et_pb_text_2 et_pb_text et_pb_bg_layout_light et_animated et_pb_module et_block_module preset--module--divi-text--default\"><div class=\"et_pb_text_inner\"><h2 style=\"text-align: left;\">SUUNNITTELE<\/h2>\n<\/div><\/div><div class=\"et_pb_text_3 et_pb_text et_pb_bg_layout_light et_animated et_pb_module et_block_module et_pb_text_align_center preset--module--divi-text--default\"><div class=\"et_pb_text_inner\"><p style=\"text-align: left;\">Selvit\u00e4 eri projektien resurssitarpeet ja kohdenna tarvittavat resurssit \u2013 olipa kyse sitten ty\u00f6ntekij\u00f6ist\u00e4, rooleista, osaamisesta tai yksitt\u00e4isist\u00e4 resursseista.<\/p>\n<\/div><\/div><div class=\"et_pb_blurb_3 et_pb_blurb et_pb_bg_layout_light et_pb_text_align_center et_pb_blurb_position_left et_animated et_pb_module et_block_module\"><div class=\"et_pb_blurb_content\"><div class=\"et_pb_main_blurb_image\"><span class=\"et_pb_image_wrap\"><span class=\"et-pb-icon\">R<\/span><\/span><\/div><div class=\"et_pb_blurb_container\"><h4 class=\"et_pb_module_header\">M\u00e4\u00e4rit\u00e4 resurssivaatimukset<\/h4><\/div><\/div><\/div><div class=\"et_pb_blurb_4 et_pb_blurb et_pb_bg_layout_light et_pb_text_align_center et_pb_blurb_position_left et_animated et_pb_module et_block_module\"><div class=\"et_pb_blurb_content\"><div class=\"et_pb_main_blurb_image\"><span class=\"et_pb_image_wrap\"><span class=\"et-pb-icon\">R<\/span><\/span><\/div><div class=\"et_pb_blurb_container\"><h4 class=\"et_pb_module_header\">M\u00e4\u00e4r\u00e4\u00e4 resurssit<\/h4><\/div><\/div><\/div><div class=\"et_pb_blurb_5 et_pb_blurb et_pb_bg_layout_light et_pb_text_align_center et_pb_blurb_position_left et_animated et_pb_module et_block_module\"><div class=\"et_pb_blurb_content\"><div class=\"et_pb_main_blurb_image\"><span class=\"et_pb_image_wrap\"><span class=\"et-pb-icon\">R<\/span><\/span><\/div><div class=\"et_pb_blurb_container\"><h4 class=\"et_pb_module_header\">Poissaolojen suunnittelu \/ hyv\u00e4ksynt\u00e4<\/h4><div class=\"et_pb_blurb_description\"><p style=\"text-align: left;\">esim. lomat ja vanhempainvapaat<\/p>\n<\/div><\/div><\/div><\/div><\/div><\/div><\/div><div class=\"et_pb_column_4 et_pb_column et_pb_column_single et_pb_column_1_2 et-last-child et_block_column et_pb_css_mix_blend_mode_passthrough\"><div class=\"et_pb_image_0 et_pb_image et_animated et_pb_module et_block_module\"><a href=\"https:\/\/new-site.parm.com\/wp-content\/uploads\/2023\/01\/Resource_Management_overview.jpg\" class=\"et_pb_lightbox_image\" alt=\"\u00dcbersicht Ressourcen\"><span class=\"et_pb_image_wrap\"><img decoding=\"async\" src=\"https:\/\/new-site.parm.com\/wp-content\/uploads\/2023\/01\/Resource_Management_overview.jpg\" title=\"Resource_Management_overview\" alt=\"\u00dcbersicht Ressourcen\" \/><\/span><\/a><\/div><\/div><\/div><\/div><div class=\"et_pb_section_2 et_pb_section et_section_specialty et_pb_gutters3 et_block_section\"><div class=\"et_pb_row et_block_row\"><div class=\"et_pb_column_5 et_pb_column et_pb_specialty_column et_pb_column_1_2 et_block_column et_pb_css_mix_blend_mode_passthrough\"><div class=\"et_pb_row_inner_1 et_pb_row_inner et_block_row\"><div class=\"et_pb_column_inner_1 et_pb_column_inner et_pb_column et_pb_column_4_4 et-last-child et_block_column et_pb_css_mix_blend_mode_passthrough\"><div class=\"et_pb_text_4 et_pb_text et_pb_bg_layout_light et_animated et_pb_module et_block_module preset--module--divi-text--default\"><div class=\"et_pb_text_inner\"><h2 style=\"text-align: left;\">SUORITA + OHJAA<\/h2>\n<\/div><\/div><div class=\"et_pb_text_5 et_pb_text et_pb_bg_layout_light et_animated et_pb_module et_block_module et_pb_text_align_center preset--module--divi-text--default\"><div class=\"et_pb_text_inner\"><p style=\"text-align: left;\">Tarkista resurssien k\u00e4ytt\u00f6 milloin tahansa ja tunnista pullonkaulat ja resurssiristiriidat jo varhaisessa vaiheessa sek\u00e4 vapaat kapasiteetit \u2013 projektitasolla, mutta my\u00f6s yksitt\u00e4isiss\u00e4 kojelaudoissa roolista riippuen, esim.<\/p>\n<\/div><\/div><div class=\"et_pb_accordion_0 et_pb_accordion et_pb_module et_block_module\"><div class=\"et_pb_accordion_item_0 et_pb_accordion_item et_pb_toggle et_pb_module et_pb_toggle_open et_block_module\"><h5 class=\"et_pb_toggle_title\">Ty\u00f6ntekij\u00e4t<\/h5><div class=\"et_pb_toggle_content\"><p>Ty\u00f6aikataulut<\/p>\n<\/div><\/div><div class=\"et_pb_accordion_item_1 et_pb_accordion_item et_pb_toggle et_pb_module et_pb_toggle_close et_block_module\"><h5 class=\"et_pb_toggle_title\">PMO:t, projektip\u00e4\u00e4llik\u00f6t, ohjelma- ja portfoliop\u00e4\u00e4llik\u00f6t, tiiminvet\u00e4j\u00e4t<\/h5><div class=\"et_pb_toggle_content\"><p>Projektien resurssitarve verrattuna k\u00e4ytett\u00e4viss\u00e4 olevaan kapasiteettiin, tai suunnitelman ja todellisen tilanteen vertailun v\u00e4lill\u00e4 (kokemukset)<\/p>\n<\/div><\/div><div class=\"et_pb_accordion_item_2 et_pb_accordion_item et_pb_toggle et_pb_module et_pb_toggle_close et_block_module\"><h5 class=\"et_pb_toggle_title\">Linjap\u00e4\u00e4llik\u00f6t<\/h5><div class=\"et_pb_toggle_content\"><p>Organisaatioyksik\u00f6n ty\u00f6m\u00e4\u00e4r\u00e4n suunnittelu<\/p>\n<\/div><\/div><\/div><div class=\"et_pb_blurb_6 et_pb_blurb et_pb_bg_layout_light et_pb_text_align_center et_pb_blurb_position_left et_animated et_pb_module et_block_module\"><div class=\"et_pb_blurb_content\"><div class=\"et_pb_main_blurb_image\"><span class=\"et_pb_image_wrap\"><span class=\"et-pb-icon\">R<\/span><\/span><\/div><div class=\"et_pb_blurb_container\"><h4 class=\"et_pb_module_header\">Tunnista resurssiristiriidat<\/h4><\/div><\/div><\/div><div class=\"et_pb_blurb_7 et_pb_blurb et_pb_bg_layout_light et_pb_text_align_center et_pb_blurb_position_left et_animated et_pb_module et_block_module\"><div class=\"et_pb_blurb_content\"><div class=\"et_pb_main_blurb_image\"><span class=\"et_pb_image_wrap\"><span class=\"et-pb-icon\">R<\/span><\/span><\/div><div class=\"et_pb_blurb_container\"><h4 class=\"et_pb_module_header\">Tunnista pullonkaulat<\/h4><\/div><\/div><\/div><div class=\"et_pb_blurb_8 et_pb_blurb et_pb_bg_layout_light et_pb_blurb_position_left et_animated et_pb_module et_block_module\"><div class=\"et_pb_blurb_content\"><div class=\"et_pb_main_blurb_image\"><span class=\"et_pb_image_wrap\"><span class=\"et-pb-icon\">R<\/span><\/span><\/div><div class=\"et_pb_blurb_container\"><h4 class=\"et_pb_module_header\">Kapasiteettien yleiskatsaus<\/h4><\/div><\/div><\/div><\/div><\/div><\/div><div class=\"et_pb_column_6 et_pb_column et_pb_column_single et_pb_column_1_2 et-last-child et_block_column et_pb_css_mix_blend_mode_passthrough\"><div class=\"et_pb_image_1 et_pb_image et_animated et_pb_module et_block_module\"><a href=\"https:\/\/new-site.parm.com\/wp-content\/uploads\/2023\/01\/Einzelprojektmanagement_mit_Ressourcenauslastung.jpg\" class=\"et_pb_lightbox_image\" alt=\"Einzelprojektmanagement mit Ressourcenauslastung\"><span class=\"et_pb_image_wrap\"><img decoding=\"async\" src=\"https:\/\/new-site.parm.com\/wp-content\/uploads\/2023\/01\/Einzelprojektmanagement_mit_Ressourcenauslastung.jpg\" title=\"Einzelprojektmanagement_mit_Ressourcenauslastung\" alt=\"Einzelprojektmanagement mit Ressourcenauslastung\" \/><\/span><\/a><\/div><\/div><\/div><\/div><div class=\"et_pb_section_3 et_pb_section et_section_specialty et_pb_gutters3 et_block_section\"><div class=\"et_pb_row et_block_row\"><div class=\"et_pb_column_7 et_pb_column et_pb_specialty_column et_pb_column_1_2 et_block_column et_pb_css_mix_blend_mode_passthrough\"><div class=\"et_pb_row_inner_2 et_pb_row_inner et_block_row\"><div class=\"et_pb_column_inner_2 et_pb_column_inner et_pb_column et_pb_column_4_4 et-last-child et_block_column et_pb_css_mix_blend_mode_passthrough\"><div class=\"et_pb_text_6 et_pb_text et_pb_bg_layout_light et_animated et_pb_module et_block_module preset--module--divi-text--default\"><div class=\"et_pb_text_inner\"><h2 style=\"text-align: left;\">ARVIOI<\/h2>\n<\/div><\/div><div class=\"et_pb_text_7 et_pb_text et_pb_bg_layout_light et_animated et_pb_module et_block_module et_pb_text_align_center preset--module--divi-text--default\"><div class=\"et_pb_text_inner\"><p style=\"text-align: left;\">Yksityiskohtaiset kojelautat ja raportit mahdollistavat tarkan arvioinnin resurssien k\u00e4yt\u00f6st\u00e4. Opi arvokkaita opetuksia tulevia projekteja varten vertailemalla suunnitelmia todelliseen tilanteeseen<\/p>\n<\/div><\/div><div class=\"et_pb_blurb_9 et_pb_blurb et_pb_bg_layout_light et_pb_text_align_center et_pb_blurb_position_left et_animated et_pb_module et_block_module\"><div class=\"et_pb_blurb_content\"><div class=\"et_pb_main_blurb_image\"><span class=\"et_pb_image_wrap\"><span class=\"et-pb-icon\">R<\/span><\/span><\/div><div class=\"et_pb_blurb_container\"><h4 class=\"et_pb_module_header\">Vertaile<\/h4><div class=\"et_pb_blurb_description\"><p style=\"text-align: left;\">resurssivaatimus verrattuna k\u00e4ytett\u00e4viss\u00e4 olevaan kapasiteettiin<\/p>\n<\/div><\/div><\/div><\/div><div class=\"et_pb_blurb_10 et_pb_blurb et_pb_bg_layout_light et_pb_text_align_center et_pb_blurb_position_left et_animated et_pb_module et_block_module\"><div class=\"et_pb_blurb_content\"><div class=\"et_pb_main_blurb_image\"><span class=\"et_pb_image_wrap\"><span class=\"et-pb-icon\">R<\/span><\/span><\/div><div class=\"et_pb_blurb_container\"><h4 class=\"et_pb_module_header\">Suunnitelmat verrattuna todelliseen tilanteeseen<\/h4><div class=\"et_pb_blurb_description\"><p style=\"text-align: left;\">Kokemukset<\/p>\n<\/div><\/div><\/div><\/div><div class=\"et_pb_blurb_11 et_pb_blurb et_pb_bg_layout_light et_pb_text_align_center et_pb_blurb_position_left et_animated et_pb_module et_block_module\"><div class=\"et_pb_blurb_content\"><div class=\"et_pb_main_blurb_image\"><span class=\"et_pb_image_wrap\"><span class=\"et-pb-icon\">R<\/span><\/span><\/div><div class=\"et_pb_blurb_container\"><h4 class=\"et_pb_module_header\">K\u00e4ytt\u00f6aste<\/h4><div class=\"et_pb_blurb_description\"><p style=\"text-align: left;\">resursseista tai organisaatioyksik\u00f6st\u00e4<\/p>\n<\/div><\/div><\/div><\/div><\/div><\/div><\/div><div class=\"et_pb_column_8 et_pb_column et_pb_column_single et_pb_column_1_2 et-last-child et_block_column et_pb_column_empty et_pb_css_mix_blend_mode_passthrough\"><\/div><\/div><\/div><div class=\"et_pb_section_4 et_pb_section et_section_regular et_block_section\"><div class=\"et_pb_row_2 et_pb_row et_block_row\"><div class=\"et_pb_column_9 et_pb_column et_pb_column_4_4 et-last-child et_block_column et_pb_css_mix_blend_mode_passthrough\"><div class=\"et_pb_code_0 et_pb_code et_pb_module\"><div class=\"et_pb_code_inner\"><!-- Calendly Badge-Widget Beginn -->\n<link href=\"https:\/\/assets.calendly.com\/assets\/external\/widget.css\" rel=\"stylesheet\">\n<script src=\"https:\/\/assets.calendly.com\/assets\/external\/widget.js\" type=\"text\/javascript\"><\/script>\n<script type=\"text\/javascript\">Calendly.initBadgeWidget({ url: 'https:\/\/calendly.com\/d\/z2b-x3c-zxg', text: 'J\u00e4rjest\u00e4 tapaaminen', color: '#00a2ff', textColor: '#ffffff', branding: false });<\/script>\n<!-- Calendly Badge-Widget Ende -->\n <\/div><\/div><\/div><\/div><\/div>\n","protected":false},"excerpt":{"rendered":"<p>Suunnittele ja tarkista ty\u00f6ntekij\u00f6iden, organisaatioyksik\u00f6iden, taitojen tai yksitt\u00e4isten sis\u00e4isten ja ulkoisten resurssien k\u00e4ytt\u00f6.<\/p>\n","protected":false},"author":1,"featured_media":9567,"parent":9450,"menu_order":0,"comment_status":"closed","ping_status":"closed","template":"","meta":{"footnotes":""},"class_list":["post-9620","page","type-page","status-publish","has-post-thumbnail","hentry"],"yoast_head":"<!-- This site is optimized with the Yoast SEO plugin v27.5 - https:\/\/yoast.com\/product\/yoast-seo-wordpress\/ -->\n<title>Resurssienhallinta resurssien optimaalista k\u00e4ytt\u00f6\u00e4 varten<\/title>\n<meta name=\"description\" content=\"Resurssienhallinta ty\u00f6ntekij\u00f6iden, taitojen tai yksitt\u00e4isten resurssien k\u00e4yt\u00f6n suunnitteluun ja valvontaan.\" \/>\n<meta name=\"robots\" content=\"index, follow, max-snippet:-1, max-image-preview:large, max-video-preview:-1\" \/>\n<link rel=\"canonical\" href=\"https:\/\/parm.com\/fi\/myparm\/resurssienhallinta\/\" \/>\n<meta property=\"og:locale\" content=\"fi_FI\" \/>\n<meta property=\"og:type\" content=\"article\" \/>\n<meta property=\"og:title\" content=\"Resurssien hallinta myPARM-ohjelmalla\" \/>\n<meta property=\"og:description\" content=\"Suunnittele ja tarkista ty\u00f6ntekij\u00f6iden, organisaatioyksik\u00f6iden, taitojen tai yksitt\u00e4isten sis\u00e4isten ja ulkoisten resurssien k\u00e4ytt\u00f6.\" \/>\n<meta property=\"og:url\" content=\"https:\/\/parm.com\/fi\/myparm\/resurssienhallinta\/\" \/>\n<meta property=\"og:site_name\" content=\"Parm AG\" \/>\n<meta property=\"article:publisher\" content=\"https:\/\/www.facebook.com\/myparm\" \/>\n<meta property=\"article:modified_time\" content=\"2026-03-02T15:16:53+00:00\" \/>\n<meta property=\"og:image\" content=\"https:\/\/parm.com\/wp-content\/uploads\/2022\/08\/Header_Ressourcenmanagement.png\" \/>\n\t<meta property=\"og:image:width\" content=\"1080\" \/>\n\t<meta property=\"og:image:height\" content=\"500\" \/>\n\t<meta property=\"og:image:type\" content=\"image\/png\" \/>\n<meta name=\"twitter:card\" content=\"summary_large_image\" \/>\n<meta name=\"twitter:title\" content=\"Resurssien hallinta myPARM-ohjelmalla\" \/>\n<meta name=\"twitter:description\" content=\"Suunnittele ja tarkista ty\u00f6ntekij\u00f6iden, organisaatioyksik\u00f6iden, taitojen tai yksitt\u00e4isten sis\u00e4isten ja ulkoisten resurssien k\u00e4ytt\u00f6.\" \/>\n<meta name=\"twitter:image\" content=\"https:\/\/parm.com\/wp-content\/uploads\/2022\/08\/Header_Ressourcenmanagement.png\" \/>\n<script type=\"application\/ld+json\" class=\"yoast-schema-graph\">{\"@context\":\"https:\\\/\\\/schema.org\",\"@graph\":[{\"@type\":\"WebPage\",\"@id\":\"https:\\\/\\\/parm.com\\\/fi\\\/myparm\\\/resurssienhallinta\\\/\",\"url\":\"https:\\\/\\\/parm.com\\\/fi\\\/myparm\\\/resurssienhallinta\\\/\",\"name\":\"Resurssienhallinta resurssien optimaalista k\u00e4ytt\u00f6\u00e4 varten\",\"isPartOf\":{\"@id\":\"https:\\\/\\\/parm.com\\\/fi\\\/#website\"},\"primaryImageOfPage\":{\"@id\":\"https:\\\/\\\/parm.com\\\/fi\\\/myparm\\\/resurssienhallinta\\\/#primaryimage\"},\"image\":{\"@id\":\"https:\\\/\\\/parm.com\\\/fi\\\/myparm\\\/resurssienhallinta\\\/#primaryimage\"},\"thumbnailUrl\":\"https:\\\/\\\/parm.com\\\/wp-content\\\/uploads\\\/2022\\\/08\\\/Header_Ressourcenmanagement.png\",\"datePublished\":\"2022-08-18T06:51:59+00:00\",\"dateModified\":\"2026-03-02T15:16:53+00:00\",\"description\":\"Resurssienhallinta ty\u00f6ntekij\u00f6iden, taitojen tai yksitt\u00e4isten resurssien k\u00e4yt\u00f6n suunnitteluun ja valvontaan.\",\"breadcrumb\":{\"@id\":\"https:\\\/\\\/parm.com\\\/fi\\\/myparm\\\/resurssienhallinta\\\/#breadcrumb\"},\"inLanguage\":\"fi\",\"potentialAction\":[{\"@type\":\"ReadAction\",\"target\":[\"https:\\\/\\\/parm.com\\\/fi\\\/myparm\\\/resurssienhallinta\\\/\"]}]},{\"@type\":\"ImageObject\",\"inLanguage\":\"fi\",\"@id\":\"https:\\\/\\\/parm.com\\\/fi\\\/myparm\\\/resurssienhallinta\\\/#primaryimage\",\"url\":\"https:\\\/\\\/parm.com\\\/wp-content\\\/uploads\\\/2022\\\/08\\\/Header_Ressourcenmanagement.png\",\"contentUrl\":\"https:\\\/\\\/parm.com\\\/wp-content\\\/uploads\\\/2022\\\/08\\\/Header_Ressourcenmanagement.png\",\"width\":1080,\"height\":500,\"caption\":\"Header Resource management\"},{\"@type\":\"BreadcrumbList\",\"@id\":\"https:\\\/\\\/parm.com\\\/fi\\\/myparm\\\/resurssienhallinta\\\/#breadcrumb\",\"itemListElement\":[{\"@type\":\"ListItem\",\"position\":1,\"name\":\"Startseite\",\"item\":\"https:\\\/\\\/parm.com\\\/fi\\\/\"},{\"@type\":\"ListItem\",\"position\":2,\"name\":\"Projektinhallinta\",\"item\":\"https:\\\/\\\/parm.com\\\/fi\\\/myparm\\\/\"},{\"@type\":\"ListItem\",\"position\":3,\"name\":\"Resurssienhallinta\"}]},{\"@type\":\"WebSite\",\"@id\":\"https:\\\/\\\/parm.com\\\/fi\\\/#website\",\"url\":\"https:\\\/\\\/parm.com\\\/fi\\\/\",\"name\":\"Parm AG\",\"description\":\"Successful projects. Swiss quality. Software f\u00fcr Projektmanagement\",\"publisher\":{\"@id\":\"https:\\\/\\\/parm.com\\\/fi\\\/#organization\"},\"alternateName\":\"Parm\",\"potentialAction\":[{\"@type\":\"SearchAction\",\"target\":{\"@type\":\"EntryPoint\",\"urlTemplate\":\"https:\\\/\\\/parm.com\\\/fi\\\/?s={search_term_string}\"},\"query-input\":{\"@type\":\"PropertyValueSpecification\",\"valueRequired\":true,\"valueName\":\"search_term_string\"}}],\"inLanguage\":\"fi\"},{\"@type\":\"Organization\",\"@id\":\"https:\\\/\\\/parm.com\\\/fi\\\/#organization\",\"name\":\"Parm AG\",\"alternateName\":\"Parm\",\"url\":\"https:\\\/\\\/parm.com\\\/fi\\\/\",\"logo\":{\"@type\":\"ImageObject\",\"inLanguage\":\"fi\",\"@id\":\"https:\\\/\\\/parm.com\\\/fi\\\/#\\\/schema\\\/logo\\\/image\\\/\",\"url\":\"https:\\\/\\\/parm.com\\\/wp-content\\\/uploads\\\/2021\\\/11\\\/Parm_Logo_blue_RGB.png\",\"contentUrl\":\"https:\\\/\\\/parm.com\\\/wp-content\\\/uploads\\\/2021\\\/11\\\/Parm_Logo_blue_RGB.png\",\"width\":908,\"height\":228,\"caption\":\"Parm AG\"},\"image\":{\"@id\":\"https:\\\/\\\/parm.com\\\/fi\\\/#\\\/schema\\\/logo\\\/image\\\/\"},\"sameAs\":[\"https:\\\/\\\/www.facebook.com\\\/myparm\",\"https:\\\/\\\/www.linkedin.com\\\/company\\\/parm-ag\",\"https:\\\/\\\/www.xing.com\\\/pages\\\/parmag\"]}]}<\/script>\n<!-- \/ Yoast SEO plugin. -->","yoast_head_json":{"title":"Resurssienhallinta resurssien optimaalista k\u00e4ytt\u00f6\u00e4 varten","description":"Resurssienhallinta ty\u00f6ntekij\u00f6iden, taitojen tai yksitt\u00e4isten resurssien k\u00e4yt\u00f6n suunnitteluun ja valvontaan.","robots":{"index":"index","follow":"follow","max-snippet":"max-snippet:-1","max-image-preview":"max-image-preview:large","max-video-preview":"max-video-preview:-1"},"canonical":"https:\/\/parm.com\/fi\/myparm\/resurssienhallinta\/","og_locale":"fi_FI","og_type":"article","og_title":"Resurssien hallinta myPARM-ohjelmalla","og_description":"Suunnittele ja tarkista ty\u00f6ntekij\u00f6iden, organisaatioyksik\u00f6iden, taitojen tai yksitt\u00e4isten sis\u00e4isten ja ulkoisten resurssien k\u00e4ytt\u00f6.","og_url":"https:\/\/parm.com\/fi\/myparm\/resurssienhallinta\/","og_site_name":"Parm AG","article_publisher":"https:\/\/www.facebook.com\/myparm","article_modified_time":"2026-03-02T15:16:53+00:00","og_image":[{"width":1080,"height":500,"url":"https:\/\/parm.com\/wp-content\/uploads\/2022\/08\/Header_Ressourcenmanagement.png","type":"image\/png"}],"twitter_card":"summary_large_image","twitter_title":"Resurssien hallinta myPARM-ohjelmalla","twitter_description":"Suunnittele ja tarkista ty\u00f6ntekij\u00f6iden, organisaatioyksik\u00f6iden, taitojen tai yksitt\u00e4isten sis\u00e4isten ja ulkoisten resurssien k\u00e4ytt\u00f6.","twitter_image":"https:\/\/parm.com\/wp-content\/uploads\/2022\/08\/Header_Ressourcenmanagement.png","schema":{"@context":"https:\/\/schema.org","@graph":[{"@type":"WebPage","@id":"https:\/\/parm.com\/fi\/myparm\/resurssienhallinta\/","url":"https:\/\/parm.com\/fi\/myparm\/resurssienhallinta\/","name":"Resurssienhallinta resurssien optimaalista k\u00e4ytt\u00f6\u00e4 varten","isPartOf":{"@id":"https:\/\/parm.com\/fi\/#website"},"primaryImageOfPage":{"@id":"https:\/\/parm.com\/fi\/myparm\/resurssienhallinta\/#primaryimage"},"image":{"@id":"https:\/\/parm.com\/fi\/myparm\/resurssienhallinta\/#primaryimage"},"thumbnailUrl":"https:\/\/parm.com\/wp-content\/uploads\/2022\/08\/Header_Ressourcenmanagement.png","datePublished":"2022-08-18T06:51:59+00:00","dateModified":"2026-03-02T15:16:53+00:00","description":"Resurssienhallinta ty\u00f6ntekij\u00f6iden, taitojen tai yksitt\u00e4isten resurssien k\u00e4yt\u00f6n suunnitteluun ja valvontaan.","breadcrumb":{"@id":"https:\/\/parm.com\/fi\/myparm\/resurssienhallinta\/#breadcrumb"},"inLanguage":"fi","potentialAction":[{"@type":"ReadAction","target":["https:\/\/parm.com\/fi\/myparm\/resurssienhallinta\/"]}]},{"@type":"ImageObject","inLanguage":"fi","@id":"https:\/\/parm.com\/fi\/myparm\/resurssienhallinta\/#primaryimage","url":"https:\/\/parm.com\/wp-content\/uploads\/2022\/08\/Header_Ressourcenmanagement.png","contentUrl":"https:\/\/parm.com\/wp-content\/uploads\/2022\/08\/Header_Ressourcenmanagement.png","width":1080,"height":500,"caption":"Header Resource management"},{"@type":"BreadcrumbList","@id":"https:\/\/parm.com\/fi\/myparm\/resurssienhallinta\/#breadcrumb","itemListElement":[{"@type":"ListItem","position":1,"name":"Startseite","item":"https:\/\/parm.com\/fi\/"},{"@type":"ListItem","position":2,"name":"Projektinhallinta","item":"https:\/\/parm.com\/fi\/myparm\/"},{"@type":"ListItem","position":3,"name":"Resurssienhallinta"}]},{"@type":"WebSite","@id":"https:\/\/parm.com\/fi\/#website","url":"https:\/\/parm.com\/fi\/","name":"Parm AG","description":"Successful projects. Swiss quality. Software f\u00fcr Projektmanagement","publisher":{"@id":"https:\/\/parm.com\/fi\/#organization"},"alternateName":"Parm","potentialAction":[{"@type":"SearchAction","target":{"@type":"EntryPoint","urlTemplate":"https:\/\/parm.com\/fi\/?s={search_term_string}"},"query-input":{"@type":"PropertyValueSpecification","valueRequired":true,"valueName":"search_term_string"}}],"inLanguage":"fi"},{"@type":"Organization","@id":"https:\/\/parm.com\/fi\/#organization","name":"Parm AG","alternateName":"Parm","url":"https:\/\/parm.com\/fi\/","logo":{"@type":"ImageObject","inLanguage":"fi","@id":"https:\/\/parm.com\/fi\/#\/schema\/logo\/image\/","url":"https:\/\/parm.com\/wp-content\/uploads\/2021\/11\/Parm_Logo_blue_RGB.png","contentUrl":"https:\/\/parm.com\/wp-content\/uploads\/2021\/11\/Parm_Logo_blue_RGB.png","width":908,"height":228,"caption":"Parm AG"},"image":{"@id":"https:\/\/parm.com\/fi\/#\/schema\/logo\/image\/"},"sameAs":["https:\/\/www.facebook.com\/myparm","https:\/\/www.linkedin.com\/company\/parm-ag","https:\/\/www.xing.com\/pages\/parmag"]}]}},"_links":{"self":[{"href":"https:\/\/parm.com\/fi\/wp-json\/wp\/v2\/pages\/9620","targetHints":{"allow":["GET"]}}],"collection":[{"href":"https:\/\/parm.com\/fi\/wp-json\/wp\/v2\/pages"}],"about":[{"href":"https:\/\/parm.com\/fi\/wp-json\/wp\/v2\/types\/page"}],"author":[{"embeddable":true,"href":"https:\/\/parm.com\/fi\/wp-json\/wp\/v2\/users\/1"}],"replies":[{"embeddable":true,"href":"https:\/\/parm.com\/fi\/wp-json\/wp\/v2\/comments?post=9620"}],"version-history":[{"count":1,"href":"https:\/\/parm.com\/fi\/wp-json\/wp\/v2\/pages\/9620\/revisions"}],"predecessor-version":[{"id":246051,"href":"https:\/\/parm.com\/fi\/wp-json\/wp\/v2\/pages\/9620\/revisions\/246051"}],"up":[{"embeddable":true,"href":"https:\/\/parm.com\/fi\/wp-json\/wp\/v2\/pages\/9450"}],"wp:featuredmedia":[{"embeddable":true,"href":"https:\/\/parm.com\/fi\/wp-json\/wp\/v2\/media\/9567"}],"wp:attachment":[{"href":"https:\/\/parm.com\/fi\/wp-json\/wp\/v2\/media?parent=9620"}],"curies":[{"name":"wp","href":"https:\/\/api.w.org\/{rel}","templated":true}]}}