{"id":6065,"date":"2022-05-17T15:10:03","date_gmt":"2022-05-17T13:10:03","guid":{"rendered":"https:\/\/parm.com\/bisnesaely\/raportointi\/"},"modified":"2026-03-02T16:16:40","modified_gmt":"2026-03-02T15:16:40","slug":"raportointi","status":"publish","type":"page","link":"https:\/\/parm.com\/fi\/bisnesaly\/raportointi\/","title":{"rendered":"Raportointi"},"content":{"rendered":"\n<div class=\"et_pb_section_0 et_pb_section et_section_regular et_block_section et_animated\"><div class=\"et_pb_row_0 et_pb_row et_block_row\"><div class=\"et_pb_column_0 et_pb_column et_pb_column_4_4 et-last-child et_block_column et_pb_css_mix_blend_mode_passthrough\"><div class=\"et_pb_text_0 et_pb_text et_pb_bg_layout_light et_pb_module et_block_module preset--module--divi-text--default\"><div class=\"et_pb_text_inner\"><h1 style=\"text-align: left;\"><strong>Raportointi<br \/><\/strong><span style=\"color: #c01e2b;\">intuitiivista ja nopeaa<\/span><strong><span style=\"color: #c01e2b;\"><\/span><\/strong><\/h1>\n<\/div><\/div><\/div><\/div><div class=\"et_pb_row_1 et_pb_row et_block_row\"><div class=\"et_pb_column_1 et_pb_column et_pb_column_3_5 et_block_column et_pb_css_mix_blend_mode_passthrough\"><div class=\"et_pb_text_1 et_pb_text et_pb_bg_layout_light et_pb_module et_block_module preset--module--divi-text--default\"><div class=\"et_pb_text_inner\"><h2>Aktiivinen raportointij\u00e4rjestelm\u00e4 avainlukuja varten<\/h2>\n<\/div><\/div><div class=\"et_pb_blurb_0 et_pb_blurb et_pb_bg_layout_light et_pb_blurb_position_left et_pb_module et_block_module\"><div class=\"et_pb_blurb_content\"><div class=\"et_pb_main_blurb_image\"><span class=\"et_pb_image_wrap\"><span class=\"et-pb-icon\">R<\/span><\/span><\/div><div class=\"et_pb_blurb_container\"><div class=\"et_pb_blurb_description\"><p><strong>Intuitiivinen raporttien luominen interaktiivisissa kojelaudoissa<br \/><\/strong><\/p>\n<\/div><\/div><\/div><\/div><div class=\"et_pb_blurb_1 et_pb_blurb et_pb_bg_layout_light et_pb_blurb_position_left et_pb_module et_block_module\"><div class=\"et_pb_blurb_content\"><div class=\"et_pb_main_blurb_image\"><span class=\"et_pb_image_wrap\"><span class=\"et-pb-icon\">R<\/span><\/span><\/div><div class=\"et_pb_blurb_container\"><div class=\"et_pb_blurb_description\"><p><strong>Mukauttaminen yritysmuotoiluun Report Designerissa<br \/><\/strong><\/p>\n<\/div><\/div><\/div><\/div><div class=\"et_pb_blurb_2 et_pb_blurb et_pb_bg_layout_light et_pb_blurb_position_left et_pb_module et_block_module\"><div class=\"et_pb_blurb_content\"><div class=\"et_pb_main_blurb_image\"><span class=\"et_pb_image_wrap\"><span class=\"et-pb-icon\">R<\/span><\/span><\/div><div class=\"et_pb_blurb_container\"><div class=\"et_pb_blurb_description\"><p><strong>K\u00e4yt\u00e4nn\u00f6llinen vientitoiminto<br \/><\/strong><\/p>\n<\/div><\/div><\/div><\/div><\/div><div class=\"et_pb_column_2 et_pb_column et_pb_column_2_5 et-last-child et_block_column et_pb_column_empty et_pb_css_mix_blend_mode_passthrough\"><\/div><\/div><\/div><div class=\"et_pb_section_1 et_pb_section et_section_regular et_block_section\"><div class=\"et_pb_row_2 et_pb_row et_block_row\"><div class=\"et_pb_column_3 et_pb_column et_pb_column_1_2 et_block_column et_pb_css_mix_blend_mode_passthrough\"><div class=\"et_pb_image_0 et_pb_image et_pb_module et_block_module\"><span class=\"et_pb_image_wrap\"><img decoding=\"async\" src=\"https:\/\/new-site.parm.com\/wp-content\/uploads\/2022\/03\/Reports_BI.png\" title=\"Raportit_BI\" alt=\"Raportit BI\" \/><\/span><\/div><\/div><div class=\"et_pb_column_4 et_pb_column et_pb_column_1_2 et-last-child et_block_column et_pb_css_mix_blend_mode_passthrough\"><div class=\"et_pb_text_2 et_pb_text et_pb_bg_layout_light et_pb_module et_block_module preset--module--divi-text--default\"><div class=\"et_pb_text_inner\"><h2>Helppolukuiset raportit ja kojelaudat<\/h2>\n<p>Luo nopeasti ja intuitiivisesti erilaisia arvioita raporteissa ja kojelaudoissa m\u00e4\u00e4ritt\u00e4miesi tunnuslukujen ja tietojen perusteella valitsemassasi muodossa.<\/p>\n<p>Aktiivinen raportointij\u00e4rjestelm\u00e4 luo automaattisia raportteja s\u00e4\u00e4nn\u00f6llisin v\u00e4liajoin, jotka m\u00e4\u00e4rit\u00e4\u00e4 tai kun raja-arvot ylittyv\u00e4t.<\/p>\n<p>&nbsp;<\/p>\n<p>&nbsp;<\/p>\n<\/div><\/div><\/div><\/div><div class=\"et_pb_row_3 et_pb_row et_block_row\"><div class=\"et_pb_column_5 et_pb_column et_pb_column_1_2 et_block_column et_pb_css_mix_blend_mode_passthrough\"><div class=\"et_pb_text_3 et_pb_text et_pb_bg_layout_light et_pb_module et_block_module preset--module--divi-text--default\"><div class=\"et_pb_text_inner\"><h2>\u00e4lykk\u00e4\u00e4t toiminnot<br \/>r\u00e4\u00e4t\u00e4l\u00f6ity raportointi<\/h2>\n<p>K\u00e4yt\u00e4 valmiiksi konfiguroitua raportointia vakioraporttien avulla tai suunnittele omia yksil\u00f6llisi\u00e4 raportteja ja mittaritauluja. Voit halutessasi tuoda tietoja eri l\u00e4hteist\u00e4 standardiliit\u00e4nt\u00f6jen kautta tai sy\u00f6tt\u00e4m\u00e4ll\u00e4 tiedot manuaalisesti.<br \/>Saat ajantasaiset analyysit milloin tahansa, voit t\u00e4ydent\u00e4\u00e4 niit\u00e4 laadullisilla lis\u00e4arvioilla kattavan kokonaiskuvan saamiseksi ja vied\u00e4 analyysit eri muodoissa.<\/p>\n<\/div><\/div><\/div><div class=\"et_pb_column_6 et_pb_column et_pb_column_1_2 et-last-child et_block_column et_pb_css_mix_blend_mode_passthrough\"><div class=\"et_pb_accordion_0 et_pb_accordion et_pb_module et_block_module preset--module--divi-accordion--1db42e89-42fb-4ded-96a2-a25dea7661d6\"><div class=\"et_pb_accordion_item_0 et_pb_accordion_item et_pb_toggle et_pb_module et_pb_toggle_open et_block_module\"><h5 class=\"et_pb_toggle_title\">HALLINOINTITIETOJ\u00c4RJESTELM\u00c4<\/h5><div class=\"et_pb_toggle_content\"><p>Kaikki p\u00e4\u00e4t\u00f6ksentekoon liittyv\u00e4 t\u00e4rke\u00e4 tieto vastuualueeltasi yhdell\u00e4 silm\u00e4yksell\u00e4 \u2013 hyvin perusteltuja strategisia, taktisia ja operatiivisia p\u00e4\u00e4t\u00f6ksi\u00e4 varten.<\/p>\n<\/div><\/div><div class=\"et_pb_accordion_item_1 et_pb_accordion_item et_pb_toggle et_pb_module et_pb_toggle_close et_block_module\"><h5 class=\"et_pb_toggle_title\">Raporttien suunnittelija<\/h5><div class=\"et_pb_toggle_content\"><p>Luo omat raportit toiveidesi mukaan. Mukauta suunnittelu yrityksesi ilmeeseen ja valitse, mitk\u00e4 tunnusluvut ja visualisoinnit haluat n\u00e4kyv\u00e4n.<\/p>\n<\/div><\/div><div class=\"et_pb_accordion_item_2 et_pb_accordion_item et_pb_toggle et_pb_module et_pb_toggle_close et_block_module\"><h5 class=\"et_pb_toggle_title\">ASIAKIRJAHALLINTA<\/h5><div class=\"et_pb_toggle_content\"><p>Integroitu dokumenttien hallinta lis\u00e4tietojen tallentamiseksi prosesseissasi, esim. tekstiasiakirjat, kuvat, taulukot, s\u00e4hk\u00f6postit jne.<\/p>\n<\/div><\/div><div class=\"et_pb_accordion_item_3 et_pb_accordion_item et_pb_toggle et_pb_module et_pb_toggle_close et_block_module\"><h5 class=\"et_pb_toggle_title\">OPTIMOINTI MOBIILILAITTEILLE<\/h5><div class=\"et_pb_toggle_content\"><p>Mobiililaitteiden (\u00e4lypuhelimet, tabletit) erilaisten kojetaulujen automaattinen toimittaminen optimoidussa muodossa.<\/p>\n<\/div><\/div><div class=\"et_pb_accordion_item_4 et_pb_accordion_item et_pb_toggle et_pb_module et_pb_toggle_close et_block_module\"><h5 class=\"et_pb_toggle_title\">Tietojen vienti<\/h5><div class=\"et_pb_toggle_content\"><p>yleisiss\u00e4 muodoissa, kuten esim. Excel, PPT, Word, PDF, XML jne.<\/p>\n<\/div><\/div><\/div><\/div><\/div><\/div><div class=\"et_pb_section_2 et_pb_section et_section_regular et_block_section\"><div class=\"et_pb_row_4 et_pb_row et_block_row\"><div class=\"et_pb_column_7 et_pb_column et_pb_column_4_4 et-last-child et_block_column et_pb_css_mix_blend_mode_passthrough\"><div class=\"et_pb_code_0 et_pb_code et_pb_module\"><div class=\"et_pb_code_inner\"><!-- Calendly Badge-Widget Beginn -->\n<link href=\"https:\/\/assets.calendly.com\/assets\/external\/widget.css\" rel=\"stylesheet\">\n<script src=\"https:\/\/assets.calendly.com\/assets\/external\/widget.js\" type=\"text\/javascript\"><\/script>\n<script type=\"text\/javascript\">Calendly.initBadgeWidget({ url: 'https:\/\/calendly.com\/d\/z2b-x3c-zxg', text: 'J\u00e4rjest\u00e4 tapaaminen', color: '#00a2ff', textColor: '#ffffff', branding: false });<\/script>\n<!-- Calendly Badge-Widget Ende -->\n<\/div><\/div><\/div><\/div><\/div>\n","protected":false},"excerpt":{"rendered":"<p>Luo nopeasti ja intuitiivisesti erilaisia arvioita raporteissa ja kojelaudoissa m\u00e4\u00e4ritt\u00e4miesi tunnuslukujen ja tietojen perusteella valitsemassasi muodossa.<br \/>\nReport Designerin avulla voit luoda raportteja omalla muotoilulla ja valmistella niit\u00e4 tulostukseen tai vientiin eri muodoissa.<\/p>\n","protected":false},"author":1,"featured_media":5716,"parent":5821,"menu_order":0,"comment_status":"closed","ping_status":"closed","template":"","meta":{"footnotes":""},"class_list":["post-6065","page","type-page","status-publish","has-post-thumbnail","hentry"],"yoast_head":"<!-- This site is optimized with the Yoast SEO plugin v27.5 - https:\/\/yoast.com\/product\/yoast-seo-wordpress\/ -->\n<title>Raportointi kanssa myPARM BIact | Parm AG<\/title>\n<meta name=\"description\" content=\"Luo raportteja nopeasti ja intuitiivisesti interaktiivisissa kojelaudoissa, joissa on laaja valikoima kaavioita ja ty\u00f6kaluja.\" \/>\n<meta name=\"robots\" content=\"index, follow, max-snippet:-1, max-image-preview:large, max-video-preview:-1\" \/>\n<link rel=\"canonical\" href=\"https:\/\/parm.com\/fi\/bisnesaly\/raportointi\/\" \/>\n<meta property=\"og:locale\" content=\"fi_FI\" \/>\n<meta property=\"og:type\" content=\"article\" \/>\n<meta property=\"og:title\" content=\"Helppolukuiset raportit ja kojelaudat, helppo suunnitella\" \/>\n<meta property=\"og:description\" content=\"Luo raportteja nopeasti ja intuitiivisesti interaktiivisissa kojelaudoissa, joissa on laaja valikoima kaavioita ja ty\u00f6kaluja. Report Designerin avulla voit luoda raportteja omalla muotoilulla ja valmistella niit\u00e4 tulostukseen tai vientiin eri muodoissa.\" \/>\n<meta property=\"og:url\" content=\"https:\/\/parm.com\/fi\/bisnesaly\/raportointi\/\" \/>\n<meta property=\"og:site_name\" content=\"Parm AG\" \/>\n<meta property=\"article:publisher\" content=\"https:\/\/www.facebook.com\/myparm\" \/>\n<meta property=\"article:modified_time\" content=\"2026-03-02T15:16:40+00:00\" \/>\n<meta property=\"og:image\" content=\"https:\/\/parm.com\/wp-content\/uploads\/2022\/03\/Reports_BI-1024x549.jpg\" \/>\n<meta name=\"twitter:card\" content=\"summary_large_image\" \/>\n<meta name=\"twitter:title\" content=\"Helppolukuiset raportit ja kojelaudat, helppo suunnitella\" \/>\n<meta name=\"twitter:description\" content=\"Luo raportteja nopeasti ja intuitiivisesti interaktiivisissa kojelaudoissa, joissa on laaja valikoima kaavioita ja ty\u00f6kaluja. Report Designerin avulla voit luoda raportteja omalla muotoilulla ja valmistella niit\u00e4 tulostukseen tai vientiin eri muodoissa.\" \/>\n<meta name=\"twitter:image\" content=\"https:\/\/parm.com\/wp-content\/uploads\/2022\/03\/Reports_BI-1024x549.jpg\" \/>\n<script type=\"application\/ld+json\" class=\"yoast-schema-graph\">{\"@context\":\"https:\\\/\\\/schema.org\",\"@graph\":[{\"@type\":\"WebPage\",\"@id\":\"https:\\\/\\\/parm.com\\\/fi\\\/bisnesaly\\\/raportointi\\\/\",\"url\":\"https:\\\/\\\/parm.com\\\/fi\\\/bisnesaly\\\/raportointi\\\/\",\"name\":\"Raportointi kanssa myPARM BIact | Parm AG\",\"isPartOf\":{\"@id\":\"https:\\\/\\\/parm.com\\\/fi\\\/#website\"},\"primaryImageOfPage\":{\"@id\":\"https:\\\/\\\/parm.com\\\/fi\\\/bisnesaly\\\/raportointi\\\/#primaryimage\"},\"image\":{\"@id\":\"https:\\\/\\\/parm.com\\\/fi\\\/bisnesaly\\\/raportointi\\\/#primaryimage\"},\"thumbnailUrl\":\"https:\\\/\\\/parm.com\\\/wp-content\\\/uploads\\\/2022\\\/03\\\/Reports_BI.jpg\",\"datePublished\":\"2022-05-17T13:10:03+00:00\",\"dateModified\":\"2026-03-02T15:16:40+00:00\",\"description\":\"Luo raportteja nopeasti ja intuitiivisesti interaktiivisissa kojelaudoissa, joissa on laaja valikoima kaavioita ja ty\u00f6kaluja.\",\"breadcrumb\":{\"@id\":\"https:\\\/\\\/parm.com\\\/fi\\\/bisnesaly\\\/raportointi\\\/#breadcrumb\"},\"inLanguage\":\"fi\",\"potentialAction\":[{\"@type\":\"ReadAction\",\"target\":[\"https:\\\/\\\/parm.com\\\/fi\\\/bisnesaly\\\/raportointi\\\/\"]}]},{\"@type\":\"ImageObject\",\"inLanguage\":\"fi\",\"@id\":\"https:\\\/\\\/parm.com\\\/fi\\\/bisnesaly\\\/raportointi\\\/#primaryimage\",\"url\":\"https:\\\/\\\/parm.com\\\/wp-content\\\/uploads\\\/2022\\\/03\\\/Reports_BI.jpg\",\"contentUrl\":\"https:\\\/\\\/parm.com\\\/wp-content\\\/uploads\\\/2022\\\/03\\\/Reports_BI.jpg\",\"width\":1727,\"height\":926,\"caption\":\"BI-analyysit kannettavalla tietokoneella, tabletilla ja \u00e4lypuhelimella\"},{\"@type\":\"BreadcrumbList\",\"@id\":\"https:\\\/\\\/parm.com\\\/fi\\\/bisnesaly\\\/raportointi\\\/#breadcrumb\",\"itemListElement\":[{\"@type\":\"ListItem\",\"position\":1,\"name\":\"Startseite\",\"item\":\"https:\\\/\\\/parm.com\\\/fi\\\/\"},{\"@type\":\"ListItem\",\"position\":2,\"name\":\"Bisnes\u00e4ly\",\"item\":\"https:\\\/\\\/parm.com\\\/fi\\\/bisnesaly\\\/\"},{\"@type\":\"ListItem\",\"position\":3,\"name\":\"Raportointi\"}]},{\"@type\":\"WebSite\",\"@id\":\"https:\\\/\\\/parm.com\\\/fi\\\/#website\",\"url\":\"https:\\\/\\\/parm.com\\\/fi\\\/\",\"name\":\"Parm AG\",\"description\":\"Successful projects. Swiss quality. Software f\u00fcr Projektmanagement\",\"publisher\":{\"@id\":\"https:\\\/\\\/parm.com\\\/fi\\\/#organization\"},\"alternateName\":\"Parm\",\"potentialAction\":[{\"@type\":\"SearchAction\",\"target\":{\"@type\":\"EntryPoint\",\"urlTemplate\":\"https:\\\/\\\/parm.com\\\/fi\\\/?s={search_term_string}\"},\"query-input\":{\"@type\":\"PropertyValueSpecification\",\"valueRequired\":true,\"valueName\":\"search_term_string\"}}],\"inLanguage\":\"fi\"},{\"@type\":\"Organization\",\"@id\":\"https:\\\/\\\/parm.com\\\/fi\\\/#organization\",\"name\":\"Parm AG\",\"alternateName\":\"Parm\",\"url\":\"https:\\\/\\\/parm.com\\\/fi\\\/\",\"logo\":{\"@type\":\"ImageObject\",\"inLanguage\":\"fi\",\"@id\":\"https:\\\/\\\/parm.com\\\/fi\\\/#\\\/schema\\\/logo\\\/image\\\/\",\"url\":\"https:\\\/\\\/parm.com\\\/wp-content\\\/uploads\\\/2021\\\/11\\\/Parm_Logo_blue_RGB.png\",\"contentUrl\":\"https:\\\/\\\/parm.com\\\/wp-content\\\/uploads\\\/2021\\\/11\\\/Parm_Logo_blue_RGB.png\",\"width\":908,\"height\":228,\"caption\":\"Parm AG\"},\"image\":{\"@id\":\"https:\\\/\\\/parm.com\\\/fi\\\/#\\\/schema\\\/logo\\\/image\\\/\"},\"sameAs\":[\"https:\\\/\\\/www.facebook.com\\\/myparm\",\"https:\\\/\\\/www.linkedin.com\\\/company\\\/parm-ag\",\"https:\\\/\\\/www.xing.com\\\/pages\\\/parmag\"]}]}<\/script>\n<!-- \/ Yoast SEO plugin. -->","yoast_head_json":{"title":"Raportointi kanssa myPARM BIact | Parm AG","description":"Luo raportteja nopeasti ja intuitiivisesti interaktiivisissa kojelaudoissa, joissa on laaja valikoima kaavioita ja ty\u00f6kaluja.","robots":{"index":"index","follow":"follow","max-snippet":"max-snippet:-1","max-image-preview":"max-image-preview:large","max-video-preview":"max-video-preview:-1"},"canonical":"https:\/\/parm.com\/fi\/bisnesaly\/raportointi\/","og_locale":"fi_FI","og_type":"article","og_title":"Helppolukuiset raportit ja kojelaudat, helppo suunnitella","og_description":"Luo raportteja nopeasti ja intuitiivisesti interaktiivisissa kojelaudoissa, joissa on laaja valikoima kaavioita ja ty\u00f6kaluja. Report Designerin avulla voit luoda raportteja omalla muotoilulla ja valmistella niit\u00e4 tulostukseen tai vientiin eri muodoissa.","og_url":"https:\/\/parm.com\/fi\/bisnesaly\/raportointi\/","og_site_name":"Parm AG","article_publisher":"https:\/\/www.facebook.com\/myparm","article_modified_time":"2026-03-02T15:16:40+00:00","og_image":[{"url":"https:\/\/parm.com\/wp-content\/uploads\/2022\/03\/Reports_BI-1024x549.jpg","type":"","width":"","height":""}],"twitter_card":"summary_large_image","twitter_title":"Helppolukuiset raportit ja kojelaudat, helppo suunnitella","twitter_description":"Luo raportteja nopeasti ja intuitiivisesti interaktiivisissa kojelaudoissa, joissa on laaja valikoima kaavioita ja ty\u00f6kaluja. Report Designerin avulla voit luoda raportteja omalla muotoilulla ja valmistella niit\u00e4 tulostukseen tai vientiin eri muodoissa.","twitter_image":"https:\/\/parm.com\/wp-content\/uploads\/2022\/03\/Reports_BI-1024x549.jpg","schema":{"@context":"https:\/\/schema.org","@graph":[{"@type":"WebPage","@id":"https:\/\/parm.com\/fi\/bisnesaly\/raportointi\/","url":"https:\/\/parm.com\/fi\/bisnesaly\/raportointi\/","name":"Raportointi kanssa myPARM BIact | Parm AG","isPartOf":{"@id":"https:\/\/parm.com\/fi\/#website"},"primaryImageOfPage":{"@id":"https:\/\/parm.com\/fi\/bisnesaly\/raportointi\/#primaryimage"},"image":{"@id":"https:\/\/parm.com\/fi\/bisnesaly\/raportointi\/#primaryimage"},"thumbnailUrl":"https:\/\/parm.com\/wp-content\/uploads\/2022\/03\/Reports_BI.jpg","datePublished":"2022-05-17T13:10:03+00:00","dateModified":"2026-03-02T15:16:40+00:00","description":"Luo raportteja nopeasti ja intuitiivisesti interaktiivisissa kojelaudoissa, joissa on laaja valikoima kaavioita ja ty\u00f6kaluja.","breadcrumb":{"@id":"https:\/\/parm.com\/fi\/bisnesaly\/raportointi\/#breadcrumb"},"inLanguage":"fi","potentialAction":[{"@type":"ReadAction","target":["https:\/\/parm.com\/fi\/bisnesaly\/raportointi\/"]}]},{"@type":"ImageObject","inLanguage":"fi","@id":"https:\/\/parm.com\/fi\/bisnesaly\/raportointi\/#primaryimage","url":"https:\/\/parm.com\/wp-content\/uploads\/2022\/03\/Reports_BI.jpg","contentUrl":"https:\/\/parm.com\/wp-content\/uploads\/2022\/03\/Reports_BI.jpg","width":1727,"height":926,"caption":"BI-analyysit kannettavalla tietokoneella, tabletilla ja \u00e4lypuhelimella"},{"@type":"BreadcrumbList","@id":"https:\/\/parm.com\/fi\/bisnesaly\/raportointi\/#breadcrumb","itemListElement":[{"@type":"ListItem","position":1,"name":"Startseite","item":"https:\/\/parm.com\/fi\/"},{"@type":"ListItem","position":2,"name":"Bisnes\u00e4ly","item":"https:\/\/parm.com\/fi\/bisnesaly\/"},{"@type":"ListItem","position":3,"name":"Raportointi"}]},{"@type":"WebSite","@id":"https:\/\/parm.com\/fi\/#website","url":"https:\/\/parm.com\/fi\/","name":"Parm AG","description":"Successful projects. Swiss quality. Software f\u00fcr Projektmanagement","publisher":{"@id":"https:\/\/parm.com\/fi\/#organization"},"alternateName":"Parm","potentialAction":[{"@type":"SearchAction","target":{"@type":"EntryPoint","urlTemplate":"https:\/\/parm.com\/fi\/?s={search_term_string}"},"query-input":{"@type":"PropertyValueSpecification","valueRequired":true,"valueName":"search_term_string"}}],"inLanguage":"fi"},{"@type":"Organization","@id":"https:\/\/parm.com\/fi\/#organization","name":"Parm AG","alternateName":"Parm","url":"https:\/\/parm.com\/fi\/","logo":{"@type":"ImageObject","inLanguage":"fi","@id":"https:\/\/parm.com\/fi\/#\/schema\/logo\/image\/","url":"https:\/\/parm.com\/wp-content\/uploads\/2021\/11\/Parm_Logo_blue_RGB.png","contentUrl":"https:\/\/parm.com\/wp-content\/uploads\/2021\/11\/Parm_Logo_blue_RGB.png","width":908,"height":228,"caption":"Parm AG"},"image":{"@id":"https:\/\/parm.com\/fi\/#\/schema\/logo\/image\/"},"sameAs":["https:\/\/www.facebook.com\/myparm","https:\/\/www.linkedin.com\/company\/parm-ag","https:\/\/www.xing.com\/pages\/parmag"]}]}},"_links":{"self":[{"href":"https:\/\/parm.com\/fi\/wp-json\/wp\/v2\/pages\/6065","targetHints":{"allow":["GET"]}}],"collection":[{"href":"https:\/\/parm.com\/fi\/wp-json\/wp\/v2\/pages"}],"about":[{"href":"https:\/\/parm.com\/fi\/wp-json\/wp\/v2\/types\/page"}],"author":[{"embeddable":true,"href":"https:\/\/parm.com\/fi\/wp-json\/wp\/v2\/users\/1"}],"replies":[{"embeddable":true,"href":"https:\/\/parm.com\/fi\/wp-json\/wp\/v2\/comments?post=6065"}],"version-history":[{"count":1,"href":"https:\/\/parm.com\/fi\/wp-json\/wp\/v2\/pages\/6065\/revisions"}],"predecessor-version":[{"id":246029,"href":"https:\/\/parm.com\/fi\/wp-json\/wp\/v2\/pages\/6065\/revisions\/246029"}],"up":[{"embeddable":true,"href":"https:\/\/parm.com\/fi\/wp-json\/wp\/v2\/pages\/5821"}],"wp:featuredmedia":[{"embeddable":true,"href":"https:\/\/parm.com\/fi\/wp-json\/wp\/v2\/media\/5716"}],"wp:attachment":[{"href":"https:\/\/parm.com\/fi\/wp-json\/wp\/v2\/media?parent=6065"}],"curies":[{"name":"wp","href":"https:\/\/api.w.org\/{rel}","templated":true}]}}