{"id":6042,"date":"2022-05-16T16:24:40","date_gmt":"2022-05-16T14:24:40","guid":{"rendered":"https:\/\/parm.com\/hosting\/"},"modified":"2026-03-02T16:16:36","modified_gmt":"2026-03-02T15:16:36","slug":"hostaus","status":"publish","type":"page","link":"https:\/\/parm.com\/fi\/hostaus\/","title":{"rendered":"Hostaus"},"content":{"rendered":"\n<div class=\"et_pb_section_0 et_pb_section et_section_regular et_block_section et_animated\"><div class=\"et_pb_row_0 et_pb_row et_block_row\"><div class=\"et_pb_column_0 et_pb_column et_pb_column_4_4 et-last-child et_block_column et_pb_css_mix_blend_mode_passthrough\"><div class=\"et_pb_text_0 et_pb_text et_pb_bg_layout_light et_pb_module et_block_module preset--module--divi-text--default\"><div class=\"et_pb_text_inner\"><h1 style=\"text-align: left;\"><strong>hostaus<\/strong><strong><span style=\"color: #c01e2b;\"><\/span><\/strong><\/h1>\n<p><span style=\"font-size: large;\">\"Ymp\u00e4ri vuorokauden huoleton\u201d -paketti tiedoillesi.<\/span><\/p>\n<\/div><\/div><\/div><\/div><\/div><div class=\"et_pb_section_1 et_pb_section et_section_regular et_block_section\"><div class=\"et_pb_row_1 et_pb_row et_block_row\"><div class=\"et_pb_column_1 et_pb_column et_pb_column_1_2 et_block_column et_pb_css_mix_blend_mode_passthrough\"><div class=\"et_pb_text_1 et_pb_text et_pb_bg_layout_light et_pb_module et_block_module preset--module--divi-text--default\"><div class=\"et_pb_text_inner\"><h2>TARJOUKSEMME<\/h2>\n<p>Jos haluat s\u00e4\u00e4st\u00e4\u00e4 arvokasta ty\u00f6aikaa ja investointikustannuksia omaan IT-infrastruktuuriin, tarjoamme sinulle mielell\u00e4mme my\u00f6s pilvess\u00e4 is\u00e4nn\u00f6ityj\u00e4 ohjelmistoratkaisujamme.<\/p>\n<p>Voit siis vuokrata myPARM-ohjelmiston Software-as-a-Service (SaaS) -palveluperiaatteella. T\u00e4m\u00e4 sis\u00e4lt\u00e4\u00e4 projektinhallintaohjelmiston toimittamisen palvelimelle sek\u00e4 hallinnolliset teht\u00e4v\u00e4t, kuten s\u00e4\u00e4nn\u00f6lliset tietojen varmuuskopioinnit, p\u00e4ivitykset ja suorituskyvyn seurannan. Tietomme ovat yksityisess\u00e4 virtuaalisessa palvelinkeskuksessa (Private Virtual Data Center), mik\u00e4 tarkoittaa, ett\u00e4 tietosi ovat yksil\u00f6llisess\u00e4 yksityisess\u00e4 ymp\u00e4rist\u00f6ss\u00e4.<\/p>\n<\/div><\/div><\/div><div class=\"et_pb_column_2 et_pb_column et_pb_column_1_2 et-last-child et_block_column et_pb_css_mix_blend_mode_passthrough\"><div class=\"et_pb_text_2 et_pb_text et_pb_bg_layout_light et_pb_module et_block_module preset--module--divi-text--default\"><div class=\"et_pb_text_inner\"><h2>ETUSI<\/h2>\n<ul>\n<li>Tietosi yksityisess\u00e4 ymp\u00e4rist\u00f6ss\u00e4 Sveitsiss\u00e4 tai Saksassa<\/li>\n<li>Eritt\u00e4in vakaa ymp\u00e4rist\u00f6, paras saatavuus pilvitekniikan ansiosta<\/li>\n<li>IT-ty\u00f6ntekij\u00f6it\u00e4 tarvitaan v\u00e4hemm\u00e4n (s\u00e4\u00e4st\u00f6t jopa 30 %)<\/li>\n<li>Varmuuskopiointi<\/li>\n<li>Ei tarvita suuria investointikustannuksia<\/li>\n<li>Voit keskitty\u00e4 ydinosaamiseesi<\/li>\n<li>Maksat vain siit\u00e4, mit\u00e4 todella k\u00e4yt\u00e4t<\/li>\n<li>Ohjelmisto on aina ajan tasalla<\/li>\n<li>Parannettu suorituskyky<\/li>\n<li>Palvelimen saatavuus taataan kaikkina aikoina<\/li>\n<li>IT-resurssit voidaan mukauttaa dynaamisesti liiketoimintasi kehitykseen<\/li>\n<\/ul>\n<\/div><\/div><div class=\"et_pb_image_0 et_pb_image et_pb_module et_block_module\"><span class=\"et_pb_image_wrap\"><img decoding=\"async\" src=\"https:\/\/new-site.parm.com\/wp-content\/uploads\/2022\/03\/sms-sh-logo-2h-72dpi-rgb.png\" title=\"Logo swiss made software + swiss hosting\" alt=\"Logo swiss made software + swiss hosting\" \/><\/span><\/div><\/div><\/div><div class=\"et_pb_row_2 et_pb_row et_block_row\"><div class=\"et_pb_column_3 et_pb_column et_pb_column_4_4 et-last-child et_block_column et_pb_css_mix_blend_mode_passthrough\"><div class=\"et_pb_text_3 et_pb_text et_pb_bg_layout_light et_pb_module et_block_module preset--module--divi-text--default\"><div class=\"et_pb_text_inner\"><p>Ohjelmistoamme voidaan k\u00e4ytt\u00e4\u00e4 joko paikallisesti tai is\u00e4nn\u00f6ityn\u00e4:<\/p>\n<\/div><\/div><div class=\"et_pb_code_0 et_pb_code et_pb_module\"><div class=\"et_pb_code_inner\">\n<table id=\"tablepress-4\" class=\"tablepress tablepress-id-4\">\n<thead>\n<tr class=\"row-1\">\n\t<th class=\"column-1\">Palvelu<\/th><th class=\"column-2\">Paikan p\u00e4\u00e4ll\u00e4<\/th><th class=\"column-3\">Is\u00e4nn\u00f6inti (Iaas)<\/th><th class=\"column-4\">SaaS\/PaaS<\/th>\n<\/tr>\n<\/thead>\n<tbody class=\"row-striping row-hover\">\n<tr class=\"row-2\">\n\t<td class=\"column-1\">Kuvaus<\/td><td class=\"column-2\">- Kaikki asiakkaan tarjoamana<br \/>\n- Laitteisto- ja ohjelmistovastuu asiakkaalla<\/td><td class=\"column-3\">- Laitteiston ulkoistaminen<br \/>\n- Ohjelmistot asiakkaan vastuulla<\/td><td class=\"column-4\">Plug and play<\/td>\n<\/tr>\n<tr class=\"row-3\">\n\t<td class=\"column-1\">Ominaisuudet:<\/td><td class=\"column-2\"><\/td><td class=\"column-3\"><\/td><td class=\"column-4\"><\/td>\n<\/tr>\n<tr class=\"row-4\">\n\t<td class=\"column-1\">Ohjelmistolisenssit<\/td><td class=\"column-2\">Kertaluonteinen tai vuokrattuna<\/td><td class=\"column-3\">Kertaluonteinen tai vuokrattuna<\/td><td class=\"column-4\">Vuokrattuna<\/td>\n<\/tr>\n<tr class=\"row-5\">\n\t<td class=\"column-1\">- Laitteisto<\/td><td class=\"column-2\">Asiakas<\/td><td class=\"column-3\">Is\u00e4nn\u00f6itsij\u00e4<\/td><td class=\"column-4\">Parm<\/td>\n<\/tr>\n<tr class=\"row-6\">\n\t<td class=\"column-1\">- Infrastruktuuri<\/td><td class=\"column-2\">Asiakas<\/td><td class=\"column-3\">Is\u00e4nn\u00f6itsij\u00e4<\/td><td class=\"column-4\">Parm<\/td>\n<\/tr>\n<tr class=\"row-7\">\n\t<td class=\"column-1\">- Ohjelmistojen yll\u00e4pito<\/td><td class=\"column-2\">Asiakas<\/td><td class=\"column-3\">Asiakas<\/td><td class=\"column-4\">Parm<\/td>\n<\/tr>\n<tr class=\"row-8\">\n\t<td class=\"column-1\">Vakaus &amp; Turvallisuus<\/td><td class=\"column-2\">Asiakkaan palvelinymp\u00e4rist\u00f6st\u00e4 riippuvainen<\/td><td class=\"column-3\">Riippuu valitusta is\u00e4nn\u00f6itsij\u00e4st\u00e4 ja SLA:sta (Service Level Agreement)<\/td><td class=\"column-4\">Ammattimainen\/moderni datakeskus, jopa 24x7x365 hallinta ja tuki mahdollinen, automaattiset sammutusj\u00e4rjestelm\u00e4t, tiukat turvallisuusohjeet, keskeytym\u00e4t\u00f6n virransy\u00f6tt\u00f6 dieselgeneraattoreiden tukemana. Tallennusj\u00e4rjestelm\u00e4 on redundantti ja varmuuskopioita tehd\u00e4\u00e4n s\u00e4\u00e4nn\u00f6llisesti.<\/td>\n<\/tr>\n<tr class=\"row-9\">\n\t<td class=\"column-1\">Saatavuus<\/td><td class=\"column-2\">Asiakkaan palvelimesta ja verkkoymp\u00e4rist\u00f6st\u00e4 riippuvainen<\/td><td class=\"column-3\">Riippuu valitusta is\u00e4nn\u00f6itsij\u00e4st\u00e4 ja SLA:sta<\/td><td class=\"column-4\">Toiminnan korkea saatavuus, ammattimainen Tier 4 -palvelinkeskus, ohjelmistotoimintojen saatavuus taataan aina<\/td>\n<\/tr>\n<tr class=\"row-10\">\n\t<td class=\"column-1\">Tuki<\/td><td class=\"column-2\">Asiakkaasta riippuvainen<\/td><td class=\"column-3\">Riippuu valitusta is\u00e4nn\u00f6itsij\u00e4st\u00e4 ja SLA:sta<\/td><td class=\"column-4\">H\u00e4t\u00e4numero kiireellisiss\u00e4 tapauksissa, ty\u00f6p\u00f6yt\u00e4tuki 24x7x365, tiket\u00f6intij\u00e4rjestelm\u00e4, tapahtumien seuranta, IT- ja ohjelmistoasiantuntijat ovat k\u00e4ytett\u00e4viss\u00e4 mahdollisimman lyhyess\u00e4 ajassa<\/td>\n<\/tr>\n<tr class=\"row-11\">\n\t<td class=\"column-1\">Sis\u00e4inen IT-henkil\u00f6st\u00f6<\/td><td class=\"column-2\">Tarvitaan asiantuntijoita, joilla on laaja osaaminen<\/td><td class=\"column-3\">Sis\u00e4inen j\u00e4rjestelm\u00e4nvalvoja voi olla hy\u00f6dyllinen<\/td><td class=\"column-4\">Sis\u00e4ist\u00e4 IT-henkil\u00f6st\u00f6\u00e4 ei tarvita<\/td>\n<\/tr>\n<tr class=\"row-12\">\n\t<td class=\"column-1\">Skaalautuvuus<\/td><td class=\"column-2\">Asiakkaan palvelinymp\u00e4rist\u00f6st\u00e4 riippuvainen<\/td><td class=\"column-3\">IT-resurssit ovat liiketoiminnan kehityksen kannalta skaalautuvia<\/td><td class=\"column-4\">IT-resurssit skaalataan automaattisesti dynaamisessa tilassa (suorituskykytakuu)<\/td>\n<\/tr>\n<\/tbody>\n<\/table>\n<!-- #tablepress-4 from cache --><\/div><\/div><\/div><\/div><\/div>\n","protected":false},"excerpt":{"rendered":"<p>Haluatko kevent\u00e4\u00e4 sis\u00e4isen IT-osastosi kuormitusta ja v\u00e4ltt\u00e4\u00e4 korkeita investointikustannuksia? Tarjoamme myPARM-palvelun is\u00e4nn\u00f6inti\u00e4 pilvipalvelussa.<\/p>\n","protected":false},"author":1,"featured_media":5601,"parent":0,"menu_order":0,"comment_status":"closed","ping_status":"closed","template":"","meta":{"footnotes":""},"class_list":["post-6042","page","type-page","status-publish","has-post-thumbnail","hentry"],"yoast_head":"<!-- This site is optimized with the Yoast SEO plugin v27.5 - https:\/\/yoast.com\/product\/yoast-seo-wordpress\/ -->\n<title>Hostaus myPARM | Parm AG<\/title>\n<meta name=\"description\" content=\"Haluatko kevent\u00e4\u00e4 sis\u00e4isen IT-osastosi kuormitusta ja v\u00e4ltt\u00e4\u00e4 korkeita investointikustannuksia? Tarjoamme myPARM-palvelun is\u00e4nn\u00f6inti\u00e4 pilvipalvelussa.\" \/>\n<meta name=\"robots\" content=\"index, follow, max-snippet:-1, max-image-preview:large, max-video-preview:-1\" \/>\n<link rel=\"canonical\" href=\"https:\/\/parm.com\/fi\/hostaus\/\" \/>\n<meta property=\"og:locale\" content=\"fi_FI\" \/>\n<meta property=\"og:type\" content=\"article\" \/>\n<meta property=\"og:title\" content=\"S\u00e4\u00e4st\u00e4\u00e4 ty\u00f6aikaa ja investointikustannuksia myPARMilla\" \/>\n<meta property=\"og:description\" content=\"Haluatko kevent\u00e4\u00e4 sis\u00e4isen IT-osastosi kuormitusta ja v\u00e4ltt\u00e4\u00e4 korkeita investointikustannuksia? Tarjoamme myPARM-palvelun is\u00e4nn\u00f6inti\u00e4 pilvipalvelussa.\" \/>\n<meta property=\"og:url\" content=\"https:\/\/parm.com\/fi\/hostaus\/\" \/>\n<meta property=\"og:site_name\" content=\"Parm AG\" \/>\n<meta property=\"article:publisher\" content=\"https:\/\/www.facebook.com\/myparm\" \/>\n<meta property=\"article:modified_time\" content=\"2026-03-02T15:16:36+00:00\" \/>\n<meta property=\"og:image\" content=\"https:\/\/parm.com\/wp-content\/uploads\/2022\/06\/Hosting.png\" \/>\n<meta name=\"twitter:card\" content=\"summary_large_image\" \/>\n<meta name=\"twitter:title\" content=\"S\u00e4\u00e4st\u00e4\u00e4 ty\u00f6aikaa ja investointikustannuksia myPARMilla\" \/>\n<meta name=\"twitter:description\" content=\"Haluatko kevent\u00e4\u00e4 sis\u00e4isen IT-osastosi kuormitusta ja v\u00e4ltt\u00e4\u00e4 korkeita investointikustannuksia? Tarjoamme myPARM-palvelun is\u00e4nn\u00f6inti\u00e4 pilvipalvelussa.\" \/>\n<meta name=\"twitter:image\" content=\"https:\/\/parm.com\/wp-content\/uploads\/2022\/06\/Hosting.png\" \/>\n<meta name=\"twitter:label1\" content=\"Arvioitu lukuaika\" \/>\n\t<meta name=\"twitter:data1\" content=\"2 minuuttia\" \/>\n<script type=\"application\/ld+json\" class=\"yoast-schema-graph\">{\"@context\":\"https:\\\/\\\/schema.org\",\"@graph\":[{\"@type\":\"WebPage\",\"@id\":\"https:\\\/\\\/parm.com\\\/fi\\\/hostaus\\\/\",\"url\":\"https:\\\/\\\/parm.com\\\/fi\\\/hostaus\\\/\",\"name\":\"Hostaus myPARM | Parm AG\",\"isPartOf\":{\"@id\":\"https:\\\/\\\/parm.com\\\/fi\\\/#website\"},\"primaryImageOfPage\":{\"@id\":\"https:\\\/\\\/parm.com\\\/fi\\\/hostaus\\\/#primaryimage\"},\"image\":{\"@id\":\"https:\\\/\\\/parm.com\\\/fi\\\/hostaus\\\/#primaryimage\"},\"thumbnailUrl\":\"https:\\\/\\\/parm.com\\\/wp-content\\\/uploads\\\/2022\\\/06\\\/Hosting.png\",\"datePublished\":\"2022-05-16T14:24:40+00:00\",\"dateModified\":\"2026-03-02T15:16:36+00:00\",\"description\":\"Haluatko kevent\u00e4\u00e4 sis\u00e4isen IT-osastosi kuormitusta ja v\u00e4ltt\u00e4\u00e4 korkeita investointikustannuksia? Tarjoamme myPARM-palvelun is\u00e4nn\u00f6inti\u00e4 pilvipalvelussa.\",\"breadcrumb\":{\"@id\":\"https:\\\/\\\/parm.com\\\/fi\\\/hostaus\\\/#breadcrumb\"},\"inLanguage\":\"fi\",\"potentialAction\":[{\"@type\":\"ReadAction\",\"target\":[\"https:\\\/\\\/parm.com\\\/fi\\\/hostaus\\\/\"]}]},{\"@type\":\"ImageObject\",\"inLanguage\":\"fi\",\"@id\":\"https:\\\/\\\/parm.com\\\/fi\\\/hostaus\\\/#primaryimage\",\"url\":\"https:\\\/\\\/parm.com\\\/wp-content\\\/uploads\\\/2022\\\/06\\\/Hosting.png\",\"contentUrl\":\"https:\\\/\\\/parm.com\\\/wp-content\\\/uploads\\\/2022\\\/06\\\/Hosting.png\",\"width\":1080,\"height\":720,\"caption\":\"Kuvavalokuvan yll\u00e4pito\"},{\"@type\":\"BreadcrumbList\",\"@id\":\"https:\\\/\\\/parm.com\\\/fi\\\/hostaus\\\/#breadcrumb\",\"itemListElement\":[{\"@type\":\"ListItem\",\"position\":1,\"name\":\"Startseite\",\"item\":\"https:\\\/\\\/parm.com\\\/fi\\\/\"},{\"@type\":\"ListItem\",\"position\":2,\"name\":\"Hostaus\"}]},{\"@type\":\"WebSite\",\"@id\":\"https:\\\/\\\/parm.com\\\/fi\\\/#website\",\"url\":\"https:\\\/\\\/parm.com\\\/fi\\\/\",\"name\":\"Parm AG\",\"description\":\"Successful projects. Swiss quality. Software f\u00fcr Projektmanagement\",\"publisher\":{\"@id\":\"https:\\\/\\\/parm.com\\\/fi\\\/#organization\"},\"alternateName\":\"Parm\",\"potentialAction\":[{\"@type\":\"SearchAction\",\"target\":{\"@type\":\"EntryPoint\",\"urlTemplate\":\"https:\\\/\\\/parm.com\\\/fi\\\/?s={search_term_string}\"},\"query-input\":{\"@type\":\"PropertyValueSpecification\",\"valueRequired\":true,\"valueName\":\"search_term_string\"}}],\"inLanguage\":\"fi\"},{\"@type\":\"Organization\",\"@id\":\"https:\\\/\\\/parm.com\\\/fi\\\/#organization\",\"name\":\"Parm AG\",\"alternateName\":\"Parm\",\"url\":\"https:\\\/\\\/parm.com\\\/fi\\\/\",\"logo\":{\"@type\":\"ImageObject\",\"inLanguage\":\"fi\",\"@id\":\"https:\\\/\\\/parm.com\\\/fi\\\/#\\\/schema\\\/logo\\\/image\\\/\",\"url\":\"https:\\\/\\\/parm.com\\\/wp-content\\\/uploads\\\/2021\\\/11\\\/Parm_Logo_blue_RGB.png\",\"contentUrl\":\"https:\\\/\\\/parm.com\\\/wp-content\\\/uploads\\\/2021\\\/11\\\/Parm_Logo_blue_RGB.png\",\"width\":908,\"height\":228,\"caption\":\"Parm AG\"},\"image\":{\"@id\":\"https:\\\/\\\/parm.com\\\/fi\\\/#\\\/schema\\\/logo\\\/image\\\/\"},\"sameAs\":[\"https:\\\/\\\/www.facebook.com\\\/myparm\",\"https:\\\/\\\/www.linkedin.com\\\/company\\\/parm-ag\",\"https:\\\/\\\/www.xing.com\\\/pages\\\/parmag\"]}]}<\/script>\n<!-- \/ Yoast SEO plugin. -->","yoast_head_json":{"title":"Hostaus myPARM | Parm AG","description":"Haluatko kevent\u00e4\u00e4 sis\u00e4isen IT-osastosi kuormitusta ja v\u00e4ltt\u00e4\u00e4 korkeita investointikustannuksia? Tarjoamme myPARM-palvelun is\u00e4nn\u00f6inti\u00e4 pilvipalvelussa.","robots":{"index":"index","follow":"follow","max-snippet":"max-snippet:-1","max-image-preview":"max-image-preview:large","max-video-preview":"max-video-preview:-1"},"canonical":"https:\/\/parm.com\/fi\/hostaus\/","og_locale":"fi_FI","og_type":"article","og_title":"S\u00e4\u00e4st\u00e4\u00e4 ty\u00f6aikaa ja investointikustannuksia myPARMilla","og_description":"Haluatko kevent\u00e4\u00e4 sis\u00e4isen IT-osastosi kuormitusta ja v\u00e4ltt\u00e4\u00e4 korkeita investointikustannuksia? Tarjoamme myPARM-palvelun is\u00e4nn\u00f6inti\u00e4 pilvipalvelussa.","og_url":"https:\/\/parm.com\/fi\/hostaus\/","og_site_name":"Parm AG","article_publisher":"https:\/\/www.facebook.com\/myparm","article_modified_time":"2026-03-02T15:16:36+00:00","og_image":[{"url":"https:\/\/parm.com\/wp-content\/uploads\/2022\/06\/Hosting.png","type":"","width":"","height":""}],"twitter_card":"summary_large_image","twitter_title":"S\u00e4\u00e4st\u00e4\u00e4 ty\u00f6aikaa ja investointikustannuksia myPARMilla","twitter_description":"Haluatko kevent\u00e4\u00e4 sis\u00e4isen IT-osastosi kuormitusta ja v\u00e4ltt\u00e4\u00e4 korkeita investointikustannuksia? Tarjoamme myPARM-palvelun is\u00e4nn\u00f6inti\u00e4 pilvipalvelussa.","twitter_image":"https:\/\/parm.com\/wp-content\/uploads\/2022\/06\/Hosting.png","twitter_misc":{"Arvioitu lukuaika":"2 minuuttia"},"schema":{"@context":"https:\/\/schema.org","@graph":[{"@type":"WebPage","@id":"https:\/\/parm.com\/fi\/hostaus\/","url":"https:\/\/parm.com\/fi\/hostaus\/","name":"Hostaus myPARM | Parm AG","isPartOf":{"@id":"https:\/\/parm.com\/fi\/#website"},"primaryImageOfPage":{"@id":"https:\/\/parm.com\/fi\/hostaus\/#primaryimage"},"image":{"@id":"https:\/\/parm.com\/fi\/hostaus\/#primaryimage"},"thumbnailUrl":"https:\/\/parm.com\/wp-content\/uploads\/2022\/06\/Hosting.png","datePublished":"2022-05-16T14:24:40+00:00","dateModified":"2026-03-02T15:16:36+00:00","description":"Haluatko kevent\u00e4\u00e4 sis\u00e4isen IT-osastosi kuormitusta ja v\u00e4ltt\u00e4\u00e4 korkeita investointikustannuksia? Tarjoamme myPARM-palvelun is\u00e4nn\u00f6inti\u00e4 pilvipalvelussa.","breadcrumb":{"@id":"https:\/\/parm.com\/fi\/hostaus\/#breadcrumb"},"inLanguage":"fi","potentialAction":[{"@type":"ReadAction","target":["https:\/\/parm.com\/fi\/hostaus\/"]}]},{"@type":"ImageObject","inLanguage":"fi","@id":"https:\/\/parm.com\/fi\/hostaus\/#primaryimage","url":"https:\/\/parm.com\/wp-content\/uploads\/2022\/06\/Hosting.png","contentUrl":"https:\/\/parm.com\/wp-content\/uploads\/2022\/06\/Hosting.png","width":1080,"height":720,"caption":"Kuvavalokuvan yll\u00e4pito"},{"@type":"BreadcrumbList","@id":"https:\/\/parm.com\/fi\/hostaus\/#breadcrumb","itemListElement":[{"@type":"ListItem","position":1,"name":"Startseite","item":"https:\/\/parm.com\/fi\/"},{"@type":"ListItem","position":2,"name":"Hostaus"}]},{"@type":"WebSite","@id":"https:\/\/parm.com\/fi\/#website","url":"https:\/\/parm.com\/fi\/","name":"Parm AG","description":"Successful projects. Swiss quality. Software f\u00fcr Projektmanagement","publisher":{"@id":"https:\/\/parm.com\/fi\/#organization"},"alternateName":"Parm","potentialAction":[{"@type":"SearchAction","target":{"@type":"EntryPoint","urlTemplate":"https:\/\/parm.com\/fi\/?s={search_term_string}"},"query-input":{"@type":"PropertyValueSpecification","valueRequired":true,"valueName":"search_term_string"}}],"inLanguage":"fi"},{"@type":"Organization","@id":"https:\/\/parm.com\/fi\/#organization","name":"Parm AG","alternateName":"Parm","url":"https:\/\/parm.com\/fi\/","logo":{"@type":"ImageObject","inLanguage":"fi","@id":"https:\/\/parm.com\/fi\/#\/schema\/logo\/image\/","url":"https:\/\/parm.com\/wp-content\/uploads\/2021\/11\/Parm_Logo_blue_RGB.png","contentUrl":"https:\/\/parm.com\/wp-content\/uploads\/2021\/11\/Parm_Logo_blue_RGB.png","width":908,"height":228,"caption":"Parm AG"},"image":{"@id":"https:\/\/parm.com\/fi\/#\/schema\/logo\/image\/"},"sameAs":["https:\/\/www.facebook.com\/myparm","https:\/\/www.linkedin.com\/company\/parm-ag","https:\/\/www.xing.com\/pages\/parmag"]}]}},"_links":{"self":[{"href":"https:\/\/parm.com\/fi\/wp-json\/wp\/v2\/pages\/6042","targetHints":{"allow":["GET"]}}],"collection":[{"href":"https:\/\/parm.com\/fi\/wp-json\/wp\/v2\/pages"}],"about":[{"href":"https:\/\/parm.com\/fi\/wp-json\/wp\/v2\/types\/page"}],"author":[{"embeddable":true,"href":"https:\/\/parm.com\/fi\/wp-json\/wp\/v2\/users\/1"}],"replies":[{"embeddable":true,"href":"https:\/\/parm.com\/fi\/wp-json\/wp\/v2\/comments?post=6042"}],"version-history":[{"count":1,"href":"https:\/\/parm.com\/fi\/wp-json\/wp\/v2\/pages\/6042\/revisions"}],"predecessor-version":[{"id":246026,"href":"https:\/\/parm.com\/fi\/wp-json\/wp\/v2\/pages\/6042\/revisions\/246026"}],"wp:featuredmedia":[{"embeddable":true,"href":"https:\/\/parm.com\/fi\/wp-json\/wp\/v2\/media\/5601"}],"wp:attachment":[{"href":"https:\/\/parm.com\/fi\/wp-json\/wp\/v2\/media?parent=6042"}],"curies":[{"name":"wp","href":"https:\/\/api.w.org\/{rel}","templated":true}]}}