{"id":5999,"date":"2022-05-16T12:51:29","date_gmt":"2022-05-16T10:51:29","guid":{"rendered":"https:\/\/parm.com\/painatus\/"},"modified":"2026-03-02T16:16:35","modified_gmt":"2026-03-02T15:16:35","slug":"painatus","status":"publish","type":"page","link":"https:\/\/parm.com\/fi\/painatus\/","title":{"rendered":"Painatus"},"content":{"rendered":"\n<div class=\"et_pb_section_0 et_pb_section et_section_regular et_block_section\"><div class=\"et_pb_row_0 et_pb_row et_block_row\"><div class=\"et_pb_column_0 et_pb_column et_pb_column_4_4 et-last-child et_block_column et_pb_css_mix_blend_mode_passthrough\"><div class=\"et_pb_text_0 et_pb_text et_pb_bg_layout_light et_pb_module et_block_module preset--module--divi-text--default\"><div class=\"et_pb_text_inner\"><h1>Painatus<\/h1>\n<h2>Yhteystieto<\/h2>\n<p>Parm AG<br \/>Bahnhofstrasse 31<br \/>8280 Kreuzlingen <br \/>Sveitsi<\/p>\n<p>Valtuutetut edustajat<br \/>Jean-Luc Cornaz<br \/>Hallituksen puheenjohtaja<\/p>\n<p>Martin Sommer<br \/>CEO<\/p>\n<h2>Kaupparekisterimerkint\u00e4<\/h2>\n<p>Yrityksen rekister\u00f6ity nimi: Parm AG<br \/>Numero: CH-320.3.041.123-4<br \/>Kaupparekisteritoimisto: Thurgau<\/p>\n<h2>ALV-numero<\/h2>\n<p>CHE-108.463.901<\/p>\n<h2>Vastuuvapauslauseke<\/h2>\n<p>Kirjoittaja ei ota mink\u00e4\u00e4nlaista vastuuta tietojen oikeellisuudesta, tarkkuudesta, ajantasaisuudesta, luotettavuudesta ja t\u00e4ydellisyydest\u00e4.<br \/>N\u00e4in ollen korvausvaatimukset, jotka koskevat vahinkoa, joka on aiheutunut annettujen tietojen k\u00e4yt\u00f6st\u00e4, mukaan lukien puutteelliset tai virheelliset tiedot, hyl\u00e4t\u00e4\u00e4n. Kaikki tarjoukset eiv\u00e4t ole sitovia. Tekij\u00e4 pid\u00e4tt\u00e4\u00e4 nimenomaisesti oikeuden muuttaa, t\u00e4ydent\u00e4\u00e4 tai poistaa osia sivuista tai koko verkkosivustosta ilman ennakkoilmoitusta tai lopettaa julkaisemisen v\u00e4liaikaisesti tai pysyv\u00e4sti.<\/p>\n<h2>Linkkej\u00e4 koskeva vastuu<\/h2>\n<p>Viittaukset ja linkit kolmansien osapuolten verkkosivustoille eiv\u00e4t kuulu vastuualueeseemme. Vastuu t\u00e4llaisista verkkosivustoista on poissuljettu. P\u00e4\u00e4sy t\u00e4llaisille verkkosivustoille ja niiden k\u00e4ytt\u00f6 tapahtuu k\u00e4ytt\u00e4j\u00e4n omalla vastuulla.<\/p>\n<h2>Tekij\u00e4noikeudet<\/h2>\n<p>Tekij\u00e4noikeudet ja kaikki muut oikeudet verkkosivuston sis\u00e4lt\u00f6\u00f6n, kuviin, valokuviin tai muihin tiedostoihin kuuluvat yksinomaan Parm AG:lle tai erikseen mainituille oikeudenhaltijoille. Kaikkien elementtien j\u00e4ljent\u00e4miseen on saatava etuk\u00e4teen tekij\u00e4noikeuksien haltijoiden kirjallinen suostumus.<\/p>\n<\/div><\/div><\/div><\/div><\/div>\n","protected":false},"excerpt":{"rendered":"","protected":false},"author":1,"featured_media":0,"parent":0,"menu_order":0,"comment_status":"closed","ping_status":"closed","template":"","meta":{"footnotes":""},"class_list":["post-5999","page","type-page","status-publish","hentry"],"yoast_head":"<!-- This site is optimized with the Yoast SEO plugin v27.5 - https:\/\/yoast.com\/product\/yoast-seo-wordpress\/ -->\n<title>Painatus | Parm AG<\/title>\n<meta name=\"robots\" content=\"noindex, nofollow\" \/>\n<meta property=\"og:locale\" content=\"fi_FI\" \/>\n<meta property=\"og:type\" content=\"article\" \/>\n<meta property=\"og:title\" content=\"Painatus | Parm AG\" \/>\n<meta property=\"og:url\" content=\"https:\/\/parm.com\/fi\/painatus\/\" \/>\n<meta property=\"og:site_name\" content=\"Parm AG\" \/>\n<meta property=\"article:publisher\" content=\"https:\/\/www.facebook.com\/myparm\" \/>\n<meta property=\"article:modified_time\" content=\"2026-03-02T15:16:35+00:00\" \/>\n<meta name=\"twitter:card\" content=\"summary_large_image\" \/>\n<script type=\"application\/ld+json\" class=\"yoast-schema-graph\">{\"@context\":\"https:\\\/\\\/schema.org\",\"@graph\":[{\"@type\":\"WebPage\",\"@id\":\"https:\\\/\\\/parm.com\\\/fi\\\/painatus\\\/\",\"url\":\"https:\\\/\\\/parm.com\\\/fi\\\/painatus\\\/\",\"name\":\"Painatus | Parm AG\",\"isPartOf\":{\"@id\":\"https:\\\/\\\/parm.com\\\/fi\\\/#website\"},\"datePublished\":\"2022-05-16T10:51:29+00:00\",\"dateModified\":\"2026-03-02T15:16:35+00:00\",\"breadcrumb\":{\"@id\":\"https:\\\/\\\/parm.com\\\/fi\\\/painatus\\\/#breadcrumb\"},\"inLanguage\":\"fi\",\"potentialAction\":[{\"@type\":\"ReadAction\",\"target\":[\"https:\\\/\\\/parm.com\\\/fi\\\/painatus\\\/\"]}]},{\"@type\":\"BreadcrumbList\",\"@id\":\"https:\\\/\\\/parm.com\\\/fi\\\/painatus\\\/#breadcrumb\",\"itemListElement\":[{\"@type\":\"ListItem\",\"position\":1,\"name\":\"Startseite\",\"item\":\"https:\\\/\\\/parm.com\\\/fi\\\/\"},{\"@type\":\"ListItem\",\"position\":2,\"name\":\"Painatus\"}]},{\"@type\":\"WebSite\",\"@id\":\"https:\\\/\\\/parm.com\\\/fi\\\/#website\",\"url\":\"https:\\\/\\\/parm.com\\\/fi\\\/\",\"name\":\"Parm AG\",\"description\":\"Successful projects. Swiss quality. Software f\u00fcr Projektmanagement\",\"publisher\":{\"@id\":\"https:\\\/\\\/parm.com\\\/fi\\\/#organization\"},\"alternateName\":\"Parm\",\"potentialAction\":[{\"@type\":\"SearchAction\",\"target\":{\"@type\":\"EntryPoint\",\"urlTemplate\":\"https:\\\/\\\/parm.com\\\/fi\\\/?s={search_term_string}\"},\"query-input\":{\"@type\":\"PropertyValueSpecification\",\"valueRequired\":true,\"valueName\":\"search_term_string\"}}],\"inLanguage\":\"fi\"},{\"@type\":\"Organization\",\"@id\":\"https:\\\/\\\/parm.com\\\/fi\\\/#organization\",\"name\":\"Parm AG\",\"alternateName\":\"Parm\",\"url\":\"https:\\\/\\\/parm.com\\\/fi\\\/\",\"logo\":{\"@type\":\"ImageObject\",\"inLanguage\":\"fi\",\"@id\":\"https:\\\/\\\/parm.com\\\/fi\\\/#\\\/schema\\\/logo\\\/image\\\/\",\"url\":\"https:\\\/\\\/parm.com\\\/wp-content\\\/uploads\\\/2021\\\/11\\\/Parm_Logo_blue_RGB.png\",\"contentUrl\":\"https:\\\/\\\/parm.com\\\/wp-content\\\/uploads\\\/2021\\\/11\\\/Parm_Logo_blue_RGB.png\",\"width\":908,\"height\":228,\"caption\":\"Parm AG\"},\"image\":{\"@id\":\"https:\\\/\\\/parm.com\\\/fi\\\/#\\\/schema\\\/logo\\\/image\\\/\"},\"sameAs\":[\"https:\\\/\\\/www.facebook.com\\\/myparm\",\"https:\\\/\\\/www.linkedin.com\\\/company\\\/parm-ag\",\"https:\\\/\\\/www.xing.com\\\/pages\\\/parmag\"]}]}<\/script>\n<!-- \/ Yoast SEO plugin. -->","yoast_head_json":{"title":"Painatus | Parm AG","robots":{"index":"noindex","follow":"nofollow"},"og_locale":"fi_FI","og_type":"article","og_title":"Painatus | Parm AG","og_url":"https:\/\/parm.com\/fi\/painatus\/","og_site_name":"Parm AG","article_publisher":"https:\/\/www.facebook.com\/myparm","article_modified_time":"2026-03-02T15:16:35+00:00","twitter_card":"summary_large_image","schema":{"@context":"https:\/\/schema.org","@graph":[{"@type":"WebPage","@id":"https:\/\/parm.com\/fi\/painatus\/","url":"https:\/\/parm.com\/fi\/painatus\/","name":"Painatus | Parm AG","isPartOf":{"@id":"https:\/\/parm.com\/fi\/#website"},"datePublished":"2022-05-16T10:51:29+00:00","dateModified":"2026-03-02T15:16:35+00:00","breadcrumb":{"@id":"https:\/\/parm.com\/fi\/painatus\/#breadcrumb"},"inLanguage":"fi","potentialAction":[{"@type":"ReadAction","target":["https:\/\/parm.com\/fi\/painatus\/"]}]},{"@type":"BreadcrumbList","@id":"https:\/\/parm.com\/fi\/painatus\/#breadcrumb","itemListElement":[{"@type":"ListItem","position":1,"name":"Startseite","item":"https:\/\/parm.com\/fi\/"},{"@type":"ListItem","position":2,"name":"Painatus"}]},{"@type":"WebSite","@id":"https:\/\/parm.com\/fi\/#website","url":"https:\/\/parm.com\/fi\/","name":"Parm AG","description":"Successful projects. Swiss quality. Software f\u00fcr Projektmanagement","publisher":{"@id":"https:\/\/parm.com\/fi\/#organization"},"alternateName":"Parm","potentialAction":[{"@type":"SearchAction","target":{"@type":"EntryPoint","urlTemplate":"https:\/\/parm.com\/fi\/?s={search_term_string}"},"query-input":{"@type":"PropertyValueSpecification","valueRequired":true,"valueName":"search_term_string"}}],"inLanguage":"fi"},{"@type":"Organization","@id":"https:\/\/parm.com\/fi\/#organization","name":"Parm AG","alternateName":"Parm","url":"https:\/\/parm.com\/fi\/","logo":{"@type":"ImageObject","inLanguage":"fi","@id":"https:\/\/parm.com\/fi\/#\/schema\/logo\/image\/","url":"https:\/\/parm.com\/wp-content\/uploads\/2021\/11\/Parm_Logo_blue_RGB.png","contentUrl":"https:\/\/parm.com\/wp-content\/uploads\/2021\/11\/Parm_Logo_blue_RGB.png","width":908,"height":228,"caption":"Parm AG"},"image":{"@id":"https:\/\/parm.com\/fi\/#\/schema\/logo\/image\/"},"sameAs":["https:\/\/www.facebook.com\/myparm","https:\/\/www.linkedin.com\/company\/parm-ag","https:\/\/www.xing.com\/pages\/parmag"]}]}},"_links":{"self":[{"href":"https:\/\/parm.com\/fi\/wp-json\/wp\/v2\/pages\/5999","targetHints":{"allow":["GET"]}}],"collection":[{"href":"https:\/\/parm.com\/fi\/wp-json\/wp\/v2\/pages"}],"about":[{"href":"https:\/\/parm.com\/fi\/wp-json\/wp\/v2\/types\/page"}],"author":[{"embeddable":true,"href":"https:\/\/parm.com\/fi\/wp-json\/wp\/v2\/users\/1"}],"replies":[{"embeddable":true,"href":"https:\/\/parm.com\/fi\/wp-json\/wp\/v2\/comments?post=5999"}],"version-history":[{"count":2,"href":"https:\/\/parm.com\/fi\/wp-json\/wp\/v2\/pages\/5999\/revisions"}],"predecessor-version":[{"id":246023,"href":"https:\/\/parm.com\/fi\/wp-json\/wp\/v2\/pages\/5999\/revisions\/246023"}],"wp:attachment":[{"href":"https:\/\/parm.com\/fi\/wp-json\/wp\/v2\/media?parent=5999"}],"curies":[{"name":"wp","href":"https:\/\/api.w.org\/{rel}","templated":true}]}}