{"id":10505,"date":"2022-09-01T14:37:50","date_gmt":"2022-09-01T12:37:50","guid":{"rendered":"https:\/\/parm.com\/career\/"},"modified":"2026-05-07T06:49:59","modified_gmt":"2026-05-07T04:49:59","slug":"career","status":"publish","type":"page","link":"https:\/\/parm.com\/fi\/career\/","title":{"rendered":"Ty\u00f6paikat"},"content":{"rendered":"<div class=\"et_pb_section_0 et_pb_section et_section_regular et_block_section et_animated\">\n<div class=\"et_pb_row_0 et_pb_row et_block_row\">\n<div class=\"et_pb_column_0 et_pb_column et_pb_column_4_4 et-last-child et_block_column et_pb_css_mix_blend_mode_passthrough\">\n<div class=\"et_pb_text_0 et_pb_text et_pb_bg_layout_light et_pb_module et_block_module preset--module--divi-text--default\"><div class=\"et_pb_text_inner\" data-et-mv-hidden-tablet=\"true\" data-et-mv-hidden-phone=\"true\"><h1 style=\"text-align: left;\"><strong>Haluatko vaikuttaa?<br \/><span style=\"color: #c01e2b;\">Tule sitten osaksi tiimi\u00e4mme!<br \/><\/span><\/strong><\/h1>\n<\/div><\/div>\n<\/div>\n<\/div>\n<\/div>\n\n<div class=\"et_pb_section_1 et_pb_section et_section_regular et_block_section\">\n<div class=\"et_pb_row_1 et_pb_row et_pb_row_4col et_block_row et_block_row_4col\">\n<div class=\"et_pb_column_1 et_pb_column et_pb_column_1_4 et_block_column et_pb_css_mix_blend_mode_passthrough\">\n<div class=\"et_pb_module et_pb_button_module_wrapper et_pb_button_0_wrapper preset--module--divi-button--default_wrapper\"><a class=\"et_pb_button_0 et_pb_button et_pb_bg_layout_light et_pb_module et_block_module preset--module--divi-button--default\" href=\"https:\/\/parm.com\/fi\/career\/#sw-en\">Ratkaisuinsin\u00f6\u00f6ri \/ k\u00e4ytt\u00f6\u00f6nottop\u00e4\u00e4llikk\u00f6 (m\/f\/d)<\/a><\/div>\n<\/div>\n\n<div class=\"et_pb_column_2 et_pb_column et_pb_column_1_4 et_block_column et_pb_css_mix_blend_mode_passthrough\">\n<div class=\"et_pb_module et_pb_button_module_wrapper et_pb_button_1_wrapper preset--module--divi-button--default_wrapper\"><a class=\"et_pb_button_1 et_pb_button et_pb_bg_layout_light et_pb_module et_block_module preset--module--divi-button--default\" href=\"https:\/\/parm.com\/fi\/career\/#sr-benelux\">Ohjelmistojen myyntip\u00e4\u00e4llikk\u00f6 - Benelux-maat (m\/f\/d)<\/a><\/div>\n<\/div>\n\n<div class=\"et_pb_column_3 et_pb_column et_pb_column_1_4 et_block_column et_pb_column_empty et_pb_css_mix_blend_mode_passthrough\"><\/div>\n\n<div class=\"et_pb_column_4 et_pb_column et_pb_column_1_4 et-last-child et_block_column et_pb_column_empty et_pb_css_mix_blend_mode_passthrough\"><\/div>\n<\/div>\n<\/div>\n\n<div class=\"et_pb_section_2 et_pb_section et_section_regular et_block_section\">\n<div class=\"et_pb_row_2 et_pb_row et_block_row\" id=\"sw-en\">\n<div class=\"et_pb_column_5 et_pb_column et_pb_column_4_4 et-last-child et_block_column et_pb_css_mix_blend_mode_passthrough\">\n<div class=\"et_pb_text_1 et_pb_text et_pb_bg_layout_light et_pb_module et_block_module preset--module--divi-text--default\"><div class=\"et_pb_text_inner\"><h2>Ratkaisuinsin\u00f6\u00f6ri \/ ohjelmistojen k\u00e4ytt\u00f6\u00f6nottop\u00e4\u00e4llikk\u00f6 - DACH + Ranska(m\/f\/d)<\/h2>\n<p>Ohjelmiston k\u00e4ytt\u00f6\u00f6nottop\u00e4\u00e4llikk\u00f6n\u00e4 (m\/f\/d) tuet asiakkaitamme DACH- ja ranskankielisill\u00e4 alueilla projekti- ja salkunhallintaohjelmistojemme menestyksekk\u00e4\u00e4ss\u00e4 k\u00e4ytt\u00f6\u00f6notossa - vaatimusten analysoinnista k\u00e4ytt\u00f6\u00f6nottoon.<\/p>\n<h3>Teht\u00e4v\u00e4si<\/h3>\n<p>Teht\u00e4viisi kuuluu<\/p>\n<ul>\n<li>Tehokkaiden esitysten, asiakaskohtaisten demojen, teknisten keskustelujen ja vuorovaikutteisten ty\u00f6pajojen toteuttaminen ratkaisujen optimoimiseksi.<\/li>\n<li>Teknisen strategian ja r\u00e4\u00e4t\u00e4l\u00f6idyn sitoutumissuunnitelman kehitt\u00e4minen yhteisty\u00f6ss\u00e4 myyntitiimin kanssa, mukaan lukien keskeisten markkinoiden, k\u00e4ytt\u00f6tapausten ja priorisoitujen ratkaisujen tunnistaminen.<\/li>\n<li>Asiakkaidemme ohjelmistojen k\u00e4ytt\u00f6\u00f6nottoprojektien suunnittelu, hallinnointi ja toteutus.<\/li>\n<li>Asiakastarpeiden analysointi ja r\u00e4\u00e4t\u00e4l\u00f6ityjen ratkaisujen kehitt\u00e4minen.<\/li>\n<li>Prosessikartoitusta, vaatimusten m\u00e4\u00e4rittely\u00e4 ja j\u00e4rjestelm\u00e4n konfigurointia koskevien ty\u00f6pajojen johtaminen.<\/li>\n<li>Tuki tietojen siirt\u00e4misess\u00e4, j\u00e4rjestelm\u00e4integraatiossa ja k\u00e4ytt\u00f6liittym\u00e4liit\u00e4nn\u00e4ss\u00e4.<\/li>\n<li>K\u00e4ytt\u00e4jien ja avaink\u00e4ytt\u00e4jien koulutus sek\u00e4 jatkuva tuki k\u00e4ytt\u00f6\u00f6noton j\u00e4lkeen.<\/li>\n<li>Koordinointi sis\u00e4isten tiimien (kehitys, tuki, myynti) ja ulkoisten sidosryhmien v\u00e4lill\u00e4.<\/li>\n<li>Myyntitiimin tukeminen ohjelmistoesittelyiss\u00e4<\/li>\n<li>Tukea myyntitiimi\u00e4 vastaamaan teknisiin ja toiminnallisiin kysymyksiin tarjousten (RFI, RFQ, RFP) yhteydess\u00e4 kilpailukykyisten tarjousten laatimiseksi.<\/li>\n<li>Korkean asiakastyytyv\u00e4isyyden varmistaminen ja t\u00e4yt\u00e4nt\u00f6\u00f6npanoprosessien jatkuva optimointi (tehokkuus, laatu ja suorituskyky).<\/li>\n<\/ul>\n<h3><\/h3>\n<h3>Mit\u00e4 tuot mukanasi<\/h3>\n<ul>\n<li>suoritetut (liike)tietotekniikan, insin\u00f6\u00f6ritieteiden, liiketalouden tai vastaavan alan opinnot tai vastaava tutkinto<\/li>\n<li>Usean vuoden kokemus liiketoimintaohjelmistojen k\u00e4ytt\u00f6\u00f6notosta, mieluiten projektinhallintaohjelmistojen, toiminnanohjausj\u00e4rjestelm\u00e4n, CRM:n tai vastaavien monimutkaisten liiketoimintaratkaisujen aloilta.<\/li>\n<li>Liiketoimintaprosessien hyv\u00e4 tuntemus erityisesti projektinhallintaymp\u00e4rist\u00f6ss\u00e4.<\/li>\n<li>mieluiten sertifiointi(t) projektinhallintaymp\u00e4rist\u00f6ss\u00e4 (johtaminen, prosessit).<\/li>\n<li>Tekninen ymm\u00e4rrys ohjelmistoarkkitehtuureista, tiedonsiirroista ja API-rajapinnoista.<\/li>\n<li>Vahvat viestint\u00e4- ja analyysitaidot, joiden avulla asiakkaan vaatimukset voidaan muuntaa teknisiksi ratkaisuiksi.<\/li>\n<li>Kokemus muutoksenhallinnasta sek\u00e4 asiakkaiden kouluttamisesta ja neuvonnasta.<\/li>\n<li>Eritt\u00e4in hyv\u00e4 saksan ja ranskan kielen kirjallinen ja suullinen taito<\/li>\n<li>Hyv\u00e4 kirjallinen ja suullinen englannin kielen taito<\/li>\n<li>Valmius matkustaa asiakastapaamisiin (projektin vaatimusten mukaan).<\/li>\n<\/ul>\n<ul><\/ul>\n<h3><\/h3>\n<h3>Mit\u00e4 tarjoamme sinulle<\/h3>\n<ul>\n<li>Keskim\u00e4\u00e4r\u00e4ist\u00e4 korkeampi palkka<\/li>\n<li>J\u00e4nnitt\u00e4v\u00e4 ja monipuolinen ty\u00f6, jossa on vastuuta<\/li>\n<li>Suora vaikutus asiakashankkeidemme onnistumiseen<\/li>\n<li>motivoitunut tiimi ja avoin yrityskulttuuri<\/li>\n<li>Mahdollisuus ottaa vastaan haastava ja monipuolinen teht\u00e4v\u00e4 kasvavassa ja innovatiivisessa yrityksess\u00e4.<\/li>\n<li>Joustavuus ja mahdollisuus osoittaa ja kehitt\u00e4\u00e4 yritt\u00e4j\u00e4m\u00e4ist\u00e4 ajattelua.<\/li>\n<li>Suuri vapaus ja henkil\u00f6kohtainen vastuu monien suunnitteluvaihtoehtojen ansiosta.<\/li>\n<li>Litte\u00e4 tiimirakenne, jossa tehd\u00e4\u00e4n laajaa yhteisty\u00f6t\u00e4 kumppaneiden ja ohjelmistokehitystiimimme kanssa.<\/li>\n<li>Joustavat ty\u00f6ajat ja osittain paikkariippumaton ty\u00f6skentely.<\/li>\n<li>Lyhyet p\u00e4\u00e4t\u00f6ksentekoprosessit, jotka mahdollistavat suuren ketteryyden ja reagointikyvyn.<\/li>\n<\/ul>\n<h3><\/h3>\n<h3>Ty\u00f6paikka<\/h3>\n<p>Toimisto sijaitsee Sveitsin Kreuzlingeniss\u00e4 (suoraan Saksan rajalla). Et\u00e4ty\u00f6 on osittain mahdollista. <\/p>\n<p>Vieh\u00e4tt\u00e4\u00e4k\u00f6 t\u00e4m\u00e4 sinua ja haluatko edet\u00e4 urallasi? \u00c4l\u00e4 sitten ep\u00e4r\u00f6i ja l\u00e4het\u00e4 t\u00e4ydelliset hakemusasiakirjasi osoitteeseen: martin.sommer@parm.com<br \/>Odotamme innolla yhteydenottoasi! <\/p>\n<\/div><\/div>\n\n<div class=\"et_pb_module et_pb_button_module_wrapper et_pb_button_2_wrapper preset--module--divi-button--default_wrapper\"><a class=\"et_pb_button_2 et_pb_button et_pb_bg_layout_light et_pb_module et_block_module preset--module--divi-button--default\" href=\"mailto:martin.sommer@parm.com\">L\u00e4het\u00e4 hakemus<\/a><\/div>\n<\/div>\n<\/div>\n\n<div class=\"et_pb_row_3 et_pb_row et_block_row\" id=\"sr-benelux\">\n<div class=\"et_pb_column_6 et_pb_column et_pb_column_4_4 et-last-child et_block_column et_pb_css_mix_blend_mode_passthrough\">\n<div class=\"et_pb_text_2 et_pb_text et_pb_bg_layout_light et_pb_module et_block_module preset--module--divi-text--default\"><div class=\"et_pb_text_inner\"><h2>Ohjelmistojen myyntiedustaja - Benelux-maat (m\/f\/d)<\/h2>\n<p>Tykk\u00e4\u00e4tk\u00f6 l\u00e4hesty\u00e4 vieraita ihmisi\u00e4? Oletko kommunikatiivinen, avoin ja utelias? Pystytk\u00f6 vakuuttamaan muut ansiostasi? Etk\u00f6 lannistu takaiskuista etk\u00e4 ota torjuntaa henkil\u00f6kohtaisesti? Onko sinulla my\u00f6s sitkeytt\u00e4, \"mets\u00e4st\u00e4j\u00e4n\" ja \"l\u00e4heisen\" ominaisuuksia? Sitten olet oikea ehdokas t\u00e4h\u00e4n teht\u00e4v\u00e4\u00e4n!     <\/p>\n<p>Etsimme lahjakkaita ja persoonallisuudeltaan vahvoja henkil\u00f6it\u00e4, jotka ovat sitoutuneita ja intohimoisia ty\u00f6skentelem\u00e4\u00e4n kanssamme yrityksemme, ohjelmistojemme ja koko tiimimme kehitt\u00e4miseksi. Vastineeksi p\u00e4\u00e4set osalliseksi yhteisest\u00e4 menestyksest\u00e4mme ja saat kanssamme mielenkiintoiset kehitysn\u00e4kym\u00e4t. <\/p>\n<h3><\/h3>\n<h3>Teht\u00e4v\u00e4si<\/h3>\n<p>P\u00e4\u00e4asiassa olet vastuussa kaikista tarvittavista myyntitoimista, joita tarvitaan ohjelmistotuotteidemme ja niihin liittyvien palvelujen, kuten konsultoinnin, koulutuksen ja r\u00e4\u00e4t\u00e4l\u00f6innin, myymiseen Benelux-maissa.<\/p>\n<p>Teht\u00e4viisi kuuluu<\/p>\n<ul>\n<li>Ohjelmistojemme myynti (outbound + inbound)<\/li>\n<li>Uusien kontaktien kehitt\u00e4minen Belgian, Alankomaiden ja Luxemburgin kohdemarkkinoilla.<\/li>\n<li>Liidien k\u00e4sittely s\u00e4hk\u00f6postitse ja puhelimitse<\/li>\n<li>Ohjelmistojen esittelyt videokonferenssin v\u00e4lityksell\u00e4 tai paikan p\u00e4\u00e4ll\u00e4 asiakkaan tiloissa.<\/li>\n<li>Tuotteita ja\/tai palveluja koskeva neuvonta<\/li>\n<li>Tietojen yll\u00e4pito CRM:ss\u00e4<\/li>\n<li>Tarjousten laatiminen<\/li>\n<li>Tarjousten k\u00e4sittely<\/li>\n<li>Raportointi ty\u00f6nantajalle tarjotuista palveluista<\/li>\n<li>Asiakastuki myyntiprosessin p\u00e4\u00e4ttymisen j\u00e4lkeen (avainasiakashallinta).<\/li>\n<li>Tuki markkinointitoimissa, kuten k\u00e4\u00e4nn\u00f6ksiss\u00e4 <\/li>\n<\/ul>\n<h3><\/h3>\n<h3>Mit\u00e4 tuot mukanasi<\/h3>\n<ul>\n<li>Liiketoiminta sujuvasti hollanniksi<\/li>\n<li>Saksan ja\/tai eritt\u00e4in hyv\u00e4 englannin kielen taito<\/li>\n<li>Todistetut saavutukset. Itsen\u00e4inen vastuu ohjelmistotuotteiden myynnist\u00e4 tai monimutkaisista tuotteista, jotka edellytt\u00e4v\u00e4t aiempien toimintojen selitt\u00e4mist\u00e4. <\/li>\n<li>Hyv\u00e4t neuvottelu- ja esiintymistaidot<\/li>\n<li>korkea oma-aloitteisuus ja p\u00e4\u00e4tt\u00e4v\u00e4isyys<\/li>\n<li>Vahva asiakasl\u00e4ht\u00f6isyys ja kyky ymm\u00e4rt\u00e4\u00e4 asiakkaan tarpeita ja tarjota sopivia ratkaisuja (ratkaisumyynti).<\/li>\n<\/ul>\n<h3><\/h3>\n<h3>Haluttu on<\/h3>\n<ul>\n<li>Liiketalouden hallintotieteiden, tuotantotekniikan, (liike)tietotekniikan tai niihin liittyv\u00e4n alan opinnot.<\/li>\n<li>vankka tiet\u00e4mys liiketoimintaprosesseista ja projektinhallinnasta.<\/li>\n<li>Tietotekniikan tuntemus, erityisesti ohjelmistojen tuntemus - mieluiten projektinhallinta-, BI- tai ERP-ratkaisut.<\/li>\n<\/ul>\n<h3><\/h3>\n<h3>Mit\u00e4 tarjoamme sinulle<\/h3>\n<ul>\n<li>Keskim\u00e4\u00e4r\u00e4ist\u00e4 korkeampi palkka ja osallistuminen liikevaihtoon (rajoittamaton provisio).<\/li>\n<li>Myyntivastuun ottaminen omalla markkina-alueellasi.<\/li>\n<li>Mahdollisuus ottaa vastaan haastava ja monipuolinen teht\u00e4v\u00e4 kasvavassa ja innovatiivisessa yrityksess\u00e4.<\/li>\n<li>Joustavuus ja mahdollisuus osoittaa ja kehitt\u00e4\u00e4 yritt\u00e4j\u00e4m\u00e4ist\u00e4 ajattelua.<\/li>\n<li>Suuri vapaus ja henkil\u00f6kohtainen vastuu monien suunnitteluvaihtoehtojen ansiosta.<\/li>\n<li>Litte\u00e4 tiimirakenne, jossa tehd\u00e4\u00e4n laajaa yhteisty\u00f6t\u00e4 kumppaneiden sek\u00e4 markkinointi- ja ohjelmistokehitystiimimme kanssa.<\/li>\n<li>Joustavat ty\u00f6ajat ja osittain paikkariippumaton ty\u00f6skentely.<\/li>\n<li>Lyhyet p\u00e4\u00e4t\u00f6ksentekoprosessit<\/li>\n<\/ul>\n<h3><\/h3>\n<h3>Ty\u00f6paikka<\/h3>\n<p>Toimisto sijaitsee Sveitsin Kreuzlingeniss\u00e4 (suoraan Saksan rajalla). Et\u00e4ty\u00f6 on osittain mahdollista. <\/p>\n<p>Vieh\u00e4tt\u00e4\u00e4k\u00f6 t\u00e4m\u00e4 sinua ja haluatko edet\u00e4 urallasi? \u00c4l\u00e4 sitten ep\u00e4r\u00f6i ja l\u00e4het\u00e4 t\u00e4ydelliset hakemusasiakirjasi osoitteeseen: martin.sommer@parm.com<br \/>Odotamme innolla yhteydenottoasi! <\/p>\n<\/div><\/div>\n\n<div class=\"et_pb_module et_pb_button_module_wrapper et_pb_button_3_wrapper preset--module--divi-button--default_wrapper\"><a class=\"et_pb_button_3 et_pb_button et_pb_bg_layout_light et_pb_module et_block_module preset--module--divi-button--default\" href=\"mailto:martin.sommer@parm.com\">L\u00e4het\u00e4 hakemus<\/a><\/div>\n<\/div>\n<\/div>\n<\/div>\n\n<div class=\"et_pb_section_3 et_pb_section et_section_regular et_block_section\">\n<div class=\"et_pb_row_4 et_pb_row et_block_row\">\n<div class=\"et_pb_column_7 et_pb_column et_pb_column_1_2 et_block_column et_pb_css_mix_blend_mode_passthrough\">\n<div class=\"et_pb_text_3 et_pb_text et_pb_bg_layout_light et_pb_module et_block_module preset--module--divi-text--default\"><div class=\"et_pb_text_inner\"><h2>Oma-aloitteinen hakemus<\/h2>\n<p>Etsimme aina uusia kollegoita, joilla on intohimoa ja innostusta projektinhallintaa kohtaan!<br \/>Eik\u00f6 sopivaa ty\u00f6paikkaa ole viel\u00e4k\u00e4\u00e4n julistettu haettavaksi? Sitten odotamme mielenkiinnolla spekulatiivista hakemustasi. <\/p>\n<\/div><\/div>\n\n<div class=\"et_pb_module et_pb_button_module_wrapper et_pb_button_4_wrapper preset--module--divi-button--default_wrapper\"><a class=\"et_pb_button_4 et_pb_button et_pb_bg_layout_light et_pb_module et_block_module preset--module--divi-button--default\" href=\"mailto:info@parm.com\">L\u00e4het\u00e4 avoin hakemus<\/a><\/div>\n<\/div>\n\n<div class=\"et_pb_column_8 et_pb_column et_pb_column_1_2 et-last-child et_block_column et_pb_css_mix_blend_mode_passthrough\">\n<div class=\"et_pb_image_0 et_pb_image et_animated et_pb_module et_block_module\"><span class=\"et_pb_image_wrap\"><img decoding=\"async\" src=\"https:\/\/new-site.parm.com\/wp-content\/uploads\/2022\/04\/Karriere_Post.png\" title=\"Ura_Post\" alt=\"Ura - Erilaisia ihmisi\u00e4, joilla on kylttej\u00e4, joissa lukee &quot;Ty\u00f6&quot;.\" \/><\/span><\/div>\n<\/div>\n<\/div>\n<\/div>","protected":false},"excerpt":{"rendered":"<p>Etsimme aina uusia kollegoita, joilla on intohimoa ja innostusta projektinhallintaa kohtaan! T\u00e4ss\u00e4 ovat ilmoitetut ty\u00f6paikat.<\/p>\n","protected":false},"author":1,"featured_media":5773,"parent":0,"menu_order":0,"comment_status":"closed","ping_status":"closed","template":"","meta":{"footnotes":""},"class_list":["post-10505","page","type-page","status-publish","has-post-thumbnail","hentry"],"yoast_head":"<!-- This site is optimized with the Yoast SEO plugin v27.5 - https:\/\/yoast.com\/product\/yoast-seo-wordpress\/ -->\n<title>Ty\u00f6paikat | Parm AG<\/title>\n<meta name=\"description\" content=\"Etsimme aina uusia kollegoita, joilla on intohimoa ja innostusta projektinhallintaa kohtaan! T\u00e4ss\u00e4 ovat ilmoitetut ty\u00f6paikat.\" \/>\n<meta name=\"robots\" content=\"index, follow, max-snippet:-1, max-image-preview:large, max-video-preview:-1\" \/>\n<link rel=\"canonical\" href=\"https:\/\/parm.com\/fi\/career\/\" \/>\n<meta property=\"og:locale\" content=\"fi_FI\" \/>\n<meta property=\"og:type\" content=\"article\" \/>\n<meta property=\"og:title\" content=\"Ura Parm AG:ss\u00e4\" \/>\n<meta property=\"og:description\" content=\"Etsimme aina uusia kollegoita, joilla on intohimoa ja innostusta projektinhallintaa kohtaan! T\u00e4ss\u00e4 ovat ilmoitetut ty\u00f6paikat.\" \/>\n<meta property=\"og:url\" content=\"https:\/\/parm.com\/fi\/career\/\" \/>\n<meta property=\"og:site_name\" content=\"Parm AG\" \/>\n<meta property=\"article:publisher\" content=\"https:\/\/www.facebook.com\/myparm\" \/>\n<meta property=\"article:modified_time\" content=\"2026-05-07T04:49:59+00:00\" \/>\n<meta property=\"og:image\" content=\"https:\/\/parm.com\/wp-content\/uploads\/2022\/04\/Karriere_Post-1024x683.png\" \/>\n<meta name=\"twitter:card\" content=\"summary_large_image\" \/>\n<meta name=\"twitter:title\" content=\"Ura Parm AG:ss\u00e4\" \/>\n<meta name=\"twitter:description\" content=\"Etsimme aina uusia kollegoita, joilla on intohimoa ja innostusta projektinhallintaa kohtaan! T\u00e4ss\u00e4 ovat ilmoitetut ty\u00f6paikat.\" \/>\n<meta name=\"twitter:image\" content=\"https:\/\/parm.com\/wp-content\/uploads\/2022\/04\/Karriere_Post-1024x683.png\" \/>\n<script type=\"application\/ld+json\" class=\"yoast-schema-graph\">{\"@context\":\"https:\\\/\\\/schema.org\",\"@graph\":[{\"@type\":\"WebPage\",\"@id\":\"https:\\\/\\\/parm.com\\\/fi\\\/career\\\/\",\"url\":\"https:\\\/\\\/parm.com\\\/fi\\\/career\\\/\",\"name\":\"Ty\u00f6paikat | Parm AG\",\"isPartOf\":{\"@id\":\"https:\\\/\\\/parm.com\\\/fi\\\/#website\"},\"primaryImageOfPage\":{\"@id\":\"https:\\\/\\\/parm.com\\\/fi\\\/career\\\/#primaryimage\"},\"image\":{\"@id\":\"https:\\\/\\\/parm.com\\\/fi\\\/career\\\/#primaryimage\"},\"thumbnailUrl\":\"https:\\\/\\\/parm.com\\\/wp-content\\\/uploads\\\/2022\\\/04\\\/Karriere_Post.png\",\"datePublished\":\"2022-09-01T12:37:50+00:00\",\"dateModified\":\"2026-05-07T04:49:59+00:00\",\"description\":\"Etsimme aina uusia kollegoita, joilla on intohimoa ja innostusta projektinhallintaa kohtaan! T\u00e4ss\u00e4 ovat ilmoitetut ty\u00f6paikat.\",\"breadcrumb\":{\"@id\":\"https:\\\/\\\/parm.com\\\/fi\\\/career\\\/#breadcrumb\"},\"inLanguage\":\"fi\",\"potentialAction\":[{\"@type\":\"ReadAction\",\"target\":[\"https:\\\/\\\/parm.com\\\/fi\\\/career\\\/\"]}]},{\"@type\":\"ImageObject\",\"inLanguage\":\"fi\",\"@id\":\"https:\\\/\\\/parm.com\\\/fi\\\/career\\\/#primaryimage\",\"url\":\"https:\\\/\\\/parm.com\\\/wp-content\\\/uploads\\\/2022\\\/04\\\/Karriere_Post.png\",\"contentUrl\":\"https:\\\/\\\/parm.com\\\/wp-content\\\/uploads\\\/2022\\\/04\\\/Karriere_Post.png\",\"width\":1500,\"height\":1000,\"caption\":\"Ura - Erilaisia ihmisi\u00e4, joilla on kylttej\u00e4, joissa lukee \\\"Ty\u00f6\\\".\"},{\"@type\":\"BreadcrumbList\",\"@id\":\"https:\\\/\\\/parm.com\\\/fi\\\/career\\\/#breadcrumb\",\"itemListElement\":[{\"@type\":\"ListItem\",\"position\":1,\"name\":\"Startseite\",\"item\":\"https:\\\/\\\/parm.com\\\/fi\\\/\"},{\"@type\":\"ListItem\",\"position\":2,\"name\":\"Ty\u00f6paikat\"}]},{\"@type\":\"WebSite\",\"@id\":\"https:\\\/\\\/parm.com\\\/fi\\\/#website\",\"url\":\"https:\\\/\\\/parm.com\\\/fi\\\/\",\"name\":\"Parm AG\",\"description\":\"Successful projects. Swiss quality. Software f\u00fcr Projektmanagement\",\"publisher\":{\"@id\":\"https:\\\/\\\/parm.com\\\/fi\\\/#organization\"},\"alternateName\":\"Parm\",\"potentialAction\":[{\"@type\":\"SearchAction\",\"target\":{\"@type\":\"EntryPoint\",\"urlTemplate\":\"https:\\\/\\\/parm.com\\\/fi\\\/?s={search_term_string}\"},\"query-input\":{\"@type\":\"PropertyValueSpecification\",\"valueRequired\":true,\"valueName\":\"search_term_string\"}}],\"inLanguage\":\"fi\"},{\"@type\":\"Organization\",\"@id\":\"https:\\\/\\\/parm.com\\\/fi\\\/#organization\",\"name\":\"Parm AG\",\"alternateName\":\"Parm\",\"url\":\"https:\\\/\\\/parm.com\\\/fi\\\/\",\"logo\":{\"@type\":\"ImageObject\",\"inLanguage\":\"fi\",\"@id\":\"https:\\\/\\\/parm.com\\\/fi\\\/#\\\/schema\\\/logo\\\/image\\\/\",\"url\":\"https:\\\/\\\/parm.com\\\/wp-content\\\/uploads\\\/2021\\\/11\\\/Parm_Logo_blue_RGB.png\",\"contentUrl\":\"https:\\\/\\\/parm.com\\\/wp-content\\\/uploads\\\/2021\\\/11\\\/Parm_Logo_blue_RGB.png\",\"width\":908,\"height\":228,\"caption\":\"Parm AG\"},\"image\":{\"@id\":\"https:\\\/\\\/parm.com\\\/fi\\\/#\\\/schema\\\/logo\\\/image\\\/\"},\"sameAs\":[\"https:\\\/\\\/www.facebook.com\\\/myparm\",\"https:\\\/\\\/www.linkedin.com\\\/company\\\/parm-ag\",\"https:\\\/\\\/www.xing.com\\\/pages\\\/parmag\"]}]}<\/script>\n<!-- \/ Yoast SEO plugin. -->","yoast_head_json":{"title":"Ty\u00f6paikat | Parm AG","description":"Etsimme aina uusia kollegoita, joilla on intohimoa ja innostusta projektinhallintaa kohtaan! T\u00e4ss\u00e4 ovat ilmoitetut ty\u00f6paikat.","robots":{"index":"index","follow":"follow","max-snippet":"max-snippet:-1","max-image-preview":"max-image-preview:large","max-video-preview":"max-video-preview:-1"},"canonical":"https:\/\/parm.com\/fi\/career\/","og_locale":"fi_FI","og_type":"article","og_title":"Ura Parm AG:ss\u00e4","og_description":"Etsimme aina uusia kollegoita, joilla on intohimoa ja innostusta projektinhallintaa kohtaan! T\u00e4ss\u00e4 ovat ilmoitetut ty\u00f6paikat.","og_url":"https:\/\/parm.com\/fi\/career\/","og_site_name":"Parm AG","article_publisher":"https:\/\/www.facebook.com\/myparm","article_modified_time":"2026-05-07T04:49:59+00:00","og_image":[{"url":"https:\/\/parm.com\/wp-content\/uploads\/2022\/04\/Karriere_Post-1024x683.png","type":"","width":"","height":""}],"twitter_card":"summary_large_image","twitter_title":"Ura Parm AG:ss\u00e4","twitter_description":"Etsimme aina uusia kollegoita, joilla on intohimoa ja innostusta projektinhallintaa kohtaan! T\u00e4ss\u00e4 ovat ilmoitetut ty\u00f6paikat.","twitter_image":"https:\/\/parm.com\/wp-content\/uploads\/2022\/04\/Karriere_Post-1024x683.png","schema":{"@context":"https:\/\/schema.org","@graph":[{"@type":"WebPage","@id":"https:\/\/parm.com\/fi\/career\/","url":"https:\/\/parm.com\/fi\/career\/","name":"Ty\u00f6paikat | Parm AG","isPartOf":{"@id":"https:\/\/parm.com\/fi\/#website"},"primaryImageOfPage":{"@id":"https:\/\/parm.com\/fi\/career\/#primaryimage"},"image":{"@id":"https:\/\/parm.com\/fi\/career\/#primaryimage"},"thumbnailUrl":"https:\/\/parm.com\/wp-content\/uploads\/2022\/04\/Karriere_Post.png","datePublished":"2022-09-01T12:37:50+00:00","dateModified":"2026-05-07T04:49:59+00:00","description":"Etsimme aina uusia kollegoita, joilla on intohimoa ja innostusta projektinhallintaa kohtaan! T\u00e4ss\u00e4 ovat ilmoitetut ty\u00f6paikat.","breadcrumb":{"@id":"https:\/\/parm.com\/fi\/career\/#breadcrumb"},"inLanguage":"fi","potentialAction":[{"@type":"ReadAction","target":["https:\/\/parm.com\/fi\/career\/"]}]},{"@type":"ImageObject","inLanguage":"fi","@id":"https:\/\/parm.com\/fi\/career\/#primaryimage","url":"https:\/\/parm.com\/wp-content\/uploads\/2022\/04\/Karriere_Post.png","contentUrl":"https:\/\/parm.com\/wp-content\/uploads\/2022\/04\/Karriere_Post.png","width":1500,"height":1000,"caption":"Ura - Erilaisia ihmisi\u00e4, joilla on kylttej\u00e4, joissa lukee \"Ty\u00f6\"."},{"@type":"BreadcrumbList","@id":"https:\/\/parm.com\/fi\/career\/#breadcrumb","itemListElement":[{"@type":"ListItem","position":1,"name":"Startseite","item":"https:\/\/parm.com\/fi\/"},{"@type":"ListItem","position":2,"name":"Ty\u00f6paikat"}]},{"@type":"WebSite","@id":"https:\/\/parm.com\/fi\/#website","url":"https:\/\/parm.com\/fi\/","name":"Parm AG","description":"Successful projects. Swiss quality. Software f\u00fcr Projektmanagement","publisher":{"@id":"https:\/\/parm.com\/fi\/#organization"},"alternateName":"Parm","potentialAction":[{"@type":"SearchAction","target":{"@type":"EntryPoint","urlTemplate":"https:\/\/parm.com\/fi\/?s={search_term_string}"},"query-input":{"@type":"PropertyValueSpecification","valueRequired":true,"valueName":"search_term_string"}}],"inLanguage":"fi"},{"@type":"Organization","@id":"https:\/\/parm.com\/fi\/#organization","name":"Parm AG","alternateName":"Parm","url":"https:\/\/parm.com\/fi\/","logo":{"@type":"ImageObject","inLanguage":"fi","@id":"https:\/\/parm.com\/fi\/#\/schema\/logo\/image\/","url":"https:\/\/parm.com\/wp-content\/uploads\/2021\/11\/Parm_Logo_blue_RGB.png","contentUrl":"https:\/\/parm.com\/wp-content\/uploads\/2021\/11\/Parm_Logo_blue_RGB.png","width":908,"height":228,"caption":"Parm AG"},"image":{"@id":"https:\/\/parm.com\/fi\/#\/schema\/logo\/image\/"},"sameAs":["https:\/\/www.facebook.com\/myparm","https:\/\/www.linkedin.com\/company\/parm-ag","https:\/\/www.xing.com\/pages\/parmag"]}]}},"_links":{"self":[{"href":"https:\/\/parm.com\/fi\/wp-json\/wp\/v2\/pages\/10505","targetHints":{"allow":["GET"]}}],"collection":[{"href":"https:\/\/parm.com\/fi\/wp-json\/wp\/v2\/pages"}],"about":[{"href":"https:\/\/parm.com\/fi\/wp-json\/wp\/v2\/types\/page"}],"author":[{"embeddable":true,"href":"https:\/\/parm.com\/fi\/wp-json\/wp\/v2\/users\/1"}],"replies":[{"embeddable":true,"href":"https:\/\/parm.com\/fi\/wp-json\/wp\/v2\/comments?post=10505"}],"version-history":[{"count":10,"href":"https:\/\/parm.com\/fi\/wp-json\/wp\/v2\/pages\/10505\/revisions"}],"predecessor-version":[{"id":249452,"href":"https:\/\/parm.com\/fi\/wp-json\/wp\/v2\/pages\/10505\/revisions\/249452"}],"wp:featuredmedia":[{"embeddable":true,"href":"https:\/\/parm.com\/fi\/wp-json\/wp\/v2\/media\/5773"}],"wp:attachment":[{"href":"https:\/\/parm.com\/fi\/wp-json\/wp\/v2\/media?parent=10505"}],"curies":[{"name":"wp","href":"https:\/\/api.w.org\/{rel}","templated":true}]}}