{"id":249459,"date":"2026-05-07T06:55:56","date_gmt":"2026-05-07T04:55:56","guid":{"rendered":"https:\/\/parm.com\/carrera\/"},"modified":"2026-05-07T06:55:57","modified_gmt":"2026-05-07T04:55:57","slug":"carrera","status":"publish","type":"page","link":"https:\/\/parm.com\/es\/carrera\/","title":{"rendered":"Carrera"},"content":{"rendered":"<div class=\"et_pb_section_0 et_pb_section et_section_regular et_block_section et_animated\">\n<div class=\"et_pb_row_0 et_pb_row et_block_row\">\n<div class=\"et_pb_column_0 et_pb_column et_pb_column_4_4 et-last-child et_block_column et_pb_css_mix_blend_mode_passthrough\">\n<div class=\"et_pb_text_0 et_pb_text et_pb_bg_layout_light et_pb_module et_block_module preset--module--divi-text--default\"><div class=\"et_pb_text_inner\" data-et-mv-hidden-tablet=\"true\" data-et-mv-hidden-phone=\"true\"><h1 style=\"text-align: left;\"><strong>\u00bfQuieres marcar la diferencia?<br \/><span style=\"color: #c01e2b;\">Entonces, \u00a1forma parte de nuestro TEam!<br \/><\/span><\/strong><\/h1>\n<\/div><\/div>\n<\/div>\n<\/div>\n<\/div>\n\n<div class=\"et_pb_section_1 et_pb_section et_section_regular et_block_section\">\n<div class=\"et_pb_row_1 et_pb_row et_pb_row_4col et_block_row et_block_row_4col\">\n<div class=\"et_pb_column_1 et_pb_column et_pb_column_1_4 et_block_column et_pb_css_mix_blend_mode_passthrough\">\n<div class=\"et_pb_module et_pb_button_module_wrapper et_pb_button_0_wrapper preset--module--divi-button--default_wrapper\"><a class=\"et_pb_button_0 et_pb_button et_pb_bg_layout_light et_pb_module et_block_module preset--module--divi-button--default\" href=\"https:\/\/parm.com\/karriere\/#sw-en\">Ingeniero de soluciones \/ Director de implantaci\u00f3n (h\/m\/d)<\/a><\/div>\n<\/div>\n\n<div class=\"et_pb_column_2 et_pb_column et_pb_column_1_4 et_block_column et_pb_css_mix_blend_mode_passthrough\">\n<div class=\"et_pb_module et_pb_button_module_wrapper et_pb_button_1_wrapper preset--module--divi-button--default_wrapper\"><a class=\"et_pb_button_1 et_pb_button et_pb_bg_layout_light et_pb_module et_block_module preset--module--divi-button--default\" href=\"https:\/\/parm.com\/karriere\/#sr-benelux\">Director de Ventas de Software - Benelux (h\/m\/d)<\/a><\/div>\n<\/div>\n\n<div class=\"et_pb_column_3 et_pb_column et_pb_column_1_4 et_block_column et_pb_column_empty et_pb_css_mix_blend_mode_passthrough\"><\/div>\n\n<div class=\"et_pb_column_4 et_pb_column et_pb_column_1_4 et-last-child et_block_column et_pb_column_empty et_pb_css_mix_blend_mode_passthrough\"><\/div>\n<\/div>\n<\/div>\n\n<div class=\"et_pb_section_2 et_pb_section et_section_regular et_block_section\">\n<div class=\"et_pb_row_2 et_pb_row et_block_row\" id=\"sw-en\">\n<div class=\"et_pb_column_5 et_pb_column et_pb_column_4_4 et-last-child et_block_column et_pb_css_mix_blend_mode_passthrough\">\n<div class=\"et_pb_text_1 et_pb_text et_pb_bg_layout_light et_pb_module et_block_module preset--module--divi-text--default\"><div class=\"et_pb_text_inner\"><h2>Ingeniero de soluciones \/ Director de implantaci\u00f3n de software - DACH + Francia(m\/f\/d)<\/h2>\n<p>Como Gestor de Implantaci\u00f3n de Software (h\/m\/d), ayudar\u00e1s a nuestros clientes de las regiones de habla francesa y DACH a implantar con \u00e9xito nuestro software de gesti\u00f3n de proyectos y carteras, desde el an\u00e1lisis de requisitos hasta la puesta en marcha.<\/p>\n<h3>Tus tareas<\/h3>\n<p>Tus tareas incluir\u00e1n<\/p>\n<ul>\n<li>Realizaci\u00f3n de presentaciones eficaces, demostraciones espec\u00edficas para clientes, debates t\u00e9cnicos y talleres interactivos para optimizar las soluciones<\/li>\n<li>Desarrollo de una estrategia t\u00e9cnica y un plan de compromiso a medida en colaboraci\u00f3n con el equipo de ventas, incluida la identificaci\u00f3n de mercados clave, casos de uso y soluciones prioritarias.<\/li>\n<li>Planificaci\u00f3n, gesti\u00f3n y realizaci\u00f3n de proyectos de implantaci\u00f3n de software para nuestros clientes<\/li>\n<li>Analizar las necesidades de los clientes y desarrollar soluciones personalizadas<\/li>\n<li>Gesti\u00f3n de talleres para el mapeo de procesos, la definici\u00f3n de requisitos y la configuraci\u00f3n del sistema<\/li>\n<li>Apoyo en la migraci\u00f3n de datos, integraci\u00f3n de sistemas y conexi\u00f3n de interfaces<\/li>\n<li>Formaci\u00f3n de usuarios y usuarios clave, as\u00ed como apoyo continuo despu\u00e9s de la puesta en marcha<\/li>\n<li>Coordinaci\u00f3n entre los equipos internos (desarrollo, soporte, ventas) y las partes interesadas externas<\/li>\n<li>Apoyar al equipo de ventas con demostraciones de software<\/li>\n<li>Apoya al equipo de ventas en la respuesta a preguntas t\u00e9cnicas y funcionales en el contexto de licitaciones (RFI, RFQ, RFP) para preparar ofertas competitivas<\/li>\n<li>Garantizar un alto nivel de satisfacci\u00f3n del cliente y la optimizaci\u00f3n continua de los procesos de aplicaci\u00f3n (eficacia, calidad y rendimiento)<\/li>\n<\/ul>\n<h3><\/h3>\n<h3>Lo que llevas contigo<\/h3>\n<ul>\n<li>Estudios completos en inform\u00e1tica (empresarial), ingenier\u00eda, administraci\u00f3n de empresas o una cualificaci\u00f3n comparable.<\/li>\n<li>Varios a\u00f1os de experiencia en la implantaci\u00f3n de software empresarial, idealmente en las \u00e1reas de software de gesti\u00f3n de proyectos, ERP, CRM o soluciones empresariales complejas similares<\/li>\n<li>S\u00f3lidos conocimientos de los procesos empresariales, especialmente en el entorno de la gesti\u00f3n de proyectos<\/li>\n<li>Idealmente certificaci\u00f3n(es) en el \u00e1mbito de la gesti\u00f3n de proyectos (gesti\u00f3n, procesos)<\/li>\n<li>Comprensi\u00f3n t\u00e9cnica de arquitecturas de software, migraciones de datos e interfaces API<\/li>\n<li>Gran capacidad de comunicaci\u00f3n y an\u00e1lisis para traducir los requisitos del cliente en soluciones t\u00e9cnicas<\/li>\n<li>Experiencia en gesti\u00f3n del cambio y en formaci\u00f3n y asesoramiento a clientes<\/li>\n<li>Muy buenos conocimientos escritos y hablados de alem\u00e1n y franc\u00e9s<\/li>\n<li>Buen nivel de ingl\u00e9s hablado y escrito<\/li>\n<li>Disponibilidad para viajar a citas con clientes (en funci\u00f3n de los requisitos del proyecto)<\/li>\n<\/ul>\n<ul><\/ul>\n<h3><\/h3>\n<h3>Lo que te ofrecemos<\/h3>\n<ul>\n<li>Remuneraci\u00f3n superior a la media<\/li>\n<li>Un trabajo apasionante y variado con responsabilidad<\/li>\n<li>Influencia directa en el \u00e9xito de los proyectos de nuestros clientes<\/li>\n<li>Un equipo motivado con una cultura empresarial abierta<\/li>\n<li>La oportunidad de asumir un papel desafiante y variado en una empresa creciente e innovadora<\/li>\n<li>Flexibilidad y oportunidad de demostrar y desarrollar el pensamiento empresarial<\/li>\n<li>Alto grado de libertad y responsabilidad personal con muchas opciones de dise\u00f1o<\/li>\n<li>Estructura de equipo plana con amplia colaboraci\u00f3n con los socios y nuestro equipo de desarrollo de software<\/li>\n<li>Horario flexible y trabajo parcialmente independiente del lugar de trabajo<\/li>\n<li>Procesos cortos de toma de decisiones que permiten un alto grado de agilidad y capacidad de respuesta<\/li>\n<\/ul>\n<h3><\/h3>\n<h3>Lugar de trabajo<\/h3>\n<p>La oficina est\u00e1 situada en Kreuzlingen, Suiza (directamente en la frontera con Alemania). El trabajo a distancia es parcialmente posible. <\/p>\n<p>\u00bfTe atrae esto y quieres avanzar en tu carrera? Entonces no lo dudes y env\u00eda tus documentos de solicitud completos a: martin.sommer@parm.com<br \/>\u00a1Estaremos encantados de recibir noticias tuyas! <\/p>\n<\/div><\/div>\n\n<div class=\"et_pb_module et_pb_button_module_wrapper et_pb_button_2_wrapper preset--module--divi-button--default_wrapper\"><a class=\"et_pb_button_2 et_pb_button et_pb_bg_layout_light et_pb_module et_block_module preset--module--divi-button--default\" href=\"mailto:martin.sommer@parm.com\">Enviar solicitud<\/a><\/div>\n<\/div>\n<\/div>\n\n<div class=\"et_pb_row_3 et_pb_row et_block_row\" id=\"sr-benelux\">\n<div class=\"et_pb_column_6 et_pb_column et_pb_column_4_4 et-last-child et_block_column et_pb_css_mix_blend_mode_passthrough\">\n<div class=\"et_pb_text_2 et_pb_text et_pb_bg_layout_light et_pb_module et_block_module preset--module--divi-text--default\"><div class=\"et_pb_text_inner\"><h2>Representante de Ventas de Software - Benelux (h\/m\/d)<\/h2>\n<p>\u00bfTe gusta acercarte a desconocidos? \u00bfEres comunicativo, abierto y curioso? \u00bfPuedes convencer a los dem\u00e1s de tus m\u00e9ritos? \u00bfNo te desaniman los contratiempos y no te tomas el rechazo como algo personal? \u00bfTienes adem\u00e1s tenacidad y cualidades de \"cazador\" y \"cerrador\"? \u00a1Entonces eres el candidato adecuado para este puesto!     <\/p>\n<p>Buscamos personas con talento y personalidad fuerte, comprometidas y apasionadas por trabajar con nosotros para hacer avanzar nuestra empresa, el software y todo el equipo. A cambio, compartir\u00e1s nuestro \u00e9xito conjunto y tendr\u00e1s interesantes perspectivas de desarrollo con nosotros. <\/p>\n<h3><\/h3>\n<h3>Tus tareas<\/h3>\n<p>B\u00e1sicamente, ser\u00e1s responsable de todas las actividades comerciales necesarias para vender nuestros productos de software y los servicios asociados, como consultor\u00eda, formaci\u00f3n y personalizaci\u00f3n en Benelux.<\/p>\n<p>Tus tareas incluir\u00e1n<\/p>\n<ul>\n<li>Ventas de nuestro software (outbound + inbound)<\/li>\n<li>Desarrollo de nuevos clientes potenciales en los mercados objetivo de B\u00e9lgica, Pa\u00edses Bajos y Luxemburgo.<\/li>\n<li>Procesamiento de clientes potenciales por correo electr\u00f3nico y tel\u00e9fono<\/li>\n<li>Realizaci\u00f3n de demostraciones de software por videoconferencia o in situ en las instalaciones del cliente<\/li>\n<li>Asesoramiento sobre los productos y\/o servicios<\/li>\n<li>Mantenimiento de datos en CRM<\/li>\n<li>Preparaci\u00f3n de ofertas<\/li>\n<li>Tramitaci\u00f3n de ofertas<\/li>\n<li>Informar sobre los servicios prestados al empresario<\/li>\n<li>Atenci\u00f3n al cliente una vez finalizado el proceso de venta (gesti\u00f3n de cuentas clave)<\/li>\n<li>Apoyo en actividades de marketing como traducciones <\/li>\n<\/ul>\n<h3><\/h3>\n<h3>Lo que llevas contigo<\/h3>\n<ul>\n<li>Negocios con fluidez en neerland\u00e9s<\/li>\n<li>Alem\u00e1n y\/o muy buen nivel de ingl\u00e9s<\/li>\n<li>Experiencia demostrada. Responsabilidad independiente en ventas de productos de software o productos complejos que requieran explicaci\u00f3n en actividades previas. <\/li>\n<li>Buenas habilidades de negociaci\u00f3n y presentaci\u00f3n<\/li>\n<li>Alto nivel de automotivaci\u00f3n y determinaci\u00f3n<\/li>\n<li>Fuerte orientaci\u00f3n al cliente y capacidad para comprender sus necesidades y ofrecer soluciones adecuadas (venta de soluciones)<\/li>\n<\/ul>\n<h3><\/h3>\n<h3>Lo deseado es<\/h3>\n<ul>\n<li>Estudios completos en administraci\u00f3n de empresas, ingenier\u00eda industrial, inform\u00e1tica (empresarial) o un \u00e1rea relacionada<\/li>\n<li>S\u00f3lidos conocimientos de los procesos empresariales procedimentales y de la gesti\u00f3n de proyectos<\/li>\n<li>Conocimientos de TI, especialmente de software - idealmente gesti\u00f3n de proyectos, BI o soluciones ERP<\/li>\n<\/ul>\n<h3><\/h3>\n<h3>Lo que te ofrecemos<\/h3>\n<ul>\n<li>Remuneraci\u00f3n superior a la media y participaci\u00f3n en el volumen de negocio (comisi\u00f3n ilimitada)<\/li>\n<li>Asunci\u00f3n de la responsabilidad de ventas en tu propia zona de mercado<\/li>\n<li>La oportunidad de asumir un papel desafiante y variado en una empresa creciente e innovadora<\/li>\n<li>Flexibilidad y oportunidad de demostrar y desarrollar el pensamiento empresarial<\/li>\n<li>Alto grado de libertad y responsabilidad personal con muchas opciones de dise\u00f1o<\/li>\n<li>Estructura de equipo plana con amplia colaboraci\u00f3n con los socios y nuestro equipo de marketing y desarrollo de software<\/li>\n<li>Horario flexible y trabajo parcialmente independiente de la ubicaci\u00f3n<\/li>\n<li>Procesos cortos de toma de decisiones<\/li>\n<\/ul>\n<h3><\/h3>\n<h3>Lugar de trabajo<\/h3>\n<p>La oficina est\u00e1 situada en Kreuzlingen, Suiza (directamente en la frontera con Alemania). El trabajo a distancia es parcialmente posible. <\/p>\n<p>\u00bfTe atrae esto y quieres avanzar en tu carrera? Entonces no lo dudes y env\u00eda tus documentos de solicitud completos a: martin.sommer@parm.com<br \/>\u00a1Estaremos encantados de recibir noticias tuyas! <\/p>\n<\/div><\/div>\n\n<div class=\"et_pb_module et_pb_button_module_wrapper et_pb_button_3_wrapper preset--module--divi-button--default_wrapper\"><a class=\"et_pb_button_3 et_pb_button et_pb_bg_layout_light et_pb_module et_block_module preset--module--divi-button--default\" href=\"mailto:martin.sommer@parm.com\">Enviar solicitud<\/a><\/div>\n<\/div>\n<\/div>\n<\/div>\n\n<div class=\"et_pb_section_3 et_pb_section et_section_regular et_block_section\">\n<div class=\"et_pb_row_4 et_pb_row et_block_row\">\n<div class=\"et_pb_column_7 et_pb_column et_pb_column_1_2 et_block_column et_pb_css_mix_blend_mode_passthrough\">\n<div class=\"et_pb_text_3 et_pb_text et_pb_bg_layout_light et_pb_module et_block_module preset--module--divi-text--default\"><div class=\"et_pb_text_inner\"><h2>Solicitud no solicitada<\/h2>\n<p>\u00a1Siempre estamos buscando nuevos colegas con pasi\u00f3n y entusiasmo por el tema de la gesti\u00f3n de proyectos!<br \/>\u00bfTodav\u00eda no hay un puesto adecuado disponible? Entonces esperamos recibir su solicitud especulativa. <\/p>\n<\/div><\/div>\n\n<div class=\"et_pb_module et_pb_button_module_wrapper et_pb_button_4_wrapper preset--module--divi-button--default_wrapper\"><a class=\"et_pb_button_4 et_pb_button et_pb_bg_layout_light et_pb_module et_block_module preset--module--divi-button--default\" href=\"mailto:info@parm.com\">Enviar curriculum espont\u00e1neo<\/a><\/div>\n<\/div>\n\n<div class=\"et_pb_column_8 et_pb_column et_pb_column_1_2 et-last-child et_block_column et_pb_css_mix_blend_mode_passthrough\">\n<div class=\"et_pb_image_0 et_pb_image et_animated et_pb_module et_block_module\"><span class=\"et_pb_image_wrap\"><img decoding=\"async\" src=\"https:\/\/new-site.parm.com\/wp-content\/uploads\/2022\/04\/Karriere_Post.png\" title=\"Carrera_Post\" alt=\"Carrera - Diferentes personas con carteles que dicen &quot;Trabajo&quot;\" \/><\/span><\/div>\n<\/div>\n<\/div>\n<\/div>","protected":false},"excerpt":{"rendered":"<p>\u00a1Siempre estamos buscando nuevos colegas con pasi\u00f3n y entusiasmo por el tema de la gesti\u00f3n de proyectos! Estos son los puestos anunciados.<\/p>\n","protected":false},"author":1,"featured_media":22760,"parent":0,"menu_order":0,"comment_status":"closed","ping_status":"closed","template":"","meta":{"footnotes":""},"class_list":["post-249459","page","type-page","status-publish","has-post-thumbnail","hentry"],"yoast_head":"<!-- This site is optimized with the Yoast SEO plugin v27.5 - https:\/\/yoast.com\/product\/yoast-seo-wordpress\/ -->\n<title>Carrera | Parm AG<\/title>\n<meta name=\"description\" content=\"\u00a1Siempre estamos buscando nuevos colegas con pasi\u00f3n y entusiasmo por el tema de la gesti\u00f3n de proyectos! Estos son los puestos anunciados.\" \/>\n<meta name=\"robots\" content=\"index, follow, max-snippet:-1, max-image-preview:large, max-video-preview:-1\" \/>\n<link rel=\"canonical\" href=\"https:\/\/parm.com\/es\/carrera\/\" \/>\n<meta property=\"og:locale\" content=\"es_ES\" \/>\n<meta property=\"og:type\" content=\"article\" \/>\n<meta property=\"og:title\" content=\"Carrera en Parm AG\" \/>\n<meta property=\"og:description\" content=\"\u00a1Siempre estamos buscando nuevos colegas con pasi\u00f3n y entusiasmo por el tema de la gesti\u00f3n de proyectos! Estos son los puestos anunciados.\" \/>\n<meta property=\"og:url\" content=\"https:\/\/parm.com\/es\/carrera\/\" \/>\n<meta property=\"og:site_name\" content=\"Parm AG\" \/>\n<meta property=\"article:publisher\" content=\"https:\/\/www.facebook.com\/myparm\" \/>\n<meta property=\"article:modified_time\" content=\"2026-05-07T04:55:57+00:00\" \/>\n<meta property=\"og:image\" content=\"https:\/\/parm.com\/wp-content\/uploads\/2022\/04\/Karriere_Post-1024x683.png\" \/>\n<meta name=\"twitter:card\" content=\"summary_large_image\" \/>\n<meta name=\"twitter:title\" content=\"Carrera en Parm AG\" \/>\n<meta name=\"twitter:description\" content=\"\u00a1Siempre estamos buscando nuevos colegas con pasi\u00f3n y entusiasmo por el tema de la gesti\u00f3n de proyectos! Estos son los puestos anunciados.\" \/>\n<meta name=\"twitter:image\" content=\"https:\/\/parm.com\/wp-content\/uploads\/2022\/04\/Karriere_Post-1024x683.png\" \/>\n<script type=\"application\/ld+json\" class=\"yoast-schema-graph\">{\"@context\":\"https:\\\/\\\/schema.org\",\"@graph\":[{\"@type\":\"WebPage\",\"@id\":\"https:\\\/\\\/parm.com\\\/es\\\/carrera\\\/\",\"url\":\"https:\\\/\\\/parm.com\\\/es\\\/carrera\\\/\",\"name\":\"Carrera | Parm AG\",\"isPartOf\":{\"@id\":\"https:\\\/\\\/parm.com\\\/es\\\/#website\"},\"primaryImageOfPage\":{\"@id\":\"https:\\\/\\\/parm.com\\\/es\\\/carrera\\\/#primaryimage\"},\"image\":{\"@id\":\"https:\\\/\\\/parm.com\\\/es\\\/carrera\\\/#primaryimage\"},\"thumbnailUrl\":\"https:\\\/\\\/parm.com\\\/wp-content\\\/uploads\\\/2022\\\/04\\\/Karriere_Post.png\",\"datePublished\":\"2026-05-07T04:55:56+00:00\",\"dateModified\":\"2026-05-07T04:55:57+00:00\",\"description\":\"\u00a1Siempre estamos buscando nuevos colegas con pasi\u00f3n y entusiasmo por el tema de la gesti\u00f3n de proyectos! Estos son los puestos anunciados.\",\"breadcrumb\":{\"@id\":\"https:\\\/\\\/parm.com\\\/es\\\/carrera\\\/#breadcrumb\"},\"inLanguage\":\"es\",\"potentialAction\":[{\"@type\":\"ReadAction\",\"target\":[\"https:\\\/\\\/parm.com\\\/es\\\/carrera\\\/\"]}]},{\"@type\":\"ImageObject\",\"inLanguage\":\"es\",\"@id\":\"https:\\\/\\\/parm.com\\\/es\\\/carrera\\\/#primaryimage\",\"url\":\"https:\\\/\\\/parm.com\\\/wp-content\\\/uploads\\\/2022\\\/04\\\/Karriere_Post.png\",\"contentUrl\":\"https:\\\/\\\/parm.com\\\/wp-content\\\/uploads\\\/2022\\\/04\\\/Karriere_Post.png\",\"width\":1500,\"height\":1000,\"caption\":\"Carrera - Diferentes personas con carteles que dicen \\\"Trabajo\\\"\"},{\"@type\":\"BreadcrumbList\",\"@id\":\"https:\\\/\\\/parm.com\\\/es\\\/carrera\\\/#breadcrumb\",\"itemListElement\":[{\"@type\":\"ListItem\",\"position\":1,\"name\":\"Startseite\",\"item\":\"https:\\\/\\\/parm.com\\\/es\\\/\"},{\"@type\":\"ListItem\",\"position\":2,\"name\":\"Carrera\"}]},{\"@type\":\"WebSite\",\"@id\":\"https:\\\/\\\/parm.com\\\/es\\\/#website\",\"url\":\"https:\\\/\\\/parm.com\\\/es\\\/\",\"name\":\"Parm AG\",\"description\":\"Successful projects. Swiss quality. Software f\u00fcr Projektmanagement\",\"publisher\":{\"@id\":\"https:\\\/\\\/parm.com\\\/es\\\/#organization\"},\"alternateName\":\"Parm\",\"potentialAction\":[{\"@type\":\"SearchAction\",\"target\":{\"@type\":\"EntryPoint\",\"urlTemplate\":\"https:\\\/\\\/parm.com\\\/es\\\/?s={search_term_string}\"},\"query-input\":{\"@type\":\"PropertyValueSpecification\",\"valueRequired\":true,\"valueName\":\"search_term_string\"}}],\"inLanguage\":\"es\"},{\"@type\":\"Organization\",\"@id\":\"https:\\\/\\\/parm.com\\\/es\\\/#organization\",\"name\":\"Parm AG\",\"alternateName\":\"Parm\",\"url\":\"https:\\\/\\\/parm.com\\\/es\\\/\",\"logo\":{\"@type\":\"ImageObject\",\"inLanguage\":\"es\",\"@id\":\"https:\\\/\\\/parm.com\\\/es\\\/#\\\/schema\\\/logo\\\/image\\\/\",\"url\":\"https:\\\/\\\/parm.com\\\/wp-content\\\/uploads\\\/2021\\\/11\\\/Parm_Logo_blue_RGB.png\",\"contentUrl\":\"https:\\\/\\\/parm.com\\\/wp-content\\\/uploads\\\/2021\\\/11\\\/Parm_Logo_blue_RGB.png\",\"width\":908,\"height\":228,\"caption\":\"Parm AG\"},\"image\":{\"@id\":\"https:\\\/\\\/parm.com\\\/es\\\/#\\\/schema\\\/logo\\\/image\\\/\"},\"sameAs\":[\"https:\\\/\\\/www.facebook.com\\\/myparm\",\"https:\\\/\\\/www.linkedin.com\\\/company\\\/parm-ag\",\"https:\\\/\\\/www.xing.com\\\/pages\\\/parmag\"]}]}<\/script>\n<!-- \/ Yoast SEO plugin. -->","yoast_head_json":{"title":"Carrera | Parm AG","description":"\u00a1Siempre estamos buscando nuevos colegas con pasi\u00f3n y entusiasmo por el tema de la gesti\u00f3n de proyectos! Estos son los puestos anunciados.","robots":{"index":"index","follow":"follow","max-snippet":"max-snippet:-1","max-image-preview":"max-image-preview:large","max-video-preview":"max-video-preview:-1"},"canonical":"https:\/\/parm.com\/es\/carrera\/","og_locale":"es_ES","og_type":"article","og_title":"Carrera en Parm AG","og_description":"\u00a1Siempre estamos buscando nuevos colegas con pasi\u00f3n y entusiasmo por el tema de la gesti\u00f3n de proyectos! Estos son los puestos anunciados.","og_url":"https:\/\/parm.com\/es\/carrera\/","og_site_name":"Parm AG","article_publisher":"https:\/\/www.facebook.com\/myparm","article_modified_time":"2026-05-07T04:55:57+00:00","og_image":[{"url":"https:\/\/parm.com\/wp-content\/uploads\/2022\/04\/Karriere_Post-1024x683.png","type":"","width":"","height":""}],"twitter_card":"summary_large_image","twitter_title":"Carrera en Parm AG","twitter_description":"\u00a1Siempre estamos buscando nuevos colegas con pasi\u00f3n y entusiasmo por el tema de la gesti\u00f3n de proyectos! Estos son los puestos anunciados.","twitter_image":"https:\/\/parm.com\/wp-content\/uploads\/2022\/04\/Karriere_Post-1024x683.png","schema":{"@context":"https:\/\/schema.org","@graph":[{"@type":"WebPage","@id":"https:\/\/parm.com\/es\/carrera\/","url":"https:\/\/parm.com\/es\/carrera\/","name":"Carrera | Parm AG","isPartOf":{"@id":"https:\/\/parm.com\/es\/#website"},"primaryImageOfPage":{"@id":"https:\/\/parm.com\/es\/carrera\/#primaryimage"},"image":{"@id":"https:\/\/parm.com\/es\/carrera\/#primaryimage"},"thumbnailUrl":"https:\/\/parm.com\/wp-content\/uploads\/2022\/04\/Karriere_Post.png","datePublished":"2026-05-07T04:55:56+00:00","dateModified":"2026-05-07T04:55:57+00:00","description":"\u00a1Siempre estamos buscando nuevos colegas con pasi\u00f3n y entusiasmo por el tema de la gesti\u00f3n de proyectos! Estos son los puestos anunciados.","breadcrumb":{"@id":"https:\/\/parm.com\/es\/carrera\/#breadcrumb"},"inLanguage":"es","potentialAction":[{"@type":"ReadAction","target":["https:\/\/parm.com\/es\/carrera\/"]}]},{"@type":"ImageObject","inLanguage":"es","@id":"https:\/\/parm.com\/es\/carrera\/#primaryimage","url":"https:\/\/parm.com\/wp-content\/uploads\/2022\/04\/Karriere_Post.png","contentUrl":"https:\/\/parm.com\/wp-content\/uploads\/2022\/04\/Karriere_Post.png","width":1500,"height":1000,"caption":"Carrera - Diferentes personas con carteles que dicen \"Trabajo\""},{"@type":"BreadcrumbList","@id":"https:\/\/parm.com\/es\/carrera\/#breadcrumb","itemListElement":[{"@type":"ListItem","position":1,"name":"Startseite","item":"https:\/\/parm.com\/es\/"},{"@type":"ListItem","position":2,"name":"Carrera"}]},{"@type":"WebSite","@id":"https:\/\/parm.com\/es\/#website","url":"https:\/\/parm.com\/es\/","name":"Parm AG","description":"Successful projects. Swiss quality. Software f\u00fcr Projektmanagement","publisher":{"@id":"https:\/\/parm.com\/es\/#organization"},"alternateName":"Parm","potentialAction":[{"@type":"SearchAction","target":{"@type":"EntryPoint","urlTemplate":"https:\/\/parm.com\/es\/?s={search_term_string}"},"query-input":{"@type":"PropertyValueSpecification","valueRequired":true,"valueName":"search_term_string"}}],"inLanguage":"es"},{"@type":"Organization","@id":"https:\/\/parm.com\/es\/#organization","name":"Parm AG","alternateName":"Parm","url":"https:\/\/parm.com\/es\/","logo":{"@type":"ImageObject","inLanguage":"es","@id":"https:\/\/parm.com\/es\/#\/schema\/logo\/image\/","url":"https:\/\/parm.com\/wp-content\/uploads\/2021\/11\/Parm_Logo_blue_RGB.png","contentUrl":"https:\/\/parm.com\/wp-content\/uploads\/2021\/11\/Parm_Logo_blue_RGB.png","width":908,"height":228,"caption":"Parm AG"},"image":{"@id":"https:\/\/parm.com\/es\/#\/schema\/logo\/image\/"},"sameAs":["https:\/\/www.facebook.com\/myparm","https:\/\/www.linkedin.com\/company\/parm-ag","https:\/\/www.xing.com\/pages\/parmag"]}]}},"_links":{"self":[{"href":"https:\/\/parm.com\/es\/wp-json\/wp\/v2\/pages\/249459","targetHints":{"allow":["GET"]}}],"collection":[{"href":"https:\/\/parm.com\/es\/wp-json\/wp\/v2\/pages"}],"about":[{"href":"https:\/\/parm.com\/es\/wp-json\/wp\/v2\/types\/page"}],"author":[{"embeddable":true,"href":"https:\/\/parm.com\/es\/wp-json\/wp\/v2\/users\/1"}],"replies":[{"embeddable":true,"href":"https:\/\/parm.com\/es\/wp-json\/wp\/v2\/comments?post=249459"}],"version-history":[{"count":1,"href":"https:\/\/parm.com\/es\/wp-json\/wp\/v2\/pages\/249459\/revisions"}],"predecessor-version":[{"id":249460,"href":"https:\/\/parm.com\/es\/wp-json\/wp\/v2\/pages\/249459\/revisions\/249460"}],"wp:featuredmedia":[{"embeddable":true,"href":"https:\/\/parm.com\/es\/wp-json\/wp\/v2\/media\/22760"}],"wp:attachment":[{"href":"https:\/\/parm.com\/es\/wp-json\/wp\/v2\/media?parent=249459"}],"curies":[{"name":"wp","href":"https:\/\/api.w.org\/{rel}","templated":true}]}}