{"id":23192,"date":"2023-07-12T08:03:51","date_gmt":"2023-07-12T06:03:51","guid":{"rendered":"https:\/\/parm.com\/inteligencia-empresarial\/controlar\/"},"modified":"2026-03-02T16:17:59","modified_gmt":"2026-03-02T15:17:59","slug":"controlar","status":"publish","type":"page","link":"https:\/\/parm.com\/es\/inteligencia-empresarial\/controlar\/","title":{"rendered":"Controlar"},"content":{"rendered":"\n<div class=\"et_pb_section_0 et_pb_section et_section_regular et_block_section et_animated\"><div class=\"et_pb_row_0 et_pb_row et_block_row\"><div class=\"et_pb_column_0 et_pb_column et_pb_column_4_4 et-last-child et_block_column et_pb_css_mix_blend_mode_passthrough\"><div class=\"et_pb_text_0 et_pb_text et_pb_bg_layout_light et_pb_module et_block_module preset--module--divi-text--default\"><div class=\"et_pb_text_inner\" data-et-mv-hidden-tablet=\"true\"><h1 style=\"text-align: left;\"><strong>Controlar<br \/><span style=\"color: #c01e2b;\">Gesti\u00f3n de tareas y colaboraci\u00f3n<\/span><\/strong><\/h1>\n<\/div><\/div><\/div><\/div><div class=\"et_pb_row_1 et_pb_row et_block_row\"><div class=\"et_pb_column_1 et_pb_column et_pb_column_3_5 et_block_column et_pb_css_mix_blend_mode_passthrough\"><div class=\"et_pb_text_1 et_pb_text et_pb_bg_layout_light et_pb_module et_block_module preset--module--divi-text--default\"><div class=\"et_pb_text_inner\"><h2>Convierta los an\u00e1lisis en acci\u00f3n<\/h2>\n<\/div><\/div><div class=\"et_pb_blurb_0 et_pb_blurb et_pb_bg_layout_light et_pb_blurb_position_left et_pb_module et_block_module\"><div class=\"et_pb_blurb_content\"><div class=\"et_pb_main_blurb_image\"><span class=\"et_pb_image_wrap\"><span class=\"et-pb-icon\">R<\/span><\/span><\/div><div class=\"et_pb_blurb_container\"><div class=\"et_pb_blurb_description\"><p><strong>F\u00e1cil gesti\u00f3n de tareas directamente en el mismo sistema<br \/><\/strong><\/p>\n<\/div><\/div><\/div><\/div><div class=\"et_pb_blurb_1 et_pb_blurb et_pb_bg_layout_light et_pb_blurb_position_left et_pb_module et_block_module\"><div class=\"et_pb_blurb_content\"><div class=\"et_pb_main_blurb_image\"><span class=\"et_pb_image_wrap\"><span class=\"et-pb-icon\">R<\/span><\/span><\/div><div class=\"et_pb_blurb_container\"><div class=\"et_pb_blurb_description\"><p><strong>C\u00f3moda funci\u00f3n de comunicaci\u00f3n<br \/><\/strong><\/p>\n<\/div><\/div><\/div><\/div><div class=\"et_pb_blurb_2 et_pb_blurb et_pb_bg_layout_light et_pb_blurb_position_left et_pb_module et_block_module\"><div class=\"et_pb_blurb_content\"><div class=\"et_pb_main_blurb_image\"><span class=\"et_pb_image_wrap\"><span class=\"et-pb-icon\">R<\/span><\/span><\/div><div class=\"et_pb_blurb_container\"><div class=\"et_pb_blurb_description\"><p><strong>Sistema de alteraci\u00f3n y alerta temprana<br \/><\/strong><\/p>\n<\/div><\/div><\/div><\/div><\/div><div class=\"et_pb_column_2 et_pb_column et_pb_column_2_5 et-last-child et_block_column et_pb_column_empty et_pb_css_mix_blend_mode_passthrough\"><\/div><\/div><\/div><div class=\"et_pb_section_1 et_pb_section et_section_regular et_block_section\"><div class=\"et_pb_row_2 et_pb_row et_block_row\"><div class=\"et_pb_column_3 et_pb_column et_pb_column_1_2 et_block_column et_pb_css_mix_blend_mode_passthrough\"><div class=\"et_pb_image_0 et_pb_image et_pb_module et_block_module\"><span class=\"et_pb_image_wrap\"><img decoding=\"async\" src=\"https:\/\/new-site.parm.com\/wp-content\/uploads\/2022\/03\/Aufgabenmanagement-PC-mit-Eingabemaske.jpg\" title=\"Gesti\u00f3n de tareas PC con m\u00e1scara de entrada\" alt=\"Gesti\u00f3n de tareas en myPARM\" \/><\/span><\/div><\/div><div class=\"et_pb_column_4 et_pb_column et_pb_column_1_2 et-last-child et_block_column et_pb_css_mix_blend_mode_passthrough\"><div class=\"et_pb_text_2 et_pb_text et_pb_bg_layout_light et_pb_module et_block_module preset--module--divi-text--default\"><div class=\"et_pb_text_inner\"><h2>Convierta los resultados en tareas<br \/>controle la ejecuci\u00f3n de forma \u00f3ptima<\/h2>\n<p>Optimice el flujo de informaci\u00f3n y tareas entre la direcci\u00f3n, los ejecutivos y los empleados en el d\u00eda a d\u00eda y aumente as\u00ed la comprensi\u00f3n y la eficacia de sus empleados.<br \/>La gesti\u00f3n de tareas integrada le permite pasar inmediatamente de los resultados a la acci\u00f3n. Asigne tareas de forma flexible y reciba en cualquier momento informaci\u00f3n de sus empleados sobre el estado actual, las desviaciones del plan o la finalizaci\u00f3n de las tareas a trav\u00e9s de myPARM. <\/p>\n<\/div><\/div><\/div><\/div><div class=\"et_pb_row_3 et_pb_row et_block_row\"><div class=\"et_pb_column_5 et_pb_column et_pb_column_3_5 et_block_column et_pb_css_mix_blend_mode_passthrough\"><div class=\"et_pb_text_3 et_pb_text et_pb_bg_layout_light et_pb_module et_block_module preset--module--divi-text--default\"><div class=\"et_pb_text_inner\"><h2>Administraci\u00f3n de tareas<\/h2>\n<ul>\n<li><strong>Planifique<\/strong>, registre y programe las tareas.<\/li>\n<li><strong>Vincule<\/strong> las tareas a procesos, riesgos, oportunidades y mucho m\u00e1s.<\/li>\n<li><strong>Controlar<\/strong>: Priorice, supervise y asigne tareas.<\/li>\n<li><strong>Seguimiento<\/strong>: Vigile en todo momento el estado en tableros Kanban, informes y cockpits claros.<\/li>\n<\/ul>\n<\/div><\/div><\/div><div class=\"et_pb_column_6 et_pb_column et_pb_column_2_5 et-last-child et_block_column et_pb_css_mix_blend_mode_passthrough\"><div class=\"et_pb_image_1 et_pb_image et_pb_module et_block_module\"><span class=\"et_pb_image_wrap\"><img decoding=\"async\" src=\"https:\/\/new-site.parm.com\/wp-content\/uploads\/2022\/03\/myPARM_BI_Tablet_Aufgabenverwaltung.png\" title=\"myPARM_BI_Tablet_Gesti\u00f3n_tareas\" alt=\"Gesti\u00f3n de tareas myPARM BI\" \/><\/span><\/div><\/div><\/div><div class=\"et_pb_row_4 et_pb_row et_block_row custom_row\"><div class=\"et_pb_column_7 et_pb_column et_pb_column_2_5 et_block_column et_pb_css_mix_blend_mode_passthrough second-on-mobile\"><div class=\"et_pb_image_2 et_pb_image et_pb_module et_block_module\"><span class=\"et_pb_image_wrap\"><img decoding=\"async\" src=\"https:\/\/new-site.parm.com\/wp-content\/uploads\/2022\/03\/myPARM_BI_Tablet_Kommentarfunktion.png\" title=\"Funci\u00f3n myPARM_BI_Tablet_Comment\" alt=\"myPARM BI funci\u00f3n de comentario\" \/><\/span><\/div><\/div><div class=\"et_pb_column_8 et_pb_column et_pb_column_3_5 et-last-child et_block_column et_pb_css_mix_blend_mode_passthrough first-on-mobile\"><div class=\"et_pb_text_4 et_pb_text et_pb_bg_layout_light et_pb_module et_block_module preset--module--divi-text--default\"><div class=\"et_pb_text_inner\"><h2>Colaboraci\u00f3n<\/h2>\n<p>Facilite a sus colegas y empleados informaci\u00f3n importante de forma r\u00e1pida y sencilla mediante la funci\u00f3n de comentarios integrada. A\u00f1ada comentarios \u00fatiles a las tareas, an\u00e1lisis, riesgos y oportunidades, etc. o solicite m\u00e1s informaci\u00f3n.<\/p>\n<p>&nbsp;<\/p>\n<\/div><\/div><\/div><\/div><div class=\"et_pb_row_5 et_pb_row et_block_row\"><div class=\"et_pb_column_9 et_pb_column et_pb_column_3_5 et_block_column et_pb_css_mix_blend_mode_passthrough\"><div class=\"et_pb_text_5 et_pb_text et_pb_bg_layout_light et_pb_module et_block_module preset--module--divi-text--default\"><div class=\"et_pb_text_inner\"><h2>Sistema de alerta y aviso precoz<\/h2>\n<p>El sistema de alteraci\u00f3n y alerta temprana le informa autom\u00e1ticamente cuando surgen imprevistos o se superan los valores l\u00edmite. De este modo, puede reaccionar con rapidez y flexibilidad en cualquier momento bas\u00e1ndose en los datos y evaluaciones actuales.<\/p>\n<p>&nbsp;<\/p>\n<\/div><\/div><\/div><div class=\"et_pb_column_10 et_pb_column et_pb_column_2_5 et-last-child et_block_column et_pb_css_mix_blend_mode_passthrough\"><div class=\"et_pb_image_3 et_pb_image et_pb_module et_block_module\"><span class=\"et_pb_image_wrap\"><img decoding=\"async\" src=\"https:\/\/new-site.parm.com\/wp-content\/uploads\/2022\/03\/myPARM_BI_Tablet_Fruehwarnsystem.png\" title=\"myPARM_BI_Tablet_Sistema de alerta precoz\" alt=\"Sistema de alerta temprana myPARM BI\" \/><\/span><\/div><\/div><\/div><\/div><div class=\"et_pb_section_2 et_pb_section et_section_regular et_block_section\"><div class=\"et_pb_row_6 et_pb_row et_block_row\"><div class=\"et_pb_column_11 et_pb_column et_pb_column_4_4 et-last-child et_block_column et_pb_css_mix_blend_mode_passthrough\"><div class=\"et_pb_code_0 et_pb_code et_pb_module\"><div class=\"et_pb_code_inner\"><!-- Calendly Badge-Widget Beginn -->\n<link href=\"https:\/\/assets.calendly.com\/assets\/external\/widget.css\" rel=\"stylesheet\">\n<script src=\"https:\/\/assets.calendly.com\/assets\/external\/widget.js\" type=\"text\/javascript\"><\/script>\n<script type=\"text\/javascript\">Calendly.initBadgeWidget({ url: 'https:\/\/calendly.com\/d\/ymv-ffv-cqx', text: 'Termin vereinbaren', color: '#00a2ff', textColor: '#ffffff', branding: false });<\/script>\n<!-- Calendly Badge-Widget Ende -->\n<\/div><\/div><\/div><\/div><\/div>\n","protected":false},"excerpt":{"rendered":"<p>Convierta los resultados de sus an\u00e1lisis en acci\u00f3n de inmediato. Defina tareas y as\u00edgnelas a sus empleados. Vincule estas tareas a proyectos, riesgos u oportunidades, por ejemplo. Establezca una priorizaci\u00f3n y controle su ejecuci\u00f3n.<\/p>\n","protected":false},"author":1,"featured_media":22749,"parent":23171,"menu_order":0,"comment_status":"closed","ping_status":"closed","template":"","meta":{"footnotes":""},"class_list":["post-23192","page","type-page","status-publish","has-post-thumbnail","hentry"],"yoast_head":"<!-- This site is optimized with the Yoast SEO plugin v27.5 - https:\/\/yoast.com\/product\/yoast-seo-wordpress\/ -->\n<title>Convierta los resultados en tareas, controle la ejecuci\u00f3n de forma \u00f3ptima<\/title>\n<meta name=\"description\" content=\"Ponga inmediatamente en pr\u00e1ctica los resultados de sus an\u00e1lisis. Defina tareas y as\u00edgnelas a sus empleados.\" \/>\n<meta name=\"robots\" content=\"index, follow, max-snippet:-1, max-image-preview:large, max-video-preview:-1\" \/>\n<link rel=\"canonical\" href=\"https:\/\/parm.com\/es\/inteligencia-empresarial\/controlar\/\" \/>\n<meta property=\"og:locale\" content=\"es_ES\" \/>\n<meta property=\"og:type\" content=\"article\" \/>\n<meta property=\"og:title\" content=\"Convierta los resultados en tareas, controle la ejecuci\u00f3n de forma \u00f3ptima\" \/>\n<meta property=\"og:description\" content=\"Convierta los resultados de sus an\u00e1lisis en acci\u00f3n de inmediato. Defina tareas y as\u00edgnelas a sus empleados. Vincule estas tareas a proyectos, riesgos u oportunidades, por ejemplo. Establezca una priorizaci\u00f3n y controle su ejecuci\u00f3n.\" \/>\n<meta property=\"og:url\" content=\"https:\/\/parm.com\/es\/inteligencia-empresarial\/controlar\/\" \/>\n<meta property=\"og:site_name\" content=\"Parm AG\" \/>\n<meta property=\"article:publisher\" content=\"https:\/\/www.facebook.com\/myparm\" \/>\n<meta property=\"article:modified_time\" content=\"2026-03-02T15:17:59+00:00\" \/>\n<meta property=\"og:image\" content=\"https:\/\/parm.com\/wp-content\/uploads\/2022\/03\/myPARM_BI_Tablet_Aufgabenverwaltung-207x300.png\" \/>\n<meta name=\"twitter:card\" content=\"summary_large_image\" \/>\n<meta name=\"twitter:title\" content=\"Convierta los resultados en tareas, controle la ejecuci\u00f3n de forma \u00f3ptima\" \/>\n<meta name=\"twitter:description\" content=\"Convierta los resultados de sus an\u00e1lisis en acci\u00f3n de inmediato. Defina tareas y as\u00edgnelas a sus empleados. Vincule estas tareas a proyectos, riesgos u oportunidades, por ejemplo. Establezca una priorizaci\u00f3n y controle su ejecuci\u00f3n.\" \/>\n<meta name=\"twitter:image\" content=\"https:\/\/parm.com\/wp-content\/uploads\/2022\/03\/myPARM_BI_Tablet_Aufgabenverwaltung-705x1024.png\" \/>\n<script type=\"application\/ld+json\" class=\"yoast-schema-graph\">{\"@context\":\"https:\\\/\\\/schema.org\",\"@graph\":[{\"@type\":\"WebPage\",\"@id\":\"https:\\\/\\\/parm.com\\\/es\\\/inteligencia-empresarial\\\/controlar\\\/\",\"url\":\"https:\\\/\\\/parm.com\\\/es\\\/inteligencia-empresarial\\\/controlar\\\/\",\"name\":\"Convierta los resultados en tareas, controle la ejecuci\u00f3n de forma \u00f3ptima\",\"isPartOf\":{\"@id\":\"https:\\\/\\\/parm.com\\\/es\\\/#website\"},\"primaryImageOfPage\":{\"@id\":\"https:\\\/\\\/parm.com\\\/es\\\/inteligencia-empresarial\\\/controlar\\\/#primaryimage\"},\"image\":{\"@id\":\"https:\\\/\\\/parm.com\\\/es\\\/inteligencia-empresarial\\\/controlar\\\/#primaryimage\"},\"thumbnailUrl\":\"https:\\\/\\\/parm.com\\\/wp-content\\\/uploads\\\/2022\\\/03\\\/myPARM_BI_Tablet_Aufgabenverwaltung.png\",\"datePublished\":\"2023-07-12T06:03:51+00:00\",\"dateModified\":\"2026-03-02T15:17:59+00:00\",\"description\":\"Ponga inmediatamente en pr\u00e1ctica los resultados de sus an\u00e1lisis. Defina tareas y as\u00edgnelas a sus empleados.\",\"breadcrumb\":{\"@id\":\"https:\\\/\\\/parm.com\\\/es\\\/inteligencia-empresarial\\\/controlar\\\/#breadcrumb\"},\"inLanguage\":\"es\",\"potentialAction\":[{\"@type\":\"ReadAction\",\"target\":[\"https:\\\/\\\/parm.com\\\/es\\\/inteligencia-empresarial\\\/controlar\\\/\"]}]},{\"@type\":\"ImageObject\",\"inLanguage\":\"es\",\"@id\":\"https:\\\/\\\/parm.com\\\/es\\\/inteligencia-empresarial\\\/controlar\\\/#primaryimage\",\"url\":\"https:\\\/\\\/parm.com\\\/wp-content\\\/uploads\\\/2022\\\/03\\\/myPARM_BI_Tablet_Aufgabenverwaltung.png\",\"contentUrl\":\"https:\\\/\\\/parm.com\\\/wp-content\\\/uploads\\\/2022\\\/03\\\/myPARM_BI_Tablet_Aufgabenverwaltung.png\",\"width\":1552,\"height\":2253,\"caption\":\"myPARM BI Aufgabenverwaltung\"},{\"@type\":\"BreadcrumbList\",\"@id\":\"https:\\\/\\\/parm.com\\\/es\\\/inteligencia-empresarial\\\/controlar\\\/#breadcrumb\",\"itemListElement\":[{\"@type\":\"ListItem\",\"position\":1,\"name\":\"Startseite\",\"item\":\"https:\\\/\\\/parm.com\\\/es\\\/\"},{\"@type\":\"ListItem\",\"position\":2,\"name\":\"Inteligencia empresarial\",\"item\":\"https:\\\/\\\/parm.com\\\/es\\\/inteligencia-empresarial\\\/\"},{\"@type\":\"ListItem\",\"position\":3,\"name\":\"Controlar\"}]},{\"@type\":\"WebSite\",\"@id\":\"https:\\\/\\\/parm.com\\\/es\\\/#website\",\"url\":\"https:\\\/\\\/parm.com\\\/es\\\/\",\"name\":\"Parm AG\",\"description\":\"Successful projects. Swiss quality. Software f\u00fcr Projektmanagement\",\"publisher\":{\"@id\":\"https:\\\/\\\/parm.com\\\/es\\\/#organization\"},\"alternateName\":\"Parm\",\"potentialAction\":[{\"@type\":\"SearchAction\",\"target\":{\"@type\":\"EntryPoint\",\"urlTemplate\":\"https:\\\/\\\/parm.com\\\/es\\\/?s={search_term_string}\"},\"query-input\":{\"@type\":\"PropertyValueSpecification\",\"valueRequired\":true,\"valueName\":\"search_term_string\"}}],\"inLanguage\":\"es\"},{\"@type\":\"Organization\",\"@id\":\"https:\\\/\\\/parm.com\\\/es\\\/#organization\",\"name\":\"Parm AG\",\"alternateName\":\"Parm\",\"url\":\"https:\\\/\\\/parm.com\\\/es\\\/\",\"logo\":{\"@type\":\"ImageObject\",\"inLanguage\":\"es\",\"@id\":\"https:\\\/\\\/parm.com\\\/es\\\/#\\\/schema\\\/logo\\\/image\\\/\",\"url\":\"https:\\\/\\\/parm.com\\\/wp-content\\\/uploads\\\/2021\\\/11\\\/Parm_Logo_blue_RGB.png\",\"contentUrl\":\"https:\\\/\\\/parm.com\\\/wp-content\\\/uploads\\\/2021\\\/11\\\/Parm_Logo_blue_RGB.png\",\"width\":908,\"height\":228,\"caption\":\"Parm AG\"},\"image\":{\"@id\":\"https:\\\/\\\/parm.com\\\/es\\\/#\\\/schema\\\/logo\\\/image\\\/\"},\"sameAs\":[\"https:\\\/\\\/www.facebook.com\\\/myparm\",\"https:\\\/\\\/www.linkedin.com\\\/company\\\/parm-ag\",\"https:\\\/\\\/www.xing.com\\\/pages\\\/parmag\"]}]}<\/script>\n<!-- \/ Yoast SEO plugin. -->","yoast_head_json":{"title":"Convierta los resultados en tareas, controle la ejecuci\u00f3n de forma \u00f3ptima","description":"Ponga inmediatamente en pr\u00e1ctica los resultados de sus an\u00e1lisis. Defina tareas y as\u00edgnelas a sus empleados.","robots":{"index":"index","follow":"follow","max-snippet":"max-snippet:-1","max-image-preview":"max-image-preview:large","max-video-preview":"max-video-preview:-1"},"canonical":"https:\/\/parm.com\/es\/inteligencia-empresarial\/controlar\/","og_locale":"es_ES","og_type":"article","og_title":"Convierta los resultados en tareas, controle la ejecuci\u00f3n de forma \u00f3ptima","og_description":"Convierta los resultados de sus an\u00e1lisis en acci\u00f3n de inmediato. Defina tareas y as\u00edgnelas a sus empleados. Vincule estas tareas a proyectos, riesgos u oportunidades, por ejemplo. Establezca una priorizaci\u00f3n y controle su ejecuci\u00f3n.","og_url":"https:\/\/parm.com\/es\/inteligencia-empresarial\/controlar\/","og_site_name":"Parm AG","article_publisher":"https:\/\/www.facebook.com\/myparm","article_modified_time":"2026-03-02T15:17:59+00:00","og_image":[{"url":"https:\/\/parm.com\/wp-content\/uploads\/2022\/03\/myPARM_BI_Tablet_Aufgabenverwaltung-207x300.png","type":"","width":"","height":""}],"twitter_card":"summary_large_image","twitter_title":"Convierta los resultados en tareas, controle la ejecuci\u00f3n de forma \u00f3ptima","twitter_description":"Convierta los resultados de sus an\u00e1lisis en acci\u00f3n de inmediato. Defina tareas y as\u00edgnelas a sus empleados. Vincule estas tareas a proyectos, riesgos u oportunidades, por ejemplo. Establezca una priorizaci\u00f3n y controle su ejecuci\u00f3n.","twitter_image":"https:\/\/parm.com\/wp-content\/uploads\/2022\/03\/myPARM_BI_Tablet_Aufgabenverwaltung-705x1024.png","schema":{"@context":"https:\/\/schema.org","@graph":[{"@type":"WebPage","@id":"https:\/\/parm.com\/es\/inteligencia-empresarial\/controlar\/","url":"https:\/\/parm.com\/es\/inteligencia-empresarial\/controlar\/","name":"Convierta los resultados en tareas, controle la ejecuci\u00f3n de forma \u00f3ptima","isPartOf":{"@id":"https:\/\/parm.com\/es\/#website"},"primaryImageOfPage":{"@id":"https:\/\/parm.com\/es\/inteligencia-empresarial\/controlar\/#primaryimage"},"image":{"@id":"https:\/\/parm.com\/es\/inteligencia-empresarial\/controlar\/#primaryimage"},"thumbnailUrl":"https:\/\/parm.com\/wp-content\/uploads\/2022\/03\/myPARM_BI_Tablet_Aufgabenverwaltung.png","datePublished":"2023-07-12T06:03:51+00:00","dateModified":"2026-03-02T15:17:59+00:00","description":"Ponga inmediatamente en pr\u00e1ctica los resultados de sus an\u00e1lisis. Defina tareas y as\u00edgnelas a sus empleados.","breadcrumb":{"@id":"https:\/\/parm.com\/es\/inteligencia-empresarial\/controlar\/#breadcrumb"},"inLanguage":"es","potentialAction":[{"@type":"ReadAction","target":["https:\/\/parm.com\/es\/inteligencia-empresarial\/controlar\/"]}]},{"@type":"ImageObject","inLanguage":"es","@id":"https:\/\/parm.com\/es\/inteligencia-empresarial\/controlar\/#primaryimage","url":"https:\/\/parm.com\/wp-content\/uploads\/2022\/03\/myPARM_BI_Tablet_Aufgabenverwaltung.png","contentUrl":"https:\/\/parm.com\/wp-content\/uploads\/2022\/03\/myPARM_BI_Tablet_Aufgabenverwaltung.png","width":1552,"height":2253,"caption":"myPARM BI Aufgabenverwaltung"},{"@type":"BreadcrumbList","@id":"https:\/\/parm.com\/es\/inteligencia-empresarial\/controlar\/#breadcrumb","itemListElement":[{"@type":"ListItem","position":1,"name":"Startseite","item":"https:\/\/parm.com\/es\/"},{"@type":"ListItem","position":2,"name":"Inteligencia empresarial","item":"https:\/\/parm.com\/es\/inteligencia-empresarial\/"},{"@type":"ListItem","position":3,"name":"Controlar"}]},{"@type":"WebSite","@id":"https:\/\/parm.com\/es\/#website","url":"https:\/\/parm.com\/es\/","name":"Parm AG","description":"Successful projects. Swiss quality. Software f\u00fcr Projektmanagement","publisher":{"@id":"https:\/\/parm.com\/es\/#organization"},"alternateName":"Parm","potentialAction":[{"@type":"SearchAction","target":{"@type":"EntryPoint","urlTemplate":"https:\/\/parm.com\/es\/?s={search_term_string}"},"query-input":{"@type":"PropertyValueSpecification","valueRequired":true,"valueName":"search_term_string"}}],"inLanguage":"es"},{"@type":"Organization","@id":"https:\/\/parm.com\/es\/#organization","name":"Parm AG","alternateName":"Parm","url":"https:\/\/parm.com\/es\/","logo":{"@type":"ImageObject","inLanguage":"es","@id":"https:\/\/parm.com\/es\/#\/schema\/logo\/image\/","url":"https:\/\/parm.com\/wp-content\/uploads\/2021\/11\/Parm_Logo_blue_RGB.png","contentUrl":"https:\/\/parm.com\/wp-content\/uploads\/2021\/11\/Parm_Logo_blue_RGB.png","width":908,"height":228,"caption":"Parm AG"},"image":{"@id":"https:\/\/parm.com\/es\/#\/schema\/logo\/image\/"},"sameAs":["https:\/\/www.facebook.com\/myparm","https:\/\/www.linkedin.com\/company\/parm-ag","https:\/\/www.xing.com\/pages\/parmag"]}]}},"_links":{"self":[{"href":"https:\/\/parm.com\/es\/wp-json\/wp\/v2\/pages\/23192","targetHints":{"allow":["GET"]}}],"collection":[{"href":"https:\/\/parm.com\/es\/wp-json\/wp\/v2\/pages"}],"about":[{"href":"https:\/\/parm.com\/es\/wp-json\/wp\/v2\/types\/page"}],"author":[{"embeddable":true,"href":"https:\/\/parm.com\/es\/wp-json\/wp\/v2\/users\/1"}],"replies":[{"embeddable":true,"href":"https:\/\/parm.com\/es\/wp-json\/wp\/v2\/comments?post=23192"}],"version-history":[{"count":2,"href":"https:\/\/parm.com\/es\/wp-json\/wp\/v2\/pages\/23192\/revisions"}],"predecessor-version":[{"id":246127,"href":"https:\/\/parm.com\/es\/wp-json\/wp\/v2\/pages\/23192\/revisions\/246127"}],"up":[{"embeddable":true,"href":"https:\/\/parm.com\/es\/wp-json\/wp\/v2\/pages\/23171"}],"wp:featuredmedia":[{"embeddable":true,"href":"https:\/\/parm.com\/es\/wp-json\/wp\/v2\/media\/22749"}],"wp:attachment":[{"href":"https:\/\/parm.com\/es\/wp-json\/wp\/v2\/media?parent=23192"}],"curies":[{"name":"wp","href":"https:\/\/api.w.org\/{rel}","templated":true}]}}