{"id":23189,"date":"2023-07-12T07:57:15","date_gmt":"2023-07-12T05:57:15","guid":{"rendered":"https:\/\/parm.com\/inteligencia-empresarial\/informes\/"},"modified":"2026-03-02T16:17:56","modified_gmt":"2026-03-02T15:17:56","slug":"informes","status":"publish","type":"page","link":"https:\/\/parm.com\/es\/inteligencia-empresarial\/informes\/","title":{"rendered":"Informes"},"content":{"rendered":"\n<div class=\"et_pb_section_0 et_pb_section et_section_regular et_block_section et_animated\"><div class=\"et_pb_row_0 et_pb_row et_block_row\"><div class=\"et_pb_column_0 et_pb_column et_pb_column_4_4 et-last-child et_block_column et_pb_css_mix_blend_mode_passthrough\"><div class=\"et_pb_text_0 et_pb_text et_pb_bg_layout_light et_pb_module et_block_module preset--module--divi-text--default\"><div class=\"et_pb_text_inner\"><h1 style=\"text-align: left;\"><strong>Informes<br \/><\/strong><span style=\"color: #c01e2b;\">de forma intuitiva y r\u00e1pida<\/span><strong><span style=\"color: #c01e2b;\"><\/span><\/strong><\/h1>\n<\/div><\/div><\/div><\/div><div class=\"et_pb_row_1 et_pb_row et_block_row\"><div class=\"et_pb_column_1 et_pb_column et_pb_column_3_5 et_block_column et_pb_css_mix_blend_mode_passthrough\"><div class=\"et_pb_text_1 et_pb_text et_pb_bg_layout_light et_pb_module et_block_module preset--module--divi-text--default\"><div class=\"et_pb_text_inner\"><h2>Sistema de informes activo para sus cifras clave<\/h2>\n<\/div><\/div><div class=\"et_pb_blurb_0 et_pb_blurb et_pb_bg_layout_light et_pb_blurb_position_left et_pb_module et_block_module\"><div class=\"et_pb_blurb_content\"><div class=\"et_pb_main_blurb_image\"><span class=\"et_pb_image_wrap\"><span class=\"et-pb-icon\">R<\/span><\/span><\/div><div class=\"et_pb_blurb_container\"><div class=\"et_pb_blurb_description\"><p><strong>Creaci\u00f3n intuitiva de informes en cuadros de mando interactivos<br \/><\/strong><\/p>\n<\/div><\/div><\/div><\/div><div class=\"et_pb_blurb_1 et_pb_blurb et_pb_bg_layout_light et_pb_blurb_position_left et_pb_module et_block_module\"><div class=\"et_pb_blurb_content\"><div class=\"et_pb_main_blurb_image\"><span class=\"et_pb_image_wrap\"><span class=\"et-pb-icon\">R<\/span><\/span><\/div><div class=\"et_pb_blurb_container\"><div class=\"et_pb_blurb_description\"><p><strong>Adaptaci\u00f3n a su dise\u00f1o corporativo en el Dise\u00f1ador de informes<br \/><\/strong><\/p>\n<\/div><\/div><\/div><\/div><div class=\"et_pb_blurb_2 et_pb_blurb et_pb_bg_layout_light et_pb_blurb_position_left et_pb_module et_block_module\"><div class=\"et_pb_blurb_content\"><div class=\"et_pb_main_blurb_image\"><span class=\"et_pb_image_wrap\"><span class=\"et-pb-icon\">R<\/span><\/span><\/div><div class=\"et_pb_blurb_container\"><div class=\"et_pb_blurb_description\"><p><strong>C\u00f3moda funci\u00f3n de exportaci\u00f3n<br \/><\/strong><\/p>\n<\/div><\/div><\/div><\/div><\/div><div class=\"et_pb_column_2 et_pb_column et_pb_column_2_5 et-last-child et_block_column et_pb_column_empty et_pb_css_mix_blend_mode_passthrough\"><\/div><\/div><\/div><div class=\"et_pb_section_1 et_pb_section et_section_regular et_block_section\"><div class=\"et_pb_row_2 et_pb_row et_block_row\"><div class=\"et_pb_column_3 et_pb_column et_pb_column_1_2 et_block_column et_pb_css_mix_blend_mode_passthrough\"><div class=\"et_pb_image_0 et_pb_image et_pb_module et_block_module\"><span class=\"et_pb_image_wrap\"><img decoding=\"async\" src=\"https:\/\/new-site.parm.com\/wp-content\/uploads\/2022\/03\/Reports_BI.png\" title=\"Informes_BI\" alt=\"Informes BI\" \/><\/span><\/div><\/div><div class=\"et_pb_column_4 et_pb_column et_pb_column_1_2 et-last-child et_block_column et_pb_css_mix_blend_mode_passthrough\"><div class=\"et_pb_text_2 et_pb_text et_pb_bg_layout_light et_pb_module et_block_module preset--module--divi-text--default\"><div class=\"et_pb_text_inner\"><h2>Informes y cuadros de mando claros<\/h2>\n<p>Cree de forma r\u00e1pida e intuitiva diversas evaluaciones en informes y cuadros de mando basados en sus ratios y datos definidos en el formato de su elecci\u00f3n.<\/p>\n<p>El sistema de informes activo crea informes autom\u00e1ticos a intervalos regulares definidos por usted o cuando se superan los valores umbral.<\/p>\n<p>&nbsp;<\/p>\n<\/div><\/div><\/div><\/div><div class=\"et_pb_row_3 et_pb_row et_block_row\"><div class=\"et_pb_column_5 et_pb_column et_pb_column_1_2 et_block_column et_pb_css_mix_blend_mode_passthrough\"><div class=\"et_pb_text_3 et_pb_text et_pb_bg_layout_light et_pb_module et_block_module preset--module--divi-text--default\"><div class=\"et_pb_text_inner\"><h2>Funciones inteligentes<br \/>Informes personalizados<\/h2>\n<p>Utilice los informes preconfigurados con informes est\u00e1ndar o dise\u00f1e sus propios informes y cuadros de mando individuales. Importe opcionalmente datos de diversas fuentes a trav\u00e9s de interfaces est\u00e1ndar o mediante la introducci\u00f3n manual de datos.<br \/>Obtenga an\u00e1lisis actualizados en cualquier momento, enriqu\u00e9zcalos con evaluaciones cualitativas adicionales para obtener una visi\u00f3n global completa y exporte sus an\u00e1lisis en varios formatos.<\/p>\n<\/div><\/div><\/div><div class=\"et_pb_column_6 et_pb_column et_pb_column_1_2 et-last-child et_block_column et_pb_css_mix_blend_mode_passthrough\"><div class=\"et_pb_accordion_0 et_pb_accordion et_pb_module et_block_module preset--module--divi-accordion--1db42e89-42fb-4ded-96a2-a25dea7661d6\"><div class=\"et_pb_accordion_item_0 et_pb_accordion_item et_pb_toggle et_pb_module et_pb_toggle_open et_block_module\"><h5 class=\"et_pb_toggle_title\">Sistema de informaci\u00f3n de gesti\u00f3n<\/h5><div class=\"et_pb_toggle_content\"><p>Todos los datos relevantes para la toma de decisiones en su \u00e1rea de responsabilidad de un vistazo: para tomar decisiones estrat\u00e9gicas, t\u00e1cticas y operativas bien fundamentadas.<\/p>\n<\/div><\/div><div class=\"et_pb_accordion_item_1 et_pb_accordion_item et_pb_toggle et_pb_module et_pb_toggle_close et_block_module\"><h5 class=\"et_pb_toggle_title\">Dise\u00f1ador de informes<\/h5><div class=\"et_pb_toggle_content\"><p>Cree sus propios informes seg\u00fan sus deseos. Adapte el dise\u00f1o a su identidad corporativa y elija qu\u00e9 ratios y visualizaciones desea que aparezcan.<\/p>\n<\/div><\/div><div class=\"et_pb_accordion_item_2 et_pb_accordion_item et_pb_toggle et_pb_module et_pb_toggle_close et_block_module\"><h5 class=\"et_pb_toggle_title\">Gesti\u00f3n de documentos<\/h5><div class=\"et_pb_toggle_content\"><p>Gesti\u00f3n de documentos integrada para guardar informaci\u00f3n adicional sobre sus procesos, por ejemplo, documentos de texto, im\u00e1genes, tablas, correos electr\u00f3nicos, etc.<\/p>\n<\/div><\/div><div class=\"et_pb_accordion_item_3 et_pb_accordion_item et_pb_toggle et_pb_module et_pb_toggle_close et_block_module\"><h5 class=\"et_pb_toggle_title\">Optimizado para dispositivos m\u00f3viles<\/h5><div class=\"et_pb_toggle_content\"><p>Puesta a disposici\u00f3n autom\u00e1tica de los distintos cuadros de mando para dispositivos m\u00f3viles (smartphones, tabletas) en un formato optimizado.<\/p>\n<\/div><\/div><div class=\"et_pb_accordion_item_4 et_pb_accordion_item et_pb_toggle et_pb_module et_pb_toggle_close et_block_module\"><h5 class=\"et_pb_toggle_title\">Exportaci\u00f3n de datos<\/h5><div class=\"et_pb_toggle_content\"><p>en formatos comunes como Excel, PPT, Word, PDF, XML, etc.<\/p>\n<\/div><\/div><\/div><\/div><\/div><\/div><div class=\"et_pb_section_2 et_pb_section et_section_regular et_block_section\"><div class=\"et_pb_row_4 et_pb_row et_block_row\"><div class=\"et_pb_column_7 et_pb_column et_pb_column_4_4 et-last-child et_block_column et_pb_css_mix_blend_mode_passthrough\"><div class=\"et_pb_code_0 et_pb_code et_pb_module\"><div class=\"et_pb_code_inner\"><!-- Calendly Badge-Widget Beginn -->\n<link href=\"https:\/\/assets.calendly.com\/assets\/external\/widget.css\" rel=\"stylesheet\">\n<script src=\"https:\/\/assets.calendly.com\/assets\/external\/widget.js\" type=\"text\/javascript\"><\/script>\n<script type=\"text\/javascript\">Calendly.initBadgeWidget({ url: 'https:\/\/calendly.com\/d\/ymv-ffv-cqx', text: 'Termin vereinbaren', color: '#00a2ff', textColor: '#ffffff', branding: false });<\/script>\n<!-- Calendly Badge-Widget Ende -->\n<\/div><\/div><\/div><\/div><\/div>\n","protected":false},"excerpt":{"rendered":"<p>Cree informes de forma r\u00e1pida e intuitiva en cuadros de mando interactivos con una amplia variedad de gr\u00e1ficos e instrumentos.<br \/>\nCon el Dise\u00f1ador de informes puede crear informes en su dise\u00f1o y prepararlos para su impresi\u00f3n o exportaci\u00f3n en diversos formatos.<\/p>\n","protected":false},"author":1,"featured_media":22699,"parent":23171,"menu_order":0,"comment_status":"closed","ping_status":"closed","template":"","meta":{"footnotes":""},"class_list":["post-23189","page","type-page","status-publish","has-post-thumbnail","hentry"],"yoast_head":"<!-- This site is optimized with the Yoast SEO plugin v27.5 - https:\/\/yoast.com\/product\/yoast-seo-wordpress\/ -->\n<title>Informes y cuadros de mando f\u00e1ciles de leer y dise\u00f1ar<\/title>\n<meta name=\"description\" content=\"Cree informes de forma r\u00e1pida e intuitiva en cuadros de mando interactivos con una amplia variedad de gr\u00e1ficos e instrumentos.\" \/>\n<meta name=\"robots\" content=\"index, follow, max-snippet:-1, max-image-preview:large, max-video-preview:-1\" \/>\n<link rel=\"canonical\" href=\"https:\/\/parm.com\/es\/inteligencia-empresarial\/informes\/\" \/>\n<meta property=\"og:locale\" content=\"es_ES\" \/>\n<meta property=\"og:type\" content=\"article\" \/>\n<meta property=\"og:title\" content=\"Informes y cuadros de mando f\u00e1ciles de leer y dise\u00f1ar\" \/>\n<meta property=\"og:description\" content=\"Cree informes de forma r\u00e1pida e intuitiva en cuadros de mando interactivos con una amplia variedad de gr\u00e1ficos e instrumentos. Con el Dise\u00f1ador de informes puede crear informes en su dise\u00f1o y prepararlos para su impresi\u00f3n o exportaci\u00f3n en diversos formatos.\" \/>\n<meta property=\"og:url\" content=\"https:\/\/parm.com\/es\/inteligencia-empresarial\/informes\/\" \/>\n<meta property=\"og:site_name\" content=\"Parm AG\" \/>\n<meta property=\"article:publisher\" content=\"https:\/\/www.facebook.com\/myparm\" \/>\n<meta property=\"article:modified_time\" content=\"2026-03-02T15:17:56+00:00\" \/>\n<meta property=\"og:image\" content=\"https:\/\/parm.com\/wp-content\/uploads\/2022\/03\/Reports_BI-1024x549.jpg\" \/>\n<meta name=\"twitter:card\" content=\"summary_large_image\" \/>\n<meta name=\"twitter:title\" content=\"Informes y cuadros de mando f\u00e1ciles de leer y dise\u00f1ar\" \/>\n<meta name=\"twitter:description\" content=\"Cree informes de forma r\u00e1pida e intuitiva en cuadros de mando interactivos con una amplia variedad de gr\u00e1ficos e instrumentos. Con el Dise\u00f1ador de informes puede crear informes en su dise\u00f1o y prepararlos para su impresi\u00f3n o exportaci\u00f3n en diversos formatos.\" \/>\n<meta name=\"twitter:image\" content=\"https:\/\/parm.com\/wp-content\/uploads\/2022\/03\/Reports_BI-1024x549.jpg\" \/>\n<script type=\"application\/ld+json\" class=\"yoast-schema-graph\">{\"@context\":\"https:\\\/\\\/schema.org\",\"@graph\":[{\"@type\":\"WebPage\",\"@id\":\"https:\\\/\\\/parm.com\\\/es\\\/inteligencia-empresarial\\\/informes\\\/\",\"url\":\"https:\\\/\\\/parm.com\\\/es\\\/inteligencia-empresarial\\\/informes\\\/\",\"name\":\"Informes y cuadros de mando f\u00e1ciles de leer y dise\u00f1ar\",\"isPartOf\":{\"@id\":\"https:\\\/\\\/parm.com\\\/es\\\/#website\"},\"primaryImageOfPage\":{\"@id\":\"https:\\\/\\\/parm.com\\\/es\\\/inteligencia-empresarial\\\/informes\\\/#primaryimage\"},\"image\":{\"@id\":\"https:\\\/\\\/parm.com\\\/es\\\/inteligencia-empresarial\\\/informes\\\/#primaryimage\"},\"thumbnailUrl\":\"https:\\\/\\\/parm.com\\\/wp-content\\\/uploads\\\/2022\\\/03\\\/Reports_BI.jpg\",\"datePublished\":\"2023-07-12T05:57:15+00:00\",\"dateModified\":\"2026-03-02T15:17:56+00:00\",\"description\":\"Cree informes de forma r\u00e1pida e intuitiva en cuadros de mando interactivos con una amplia variedad de gr\u00e1ficos e instrumentos.\",\"breadcrumb\":{\"@id\":\"https:\\\/\\\/parm.com\\\/es\\\/inteligencia-empresarial\\\/informes\\\/#breadcrumb\"},\"inLanguage\":\"es\",\"potentialAction\":[{\"@type\":\"ReadAction\",\"target\":[\"https:\\\/\\\/parm.com\\\/es\\\/inteligencia-empresarial\\\/informes\\\/\"]}]},{\"@type\":\"ImageObject\",\"inLanguage\":\"es\",\"@id\":\"https:\\\/\\\/parm.com\\\/es\\\/inteligencia-empresarial\\\/informes\\\/#primaryimage\",\"url\":\"https:\\\/\\\/parm.com\\\/wp-content\\\/uploads\\\/2022\\\/03\\\/Reports_BI.jpg\",\"contentUrl\":\"https:\\\/\\\/parm.com\\\/wp-content\\\/uploads\\\/2022\\\/03\\\/Reports_BI.jpg\",\"width\":1727,\"height\":926,\"caption\":\"BI-Analysen auf Laptop, Tablet und Smartphone\"},{\"@type\":\"BreadcrumbList\",\"@id\":\"https:\\\/\\\/parm.com\\\/es\\\/inteligencia-empresarial\\\/informes\\\/#breadcrumb\",\"itemListElement\":[{\"@type\":\"ListItem\",\"position\":1,\"name\":\"Startseite\",\"item\":\"https:\\\/\\\/parm.com\\\/es\\\/\"},{\"@type\":\"ListItem\",\"position\":2,\"name\":\"Inteligencia empresarial\",\"item\":\"https:\\\/\\\/parm.com\\\/es\\\/inteligencia-empresarial\\\/\"},{\"@type\":\"ListItem\",\"position\":3,\"name\":\"Informes\"}]},{\"@type\":\"WebSite\",\"@id\":\"https:\\\/\\\/parm.com\\\/es\\\/#website\",\"url\":\"https:\\\/\\\/parm.com\\\/es\\\/\",\"name\":\"Parm AG\",\"description\":\"Successful projects. Swiss quality. Software f\u00fcr Projektmanagement\",\"publisher\":{\"@id\":\"https:\\\/\\\/parm.com\\\/es\\\/#organization\"},\"alternateName\":\"Parm\",\"potentialAction\":[{\"@type\":\"SearchAction\",\"target\":{\"@type\":\"EntryPoint\",\"urlTemplate\":\"https:\\\/\\\/parm.com\\\/es\\\/?s={search_term_string}\"},\"query-input\":{\"@type\":\"PropertyValueSpecification\",\"valueRequired\":true,\"valueName\":\"search_term_string\"}}],\"inLanguage\":\"es\"},{\"@type\":\"Organization\",\"@id\":\"https:\\\/\\\/parm.com\\\/es\\\/#organization\",\"name\":\"Parm AG\",\"alternateName\":\"Parm\",\"url\":\"https:\\\/\\\/parm.com\\\/es\\\/\",\"logo\":{\"@type\":\"ImageObject\",\"inLanguage\":\"es\",\"@id\":\"https:\\\/\\\/parm.com\\\/es\\\/#\\\/schema\\\/logo\\\/image\\\/\",\"url\":\"https:\\\/\\\/parm.com\\\/wp-content\\\/uploads\\\/2021\\\/11\\\/Parm_Logo_blue_RGB.png\",\"contentUrl\":\"https:\\\/\\\/parm.com\\\/wp-content\\\/uploads\\\/2021\\\/11\\\/Parm_Logo_blue_RGB.png\",\"width\":908,\"height\":228,\"caption\":\"Parm AG\"},\"image\":{\"@id\":\"https:\\\/\\\/parm.com\\\/es\\\/#\\\/schema\\\/logo\\\/image\\\/\"},\"sameAs\":[\"https:\\\/\\\/www.facebook.com\\\/myparm\",\"https:\\\/\\\/www.linkedin.com\\\/company\\\/parm-ag\",\"https:\\\/\\\/www.xing.com\\\/pages\\\/parmag\"]}]}<\/script>\n<!-- \/ Yoast SEO plugin. -->","yoast_head_json":{"title":"Informes y cuadros de mando f\u00e1ciles de leer y dise\u00f1ar","description":"Cree informes de forma r\u00e1pida e intuitiva en cuadros de mando interactivos con una amplia variedad de gr\u00e1ficos e instrumentos.","robots":{"index":"index","follow":"follow","max-snippet":"max-snippet:-1","max-image-preview":"max-image-preview:large","max-video-preview":"max-video-preview:-1"},"canonical":"https:\/\/parm.com\/es\/inteligencia-empresarial\/informes\/","og_locale":"es_ES","og_type":"article","og_title":"Informes y cuadros de mando f\u00e1ciles de leer y dise\u00f1ar","og_description":"Cree informes de forma r\u00e1pida e intuitiva en cuadros de mando interactivos con una amplia variedad de gr\u00e1ficos e instrumentos. Con el Dise\u00f1ador de informes puede crear informes en su dise\u00f1o y prepararlos para su impresi\u00f3n o exportaci\u00f3n en diversos formatos.","og_url":"https:\/\/parm.com\/es\/inteligencia-empresarial\/informes\/","og_site_name":"Parm AG","article_publisher":"https:\/\/www.facebook.com\/myparm","article_modified_time":"2026-03-02T15:17:56+00:00","og_image":[{"url":"https:\/\/parm.com\/wp-content\/uploads\/2022\/03\/Reports_BI-1024x549.jpg","type":"","width":"","height":""}],"twitter_card":"summary_large_image","twitter_title":"Informes y cuadros de mando f\u00e1ciles de leer y dise\u00f1ar","twitter_description":"Cree informes de forma r\u00e1pida e intuitiva en cuadros de mando interactivos con una amplia variedad de gr\u00e1ficos e instrumentos. Con el Dise\u00f1ador de informes puede crear informes en su dise\u00f1o y prepararlos para su impresi\u00f3n o exportaci\u00f3n en diversos formatos.","twitter_image":"https:\/\/parm.com\/wp-content\/uploads\/2022\/03\/Reports_BI-1024x549.jpg","schema":{"@context":"https:\/\/schema.org","@graph":[{"@type":"WebPage","@id":"https:\/\/parm.com\/es\/inteligencia-empresarial\/informes\/","url":"https:\/\/parm.com\/es\/inteligencia-empresarial\/informes\/","name":"Informes y cuadros de mando f\u00e1ciles de leer y dise\u00f1ar","isPartOf":{"@id":"https:\/\/parm.com\/es\/#website"},"primaryImageOfPage":{"@id":"https:\/\/parm.com\/es\/inteligencia-empresarial\/informes\/#primaryimage"},"image":{"@id":"https:\/\/parm.com\/es\/inteligencia-empresarial\/informes\/#primaryimage"},"thumbnailUrl":"https:\/\/parm.com\/wp-content\/uploads\/2022\/03\/Reports_BI.jpg","datePublished":"2023-07-12T05:57:15+00:00","dateModified":"2026-03-02T15:17:56+00:00","description":"Cree informes de forma r\u00e1pida e intuitiva en cuadros de mando interactivos con una amplia variedad de gr\u00e1ficos e instrumentos.","breadcrumb":{"@id":"https:\/\/parm.com\/es\/inteligencia-empresarial\/informes\/#breadcrumb"},"inLanguage":"es","potentialAction":[{"@type":"ReadAction","target":["https:\/\/parm.com\/es\/inteligencia-empresarial\/informes\/"]}]},{"@type":"ImageObject","inLanguage":"es","@id":"https:\/\/parm.com\/es\/inteligencia-empresarial\/informes\/#primaryimage","url":"https:\/\/parm.com\/wp-content\/uploads\/2022\/03\/Reports_BI.jpg","contentUrl":"https:\/\/parm.com\/wp-content\/uploads\/2022\/03\/Reports_BI.jpg","width":1727,"height":926,"caption":"BI-Analysen auf Laptop, Tablet und Smartphone"},{"@type":"BreadcrumbList","@id":"https:\/\/parm.com\/es\/inteligencia-empresarial\/informes\/#breadcrumb","itemListElement":[{"@type":"ListItem","position":1,"name":"Startseite","item":"https:\/\/parm.com\/es\/"},{"@type":"ListItem","position":2,"name":"Inteligencia empresarial","item":"https:\/\/parm.com\/es\/inteligencia-empresarial\/"},{"@type":"ListItem","position":3,"name":"Informes"}]},{"@type":"WebSite","@id":"https:\/\/parm.com\/es\/#website","url":"https:\/\/parm.com\/es\/","name":"Parm AG","description":"Successful projects. Swiss quality. Software f\u00fcr Projektmanagement","publisher":{"@id":"https:\/\/parm.com\/es\/#organization"},"alternateName":"Parm","potentialAction":[{"@type":"SearchAction","target":{"@type":"EntryPoint","urlTemplate":"https:\/\/parm.com\/es\/?s={search_term_string}"},"query-input":{"@type":"PropertyValueSpecification","valueRequired":true,"valueName":"search_term_string"}}],"inLanguage":"es"},{"@type":"Organization","@id":"https:\/\/parm.com\/es\/#organization","name":"Parm AG","alternateName":"Parm","url":"https:\/\/parm.com\/es\/","logo":{"@type":"ImageObject","inLanguage":"es","@id":"https:\/\/parm.com\/es\/#\/schema\/logo\/image\/","url":"https:\/\/parm.com\/wp-content\/uploads\/2021\/11\/Parm_Logo_blue_RGB.png","contentUrl":"https:\/\/parm.com\/wp-content\/uploads\/2021\/11\/Parm_Logo_blue_RGB.png","width":908,"height":228,"caption":"Parm AG"},"image":{"@id":"https:\/\/parm.com\/es\/#\/schema\/logo\/image\/"},"sameAs":["https:\/\/www.facebook.com\/myparm","https:\/\/www.linkedin.com\/company\/parm-ag","https:\/\/www.xing.com\/pages\/parmag"]}]}},"_links":{"self":[{"href":"https:\/\/parm.com\/es\/wp-json\/wp\/v2\/pages\/23189","targetHints":{"allow":["GET"]}}],"collection":[{"href":"https:\/\/parm.com\/es\/wp-json\/wp\/v2\/pages"}],"about":[{"href":"https:\/\/parm.com\/es\/wp-json\/wp\/v2\/types\/page"}],"author":[{"embeddable":true,"href":"https:\/\/parm.com\/es\/wp-json\/wp\/v2\/users\/1"}],"replies":[{"embeddable":true,"href":"https:\/\/parm.com\/es\/wp-json\/wp\/v2\/comments?post=23189"}],"version-history":[{"count":1,"href":"https:\/\/parm.com\/es\/wp-json\/wp\/v2\/pages\/23189\/revisions"}],"predecessor-version":[{"id":246126,"href":"https:\/\/parm.com\/es\/wp-json\/wp\/v2\/pages\/23189\/revisions\/246126"}],"up":[{"embeddable":true,"href":"https:\/\/parm.com\/es\/wp-json\/wp\/v2\/pages\/23171"}],"wp:featuredmedia":[{"embeddable":true,"href":"https:\/\/parm.com\/es\/wp-json\/wp\/v2\/media\/22699"}],"wp:attachment":[{"href":"https:\/\/parm.com\/es\/wp-json\/wp\/v2\/media?parent=23189"}],"curies":[{"name":"wp","href":"https:\/\/api.w.org\/{rel}","templated":true}]}}