{"id":23165,"date":"2023-07-11T15:39:46","date_gmt":"2023-07-11T13:39:46","guid":{"rendered":"https:\/\/parm.com\/prueba\/"},"modified":"2026-03-02T16:17:54","modified_gmt":"2026-03-02T15:17:54","slug":"prueba","status":"publish","type":"page","link":"https:\/\/parm.com\/es\/prueba\/","title":{"rendered":"Prueba"},"content":{"rendered":"<div class=\"et_pb_section_0 et_pb_section et_section_regular et_block_section et_animated\"><div class=\"et_pb_row_0 et_pb_row et_block_row\"><div class=\"et_pb_column_0 et_pb_column et_pb_column_4_4 et-last-child et_block_column et_pb_css_mix_blend_mode_passthrough\"><div class=\"et_pb_text_0 et_pb_text et_pb_bg_layout_light et_pb_module et_block_module preset--module--divi-text--default\"><div class=\"et_pb_text_inner\"><h1 style=\"text-align: left;\"><strong>Probar myPARM<span style=\"color: #c01e2b;\"><br \/><\/span><\/strong><\/h1>\n<\/div><\/div><\/div><\/div><div class=\"et_pb_row_1 et_pb_row et_block_row\"><div class=\"et_pb_column_1 et_pb_column et_pb_column_1_2 et_block_column et_pb_css_mix_blend_mode_passthrough\"><div class=\"et_pb_blurb_0 et_pb_blurb et_pb_bg_layout_light et_pb_blurb_position_left et_pb_module et_block_module\"><div class=\"et_pb_blurb_content\"><div class=\"et_pb_blurb_container\"><h2 class=\"et_pb_module_header\">Como proyecto piloto en condiciones realistas<\/h2><\/div><\/div><\/div><\/div><div class=\"et_pb_column_2 et_pb_column et_pb_column_1_2 et-last-child et_block_column et_pb_css_mix_blend_mode_passthrough\"><div class=\"et_pb_module et_pb_button_module_wrapper et_pb_button_0_wrapper preset--module--divi-button--default_wrapper\"><a class=\"et_pb_button_0 et_pb_button et_pb_bg_layout_light et_pb_module et_block_module preset--module--divi-button--default\" href=\"https:\/\/calendly.com\/d\/ymv-ffv-cqx\" target=\"_blank\">Concertar cita<\/a><\/div><\/div><\/div><\/div><div class=\"et_pb_section_1 et_pb_section et_section_regular et_block_section\"><div class=\"et_pb_row_2 et_pb_row et_block_row custom_row\"><div class=\"et_pb_column_3 et_pb_column et_pb_column_1_3 et_block_column et_pb_css_mix_blend_mode_passthrough second-on-mobile\"><div class=\"et_pb_blurb_1 et_pb_blurb et_pb_bg_layout_light et_pb_text_align_center et_pb_blurb_position_top et_pb_module et_block_module\"><div class=\"et_pb_blurb_content\"><div class=\"et_pb_main_blurb_image\"><span class=\"et_pb_image_wrap\"><span class=\"et-pb-icon\">\ue03c<\/span><\/span><\/div><div class=\"et_pb_blurb_container\"><h4 class=\"et_pb_module_header\">1. Cont\u00e1ctenos<\/h4><div class=\"et_pb_blurb_description\"><p>Concierte una cita de consulta con PARM.<\/p>\n<\/div><\/div><\/div><\/div><div class=\"et_pb_blurb_2 et_pb_blurb et_pb_bg_layout_light et_pb_text_align_center et_pb_blurb_position_top et_pb_module et_block_module\"><div class=\"et_pb_blurb_content\"><div class=\"et_pb_main_blurb_image\"><span class=\"et_pb_image_wrap\"><span class=\"et-pb-icon\">\ue037<\/span><\/span><\/div><div class=\"et_pb_blurb_container\"><h4 class=\"et_pb_module_header\">3. Configuraci\u00f3n<\/h4><div class=\"et_pb_blurb_description\"><p>myPARM se adapta fundamentalmente a tus necesidades para que puedas probarlo a fondo.<\/p>\n<\/div><\/div><\/div><\/div><div class=\"et_pb_blurb_3 et_pb_blurb et_pb_bg_layout_light et_pb_text_align_center et_pb_blurb_position_top et_pb_module et_block_module\"><div class=\"et_pb_blurb_content\"><div class=\"et_pb_main_blurb_image\"><span class=\"et_pb_image_wrap\"><span class=\"et-pb-icon\">\ue03c<\/span><\/span><\/div><div class=\"et_pb_blurb_container\"><h4 class=\"et_pb_module_header\">Cont\u00e1ctenos<\/h4><div class=\"et_pb_blurb_description\"><p>Concierte una cita de consulta con PARM.<\/p>\n<\/div><\/div><\/div><\/div><div class=\"et_pb_blurb_4 et_pb_blurb et_pb_bg_layout_light et_pb_text_align_center et_pb_blurb_position_top et_pb_module et_block_module\"><div class=\"et_pb_blurb_content\"><div class=\"et_pb_main_blurb_image\"><span class=\"et_pb_image_wrap\"><span class=\"et-pb-icon\">\ue05a<\/span><\/span><\/div><div class=\"et_pb_blurb_container\"><h4 class=\"et_pb_module_header\">Definir los conceptos b\u00e1sicos<\/h4><div class=\"et_pb_blurb_description\"><p>Juntos aclaramos qu\u00e9 funciones necesita.<\/p>\n<\/div><\/div><\/div><\/div><\/div><div class=\"et_pb_column_4 et_pb_column et_pb_column_1_3 et_block_column et_pb_css_mix_blend_mode_passthrough third-on-mobile\"><div class=\"et_pb_blurb_5 et_pb_blurb et_pb_bg_layout_light et_pb_text_align_center et_pb_blurb_position_top et_pb_module et_block_module\"><div class=\"et_pb_blurb_content\"><div class=\"et_pb_main_blurb_image\"><span class=\"et_pb_image_wrap\"><span class=\"et-pb-icon\">\ue05a<\/span><\/span><\/div><div class=\"et_pb_blurb_container\"><h4 class=\"et_pb_module_header\">2. Definir los conceptos b\u00e1sicos<\/h4><div class=\"et_pb_blurb_description\"><p>Juntos aclaramos qu\u00e9 funciones necesita.<\/p>\n<\/div><\/div><\/div><\/div><div class=\"et_pb_blurb_6 et_pb_blurb et_pb_bg_layout_light et_pb_text_align_center et_pb_blurb_position_top et_pb_module et_block_module\"><div class=\"et_pb_blurb_content\"><div class=\"et_pb_main_blurb_image\"><span class=\"et_pb_image_wrap\"><span class=\"et-pb-icon\">\ue0b8<\/span><\/span><\/div><div class=\"et_pb_blurb_container\"><h4 class=\"et_pb_module_header\">4. Fase de prueba<\/h4><div class=\"et_pb_blurb_description\"><p>Sus usuarios prueban el software myPARM en condiciones realistas.<\/p>\n<\/div><\/div><\/div><\/div><div class=\"et_pb_blurb_7 et_pb_blurb et_pb_bg_layout_light et_pb_text_align_center et_pb_blurb_position_top et_pb_module et_block_module\"><div class=\"et_pb_blurb_content\"><div class=\"et_pb_main_blurb_image\"><span class=\"et_pb_image_wrap\"><span class=\"et-pb-icon\">\ue037<\/span><\/span><\/div><div class=\"et_pb_blurb_container\"><h4 class=\"et_pb_module_header\">Configuraci\u00f3n<\/h4><div class=\"et_pb_blurb_description\"><p>myPARM se adapta fundamentalmente a tus necesidades para que puedas probarlo a fondo.<\/p>\n<\/div><\/div><\/div><\/div><div class=\"et_pb_blurb_8 et_pb_blurb et_pb_bg_layout_light et_pb_text_align_center et_pb_blurb_position_top et_pb_module et_block_module\"><div class=\"et_pb_blurb_content\"><div class=\"et_pb_main_blurb_image\"><span class=\"et_pb_image_wrap\"><span class=\"et-pb-icon\">\ue0b8<\/span><\/span><\/div><div class=\"et_pb_blurb_container\"><h4 class=\"et_pb_module_header\">Fase de prueba<\/h4><div class=\"et_pb_blurb_description\"><p>Sus usuarios prueban el software myPARM en condiciones realistas.<\/p>\n<\/div><\/div><\/div><\/div><\/div><div class=\"et_pb_column_5 et_pb_column et_pb_column_1_3 et-last-child et_block_column et_pb_css_mix_blend_mode_passthrough first-on-mobile\"><div class=\"et_pb_text_1 et_pb_text et_pb_bg_layout_light et_pb_module et_block_module preset--module--divi-text--default\"><div class=\"et_pb_text_inner\"><h2>Prueba sin riesgo<\/h2>\n<\/div><\/div><div class=\"et_pb_text_2 et_pb_text et_pb_bg_layout_light et_pb_module et_block_module preset--module--divi-text--default\"><div class=\"et_pb_text_inner\"><p>En una reuni\u00f3n inicial, definimos las funciones b\u00e1sicas que debe poder realizar el software de gesti\u00f3n de proyectos. Esto nos permite adaptar el sistema a sus necesidades para que pueda probarlo en condiciones \u00f3ptimas. Le proporcionamos las licencias de software necesarias, as\u00ed como la infraestructura en la nube para la prueba. Solo paga por los ajustes que hacemos a tiempo; este pago, por supuesto, se deducir\u00e1 de los costos totales si realiza un pedido en una fecha posterior.<\/p>\n<\/div><\/div><div class=\"et_pb_module et_pb_button_module_wrapper et_pb_button_1_wrapper preset--module--divi-button--default_wrapper\"><a class=\"et_pb_button_1 et_pb_button et_pb_bg_layout_light et_pb_module et_block_module preset--module--divi-button--default\" href=\"https:\/\/calendly.com\/d\/ymv-ffv-cqx\" target=\"_blank\">Haga una cita<\/a><\/div><\/div><\/div><\/div><div class=\"et_pb_section_2 et_pb_section et_section_regular et_block_section\"><div class=\"et_pb_row_3 et_pb_row et_block_row\"><div class=\"et_pb_column_6 et_pb_column et_pb_column_1_2 et_block_column et_pb_css_mix_blend_mode_passthrough\"><div class=\"et_pb_text_3 et_pb_text et_pb_bg_layout_light et_pb_module et_block_module preset--module--divi-text--default\"><div class=\"et_pb_text_inner\"><h2>Esto es lo que obtienes para la fase de prueba<\/h2>\n<\/div><\/div><div class=\"et_pb_text_4 et_pb_text et_pb_bg_layout_light et_pb_module et_block_module preset--module--divi-text--default\"><div class=\"et_pb_text_inner\"><p>Durante el per\u00edodo de prueba de 2 a 3 meses, le proporcionaremos todo lo que necesita para probar el software. Su propio departamento de TI no necesita proporcionar recursos escasos y valiosos, por lo que puede comenzar casi sin esfuerzo interno ni costos de inversi\u00f3n.<\/p>\n<\/div><\/div><div class=\"et_pb_text_5 et_pb_text et_pb_bg_layout_light et_pb_module et_block_module preset--module--divi-text--default\"><div class=\"et_pb_text_inner\"><ul>\n<li>la infraestructura completa en una nube de forma gratuita<\/li>\n<li>configuraci\u00f3n b\u00e1sica y primeros ajustes individuales en el esfuerzo<\/li>\n<li>licencias gratuitas para todos los usuarios<\/li>\n<\/ul>\n<\/div><\/div><\/div><div class=\"et_pb_column_7 et_pb_column et_pb_column_1_2 et-last-child et_block_column et_pb_css_mix_blend_mode_passthrough\"><div class=\"et_pb_image_0 et_pb_image et_pb_module et_block_module\"><a href=\"https:\/\/new-site.parm.com\/wp-content\/uploads\/2022\/08\/Implementierungsplan-Pilot.jpg\" class=\"et_pb_lightbox_image\" alt=\"Plan piloto de aplicaci\u00f3n\"><span class=\"et_pb_image_wrap\"><img decoding=\"async\" src=\"https:\/\/new-site.parm.com\/wp-content\/uploads\/2022\/08\/Implementierungsplan-Pilot.jpg\" title=\"Plan piloto de aplicaci\u00f3n\" alt=\"Plan piloto de aplicaci\u00f3n\" \/><\/span><\/a><\/div><\/div><\/div><\/div><div class=\"et_pb_section_3 et_pb_section et_section_regular et_block_section\"><div class=\"et_pb_row_4 et_pb_row et_block_row\"><div class=\"et_pb_column_8 et_pb_column et_pb_column_4_4 et-last-child et_block_column et_pb_css_mix_blend_mode_passthrough\"><div class=\"et_pb_text_6 et_pb_text et_pb_bg_layout_light et_pb_module et_block_module preset--module--divi-text--default\"><div class=\"et_pb_text_inner\"><h2>\u00a1Solicita una cita ahora!<\/h2>\n<\/div><\/div><div class=\"et_pb_module et_pb_button_module_wrapper et_pb_button_2_wrapper preset--module--divi-button--default_wrapper\"><a class=\"et_pb_button_2 et_pb_button et_pb_bg_layout_light et_pb_module et_block_module preset--module--divi-button--default\" href=\"https:\/\/calendly.com\/d\/ymv-ffv-cqx\" target=\"_blank\">Al calendario<\/a><\/div><\/div><\/div><\/div>","protected":false},"excerpt":{"rendered":"<p>Antes de tomar una decisi\u00f3n final, pruebe sin mucho riesgo si myPARM es el software de gesti\u00f3n de proyectos adecuado para usted.<\/p>\n","protected":false},"author":1,"featured_media":22816,"parent":0,"menu_order":0,"comment_status":"closed","ping_status":"closed","template":"","meta":{"footnotes":""},"class_list":["post-23165","page","type-page","status-publish","has-post-thumbnail","hentry"],"yoast_head":"<!-- This site is optimized with the Yoast SEO plugin v27.5 - https:\/\/yoast.com\/product\/yoast-seo-wordpress\/ -->\n<title>Pruebe myPARM en un proyecto piloto<\/title>\n<meta name=\"description\" content=\"Antes de tomar una decisi\u00f3n final, pruebe sin mucho riesgo si myPARM es el software de gesti\u00f3n de proyectos adecuado para usted.\" \/>\n<meta name=\"robots\" content=\"index, follow, max-snippet:-1, max-image-preview:large, max-video-preview:-1\" \/>\n<link rel=\"canonical\" href=\"https:\/\/parm.com\/es\/prueba\/\" \/>\n<meta property=\"og:locale\" content=\"es_ES\" \/>\n<meta property=\"og:type\" content=\"article\" \/>\n<meta property=\"og:title\" content=\"Pruebe myPARM en un proyecto piloto\" \/>\n<meta property=\"og:description\" content=\"Antes de tomar una decisi\u00f3n final, pruebe sin mucho riesgo si myPARM es el software de gesti\u00f3n de proyectos adecuado para usted.\" \/>\n<meta property=\"og:url\" content=\"https:\/\/parm.com\/es\/prueba\/\" \/>\n<meta property=\"og:site_name\" content=\"Parm AG\" \/>\n<meta property=\"article:publisher\" content=\"https:\/\/www.facebook.com\/myparm\" \/>\n<meta property=\"article:modified_time\" content=\"2026-03-02T15:17:54+00:00\" \/>\n<meta property=\"og:image\" content=\"https:\/\/parm.com\/wp-content\/uploads\/2022\/08\/Header_Testing-1024x474.png\" \/>\n<meta name=\"twitter:card\" content=\"summary_large_image\" \/>\n<meta name=\"twitter:title\" content=\"Pruebe myPARM en un proyecto piloto\" \/>\n<meta name=\"twitter:description\" content=\"Antes de tomar una decisi\u00f3n final, pruebe sin mucho riesgo si myPARM es el software de gesti\u00f3n de proyectos adecuado para usted.\" \/>\n<meta name=\"twitter:image\" content=\"https:\/\/parm.com\/wp-content\/uploads\/2022\/08\/Header_Testing-1024x474.png\" \/>\n<script type=\"application\/ld+json\" class=\"yoast-schema-graph\">{\"@context\":\"https:\\\/\\\/schema.org\",\"@graph\":[{\"@type\":\"WebPage\",\"@id\":\"https:\\\/\\\/parm.com\\\/es\\\/prueba\\\/\",\"url\":\"https:\\\/\\\/parm.com\\\/es\\\/prueba\\\/\",\"name\":\"Pruebe myPARM en un proyecto piloto\",\"isPartOf\":{\"@id\":\"https:\\\/\\\/parm.com\\\/es\\\/#website\"},\"primaryImageOfPage\":{\"@id\":\"https:\\\/\\\/parm.com\\\/es\\\/prueba\\\/#primaryimage\"},\"image\":{\"@id\":\"https:\\\/\\\/parm.com\\\/es\\\/prueba\\\/#primaryimage\"},\"thumbnailUrl\":\"https:\\\/\\\/parm.com\\\/wp-content\\\/uploads\\\/2022\\\/08\\\/Header_Testing.png\",\"datePublished\":\"2023-07-11T13:39:46+00:00\",\"dateModified\":\"2026-03-02T15:17:54+00:00\",\"description\":\"Antes de tomar una decisi\u00f3n final, pruebe sin mucho riesgo si myPARM es el software de gesti\u00f3n de proyectos adecuado para usted.\",\"breadcrumb\":{\"@id\":\"https:\\\/\\\/parm.com\\\/es\\\/prueba\\\/#breadcrumb\"},\"inLanguage\":\"es\",\"potentialAction\":[{\"@type\":\"ReadAction\",\"target\":[\"https:\\\/\\\/parm.com\\\/es\\\/prueba\\\/\"]}]},{\"@type\":\"ImageObject\",\"inLanguage\":\"es\",\"@id\":\"https:\\\/\\\/parm.com\\\/es\\\/prueba\\\/#primaryimage\",\"url\":\"https:\\\/\\\/parm.com\\\/wp-content\\\/uploads\\\/2022\\\/08\\\/Header_Testing.png\",\"contentUrl\":\"https:\\\/\\\/parm.com\\\/wp-content\\\/uploads\\\/2022\\\/08\\\/Header_Testing.png\",\"width\":1080,\"height\":500,\"caption\":\"Header Testing\"},{\"@type\":\"BreadcrumbList\",\"@id\":\"https:\\\/\\\/parm.com\\\/es\\\/prueba\\\/#breadcrumb\",\"itemListElement\":[{\"@type\":\"ListItem\",\"position\":1,\"name\":\"Startseite\",\"item\":\"https:\\\/\\\/parm.com\\\/es\\\/\"},{\"@type\":\"ListItem\",\"position\":2,\"name\":\"Prueba\"}]},{\"@type\":\"WebSite\",\"@id\":\"https:\\\/\\\/parm.com\\\/es\\\/#website\",\"url\":\"https:\\\/\\\/parm.com\\\/es\\\/\",\"name\":\"Parm AG\",\"description\":\"Successful projects. Swiss quality. Software f\u00fcr Projektmanagement\",\"publisher\":{\"@id\":\"https:\\\/\\\/parm.com\\\/es\\\/#organization\"},\"alternateName\":\"Parm\",\"potentialAction\":[{\"@type\":\"SearchAction\",\"target\":{\"@type\":\"EntryPoint\",\"urlTemplate\":\"https:\\\/\\\/parm.com\\\/es\\\/?s={search_term_string}\"},\"query-input\":{\"@type\":\"PropertyValueSpecification\",\"valueRequired\":true,\"valueName\":\"search_term_string\"}}],\"inLanguage\":\"es\"},{\"@type\":\"Organization\",\"@id\":\"https:\\\/\\\/parm.com\\\/es\\\/#organization\",\"name\":\"Parm AG\",\"alternateName\":\"Parm\",\"url\":\"https:\\\/\\\/parm.com\\\/es\\\/\",\"logo\":{\"@type\":\"ImageObject\",\"inLanguage\":\"es\",\"@id\":\"https:\\\/\\\/parm.com\\\/es\\\/#\\\/schema\\\/logo\\\/image\\\/\",\"url\":\"https:\\\/\\\/parm.com\\\/wp-content\\\/uploads\\\/2021\\\/11\\\/Parm_Logo_blue_RGB.png\",\"contentUrl\":\"https:\\\/\\\/parm.com\\\/wp-content\\\/uploads\\\/2021\\\/11\\\/Parm_Logo_blue_RGB.png\",\"width\":908,\"height\":228,\"caption\":\"Parm AG\"},\"image\":{\"@id\":\"https:\\\/\\\/parm.com\\\/es\\\/#\\\/schema\\\/logo\\\/image\\\/\"},\"sameAs\":[\"https:\\\/\\\/www.facebook.com\\\/myparm\",\"https:\\\/\\\/www.linkedin.com\\\/company\\\/parm-ag\",\"https:\\\/\\\/www.xing.com\\\/pages\\\/parmag\"]}]}<\/script>\n<!-- \/ Yoast SEO plugin. -->","yoast_head_json":{"title":"Pruebe myPARM en un proyecto piloto","description":"Antes de tomar una decisi\u00f3n final, pruebe sin mucho riesgo si myPARM es el software de gesti\u00f3n de proyectos adecuado para usted.","robots":{"index":"index","follow":"follow","max-snippet":"max-snippet:-1","max-image-preview":"max-image-preview:large","max-video-preview":"max-video-preview:-1"},"canonical":"https:\/\/parm.com\/es\/prueba\/","og_locale":"es_ES","og_type":"article","og_title":"Pruebe myPARM en un proyecto piloto","og_description":"Antes de tomar una decisi\u00f3n final, pruebe sin mucho riesgo si myPARM es el software de gesti\u00f3n de proyectos adecuado para usted.","og_url":"https:\/\/parm.com\/es\/prueba\/","og_site_name":"Parm AG","article_publisher":"https:\/\/www.facebook.com\/myparm","article_modified_time":"2026-03-02T15:17:54+00:00","og_image":[{"url":"https:\/\/parm.com\/wp-content\/uploads\/2022\/08\/Header_Testing-1024x474.png","type":"","width":"","height":""}],"twitter_card":"summary_large_image","twitter_title":"Pruebe myPARM en un proyecto piloto","twitter_description":"Antes de tomar una decisi\u00f3n final, pruebe sin mucho riesgo si myPARM es el software de gesti\u00f3n de proyectos adecuado para usted.","twitter_image":"https:\/\/parm.com\/wp-content\/uploads\/2022\/08\/Header_Testing-1024x474.png","schema":{"@context":"https:\/\/schema.org","@graph":[{"@type":"WebPage","@id":"https:\/\/parm.com\/es\/prueba\/","url":"https:\/\/parm.com\/es\/prueba\/","name":"Pruebe myPARM en un proyecto piloto","isPartOf":{"@id":"https:\/\/parm.com\/es\/#website"},"primaryImageOfPage":{"@id":"https:\/\/parm.com\/es\/prueba\/#primaryimage"},"image":{"@id":"https:\/\/parm.com\/es\/prueba\/#primaryimage"},"thumbnailUrl":"https:\/\/parm.com\/wp-content\/uploads\/2022\/08\/Header_Testing.png","datePublished":"2023-07-11T13:39:46+00:00","dateModified":"2026-03-02T15:17:54+00:00","description":"Antes de tomar una decisi\u00f3n final, pruebe sin mucho riesgo si myPARM es el software de gesti\u00f3n de proyectos adecuado para usted.","breadcrumb":{"@id":"https:\/\/parm.com\/es\/prueba\/#breadcrumb"},"inLanguage":"es","potentialAction":[{"@type":"ReadAction","target":["https:\/\/parm.com\/es\/prueba\/"]}]},{"@type":"ImageObject","inLanguage":"es","@id":"https:\/\/parm.com\/es\/prueba\/#primaryimage","url":"https:\/\/parm.com\/wp-content\/uploads\/2022\/08\/Header_Testing.png","contentUrl":"https:\/\/parm.com\/wp-content\/uploads\/2022\/08\/Header_Testing.png","width":1080,"height":500,"caption":"Header Testing"},{"@type":"BreadcrumbList","@id":"https:\/\/parm.com\/es\/prueba\/#breadcrumb","itemListElement":[{"@type":"ListItem","position":1,"name":"Startseite","item":"https:\/\/parm.com\/es\/"},{"@type":"ListItem","position":2,"name":"Prueba"}]},{"@type":"WebSite","@id":"https:\/\/parm.com\/es\/#website","url":"https:\/\/parm.com\/es\/","name":"Parm AG","description":"Successful projects. Swiss quality. Software f\u00fcr Projektmanagement","publisher":{"@id":"https:\/\/parm.com\/es\/#organization"},"alternateName":"Parm","potentialAction":[{"@type":"SearchAction","target":{"@type":"EntryPoint","urlTemplate":"https:\/\/parm.com\/es\/?s={search_term_string}"},"query-input":{"@type":"PropertyValueSpecification","valueRequired":true,"valueName":"search_term_string"}}],"inLanguage":"es"},{"@type":"Organization","@id":"https:\/\/parm.com\/es\/#organization","name":"Parm AG","alternateName":"Parm","url":"https:\/\/parm.com\/es\/","logo":{"@type":"ImageObject","inLanguage":"es","@id":"https:\/\/parm.com\/es\/#\/schema\/logo\/image\/","url":"https:\/\/parm.com\/wp-content\/uploads\/2021\/11\/Parm_Logo_blue_RGB.png","contentUrl":"https:\/\/parm.com\/wp-content\/uploads\/2021\/11\/Parm_Logo_blue_RGB.png","width":908,"height":228,"caption":"Parm AG"},"image":{"@id":"https:\/\/parm.com\/es\/#\/schema\/logo\/image\/"},"sameAs":["https:\/\/www.facebook.com\/myparm","https:\/\/www.linkedin.com\/company\/parm-ag","https:\/\/www.xing.com\/pages\/parmag"]}]}},"_links":{"self":[{"href":"https:\/\/parm.com\/es\/wp-json\/wp\/v2\/pages\/23165","targetHints":{"allow":["GET"]}}],"collection":[{"href":"https:\/\/parm.com\/es\/wp-json\/wp\/v2\/pages"}],"about":[{"href":"https:\/\/parm.com\/es\/wp-json\/wp\/v2\/types\/page"}],"author":[{"embeddable":true,"href":"https:\/\/parm.com\/es\/wp-json\/wp\/v2\/users\/1"}],"replies":[{"embeddable":true,"href":"https:\/\/parm.com\/es\/wp-json\/wp\/v2\/comments?post=23165"}],"version-history":[{"count":1,"href":"https:\/\/parm.com\/es\/wp-json\/wp\/v2\/pages\/23165\/revisions"}],"predecessor-version":[{"id":246122,"href":"https:\/\/parm.com\/es\/wp-json\/wp\/v2\/pages\/23165\/revisions\/246122"}],"wp:featuredmedia":[{"embeddable":true,"href":"https:\/\/parm.com\/es\/wp-json\/wp\/v2\/media\/22816"}],"wp:attachment":[{"href":"https:\/\/parm.com\/es\/wp-json\/wp\/v2\/media?parent=23165"}],"curies":[{"name":"wp","href":"https:\/\/api.w.org\/{rel}","templated":true}]}}