{"id":23138,"date":"2023-07-11T14:35:54","date_gmt":"2023-07-11T12:35:54","guid":{"rendered":"https:\/\/parm.com\/gestion-de-proyectos\/registro-de-tiempo-y-gastos\/"},"modified":"2026-03-23T15:13:18","modified_gmt":"2026-03-23T14:13:18","slug":"registro-de-tiempo-y-gastos","status":"publish","type":"page","link":"https:\/\/parm.com\/es\/gestion-de-proyectos\/registro-de-tiempo-y-gastos\/","title":{"rendered":"Registro de tiempo y gastos"},"content":{"rendered":"\n<div class=\"et_pb_section_0 et_pb_section et_section_regular et_block_section et_animated\"><div class=\"et_pb_row_0 et_pb_row et_block_row\"><div class=\"et_pb_column_0 et_pb_column et_pb_column_4_4 et-last-child et_block_column et_pb_css_mix_blend_mode_passthrough\"><div class=\"et_pb_text_0 et_pb_text et_pb_bg_layout_light et_pb_module et_block_module preset--module--divi-text--default\"><div class=\"et_pb_text_inner\" data-et-mv-hidden-tablet=\"true\"><h1 style=\"text-align: left;\"><strong>Registro de los gastos del proyecto<br \/><span style=\"color: #c01e2b;\">Tiempos, gastos y otros costes<\/span><\/strong><\/h1>\n<\/div><\/div><\/div><\/div><div class=\"et_pb_row_1 et_pb_row et_block_row\"><div class=\"et_pb_column_1 et_pb_column et_pb_column_3_5 et_block_column et_pb_css_mix_blend_mode_passthrough\"><div class=\"et_pb_text_1 et_pb_text et_pb_bg_layout_light et_pb_module et_block_module preset--module--divi-text--default\"><div class=\"et_pb_text_inner\"><h2>Registro de tiempo y gastos<\/h2>\n<\/div><\/div><div class=\"et_pb_blurb_0 et_pb_blurb et_pb_bg_layout_light et_pb_blurb_position_left et_pb_module et_block_module\"><div class=\"et_pb_blurb_content\"><div class=\"et_pb_main_blurb_image\"><span class=\"et_pb_image_wrap\"><span class=\"et-pb-icon\">R<\/span><\/span><\/div><div class=\"et_pb_blurb_container\"><div class=\"et_pb_blurb_description\"><p><strong>Registro de horas de trabajo y ausencias<\/strong><\/p>\n<\/div><\/div><\/div><\/div><div class=\"et_pb_blurb_1 et_pb_blurb et_pb_bg_layout_light et_pb_blurb_position_left et_pb_module et_block_module\"><div class=\"et_pb_blurb_content\"><div class=\"et_pb_main_blurb_image\"><span class=\"et_pb_image_wrap\"><span class=\"et-pb-icon\">R<\/span><\/span><\/div><div class=\"et_pb_blurb_container\"><div class=\"et_pb_blurb_description\"><p><strong>Registro de gastos<\/strong><\/p>\n<\/div><\/div><\/div><\/div><div class=\"et_pb_blurb_2 et_pb_blurb et_pb_bg_layout_light et_pb_blurb_position_left et_pb_module et_block_module\"><div class=\"et_pb_blurb_content\"><div class=\"et_pb_main_blurb_image\"><span class=\"et_pb_image_wrap\"><span class=\"et-pb-icon\">R<\/span><\/span><\/div><div class=\"et_pb_blurb_container\"><div class=\"et_pb_blurb_description\"><p><strong>Registro de otros costos<\/strong><\/p>\n<\/div><\/div><\/div><\/div><\/div><div class=\"et_pb_column_2 et_pb_column et_pb_column_2_5 et-last-child et_block_column et_pb_column_empty et_pb_css_mix_blend_mode_passthrough\"><\/div><\/div><\/div><div class=\"et_pb_section_1 et_pb_section et_section_specialty et_pb_gutters3 et_block_section\"><div class=\"et_pb_row et_block_row\"><div class=\"et_pb_column_3 et_pb_column et_pb_specialty_column et_pb_column_1_2 et_block_column et_pb_css_mix_blend_mode_passthrough\"><div class=\"et_pb_row_inner_0 et_pb_row_inner et_block_row\"><div class=\"et_pb_column_inner_0 et_pb_column_inner et_pb_column et_pb_column_4_4 et-last-child et_block_column et_pb_css_mix_blend_mode_passthrough\"><div class=\"et_pb_text_2 et_pb_text et_pb_bg_layout_light et_animated et_pb_module et_block_module preset--module--divi-text--default\"><div class=\"et_pb_text_inner\"><h2 style=\"text-align: left;\">PREPARAR<\/h2>\n<\/div><\/div><div class=\"et_pb_text_3 et_pb_text et_pb_bg_layout_light et_animated et_pb_module et_block_module et_pb_text_align_center preset--module--divi-text--default\"><div class=\"et_pb_text_inner\"><p style=\"text-align: left;\">myPARM lo apoya con numerosas opciones para que pueda registrar los gastos del proyecto de manera f\u00e1cil y flexible. Use diferentes modelos y calendarios de tiempo de trabajo, mantenga registros de costos y facilite su trabajo con comentarios est\u00e1ndar, m\u00f3dulos de texto y favoritos. <\/p>\n<\/div><\/div><div class=\"et_pb_blurb_3 et_pb_blurb et_pb_bg_layout_light et_pb_text_align_center et_pb_blurb_position_left et_animated et_pb_module et_block_module\"><div class=\"et_pb_blurb_content\"><div class=\"et_pb_main_blurb_image\"><span class=\"et_pb_image_wrap\"><span class=\"et-pb-icon\">R<\/span><\/span><\/div><div class=\"et_pb_blurb_container\"><h4 class=\"et_pb_module_header\">Mapeo de diferentes modelos y calendarios de tiempo de trabajo<\/h4><\/div><\/div><\/div><div class=\"et_pb_blurb_4 et_pb_blurb et_pb_bg_layout_light et_pb_text_align_center et_pb_blurb_position_left et_animated et_pb_module et_block_module\"><div class=\"et_pb_blurb_content\"><div class=\"et_pb_main_blurb_image\"><span class=\"et_pb_image_wrap\"><span class=\"et-pb-icon\">R<\/span><\/span><\/div><div class=\"et_pb_blurb_container\"><h4 class=\"et_pb_module_header\">Mantener comentarios est\u00e1ndar y m\u00f3dulos de texto.<\/h4><\/div><\/div><\/div><div class=\"et_pb_blurb_5 et_pb_blurb et_pb_bg_layout_light et_pb_blurb_position_left et_animated et_pb_module et_block_module\"><div class=\"et_pb_blurb_content\"><div class=\"et_pb_main_blurb_image\"><span class=\"et_pb_image_wrap\"><span class=\"et-pb-icon\">R<\/span><\/span><\/div><div class=\"et_pb_blurb_container\"><h4 class=\"et_pb_module_header\">Mantenimiento de tasas de costo<\/h4><div class=\"et_pb_blurb_description\"><p>para trabajo propio, material, gastos y servicios externos, as\u00ed como tipos de costos individuales incl. unidad monetaria y tipo de IVA Mantenimiento de tasas de costo <\/p>\n<\/div><\/div><\/div><\/div><div class=\"et_pb_blurb_6 et_pb_blurb et_pb_bg_layout_light et_pb_text_align_center et_pb_blurb_position_left et_animated et_pb_module et_block_module\"><div class=\"et_pb_blurb_content\"><div class=\"et_pb_main_blurb_image\"><span class=\"et_pb_image_wrap\"><span class=\"et-pb-icon\">R<\/span><\/span><\/div><div class=\"et_pb_blurb_container\"><h4 class=\"et_pb_module_header\">Mantenimiento de tipos de tiempo incl. recargos <\/h4><\/div><\/div><\/div><div class=\"et_pb_blurb_7 et_pb_blurb et_pb_bg_layout_light et_pb_text_align_center et_pb_blurb_position_left et_animated et_pb_module et_block_module\"><div class=\"et_pb_blurb_content\"><div class=\"et_pb_main_blurb_image\"><span class=\"et_pb_image_wrap\"><span class=\"et-pb-icon\">R<\/span><\/span><\/div><div class=\"et_pb_blurb_container\"><h4 class=\"et_pb_module_header\">Creaci\u00f3n de favoritos<\/h4><\/div><\/div><\/div><\/div><\/div><\/div><div class=\"et_pb_column_4 et_pb_column et_pb_column_single et_pb_column_1_2 et-last-child et_block_column et_pb_css_mix_blend_mode_passthrough\"><div class=\"et_pb_image_0 et_pb_image et_animated et_pb_module et_block_module\"><a href=\"https:\/\/new-site.parm.com\/wp-content\/uploads\/2022\/08\/Zeiterfassung.png\" class=\"et_pb_lightbox_image\" alt=\"Registro de tiempos y gastos con myPARM\"><span class=\"et_pb_image_wrap\"><img decoding=\"async\" src=\"https:\/\/new-site.parm.com\/wp-content\/uploads\/2022\/08\/Zeiterfassung.png\" title=\"Registro de tiempo\" alt=\"Registro de tiempos y gastos con myPARM\" \/><\/span><\/a><\/div><\/div><\/div><\/div><div class=\"et_pb_section_2 et_pb_section et_section_regular et_block_section\"><div class=\"et_pb_row_2 et_pb_row et_pb_row_1-2_1-4_1-4 et_pb_gutters3 et_block_row et_block_row_1-2_1-4_1-4\"><div class=\"et_pb_column_5 et_pb_column et_pb_column_1_2 et_block_column et_pb_css_mix_blend_mode_passthrough\"><div class=\"et_pb_text_4 et_pb_text et_pb_bg_layout_light et_animated et_pb_module et_block_module preset--module--divi-text--default\"><div class=\"et_pb_text_inner\"><h2 style=\"text-align: left;\">EJECUTAR + CONTROLAR<\/h2>\n<\/div><\/div><div class=\"et_pb_text_5 et_pb_text et_pb_bg_layout_light et_animated et_pb_module et_block_module et_pb_text_align_center preset--module--divi-text--default\"><div class=\"et_pb_text_inner\"><p style=\"text-align: left;\">Registre los tiempos de trabajo y los costos de manera f\u00e1cil y r\u00e1pida.<\/p>\n<\/div><\/div><div class=\"et_pb_blurb_8 et_pb_blurb et_pb_bg_layout_light et_pb_text_align_center et_pb_blurb_position_left et_animated et_pb_module et_block_module\"><div class=\"et_pb_blurb_content\"><div class=\"et_pb_main_blurb_image\"><span class=\"et_pb_image_wrap\"><span class=\"et-pb-icon\">R<\/span><\/span><\/div><div class=\"et_pb_blurb_container\"><h4 class=\"et_pb_module_header\">Registrar horas de trabajo y ausencias<\/h4><\/div><\/div><\/div><div class=\"et_pb_blurb_9 et_pb_blurb et_pb_bg_layout_light et_pb_text_align_center et_pb_blurb_position_left et_animated et_pb_module et_block_module\"><div class=\"et_pb_blurb_content\"><div class=\"et_pb_main_blurb_image\"><span class=\"et_pb_image_wrap\"><span class=\"et-pb-icon\">R<\/span><\/span><\/div><div class=\"et_pb_blurb_container\"><h4 class=\"et_pb_module_header\">Registro de gastos<\/h4><div class=\"et_pb_blurb_description\"><p style=\"text-align: left;\">incluido carga de recibos <\/p>\n<\/div><\/div><\/div><\/div><div class=\"et_pb_blurb_10 et_pb_blurb et_pb_bg_layout_light et_pb_blurb_position_left et_animated et_pb_module et_block_module\"><div class=\"et_pb_blurb_content\"><div class=\"et_pb_main_blurb_image\"><span class=\"et_pb_image_wrap\"><span class=\"et-pb-icon\">R<\/span><\/span><\/div><div class=\"et_pb_blurb_container\"><h4 class=\"et_pb_module_header\">Registro de otros costos<\/h4><div class=\"et_pb_blurb_description\"><p>p.ej. costos de material y externos, tambi\u00e9n en diferentes monedas<\/p>\n<\/div><\/div><\/div><\/div><div class=\"et_pb_blurb_11 et_pb_blurb et_pb_bg_layout_light et_pb_text_align_center et_pb_blurb_position_left et_animated et_pb_module et_block_module\"><div class=\"et_pb_blurb_content\"><div class=\"et_pb_main_blurb_image\"><span class=\"et_pb_image_wrap\"><span class=\"et-pb-icon\">R<\/span><\/span><\/div><div class=\"et_pb_blurb_container\"><h4 class=\"et_pb_module_header\">Cuenta a nivel de proyecto y \/ o nivel de organizaci\u00f3n<\/h4><\/div><\/div><\/div><div class=\"et_pb_blurb_12 et_pb_blurb et_pb_bg_layout_light et_pb_text_align_center et_pb_blurb_position_left et_animated et_pb_module et_block_module\"><div class=\"et_pb_blurb_content\"><div class=\"et_pb_main_blurb_image\"><span class=\"et_pb_image_wrap\"><span class=\"et-pb-icon\">R<\/span><\/span><\/div><div class=\"et_pb_blurb_container\"><h4 class=\"et_pb_module_header\">Mostrar en vista de tabla o calendario<\/h4><\/div><\/div><\/div><\/div><div class=\"et_pb_column_6 et_pb_column et_pb_column_1_4 et_block_column et_pb_css_mix_blend_mode_passthrough\"><div class=\"et_pb_image_1 et_pb_image et_pb_module et_block_module\"><span class=\"et_pb_image_wrap\"><img decoding=\"async\" src=\"https:\/\/new-site.parm.com\/wp-content\/uploads\/2025\/04\/Timesheet_mobile1.png\" title=\"Hoja_tiempo_m\u00f3vil1\" alt=\"Registro de tiempo m\u00f3vil\" \/><\/span><\/div><\/div><div class=\"et_pb_column_7 et_pb_column et_pb_column_1_4 et-last-child et_block_column et_pb_css_mix_blend_mode_passthrough\"><div class=\"et_pb_image_2 et_pb_image et_pb_module et_block_module\"><span class=\"et_pb_image_wrap\"><img decoding=\"async\" src=\"https:\/\/new-site.parm.com\/wp-content\/uploads\/2025\/04\/Timesheet_mobile2.png\" title=\"Hoja_tiempo_m\u00f3vil2\" alt=\"Registro de tiempo m\u00f3vil\" \/><\/span><\/div><\/div><\/div><\/div><div class=\"et_pb_section_3 et_pb_section et_section_specialty et_pb_gutters3 et_block_section\"><div class=\"et_pb_row et_block_row\"><div class=\"et_pb_column_8 et_pb_column et_pb_specialty_column et_pb_column_1_2 et_block_column et_pb_css_mix_blend_mode_passthrough\"><div class=\"et_pb_row_inner_1 et_pb_row_inner et_block_row\"><div class=\"et_pb_column_inner_1 et_pb_column_inner et_pb_column et_pb_column_4_4 et-last-child et_block_column et_pb_css_mix_blend_mode_passthrough\"><div class=\"et_pb_text_6 et_pb_text et_pb_bg_layout_light et_animated et_pb_module et_block_module preset--module--divi-text--default\"><div class=\"et_pb_text_inner\"><h2 style=\"text-align: left;\">EVALUAR<\/h2>\n<\/div><\/div><div class=\"et_pb_text_7 et_pb_text et_pb_bg_layout_light et_animated et_pb_module et_block_module et_pb_text_align_center preset--module--divi-text--default\"><div class=\"et_pb_text_inner\"><p style=\"text-align: left;\">Mantenga una visi\u00f3n general c\u00f3moda de los tiempos y costos del proyecto. Cree la base para conclusiones relevantes en la planificaci\u00f3n de recursos al informar el esfuerzo restante. <\/p>\n<\/div><\/div><div class=\"et_pb_blurb_13 et_pb_blurb et_pb_bg_layout_light et_pb_text_align_center et_pb_blurb_position_left et_animated et_pb_module et_block_module\"><div class=\"et_pb_blurb_content\"><div class=\"et_pb_main_blurb_image\"><span class=\"et_pb_image_wrap\"><span class=\"et-pb-icon\">R<\/span><\/span><\/div><div class=\"et_pb_blurb_container\"><h4 class=\"et_pb_module_header\">Varios informes y evaluaciones en paneles<\/h4><\/div><\/div><\/div><\/div><\/div><\/div><div class=\"et_pb_column_9 et_pb_column et_pb_column_single et_pb_column_1_2 et-last-child et_block_column et_pb_column_empty et_pb_css_mix_blend_mode_passthrough\"><\/div><\/div><\/div><div class=\"et_pb_section_4 et_pb_section et_section_regular et_block_section\"><div class=\"et_pb_row_3 et_pb_row et_block_row\"><div class=\"et_pb_column_10 et_pb_column et_pb_column_4_4 et-last-child et_block_column et_pb_css_mix_blend_mode_passthrough\"><div class=\"et_pb_code_0 et_pb_code et_pb_module\"><div class=\"et_pb_code_inner\"><!-- Calendly Badge-Widget Beginn -->\n<link href=\"https:\/\/assets.calendly.com\/assets\/external\/widget.css\" rel=\"stylesheet\">\n<script src=\"https:\/\/assets.calendly.com\/assets\/external\/widget.js\" type=\"text\/javascript\"><\/script>\n<script type=\"text\/javascript\">Calendly.initBadgeWidget({ url: 'https:\/\/calendly.com\/d\/ymv-ffv-cqx', text: 'Termin vereinbaren', color: '#00a2ff', textColor: '#ffffff', branding: false });<\/script>\n<!-- Calendly Badge-Widget Ende -->\n<\/div><\/div><\/div><\/div><\/div>\n","protected":false},"excerpt":{"rendered":"<p>Registre los costos reales de cualquier tipo para las comparaciones de costos del proyecto y la documentaci\u00f3n del progreso.<\/p>\n","protected":false},"author":1,"featured_media":22815,"parent":23062,"menu_order":0,"comment_status":"closed","ping_status":"closed","template":"","meta":{"footnotes":""},"class_list":["post-23138","page","type-page","status-publish","has-post-thumbnail","hentry"],"yoast_head":"<!-- This site is optimized with the Yoast SEO plugin v27.5 - https:\/\/yoast.com\/product\/yoast-seo-wordpress\/ -->\n<title>Registro de tiempos y gastos con myPARM<\/title>\n<meta name=\"description\" content=\"Con el registro de tiempo y gastos en myPARM, puede documentar costos reales de cualquier tipo para comparar costos de proyectos.\" \/>\n<meta name=\"robots\" content=\"index, follow, max-snippet:-1, max-image-preview:large, max-video-preview:-1\" \/>\n<link rel=\"canonical\" href=\"https:\/\/parm.com\/es\/gestion-de-proyectos\/registro-de-tiempo-y-gastos\/\" \/>\n<meta property=\"og:locale\" content=\"es_ES\" \/>\n<meta property=\"og:type\" content=\"article\" \/>\n<meta property=\"og:title\" content=\"Registro de tiempos y gastos con myPARM\" \/>\n<meta property=\"og:description\" content=\"Registre los costos reales de cualquier tipo para las comparaciones de costos del proyecto y la documentaci\u00f3n del progreso.\" \/>\n<meta property=\"og:url\" content=\"https:\/\/parm.com\/es\/gestion-de-proyectos\/registro-de-tiempo-y-gastos\/\" \/>\n<meta property=\"og:site_name\" content=\"Parm AG\" \/>\n<meta property=\"article:publisher\" content=\"https:\/\/www.facebook.com\/myparm\" \/>\n<meta property=\"article:modified_time\" content=\"2026-03-23T14:13:18+00:00\" \/>\n<meta property=\"og:image\" content=\"https:\/\/parm.com\/wp-content\/uploads\/2022\/08\/Header_Zeitmanagement-1024x474.png\" \/>\n<meta name=\"twitter:card\" content=\"summary_large_image\" \/>\n<meta name=\"twitter:title\" content=\"Registro de tiempos y gastos con myPARM\" \/>\n<meta name=\"twitter:description\" content=\"Registre los costos reales de cualquier tipo para las comparaciones de costos del proyecto y la documentaci\u00f3n del progreso.\" \/>\n<meta name=\"twitter:image\" content=\"https:\/\/parm.com\/wp-content\/uploads\/2022\/08\/Header_Zeitmanagement-1024x474.png\" \/>\n<script type=\"application\/ld+json\" class=\"yoast-schema-graph\">{\"@context\":\"https:\\\/\\\/schema.org\",\"@graph\":[{\"@type\":\"WebPage\",\"@id\":\"https:\\\/\\\/parm.com\\\/es\\\/gestion-de-proyectos\\\/registro-de-tiempo-y-gastos\\\/\",\"url\":\"https:\\\/\\\/parm.com\\\/es\\\/gestion-de-proyectos\\\/registro-de-tiempo-y-gastos\\\/\",\"name\":\"Registro de tiempos y gastos con myPARM\",\"isPartOf\":{\"@id\":\"https:\\\/\\\/parm.com\\\/es\\\/#website\"},\"primaryImageOfPage\":{\"@id\":\"https:\\\/\\\/parm.com\\\/es\\\/gestion-de-proyectos\\\/registro-de-tiempo-y-gastos\\\/#primaryimage\"},\"image\":{\"@id\":\"https:\\\/\\\/parm.com\\\/es\\\/gestion-de-proyectos\\\/registro-de-tiempo-y-gastos\\\/#primaryimage\"},\"thumbnailUrl\":\"https:\\\/\\\/parm.com\\\/wp-content\\\/uploads\\\/2022\\\/08\\\/Header_Zeitmanagement.png\",\"datePublished\":\"2023-07-11T12:35:54+00:00\",\"dateModified\":\"2026-03-23T14:13:18+00:00\",\"description\":\"Con el registro de tiempo y gastos en myPARM, puede documentar costos reales de cualquier tipo para comparar costos de proyectos.\",\"breadcrumb\":{\"@id\":\"https:\\\/\\\/parm.com\\\/es\\\/gestion-de-proyectos\\\/registro-de-tiempo-y-gastos\\\/#breadcrumb\"},\"inLanguage\":\"es\",\"potentialAction\":[{\"@type\":\"ReadAction\",\"target\":[\"https:\\\/\\\/parm.com\\\/es\\\/gestion-de-proyectos\\\/registro-de-tiempo-y-gastos\\\/\"]}]},{\"@type\":\"ImageObject\",\"inLanguage\":\"es\",\"@id\":\"https:\\\/\\\/parm.com\\\/es\\\/gestion-de-proyectos\\\/registro-de-tiempo-y-gastos\\\/#primaryimage\",\"url\":\"https:\\\/\\\/parm.com\\\/wp-content\\\/uploads\\\/2022\\\/08\\\/Header_Zeitmanagement.png\",\"contentUrl\":\"https:\\\/\\\/parm.com\\\/wp-content\\\/uploads\\\/2022\\\/08\\\/Header_Zeitmanagement.png\",\"width\":1080,\"height\":500,\"caption\":\"Cabecera de gesti\u00f3n del tiempo\"},{\"@type\":\"BreadcrumbList\",\"@id\":\"https:\\\/\\\/parm.com\\\/es\\\/gestion-de-proyectos\\\/registro-de-tiempo-y-gastos\\\/#breadcrumb\",\"itemListElement\":[{\"@type\":\"ListItem\",\"position\":1,\"name\":\"Startseite\",\"item\":\"https:\\\/\\\/parm.com\\\/es\\\/\"},{\"@type\":\"ListItem\",\"position\":2,\"name\":\"Gesti\u00f3n de proyectos\",\"item\":\"https:\\\/\\\/parm.com\\\/es\\\/gestion-de-proyectos\\\/\"},{\"@type\":\"ListItem\",\"position\":3,\"name\":\"Registro de tiempo y gastos\"}]},{\"@type\":\"WebSite\",\"@id\":\"https:\\\/\\\/parm.com\\\/es\\\/#website\",\"url\":\"https:\\\/\\\/parm.com\\\/es\\\/\",\"name\":\"Parm AG\",\"description\":\"Successful projects. Swiss quality. Software f\u00fcr Projektmanagement\",\"publisher\":{\"@id\":\"https:\\\/\\\/parm.com\\\/es\\\/#organization\"},\"alternateName\":\"Parm\",\"potentialAction\":[{\"@type\":\"SearchAction\",\"target\":{\"@type\":\"EntryPoint\",\"urlTemplate\":\"https:\\\/\\\/parm.com\\\/es\\\/?s={search_term_string}\"},\"query-input\":{\"@type\":\"PropertyValueSpecification\",\"valueRequired\":true,\"valueName\":\"search_term_string\"}}],\"inLanguage\":\"es\"},{\"@type\":\"Organization\",\"@id\":\"https:\\\/\\\/parm.com\\\/es\\\/#organization\",\"name\":\"Parm AG\",\"alternateName\":\"Parm\",\"url\":\"https:\\\/\\\/parm.com\\\/es\\\/\",\"logo\":{\"@type\":\"ImageObject\",\"inLanguage\":\"es\",\"@id\":\"https:\\\/\\\/parm.com\\\/es\\\/#\\\/schema\\\/logo\\\/image\\\/\",\"url\":\"https:\\\/\\\/parm.com\\\/wp-content\\\/uploads\\\/2021\\\/11\\\/Parm_Logo_blue_RGB.png\",\"contentUrl\":\"https:\\\/\\\/parm.com\\\/wp-content\\\/uploads\\\/2021\\\/11\\\/Parm_Logo_blue_RGB.png\",\"width\":908,\"height\":228,\"caption\":\"Parm AG\"},\"image\":{\"@id\":\"https:\\\/\\\/parm.com\\\/es\\\/#\\\/schema\\\/logo\\\/image\\\/\"},\"sameAs\":[\"https:\\\/\\\/www.facebook.com\\\/myparm\",\"https:\\\/\\\/www.linkedin.com\\\/company\\\/parm-ag\",\"https:\\\/\\\/www.xing.com\\\/pages\\\/parmag\"]}]}<\/script>\n<!-- \/ Yoast SEO plugin. -->","yoast_head_json":{"title":"Registro de tiempos y gastos con myPARM","description":"Con el registro de tiempo y gastos en myPARM, puede documentar costos reales de cualquier tipo para comparar costos de proyectos.","robots":{"index":"index","follow":"follow","max-snippet":"max-snippet:-1","max-image-preview":"max-image-preview:large","max-video-preview":"max-video-preview:-1"},"canonical":"https:\/\/parm.com\/es\/gestion-de-proyectos\/registro-de-tiempo-y-gastos\/","og_locale":"es_ES","og_type":"article","og_title":"Registro de tiempos y gastos con myPARM","og_description":"Registre los costos reales de cualquier tipo para las comparaciones de costos del proyecto y la documentaci\u00f3n del progreso.","og_url":"https:\/\/parm.com\/es\/gestion-de-proyectos\/registro-de-tiempo-y-gastos\/","og_site_name":"Parm AG","article_publisher":"https:\/\/www.facebook.com\/myparm","article_modified_time":"2026-03-23T14:13:18+00:00","og_image":[{"url":"https:\/\/parm.com\/wp-content\/uploads\/2022\/08\/Header_Zeitmanagement-1024x474.png","type":"","width":"","height":""}],"twitter_card":"summary_large_image","twitter_title":"Registro de tiempos y gastos con myPARM","twitter_description":"Registre los costos reales de cualquier tipo para las comparaciones de costos del proyecto y la documentaci\u00f3n del progreso.","twitter_image":"https:\/\/parm.com\/wp-content\/uploads\/2022\/08\/Header_Zeitmanagement-1024x474.png","schema":{"@context":"https:\/\/schema.org","@graph":[{"@type":"WebPage","@id":"https:\/\/parm.com\/es\/gestion-de-proyectos\/registro-de-tiempo-y-gastos\/","url":"https:\/\/parm.com\/es\/gestion-de-proyectos\/registro-de-tiempo-y-gastos\/","name":"Registro de tiempos y gastos con myPARM","isPartOf":{"@id":"https:\/\/parm.com\/es\/#website"},"primaryImageOfPage":{"@id":"https:\/\/parm.com\/es\/gestion-de-proyectos\/registro-de-tiempo-y-gastos\/#primaryimage"},"image":{"@id":"https:\/\/parm.com\/es\/gestion-de-proyectos\/registro-de-tiempo-y-gastos\/#primaryimage"},"thumbnailUrl":"https:\/\/parm.com\/wp-content\/uploads\/2022\/08\/Header_Zeitmanagement.png","datePublished":"2023-07-11T12:35:54+00:00","dateModified":"2026-03-23T14:13:18+00:00","description":"Con el registro de tiempo y gastos en myPARM, puede documentar costos reales de cualquier tipo para comparar costos de proyectos.","breadcrumb":{"@id":"https:\/\/parm.com\/es\/gestion-de-proyectos\/registro-de-tiempo-y-gastos\/#breadcrumb"},"inLanguage":"es","potentialAction":[{"@type":"ReadAction","target":["https:\/\/parm.com\/es\/gestion-de-proyectos\/registro-de-tiempo-y-gastos\/"]}]},{"@type":"ImageObject","inLanguage":"es","@id":"https:\/\/parm.com\/es\/gestion-de-proyectos\/registro-de-tiempo-y-gastos\/#primaryimage","url":"https:\/\/parm.com\/wp-content\/uploads\/2022\/08\/Header_Zeitmanagement.png","contentUrl":"https:\/\/parm.com\/wp-content\/uploads\/2022\/08\/Header_Zeitmanagement.png","width":1080,"height":500,"caption":"Cabecera de gesti\u00f3n del tiempo"},{"@type":"BreadcrumbList","@id":"https:\/\/parm.com\/es\/gestion-de-proyectos\/registro-de-tiempo-y-gastos\/#breadcrumb","itemListElement":[{"@type":"ListItem","position":1,"name":"Startseite","item":"https:\/\/parm.com\/es\/"},{"@type":"ListItem","position":2,"name":"Gesti\u00f3n de proyectos","item":"https:\/\/parm.com\/es\/gestion-de-proyectos\/"},{"@type":"ListItem","position":3,"name":"Registro de tiempo y gastos"}]},{"@type":"WebSite","@id":"https:\/\/parm.com\/es\/#website","url":"https:\/\/parm.com\/es\/","name":"Parm AG","description":"Successful projects. Swiss quality. Software f\u00fcr Projektmanagement","publisher":{"@id":"https:\/\/parm.com\/es\/#organization"},"alternateName":"Parm","potentialAction":[{"@type":"SearchAction","target":{"@type":"EntryPoint","urlTemplate":"https:\/\/parm.com\/es\/?s={search_term_string}"},"query-input":{"@type":"PropertyValueSpecification","valueRequired":true,"valueName":"search_term_string"}}],"inLanguage":"es"},{"@type":"Organization","@id":"https:\/\/parm.com\/es\/#organization","name":"Parm AG","alternateName":"Parm","url":"https:\/\/parm.com\/es\/","logo":{"@type":"ImageObject","inLanguage":"es","@id":"https:\/\/parm.com\/es\/#\/schema\/logo\/image\/","url":"https:\/\/parm.com\/wp-content\/uploads\/2021\/11\/Parm_Logo_blue_RGB.png","contentUrl":"https:\/\/parm.com\/wp-content\/uploads\/2021\/11\/Parm_Logo_blue_RGB.png","width":908,"height":228,"caption":"Parm AG"},"image":{"@id":"https:\/\/parm.com\/es\/#\/schema\/logo\/image\/"},"sameAs":["https:\/\/www.facebook.com\/myparm","https:\/\/www.linkedin.com\/company\/parm-ag","https:\/\/www.xing.com\/pages\/parmag"]}]}},"_links":{"self":[{"href":"https:\/\/parm.com\/es\/wp-json\/wp\/v2\/pages\/23138","targetHints":{"allow":["GET"]}}],"collection":[{"href":"https:\/\/parm.com\/es\/wp-json\/wp\/v2\/pages"}],"about":[{"href":"https:\/\/parm.com\/es\/wp-json\/wp\/v2\/types\/page"}],"author":[{"embeddable":true,"href":"https:\/\/parm.com\/es\/wp-json\/wp\/v2\/users\/1"}],"replies":[{"embeddable":true,"href":"https:\/\/parm.com\/es\/wp-json\/wp\/v2\/comments?post=23138"}],"version-history":[{"count":5,"href":"https:\/\/parm.com\/es\/wp-json\/wp\/v2\/pages\/23138\/revisions"}],"predecessor-version":[{"id":247326,"href":"https:\/\/parm.com\/es\/wp-json\/wp\/v2\/pages\/23138\/revisions\/247326"}],"up":[{"embeddable":true,"href":"https:\/\/parm.com\/es\/wp-json\/wp\/v2\/pages\/23062"}],"wp:featuredmedia":[{"embeddable":true,"href":"https:\/\/parm.com\/es\/wp-json\/wp\/v2\/media\/22815"}],"wp:attachment":[{"href":"https:\/\/parm.com\/es\/wp-json\/wp\/v2\/media?parent=23138"}],"curies":[{"name":"wp","href":"https:\/\/api.w.org\/{rel}","templated":true}]}}