{"id":23090,"date":"2023-07-11T09:47:10","date_gmt":"2023-07-11T07:47:10","guid":{"rendered":"https:\/\/parm.com\/gestion-de-proyectos\/gestion-de-la-cartera\/"},"modified":"2026-03-02T16:17:51","modified_gmt":"2026-03-02T15:17:51","slug":"gestion-de-la-cartera","status":"publish","type":"page","link":"https:\/\/parm.com\/es\/gestion-de-proyectos\/gestion-de-la-cartera\/","title":{"rendered":"Gesti\u00f3n de la cartera"},"content":{"rendered":"\n<div class=\"et_pb_section_0 et_pb_section et_section_regular et_block_section et_animated\"><div class=\"et_pb_row_0 et_pb_row et_block_row\"><div class=\"et_pb_column_0 et_pb_column et_pb_column_4_4 et-last-child et_block_column et_pb_css_mix_blend_mode_passthrough\"><div class=\"et_pb_text_0 et_pb_text et_pb_bg_layout_light et_pb_module et_block_module preset--module--divi-text--default\"><div class=\"et_pb_text_inner\" data-et-mv-hidden-phone=\"true\"><h1 style=\"text-align: left;\"><strong>Controle su estrategia comercial<br \/><span style=\"color: #c01e2b;\">Garantizar la implementaci\u00f3n y el rendimiento<\/span><\/strong><\/h1>\n<\/div><\/div><\/div><\/div><div class=\"et_pb_row_1 et_pb_row et_block_row\"><div class=\"et_pb_column_1 et_pb_column et_pb_column_3_5 et_block_column et_pb_css_mix_blend_mode_passthrough\"><div class=\"et_pb_text_1 et_pb_text et_pb_bg_layout_light et_pb_module et_block_module preset--module--divi-text--default\"><div class=\"et_pb_text_inner\"><h2>Gesti\u00f3n estrat\u00e9gica de carteras<\/h2>\n<\/div><\/div><div class=\"et_pb_blurb_0 et_pb_blurb et_pb_bg_layout_light et_pb_blurb_position_left et_pb_module et_block_module\"><div class=\"et_pb_blurb_content\"><div class=\"et_pb_main_blurb_image\"><span class=\"et_pb_image_wrap\"><span class=\"et-pb-icon\">R<\/span><\/span><\/div><div class=\"et_pb_blurb_container\"><div class=\"et_pb_blurb_description\"><p><strong>Para proyectos o productos<\/strong><\/p>\n<\/div><\/div><\/div><\/div><div class=\"et_pb_blurb_1 et_pb_blurb et_pb_bg_layout_light et_pb_blurb_position_left et_pb_module et_block_module\"><div class=\"et_pb_blurb_content\"><div class=\"et_pb_main_blurb_image\"><span class=\"et_pb_image_wrap\"><span class=\"et-pb-icon\">R<\/span><\/span><\/div><div class=\"et_pb_blurb_container\"><div class=\"et_pb_blurb_description\"><p><strong>Aplicaci\u00f3n independiente de la rama de la industria<\/strong><\/p>\n<\/div><\/div><\/div><\/div><div class=\"et_pb_blurb_2 et_pb_blurb et_pb_bg_layout_light et_pb_blurb_position_left et_pb_module et_block_module\"><div class=\"et_pb_blurb_content\"><div class=\"et_pb_main_blurb_image\"><span class=\"et_pb_image_wrap\"><span class=\"et-pb-icon\">R<\/span><\/span><\/div><div class=\"et_pb_blurb_container\"><div class=\"et_pb_blurb_description\"><p><strong>Comparaci\u00f3n de programas y portafolios<\/strong><\/p>\n<\/div><\/div><\/div><\/div><\/div><div class=\"et_pb_column_2 et_pb_column et_pb_column_2_5 et-last-child et_block_column et_pb_column_empty et_pb_css_mix_blend_mode_passthrough\"><\/div><\/div><\/div><div class=\"et_pb_section_1 et_pb_section et_section_specialty et_pb_gutters3 et_block_section\"><div class=\"et_pb_row et_block_row\"><div class=\"et_pb_column_3 et_pb_column et_pb_specialty_column et_pb_column_1_2 et_block_column et_pb_css_mix_blend_mode_passthrough\"><div class=\"et_pb_row_inner_0 et_pb_row_inner et_block_row\"><div class=\"et_pb_column_inner_0 et_pb_column_inner et_pb_column et_pb_column_4_4 et-last-child et_block_column et_pb_css_mix_blend_mode_passthrough\"><div class=\"et_pb_text_2 et_pb_text et_pb_bg_layout_light et_animated et_pb_module et_block_module preset--module--divi-text--default\"><div class=\"et_pb_text_inner\"><h2 style=\"text-align: left;\">PLANIFICACI\u00d3N<\/h2>\n<\/div><\/div><div class=\"et_pb_text_3 et_pb_text et_pb_bg_layout_light et_animated et_pb_module et_block_module et_pb_text_align_center preset--module--divi-text--default\"><div class=\"et_pb_text_inner\"><p style=\"text-align: left;\">Planifique todos los proyectos y programas dentro de su organizaci\u00f3n. Evaluar las oportunidades y riesgos de nuevas ideas, iniciativas y proyectos para tomar las decisiones correctas. Simular y priorizar en base a criterios cuantitativos y cualitativos.<\/p>\n<\/div><\/div><div class=\"et_pb_blurb_3 et_pb_blurb et_pb_bg_layout_light et_pb_text_align_center et_pb_blurb_position_left et_animated et_pb_module et_block_module\"><div class=\"et_pb_blurb_content\"><div class=\"et_pb_main_blurb_image\"><span class=\"et_pb_image_wrap\"><span class=\"et-pb-icon\">R<\/span><\/span><\/div><div class=\"et_pb_blurb_container\"><h4 class=\"et_pb_module_header\">Mapas de puntuaci\u00f3n definibles por el usuario<\/h4><div class=\"et_pb_blurb_description\"><p style=\"text-align: left;\">para evaluaci\u00f3n estrat\u00e9gica<\/p>\n<\/div><\/div><\/div><\/div><div class=\"et_pb_blurb_4 et_pb_blurb et_pb_bg_layout_light et_pb_text_align_center et_pb_blurb_position_left et_animated et_pb_module et_block_module\"><div class=\"et_pb_blurb_content\"><div class=\"et_pb_main_blurb_image\"><span class=\"et_pb_image_wrap\"><span class=\"et-pb-icon\">R<\/span><\/span><\/div><div class=\"et_pb_blurb_container\"><h4 class=\"et_pb_module_header\">Funci\u00f3n de an\u00e1lisis<\/h4><\/div><\/div><\/div><div class=\"et_pb_blurb_5 et_pb_blurb et_pb_bg_layout_light et_pb_text_align_center et_pb_blurb_position_left et_animated et_pb_module et_block_module\"><div class=\"et_pb_blurb_content\"><div class=\"et_pb_main_blurb_image\"><span class=\"et_pb_image_wrap\"><span class=\"et-pb-icon\">R<\/span><\/span><\/div><div class=\"et_pb_blurb_container\"><h4 class=\"et_pb_module_header\">Funci\u00f3n de simulaci\u00f3n<\/h4><\/div><\/div><\/div><div class=\"et_pb_blurb_6 et_pb_blurb et_pb_bg_layout_light et_pb_text_align_center et_pb_blurb_position_left et_animated et_pb_module et_block_module\"><div class=\"et_pb_blurb_content\"><div class=\"et_pb_main_blurb_image\"><span class=\"et_pb_image_wrap\"><span class=\"et-pb-icon\">R<\/span><\/span><\/div><div class=\"et_pb_blurb_container\"><h4 class=\"et_pb_module_header\">Funci\u00f3n de priorizaci\u00f3n<\/h4><\/div><\/div><\/div><\/div><\/div><\/div><div class=\"et_pb_column_4 et_pb_column et_pb_column_single et_pb_column_1_2 et-last-child et_block_column et_pb_css_mix_blend_mode_passthrough\"><div class=\"et_pb_image_0 et_pb_image et_animated et_pb_module et_block_module\"><a href=\"https:\/\/new-site.parm.com\/wp-content\/uploads\/2023\/01\/Portfolio_Management.jpg\" class=\"et_pb_lightbox_image\" alt=\"Gesti\u00f3n de carteras\"><span class=\"et_pb_image_wrap\"><img decoding=\"async\" src=\"https:\/\/new-site.parm.com\/wp-content\/uploads\/2023\/01\/Portfolio_Management.jpg\" title=\"Gesti\u00f3n_de_carteras\" alt=\"Gesti\u00f3n de carteras\" \/><\/span><\/a><\/div><\/div><\/div><\/div><div class=\"et_pb_section_2 et_pb_section et_section_specialty et_pb_gutters3 et_block_section\"><div class=\"et_pb_row et_block_row\"><div class=\"et_pb_column_5 et_pb_column et_pb_specialty_column et_pb_column_1_2 et_block_column et_pb_css_mix_blend_mode_passthrough\"><div class=\"et_pb_row_inner_1 et_pb_row_inner et_block_row\"><div class=\"et_pb_column_inner_1 et_pb_column_inner et_pb_column et_pb_column_4_4 et-last-child et_block_column et_pb_css_mix_blend_mode_passthrough\"><div class=\"et_pb_text_4 et_pb_text et_pb_bg_layout_light et_animated et_pb_module et_block_module preset--module--divi-text--default\"><div class=\"et_pb_text_inner\"><h2 style=\"text-align: left;\">EJECUTAR + CONTROLAR<\/h2>\n<\/div><\/div><div class=\"et_pb_text_5 et_pb_text et_pb_bg_layout_light et_animated et_pb_module et_block_module et_pb_text_align_center preset--module--divi-text--default\"><div class=\"et_pb_text_inner\"><p style=\"text-align: left;\">Controle su cartera en funci\u00f3n del estado actual de sus proyectos y programas.<\/p>\n<\/div><\/div><div class=\"et_pb_blurb_7 et_pb_blurb et_pb_bg_layout_light et_pb_text_align_center et_pb_blurb_position_left et_animated et_pb_module et_block_module\"><div class=\"et_pb_blurb_content\"><div class=\"et_pb_main_blurb_image\"><span class=\"et_pb_image_wrap\"><span class=\"et-pb-icon\">R<\/span><\/span><\/div><div class=\"et_pb_blurb_container\"><h4 class=\"et_pb_module_header\">Iniciar directamente medidas e iniciativas<\/h4><\/div><\/div><\/div><div class=\"et_pb_blurb_8 et_pb_blurb et_pb_bg_layout_light et_pb_text_align_center et_pb_blurb_position_left et_animated et_pb_module et_block_module\"><div class=\"et_pb_blurb_content\"><div class=\"et_pb_main_blurb_image\"><span class=\"et_pb_image_wrap\"><span class=\"et-pb-icon\">R<\/span><\/span><\/div><div class=\"et_pb_blurb_container\"><h4 class=\"et_pb_module_header\">Cuadros de mando de carteras y programas<\/h4><div class=\"et_pb_blurb_description\"><p style=\"text-align: left;\">con resumen de proyectos u objetos<\/p>\n<\/div><\/div><\/div><\/div><\/div><\/div><\/div><div class=\"et_pb_column_6 et_pb_column et_pb_column_single et_pb_column_1_2 et-last-child et_block_column et_pb_css_mix_blend_mode_passthrough\"><div class=\"et_pb_image_1 et_pb_image et_pb_module et_block_module\"><a href=\"https:\/\/new-site.parm.com\/wp-content\/uploads\/2023\/01\/Portfolio_Management_-_Timeline.jpg\" class=\"et_pb_lightbox_image\" alt=\"Gesti\u00f3n de carteras - Calendario\"><span class=\"et_pb_image_wrap\"><img decoding=\"async\" src=\"https:\/\/new-site.parm.com\/wp-content\/uploads\/2023\/01\/Portfolio_Management_-_Timeline.jpg\" title=\"Gesti\u00f3n_de_carteras_-_Timeline\" alt=\"Gesti\u00f3n de carteras - Calendario\" \/><\/span><\/a><\/div><\/div><\/div><\/div><div class=\"et_pb_section_3 et_pb_section et_section_specialty et_pb_gutters3 et_block_section\"><div class=\"et_pb_row et_block_row\"><div class=\"et_pb_column_7 et_pb_column et_pb_specialty_column et_pb_column_1_2 et_block_column et_pb_css_mix_blend_mode_passthrough\"><div class=\"et_pb_row_inner_2 et_pb_row_inner et_block_row\"><div class=\"et_pb_column_inner_2 et_pb_column_inner et_pb_column et_pb_column_4_4 et-last-child et_block_column et_pb_css_mix_blend_mode_passthrough\"><div class=\"et_pb_text_6 et_pb_text et_pb_bg_layout_light et_animated et_pb_module et_block_module preset--module--divi-text--default\"><div class=\"et_pb_text_inner\"><h2 style=\"text-align: left;\">EVALUAR<\/h2>\n<\/div><\/div><div class=\"et_pb_text_7 et_pb_text et_pb_bg_layout_light et_animated et_pb_module et_block_module et_pb_text_align_center preset--module--divi-text--default\"><div class=\"et_pb_text_inner\"><p style=\"text-align: left;\">Controle sus carteras en t\u00e9rminos de rendimiento y cumplimiento de objetivos. Compara indicadores operativos y estrat\u00e9gicos en m\u00faltiples dimensiones.<\/p>\n<\/div><\/div><div class=\"et_pb_blurb_9 et_pb_blurb et_pb_bg_layout_light et_pb_text_align_center et_pb_blurb_position_left et_animated et_pb_module et_block_module\"><div class=\"et_pb_blurb_content\"><div class=\"et_pb_main_blurb_image\"><span class=\"et_pb_image_wrap\"><span class=\"et-pb-icon\">R<\/span><\/span><\/div><div class=\"et_pb_blurb_container\"><h4 class=\"et_pb_module_header\">Mapas de puntuaci\u00f3n definibles por el usuario<\/h4><div class=\"et_pb_blurb_description\"><p style=\"text-align: left;\">cualitativo y cuantitativo<\/p>\n<\/div><\/div><\/div><\/div><div class=\"et_pb_blurb_10 et_pb_blurb et_pb_bg_layout_light et_pb_text_align_center et_pb_blurb_position_left et_animated et_pb_module et_block_module\"><div class=\"et_pb_blurb_content\"><div class=\"et_pb_main_blurb_image\"><span class=\"et_pb_image_wrap\"><span class=\"et-pb-icon\">R<\/span><\/span><\/div><div class=\"et_pb_blurb_container\"><h4 class=\"et_pb_module_header\">Mostrar<\/h4><div class=\"et_pb_blurb_description\"><p style=\"text-align: left;\">libremente configurable basado en la matriz BCG<\/p>\n<\/div><\/div><\/div><\/div><div class=\"et_pb_blurb_11 et_pb_blurb et_pb_bg_layout_light et_pb_blurb_position_left et_animated et_pb_module et_block_module\"><div class=\"et_pb_blurb_content\"><div class=\"et_pb_main_blurb_image\"><span class=\"et_pb_image_wrap\"><span class=\"et-pb-icon\">R<\/span><\/span><\/div><div class=\"et_pb_blurb_container\"><h4 class=\"et_pb_module_header\">Informes<\/h4><\/div><\/div><\/div><div class=\"et_pb_blurb_12 et_pb_blurb et_pb_bg_layout_light et_pb_text_align_center et_pb_blurb_position_left et_animated et_pb_module et_block_module\"><div class=\"et_pb_blurb_content\"><div class=\"et_pb_main_blurb_image\"><span class=\"et_pb_image_wrap\"><span class=\"et-pb-icon\">R<\/span><\/span><\/div><div class=\"et_pb_blurb_container\"><h4 class=\"et_pb_module_header\">Exportaci\u00f3n de datos<\/h4><div class=\"et_pb_blurb_description\"><p style=\"text-align: left;\">en formatos comunes como Excel, PPT, Word, PDF, XML, etc.<\/p>\n<\/div><\/div><\/div><\/div><div class=\"et_pb_blurb_13 et_pb_blurb et_pb_bg_layout_light et_pb_blurb_position_left et_animated et_pb_module et_block_module\"><div class=\"et_pb_blurb_content\"><div class=\"et_pb_main_blurb_image\"><span class=\"et_pb_image_wrap\"><span class=\"et-pb-icon\">R<\/span><\/span><\/div><div class=\"et_pb_blurb_container\"><h4 class=\"et_pb_module_header\">Interfaces est\u00e1ndar<\/h4><div class=\"et_pb_blurb_description\"><p>para la importaci\u00f3n de datos, p. de MS Project, Primavera, Excel, CSV<\/p>\n<\/div><\/div><\/div><\/div><\/div><\/div><\/div><div class=\"et_pb_column_8 et_pb_column et_pb_column_single et_pb_column_1_2 et-last-child et_block_column et_pb_css_mix_blend_mode_passthrough\"><div class=\"et_pb_image_2 et_pb_image et_animated et_pb_module et_block_module\"><a href=\"https:\/\/new-site.parm.com\/wp-content\/uploads\/2023\/01\/Portfolio_Management_-_Financial_Control.jpg\" class=\"et_pb_lightbox_image\" alt=\"Gesti\u00f3n de carteras - Financial_Control\"><span class=\"et_pb_image_wrap\"><img decoding=\"async\" src=\"https:\/\/new-site.parm.com\/wp-content\/uploads\/2023\/01\/Portfolio_Management_-_Financial_Control.jpg\" title=\"Gesti\u00f3n_de_carteras_-Control_financiero\" alt=\"Gesti\u00f3n de carteras - Financial_Control\" \/><\/span><\/a><\/div><\/div><\/div><\/div><div class=\"et_pb_section_4 et_pb_section et_section_regular et_block_section\"><div class=\"et_pb_row_2 et_pb_row et_block_row\"><div class=\"et_pb_column_9 et_pb_column et_pb_column_4_4 et-last-child et_block_column et_pb_css_mix_blend_mode_passthrough\"><div class=\"et_pb_code_0 et_pb_code et_pb_module\"><div class=\"et_pb_code_inner\"><!-- Calendly Badge-Widget Beginn -->\n<link href=\"https:\/\/assets.calendly.com\/assets\/external\/widget.css\" rel=\"stylesheet\">\n<script src=\"https:\/\/assets.calendly.com\/assets\/external\/widget.js\" type=\"text\/javascript\"><\/script>\n<script type=\"text\/javascript\">Calendly.initBadgeWidget({ url: 'https:\/\/calendly.com\/d\/ymv-ffv-cqx', text: 'Termin vereinbaren', color: '#00a2ff', textColor: '#ffffff', branding: false });<\/script>\n<!-- Calendly Badge-Widget Ende -->\n<\/div><\/div><\/div><\/div><\/div>\n","protected":false},"excerpt":{"rendered":"<p>Apoye la planificaci\u00f3n de todos los proyectos y programas dentro de su organizaci\u00f3n con funciones de an\u00e1lisis, simulaci\u00f3n y priorizaci\u00f3n. Controla y monitorea tu cartera en base al estado actual.<\/p>\n","protected":false},"author":1,"featured_media":22808,"parent":23062,"menu_order":0,"comment_status":"closed","ping_status":"closed","template":"","meta":{"footnotes":""},"class_list":["post-23090","page","type-page","status-publish","has-post-thumbnail","hentry"],"yoast_head":"<!-- This site is optimized with the Yoast SEO plugin v27.5 - https:\/\/yoast.com\/product\/yoast-seo-wordpress\/ -->\n<title>Gesti\u00f3n de carteras con el software de gesti\u00f3n de proyectos myPARM<\/title>\n<meta name=\"description\" content=\"Planificaci\u00f3n y control de todos los proyectos y programas con funciones de an\u00e1lisis, simulaci\u00f3n y priorizaci\u00f3n.\" \/>\n<meta name=\"robots\" content=\"index, follow, max-snippet:-1, max-image-preview:large, max-video-preview:-1\" \/>\n<link rel=\"canonical\" href=\"https:\/\/parm.com\/es\/gestion-de-proyectos\/gestion-de-la-cartera\/\" \/>\n<meta property=\"og:locale\" content=\"es_ES\" \/>\n<meta property=\"og:type\" content=\"article\" \/>\n<meta property=\"og:title\" content=\"Gesti\u00f3n de carteras con el software de gesti\u00f3n de proyectos myPARM\" \/>\n<meta property=\"og:description\" content=\"Apoye la planificaci\u00f3n de todos los proyectos y programas dentro de su organizaci\u00f3n con funciones de an\u00e1lisis, simulaci\u00f3n y priorizaci\u00f3n. Controla y monitorea tu cartera en base al estado actual.\" \/>\n<meta property=\"og:url\" content=\"https:\/\/parm.com\/es\/gestion-de-proyectos\/gestion-de-la-cartera\/\" \/>\n<meta property=\"og:site_name\" content=\"Parm AG\" \/>\n<meta property=\"article:publisher\" content=\"https:\/\/www.facebook.com\/myparm\" \/>\n<meta property=\"article:modified_time\" content=\"2026-03-02T15:17:51+00:00\" \/>\n<meta property=\"og:image\" content=\"https:\/\/parm.com\/wp-content\/uploads\/2022\/08\/Header_Portfoliomanagement-1024x474.png\" \/>\n<meta name=\"twitter:card\" content=\"summary_large_image\" \/>\n<meta name=\"twitter:title\" content=\"Gesti\u00f3n de carteras con el software de gesti\u00f3n de proyectos myPARM\" \/>\n<meta name=\"twitter:description\" content=\"Apoye la planificaci\u00f3n de todos los proyectos y programas dentro de su organizaci\u00f3n con funciones de an\u00e1lisis, simulaci\u00f3n y priorizaci\u00f3n. Controla y monitorea tu cartera en base al estado actual.\" \/>\n<meta name=\"twitter:image\" content=\"https:\/\/parm.com\/wp-content\/uploads\/2022\/08\/Header_Portfoliomanagement-1024x474.png\" \/>\n<script type=\"application\/ld+json\" class=\"yoast-schema-graph\">{\"@context\":\"https:\\\/\\\/schema.org\",\"@graph\":[{\"@type\":\"WebPage\",\"@id\":\"https:\\\/\\\/parm.com\\\/es\\\/gestion-de-proyectos\\\/gestion-de-la-cartera\\\/\",\"url\":\"https:\\\/\\\/parm.com\\\/es\\\/gestion-de-proyectos\\\/gestion-de-la-cartera\\\/\",\"name\":\"Gesti\u00f3n de carteras con el software de gesti\u00f3n de proyectos myPARM\",\"isPartOf\":{\"@id\":\"https:\\\/\\\/parm.com\\\/es\\\/#website\"},\"primaryImageOfPage\":{\"@id\":\"https:\\\/\\\/parm.com\\\/es\\\/gestion-de-proyectos\\\/gestion-de-la-cartera\\\/#primaryimage\"},\"image\":{\"@id\":\"https:\\\/\\\/parm.com\\\/es\\\/gestion-de-proyectos\\\/gestion-de-la-cartera\\\/#primaryimage\"},\"thumbnailUrl\":\"https:\\\/\\\/parm.com\\\/wp-content\\\/uploads\\\/2022\\\/08\\\/Header_Portfoliomanagement.png\",\"datePublished\":\"2023-07-11T07:47:10+00:00\",\"dateModified\":\"2026-03-02T15:17:51+00:00\",\"description\":\"Planificaci\u00f3n y control de todos los proyectos y programas con funciones de an\u00e1lisis, simulaci\u00f3n y priorizaci\u00f3n.\",\"breadcrumb\":{\"@id\":\"https:\\\/\\\/parm.com\\\/es\\\/gestion-de-proyectos\\\/gestion-de-la-cartera\\\/#breadcrumb\"},\"inLanguage\":\"es\",\"potentialAction\":[{\"@type\":\"ReadAction\",\"target\":[\"https:\\\/\\\/parm.com\\\/es\\\/gestion-de-proyectos\\\/gestion-de-la-cartera\\\/\"]}]},{\"@type\":\"ImageObject\",\"inLanguage\":\"es\",\"@id\":\"https:\\\/\\\/parm.com\\\/es\\\/gestion-de-proyectos\\\/gestion-de-la-cartera\\\/#primaryimage\",\"url\":\"https:\\\/\\\/parm.com\\\/wp-content\\\/uploads\\\/2022\\\/08\\\/Header_Portfoliomanagement.png\",\"contentUrl\":\"https:\\\/\\\/parm.com\\\/wp-content\\\/uploads\\\/2022\\\/08\\\/Header_Portfoliomanagement.png\",\"width\":1080,\"height\":500,\"caption\":\"Header Portfoliomanagement\"},{\"@type\":\"BreadcrumbList\",\"@id\":\"https:\\\/\\\/parm.com\\\/es\\\/gestion-de-proyectos\\\/gestion-de-la-cartera\\\/#breadcrumb\",\"itemListElement\":[{\"@type\":\"ListItem\",\"position\":1,\"name\":\"Startseite\",\"item\":\"https:\\\/\\\/parm.com\\\/es\\\/\"},{\"@type\":\"ListItem\",\"position\":2,\"name\":\"Gesti\u00f3n de proyectos\",\"item\":\"https:\\\/\\\/parm.com\\\/es\\\/gestion-de-proyectos\\\/\"},{\"@type\":\"ListItem\",\"position\":3,\"name\":\"Gesti\u00f3n de la cartera\"}]},{\"@type\":\"WebSite\",\"@id\":\"https:\\\/\\\/parm.com\\\/es\\\/#website\",\"url\":\"https:\\\/\\\/parm.com\\\/es\\\/\",\"name\":\"Parm AG\",\"description\":\"Successful projects. Swiss quality. Software f\u00fcr Projektmanagement\",\"publisher\":{\"@id\":\"https:\\\/\\\/parm.com\\\/es\\\/#organization\"},\"alternateName\":\"Parm\",\"potentialAction\":[{\"@type\":\"SearchAction\",\"target\":{\"@type\":\"EntryPoint\",\"urlTemplate\":\"https:\\\/\\\/parm.com\\\/es\\\/?s={search_term_string}\"},\"query-input\":{\"@type\":\"PropertyValueSpecification\",\"valueRequired\":true,\"valueName\":\"search_term_string\"}}],\"inLanguage\":\"es\"},{\"@type\":\"Organization\",\"@id\":\"https:\\\/\\\/parm.com\\\/es\\\/#organization\",\"name\":\"Parm AG\",\"alternateName\":\"Parm\",\"url\":\"https:\\\/\\\/parm.com\\\/es\\\/\",\"logo\":{\"@type\":\"ImageObject\",\"inLanguage\":\"es\",\"@id\":\"https:\\\/\\\/parm.com\\\/es\\\/#\\\/schema\\\/logo\\\/image\\\/\",\"url\":\"https:\\\/\\\/parm.com\\\/wp-content\\\/uploads\\\/2021\\\/11\\\/Parm_Logo_blue_RGB.png\",\"contentUrl\":\"https:\\\/\\\/parm.com\\\/wp-content\\\/uploads\\\/2021\\\/11\\\/Parm_Logo_blue_RGB.png\",\"width\":908,\"height\":228,\"caption\":\"Parm AG\"},\"image\":{\"@id\":\"https:\\\/\\\/parm.com\\\/es\\\/#\\\/schema\\\/logo\\\/image\\\/\"},\"sameAs\":[\"https:\\\/\\\/www.facebook.com\\\/myparm\",\"https:\\\/\\\/www.linkedin.com\\\/company\\\/parm-ag\",\"https:\\\/\\\/www.xing.com\\\/pages\\\/parmag\"]}]}<\/script>\n<!-- \/ Yoast SEO plugin. -->","yoast_head_json":{"title":"Gesti\u00f3n de carteras con el software de gesti\u00f3n de proyectos myPARM","description":"Planificaci\u00f3n y control de todos los proyectos y programas con funciones de an\u00e1lisis, simulaci\u00f3n y priorizaci\u00f3n.","robots":{"index":"index","follow":"follow","max-snippet":"max-snippet:-1","max-image-preview":"max-image-preview:large","max-video-preview":"max-video-preview:-1"},"canonical":"https:\/\/parm.com\/es\/gestion-de-proyectos\/gestion-de-la-cartera\/","og_locale":"es_ES","og_type":"article","og_title":"Gesti\u00f3n de carteras con el software de gesti\u00f3n de proyectos myPARM","og_description":"Apoye la planificaci\u00f3n de todos los proyectos y programas dentro de su organizaci\u00f3n con funciones de an\u00e1lisis, simulaci\u00f3n y priorizaci\u00f3n. Controla y monitorea tu cartera en base al estado actual.","og_url":"https:\/\/parm.com\/es\/gestion-de-proyectos\/gestion-de-la-cartera\/","og_site_name":"Parm AG","article_publisher":"https:\/\/www.facebook.com\/myparm","article_modified_time":"2026-03-02T15:17:51+00:00","og_image":[{"url":"https:\/\/parm.com\/wp-content\/uploads\/2022\/08\/Header_Portfoliomanagement-1024x474.png","type":"","width":"","height":""}],"twitter_card":"summary_large_image","twitter_title":"Gesti\u00f3n de carteras con el software de gesti\u00f3n de proyectos myPARM","twitter_description":"Apoye la planificaci\u00f3n de todos los proyectos y programas dentro de su organizaci\u00f3n con funciones de an\u00e1lisis, simulaci\u00f3n y priorizaci\u00f3n. Controla y monitorea tu cartera en base al estado actual.","twitter_image":"https:\/\/parm.com\/wp-content\/uploads\/2022\/08\/Header_Portfoliomanagement-1024x474.png","schema":{"@context":"https:\/\/schema.org","@graph":[{"@type":"WebPage","@id":"https:\/\/parm.com\/es\/gestion-de-proyectos\/gestion-de-la-cartera\/","url":"https:\/\/parm.com\/es\/gestion-de-proyectos\/gestion-de-la-cartera\/","name":"Gesti\u00f3n de carteras con el software de gesti\u00f3n de proyectos myPARM","isPartOf":{"@id":"https:\/\/parm.com\/es\/#website"},"primaryImageOfPage":{"@id":"https:\/\/parm.com\/es\/gestion-de-proyectos\/gestion-de-la-cartera\/#primaryimage"},"image":{"@id":"https:\/\/parm.com\/es\/gestion-de-proyectos\/gestion-de-la-cartera\/#primaryimage"},"thumbnailUrl":"https:\/\/parm.com\/wp-content\/uploads\/2022\/08\/Header_Portfoliomanagement.png","datePublished":"2023-07-11T07:47:10+00:00","dateModified":"2026-03-02T15:17:51+00:00","description":"Planificaci\u00f3n y control de todos los proyectos y programas con funciones de an\u00e1lisis, simulaci\u00f3n y priorizaci\u00f3n.","breadcrumb":{"@id":"https:\/\/parm.com\/es\/gestion-de-proyectos\/gestion-de-la-cartera\/#breadcrumb"},"inLanguage":"es","potentialAction":[{"@type":"ReadAction","target":["https:\/\/parm.com\/es\/gestion-de-proyectos\/gestion-de-la-cartera\/"]}]},{"@type":"ImageObject","inLanguage":"es","@id":"https:\/\/parm.com\/es\/gestion-de-proyectos\/gestion-de-la-cartera\/#primaryimage","url":"https:\/\/parm.com\/wp-content\/uploads\/2022\/08\/Header_Portfoliomanagement.png","contentUrl":"https:\/\/parm.com\/wp-content\/uploads\/2022\/08\/Header_Portfoliomanagement.png","width":1080,"height":500,"caption":"Header Portfoliomanagement"},{"@type":"BreadcrumbList","@id":"https:\/\/parm.com\/es\/gestion-de-proyectos\/gestion-de-la-cartera\/#breadcrumb","itemListElement":[{"@type":"ListItem","position":1,"name":"Startseite","item":"https:\/\/parm.com\/es\/"},{"@type":"ListItem","position":2,"name":"Gesti\u00f3n de proyectos","item":"https:\/\/parm.com\/es\/gestion-de-proyectos\/"},{"@type":"ListItem","position":3,"name":"Gesti\u00f3n de la cartera"}]},{"@type":"WebSite","@id":"https:\/\/parm.com\/es\/#website","url":"https:\/\/parm.com\/es\/","name":"Parm AG","description":"Successful projects. Swiss quality. Software f\u00fcr Projektmanagement","publisher":{"@id":"https:\/\/parm.com\/es\/#organization"},"alternateName":"Parm","potentialAction":[{"@type":"SearchAction","target":{"@type":"EntryPoint","urlTemplate":"https:\/\/parm.com\/es\/?s={search_term_string}"},"query-input":{"@type":"PropertyValueSpecification","valueRequired":true,"valueName":"search_term_string"}}],"inLanguage":"es"},{"@type":"Organization","@id":"https:\/\/parm.com\/es\/#organization","name":"Parm AG","alternateName":"Parm","url":"https:\/\/parm.com\/es\/","logo":{"@type":"ImageObject","inLanguage":"es","@id":"https:\/\/parm.com\/es\/#\/schema\/logo\/image\/","url":"https:\/\/parm.com\/wp-content\/uploads\/2021\/11\/Parm_Logo_blue_RGB.png","contentUrl":"https:\/\/parm.com\/wp-content\/uploads\/2021\/11\/Parm_Logo_blue_RGB.png","width":908,"height":228,"caption":"Parm AG"},"image":{"@id":"https:\/\/parm.com\/es\/#\/schema\/logo\/image\/"},"sameAs":["https:\/\/www.facebook.com\/myparm","https:\/\/www.linkedin.com\/company\/parm-ag","https:\/\/www.xing.com\/pages\/parmag"]}]}},"_links":{"self":[{"href":"https:\/\/parm.com\/es\/wp-json\/wp\/v2\/pages\/23090","targetHints":{"allow":["GET"]}}],"collection":[{"href":"https:\/\/parm.com\/es\/wp-json\/wp\/v2\/pages"}],"about":[{"href":"https:\/\/parm.com\/es\/wp-json\/wp\/v2\/types\/page"}],"author":[{"embeddable":true,"href":"https:\/\/parm.com\/es\/wp-json\/wp\/v2\/users\/1"}],"replies":[{"embeddable":true,"href":"https:\/\/parm.com\/es\/wp-json\/wp\/v2\/comments?post=23090"}],"version-history":[{"count":1,"href":"https:\/\/parm.com\/es\/wp-json\/wp\/v2\/pages\/23090\/revisions"}],"predecessor-version":[{"id":246114,"href":"https:\/\/parm.com\/es\/wp-json\/wp\/v2\/pages\/23090\/revisions\/246114"}],"up":[{"embeddable":true,"href":"https:\/\/parm.com\/es\/wp-json\/wp\/v2\/pages\/23062"}],"wp:featuredmedia":[{"embeddable":true,"href":"https:\/\/parm.com\/es\/wp-json\/wp\/v2\/media\/22808"}],"wp:attachment":[{"href":"https:\/\/parm.com\/es\/wp-json\/wp\/v2\/media?parent=23090"}],"curies":[{"name":"wp","href":"https:\/\/api.w.org\/{rel}","templated":true}]}}